{"id":422133,"date":"2024-12-05T13:37:02","date_gmt":"2024-12-05T12:37:02","guid":{"rendered":"https:\/\/www.vdhurk.nl\/?page_id=422133"},"modified":"2024-12-05T13:37:02","modified_gmt":"2024-12-05T12:37:02","slug":"proace","status":"publish","type":"page","link":"https:\/\/www.vdhurk.nl\/fr\/toyota-bedrijfswagens\/proace\/","title":{"rendered":"Toyota Proace"},"content":{"rendered":"<section  class='av_textblock_section av-lu8gnh7d-4ac895489941e586c1d7c8cb72318135'  itemscope=\"itemscope\" itemtype=\"https:\/\/schema.org\/CreativeWork\" ><div class='avia_textblock'  itemprop=\"text\" ><h1>D\u00e9couvrez tout ce que vous voulez savoir sur la Toyota Proace d'occasion<\/h1>\n<p>Vous \u00eates \u00e0 la recherche d'un v\u00e9hicule commercial fiable et polyvalent qui aidera votre entreprise \u00e0 aller de l'avant ? Le v\u00e9hicule d'occasion Toyota Proace est le pr\u00e9f\u00e9r\u00e9 des chefs d'entreprise depuis des ann\u00e9es, et ce pour de bonnes raisons. Gr\u00e2ce \u00e0 sa flexibilit\u00e9 et \u00e0 sa fiabilit\u00e9, c'est le v\u00e9hicule d'entreprise qui peut faire face \u00e0 n'importe quelle t\u00e2che. Vous vous demandez pourquoi ? Lisez la suite et d\u00e9couvrez ce que le Toyota Proace peut faire pour votre entreprise.<\/p>\n<\/div><\/section>\n\n<style type=\"text\/css\" data-created_by=\"avia_inline_auto\" id=\"style-css-av-lujjddpd-afa3d7a9eabd61123e643ed1228e781e\">\n#top .hr.hr-invisible.av-lujjddpd-afa3d7a9eabd61123e643ed1228e781e{\nheight:50px;\n}\n<\/style>\n<div  class='hr av-lujjddpd-afa3d7a9eabd61123e643ed1228e781e hr-invisible  avia-builder-el-1  el_after_av_textblock  el_before_av_codeblock'><span class='hr-inner'><span class=\"hr-inner-style\"><\/span><\/span><\/div>\n\n\n<style type=\"text\/css\" data-created_by=\"avia_inline_auto\" id=\"style-css-av-ah0xd-63338d9dc6b40410e22a712829c369d6\">\n#top .hr.hr-invisible.av-ah0xd-63338d9dc6b40410e22a712829c369d6{\nheight:50px;\n}\n<\/style>\n<div  class='hr av-ah0xd-63338d9dc6b40410e22a712829c369d6 hr-invisible  avia-builder-el-3  el_after_av_codeblock  el_before_av_textblock'><span class='hr-inner'><span class=\"hr-inner-style\"><\/span><\/span><\/div>\n<section  class='av_textblock_section av-lu8gow1e-300853e458ed741bd87d6cb78e55cc7a'  itemscope=\"itemscope\" itemtype=\"https:\/\/schema.org\/CreativeWork\" ><div class='avia_textblock'  itemprop=\"text\" ><h2>Sp\u00e9cifications et caract\u00e9ristiques<\/h2>\n<p>Le Toyota Proace est un v\u00e9hicule utilitaire polyvalent qui r\u00e9pond bien aux besoins des chefs d'entreprise. Avec un coffre spacieux et une capacit\u00e9 de charge utile \u00e9lev\u00e9e, ce mod\u00e8le convient \u00e0 tous les types de travaux. Sous le capot se trouve un moteur diesel 4 cylindres puissant et efficace, qui non seulement assure des performances fiables mais contribue \u00e9galement \u00e0 r\u00e9duire la consommation de carburant. Le Proace est donc un choix rentable \u00e0 long terme. Vous vous occupez r\u00e9guli\u00e8rement du transport de personnes ? Dans ce cas, le Toyota Proace est un excellent choix. Pouvant accueillir jusqu'\u00e0 9 passagers, ce mod\u00e8le est id\u00e9al pour le transport de groupes. Le niveau de confort est \u00e9lev\u00e9, de sorte que le conducteur et les passagers voyagent toujours de mani\u00e8re d\u00e9tendue et confortable.<\/p>\n<\/div><\/section>\n<div class='flex_column av-f64w1-da126f42b61613402309283c14245a25 av_one_half  avia-builder-el-5  el_after_av_textblock  el_before_av_one_third  first flex_column_div column-top-margin'   ><section  class='av_textblock_section av-lu8gpqre-73cc2c17e6a6497ba6e1b58af22bd9e8'  itemscope=\"itemscope\" itemtype=\"https:\/\/schema.org\/CreativeWork\" ><div class='avia_textblock'  itemprop=\"text\" ><h2>Diff\u00e9rentes versions<\/h2>\n<p>Le Toyota Proace offre tout ce que vous recherchez dans un v\u00e9hicule utilitaire : polyvalence, fiabilit\u00e9 et adaptabilit\u00e9. Avec un choix de diff\u00e9rentes longueurs et configurations, il y a toujours un mod\u00e8le qui r\u00e9pond parfaitement aux besoins de votre entreprise. Vous avez besoin d'une version compacte et agile pour vos d\u00e9placements quotidiens en ville ? Ou recherchez-vous une version spacieuse pour transporter efficacement de grandes charges ? Quels que soient vos besoins, le Toyota Proace s'adapte sans effort \u00e0 votre activit\u00e9. Avec le Proace, vous choisissez une voiture de soci\u00e9t\u00e9 qui est non seulement pr\u00eate \u00e0 relever tous les d\u00e9fis, mais aussi un partenaire fiable dans la r\u00e9ussite de votre entreprise.<\/p>\n<\/div><\/section><\/div><div class='flex_column av-aldk9-ee694297f5c4032981677a02caab84d6 av_one_third  avia-builder-el-7  el_after_av_one_half  el_before_av_hr  flex_column_div column-top-margin'   ><style type=\"text\/css\" data-created_by=\"avia_inline_auto\" id=\"style-css-av-l1w9kpsf-4ec3fab772ec7a9adaa33cfc64ff0475\">\n.avia-image-container.av-l1w9kpsf-4ec3fab772ec7a9adaa33cfc64ff0475 .av-image-caption-overlay-center{\ncolor:#ffffff;\n}\n<\/style>\n<div  class='avia-image-container av-l1w9kpsf-4ec3fab772ec7a9adaa33cfc64ff0475 av-styling- avia-align-center  avia-builder-el-8  avia-builder-el-no-sibling'  itemprop=\"image\" itemscope=\"itemscope\" itemtype=\"https:\/\/schema.org\/ImageObject\" ><div class=\"avia-image-container-inner\"><div class=\"avia-image-overlay-wrap\"><img decoding=\"async\" class='wp-image-187 avia-img-lazy-loading-not-187 avia_image' src=\"https:\/\/www.vdhurk.nl\/wp-content\/uploads\/2022\/03\/Voorrad.png\" alt='' title='Stock'  height=\"758\" width=\"1135\"  itemprop=\"thumbnailUrl\" srcset=\"https:\/\/www.vdhurk.nl\/wp-content\/uploads\/2022\/03\/Voorrad.png 1135w, https:\/\/www.vdhurk.nl\/wp-content\/uploads\/2022\/03\/Voorrad-300x200.png 300w, https:\/\/www.vdhurk.nl\/wp-content\/uploads\/2022\/03\/Voorrad-1030x688.png 1030w, https:\/\/www.vdhurk.nl\/wp-content\/uploads\/2022\/03\/Voorrad-768x513.png 768w, https:\/\/www.vdhurk.nl\/wp-content\/uploads\/2022\/03\/Voorrad-18x12.png 18w, https:\/\/www.vdhurk.nl\/wp-content\/uploads\/2022\/03\/Voorrad-705x471.png 705w\" sizes=\"(max-width: 1135px) 100vw, 1135px\" \/><\/div><\/div><\/div><\/div><\/p>\n\n<style type=\"text\/css\" data-created_by=\"avia_inline_auto\" id=\"style-css-av-luqrjpjc-5a23a1fb5f94718ca85316a9df963e2f\">\n#top .hr.hr-invisible.av-luqrjpjc-5a23a1fb5f94718ca85316a9df963e2f{\nheight:50px;\n}\n<\/style>\n<div  class='hr av-luqrjpjc-5a23a1fb5f94718ca85316a9df963e2f hr-invisible  avia-builder-el-9  el_after_av_one_third  el_before_av_textblock'><span class='hr-inner'><span class=\"hr-inner-style\"><\/span><\/span><\/div>\n<section  class='av_textblock_section av-lu8gtjw7-4f3cee9304909518d86d2860d9d582dd'  itemscope=\"itemscope\" itemtype=\"https:\/\/schema.org\/CreativeWork\" ><div class='avia_textblock'  itemprop=\"text\" ><h2>Quel est le prix d'une Toyota Proace ?<\/h2>\n<p>Les prix des v\u00e9hicules utilitaires Toyota Proace varient car notre gamme comprend \u00e0 la fois des mod\u00e8les Toyota Proace simples et des versions enti\u00e8rement \u00e9quip\u00e9es. Cette vari\u00e9t\u00e9 d'options signifie qu'il y a toujours un v\u00e9hicule disponible pour r\u00e9pondre \u00e0 vos besoins sp\u00e9cifiques et \u00e0 votre budget. Quoi que vous recherchiez, vous trouverez toujours une solution adapt\u00e9e chez nous.<\/p>\n<h2>Acheter ou louer un Toyota Proace ?<\/h2>\n<p>Outre la possibilit\u00e9 d'acheter un v\u00e9hicule utilitaire, le leasing d'un Toyota Proace est \u00e9galement une option. Avec le leasing financier, vous devenez progressivement propri\u00e9taire du v\u00e9hicule utilitaire. Vous payez un montant fixe par mois. \u00c0 la fin du contrat de location, vous \u00eates pleinement propri\u00e9taire du v\u00e9hicule.<\/p>\n<h2>Trouvez la voiture de soci\u00e9t\u00e9 id\u00e9ale<\/h2>\n<p>Vous avez trouv\u00e9 un Toyota Proace d'occasion ou neuf qui correspond parfaitement \u00e0 vos besoins professionnels ? Ou vous souhaitez plus d'informations pour faire le bon choix ? En tant que concessionnaire Toyota Proace, nous sommes heureux de vous aider dans votre d\u00e9marche. Jetez un coup d'\u0153il \u00e0 notre <a href=\"https:\/\/www.vdhurk.nl\/fr\/vehicules-commerciaux\/\">offre actuelle<\/a> Ou contactez-nous.<\/p>\n<\/div><\/section>","protected":false},"excerpt":{"rendered":"","protected":false},"author":3,"featured_media":0,"parent":398333,"menu_order":0,"comment_status":"closed","ping_status":"closed","template":"","meta":{"_acf_changed":false,"_improvement_type_select":"improve_an_existing","_thumb_yes_seoaic":false,"_frame_yes_seoaic":false,"seoaic_generate_description":"","seoaic_improve_instructions_prompt":"","seoaic_rollback_content_improvement":"","seoaic_idea_thumbnail_generator":"","thumbnail_generated":false,"thumbnail_generate_prompt":"","seoaic_article_description":"","footnotes":""},"class_list":["post-422133","page","type-page","status-publish","hentry"],"acf":[],"yoast_head":"<!-- This site is optimized with the Yoast SEO plugin v27.5 - https:\/\/yoast.com\/product\/yoast-seo-wordpress\/ -->\n<title>Op zoek naar een Toyota Proace occasion?<\/title>\n<meta name=\"description\" content=\"Ontdek de Toyota Proace occasion: een veelzijdige, betrouwbare bedrijfswagen die elke klus klaart. Perfect voor jouw onderneming. Bekijk ons aanbod!\" \/>\n<meta name=\"robots\" content=\"index, follow, max-snippet:-1, max-image-preview:large, max-video-preview:-1\" \/>\n<link rel=\"canonical\" href=\"https:\/\/www.vdhurk.nl\/fr\/vehicules-commerciaux-toyota\/proace\/\" \/>\n<meta property=\"og:locale\" content=\"fr_FR\" \/>\n<meta property=\"og:type\" content=\"article\" \/>\n<meta property=\"og:title\" content=\"Op zoek naar een Toyota Proace occasion?\" \/>\n<meta property=\"og:description\" content=\"Ontdek de Toyota Proace occasion: een veelzijdige, betrouwbare bedrijfswagen die elke klus klaart. Perfect voor jouw onderneming. Bekijk ons aanbod!\" \/>\n<meta property=\"og:url\" content=\"https:\/\/www.vdhurk.nl\/fr\/vehicules-commerciaux-toyota\/proace\/\" \/>\n<meta property=\"og:site_name\" content=\"Van den Hurk Bedrijfswagens\" \/>\n<meta name=\"twitter:card\" content=\"summary_large_image\" \/>\n<meta name=\"twitter:label1\" content=\"Dur\u00e9e de lecture estim\u00e9e\" \/>\n\t<meta name=\"twitter:data1\" content=\"4 minutes\" \/>\n<script type=\"application\/ld+json\" class=\"yoast-schema-graph\">{\"@context\":\"https:\\\/\\\/schema.org\",\"@graph\":[{\"@type\":\"WebPage\",\"@id\":\"https:\\\/\\\/www.vdhurk.nl\\\/toyota-bedrijfswagens\\\/proace\\\/\",\"url\":\"https:\\\/\\\/www.vdhurk.nl\\\/toyota-bedrijfswagens\\\/proace\\\/\",\"name\":\"Op zoek naar een Toyota Proace occasion?\",\"isPartOf\":{\"@id\":\"https:\\\/\\\/www.vdhurk.nl\\\/#website\"},\"datePublished\":\"2024-12-05T12:37:02+00:00\",\"description\":\"Ontdek de Toyota Proace occasion: een veelzijdige, betrouwbare bedrijfswagen die elke klus klaart. Perfect voor jouw onderneming. Bekijk ons aanbod!\",\"breadcrumb\":{\"@id\":\"https:\\\/\\\/www.vdhurk.nl\\\/toyota-bedrijfswagens\\\/proace\\\/#breadcrumb\"},\"inLanguage\":\"fr-FR\",\"potentialAction\":[{\"@type\":\"ReadAction\",\"target\":[\"https:\\\/\\\/www.vdhurk.nl\\\/toyota-bedrijfswagens\\\/proace\\\/\"]}]},{\"@type\":\"BreadcrumbList\",\"@id\":\"https:\\\/\\\/www.vdhurk.nl\\\/toyota-bedrijfswagens\\\/proace\\\/#breadcrumb\",\"itemListElement\":[{\"@type\":\"ListItem\",\"position\":1,\"name\":\"Home\",\"item\":\"https:\\\/\\\/www.vdhurk.nl\\\/home\\\/\"},{\"@type\":\"ListItem\",\"position\":2,\"name\":\"Toyota Bedrijfswagens\",\"item\":\"https:\\\/\\\/www.vdhurk.nl\\\/toyota-bedrijfswagens\\\/\"},{\"@type\":\"ListItem\",\"position\":3,\"name\":\"Toyota Proace\"}]},{\"@type\":\"WebSite\",\"@id\":\"https:\\\/\\\/www.vdhurk.nl\\\/#website\",\"url\":\"https:\\\/\\\/www.vdhurk.nl\\\/\",\"name\":\"Van den Hurk Bedrijfswagens\",\"description\":\"Van den Hurk bedrijfswagens Helmond\",\"potentialAction\":[{\"@type\":\"SearchAction\",\"target\":{\"@type\":\"EntryPoint\",\"urlTemplate\":\"https:\\\/\\\/www.vdhurk.nl\\\/?s={search_term_string}\"},\"query-input\":{\"@type\":\"PropertyValueSpecification\",\"valueRequired\":true,\"valueName\":\"search_term_string\"}}],\"inLanguage\":\"fr-FR\"}]}<\/script>\n<!-- \/ Yoast SEO plugin. -->","yoast_head_json":{"title":"Vous cherchez une voiture d'occasion de Toyota Proace ?","description":"D\u00e9couvrez le Toyota Proace occasion : un v\u00e9hicule commercial polyvalent et fiable qui permet d'accomplir n'importe quelle t\u00e2che. Parfait pour votre entreprise. Consultez notre offre !","robots":{"index":"index","follow":"follow","max-snippet":"max-snippet:-1","max-image-preview":"max-image-preview:large","max-video-preview":"max-video-preview:-1"},"canonical":"https:\/\/www.vdhurk.nl\/fr\/vehicules-commerciaux-toyota\/proace\/","og_locale":"fr_FR","og_type":"article","og_title":"Op zoek naar een Toyota Proace occasion?","og_description":"Ontdek de Toyota Proace occasion: een veelzijdige, betrouwbare bedrijfswagen die elke klus klaart. Perfect voor jouw onderneming. Bekijk ons aanbod!","og_url":"https:\/\/www.vdhurk.nl\/fr\/vehicules-commerciaux-toyota\/proace\/","og_site_name":"Van den Hurk Bedrijfswagens","twitter_card":"summary_large_image","twitter_misc":{"Dur\u00e9e de lecture estim\u00e9e":"4 minutes"},"schema":{"@context":"https:\/\/schema.org","@graph":[{"@type":"WebPage","@id":"https:\/\/www.vdhurk.nl\/toyota-bedrijfswagens\/proace\/","url":"https:\/\/www.vdhurk.nl\/toyota-bedrijfswagens\/proace\/","name":"Vous cherchez une voiture d'occasion de Toyota Proace ?","isPartOf":{"@id":"https:\/\/www.vdhurk.nl\/#website"},"datePublished":"2024-12-05T12:37:02+00:00","description":"D\u00e9couvrez le Toyota Proace occasion : un v\u00e9hicule commercial polyvalent et fiable qui permet d'accomplir n'importe quelle t\u00e2che. Parfait pour votre entreprise. Consultez notre offre !","breadcrumb":{"@id":"https:\/\/www.vdhurk.nl\/toyota-bedrijfswagens\/proace\/#breadcrumb"},"inLanguage":"fr-FR","potentialAction":[{"@type":"ReadAction","target":["https:\/\/www.vdhurk.nl\/toyota-bedrijfswagens\/proace\/"]}]},{"@type":"BreadcrumbList","@id":"https:\/\/www.vdhurk.nl\/toyota-bedrijfswagens\/proace\/#breadcrumb","itemListElement":[{"@type":"ListItem","position":1,"name":"Home","item":"https:\/\/www.vdhurk.nl\/home\/"},{"@type":"ListItem","position":2,"name":"Toyota Bedrijfswagens","item":"https:\/\/www.vdhurk.nl\/toyota-bedrijfswagens\/"},{"@type":"ListItem","position":3,"name":"Toyota Proace"}]},{"@type":"WebSite","@id":"https:\/\/www.vdhurk.nl\/#website","url":"https:\/\/www.vdhurk.nl\/","name":"V\u00e9hicules utilitaires Van den Hurk","description":"V\u00e9hicules utilitaires Van den Hurk Helmond","potentialAction":[{"@type":"SearchAction","target":{"@type":"EntryPoint","urlTemplate":"https:\/\/www.vdhurk.nl\/?s={search_term_string}"},"query-input":{"@type":"PropertyValueSpecification","valueRequired":true,"valueName":"search_term_string"}}],"inLanguage":"fr-FR"}]}},"_links":{"self":[{"href":"https:\/\/www.vdhurk.nl\/fr\/wp-json\/wp\/v2\/pages\/422133","targetHints":{"allow":["GET"]}}],"collection":[{"href":"https:\/\/www.vdhurk.nl\/fr\/wp-json\/wp\/v2\/pages"}],"about":[{"href":"https:\/\/www.vdhurk.nl\/fr\/wp-json\/wp\/v2\/types\/page"}],"author":[{"embeddable":true,"href":"https:\/\/www.vdhurk.nl\/fr\/wp-json\/wp\/v2\/users\/3"}],"replies":[{"embeddable":true,"href":"https:\/\/www.vdhurk.nl\/fr\/wp-json\/wp\/v2\/comments?post=422133"}],"version-history":[{"count":1,"href":"https:\/\/www.vdhurk.nl\/fr\/wp-json\/wp\/v2\/pages\/422133\/revisions"}],"predecessor-version":[{"id":422181,"href":"https:\/\/www.vdhurk.nl\/fr\/wp-json\/wp\/v2\/pages\/422133\/revisions\/422181"}],"up":[{"embeddable":true,"href":"https:\/\/www.vdhurk.nl\/fr\/wp-json\/wp\/v2\/pages\/398333"}],"wp:attachment":[{"href":"https:\/\/www.vdhurk.nl\/fr\/wp-json\/wp\/v2\/media?parent=422133"}],"curies":[{"name":"wp","href":"https:\/\/api.w.org\/{rel}","templated":true}]}}