{"id":422128,"date":"2024-12-05T13:10:35","date_gmt":"2024-12-05T12:10:35","guid":{"rendered":"https:\/\/www.vdhurk.nl\/?page_id=422128"},"modified":"2024-12-05T13:17:53","modified_gmt":"2024-12-05T12:17:53","slug":"maitre","status":"publish","type":"page","link":"https:\/\/www.vdhurk.nl\/fr\/renault-bedrijfswagens\/master\/","title":{"rendered":"Renault Master"},"content":{"rendered":"<section  class='av_textblock_section av-lu8gnh7d-4ac895489941e586c1d7c8cb72318135'  itemscope=\"itemscope\" itemtype=\"https:\/\/schema.org\/CreativeWork\" ><div class='avia_textblock'  itemprop=\"text\" ><h1>Vous cherchez un v\u00e9hicule d'occasion de marque Renault Master ?<\/h1>\n<p>Vous avez besoin d'un nouveau v\u00e9hicule utilitaire pour votre entreprise ? Le Renault Master occasion est un choix judicieux. Les mod\u00e8les Renault Master sont tr\u00e8s appr\u00e9ci\u00e9s des utilisateurs professionnels, et ce pour de bonnes raisons. Vous voulez en savoir plus sur ce que ce v\u00e9hicule utilitaire a \u00e0 offrir ? Lisez la suite et d\u00e9couvrez s'il s'agit du mod\u00e8le id\u00e9al pour vous.<\/p>\n<\/div><\/section>\n\n<style type=\"text\/css\" data-created_by=\"avia_inline_auto\" id=\"style-css-av-lujjddpd-afa3d7a9eabd61123e643ed1228e781e\">\n#top .hr.hr-invisible.av-lujjddpd-afa3d7a9eabd61123e643ed1228e781e{\nheight:50px;\n}\n<\/style>\n<div  class='hr av-lujjddpd-afa3d7a9eabd61123e643ed1228e781e hr-invisible  avia-builder-el-1  el_after_av_textblock  el_before_av_codeblock'><span class='hr-inner'><span class=\"hr-inner-style\"><\/span><\/span><\/div>\n\n\n<style type=\"text\/css\" data-created_by=\"avia_inline_auto\" id=\"style-css-av-ah0xd-63338d9dc6b40410e22a712829c369d6\">\n#top .hr.hr-invisible.av-ah0xd-63338d9dc6b40410e22a712829c369d6{\nheight:50px;\n}\n<\/style>\n<div  class='hr av-ah0xd-63338d9dc6b40410e22a712829c369d6 hr-invisible  avia-builder-el-3  el_after_av_codeblock  el_before_av_textblock'><span class='hr-inner'><span class=\"hr-inner-style\"><\/span><\/span><\/div>\n<section  class='av_textblock_section av-lu8gow1e-300853e458ed741bd87d6cb78e55cc7a'  itemscope=\"itemscope\" itemtype=\"https:\/\/schema.org\/CreativeWork\" ><div class='avia_textblock'  itemprop=\"text\" ><h2>Caract\u00e9ristiques du Renault Master<\/h2>\n<p><a href=\"https:\/\/www.vdhurk.nl\/fr\/renault-commercial-vehicles\/\">V\u00e9hicule utilitaire Renault<\/a> sont r\u00e9put\u00e9s pour leur fiabilit\u00e9, et le Master ne fait pas exception. Ce v\u00e9hicule utilitaire puissant et compact offre des options de stockage polyvalentes, ce qui vous permet d'emporter facilement toutes vos fournitures sur n'importe quel chantier. Avec une charge utile et un poids de remorquage \u00e9lev\u00e9s, le Renault Master est con\u00e7u pour soutenir votre entreprise dans tous les d\u00e9fis. Gr\u00e2ce \u00e0 sa conception robuste, ce v\u00e9hicule utilitaire offre une flexibilit\u00e9 maximale. En outre, une grande attention a \u00e9t\u00e9 port\u00e9e au confort, \u00e0 la s\u00e9curit\u00e9 et \u00e0 l'efficacit\u00e9, ce qui rend chaque trajet \u00e0 la fois productif et agr\u00e9able. D\u00e9couvrez comment le Renault Master est votre partenaire id\u00e9al sur la route.<\/p>\n<\/div><\/section>\n<div class='flex_column av-f64w1-da126f42b61613402309283c14245a25 av_one_half  avia-builder-el-5  el_after_av_textblock  el_before_av_one_third  first flex_column_div column-top-margin'   ><section  class='av_textblock_section av-lu8gpqre-73cc2c17e6a6497ba6e1b58af22bd9e8'  itemscope=\"itemscope\" itemtype=\"https:\/\/schema.org\/CreativeWork\" ><div class='avia_textblock'  itemprop=\"text\" ><h2>Diff\u00e9rentes versions<\/h2>\n<p>Le Renault Master est disponible en plusieurs versions, vous trouverez donc toujours un mod\u00e8le qui r\u00e9pond parfaitement \u00e0 vos besoins. Vous avez le choix entre diff\u00e9rentes ann\u00e9es de construction, diff\u00e9rents kilom\u00e9trages et diff\u00e9rentes configurations. Qu'il s'agisse d'un fourgon ferm\u00e9 ou d'un mod\u00e8le \u00e0 cabine simple ou double, Renault Master offre de nombreuses possibilit\u00e9s. Gr\u00e2ce \u00e0 cette polyvalence, Renault Master est id\u00e9al pour des secteurs tels que la construction, le transport de personnes et le transport. De plus, vous pouvez choisir entre une version \u00e0 bo\u00eete de vitesses manuelle et une version \u00e0 bo\u00eete de vitesses automatique, ce qui vous permet de toujours rouler dans le confort. Avec autant d'options, il est difficile de faire le bon choix. Besoin d'aide ou de plus d'informations ? N'h\u00e9sitez pas \u00e0 contacter <a href=\"https:\/\/www.vdhurk.nl\/fr\/contacter\/\">contacter<\/a> inclure.<\/p>\n<\/div><\/section><\/div>\n<div class='flex_column av-aldk9-ee694297f5c4032981677a02caab84d6 av_one_third  avia-builder-el-7  el_after_av_one_half  el_before_av_hr  flex_column_div column-top-margin'   ><style type=\"text\/css\" data-created_by=\"avia_inline_auto\" id=\"style-css-av-l1w9kpsf-4ec3fab772ec7a9adaa33cfc64ff0475\">\n.avia-image-container.av-l1w9kpsf-4ec3fab772ec7a9adaa33cfc64ff0475 .av-image-caption-overlay-center{\ncolor:#ffffff;\n}\n<\/style>\n<div  class='avia-image-container av-l1w9kpsf-4ec3fab772ec7a9adaa33cfc64ff0475 av-styling- avia-align-center  avia-builder-el-8  avia-builder-el-no-sibling'  itemprop=\"image\" itemscope=\"itemscope\" itemtype=\"https:\/\/schema.org\/ImageObject\" ><div class=\"avia-image-container-inner\"><div class=\"avia-image-overlay-wrap\"><img decoding=\"async\" class='wp-image-187 avia-img-lazy-loading-not-187 avia_image' src=\"https:\/\/www.vdhurk.nl\/wp-content\/uploads\/2022\/03\/Voorrad.png\" alt='' title='Stock'  height=\"758\" width=\"1135\"  itemprop=\"thumbnailUrl\" srcset=\"https:\/\/www.vdhurk.nl\/wp-content\/uploads\/2022\/03\/Voorrad.png 1135w, https:\/\/www.vdhurk.nl\/wp-content\/uploads\/2022\/03\/Voorrad-300x200.png 300w, https:\/\/www.vdhurk.nl\/wp-content\/uploads\/2022\/03\/Voorrad-1030x688.png 1030w, https:\/\/www.vdhurk.nl\/wp-content\/uploads\/2022\/03\/Voorrad-768x513.png 768w, https:\/\/www.vdhurk.nl\/wp-content\/uploads\/2022\/03\/Voorrad-18x12.png 18w, https:\/\/www.vdhurk.nl\/wp-content\/uploads\/2022\/03\/Voorrad-705x471.png 705w\" sizes=\"(max-width: 1135px) 100vw, 1135px\" \/><\/div><\/div><\/div><\/div>\n\n<style type=\"text\/css\" data-created_by=\"avia_inline_auto\" id=\"style-css-av-luqrjpjc-5a23a1fb5f94718ca85316a9df963e2f\">\n#top .hr.hr-invisible.av-luqrjpjc-5a23a1fb5f94718ca85316a9df963e2f{\nheight:50px;\n}\n<\/style>\n<div  class='hr av-luqrjpjc-5a23a1fb5f94718ca85316a9df963e2f hr-invisible  avia-builder-el-9  el_after_av_one_third  el_before_av_textblock'><span class='hr-inner'><span class=\"hr-inner-style\"><\/span><\/span><\/div>\n<section  class='av_textblock_section av-lu8gtjw7-4f3cee9304909518d86d2860d9d582dd'  itemscope=\"itemscope\" itemtype=\"https:\/\/schema.org\/CreativeWork\" ><div class='avia_textblock'  itemprop=\"text\" ><h2>Dans quelle gamme de prix se situe le Renault Master ?<\/h2>\n<p>Les prix d'un Renault Master varient en fonction de la version et de l'\u00e9quipement. Notre offre s'\u00e9tend des versions pratiques et basiques aux mod\u00e8les enti\u00e8rement \u00e9quip\u00e9s avec toutes les options possibles et imaginables. Que vous recherchiez un mod\u00e8le simple qui corresponde \u00e0 votre budget ou une version luxueuse qui r\u00e9ponde \u00e0 tous vos besoins, vous trouverez toujours chez nous un v\u00e9hicule utilitaire adapt\u00e9 \u00e0 vos besoins et \u00e0 votre porte-monnaie.<\/p>\n<h2>Leasing d'une Renault Master<\/h2>\n<p>Vous envisagez d'acheter un Renault Master ? Dans ce cas, vous avez le choix entre plusieurs modes de paiement. Vous pr\u00e9f\u00e9rez payer en une seule fois ou \u00e9taler le co\u00fbt ? Avec le cr\u00e9dit-bail, vous ne devez pas faire un gros investissement en une seule fois. Vous remboursez le v\u00e9hicule utilitaire en plusieurs fois, tout en l'utilisant imm\u00e9diatement. Et le meilleur ? D\u00e8s la fin du contrat de location, vous \u00eates l'heureux propri\u00e9taire de votre propre Renault Master. C'est ainsi que vous combinez flexibilit\u00e9 et choix financiers intelligents.<\/p>\n<h2>Trouvez la voiture de soci\u00e9t\u00e9 id\u00e9ale<\/h2>\n<p>Vous achetez un Renault Master d'occasion ou neuf ? Vous voulez en savoir plus sur ce qui correspond aux besoins de votre entreprise ? Nous serons heureux de vous aider \u00e0 faire le bon choix. Voir le site <a href=\"https:\/\/www.vdhurk.nl\/fr\/vehicules-commerciaux\/\">notre offre actuelle<\/a> ou contactez-nous. En tant que concessionnaire Renault Master, nous sommes heureux de vous aider \u00e0 trouver le v\u00e9hicule utilitaire id\u00e9al.<\/p>\n<\/div><\/section>","protected":false},"excerpt":{"rendered":"","protected":false},"author":3,"featured_media":0,"parent":372057,"menu_order":0,"comment_status":"closed","ping_status":"closed","template":"","meta":{"_acf_changed":false,"_improvement_type_select":"improve_an_existing","_thumb_yes_seoaic":false,"_frame_yes_seoaic":false,"seoaic_generate_description":"","seoaic_improve_instructions_prompt":"","seoaic_rollback_content_improvement":"","seoaic_idea_thumbnail_generator":"","thumbnail_generated":false,"thumbnail_generate_prompt":"","seoaic_article_description":"","footnotes":""},"class_list":["post-422128","page","type-page","status-publish","hentry"],"acf":[],"yoast_head":"<!-- This site is optimized with the Yoast SEO plugin v27.5 - https:\/\/yoast.com\/product\/yoast-seo-wordpress\/ -->\n<title>Koop een Renault Master occasion<\/title>\n<meta name=\"description\" content=\"Een betrouwbaar bedrijfsvoertuig kopen? Ontdek alle specificaties en voordelen van de Renault Master occasion en bekijk het aanbod.\" \/>\n<meta name=\"robots\" content=\"index, follow, max-snippet:-1, max-image-preview:large, max-video-preview:-1\" \/>\n<link rel=\"canonical\" href=\"https:\/\/www.vdhurk.nl\/fr\/renault-commercial-vehicles\/maitre\/\" \/>\n<meta property=\"og:locale\" content=\"fr_FR\" \/>\n<meta property=\"og:type\" content=\"article\" \/>\n<meta property=\"og:title\" content=\"Koop een Renault Master occasion\" \/>\n<meta property=\"og:description\" content=\"Een betrouwbaar bedrijfsvoertuig kopen? Ontdek alle specificaties en voordelen van de Renault Master occasion en bekijk het aanbod.\" \/>\n<meta property=\"og:url\" content=\"https:\/\/www.vdhurk.nl\/fr\/renault-commercial-vehicles\/maitre\/\" \/>\n<meta property=\"og:site_name\" content=\"Van den Hurk Bedrijfswagens\" \/>\n<meta property=\"article:modified_time\" content=\"2024-12-05T12:17:53+00:00\" \/>\n<meta name=\"twitter:card\" content=\"summary_large_image\" \/>\n<meta name=\"twitter:label1\" content=\"Dur\u00e9e de lecture estim\u00e9e\" \/>\n\t<meta name=\"twitter:data1\" content=\"4 minutes\" \/>\n<script type=\"application\/ld+json\" class=\"yoast-schema-graph\">{\"@context\":\"https:\\\/\\\/schema.org\",\"@graph\":[{\"@type\":\"WebPage\",\"@id\":\"https:\\\/\\\/www.vdhurk.nl\\\/renault-bedrijfswagens\\\/master\\\/\",\"url\":\"https:\\\/\\\/www.vdhurk.nl\\\/renault-bedrijfswagens\\\/master\\\/\",\"name\":\"Koop een Renault Master occasion\",\"isPartOf\":{\"@id\":\"https:\\\/\\\/www.vdhurk.nl\\\/#website\"},\"datePublished\":\"2024-12-05T12:10:35+00:00\",\"dateModified\":\"2024-12-05T12:17:53+00:00\",\"description\":\"Een betrouwbaar bedrijfsvoertuig kopen? Ontdek alle specificaties en voordelen van de Renault Master occasion en bekijk het aanbod.\",\"breadcrumb\":{\"@id\":\"https:\\\/\\\/www.vdhurk.nl\\\/renault-bedrijfswagens\\\/master\\\/#breadcrumb\"},\"inLanguage\":\"fr-FR\",\"potentialAction\":[{\"@type\":\"ReadAction\",\"target\":[\"https:\\\/\\\/www.vdhurk.nl\\\/renault-bedrijfswagens\\\/master\\\/\"]}]},{\"@type\":\"BreadcrumbList\",\"@id\":\"https:\\\/\\\/www.vdhurk.nl\\\/renault-bedrijfswagens\\\/master\\\/#breadcrumb\",\"itemListElement\":[{\"@type\":\"ListItem\",\"position\":1,\"name\":\"Home\",\"item\":\"https:\\\/\\\/www.vdhurk.nl\\\/home\\\/\"},{\"@type\":\"ListItem\",\"position\":2,\"name\":\"Renault Bedrijfswagens\",\"item\":\"https:\\\/\\\/www.vdhurk.nl\\\/renault-bedrijfswagens\\\/\"},{\"@type\":\"ListItem\",\"position\":3,\"name\":\"Renault Master\"}]},{\"@type\":\"WebSite\",\"@id\":\"https:\\\/\\\/www.vdhurk.nl\\\/#website\",\"url\":\"https:\\\/\\\/www.vdhurk.nl\\\/\",\"name\":\"Van den Hurk Bedrijfswagens\",\"description\":\"Van den Hurk bedrijfswagens Helmond\",\"potentialAction\":[{\"@type\":\"SearchAction\",\"target\":{\"@type\":\"EntryPoint\",\"urlTemplate\":\"https:\\\/\\\/www.vdhurk.nl\\\/?s={search_term_string}\"},\"query-input\":{\"@type\":\"PropertyValueSpecification\",\"valueRequired\":true,\"valueName\":\"search_term_string\"}}],\"inLanguage\":\"fr-FR\"}]}<\/script>\n<!-- \/ Yoast SEO plugin. -->","yoast_head_json":{"title":"Acheter un v\u00e9hicule d'occasion Renault Master","description":"Vous achetez un v\u00e9hicule utilitaire fiable ? D\u00e9couvrez toutes les sp\u00e9cifications et les avantages du Renault Master occasion et parcourez la gamme.","robots":{"index":"index","follow":"follow","max-snippet":"max-snippet:-1","max-image-preview":"max-image-preview:large","max-video-preview":"max-video-preview:-1"},"canonical":"https:\/\/www.vdhurk.nl\/fr\/renault-commercial-vehicles\/maitre\/","og_locale":"fr_FR","og_type":"article","og_title":"Koop een Renault Master occasion","og_description":"Een betrouwbaar bedrijfsvoertuig kopen? Ontdek alle specificaties en voordelen van de Renault Master occasion en bekijk het aanbod.","og_url":"https:\/\/www.vdhurk.nl\/fr\/renault-commercial-vehicles\/maitre\/","og_site_name":"Van den Hurk Bedrijfswagens","article_modified_time":"2024-12-05T12:17:53+00:00","twitter_card":"summary_large_image","twitter_misc":{"Dur\u00e9e de lecture estim\u00e9e":"4 minutes"},"schema":{"@context":"https:\/\/schema.org","@graph":[{"@type":"WebPage","@id":"https:\/\/www.vdhurk.nl\/renault-bedrijfswagens\/master\/","url":"https:\/\/www.vdhurk.nl\/renault-bedrijfswagens\/master\/","name":"Acheter un v\u00e9hicule d'occasion Renault Master","isPartOf":{"@id":"https:\/\/www.vdhurk.nl\/#website"},"datePublished":"2024-12-05T12:10:35+00:00","dateModified":"2024-12-05T12:17:53+00:00","description":"Vous achetez un v\u00e9hicule utilitaire fiable ? D\u00e9couvrez toutes les sp\u00e9cifications et les avantages du Renault Master occasion et parcourez la gamme.","breadcrumb":{"@id":"https:\/\/www.vdhurk.nl\/renault-bedrijfswagens\/master\/#breadcrumb"},"inLanguage":"fr-FR","potentialAction":[{"@type":"ReadAction","target":["https:\/\/www.vdhurk.nl\/renault-bedrijfswagens\/master\/"]}]},{"@type":"BreadcrumbList","@id":"https:\/\/www.vdhurk.nl\/renault-bedrijfswagens\/master\/#breadcrumb","itemListElement":[{"@type":"ListItem","position":1,"name":"Home","item":"https:\/\/www.vdhurk.nl\/home\/"},{"@type":"ListItem","position":2,"name":"Renault Bedrijfswagens","item":"https:\/\/www.vdhurk.nl\/renault-bedrijfswagens\/"},{"@type":"ListItem","position":3,"name":"Renault Master"}]},{"@type":"WebSite","@id":"https:\/\/www.vdhurk.nl\/#website","url":"https:\/\/www.vdhurk.nl\/","name":"V\u00e9hicules utilitaires Van den Hurk","description":"V\u00e9hicules utilitaires Van den Hurk Helmond","potentialAction":[{"@type":"SearchAction","target":{"@type":"EntryPoint","urlTemplate":"https:\/\/www.vdhurk.nl\/?s={search_term_string}"},"query-input":{"@type":"PropertyValueSpecification","valueRequired":true,"valueName":"search_term_string"}}],"inLanguage":"fr-FR"}]}},"_links":{"self":[{"href":"https:\/\/www.vdhurk.nl\/fr\/wp-json\/wp\/v2\/pages\/422128","targetHints":{"allow":["GET"]}}],"collection":[{"href":"https:\/\/www.vdhurk.nl\/fr\/wp-json\/wp\/v2\/pages"}],"about":[{"href":"https:\/\/www.vdhurk.nl\/fr\/wp-json\/wp\/v2\/types\/page"}],"author":[{"embeddable":true,"href":"https:\/\/www.vdhurk.nl\/fr\/wp-json\/wp\/v2\/users\/3"}],"replies":[{"embeddable":true,"href":"https:\/\/www.vdhurk.nl\/fr\/wp-json\/wp\/v2\/comments?post=422128"}],"version-history":[{"count":4,"href":"https:\/\/www.vdhurk.nl\/fr\/wp-json\/wp\/v2\/pages\/422128\/revisions"}],"predecessor-version":[{"id":422132,"href":"https:\/\/www.vdhurk.nl\/fr\/wp-json\/wp\/v2\/pages\/422128\/revisions\/422132"}],"up":[{"embeddable":true,"href":"https:\/\/www.vdhurk.nl\/fr\/wp-json\/wp\/v2\/pages\/372057"}],"wp:attachment":[{"href":"https:\/\/www.vdhurk.nl\/fr\/wp-json\/wp\/v2\/media?parent=422128"}],"curies":[{"name":"wp","href":"https:\/\/api.w.org\/{rel}","templated":true}]}}