{"id":422100,"date":"2024-12-05T12:17:00","date_gmt":"2024-12-05T11:17:00","guid":{"rendered":"https:\/\/www.vdhurk.nl\/?page_id=422100"},"modified":"2024-12-05T12:17:00","modified_gmt":"2024-12-05T11:17:00","slug":"vivaro","status":"publish","type":"page","link":"https:\/\/www.vdhurk.nl\/fr\/opel-bedrijfswagens\/vivaro\/","title":{"rendered":"Ouvrir le Vivaro"},"content":{"rendered":"<section  class='av_textblock_section av-lu8gnh7d-4ac895489941e586c1d7c8cb72318135'  itemscope=\"itemscope\" itemtype=\"https:\/\/schema.org\/CreativeWork\" ><div class='avia_textblock'  itemprop=\"text\" ><h1>Acheter Vauxhall Vivaro occasion ?<\/h1>\n<p>Vous avez besoin d'un v\u00e9hicule fiable ? Alors pensez \u00e0 une Opel Vivaro d'occasion. Ce v\u00e9hicule commercial est fiable, polyvalent et tr\u00e8s populaire parmi les utilisateurs professionnels. Ce v\u00e9hicule commercial est le bon choix pour ceux qui recherchent un v\u00e9hicule commercial efficace et durable. Lisez tout sur ce mod\u00e8le populaire et d\u00e9couvrez s'il r\u00e9pond aux besoins de votre entreprise.<\/p>\n<\/div><\/section>\n\n<style type=\"text\/css\" data-created_by=\"avia_inline_auto\" id=\"style-css-av-lujjddpd-afa3d7a9eabd61123e643ed1228e781e\">\n#top .hr.hr-invisible.av-lujjddpd-afa3d7a9eabd61123e643ed1228e781e{\nheight:50px;\n}\n<\/style>\n<div  class='hr av-lujjddpd-afa3d7a9eabd61123e643ed1228e781e hr-invisible  avia-builder-el-1  el_after_av_textblock  el_before_av_codeblock'><span class='hr-inner'><span class=\"hr-inner-style\"><\/span><\/span><\/div>\n\n\n<style type=\"text\/css\" data-created_by=\"avia_inline_auto\" id=\"style-css-av-ah0xd-63338d9dc6b40410e22a712829c369d6\">\n#top .hr.hr-invisible.av-ah0xd-63338d9dc6b40410e22a712829c369d6{\nheight:50px;\n}\n<\/style>\n<div  class='hr av-ah0xd-63338d9dc6b40410e22a712829c369d6 hr-invisible  avia-builder-el-3  el_after_av_codeblock  el_before_av_textblock'><span class='hr-inner'><span class=\"hr-inner-style\"><\/span><\/span><\/div>\n<section  class='av_textblock_section av-lu8gow1e-300853e458ed741bd87d6cb78e55cc7a'  itemscope=\"itemscope\" itemtype=\"https:\/\/schema.org\/CreativeWork\" ><div class='avia_textblock'  itemprop=\"text\" ><h2>Opel Vivaro d'occasion : d\u00e9couvrez les avantages de ce mod\u00e8le<\/h2>\n<p>Comme d'autres <a href=\"https:\/\/www.vdhurk.nl\/fr\/vehicules-utilitaires-vauxhall\/\">V\u00e9hicules utilitaires Opel<\/a> dans plusieurs domaines, ce qui en fait un choix populaire parmi les utilisateurs professionnels :<\/p>\n<ul>\n<li><strong>Caract\u00e9ristiques de s\u00e9curit\u00e9 :<\/strong> Avec ce mod\u00e8le, votre s\u00e9curit\u00e9 passe avant tout. Avec des syst\u00e8mes avanc\u00e9s tels que l'assistance au maintien de la trajectoire, le syst\u00e8me de freinage d'urgence et les capteurs de stationnement, vous \u00eates assur\u00e9 de rouler en toute s\u00e9curit\u00e9.<\/li>\n<li><strong>Int\u00e9rieur spacieux<\/strong>L'int\u00e9rieur du Vivaro n'est pas seulement confortable pour vous et vos passagers, il est aussi tr\u00e8s pratique. Gr\u00e2ce \u00e0 des options de rangement astucieuses, vous pouvez facilement organiser vos outils ou autres n\u00e9cessit\u00e9s.<\/li>\n<li><strong>Diff\u00e9rentes longueurs de chargement :<\/strong> ce mod\u00e8le s'adapte sans effort \u00e0 vos besoins de transport. Vous avez le choix entre diff\u00e9rentes longueurs de chargement, qui conviennent aussi bien aux petits colis qu'aux grandes charges. Vous avez ainsi toujours la bonne solution \u00e0 port\u00e9e de main.<\/li>\n<li><strong>Performance efficace du moteur :<\/strong> Avec l'Opel Vivaro, vous choisissez l'efficacit\u00e9 et la durabilit\u00e9. Les moteurs \u00e0 haut rendement \u00e9nerg\u00e9tique r\u00e9duisent la consommation de carburant et les \u00e9missions, ce qui est positif pour l'environnement et votre portefeuille.<\/li>\n<\/ul>\n<p>Bref, beaucoup d'avantages \u00e0 choisir un Opel Vivaro.<\/p>\n<\/div><\/section>\n<div class='flex_column av-f64w1-da126f42b61613402309283c14245a25 av_one_half  avia-builder-el-5  el_after_av_textblock  el_before_av_one_third  first flex_column_div column-top-margin'   ><section  class='av_textblock_section av-lu8gpqre-73cc2c17e6a6497ba6e1b58af22bd9e8'  itemscope=\"itemscope\" itemtype=\"https:\/\/schema.org\/CreativeWork\" ><div class='avia_textblock'  itemprop=\"text\" ><h2>Quelle est la r\u00e9putation de l'Opel Vivaro ?<\/h2>\n<p>Le Vauxhall Vivaro est un fourgon polyvalent de taille moyenne, disponible en plusieurs versions. Que vous ayez besoin d'effectuer des transports importants ou des d\u00e9placements professionnels quotidiens, le Vivaro s'adapte sans effort \u00e0 vos besoins. L'un de ses principaux atouts est sa conception conviviale : les portes arri\u00e8re s'ouvrent tr\u00e8s largement, ce qui facilite le chargement et le d\u00e9chargement. L'int\u00e9rieur est \u00e9galement con\u00e7u dans un souci de praticit\u00e9. Gr\u00e2ce \u00e0 ses mat\u00e9riaux robustes, le Vivaro peut r\u00e9sister \u00e0 une utilisation intensive, vous garantissant un partenaire durable et fiable pour votre travail.<\/p>\n<\/div><\/section><\/div><div class='flex_column av-aldk9-ee694297f5c4032981677a02caab84d6 av_one_third  avia-builder-el-7  el_after_av_one_half  el_before_av_hr  flex_column_div column-top-margin'   ><style type=\"text\/css\" data-created_by=\"avia_inline_auto\" id=\"style-css-av-l1w9kpsf-4ec3fab772ec7a9adaa33cfc64ff0475\">\n.avia-image-container.av-l1w9kpsf-4ec3fab772ec7a9adaa33cfc64ff0475 .av-image-caption-overlay-center{\ncolor:#ffffff;\n}\n<\/style>\n<div  class='avia-image-container av-l1w9kpsf-4ec3fab772ec7a9adaa33cfc64ff0475 av-styling- avia-align-center  avia-builder-el-8  avia-builder-el-no-sibling'  itemprop=\"image\" itemscope=\"itemscope\" itemtype=\"https:\/\/schema.org\/ImageObject\" ><div class=\"avia-image-container-inner\"><div class=\"avia-image-overlay-wrap\"><img decoding=\"async\" class='wp-image-187 avia-img-lazy-loading-not-187 avia_image' src=\"https:\/\/www.vdhurk.nl\/wp-content\/uploads\/2022\/03\/Voorrad.png\" alt='' title='Stock'  height=\"758\" width=\"1135\"  itemprop=\"thumbnailUrl\" srcset=\"https:\/\/www.vdhurk.nl\/wp-content\/uploads\/2022\/03\/Voorrad.png 1135w, https:\/\/www.vdhurk.nl\/wp-content\/uploads\/2022\/03\/Voorrad-300x200.png 300w, https:\/\/www.vdhurk.nl\/wp-content\/uploads\/2022\/03\/Voorrad-1030x688.png 1030w, https:\/\/www.vdhurk.nl\/wp-content\/uploads\/2022\/03\/Voorrad-768x513.png 768w, https:\/\/www.vdhurk.nl\/wp-content\/uploads\/2022\/03\/Voorrad-18x12.png 18w, https:\/\/www.vdhurk.nl\/wp-content\/uploads\/2022\/03\/Voorrad-705x471.png 705w\" sizes=\"(max-width: 1135px) 100vw, 1135px\" \/><\/div><\/div><\/div><\/div><\/p>\n\n<style type=\"text\/css\" data-created_by=\"avia_inline_auto\" id=\"style-css-av-luqrjpjc-5a23a1fb5f94718ca85316a9df963e2f\">\n#top .hr.hr-invisible.av-luqrjpjc-5a23a1fb5f94718ca85316a9df963e2f{\nheight:50px;\n}\n<\/style>\n<div  class='hr av-luqrjpjc-5a23a1fb5f94718ca85316a9df963e2f hr-invisible  avia-builder-el-9  el_after_av_one_third  el_before_av_textblock'><span class='hr-inner'><span class=\"hr-inner-style\"><\/span><\/span><\/div>\n<section  class='av_textblock_section av-lu8gtjw7-4f3cee9304909518d86d2860d9d582dd'  itemscope=\"itemscope\" itemtype=\"https:\/\/schema.org\/CreativeWork\" ><div class='avia_textblock'  itemprop=\"text\" ><h2>Quel est le prix d'un Opel Vivaro ?<\/h2>\n<p>Le prix d'un Opel Vivaro d\u00e9pend de ce que vous recherchez. Dans notre gamme, vous trouverez de tout, des versions de base simples aux mod\u00e8les enti\u00e8rement \u00e9quip\u00e9s avec un luxe et une fonctionnalit\u00e9 suppl\u00e9mentaires. Comme notre gamme change r\u00e9guli\u00e8rement, il est difficile de donner une indication de prix fixe. Que vous recherchiez un mod\u00e8le d'occasion ou un nouveau Vivaro, il y a toujours une option adapt\u00e9e \u00e0 vos besoins et \u00e0 votre budget.<\/p>\n<h2>Opel Vivaro en leasing ou \u00e0 l'achat ou en leasing<\/h2>\n<p>Saviez-vous que chez Van den Hurk, vous pouvez non seulement acheter un v\u00e9hicule utilitaire, mais aussi en louer un ? Avec <a href=\"https:\/\/www.vdhurk.nl\/fr\/location-financiere\/\">location financi\u00e8re<\/a> vous payez un montant fixe par mois, ce qui vous \u00e9vite d'investir une somme importante en une seule fois. Pendant la dur\u00e9e du leasing, vous devenez progressivement propri\u00e9taire du v\u00e9hicule. Le contrat de location est termin\u00e9 ? Vous \u00eates alors pleinement propri\u00e9taire !<\/p>\n<h2>Trouvez le v\u00e9hicule id\u00e9al<\/h2>\n<p>Vous souhaitez acheter un Opel Vivaro ? Ou vous avez besoin d'informations suppl\u00e9mentaires ? Nous serons heureux de vous en dire plus sur les mod\u00e8les Vauxhall Vivaro, afin que vous fassiez toujours le bon choix. <a href=\"https:\/\/www.vdhurk.nl\/fr\/contacter\/\">Contactez nous<\/a> pour plus d'informations ou consultez l'offre actuelle pour trouver le v\u00e9hicule id\u00e9al.<\/p>\n<\/div><\/section>","protected":false},"excerpt":{"rendered":"","protected":false},"author":3,"featured_media":0,"parent":372050,"menu_order":0,"comment_status":"closed","ping_status":"closed","template":"","meta":{"_acf_changed":false,"_improvement_type_select":"improve_an_existing","_thumb_yes_seoaic":false,"_frame_yes_seoaic":false,"seoaic_generate_description":"","seoaic_improve_instructions_prompt":"","seoaic_rollback_content_improvement":"","seoaic_idea_thumbnail_generator":"","thumbnail_generated":false,"thumbnail_generate_prompt":"","seoaic_article_description":"","footnotes":""},"class_list":["post-422100","page","type-page","status-publish","hentry"],"acf":[],"yoast_head":"<!-- This site is optimized with the Yoast SEO plugin v27.2 - https:\/\/yoast.com\/product\/yoast-seo-wordpress\/ -->\n<title>Op zoek naar een Opel Vivaro occasion? Bekijk het aanbod!<\/title>\n<meta name=\"description\" content=\"Zoek je een betrouwbare Opel Vivaro occasion? Ontdek waarom dit model perfect bij jou past en verken de specificaties en voordelen van dit model.\" \/>\n<meta name=\"robots\" content=\"index, follow, max-snippet:-1, max-image-preview:large, max-video-preview:-1\" \/>\n<link rel=\"canonical\" href=\"https:\/\/www.vdhurk.nl\/fr\/vehicules-utilitaires-vauxhall\/vivaro\/\" \/>\n<meta property=\"og:locale\" content=\"fr_FR\" \/>\n<meta property=\"og:type\" content=\"article\" \/>\n<meta property=\"og:title\" content=\"Op zoek naar een Opel Vivaro occasion? Bekijk het aanbod!\" \/>\n<meta property=\"og:description\" content=\"Zoek je een betrouwbare Opel Vivaro occasion? Ontdek waarom dit model perfect bij jou past en verken de specificaties en voordelen van dit model.\" \/>\n<meta property=\"og:url\" content=\"https:\/\/www.vdhurk.nl\/fr\/vehicules-utilitaires-vauxhall\/vivaro\/\" \/>\n<meta property=\"og:site_name\" content=\"Van den Hurk Bedrijfswagens\" \/>\n<meta name=\"twitter:card\" content=\"summary_large_image\" \/>\n<meta name=\"twitter:label1\" content=\"Dur\u00e9e de lecture estim\u00e9e\" \/>\n\t<meta name=\"twitter:data1\" content=\"4 minutes\" \/>\n<script type=\"application\/ld+json\" class=\"yoast-schema-graph\">{\"@context\":\"https:\/\/schema.org\",\"@graph\":[{\"@type\":\"WebPage\",\"@id\":\"https:\/\/www.vdhurk.nl\/opel-bedrijfswagens\/vivaro\/\",\"url\":\"https:\/\/www.vdhurk.nl\/opel-bedrijfswagens\/vivaro\/\",\"name\":\"Op zoek naar een Opel Vivaro occasion? Bekijk het aanbod!\",\"isPartOf\":{\"@id\":\"https:\/\/www.vdhurk.nl\/#website\"},\"datePublished\":\"2024-12-05T11:17:00+00:00\",\"description\":\"Zoek je een betrouwbare Opel Vivaro occasion? Ontdek waarom dit model perfect bij jou past en verken de specificaties en voordelen van dit model.\",\"breadcrumb\":{\"@id\":\"https:\/\/www.vdhurk.nl\/opel-bedrijfswagens\/vivaro\/#breadcrumb\"},\"inLanguage\":\"fr-FR\",\"potentialAction\":[{\"@type\":\"ReadAction\",\"target\":[\"https:\/\/www.vdhurk.nl\/opel-bedrijfswagens\/vivaro\/\"]}]},{\"@type\":\"BreadcrumbList\",\"@id\":\"https:\/\/www.vdhurk.nl\/opel-bedrijfswagens\/vivaro\/#breadcrumb\",\"itemListElement\":[{\"@type\":\"ListItem\",\"position\":1,\"name\":\"Home\",\"item\":\"https:\/\/www.vdhurk.nl\/home\/\"},{\"@type\":\"ListItem\",\"position\":2,\"name\":\"Opel Bedrijfswagens\",\"item\":\"https:\/\/www.vdhurk.nl\/opel-bedrijfswagens\/\"},{\"@type\":\"ListItem\",\"position\":3,\"name\":\"Open Vivaro\"}]},{\"@type\":\"WebSite\",\"@id\":\"https:\/\/www.vdhurk.nl\/#website\",\"url\":\"https:\/\/www.vdhurk.nl\/\",\"name\":\"Van den Hurk Bedrijfswagens\",\"description\":\"Van den Hurk bedrijfswagens Helmond\",\"potentialAction\":[{\"@type\":\"SearchAction\",\"target\":{\"@type\":\"EntryPoint\",\"urlTemplate\":\"https:\/\/www.vdhurk.nl\/?s={search_term_string}\"},\"query-input\":{\"@type\":\"PropertyValueSpecification\",\"valueRequired\":true,\"valueName\":\"search_term_string\"}}],\"inLanguage\":\"fr-FR\"}]}<\/script>\n<!-- \/ Yoast SEO plugin. -->","yoast_head_json":{"title":"Vous cherchez une Opel Vivaro d'occasion ? Consultez l'offre !","description":"Vous cherchez une voiture d'occasion Vauxhall Vivaro fiable ? D\u00e9couvrez pourquoi ce mod\u00e8le est parfait pour vous et explorez ses sp\u00e9cifications et ses avantages.","robots":{"index":"index","follow":"follow","max-snippet":"max-snippet:-1","max-image-preview":"max-image-preview:large","max-video-preview":"max-video-preview:-1"},"canonical":"https:\/\/www.vdhurk.nl\/fr\/vehicules-utilitaires-vauxhall\/vivaro\/","og_locale":"fr_FR","og_type":"article","og_title":"Op zoek naar een Opel Vivaro occasion? Bekijk het aanbod!","og_description":"Zoek je een betrouwbare Opel Vivaro occasion? Ontdek waarom dit model perfect bij jou past en verken de specificaties en voordelen van dit model.","og_url":"https:\/\/www.vdhurk.nl\/fr\/vehicules-utilitaires-vauxhall\/vivaro\/","og_site_name":"Van den Hurk Bedrijfswagens","twitter_card":"summary_large_image","twitter_misc":{"Dur\u00e9e de lecture estim\u00e9e":"4 minutes"},"schema":{"@context":"https:\/\/schema.org","@graph":[{"@type":"WebPage","@id":"https:\/\/www.vdhurk.nl\/opel-bedrijfswagens\/vivaro\/","url":"https:\/\/www.vdhurk.nl\/opel-bedrijfswagens\/vivaro\/","name":"Vous cherchez une Opel Vivaro d'occasion ? Consultez l'offre !","isPartOf":{"@id":"https:\/\/www.vdhurk.nl\/#website"},"datePublished":"2024-12-05T11:17:00+00:00","description":"Vous cherchez une voiture d'occasion Vauxhall Vivaro fiable ? D\u00e9couvrez pourquoi ce mod\u00e8le est parfait pour vous et explorez ses sp\u00e9cifications et ses avantages.","breadcrumb":{"@id":"https:\/\/www.vdhurk.nl\/opel-bedrijfswagens\/vivaro\/#breadcrumb"},"inLanguage":"fr-FR","potentialAction":[{"@type":"ReadAction","target":["https:\/\/www.vdhurk.nl\/opel-bedrijfswagens\/vivaro\/"]}]},{"@type":"BreadcrumbList","@id":"https:\/\/www.vdhurk.nl\/opel-bedrijfswagens\/vivaro\/#breadcrumb","itemListElement":[{"@type":"ListItem","position":1,"name":"Home","item":"https:\/\/www.vdhurk.nl\/home\/"},{"@type":"ListItem","position":2,"name":"Opel Bedrijfswagens","item":"https:\/\/www.vdhurk.nl\/opel-bedrijfswagens\/"},{"@type":"ListItem","position":3,"name":"Open Vivaro"}]},{"@type":"WebSite","@id":"https:\/\/www.vdhurk.nl\/#website","url":"https:\/\/www.vdhurk.nl\/","name":"V\u00e9hicules utilitaires Van den Hurk","description":"V\u00e9hicules utilitaires Van den Hurk Helmond","potentialAction":[{"@type":"SearchAction","target":{"@type":"EntryPoint","urlTemplate":"https:\/\/www.vdhurk.nl\/?s={search_term_string}"},"query-input":{"@type":"PropertyValueSpecification","valueRequired":true,"valueName":"search_term_string"}}],"inLanguage":"fr-FR"}]}},"_links":{"self":[{"href":"https:\/\/www.vdhurk.nl\/fr\/wp-json\/wp\/v2\/pages\/422100","targetHints":{"allow":["GET"]}}],"collection":[{"href":"https:\/\/www.vdhurk.nl\/fr\/wp-json\/wp\/v2\/pages"}],"about":[{"href":"https:\/\/www.vdhurk.nl\/fr\/wp-json\/wp\/v2\/types\/page"}],"author":[{"embeddable":true,"href":"https:\/\/www.vdhurk.nl\/fr\/wp-json\/wp\/v2\/users\/3"}],"replies":[{"embeddable":true,"href":"https:\/\/www.vdhurk.nl\/fr\/wp-json\/wp\/v2\/comments?post=422100"}],"version-history":[{"count":3,"href":"https:\/\/www.vdhurk.nl\/fr\/wp-json\/wp\/v2\/pages\/422100\/revisions"}],"predecessor-version":[{"id":422103,"href":"https:\/\/www.vdhurk.nl\/fr\/wp-json\/wp\/v2\/pages\/422100\/revisions\/422103"}],"up":[{"embeddable":true,"href":"https:\/\/www.vdhurk.nl\/fr\/wp-json\/wp\/v2\/pages\/372050"}],"wp:attachment":[{"href":"https:\/\/www.vdhurk.nl\/fr\/wp-json\/wp\/v2\/media?parent=422100"}],"curies":[{"name":"wp","href":"https:\/\/api.w.org\/{rel}","templated":true}]}}