{"id":409581,"date":"2024-10-16T15:51:18","date_gmt":"2024-10-16T13:51:18","guid":{"rendered":"https:\/\/www.vdhurk.nl\/?page_id=409581"},"modified":"2024-10-16T15:51:18","modified_gmt":"2024-10-16T13:51:18","slug":"mercedes-12","status":"publish","type":"page","link":"https:\/\/www.vdhurk.nl\/fr\/opel-bedrijfswagens\/combo\/","title":{"rendered":"Opel Combo"},"content":{"rendered":"<section  class='av_textblock_section av-lu8gnh7d-4ac895489941e586c1d7c8cb72318135'  itemscope=\"itemscope\" itemtype=\"https:\/\/schema.org\/CreativeWork\" ><div class='avia_textblock'  itemprop=\"text\" ><h1>Trouvez l'occasion id\u00e9ale pour votre Vauxhall Combo<\/h1>\n<p>Voici l'Opel Combo occasion : le v\u00e9hicule utilitaire polyvalent appr\u00e9ci\u00e9 par de nombreuses entreprises pour sa flexibilit\u00e9 et sa fiabilit\u00e9. L'Opel Combo offre diff\u00e9rentes options pour r\u00e9pondre aux besoins de votre entreprise. D\u00e9couvrez ses sp\u00e9cifications et ses versions et constatez par vous-m\u00eame pourquoi ce v\u00e9hicule utilitaire est si populaire aupr\u00e8s des entreprises.<\/p>\n<\/div><\/section>\n\n<style type=\"text\/css\" data-created_by=\"avia_inline_auto\" id=\"style-css-av-lujjddpd-afa3d7a9eabd61123e643ed1228e781e\">\n#top .hr.hr-invisible.av-lujjddpd-afa3d7a9eabd61123e643ed1228e781e{\nheight:50px;\n}\n<\/style>\n<div  class='hr av-lujjddpd-afa3d7a9eabd61123e643ed1228e781e hr-invisible  avia-builder-el-1  el_after_av_textblock  el_before_av_codeblock'><span class='hr-inner'><span class=\"hr-inner-style\"><\/span><\/span><\/div>\n\n\n<style type=\"text\/css\" data-created_by=\"avia_inline_auto\" id=\"style-css-av-ah0xd-63338d9dc6b40410e22a712829c369d6\">\n#top .hr.hr-invisible.av-ah0xd-63338d9dc6b40410e22a712829c369d6{\nheight:50px;\n}\n<\/style>\n<div  class='hr av-ah0xd-63338d9dc6b40410e22a712829c369d6 hr-invisible  avia-builder-el-3  el_after_av_codeblock  el_before_av_textblock'><span class='hr-inner'><span class=\"hr-inner-style\"><\/span><\/span><\/div>\n<section  class='av_textblock_section av-lu8gow1e-300853e458ed741bd87d6cb78e55cc7a'  itemscope=\"itemscope\" itemtype=\"https:\/\/schema.org\/CreativeWork\" ><div class='avia_textblock'  itemprop=\"text\" ><h2>Quelles sont les caract\u00e9ristiques de l'Opel Combo ?<\/h2>\n<p>Le Vauxhall Combo est un m\u00e9lange parfait de compacit\u00e9 et d'espace, avec des solutions intelligentes et innovantes qui rendent votre journ\u00e9e de travail un peu plus facile. Gr\u00e2ce \u00e0 sa conception ergonomique, vous serez non seulement \u00e0 l'aise, mais vous travaillerez aussi plus efficacement. L'int\u00e9rieur est \u00e0 la fois fonctionnel et \u00e9l\u00e9gant, avec suffisamment d'espace pour les passagers et le chargement. Selon la version, l'Opel Combo offre un volume de chargement allant jusqu'\u00e0 4,4 m\u00b3 et une charge utile allant jusqu'\u00e0 1 000 kg. La s\u00e9curit\u00e9 est au premier plan, avec des syst\u00e8mes tels que l'aide au freinage d'urgence automatique et l'assistance au maintien de la trajectoire, pour que vous puissiez toujours \u00eatre en s\u00e9curit\u00e9 et d\u00e9tendu sur la route. En bref, l'Opel Combo est un v\u00e9ritable v\u00e9hicule polyvalent qui s'adapte sans effort aux besoins de votre entreprise.<\/p>\n<\/div><\/section>\n<div class='flex_column av-f64w1-da126f42b61613402309283c14245a25 av_one_half  avia-builder-el-5  el_after_av_textblock  el_before_av_one_third  first flex_column_div column-top-margin'   ><section  class='av_textblock_section av-lu8gpqre-73cc2c17e6a6497ba6e1b58af22bd9e8'  itemscope=\"itemscope\" itemtype=\"https:\/\/schema.org\/CreativeWork\" ><div class='avia_textblock'  itemprop=\"text\" ><h2>Diff\u00e9rentes versions<\/h2>\n<p>Le Vauxhall Combo se d\u00e9cline en plusieurs versions, de sorte qu'il existe toujours un mod\u00e8le adapt\u00e9 \u00e0 votre activit\u00e9. Optez-vous pour une version manuelle pour un contr\u00f4le maximal ou pour la commodit\u00e9 d'une version automatique, particuli\u00e8rement utile dans la circulation urbaine intense ? Vous avez \u00e9galement le choix entre diff\u00e9rentes ann\u00e9es de mod\u00e8le, diff\u00e9rents kilom\u00e9trages et diff\u00e9rentes options de moteur, des moteurs diesel \u00e9conomiques aux variantes plus puissantes adapt\u00e9es aux travaux plus lourds. En outre, les versions se distinguent par leur capacit\u00e9 de charge, avec des mod\u00e8les pouvant supporter jusqu'\u00e0 1 000 kg. Vous trouverez donc toujours un Combo qui r\u00e9pond exactement aux besoins de votre entreprise.<\/p>\n<\/div><\/section><\/div><div class='flex_column av-aldk9-ee694297f5c4032981677a02caab84d6 av_one_third  avia-builder-el-7  el_after_av_one_half  el_before_av_hr  flex_column_div column-top-margin'   ><style type=\"text\/css\" data-created_by=\"avia_inline_auto\" id=\"style-css-av-l1w9kpsf-4ec3fab772ec7a9adaa33cfc64ff0475\">\n.avia-image-container.av-l1w9kpsf-4ec3fab772ec7a9adaa33cfc64ff0475 .av-image-caption-overlay-center{\ncolor:#ffffff;\n}\n<\/style>\n<div  class='avia-image-container av-l1w9kpsf-4ec3fab772ec7a9adaa33cfc64ff0475 av-styling- avia-align-center  avia-builder-el-8  avia-builder-el-no-sibling'  itemprop=\"image\" itemscope=\"itemscope\" itemtype=\"https:\/\/schema.org\/ImageObject\" ><div class=\"avia-image-container-inner\"><div class=\"avia-image-overlay-wrap\"><img decoding=\"async\" class='wp-image-187 avia-img-lazy-loading-not-187 avia_image' src=\"https:\/\/www.vdhurk.nl\/wp-content\/uploads\/2022\/03\/Voorrad.png\" alt='' title='Stock'  height=\"758\" width=\"1135\"  itemprop=\"thumbnailUrl\" srcset=\"https:\/\/www.vdhurk.nl\/wp-content\/uploads\/2022\/03\/Voorrad.png 1135w, https:\/\/www.vdhurk.nl\/wp-content\/uploads\/2022\/03\/Voorrad-300x200.png 300w, https:\/\/www.vdhurk.nl\/wp-content\/uploads\/2022\/03\/Voorrad-1030x688.png 1030w, https:\/\/www.vdhurk.nl\/wp-content\/uploads\/2022\/03\/Voorrad-768x513.png 768w, https:\/\/www.vdhurk.nl\/wp-content\/uploads\/2022\/03\/Voorrad-18x12.png 18w, https:\/\/www.vdhurk.nl\/wp-content\/uploads\/2022\/03\/Voorrad-705x471.png 705w\" sizes=\"(max-width: 1135px) 100vw, 1135px\" \/><\/div><\/div><\/div><\/div><\/p>\n\n<style type=\"text\/css\" data-created_by=\"avia_inline_auto\" id=\"style-css-av-luqrjpjc-5a23a1fb5f94718ca85316a9df963e2f\">\n#top .hr.hr-invisible.av-luqrjpjc-5a23a1fb5f94718ca85316a9df963e2f{\nheight:50px;\n}\n<\/style>\n<div  class='hr av-luqrjpjc-5a23a1fb5f94718ca85316a9df963e2f hr-invisible  avia-builder-el-9  el_after_av_one_third  el_before_av_textblock'><span class='hr-inner'><span class=\"hr-inner-style\"><\/span><\/span><\/div>\n<section  class='av_textblock_section av-lu8gtjw7-4f3cee9304909518d86d2860d9d582dd'  itemscope=\"itemscope\" itemtype=\"https:\/\/schema.org\/CreativeWork\" ><div class='avia_textblock'  itemprop=\"text\" ><h2>\u00c0 quels prix devriez-vous penser ?<\/h2>\n<p>Vous achetez une Opel Combo ? Vous voulez bien s\u00fbr savoir \u00e0 quoi vous attendre en termes de prix. Le co\u00fbt d\u00e9pend de la version que vous choisissez : optez-vous pour une variante de base ou pr\u00e9f\u00e9rez-vous un mod\u00e8le avec tous les extras ? Qu'il s'agisse d'une ann\u00e9e plus r\u00e9cente, d'un kilom\u00e9trage plus faible ou d'un mod\u00e8le plus luxueux, nous avons diff\u00e9rentes versions qui s'adaptent \u00e0 votre budget. Vous souhaitez obtenir une indication de prix pr\u00e9cise pour votre voiture de soci\u00e9t\u00e9 id\u00e9ale ? N'h\u00e9sitez pas \u00e0 nous contacter, nous nous ferons un plaisir de r\u00e9fl\u00e9chir avec vous pour trouver la bonne solution.<\/p>\n<h2>Avez-vous entendu parler du leasing financier ?<\/h2>\n<p>Vous pouvez bien s\u00fbr payer votre Vauxhall Combo en une seule fois, mais il existe aussi une autre option intelligente : <a href=\"https:\/\/www.vdhurk.nl\/fr\/location-financiere\/\">location financi\u00e8re<\/a>. Le leasing d'une Opel Combo signifie que vous payez un montant fixe par mois. Pendant la dur\u00e9e du contrat de location, vous devenez progressivement propri\u00e9taire de la voiture. Le gros avantage ? Vous conservez votre fonds de roulement pour d'autres investissements importants au sein de votre entreprise, tout en b\u00e9n\u00e9ficiant d'une voiture de soci\u00e9t\u00e9 fiable. Vous souhaitez en savoir plus sur les possibilit\u00e9s ? Nous nous ferons un plaisir de vous aider !<\/p>\n<h2>Rencontrez l'alerte boursi\u00e8re<\/h2>\n<p>Notre offre change r\u00e9guli\u00e8rement. Votre voiture de soci\u00e9t\u00e9 id\u00e9ale n'est pas r\u00e9pertori\u00e9e aujourd'hui ? Ne vous inqui\u00e9tez pas, il pourrait en \u00eatre autrement demain ! Vous ne voulez rien manquer et \u00eatre imm\u00e9diatement inform\u00e9 des nouveaux arrivages ? Alors inscrivez-vous \u00e0 notre <a href=\"https:\/\/www.vdhurk.nl\/fr\/alerte-boursiere\/\">alerte boursi\u00e8re<\/a>. Ainsi, vous serez le premier \u00e0 savoir quand une Opel Combo d'occasion correspondant exactement \u00e0 vos besoins sera disponible. N'oubliez pas non plus de consulter nos offres actuelles. Qui sait, peut-\u00eatre que votre Vauxhall Combo d'occasion id\u00e9al en fera bient\u00f4t partie !<\/p>\n<\/div><\/section>","protected":false},"excerpt":{"rendered":"","protected":false},"author":3,"featured_media":0,"parent":372050,"menu_order":0,"comment_status":"closed","ping_status":"closed","template":"","meta":{"_acf_changed":false,"_improvement_type_select":"improve_an_existing","_thumb_yes_seoaic":false,"_frame_yes_seoaic":false,"seoaic_generate_description":"","seoaic_improve_instructions_prompt":"","seoaic_rollback_content_improvement":"","seoaic_idea_thumbnail_generator":"","thumbnail_generated":false,"thumbnail_generate_prompt":"","seoaic_article_description":"","footnotes":""},"class_list":["post-409581","page","type-page","status-publish","hentry"],"acf":[],"yoast_head":"<!-- This site is optimized with the Yoast SEO plugin v27.2 - https:\/\/yoast.com\/product\/yoast-seo-wordpress\/ -->\n<title>Op zoek naar een Opel Combo occasion? Bekijk ons aanbod!<\/title>\n<meta name=\"description\" content=\"Een Opel Combo occasion kopen? Ontdek de diverse specificaties en uitvoeringen en vind de ideale match voor jouw zakelijke behoeften.\" \/>\n<meta name=\"robots\" content=\"index, follow, max-snippet:-1, max-image-preview:large, max-video-preview:-1\" \/>\n<link rel=\"canonical\" href=\"https:\/\/www.vdhurk.nl\/fr\/vehicules-utilitaires-vauxhall\/mercedes-12\/\" \/>\n<meta property=\"og:locale\" content=\"fr_FR\" \/>\n<meta property=\"og:type\" content=\"article\" \/>\n<meta property=\"og:title\" content=\"Op zoek naar een Opel Combo occasion? Bekijk ons aanbod!\" \/>\n<meta property=\"og:description\" content=\"Een Opel Combo occasion kopen? Ontdek de diverse specificaties en uitvoeringen en vind de ideale match voor jouw zakelijke behoeften.\" \/>\n<meta property=\"og:url\" content=\"https:\/\/www.vdhurk.nl\/fr\/vehicules-utilitaires-vauxhall\/mercedes-12\/\" \/>\n<meta property=\"og:site_name\" content=\"Van den Hurk Bedrijfswagens\" \/>\n<meta name=\"twitter:card\" content=\"summary_large_image\" \/>\n<meta name=\"twitter:label1\" content=\"Dur\u00e9e de lecture estim\u00e9e\" \/>\n\t<meta name=\"twitter:data1\" content=\"5 minutes\" \/>\n<script type=\"application\/ld+json\" class=\"yoast-schema-graph\">{\"@context\":\"https:\/\/schema.org\",\"@graph\":[{\"@type\":\"WebPage\",\"@id\":\"https:\/\/www.vdhurk.nl\/opel-bedrijfswagens\/combo\/\",\"url\":\"https:\/\/www.vdhurk.nl\/opel-bedrijfswagens\/combo\/\",\"name\":\"Op zoek naar een Opel Combo occasion? Bekijk ons aanbod!\",\"isPartOf\":{\"@id\":\"https:\/\/www.vdhurk.nl\/#website\"},\"datePublished\":\"2024-10-16T13:51:18+00:00\",\"description\":\"Een Opel Combo occasion kopen? Ontdek de diverse specificaties en uitvoeringen en vind de ideale match voor jouw zakelijke behoeften.\",\"breadcrumb\":{\"@id\":\"https:\/\/www.vdhurk.nl\/opel-bedrijfswagens\/combo\/#breadcrumb\"},\"inLanguage\":\"fr-FR\",\"potentialAction\":[{\"@type\":\"ReadAction\",\"target\":[\"https:\/\/www.vdhurk.nl\/opel-bedrijfswagens\/combo\/\"]}]},{\"@type\":\"BreadcrumbList\",\"@id\":\"https:\/\/www.vdhurk.nl\/opel-bedrijfswagens\/combo\/#breadcrumb\",\"itemListElement\":[{\"@type\":\"ListItem\",\"position\":1,\"name\":\"Home\",\"item\":\"https:\/\/www.vdhurk.nl\/home\/\"},{\"@type\":\"ListItem\",\"position\":2,\"name\":\"Opel Bedrijfswagens\",\"item\":\"https:\/\/www.vdhurk.nl\/opel-bedrijfswagens\/\"},{\"@type\":\"ListItem\",\"position\":3,\"name\":\"Opel Combo\"}]},{\"@type\":\"WebSite\",\"@id\":\"https:\/\/www.vdhurk.nl\/#website\",\"url\":\"https:\/\/www.vdhurk.nl\/\",\"name\":\"Van den Hurk Bedrijfswagens\",\"description\":\"Van den Hurk bedrijfswagens Helmond\",\"potentialAction\":[{\"@type\":\"SearchAction\",\"target\":{\"@type\":\"EntryPoint\",\"urlTemplate\":\"https:\/\/www.vdhurk.nl\/?s={search_term_string}\"},\"query-input\":{\"@type\":\"PropertyValueSpecification\",\"valueRequired\":true,\"valueName\":\"search_term_string\"}}],\"inLanguage\":\"fr-FR\"}]}<\/script>\n<!-- \/ Yoast SEO plugin. -->","yoast_head_json":{"title":"Vous cherchez un v\u00e9hicule d'occasion Opel Combo ? Consultez notre offre !","description":"Vous achetez un Vauxhall Combo occasion ? D\u00e9couvrez les diff\u00e9rentes sp\u00e9cifications et versions et trouvez le v\u00e9hicule id\u00e9al pour les besoins de votre entreprise.","robots":{"index":"index","follow":"follow","max-snippet":"max-snippet:-1","max-image-preview":"max-image-preview:large","max-video-preview":"max-video-preview:-1"},"canonical":"https:\/\/www.vdhurk.nl\/fr\/vehicules-utilitaires-vauxhall\/mercedes-12\/","og_locale":"fr_FR","og_type":"article","og_title":"Op zoek naar een Opel Combo occasion? Bekijk ons aanbod!","og_description":"Een Opel Combo occasion kopen? Ontdek de diverse specificaties en uitvoeringen en vind de ideale match voor jouw zakelijke behoeften.","og_url":"https:\/\/www.vdhurk.nl\/fr\/vehicules-utilitaires-vauxhall\/mercedes-12\/","og_site_name":"Van den Hurk Bedrijfswagens","twitter_card":"summary_large_image","twitter_misc":{"Dur\u00e9e de lecture estim\u00e9e":"5 minutes"},"schema":{"@context":"https:\/\/schema.org","@graph":[{"@type":"WebPage","@id":"https:\/\/www.vdhurk.nl\/opel-bedrijfswagens\/combo\/","url":"https:\/\/www.vdhurk.nl\/opel-bedrijfswagens\/combo\/","name":"Vous cherchez un v\u00e9hicule d'occasion Opel Combo ? Consultez notre offre !","isPartOf":{"@id":"https:\/\/www.vdhurk.nl\/#website"},"datePublished":"2024-10-16T13:51:18+00:00","description":"Vous achetez un Vauxhall Combo occasion ? D\u00e9couvrez les diff\u00e9rentes sp\u00e9cifications et versions et trouvez le v\u00e9hicule id\u00e9al pour les besoins de votre entreprise.","breadcrumb":{"@id":"https:\/\/www.vdhurk.nl\/opel-bedrijfswagens\/combo\/#breadcrumb"},"inLanguage":"fr-FR","potentialAction":[{"@type":"ReadAction","target":["https:\/\/www.vdhurk.nl\/opel-bedrijfswagens\/combo\/"]}]},{"@type":"BreadcrumbList","@id":"https:\/\/www.vdhurk.nl\/opel-bedrijfswagens\/combo\/#breadcrumb","itemListElement":[{"@type":"ListItem","position":1,"name":"Home","item":"https:\/\/www.vdhurk.nl\/home\/"},{"@type":"ListItem","position":2,"name":"Opel Bedrijfswagens","item":"https:\/\/www.vdhurk.nl\/opel-bedrijfswagens\/"},{"@type":"ListItem","position":3,"name":"Opel Combo"}]},{"@type":"WebSite","@id":"https:\/\/www.vdhurk.nl\/#website","url":"https:\/\/www.vdhurk.nl\/","name":"V\u00e9hicules utilitaires Van den Hurk","description":"V\u00e9hicules utilitaires Van den Hurk Helmond","potentialAction":[{"@type":"SearchAction","target":{"@type":"EntryPoint","urlTemplate":"https:\/\/www.vdhurk.nl\/?s={search_term_string}"},"query-input":{"@type":"PropertyValueSpecification","valueRequired":true,"valueName":"search_term_string"}}],"inLanguage":"fr-FR"}]}},"_links":{"self":[{"href":"https:\/\/www.vdhurk.nl\/fr\/wp-json\/wp\/v2\/pages\/409581","targetHints":{"allow":["GET"]}}],"collection":[{"href":"https:\/\/www.vdhurk.nl\/fr\/wp-json\/wp\/v2\/pages"}],"about":[{"href":"https:\/\/www.vdhurk.nl\/fr\/wp-json\/wp\/v2\/types\/page"}],"author":[{"embeddable":true,"href":"https:\/\/www.vdhurk.nl\/fr\/wp-json\/wp\/v2\/users\/3"}],"replies":[{"embeddable":true,"href":"https:\/\/www.vdhurk.nl\/fr\/wp-json\/wp\/v2\/comments?post=409581"}],"version-history":[{"count":1,"href":"https:\/\/www.vdhurk.nl\/fr\/wp-json\/wp\/v2\/pages\/409581\/revisions"}],"predecessor-version":[{"id":409582,"href":"https:\/\/www.vdhurk.nl\/fr\/wp-json\/wp\/v2\/pages\/409581\/revisions\/409582"}],"up":[{"embeddable":true,"href":"https:\/\/www.vdhurk.nl\/fr\/wp-json\/wp\/v2\/pages\/372050"}],"wp:attachment":[{"href":"https:\/\/www.vdhurk.nl\/fr\/wp-json\/wp\/v2\/media?parent=409581"}],"curies":[{"name":"wp","href":"https:\/\/api.w.org\/{rel}","templated":true}]}}