{"id":409559,"date":"2024-10-16T15:40:17","date_gmt":"2024-10-16T13:40:17","guid":{"rendered":"https:\/\/www.vdhurk.nl\/?page_id=409559"},"modified":"2024-10-16T15:40:17","modified_gmt":"2024-10-16T13:40:17","slug":"mercedes-10","status":"publish","type":"page","link":"https:\/\/www.vdhurk.nl\/fr\/renault-bedrijfswagens\/kangoo\/","title":{"rendered":"Renault Kangoo"},"content":{"rendered":"<section  class='av_textblock_section av-lu8gnh7d-4ac895489941e586c1d7c8cb72318135'  itemscope=\"itemscope\" itemtype=\"https:\/\/schema.org\/CreativeWork\" ><div class='avia_textblock'  itemprop=\"text\" ><h1>Renault Kangoo occasion : votre v\u00e9hicule utilitaire id\u00e9al<\/h1>\n<p>Vous \u00eates \u00e0 la recherche d'un v\u00e9hicule utilitaire fiable et polyvalent ? Alors jetez un coup d'\u0153il \u00e0 un Renault Kangoo d'occasion ! C'est le v\u00e9hicule id\u00e9al pour toute entreprise, gr\u00e2ce aux nombreuses versions et sp\u00e9cifications que vous pouvez adapter \u00e0 vos besoins. \u00c7a vous dit quelque chose ? Lisez vite ce qui suit et d\u00e9couvrez si le Kangoo est exactement ce qu'il vous faut.<\/p>\n<\/div><\/section>\n\n<style type=\"text\/css\" data-created_by=\"avia_inline_auto\" id=\"style-css-av-lujjddpd-afa3d7a9eabd61123e643ed1228e781e\">\n#top .hr.hr-invisible.av-lujjddpd-afa3d7a9eabd61123e643ed1228e781e{\nheight:50px;\n}\n<\/style>\n<div  class='hr av-lujjddpd-afa3d7a9eabd61123e643ed1228e781e hr-invisible  avia-builder-el-1  el_after_av_textblock  el_before_av_codeblock'><span class='hr-inner'><span class=\"hr-inner-style\"><\/span><\/span><\/div>\n\n\n<style type=\"text\/css\" data-created_by=\"avia_inline_auto\" id=\"style-css-av-ah0xd-63338d9dc6b40410e22a712829c369d6\">\n#top .hr.hr-invisible.av-ah0xd-63338d9dc6b40410e22a712829c369d6{\nheight:50px;\n}\n<\/style>\n<div  class='hr av-ah0xd-63338d9dc6b40410e22a712829c369d6 hr-invisible  avia-builder-el-3  el_after_av_codeblock  el_before_av_textblock'><span class='hr-inner'><span class=\"hr-inner-style\"><\/span><\/span><\/div>\n<section  class='av_textblock_section av-lu8gow1e-300853e458ed741bd87d6cb78e55cc7a'  itemscope=\"itemscope\" itemtype=\"https:\/\/schema.org\/CreativeWork\" ><div class='avia_textblock'  itemprop=\"text\" ><h2>Enti\u00e8rement \u00e9quip\u00e9<\/h2>\n<p>Les mod\u00e8les Renault Kangoo sont enti\u00e8rement con\u00e7us pour r\u00e9pondre aux besoins de votre entreprise. Avec son arri\u00e8re large et ses passages de roues astucieusement \u00e9largis, vous profitez au maximum de l'espace de chargement sans perdre de place. Id\u00e9al pour le transport de charges importantes ! Tout est organis\u00e9 pour que vous puissiez toujours acc\u00e9der facilement \u00e0 vos affaires. Ce v\u00e9hicule n'est pas seulement spacieux, il est aussi polyvalent. Ses moteurs \u00e9conomes en carburant en font un choix \u00e9conomique pour le confort des affaires quotidiennes. Et le confort ? L\u00e0 aussi, c'est du tout cuit. Le Kangoo dispose d'un int\u00e9rieur ergonomique qui rend les longs trajets beaucoup plus agr\u00e9ables. Et ce n'est pas tout. Gr\u00e2ce aux syst\u00e8mes d'aide \u00e0 la conduite, chaque trajet, qu'il soit court ou long, est facile et s\u00fbr.<\/p>\n<\/div><\/section>\n<div class='flex_column av-f64w1-da126f42b61613402309283c14245a25 av_one_half  avia-builder-el-5  el_after_av_textblock  el_before_av_one_third  first flex_column_div column-top-margin'   ><section  class='av_textblock_section av-lu8gpqre-73cc2c17e6a6497ba6e1b58af22bd9e8'  itemscope=\"itemscope\" itemtype=\"https:\/\/schema.org\/CreativeWork\" ><div class='avia_textblock'  itemprop=\"text\" ><h2>Diff\u00e9rentes versions<\/h2>\n<p>Vous envisagez d'acheter un Renault Kangoo ? D\u00e9couvrez les diff\u00e9rentes versions qui conviennent parfaitement \u00e0 votre entreprise. Selon l'ann\u00e9e de fabrication, ce v\u00e9hicule utilitaire pr\u00e9sente un certain nombre de caract\u00e9ristiques pratiques. Vous optez pour une bo\u00eete de vitesses manuelle ou automatique ? Un Kangoo manuel offre souvent plus de plaisir de conduite et est un peu plus rentable, tandis qu'un Kangoo automatique est id\u00e9al pour une facilit\u00e9 d'utilisation et un confort maximum. Vous n'avez pas encore trouv\u00e9 ce que vous cherchiez ? Notre gamme \u00e9volue r\u00e9guli\u00e8rement, votre Renault Kangoo id\u00e9al pourrait donc s'y trouver demain. Surveillez notre stock ou inscrivez-vous \u00e0 la newsletter de Renault Kangoo. <a href=\"https:\/\/www.vdhurk.nl\/fr\/alerte-boursiere\/\">alerte boursi\u00e8re<\/a> et nous vous tiendrons inform\u00e9. Ainsi, vous ne manquerez jamais le match parfait pour votre entreprise.<\/p>\n<\/div><\/section><\/div><div class='flex_column av-aldk9-ee694297f5c4032981677a02caab84d6 av_one_third  avia-builder-el-7  el_after_av_one_half  el_before_av_hr  flex_column_div column-top-margin'   ><style type=\"text\/css\" data-created_by=\"avia_inline_auto\" id=\"style-css-av-l1w9kpsf-4ec3fab772ec7a9adaa33cfc64ff0475\">\n.avia-image-container.av-l1w9kpsf-4ec3fab772ec7a9adaa33cfc64ff0475 .av-image-caption-overlay-center{\ncolor:#ffffff;\n}\n<\/style>\n<div  class='avia-image-container av-l1w9kpsf-4ec3fab772ec7a9adaa33cfc64ff0475 av-styling- avia-align-center  avia-builder-el-8  avia-builder-el-no-sibling'  itemprop=\"image\" itemscope=\"itemscope\" itemtype=\"https:\/\/schema.org\/ImageObject\" ><div class=\"avia-image-container-inner\"><div class=\"avia-image-overlay-wrap\"><img decoding=\"async\" class='wp-image-187 avia-img-lazy-loading-not-187 avia_image' src=\"https:\/\/www.vdhurk.nl\/wp-content\/uploads\/2022\/03\/Voorrad.png\" alt='' title='Stock'  height=\"758\" width=\"1135\"  itemprop=\"thumbnailUrl\" srcset=\"https:\/\/www.vdhurk.nl\/wp-content\/uploads\/2022\/03\/Voorrad.png 1135w, https:\/\/www.vdhurk.nl\/wp-content\/uploads\/2022\/03\/Voorrad-300x200.png 300w, https:\/\/www.vdhurk.nl\/wp-content\/uploads\/2022\/03\/Voorrad-1030x688.png 1030w, https:\/\/www.vdhurk.nl\/wp-content\/uploads\/2022\/03\/Voorrad-768x513.png 768w, https:\/\/www.vdhurk.nl\/wp-content\/uploads\/2022\/03\/Voorrad-18x12.png 18w, https:\/\/www.vdhurk.nl\/wp-content\/uploads\/2022\/03\/Voorrad-705x471.png 705w\" sizes=\"(max-width: 1135px) 100vw, 1135px\" \/><\/div><\/div><\/div><\/div><\/p>\n\n<style type=\"text\/css\" data-created_by=\"avia_inline_auto\" id=\"style-css-av-luqrjpjc-5a23a1fb5f94718ca85316a9df963e2f\">\n#top .hr.hr-invisible.av-luqrjpjc-5a23a1fb5f94718ca85316a9df963e2f{\nheight:50px;\n}\n<\/style>\n<div  class='hr av-luqrjpjc-5a23a1fb5f94718ca85316a9df963e2f hr-invisible  avia-builder-el-9  el_after_av_one_third  el_before_av_textblock'><span class='hr-inner'><span class=\"hr-inner-style\"><\/span><\/span><\/div>\n<section  class='av_textblock_section av-lu8gtjw7-4f3cee9304909518d86d2860d9d582dd'  itemscope=\"itemscope\" itemtype=\"https:\/\/schema.org\/CreativeWork\" ><div class='avia_textblock'  itemprop=\"text\" ><h2>\u00c0 quels prix devriez-vous penser ?<\/h2>\n<p>Le co\u00fbt d'une Renault Kangoo d'occasion d\u00e9pend de facteurs tels que l'ann\u00e9e de fabrication, la finition et les options suppl\u00e9mentaires. Mais gr\u00e2ce \u00e0 notre offre \u00e9volutive, il y a toujours quelque chose qui correspond \u00e0 votre budget. Pour une Renault Kangoo d'occasion, les prix commencent \u00e0 partir d'environ 5 000 \u20ac. Vous \u00eates curieux de conna\u00eetre un prix pr\u00e9cis ou vous avez d'autres questions ? N'h\u00e9sitez pas \u00e0 nous contacter, nous nous ferons un plaisir de vous aider !<\/p>\n<h2>Avez-vous pens\u00e9 au leasing financier ?<\/h2>\n<p>Chez Van den Hurk, vous avez plusieurs possibilit\u00e9s de paiement. Vous voulez acheter une Renault Kangoo et payer le montant en une seule fois ? C'est possible. Mais saviez-vous que vous pouvez aussi opter pour le leasing d'une Renault Kangoo ? Chez <a href=\"https:\/\/www.vdhurk.nl\/fr\/location-financiere\/\">location financi\u00e8re<\/a> vous payez un montant fixe par mois et le v\u00e9hicule devient progressivement votre propri\u00e9t\u00e9. Qu'est-ce qui convient le mieux \u00e0 votre entreprise ? Que vous optiez pour l'achat ou le leasing, nous nous ferons un plaisir de vous aider. Contactez-nous et d\u00e9couvrez les possibilit\u00e9s !<\/p>\n<h2>Parcourez la gamme et trouvez le v\u00e9hicule utilitaire qui vous convient<\/h2>\n<p>Vous souhaitez acheter un Renault Kangoo occasion ou neuf ? Ou vous avez besoin de plus d'informations ? En tant que concessionnaire Renault Kangoo, nous sommes l\u00e0 pour vous aider \u00e0 faire le meilleur choix. Jetez un coup d'\u0153il \u00e0 notre offre ou contactez-nous, nous nous ferons un plaisir de vous aider !<\/p>\n<\/div><\/section>","protected":false},"excerpt":{"rendered":"","protected":false},"author":3,"featured_media":0,"parent":372057,"menu_order":0,"comment_status":"closed","ping_status":"closed","template":"","meta":{"_acf_changed":false,"_improvement_type_select":"improve_an_existing","_thumb_yes_seoaic":false,"_frame_yes_seoaic":false,"seoaic_generate_description":"","seoaic_improve_instructions_prompt":"","seoaic_rollback_content_improvement":"","seoaic_idea_thumbnail_generator":"","thumbnail_generated":false,"thumbnail_generate_prompt":"","seoaic_article_description":"","footnotes":""},"class_list":["post-409559","page","type-page","status-publish","hentry"],"acf":[],"yoast_head":"<!-- This site is optimized with the Yoast SEO plugin v27.3 - https:\/\/yoast.com\/product\/yoast-seo-wordpress\/ -->\n<title>Renault Kangoo occasion kopen? Bekijk het actuele aanbod.<\/title>\n<meta name=\"description\" content=\"Op zoek naar een Renault Kangoo occasion? Bij Van den Hurk hebben we verschillende uitvoeringen. Bekijk het aanbod en vind jouw perfecte bedrijfswagen,\" \/>\n<meta name=\"robots\" content=\"index, follow, max-snippet:-1, max-image-preview:large, max-video-preview:-1\" \/>\n<link rel=\"canonical\" href=\"https:\/\/www.vdhurk.nl\/fr\/renault-commercial-vehicles\/mercedes-10\/\" \/>\n<meta property=\"og:locale\" content=\"fr_FR\" \/>\n<meta property=\"og:type\" content=\"article\" \/>\n<meta property=\"og:title\" content=\"Renault Kangoo occasion kopen? Bekijk het actuele aanbod.\" \/>\n<meta property=\"og:description\" content=\"Op zoek naar een Renault Kangoo occasion? Bij Van den Hurk hebben we verschillende uitvoeringen. Bekijk het aanbod en vind jouw perfecte bedrijfswagen,\" \/>\n<meta property=\"og:url\" content=\"https:\/\/www.vdhurk.nl\/fr\/renault-commercial-vehicles\/mercedes-10\/\" \/>\n<meta property=\"og:site_name\" content=\"Van den Hurk Bedrijfswagens\" \/>\n<meta name=\"twitter:card\" content=\"summary_large_image\" \/>\n<meta name=\"twitter:label1\" content=\"Dur\u00e9e de lecture estim\u00e9e\" \/>\n\t<meta name=\"twitter:data1\" content=\"5 minutes\" \/>\n<script type=\"application\/ld+json\" class=\"yoast-schema-graph\">{\"@context\":\"https:\\\/\\\/schema.org\",\"@graph\":[{\"@type\":\"WebPage\",\"@id\":\"https:\\\/\\\/www.vdhurk.nl\\\/renault-bedrijfswagens\\\/kangoo\\\/\",\"url\":\"https:\\\/\\\/www.vdhurk.nl\\\/renault-bedrijfswagens\\\/kangoo\\\/\",\"name\":\"Renault Kangoo occasion kopen? Bekijk het actuele aanbod.\",\"isPartOf\":{\"@id\":\"https:\\\/\\\/www.vdhurk.nl\\\/#website\"},\"datePublished\":\"2024-10-16T13:40:17+00:00\",\"description\":\"Op zoek naar een Renault Kangoo occasion? Bij Van den Hurk hebben we verschillende uitvoeringen. Bekijk het aanbod en vind jouw perfecte bedrijfswagen,\",\"breadcrumb\":{\"@id\":\"https:\\\/\\\/www.vdhurk.nl\\\/renault-bedrijfswagens\\\/kangoo\\\/#breadcrumb\"},\"inLanguage\":\"fr-FR\",\"potentialAction\":[{\"@type\":\"ReadAction\",\"target\":[\"https:\\\/\\\/www.vdhurk.nl\\\/renault-bedrijfswagens\\\/kangoo\\\/\"]}]},{\"@type\":\"BreadcrumbList\",\"@id\":\"https:\\\/\\\/www.vdhurk.nl\\\/renault-bedrijfswagens\\\/kangoo\\\/#breadcrumb\",\"itemListElement\":[{\"@type\":\"ListItem\",\"position\":1,\"name\":\"Home\",\"item\":\"https:\\\/\\\/www.vdhurk.nl\\\/home\\\/\"},{\"@type\":\"ListItem\",\"position\":2,\"name\":\"Renault Bedrijfswagens\",\"item\":\"https:\\\/\\\/www.vdhurk.nl\\\/renault-bedrijfswagens\\\/\"},{\"@type\":\"ListItem\",\"position\":3,\"name\":\"Renault Kangoo\"}]},{\"@type\":\"WebSite\",\"@id\":\"https:\\\/\\\/www.vdhurk.nl\\\/#website\",\"url\":\"https:\\\/\\\/www.vdhurk.nl\\\/\",\"name\":\"Van den Hurk Bedrijfswagens\",\"description\":\"Van den Hurk bedrijfswagens Helmond\",\"potentialAction\":[{\"@type\":\"SearchAction\",\"target\":{\"@type\":\"EntryPoint\",\"urlTemplate\":\"https:\\\/\\\/www.vdhurk.nl\\\/?s={search_term_string}\"},\"query-input\":{\"@type\":\"PropertyValueSpecification\",\"valueRequired\":true,\"valueName\":\"search_term_string\"}}],\"inLanguage\":\"fr-FR\"}]}<\/script>\n<!-- \/ Yoast SEO plugin. -->","yoast_head_json":{"title":"Vous achetez un Renault Kangoo occasion ? Consultez l'offre actuelle.","description":"Vous cherchez un v\u00e9hicule d'occasion Renault Kangoo ? Chez Van den Hurk, nous avons diff\u00e9rentes versions. Consultez la gamme et trouvez le v\u00e9hicule utilitaire qui vous convient,","robots":{"index":"index","follow":"follow","max-snippet":"max-snippet:-1","max-image-preview":"max-image-preview:large","max-video-preview":"max-video-preview:-1"},"canonical":"https:\/\/www.vdhurk.nl\/fr\/renault-commercial-vehicles\/mercedes-10\/","og_locale":"fr_FR","og_type":"article","og_title":"Renault Kangoo occasion kopen? Bekijk het actuele aanbod.","og_description":"Op zoek naar een Renault Kangoo occasion? Bij Van den Hurk hebben we verschillende uitvoeringen. Bekijk het aanbod en vind jouw perfecte bedrijfswagen,","og_url":"https:\/\/www.vdhurk.nl\/fr\/renault-commercial-vehicles\/mercedes-10\/","og_site_name":"Van den Hurk Bedrijfswagens","twitter_card":"summary_large_image","twitter_misc":{"Dur\u00e9e de lecture estim\u00e9e":"5 minutes"},"schema":{"@context":"https:\/\/schema.org","@graph":[{"@type":"WebPage","@id":"https:\/\/www.vdhurk.nl\/renault-bedrijfswagens\/kangoo\/","url":"https:\/\/www.vdhurk.nl\/renault-bedrijfswagens\/kangoo\/","name":"Vous achetez un Renault Kangoo occasion ? Consultez l'offre actuelle.","isPartOf":{"@id":"https:\/\/www.vdhurk.nl\/#website"},"datePublished":"2024-10-16T13:40:17+00:00","description":"Vous cherchez un v\u00e9hicule d'occasion Renault Kangoo ? Chez Van den Hurk, nous avons diff\u00e9rentes versions. Consultez la gamme et trouvez le v\u00e9hicule utilitaire qui vous convient,","breadcrumb":{"@id":"https:\/\/www.vdhurk.nl\/renault-bedrijfswagens\/kangoo\/#breadcrumb"},"inLanguage":"fr-FR","potentialAction":[{"@type":"ReadAction","target":["https:\/\/www.vdhurk.nl\/renault-bedrijfswagens\/kangoo\/"]}]},{"@type":"BreadcrumbList","@id":"https:\/\/www.vdhurk.nl\/renault-bedrijfswagens\/kangoo\/#breadcrumb","itemListElement":[{"@type":"ListItem","position":1,"name":"Home","item":"https:\/\/www.vdhurk.nl\/home\/"},{"@type":"ListItem","position":2,"name":"Renault Bedrijfswagens","item":"https:\/\/www.vdhurk.nl\/renault-bedrijfswagens\/"},{"@type":"ListItem","position":3,"name":"Renault Kangoo"}]},{"@type":"WebSite","@id":"https:\/\/www.vdhurk.nl\/#website","url":"https:\/\/www.vdhurk.nl\/","name":"V\u00e9hicules utilitaires Van den Hurk","description":"V\u00e9hicules utilitaires Van den Hurk Helmond","potentialAction":[{"@type":"SearchAction","target":{"@type":"EntryPoint","urlTemplate":"https:\/\/www.vdhurk.nl\/?s={search_term_string}"},"query-input":{"@type":"PropertyValueSpecification","valueRequired":true,"valueName":"search_term_string"}}],"inLanguage":"fr-FR"}]}},"_links":{"self":[{"href":"https:\/\/www.vdhurk.nl\/fr\/wp-json\/wp\/v2\/pages\/409559","targetHints":{"allow":["GET"]}}],"collection":[{"href":"https:\/\/www.vdhurk.nl\/fr\/wp-json\/wp\/v2\/pages"}],"about":[{"href":"https:\/\/www.vdhurk.nl\/fr\/wp-json\/wp\/v2\/types\/page"}],"author":[{"embeddable":true,"href":"https:\/\/www.vdhurk.nl\/fr\/wp-json\/wp\/v2\/users\/3"}],"replies":[{"embeddable":true,"href":"https:\/\/www.vdhurk.nl\/fr\/wp-json\/wp\/v2\/comments?post=409559"}],"version-history":[{"count":1,"href":"https:\/\/www.vdhurk.nl\/fr\/wp-json\/wp\/v2\/pages\/409559\/revisions"}],"predecessor-version":[{"id":409560,"href":"https:\/\/www.vdhurk.nl\/fr\/wp-json\/wp\/v2\/pages\/409559\/revisions\/409560"}],"up":[{"embeddable":true,"href":"https:\/\/www.vdhurk.nl\/fr\/wp-json\/wp\/v2\/pages\/372057"}],"wp:attachment":[{"href":"https:\/\/www.vdhurk.nl\/fr\/wp-json\/wp\/v2\/media?parent=409559"}],"curies":[{"name":"wp","href":"https:\/\/api.w.org\/{rel}","templated":true}]}}