{"id":409484,"date":"2024-10-16T15:21:36","date_gmt":"2024-10-16T13:21:36","guid":{"rendered":"https:\/\/www.vdhurk.nl\/?page_id=409484"},"modified":"2024-10-16T15:21:36","modified_gmt":"2024-10-16T13:21:36","slug":"mercedes-7","status":"publish","type":"page","link":"https:\/\/www.vdhurk.nl\/fr\/renault-bedrijfswagens\/trafic\/","title":{"rendered":"Renault Trafic"},"content":{"rendered":"<section  class='av_textblock_section av-lu8gnh7d-4ac895489941e586c1d7c8cb72318135'  itemscope=\"itemscope\" itemtype=\"https:\/\/schema.org\/CreativeWork\" ><div class='avia_textblock'  itemprop=\"text\" ><h1>Vous cherchez un v\u00e9hicule d'occasion Renault Trafic ?<\/h1>\n<p>En tant qu'entreprise, vous saisissez les opportunit\u00e9s, surtout lorsqu'il s'agit de voitures de soci\u00e9t\u00e9. Logique, car vous avez besoin d'une voiture de soci\u00e9t\u00e9 qui ne vous laissera pas tomber. Surtout si vous l'utilisez quotidiennement, la fiabilit\u00e9 est essentielle. D\u00e9couvrez donc le Renault Trafic occasion et pourquoi ce v\u00e9hicule est parfait pour votre entreprise.<\/p>\n<\/div><\/section>\n\n<style type=\"text\/css\" data-created_by=\"avia_inline_auto\" id=\"style-css-av-lujjddpd-afa3d7a9eabd61123e643ed1228e781e\">\n#top .hr.hr-invisible.av-lujjddpd-afa3d7a9eabd61123e643ed1228e781e{\nheight:50px;\n}\n<\/style>\n<div  class='hr av-lujjddpd-afa3d7a9eabd61123e643ed1228e781e hr-invisible  avia-builder-el-1  el_after_av_textblock  el_before_av_codeblock'><span class='hr-inner'><span class=\"hr-inner-style\"><\/span><\/span><\/div>\n\n\n<style type=\"text\/css\" data-created_by=\"avia_inline_auto\" id=\"style-css-av-ah0xd-63338d9dc6b40410e22a712829c369d6\">\n#top .hr.hr-invisible.av-ah0xd-63338d9dc6b40410e22a712829c369d6{\nheight:50px;\n}\n<\/style>\n<div  class='hr av-ah0xd-63338d9dc6b40410e22a712829c369d6 hr-invisible  avia-builder-el-3  el_after_av_codeblock  el_before_av_textblock'><span class='hr-inner'><span class=\"hr-inner-style\"><\/span><\/span><\/div>\n<section  class='av_textblock_section av-lu8gow1e-300853e458ed741bd87d6cb78e55cc7a'  itemscope=\"itemscope\" itemtype=\"https:\/\/schema.org\/CreativeWork\" ><div class='avia_textblock'  itemprop=\"text\" ><h2>Renault Trafic occasion : sp\u00e9cifications et versions<\/h2>\n<p>Avec le Renault Trafic occasion, vous avez un large choix de niveaux de finition et b\u00e9n\u00e9ficiez de sp\u00e9cifications pratiques. Choisissez l'ann\u00e9e de fabrication qui vous convient le mieux et d\u00e9cidez si vous souhaitez une bo\u00eete de vitesses manuelle ou automatique. En outre, vous avez le choix entre diff\u00e9rentes puissances de moteur, de sorte que vous disposez toujours d'un Trafic parfaitement adapt\u00e9 \u00e0 vos activit\u00e9s. Que vous ayez besoin d'un espace de chargement suppl\u00e9mentaire ou que vous recherchiez plus de confort de conduite, il y a toujours une version adapt\u00e9e \u00e0 votre activit\u00e9.<\/p>\n<\/div><\/section>\n<div class='flex_column av-f64w1-da126f42b61613402309283c14245a25 av_one_half  avia-builder-el-5  el_after_av_textblock  el_before_av_one_third  first flex_column_div column-top-margin'   ><section  class='av_textblock_section av-lu8gpqre-73cc2c17e6a6497ba6e1b58af22bd9e8'  itemscope=\"itemscope\" itemtype=\"https:\/\/schema.org\/CreativeWork\" ><div class='avia_textblock'  itemprop=\"text\" ><h2>Quels sont les avantages des mod\u00e8les Renault Trafic ?<\/h2>\n<p>Comme tous les autres <a href=\"https:\/\/www.vdhurk.nl\/fr\/renault-commercial-vehicles\/\">v\u00e9hicules utilitaires de Renault<\/a> un v\u00e9hicule fiable. Et ce n'est pas tout. Outre la fiabilit\u00e9, vous b\u00e9n\u00e9ficiez de nombreux autres avantages. Nous sommes heureux de vous en pr\u00e9senter les principaux :<\/p>\n<ul>\n<li><strong>Confort et facilit\u00e9 d'utilisation :<\/strong> ce v\u00e9hicule est dot\u00e9 d'un int\u00e9rieur intelligemment con\u00e7u qui rend chaque trajet agr\u00e9able pour le conducteur et le passager.<\/li>\n<li><strong>Espace de chargement optimal :<\/strong> Pas de manque d'espace. En fait, le Trafic dispose de beaucoup d'espace avec diverses options de rangement.<\/li>\n<li><strong>Caract\u00e9ristiques de s\u00e9curit\u00e9 :<\/strong> Bien entendu, la s\u00e9curit\u00e9 passe avant tout. C'est pourquoi ce mod\u00e8le est dot\u00e9 de plusieurs nouveaux syst\u00e8mes d'aide \u00e0 la conduite tels que l'ABS, l'ESP et l'assistant de freinage d'urgence.<\/li>\n<li><strong>Design \u00e9l\u00e9gant et pratique :<\/strong> ce fourgon d'entreprise est \u00e0 la fois \u00e9l\u00e9gant et fonctionnel. Le design \u00e9l\u00e9gant et moderne donne \u00e0 votre entreprise un aspect professionnel, tandis que la construction robuste garantit que le fourgon est adapt\u00e9 \u00e0 une utilisation quotidienne.<\/li>\n<\/ul>\n<p>Gr\u00e2ce \u00e0 ces avantages, vous \u00eates assur\u00e9 de disposer d'une voiture de soci\u00e9t\u00e9 non seulement fiable, mais aussi parfaitement adapt\u00e9e \u00e0 vos besoins quotidiens.<\/p>\n<\/div><\/section><\/div><div class='flex_column av-aldk9-ee694297f5c4032981677a02caab84d6 av_one_third  avia-builder-el-7  el_after_av_one_half  el_before_av_hr  flex_column_div column-top-margin'   ><style type=\"text\/css\" data-created_by=\"avia_inline_auto\" id=\"style-css-av-l1w9kpsf-4ec3fab772ec7a9adaa33cfc64ff0475\">\n.avia-image-container.av-l1w9kpsf-4ec3fab772ec7a9adaa33cfc64ff0475 .av-image-caption-overlay-center{\ncolor:#ffffff;\n}\n<\/style>\n<div  class='avia-image-container av-l1w9kpsf-4ec3fab772ec7a9adaa33cfc64ff0475 av-styling- avia-align-center  avia-builder-el-8  avia-builder-el-no-sibling'  itemprop=\"image\" itemscope=\"itemscope\" itemtype=\"https:\/\/schema.org\/ImageObject\" ><div class=\"avia-image-container-inner\"><div class=\"avia-image-overlay-wrap\"><img decoding=\"async\" class='wp-image-187 avia-img-lazy-loading-not-187 avia_image' src=\"https:\/\/www.vdhurk.nl\/wp-content\/uploads\/2022\/03\/Voorrad.png\" alt='' title='Stock'  height=\"758\" width=\"1135\"  itemprop=\"thumbnailUrl\" srcset=\"https:\/\/www.vdhurk.nl\/wp-content\/uploads\/2022\/03\/Voorrad.png 1135w, https:\/\/www.vdhurk.nl\/wp-content\/uploads\/2022\/03\/Voorrad-300x200.png 300w, https:\/\/www.vdhurk.nl\/wp-content\/uploads\/2022\/03\/Voorrad-1030x688.png 1030w, https:\/\/www.vdhurk.nl\/wp-content\/uploads\/2022\/03\/Voorrad-768x513.png 768w, https:\/\/www.vdhurk.nl\/wp-content\/uploads\/2022\/03\/Voorrad-18x12.png 18w, https:\/\/www.vdhurk.nl\/wp-content\/uploads\/2022\/03\/Voorrad-705x471.png 705w\" sizes=\"(max-width: 1135px) 100vw, 1135px\" \/><\/div><\/div><\/div><\/div><\/p>\n\n<style type=\"text\/css\" data-created_by=\"avia_inline_auto\" id=\"style-css-av-luqrjpjc-5a23a1fb5f94718ca85316a9df963e2f\">\n#top .hr.hr-invisible.av-luqrjpjc-5a23a1fb5f94718ca85316a9df963e2f{\nheight:50px;\n}\n<\/style>\n<div  class='hr av-luqrjpjc-5a23a1fb5f94718ca85316a9df963e2f hr-invisible  avia-builder-el-9  el_after_av_one_third  el_before_av_textblock'><span class='hr-inner'><span class=\"hr-inner-style\"><\/span><\/span><\/div>\n<section  class='av_textblock_section av-lu8gtjw7-4f3cee9304909518d86d2860d9d582dd'  itemscope=\"itemscope\" itemtype=\"https:\/\/schema.org\/CreativeWork\" ><div class='avia_textblock'  itemprop=\"text\" ><h2>Acheter un Renault Trafic : quelles sont les possibilit\u00e9s d'achat ?<\/h2>\n<p>Saviez-vous que Van den Hurk vous offre plusieurs possibilit\u00e9s de paiement ? Vous voulez payer votre v\u00e9hicule utilitaire en une seule fois ? Pas de probl\u00e8me ! Mais avez-vous aussi pens\u00e9 au leasing d'un Renault Trafic ? C'est l'option id\u00e9ale si vous ne souhaitez pas d\u00e9penser une grosse somme d'argent tout de suite. A <a href=\"https:\/\/www.vdhurk.nl\/fr\/location-financiere\/\">location financi\u00e8re<\/a> vous payez un montant fixe par mois, ce qui vous permet d'avoir un budget flexible. L'avantage : \u00e0 la fin du contrat de leasing, vous devenez propri\u00e9taire du Renault Trafic. Vous conduisez donc imm\u00e9diatement votre voiture de soci\u00e9t\u00e9 id\u00e9ale, sans faire un gros investissement en une seule fois.<\/p>\n<h2>\u00c0 quels prix devriez-vous penser ?<\/h2>\n<p>Les prix d'un Renault Trafic varient, et pour cause. Dans notre offre actuelle, vous trouverez diff\u00e9rentes versions et ann\u00e9es de mod\u00e8le, ce qui donne une large fourchette de prix. Il est donc difficile de donner une indication de prix standard. Mais gr\u00e2ce \u00e0 notre offre \u00e9volutive, il y a toujours une voiture de soci\u00e9t\u00e9 qui correspond \u00e0 votre budget. Vous \u00eates curieux de conna\u00eetre les prix ou vous avez besoin de conseils ? N'h\u00e9sitez pas \u00e0 nous contacter, nous nous ferons un plaisir de vous aider.<\/p>\n<h2>Trouvez la voiture de soci\u00e9t\u00e9 id\u00e9ale<\/h2>\n<p>Vous avez trouv\u00e9 un Renault Trafic occasion ou un nouveau mod\u00e8le qui correspond exactement \u00e0 vos besoins ? C'est parfait ! Vous n'avez pas encore trouv\u00e9 ce que vous cherchez ? Ne vous inqui\u00e9tez pas. Inscrivez-vous \u00e0 notre <a href=\"https:\/\/www.vdhurk.nl\/fr\/alerte-boursiere\/\">alerte boursi\u00e8re<\/a> et de se tenir facilement au courant des nouveaux v\u00e9hicules qui arrivent. Ainsi, ensemble, nous vous aiderons \u00e0 trouver le v\u00e9hicule utilitaire id\u00e9al.<\/p>\n<h2><b>Voir les diff\u00e9rentes options<\/b><\/h2>\n<p>Vous \u00eates convaincu d'acheter une Citro\u00ebn Jumpy d'occasion ? Ou vous avez besoin d'informations compl\u00e9mentaires ? Nous sommes pr\u00eats \u00e0 r\u00e9pondre \u00e0 toutes vos questions et \u00e0 vous aider \u00e0 faire le bon choix. Contactez-nous pour plus de d\u00e9tails ou consultez notre gamme actuelle pour trouver le v\u00e9hicule utilitaire id\u00e9al. Acheter un Citro\u00ebn Jumpy n'a jamais \u00e9t\u00e9 aussi facile.<\/p>\n<\/div><\/section>","protected":false},"excerpt":{"rendered":"","protected":false},"author":3,"featured_media":0,"parent":372057,"menu_order":0,"comment_status":"closed","ping_status":"closed","template":"","meta":{"_acf_changed":false,"_improvement_type_select":"improve_an_existing","_thumb_yes_seoaic":false,"_frame_yes_seoaic":false,"seoaic_generate_description":"","seoaic_improve_instructions_prompt":"","seoaic_rollback_content_improvement":"","seoaic_idea_thumbnail_generator":"","thumbnail_generated":false,"thumbnail_generate_prompt":"","seoaic_article_description":"","footnotes":""},"class_list":["post-409484","page","type-page","status-publish","hentry"],"acf":[],"yoast_head":"<!-- This site is optimized with the Yoast SEO plugin v27.3 - https:\/\/yoast.com\/product\/yoast-seo-wordpress\/ -->\n<title>Vind de Renault Trafic occasion die aan jouw wensen voldoet<\/title>\n<meta name=\"description\" content=\"Ben je op zoek naar een betrouwbare Renault Trafic occasion voor jouw zakelijke behoeften? Bekijk ons aanbod en vind de uitvoering die perfect bij jou past.\" \/>\n<meta name=\"robots\" content=\"index, follow, max-snippet:-1, max-image-preview:large, max-video-preview:-1\" \/>\n<link rel=\"canonical\" href=\"https:\/\/www.vdhurk.nl\/fr\/renault-commercial-vehicles\/mercedes-7\/\" \/>\n<meta property=\"og:locale\" content=\"fr_FR\" \/>\n<meta property=\"og:type\" content=\"article\" \/>\n<meta property=\"og:title\" content=\"Vind de Renault Trafic occasion die aan jouw wensen voldoet\" \/>\n<meta property=\"og:description\" content=\"Ben je op zoek naar een betrouwbare Renault Trafic occasion voor jouw zakelijke behoeften? Bekijk ons aanbod en vind de uitvoering die perfect bij jou past.\" \/>\n<meta property=\"og:url\" content=\"https:\/\/www.vdhurk.nl\/fr\/renault-commercial-vehicles\/mercedes-7\/\" \/>\n<meta property=\"og:site_name\" content=\"Van den Hurk Bedrijfswagens\" \/>\n<meta name=\"twitter:card\" content=\"summary_large_image\" \/>\n<meta name=\"twitter:label1\" content=\"Dur\u00e9e de lecture estim\u00e9e\" \/>\n\t<meta name=\"twitter:data1\" content=\"5 minutes\" \/>\n<script type=\"application\/ld+json\" class=\"yoast-schema-graph\">{\"@context\":\"https:\\\/\\\/schema.org\",\"@graph\":[{\"@type\":\"WebPage\",\"@id\":\"https:\\\/\\\/www.vdhurk.nl\\\/renault-bedrijfswagens\\\/trafic\\\/\",\"url\":\"https:\\\/\\\/www.vdhurk.nl\\\/renault-bedrijfswagens\\\/trafic\\\/\",\"name\":\"Vind de Renault Trafic occasion die aan jouw wensen voldoet\",\"isPartOf\":{\"@id\":\"https:\\\/\\\/www.vdhurk.nl\\\/#website\"},\"datePublished\":\"2024-10-16T13:21:36+00:00\",\"description\":\"Ben je op zoek naar een betrouwbare Renault Trafic occasion voor jouw zakelijke behoeften? Bekijk ons aanbod en vind de uitvoering die perfect bij jou past.\",\"breadcrumb\":{\"@id\":\"https:\\\/\\\/www.vdhurk.nl\\\/renault-bedrijfswagens\\\/trafic\\\/#breadcrumb\"},\"inLanguage\":\"fr-FR\",\"potentialAction\":[{\"@type\":\"ReadAction\",\"target\":[\"https:\\\/\\\/www.vdhurk.nl\\\/renault-bedrijfswagens\\\/trafic\\\/\"]}]},{\"@type\":\"BreadcrumbList\",\"@id\":\"https:\\\/\\\/www.vdhurk.nl\\\/renault-bedrijfswagens\\\/trafic\\\/#breadcrumb\",\"itemListElement\":[{\"@type\":\"ListItem\",\"position\":1,\"name\":\"Home\",\"item\":\"https:\\\/\\\/www.vdhurk.nl\\\/home\\\/\"},{\"@type\":\"ListItem\",\"position\":2,\"name\":\"Renault Bedrijfswagens\",\"item\":\"https:\\\/\\\/www.vdhurk.nl\\\/renault-bedrijfswagens\\\/\"},{\"@type\":\"ListItem\",\"position\":3,\"name\":\"Renault Trafic\"}]},{\"@type\":\"WebSite\",\"@id\":\"https:\\\/\\\/www.vdhurk.nl\\\/#website\",\"url\":\"https:\\\/\\\/www.vdhurk.nl\\\/\",\"name\":\"Van den Hurk Bedrijfswagens\",\"description\":\"Van den Hurk bedrijfswagens Helmond\",\"potentialAction\":[{\"@type\":\"SearchAction\",\"target\":{\"@type\":\"EntryPoint\",\"urlTemplate\":\"https:\\\/\\\/www.vdhurk.nl\\\/?s={search_term_string}\"},\"query-input\":{\"@type\":\"PropertyValueSpecification\",\"valueRequired\":true,\"valueName\":\"search_term_string\"}}],\"inLanguage\":\"fr-FR\"}]}<\/script>\n<!-- \/ Yoast SEO plugin. -->","yoast_head_json":{"title":"Trouvez le v\u00e9hicule d'occasion Renault Trafic qui correspond \u00e0 vos besoins","description":"Vous cherchez une voiture d'occasion Renault Trafic fiable pour vos besoins professionnels ? Consultez notre offre et trouvez la version qui vous convient le mieux.","robots":{"index":"index","follow":"follow","max-snippet":"max-snippet:-1","max-image-preview":"max-image-preview:large","max-video-preview":"max-video-preview:-1"},"canonical":"https:\/\/www.vdhurk.nl\/fr\/renault-commercial-vehicles\/mercedes-7\/","og_locale":"fr_FR","og_type":"article","og_title":"Vind de Renault Trafic occasion die aan jouw wensen voldoet","og_description":"Ben je op zoek naar een betrouwbare Renault Trafic occasion voor jouw zakelijke behoeften? Bekijk ons aanbod en vind de uitvoering die perfect bij jou past.","og_url":"https:\/\/www.vdhurk.nl\/fr\/renault-commercial-vehicles\/mercedes-7\/","og_site_name":"Van den Hurk Bedrijfswagens","twitter_card":"summary_large_image","twitter_misc":{"Dur\u00e9e de lecture estim\u00e9e":"5 minutes"},"schema":{"@context":"https:\/\/schema.org","@graph":[{"@type":"WebPage","@id":"https:\/\/www.vdhurk.nl\/renault-bedrijfswagens\/trafic\/","url":"https:\/\/www.vdhurk.nl\/renault-bedrijfswagens\/trafic\/","name":"Trouvez le v\u00e9hicule d'occasion Renault Trafic qui correspond \u00e0 vos besoins","isPartOf":{"@id":"https:\/\/www.vdhurk.nl\/#website"},"datePublished":"2024-10-16T13:21:36+00:00","description":"Vous cherchez une voiture d'occasion Renault Trafic fiable pour vos besoins professionnels ? Consultez notre offre et trouvez la version qui vous convient le mieux.","breadcrumb":{"@id":"https:\/\/www.vdhurk.nl\/renault-bedrijfswagens\/trafic\/#breadcrumb"},"inLanguage":"fr-FR","potentialAction":[{"@type":"ReadAction","target":["https:\/\/www.vdhurk.nl\/renault-bedrijfswagens\/trafic\/"]}]},{"@type":"BreadcrumbList","@id":"https:\/\/www.vdhurk.nl\/renault-bedrijfswagens\/trafic\/#breadcrumb","itemListElement":[{"@type":"ListItem","position":1,"name":"Home","item":"https:\/\/www.vdhurk.nl\/home\/"},{"@type":"ListItem","position":2,"name":"Renault Bedrijfswagens","item":"https:\/\/www.vdhurk.nl\/renault-bedrijfswagens\/"},{"@type":"ListItem","position":3,"name":"Renault Trafic"}]},{"@type":"WebSite","@id":"https:\/\/www.vdhurk.nl\/#website","url":"https:\/\/www.vdhurk.nl\/","name":"V\u00e9hicules utilitaires Van den Hurk","description":"V\u00e9hicules utilitaires Van den Hurk Helmond","potentialAction":[{"@type":"SearchAction","target":{"@type":"EntryPoint","urlTemplate":"https:\/\/www.vdhurk.nl\/?s={search_term_string}"},"query-input":{"@type":"PropertyValueSpecification","valueRequired":true,"valueName":"search_term_string"}}],"inLanguage":"fr-FR"}]}},"_links":{"self":[{"href":"https:\/\/www.vdhurk.nl\/fr\/wp-json\/wp\/v2\/pages\/409484","targetHints":{"allow":["GET"]}}],"collection":[{"href":"https:\/\/www.vdhurk.nl\/fr\/wp-json\/wp\/v2\/pages"}],"about":[{"href":"https:\/\/www.vdhurk.nl\/fr\/wp-json\/wp\/v2\/types\/page"}],"author":[{"embeddable":true,"href":"https:\/\/www.vdhurk.nl\/fr\/wp-json\/wp\/v2\/users\/3"}],"replies":[{"embeddable":true,"href":"https:\/\/www.vdhurk.nl\/fr\/wp-json\/wp\/v2\/comments?post=409484"}],"version-history":[{"count":2,"href":"https:\/\/www.vdhurk.nl\/fr\/wp-json\/wp\/v2\/pages\/409484\/revisions"}],"predecessor-version":[{"id":409558,"href":"https:\/\/www.vdhurk.nl\/fr\/wp-json\/wp\/v2\/pages\/409484\/revisions\/409558"}],"up":[{"embeddable":true,"href":"https:\/\/www.vdhurk.nl\/fr\/wp-json\/wp\/v2\/pages\/372057"}],"wp:attachment":[{"href":"https:\/\/www.vdhurk.nl\/fr\/wp-json\/wp\/v2\/media?parent=409484"}],"curies":[{"name":"wp","href":"https:\/\/api.w.org\/{rel}","templated":true}]}}