{"id":405925,"date":"2024-09-20T11:48:58","date_gmt":"2024-09-20T09:48:58","guid":{"rendered":"https:\/\/www.vdhurk.nl\/?page_id=405925"},"modified":"2024-09-20T11:48:58","modified_gmt":"2024-09-20T09:48:58","slug":"mercedes-6","status":"publish","type":"page","link":"https:\/\/www.vdhurk.nl\/fr\/peugeot-bedrijfswagens\/partner\/","title":{"rendered":"Peugeot Partner"},"content":{"rendered":"<section  class='av_textblock_section av-lu8gnh7d-4ac895489941e586c1d7c8cb72318135'  itemscope=\"itemscope\" itemtype=\"https:\/\/schema.org\/CreativeWork\" ><div class='avia_textblock'  itemprop=\"text\" ><h1>Vous cherchez un v\u00e9hicule d'occasion Peugeot Partner ?<\/h1>\n<p>Vous \u00eates \u00e0 la recherche d'un nouveau v\u00e9hicule utilitaire ? Le Peugeot Partner occasion est certainement un choix judicieux ! Ce v\u00e9hicule utilitaire compact est dot\u00e9 de caract\u00e9ristiques utiles qui le rendent parfait pour toute entreprise. Curieux de savoir ce que ce v\u00e9hicule a \u00e0 offrir ? Lisez vite ce qui suit et d\u00e9couvrez tout ce que vous devez savoir sur le Peugeot Partner.<\/p>\n<\/div><\/section>\n\n<style type=\"text\/css\" data-created_by=\"avia_inline_auto\" id=\"style-css-av-lujjddpd-afa3d7a9eabd61123e643ed1228e781e\">\n#top .hr.hr-invisible.av-lujjddpd-afa3d7a9eabd61123e643ed1228e781e{\nheight:50px;\n}\n<\/style>\n<div  class='hr av-lujjddpd-afa3d7a9eabd61123e643ed1228e781e hr-invisible  avia-builder-el-1  el_after_av_textblock  el_before_av_codeblock'><span class='hr-inner'><span class=\"hr-inner-style\"><\/span><\/span><\/div>\n\n\n<style type=\"text\/css\" data-created_by=\"avia_inline_auto\" id=\"style-css-av-ah0xd-63338d9dc6b40410e22a712829c369d6\">\n#top .hr.hr-invisible.av-ah0xd-63338d9dc6b40410e22a712829c369d6{\nheight:50px;\n}\n<\/style>\n<div  class='hr av-ah0xd-63338d9dc6b40410e22a712829c369d6 hr-invisible  avia-builder-el-3  el_after_av_codeblock  el_before_av_textblock'><span class='hr-inner'><span class=\"hr-inner-style\"><\/span><\/span><\/div>\n<section  class='av_textblock_section av-lu8gow1e-300853e458ed741bd87d6cb78e55cc7a'  itemscope=\"itemscope\" itemtype=\"https:\/\/schema.org\/CreativeWork\" ><div class='avia_textblock'  itemprop=\"text\" ><h2>Quelles sont les caract\u00e9ristiques du Peugeot Partner ?<\/h2>\n<p>Les v\u00e9hicules utilitaires Peugeot sont fiables et polyvalents, et ce mod\u00e8le ne fait pas exception. Mais quelles sont les autres caract\u00e9ristiques du Peugeot Partner ? Nous nous ferons un plaisir de les \u00e9num\u00e9rer :<\/p>\n<ul>\n<li><strong>Taille compacte<\/strong>Le v\u00e9hicule utilitaire : avec sa taille compacte, ce v\u00e9hicule utilitaire se d\u00e9place sans effort en ville et dans la circulation urbaine dense.<\/li>\n<li><strong>Espace de chargement spacieux :<\/strong> Avec une grande capacit\u00e9 de chargement, ce v\u00e9hicule est parfait pour stocker des objets.<\/li>\n<li><strong>Int\u00e9rieur flexible :<\/strong> ce mod\u00e8le offre un int\u00e9rieur spacieux et ergonomique avec des si\u00e8ges confortables. Id\u00e9al si vous parcourez r\u00e9guli\u00e8rement de longues distances.<\/li>\n<li><strong>Manuel et automatique :<\/strong> Vous avez le choix entre des moteurs diesel avec de multiples options de motorisation et vous pouvez choisir entre une transmission manuelle ou automatique.<\/li>\n<li><strong>Dispositifs de s\u00e9curit\u00e9<\/strong>La s\u00e9curit\u00e9 n'est pas un souci pour vous. En effet, ce mod\u00e8le est dot\u00e9 de plusieurs syst\u00e8mes de s\u00e9curit\u00e9 qui vous permettent d'aller d'un point \u00e0 un autre en toute s\u00e9curit\u00e9.<\/li>\n<\/ul>\n<p>Avec toutes ces caract\u00e9ristiques, le Peugeot Partner est la voiture de soci\u00e9t\u00e9 qui vous permettra de prendre la route chaque jour de mani\u00e8re fiable et efficace.<\/p>\n<\/div><\/section>\n<div class='flex_column av-f64w1-da126f42b61613402309283c14245a25 av_one_half  avia-builder-el-5  el_after_av_textblock  el_before_av_one_third  first flex_column_div column-top-margin'   ><section  class='av_textblock_section av-lu8gpqre-73cc2c17e6a6497ba6e1b58af22bd9e8'  itemscope=\"itemscope\" itemtype=\"https:\/\/schema.org\/CreativeWork\" ><div class='avia_textblock'  itemprop=\"text\" ><h2>Disponible en diff\u00e9rentes versions<\/h2>\n<p>Vous avez envie d'un Peugeot Partner ? Vous avez le choix entre plusieurs versions. Vous pr\u00e9f\u00e9rez la bo\u00eete de vitesses manuelle ou l'automatisme ? Pas de probl\u00e8me, le Partner dispose des deux options. En ce qui concerne la capacit\u00e9 de chargement, vous serez \u00e9galement satisfait, car il existe de nombreuses possibilit\u00e9s de transporter facilement toutes vos affaires. Ce mod\u00e8le vous offre exactement la polyvalence que vous recherchez. Et votre voiture de soci\u00e9t\u00e9 id\u00e9ale ne se trouve pas parmi eux en ce moment ? Pas de panique ! Notre offre change r\u00e9guli\u00e8rement, de sorte que votre Peugeot Partner id\u00e9al peut \u00eatre disponible \u00e0 tout moment. Suivez donc de pr\u00e8s notre offre actuelle !<\/p>\n<\/div><\/section><\/div><div class='flex_column av-aldk9-ee694297f5c4032981677a02caab84d6 av_one_third  avia-builder-el-7  el_after_av_one_half  el_before_av_hr  flex_column_div column-top-margin'   ><style type=\"text\/css\" data-created_by=\"avia_inline_auto\" id=\"style-css-av-l1w9kpsf-4ec3fab772ec7a9adaa33cfc64ff0475\">\n.avia-image-container.av-l1w9kpsf-4ec3fab772ec7a9adaa33cfc64ff0475 .av-image-caption-overlay-center{\ncolor:#ffffff;\n}\n<\/style>\n<div  class='avia-image-container av-l1w9kpsf-4ec3fab772ec7a9adaa33cfc64ff0475 av-styling- avia-align-center  avia-builder-el-8  avia-builder-el-no-sibling'  itemprop=\"image\" itemscope=\"itemscope\" itemtype=\"https:\/\/schema.org\/ImageObject\" ><div class=\"avia-image-container-inner\"><div class=\"avia-image-overlay-wrap\"><img decoding=\"async\" class='wp-image-187 avia-img-lazy-loading-not-187 avia_image' src=\"https:\/\/www.vdhurk.nl\/wp-content\/uploads\/2022\/03\/Voorrad.png\" alt='' title='Stock'  height=\"758\" width=\"1135\"  itemprop=\"thumbnailUrl\" srcset=\"https:\/\/www.vdhurk.nl\/wp-content\/uploads\/2022\/03\/Voorrad.png 1135w, https:\/\/www.vdhurk.nl\/wp-content\/uploads\/2022\/03\/Voorrad-300x200.png 300w, https:\/\/www.vdhurk.nl\/wp-content\/uploads\/2022\/03\/Voorrad-1030x688.png 1030w, https:\/\/www.vdhurk.nl\/wp-content\/uploads\/2022\/03\/Voorrad-768x513.png 768w, https:\/\/www.vdhurk.nl\/wp-content\/uploads\/2022\/03\/Voorrad-18x12.png 18w, https:\/\/www.vdhurk.nl\/wp-content\/uploads\/2022\/03\/Voorrad-705x471.png 705w\" sizes=\"(max-width: 1135px) 100vw, 1135px\" \/><\/div><\/div><\/div><\/div><\/p>\n\n<style type=\"text\/css\" data-created_by=\"avia_inline_auto\" id=\"style-css-av-luqrjpjc-5a23a1fb5f94718ca85316a9df963e2f\">\n#top .hr.hr-invisible.av-luqrjpjc-5a23a1fb5f94718ca85316a9df963e2f{\nheight:50px;\n}\n<\/style>\n<div  class='hr av-luqrjpjc-5a23a1fb5f94718ca85316a9df963e2f hr-invisible  avia-builder-el-9  el_after_av_one_third  el_before_av_textblock'><span class='hr-inner'><span class=\"hr-inner-style\"><\/span><\/span><\/div>\n<section  class='av_textblock_section av-lu8gtjw7-4f3cee9304909518d86d2860d9d582dd'  itemscope=\"itemscope\" itemtype=\"https:\/\/schema.org\/CreativeWork\" ><div class='avia_textblock'  itemprop=\"text\" ><h2>Acheter un Peugeot Partner d'occasion ou neuf : quels sont les prix ?<\/h2>\n<p>Les prix d'un Peugeot Partner varient, ce qui n'est pas surprenant. Dans notre gamme, vous trouverez aussi bien des mod\u00e8les simples de Peugeot Partner que des versions enti\u00e8rement \u00e9quip\u00e9es. L'offre actuelle \u00e9tant en constante \u00e9volution, nous ne pouvons pas donner d'indication de prix exacte. L'offre \u00e9tant en constante \u00e9volution, il y a toujours quelque chose dans votre gamme de prix.<\/p>\n<h2>Le cr\u00e9dit-bail est-il fait pour vous ?<\/h2>\n<p>Saviez-vous que vous avez plusieurs possibilit\u00e9s de paiement chez Van den Hurk ? Vous voulez acheter un Peugeot Partner tout de suite ? C'est possible ! Mais saviez-vous que <a href=\"https:\/\/www.vdhurk.nl\/fr\/location-financiere\/\">location financi\u00e8re<\/a> est \u00e9galement possible ? Le leasing d'un Peugeot Partner vous permet de payer un montant fixe par mois au lieu de verser une somme importante en une seule fois. Le v\u00e9hicule devient progressivement votre propri\u00e9t\u00e9 au cours du contrat de leasing. La fin du contrat de leasing est arriv\u00e9e ? Alors, f\u00e9licitations ! Vous \u00eates d\u00e9sormais officiellement propri\u00e9taire, sans avoir \u00e0 investir une somme importante en une seule fois. En r\u00e9sum\u00e9, avec le leasing financier, vous b\u00e9n\u00e9ficiez du meilleur des deux mondes : une nouvelle voiture de soci\u00e9t\u00e9 et un moyen de paiement abordable !<\/p>\n<h2>D\u00e9couvrez la gamme pour trouver votre Peugeot Partner id\u00e9al<\/h2>\n<p>Enthousiasm\u00e9 par le Peugeot Partner occasion ? Ou vous avez besoin de plus d'informations ? En tant que concessionnaire Peugeot Partner, nous sommes toujours pr\u00eats \u00e0 r\u00e9pondre \u00e0 vos questions. Il est important pour nous de vous aider \u00e0 faire le bon choix. Jetez donc un coup d'\u0153il \u00e0 notre offre actuelle ou contactez-nous pour plus d'informations.<\/p>\n<\/div><\/section>","protected":false},"excerpt":{"rendered":"","protected":false},"author":3,"featured_media":0,"parent":370581,"menu_order":0,"comment_status":"closed","ping_status":"closed","template":"","meta":{"_acf_changed":false,"_improvement_type_select":"improve_an_existing","_thumb_yes_seoaic":false,"_frame_yes_seoaic":false,"seoaic_generate_description":"","seoaic_improve_instructions_prompt":"","seoaic_rollback_content_improvement":"","seoaic_idea_thumbnail_generator":"","thumbnail_generated":false,"thumbnail_generate_prompt":"","seoaic_article_description":"","footnotes":""},"class_list":["post-405925","page","type-page","status-publish","hentry"],"acf":[],"yoast_head":"<!-- This site is optimized with the Yoast SEO plugin v27.5 - https:\/\/yoast.com\/product\/yoast-seo-wordpress\/ -->\n<title>Kies jouw Peugeot Partner occasion | Ontdek de mogelijkheden<\/title>\n<meta name=\"description\" content=\"Overweeg je een Peugeot Partner te kopen? Bekijk het gehele aanbod en vind het voertuig dat helemaal aansluit bij jouw wensen en behoeften.\" \/>\n<meta name=\"robots\" content=\"index, follow, max-snippet:-1, max-image-preview:large, max-video-preview:-1\" \/>\n<link rel=\"canonical\" href=\"https:\/\/www.vdhurk.nl\/fr\/vehicules-utilitaires-peugeot\/mercedes-6\/\" \/>\n<meta property=\"og:locale\" content=\"fr_FR\" \/>\n<meta property=\"og:type\" content=\"article\" \/>\n<meta property=\"og:title\" content=\"Kies jouw Peugeot Partner occasion | Ontdek de mogelijkheden\" \/>\n<meta property=\"og:description\" content=\"Overweeg je een Peugeot Partner te kopen? Bekijk het gehele aanbod en vind het voertuig dat helemaal aansluit bij jouw wensen en behoeften.\" \/>\n<meta property=\"og:url\" content=\"https:\/\/www.vdhurk.nl\/fr\/vehicules-utilitaires-peugeot\/mercedes-6\/\" \/>\n<meta property=\"og:site_name\" content=\"Van den Hurk Bedrijfswagens\" \/>\n<meta name=\"twitter:card\" content=\"summary_large_image\" \/>\n<meta name=\"twitter:label1\" content=\"Dur\u00e9e de lecture estim\u00e9e\" \/>\n\t<meta name=\"twitter:data1\" content=\"5 minutes\" \/>\n<script type=\"application\/ld+json\" class=\"yoast-schema-graph\">{\"@context\":\"https:\\\/\\\/schema.org\",\"@graph\":[{\"@type\":\"WebPage\",\"@id\":\"https:\\\/\\\/www.vdhurk.nl\\\/peugeot-bedrijfswagens\\\/partner\\\/\",\"url\":\"https:\\\/\\\/www.vdhurk.nl\\\/peugeot-bedrijfswagens\\\/partner\\\/\",\"name\":\"Kies jouw Peugeot Partner occasion | Ontdek de mogelijkheden\",\"isPartOf\":{\"@id\":\"https:\\\/\\\/www.vdhurk.nl\\\/#website\"},\"datePublished\":\"2024-09-20T09:48:58+00:00\",\"description\":\"Overweeg je een Peugeot Partner te kopen? Bekijk het gehele aanbod en vind het voertuig dat helemaal aansluit bij jouw wensen en behoeften.\",\"breadcrumb\":{\"@id\":\"https:\\\/\\\/www.vdhurk.nl\\\/peugeot-bedrijfswagens\\\/partner\\\/#breadcrumb\"},\"inLanguage\":\"fr-FR\",\"potentialAction\":[{\"@type\":\"ReadAction\",\"target\":[\"https:\\\/\\\/www.vdhurk.nl\\\/peugeot-bedrijfswagens\\\/partner\\\/\"]}]},{\"@type\":\"BreadcrumbList\",\"@id\":\"https:\\\/\\\/www.vdhurk.nl\\\/peugeot-bedrijfswagens\\\/partner\\\/#breadcrumb\",\"itemListElement\":[{\"@type\":\"ListItem\",\"position\":1,\"name\":\"Home\",\"item\":\"https:\\\/\\\/www.vdhurk.nl\\\/home\\\/\"},{\"@type\":\"ListItem\",\"position\":2,\"name\":\"Peugeot Bedrijfswagens\",\"item\":\"https:\\\/\\\/www.vdhurk.nl\\\/peugeot-bedrijfswagens\\\/\"},{\"@type\":\"ListItem\",\"position\":3,\"name\":\"Peugeot Partner\"}]},{\"@type\":\"WebSite\",\"@id\":\"https:\\\/\\\/www.vdhurk.nl\\\/#website\",\"url\":\"https:\\\/\\\/www.vdhurk.nl\\\/\",\"name\":\"Van den Hurk Bedrijfswagens\",\"description\":\"Van den Hurk bedrijfswagens Helmond\",\"potentialAction\":[{\"@type\":\"SearchAction\",\"target\":{\"@type\":\"EntryPoint\",\"urlTemplate\":\"https:\\\/\\\/www.vdhurk.nl\\\/?s={search_term_string}\"},\"query-input\":{\"@type\":\"PropertyValueSpecification\",\"valueRequired\":true,\"valueName\":\"search_term_string\"}}],\"inLanguage\":\"fr-FR\"}]}<\/script>\n<!-- \/ Yoast SEO plugin. -->","yoast_head_json":{"title":"Choisissez votre Peugeot Partner occasion | D\u00e9couvrez les possibilit\u00e9s","description":"Vous envisagez d'acheter un Peugeot Partner ? Parcourez l'ensemble de la gamme et trouvez le v\u00e9hicule qui vous convient le mieux.","robots":{"index":"index","follow":"follow","max-snippet":"max-snippet:-1","max-image-preview":"max-image-preview:large","max-video-preview":"max-video-preview:-1"},"canonical":"https:\/\/www.vdhurk.nl\/fr\/vehicules-utilitaires-peugeot\/mercedes-6\/","og_locale":"fr_FR","og_type":"article","og_title":"Kies jouw Peugeot Partner occasion | Ontdek de mogelijkheden","og_description":"Overweeg je een Peugeot Partner te kopen? Bekijk het gehele aanbod en vind het voertuig dat helemaal aansluit bij jouw wensen en behoeften.","og_url":"https:\/\/www.vdhurk.nl\/fr\/vehicules-utilitaires-peugeot\/mercedes-6\/","og_site_name":"Van den Hurk Bedrijfswagens","twitter_card":"summary_large_image","twitter_misc":{"Dur\u00e9e de lecture estim\u00e9e":"5 minutes"},"schema":{"@context":"https:\/\/schema.org","@graph":[{"@type":"WebPage","@id":"https:\/\/www.vdhurk.nl\/peugeot-bedrijfswagens\/partner\/","url":"https:\/\/www.vdhurk.nl\/peugeot-bedrijfswagens\/partner\/","name":"Choisissez votre Peugeot Partner occasion | D\u00e9couvrez les possibilit\u00e9s","isPartOf":{"@id":"https:\/\/www.vdhurk.nl\/#website"},"datePublished":"2024-09-20T09:48:58+00:00","description":"Vous envisagez d'acheter un Peugeot Partner ? Parcourez l'ensemble de la gamme et trouvez le v\u00e9hicule qui vous convient le mieux.","breadcrumb":{"@id":"https:\/\/www.vdhurk.nl\/peugeot-bedrijfswagens\/partner\/#breadcrumb"},"inLanguage":"fr-FR","potentialAction":[{"@type":"ReadAction","target":["https:\/\/www.vdhurk.nl\/peugeot-bedrijfswagens\/partner\/"]}]},{"@type":"BreadcrumbList","@id":"https:\/\/www.vdhurk.nl\/peugeot-bedrijfswagens\/partner\/#breadcrumb","itemListElement":[{"@type":"ListItem","position":1,"name":"Home","item":"https:\/\/www.vdhurk.nl\/home\/"},{"@type":"ListItem","position":2,"name":"Peugeot Bedrijfswagens","item":"https:\/\/www.vdhurk.nl\/peugeot-bedrijfswagens\/"},{"@type":"ListItem","position":3,"name":"Peugeot Partner"}]},{"@type":"WebSite","@id":"https:\/\/www.vdhurk.nl\/#website","url":"https:\/\/www.vdhurk.nl\/","name":"V\u00e9hicules utilitaires Van den Hurk","description":"V\u00e9hicules utilitaires Van den Hurk Helmond","potentialAction":[{"@type":"SearchAction","target":{"@type":"EntryPoint","urlTemplate":"https:\/\/www.vdhurk.nl\/?s={search_term_string}"},"query-input":{"@type":"PropertyValueSpecification","valueRequired":true,"valueName":"search_term_string"}}],"inLanguage":"fr-FR"}]}},"_links":{"self":[{"href":"https:\/\/www.vdhurk.nl\/fr\/wp-json\/wp\/v2\/pages\/405925","targetHints":{"allow":["GET"]}}],"collection":[{"href":"https:\/\/www.vdhurk.nl\/fr\/wp-json\/wp\/v2\/pages"}],"about":[{"href":"https:\/\/www.vdhurk.nl\/fr\/wp-json\/wp\/v2\/types\/page"}],"author":[{"embeddable":true,"href":"https:\/\/www.vdhurk.nl\/fr\/wp-json\/wp\/v2\/users\/3"}],"replies":[{"embeddable":true,"href":"https:\/\/www.vdhurk.nl\/fr\/wp-json\/wp\/v2\/comments?post=405925"}],"version-history":[{"count":1,"href":"https:\/\/www.vdhurk.nl\/fr\/wp-json\/wp\/v2\/pages\/405925\/revisions"}],"predecessor-version":[{"id":405926,"href":"https:\/\/www.vdhurk.nl\/fr\/wp-json\/wp\/v2\/pages\/405925\/revisions\/405926"}],"up":[{"embeddable":true,"href":"https:\/\/www.vdhurk.nl\/fr\/wp-json\/wp\/v2\/pages\/370581"}],"wp:attachment":[{"href":"https:\/\/www.vdhurk.nl\/fr\/wp-json\/wp\/v2\/media?parent=405925"}],"curies":[{"name":"wp","href":"https:\/\/api.w.org\/{rel}","templated":true}]}}