{"id":405923,"date":"2024-09-20T11:35:01","date_gmt":"2024-09-20T09:35:01","guid":{"rendered":"https:\/\/www.vdhurk.nl\/?page_id=405923"},"modified":"2024-09-20T11:35:01","modified_gmt":"2024-09-20T09:35:01","slug":"mercedes-11","status":"publish","type":"page","link":"https:\/\/www.vdhurk.nl\/fr\/peugeot-bedrijfswagens\/boxer\/","title":{"rendered":"Peugeot Boxer"},"content":{"rendered":"<section  class='av_textblock_section av-lu8gnh7d-4ac895489941e586c1d7c8cb72318135'  itemscope=\"itemscope\" itemtype=\"https:\/\/schema.org\/CreativeWork\" ><div class='avia_textblock'  itemprop=\"text\" ><h1>Vous achetez un v\u00e9hicule d'occasion Peugeot Boxer ?<\/h1>\n<p>Vous \u00eates \u00e0 la recherche de la voiture de soci\u00e9t\u00e9 id\u00e9ale pour votre entreprise ? Dans ce cas, le Peugeot Boxer occasion vaut vraiment la peine d'\u00eatre envisag\u00e9. Ce v\u00e9hicule utilitaire est tr\u00e8s appr\u00e9ci\u00e9 des utilisateurs professionnels, et ce pour de bonnes raisons. D\u00e9couvrez ici tout ce que vous voulez savoir sur le Peugeot Boxer et d\u00e9cidez si ce v\u00e9hicule utilitaire r\u00e9pond \u00e0 vos besoins et \u00e0 vos envies.<\/p>\n<\/div><\/section>\n\n<style type=\"text\/css\" data-created_by=\"avia_inline_auto\" id=\"style-css-av-lujjddpd-afa3d7a9eabd61123e643ed1228e781e\">\n#top .hr.hr-invisible.av-lujjddpd-afa3d7a9eabd61123e643ed1228e781e{\nheight:50px;\n}\n<\/style>\n<div  class='hr av-lujjddpd-afa3d7a9eabd61123e643ed1228e781e hr-invisible  avia-builder-el-1  el_after_av_textblock  el_before_av_codeblock'><span class='hr-inner'><span class=\"hr-inner-style\"><\/span><\/span><\/div>\n\n\n<style type=\"text\/css\" data-created_by=\"avia_inline_auto\" id=\"style-css-av-ah0xd-63338d9dc6b40410e22a712829c369d6\">\n#top .hr.hr-invisible.av-ah0xd-63338d9dc6b40410e22a712829c369d6{\nheight:50px;\n}\n<\/style>\n<div  class='hr av-ah0xd-63338d9dc6b40410e22a712829c369d6 hr-invisible  avia-builder-el-3  el_after_av_codeblock  el_before_av_textblock'><span class='hr-inner'><span class=\"hr-inner-style\"><\/span><\/span><\/div>\n<section  class='av_textblock_section av-lu8gow1e-300853e458ed741bd87d6cb78e55cc7a'  itemscope=\"itemscope\" itemtype=\"https:\/\/schema.org\/CreativeWork\" ><div class='avia_textblock'  itemprop=\"text\" ><h2>Caract\u00e9ristiques et sp\u00e9cifications du Peugeot Boxer<\/h2>\n<p><a href=\"https:\/\/www.vdhurk.nl\/fr\/vehicules-utilitaires-peugeot\/\">V\u00e9hicules utilitaires Peugeot<\/a> sont connus pour leur polyvalence et leur fiabilit\u00e9, et le Boxer ne fait pas exception. Cette fourgonnette est particuli\u00e8rement appr\u00e9ci\u00e9e des utilisateurs professionnels en raison de son aptitude au transport. Le Boxer offre un int\u00e9rieur spacieux, id\u00e9al pour diverses applications professionnelles. De plus, ce fourgon commercial est connu pour son excellente fiabilit\u00e9 et sa polyvalence. Gr\u00e2ce \u00e0 toute une s\u00e9rie de dispositifs de s\u00e9curit\u00e9, vous \u00eates assur\u00e9 de rouler en toute s\u00e9curit\u00e9 de A \u00e0 B.<\/p>\n<\/div><\/section>\n<div class='flex_column av-f64w1-da126f42b61613402309283c14245a25 av_one_half  avia-builder-el-5  el_after_av_textblock  el_before_av_one_third  first flex_column_div column-top-margin'   ><section  class='av_textblock_section av-lu8gpqre-73cc2c17e6a6497ba6e1b58af22bd9e8'  itemscope=\"itemscope\" itemtype=\"https:\/\/schema.org\/CreativeWork\" ><div class='avia_textblock'  itemprop=\"text\" ><h2>Acheter un Peugeot Boxer : quels sont les avantages ?<\/h2>\n<p>Vous envisagez d'acheter un Peugeot Boxer ? Vous b\u00e9n\u00e9ficiez alors de plusieurs avantages. Nous vous les pr\u00e9sentons afin que vous puissiez faire votre choix en toute connaissance de cause :<\/p>\n<ul>\n<li><strong>Confort<\/strong>L'habitacle du Peugeot Boxer a \u00e9t\u00e9 con\u00e7u dans un souci de confort, pour que les longues journ\u00e9es de travail au volant se d\u00e9roulent sans effort. Gr\u00e2ce \u00e0 ses rangements spacieux et \u00e0 ses \u00e9quipements pratiques, vous vivrez chaque jour une conduite agr\u00e9able.<\/li>\n<li><strong>Polyvalence<\/strong>Le Peugeot Boxer est disponible en plusieurs versions, vous trouverez donc toujours un v\u00e9hicule qui r\u00e9pond parfaitement aux besoins de votre entreprise.<\/li>\n<li><strong>Diff\u00e9rents types de combustibles<\/strong>Le Boxer : Que vous pr\u00e9f\u00e9riez le diesel ou l'\u00e9lectrique, le Boxer offre un choix de types de carburants. Vous pouvez donc facilement trouver le type qui convient le mieux \u00e0 vos habitudes de conduite et \u00e0 votre kilom\u00e9trage.<\/li>\n<\/ul>\n<p>Ce ne sont l\u00e0 que quelques-uns des nombreux avantages offerts par le Peugeot Boxer.<\/p>\n<\/div><\/section><\/div><div class='flex_column av-aldk9-ee694297f5c4032981677a02caab84d6 av_one_third  avia-builder-el-7  el_after_av_one_half  el_before_av_hr  flex_column_div column-top-margin'   ><style type=\"text\/css\" data-created_by=\"avia_inline_auto\" id=\"style-css-av-l1w9kpsf-4ec3fab772ec7a9adaa33cfc64ff0475\">\n.avia-image-container.av-l1w9kpsf-4ec3fab772ec7a9adaa33cfc64ff0475 .av-image-caption-overlay-center{\ncolor:#ffffff;\n}\n<\/style>\n<div  class='avia-image-container av-l1w9kpsf-4ec3fab772ec7a9adaa33cfc64ff0475 av-styling- avia-align-center  avia-builder-el-8  avia-builder-el-no-sibling'  itemprop=\"image\" itemscope=\"itemscope\" itemtype=\"https:\/\/schema.org\/ImageObject\" ><div class=\"avia-image-container-inner\"><div class=\"avia-image-overlay-wrap\"><img decoding=\"async\" class='wp-image-187 avia-img-lazy-loading-not-187 avia_image' src=\"https:\/\/www.vdhurk.nl\/wp-content\/uploads\/2022\/03\/Voorrad.png\" alt='' title='Stock'  height=\"758\" width=\"1135\"  itemprop=\"thumbnailUrl\" srcset=\"https:\/\/www.vdhurk.nl\/wp-content\/uploads\/2022\/03\/Voorrad.png 1135w, https:\/\/www.vdhurk.nl\/wp-content\/uploads\/2022\/03\/Voorrad-300x200.png 300w, https:\/\/www.vdhurk.nl\/wp-content\/uploads\/2022\/03\/Voorrad-1030x688.png 1030w, https:\/\/www.vdhurk.nl\/wp-content\/uploads\/2022\/03\/Voorrad-768x513.png 768w, https:\/\/www.vdhurk.nl\/wp-content\/uploads\/2022\/03\/Voorrad-18x12.png 18w, https:\/\/www.vdhurk.nl\/wp-content\/uploads\/2022\/03\/Voorrad-705x471.png 705w\" sizes=\"(max-width: 1135px) 100vw, 1135px\" \/><\/div><\/div><\/div><\/div><\/p>\n\n<style type=\"text\/css\" data-created_by=\"avia_inline_auto\" id=\"style-css-av-luqrjpjc-5a23a1fb5f94718ca85316a9df963e2f\">\n#top .hr.hr-invisible.av-luqrjpjc-5a23a1fb5f94718ca85316a9df963e2f{\nheight:50px;\n}\n<\/style>\n<div  class='hr av-luqrjpjc-5a23a1fb5f94718ca85316a9df963e2f hr-invisible  avia-builder-el-9  el_after_av_one_third  el_before_av_textblock'><span class='hr-inner'><span class=\"hr-inner-style\"><\/span><\/span><\/div>\n<section  class='av_textblock_section av-lu8gtjw7-4f3cee9304909518d86d2860d9d582dd'  itemscope=\"itemscope\" itemtype=\"https:\/\/schema.org\/CreativeWork\" ><div class='avia_textblock'  itemprop=\"text\" ><h2>Diff\u00e9rentes versions<\/h2>\n<p>Le Peugeot Boxer est disponible en diff\u00e9rentes versions. Il existe par exemple une version \u00e0 dos ouvert, id\u00e9ale pour le transport de personnes. Une version \u00e0 dossier ferm\u00e9 est parfaite pour transporter des marchandises en toute s\u00e9curit\u00e9 et en toute simplicit\u00e9. Vous devez r\u00e9guli\u00e8rement transporter des charges lourdes ? Dans ce cas, une caisse ouverte est tout \u00e0 fait adapt\u00e9e. Le Peugeot Boxer a une capacit\u00e9 de charge allant jusqu'\u00e0 1600 kilos. Vous avez \u00e9galement le choix entre diff\u00e9rentes motorisations dont les puissances vont de 140 \u00e0 180 ch.<\/p>\n<p>Gr\u00e2ce \u00e0 cette diversit\u00e9, vous trouverez toujours un Peugeot Boxer adapt\u00e9 \u00e0 vos besoins. Vous n'avez pas encore trouv\u00e9 ce que vous cherchiez ? Vous n'avez pas encore trouv\u00e9 ce que vous cherchiez ? Notre offre est en constante \u00e9volution, de sorte que votre v\u00e9hicule utilitaire id\u00e9al sera peut-\u00eatre bient\u00f4t disponible. N'h\u00e9sitez donc pas \u00e0 consulter r\u00e9guli\u00e8rement notre <a href=\"https:\/\/www.vdhurk.nl\/fr\/vehicules-commerciaux\/\">offre actuelle<\/a> avec soin. Vous cherchez un mod\u00e8le sp\u00e9cifique ? Faites-le nous savoir via notre <a href=\"https:\/\/www.vdhurk.nl\/fr\/alerte-boursiere\/\">alerte stock<\/a>et nous vous aiderons \u00e0 trouver la voiture de soci\u00e9t\u00e9 id\u00e9ale.<\/p>\n<h2>\u00c0 quels prix devriez-vous penser ?<\/h2>\n<p>Les prix de nos v\u00e9hicules utilitaires varient, et pour cause. Dans notre offre, vous trouverez aussi bien des mod\u00e8les Peugeot Boxer simples que des v\u00e9hicules Peugeot Boxer enti\u00e8rement \u00e9quip\u00e9s. Notre offre actuelle \u00e9tant en constante \u00e9volution, nous ne pouvons pas donner d'indication de prix exacte. Que vous cherchiez un Peugeot Boxer d'occasion ou un nouveau mod\u00e8le, il y a toujours quelque chose qui correspond \u00e0 votre budget.<\/p>\n<h2>Leasing ou achat d'un Peugeot Boxer : quelle est la meilleure option pour vous ?<\/h2>\n<p>Chez Van den Hurk, vous pouvez non seulement acheter directement un v\u00e9hicule utilitaire, mais aussi opter pour un leasing financier. Avec <a href=\"https:\/\/www.vdhurk.nl\/fr\/location-financiere\/\">location financi\u00e8re<\/a> vous payez le v\u00e9hicule mensuellement, ce qui vous \u00e9vite d'investir une somme importante en une seule fois. Pendant la p\u00e9riode de location, le v\u00e9hicule devient progressivement votre propri\u00e9t\u00e9. \u00c0 la fin du contrat de location, vous en \u00eates pleinement propri\u00e9taire, sans devoir effectuer un investissement initial important.<\/p>\n<h2><b>Trouvez votre Peugeot Boxer<\/b><\/h2>\n<p>Vous \u00eates convaincu et pr\u00eat \u00e0 acheter un Peugeot Boxer ? Ou avez-vous besoin d'un compl\u00e9ment d'information ? En tant que concessionnaire Peugeot Boxer, nous sommes pr\u00eats \u00e0 r\u00e9pondre \u00e0 toutes vos questions et \u00e0 vous aider \u00e0 faire le bon choix. Contactez-nous pour plus de d\u00e9tails ou consultez notre gamme actuelle pour trouver le v\u00e9hicule utilitaire id\u00e9al.<\/p>\n<\/div><\/section>","protected":false},"excerpt":{"rendered":"","protected":false},"author":3,"featured_media":0,"parent":370581,"menu_order":0,"comment_status":"closed","ping_status":"closed","template":"","meta":{"_acf_changed":false,"_improvement_type_select":"improve_an_existing","_thumb_yes_seoaic":false,"_frame_yes_seoaic":false,"seoaic_generate_description":"","seoaic_improve_instructions_prompt":"","seoaic_rollback_content_improvement":"","seoaic_idea_thumbnail_generator":"","thumbnail_generated":false,"thumbnail_generate_prompt":"","seoaic_article_description":"","footnotes":""},"class_list":["post-405923","page","type-page","status-publish","hentry"],"acf":[],"yoast_head":"<!-- This site is optimized with the Yoast SEO plugin v27.5 - https:\/\/yoast.com\/product\/yoast-seo-wordpress\/ -->\n<title>Vind jouw Peugeot Boxer occasion | Bekijk de mogelijkheden<\/title>\n<meta name=\"description\" content=\"Overweeg je een Peugeot Boxer occasion aan te schaffen? Bekijk dan ons aanbod en vind de bedrijfswagen die perfect aansluit bij jouw behoeften en gebruik.\" \/>\n<meta name=\"robots\" content=\"index, follow, max-snippet:-1, max-image-preview:large, max-video-preview:-1\" \/>\n<link rel=\"canonical\" href=\"https:\/\/www.vdhurk.nl\/fr\/vehicules-utilitaires-peugeot\/mercedes-11\/\" \/>\n<meta property=\"og:locale\" content=\"fr_FR\" \/>\n<meta property=\"og:type\" content=\"article\" \/>\n<meta property=\"og:title\" content=\"Vind jouw Peugeot Boxer occasion | Bekijk de mogelijkheden\" \/>\n<meta property=\"og:description\" content=\"Overweeg je een Peugeot Boxer occasion aan te schaffen? Bekijk dan ons aanbod en vind de bedrijfswagen die perfect aansluit bij jouw behoeften en gebruik.\" \/>\n<meta property=\"og:url\" content=\"https:\/\/www.vdhurk.nl\/fr\/vehicules-utilitaires-peugeot\/mercedes-11\/\" \/>\n<meta property=\"og:site_name\" content=\"Van den Hurk Bedrijfswagens\" \/>\n<meta name=\"twitter:card\" content=\"summary_large_image\" \/>\n<meta name=\"twitter:label1\" content=\"Dur\u00e9e de lecture estim\u00e9e\" \/>\n\t<meta name=\"twitter:data1\" content=\"5 minutes\" \/>\n<script type=\"application\/ld+json\" class=\"yoast-schema-graph\">{\"@context\":\"https:\\\/\\\/schema.org\",\"@graph\":[{\"@type\":\"WebPage\",\"@id\":\"https:\\\/\\\/www.vdhurk.nl\\\/peugeot-bedrijfswagens\\\/boxer\\\/\",\"url\":\"https:\\\/\\\/www.vdhurk.nl\\\/peugeot-bedrijfswagens\\\/boxer\\\/\",\"name\":\"Vind jouw Peugeot Boxer occasion | Bekijk de mogelijkheden\",\"isPartOf\":{\"@id\":\"https:\\\/\\\/www.vdhurk.nl\\\/#website\"},\"datePublished\":\"2024-09-20T09:35:01+00:00\",\"description\":\"Overweeg je een Peugeot Boxer occasion aan te schaffen? Bekijk dan ons aanbod en vind de bedrijfswagen die perfect aansluit bij jouw behoeften en gebruik.\",\"breadcrumb\":{\"@id\":\"https:\\\/\\\/www.vdhurk.nl\\\/peugeot-bedrijfswagens\\\/boxer\\\/#breadcrumb\"},\"inLanguage\":\"fr-FR\",\"potentialAction\":[{\"@type\":\"ReadAction\",\"target\":[\"https:\\\/\\\/www.vdhurk.nl\\\/peugeot-bedrijfswagens\\\/boxer\\\/\"]}]},{\"@type\":\"BreadcrumbList\",\"@id\":\"https:\\\/\\\/www.vdhurk.nl\\\/peugeot-bedrijfswagens\\\/boxer\\\/#breadcrumb\",\"itemListElement\":[{\"@type\":\"ListItem\",\"position\":1,\"name\":\"Home\",\"item\":\"https:\\\/\\\/www.vdhurk.nl\\\/home\\\/\"},{\"@type\":\"ListItem\",\"position\":2,\"name\":\"Peugeot Bedrijfswagens\",\"item\":\"https:\\\/\\\/www.vdhurk.nl\\\/peugeot-bedrijfswagens\\\/\"},{\"@type\":\"ListItem\",\"position\":3,\"name\":\"Peugeot Boxer\"}]},{\"@type\":\"WebSite\",\"@id\":\"https:\\\/\\\/www.vdhurk.nl\\\/#website\",\"url\":\"https:\\\/\\\/www.vdhurk.nl\\\/\",\"name\":\"Van den Hurk Bedrijfswagens\",\"description\":\"Van den Hurk bedrijfswagens Helmond\",\"potentialAction\":[{\"@type\":\"SearchAction\",\"target\":{\"@type\":\"EntryPoint\",\"urlTemplate\":\"https:\\\/\\\/www.vdhurk.nl\\\/?s={search_term_string}\"},\"query-input\":{\"@type\":\"PropertyValueSpecification\",\"valueRequired\":true,\"valueName\":\"search_term_string\"}}],\"inLanguage\":\"fr-FR\"}]}<\/script>\n<!-- \/ Yoast SEO plugin. -->","yoast_head_json":{"title":"Trouvez votre Peugeot Boxer occasion | Voir les options","description":"Vous envisagez d'acheter un Peugeot Boxer d'occasion ? Consultez notre gamme et trouvez le v\u00e9hicule utilitaire qui correspond parfaitement \u00e0 vos besoins et \u00e0 votre utilisation.","robots":{"index":"index","follow":"follow","max-snippet":"max-snippet:-1","max-image-preview":"max-image-preview:large","max-video-preview":"max-video-preview:-1"},"canonical":"https:\/\/www.vdhurk.nl\/fr\/vehicules-utilitaires-peugeot\/mercedes-11\/","og_locale":"fr_FR","og_type":"article","og_title":"Vind jouw Peugeot Boxer occasion | Bekijk de mogelijkheden","og_description":"Overweeg je een Peugeot Boxer occasion aan te schaffen? Bekijk dan ons aanbod en vind de bedrijfswagen die perfect aansluit bij jouw behoeften en gebruik.","og_url":"https:\/\/www.vdhurk.nl\/fr\/vehicules-utilitaires-peugeot\/mercedes-11\/","og_site_name":"Van den Hurk Bedrijfswagens","twitter_card":"summary_large_image","twitter_misc":{"Dur\u00e9e de lecture estim\u00e9e":"5 minutes"},"schema":{"@context":"https:\/\/schema.org","@graph":[{"@type":"WebPage","@id":"https:\/\/www.vdhurk.nl\/peugeot-bedrijfswagens\/boxer\/","url":"https:\/\/www.vdhurk.nl\/peugeot-bedrijfswagens\/boxer\/","name":"Trouvez votre Peugeot Boxer occasion | Voir les options","isPartOf":{"@id":"https:\/\/www.vdhurk.nl\/#website"},"datePublished":"2024-09-20T09:35:01+00:00","description":"Vous envisagez d'acheter un Peugeot Boxer d'occasion ? Consultez notre gamme et trouvez le v\u00e9hicule utilitaire qui correspond parfaitement \u00e0 vos besoins et \u00e0 votre utilisation.","breadcrumb":{"@id":"https:\/\/www.vdhurk.nl\/peugeot-bedrijfswagens\/boxer\/#breadcrumb"},"inLanguage":"fr-FR","potentialAction":[{"@type":"ReadAction","target":["https:\/\/www.vdhurk.nl\/peugeot-bedrijfswagens\/boxer\/"]}]},{"@type":"BreadcrumbList","@id":"https:\/\/www.vdhurk.nl\/peugeot-bedrijfswagens\/boxer\/#breadcrumb","itemListElement":[{"@type":"ListItem","position":1,"name":"Home","item":"https:\/\/www.vdhurk.nl\/home\/"},{"@type":"ListItem","position":2,"name":"Peugeot Bedrijfswagens","item":"https:\/\/www.vdhurk.nl\/peugeot-bedrijfswagens\/"},{"@type":"ListItem","position":3,"name":"Peugeot Boxer"}]},{"@type":"WebSite","@id":"https:\/\/www.vdhurk.nl\/#website","url":"https:\/\/www.vdhurk.nl\/","name":"V\u00e9hicules utilitaires Van den Hurk","description":"V\u00e9hicules utilitaires Van den Hurk Helmond","potentialAction":[{"@type":"SearchAction","target":{"@type":"EntryPoint","urlTemplate":"https:\/\/www.vdhurk.nl\/?s={search_term_string}"},"query-input":{"@type":"PropertyValueSpecification","valueRequired":true,"valueName":"search_term_string"}}],"inLanguage":"fr-FR"}]}},"_links":{"self":[{"href":"https:\/\/www.vdhurk.nl\/fr\/wp-json\/wp\/v2\/pages\/405923","targetHints":{"allow":["GET"]}}],"collection":[{"href":"https:\/\/www.vdhurk.nl\/fr\/wp-json\/wp\/v2\/pages"}],"about":[{"href":"https:\/\/www.vdhurk.nl\/fr\/wp-json\/wp\/v2\/types\/page"}],"author":[{"embeddable":true,"href":"https:\/\/www.vdhurk.nl\/fr\/wp-json\/wp\/v2\/users\/3"}],"replies":[{"embeddable":true,"href":"https:\/\/www.vdhurk.nl\/fr\/wp-json\/wp\/v2\/comments?post=405923"}],"version-history":[{"count":1,"href":"https:\/\/www.vdhurk.nl\/fr\/wp-json\/wp\/v2\/pages\/405923\/revisions"}],"predecessor-version":[{"id":405924,"href":"https:\/\/www.vdhurk.nl\/fr\/wp-json\/wp\/v2\/pages\/405923\/revisions\/405924"}],"up":[{"embeddable":true,"href":"https:\/\/www.vdhurk.nl\/fr\/wp-json\/wp\/v2\/pages\/370581"}],"wp:attachment":[{"href":"https:\/\/www.vdhurk.nl\/fr\/wp-json\/wp\/v2\/media?parent=405923"}],"curies":[{"name":"wp","href":"https:\/\/api.w.org\/{rel}","templated":true}]}}