{"id":405921,"date":"2024-09-20T11:25:27","date_gmt":"2024-09-20T09:25:27","guid":{"rendered":"https:\/\/www.vdhurk.nl\/?page_id=405921"},"modified":"2024-09-20T11:25:27","modified_gmt":"2024-09-20T09:25:27","slug":"mercedes-19","status":"publish","type":"page","link":"https:\/\/www.vdhurk.nl\/fr\/peugeot-bedrijfswagens\/expert\/","title":{"rendered":"Peugeot Expert"},"content":{"rendered":"<section  class='av_textblock_section av-lu8gnh7d-4ac895489941e586c1d7c8cb72318135'  itemscope=\"itemscope\" itemtype=\"https:\/\/schema.org\/CreativeWork\" ><div class='avia_textblock'  itemprop=\"text\" ><h1>L'achat d'une Peugeot Expert occasion : \u00e0 quoi faut-il faire attention ?<\/h1>\n<p>Vous \u00eates \u00e0 la recherche d'un v\u00e9hicule utilitaire ? Dans ce cas, pensez \u00e0 la Peugeot Expert occasion. Ce fourgon pratique et polyvalent se d\u00e9cline en plusieurs versions et variantes, de sorte que vous trouverez toujours un mod\u00e8le qui r\u00e9pondra parfaitement aux besoins de votre entreprise. D\u00e9couvrez les nombreux avantages du Peugeot Expert et pourquoi ce v\u00e9hicule est un choix judicieux pour votre entreprise.<\/p>\n<\/div><\/section>\n\n<style type=\"text\/css\" data-created_by=\"avia_inline_auto\" id=\"style-css-av-lujjddpd-afa3d7a9eabd61123e643ed1228e781e\">\n#top .hr.hr-invisible.av-lujjddpd-afa3d7a9eabd61123e643ed1228e781e{\nheight:50px;\n}\n<\/style>\n<div  class='hr av-lujjddpd-afa3d7a9eabd61123e643ed1228e781e hr-invisible  avia-builder-el-1  el_after_av_textblock  el_before_av_codeblock'><span class='hr-inner'><span class=\"hr-inner-style\"><\/span><\/span><\/div>\n\n\n<style type=\"text\/css\" data-created_by=\"avia_inline_auto\" id=\"style-css-av-ah0xd-63338d9dc6b40410e22a712829c369d6\">\n#top .hr.hr-invisible.av-ah0xd-63338d9dc6b40410e22a712829c369d6{\nheight:50px;\n}\n<\/style>\n<div  class='hr av-ah0xd-63338d9dc6b40410e22a712829c369d6 hr-invisible  avia-builder-el-3  el_after_av_codeblock  el_before_av_textblock'><span class='hr-inner'><span class=\"hr-inner-style\"><\/span><\/span><\/div>\n<section  class='av_textblock_section av-lu8gow1e-300853e458ed741bd87d6cb78e55cc7a'  itemscope=\"itemscope\" itemtype=\"https:\/\/schema.org\/CreativeWork\" ><div class='avia_textblock'  itemprop=\"text\" ><h2>Caract\u00e9ristiques et sp\u00e9cifications<\/h2>\n<p>Choisir un Peugeot Expert, c'est choisir la fiabilit\u00e9 et la fonctionnalit\u00e9. Ce mod\u00e8le, comme beaucoup d'autres de la gamme <a href=\"https:\/\/www.vdhurk.nl\/fr\/vehicules-utilitaires-peugeot\/\">Peugeot<\/a>est innovant et compact. Ce v\u00e9hicule utilitaire est con\u00e7u pour vous faciliter le travail. L'Expert se distingue \u00e9galement par son moteur silencieux, qui offre un confort de conduite suppl\u00e9mentaire.Le Peugeot Expert est disponible en diff\u00e9rentes variantes, avec diff\u00e9rentes ann\u00e9es de construction. En 2021, ce mod\u00e8le a m\u00eame \u00e9t\u00e9 \u00e9lu \"V\u00e9hicule utilitaire de l'ann\u00e9e\", ce qui souligne sa qualit\u00e9 et sa popularit\u00e9. \u00c9quip\u00e9 de puissants moteurs diesel et d'une grande charge utile, l'Expert est id\u00e9al pour les travaux lourds. De plus, ses dispositifs de s\u00e9curit\u00e9 complets garantissent que vous \u00eates toujours en s\u00e9curit\u00e9 sur la route.<\/p>\n<\/div><\/section>\n<div class='flex_column av-f64w1-da126f42b61613402309283c14245a25 av_one_half  avia-builder-el-5  el_after_av_textblock  el_before_av_one_third  first flex_column_div column-top-margin'   ><section  class='av_textblock_section av-lu8gpqre-73cc2c17e6a6497ba6e1b58af22bd9e8'  itemscope=\"itemscope\" itemtype=\"https:\/\/schema.org\/CreativeWork\" ><div class='avia_textblock'  itemprop=\"text\" ><h2>Acheter un Peugeot Expert : quels sont les avantages ?<\/h2>\n<p>Le Peugeot Expert offre de nombreux avantages qui en font un choix polyvalent et fiable.<\/p>\n<ul>\n<li><strong>Conception pratique et intelligente<\/strong>: avec une capacit\u00e9 de charge importante, transportez facilement tout ce dont vous avez besoin, des outils aux grandes charges.<\/li>\n<li><strong>Grand confort de conduite<\/strong>Ce mod\u00e8le a \u00e9t\u00e9 con\u00e7u dans un souci de confort, pour que vos longues promenades se fassent sans effort. Ce mod\u00e8le est parfait pour ceux qui passent beaucoup de temps sur la route.<\/li>\n<li><strong>Efficacit\u00e9 \u00e9nerg\u00e9tique<\/strong> :les moteurs diesel \u00e9conomes en carburant permettent de r\u00e9duire la consommation de carburant, ce qui est particuli\u00e8rement avantageux si votre entreprise parcourt fr\u00e9quemment de longues distances.<\/li>\n<li><strong>Flexibilit\u00e9<\/strong>L'Expert : Gr\u00e2ce \u00e0 sa conception compacte et \u00e0 son excellente maniabilit\u00e9, vous pouvez facilement man\u0153uvrer l'Expert dans les villes anim\u00e9es, mais il est \u00e9galement id\u00e9al pour les longs trajets sur l'autoroute.<\/li>\n<\/ul>\n<p>Ce sont des exemples des avantages qu'apporte le Peugeot Expert.<\/p>\n<\/div><\/section><\/div><div class='flex_column av-aldk9-ee694297f5c4032981677a02caab84d6 av_one_third  avia-builder-el-7  el_after_av_one_half  el_before_av_hr  flex_column_div column-top-margin'   ><style type=\"text\/css\" data-created_by=\"avia_inline_auto\" id=\"style-css-av-l1w9kpsf-4ec3fab772ec7a9adaa33cfc64ff0475\">\n.avia-image-container.av-l1w9kpsf-4ec3fab772ec7a9adaa33cfc64ff0475 .av-image-caption-overlay-center{\ncolor:#ffffff;\n}\n<\/style>\n<div  class='avia-image-container av-l1w9kpsf-4ec3fab772ec7a9adaa33cfc64ff0475 av-styling- avia-align-center  avia-builder-el-8  avia-builder-el-no-sibling'  itemprop=\"image\" itemscope=\"itemscope\" itemtype=\"https:\/\/schema.org\/ImageObject\" ><div class=\"avia-image-container-inner\"><div class=\"avia-image-overlay-wrap\"><img decoding=\"async\" class='wp-image-187 avia-img-lazy-loading-not-187 avia_image' src=\"https:\/\/www.vdhurk.nl\/wp-content\/uploads\/2022\/03\/Voorrad.png\" alt='' title='Stock'  height=\"758\" width=\"1135\"  itemprop=\"thumbnailUrl\" srcset=\"https:\/\/www.vdhurk.nl\/wp-content\/uploads\/2022\/03\/Voorrad.png 1135w, https:\/\/www.vdhurk.nl\/wp-content\/uploads\/2022\/03\/Voorrad-300x200.png 300w, https:\/\/www.vdhurk.nl\/wp-content\/uploads\/2022\/03\/Voorrad-1030x688.png 1030w, https:\/\/www.vdhurk.nl\/wp-content\/uploads\/2022\/03\/Voorrad-768x513.png 768w, https:\/\/www.vdhurk.nl\/wp-content\/uploads\/2022\/03\/Voorrad-18x12.png 18w, https:\/\/www.vdhurk.nl\/wp-content\/uploads\/2022\/03\/Voorrad-705x471.png 705w\" sizes=\"(max-width: 1135px) 100vw, 1135px\" \/><\/div><\/div><\/div><\/div><\/p>\n\n<style type=\"text\/css\" data-created_by=\"avia_inline_auto\" id=\"style-css-av-luqrjpjc-5a23a1fb5f94718ca85316a9df963e2f\">\n#top .hr.hr-invisible.av-luqrjpjc-5a23a1fb5f94718ca85316a9df963e2f{\nheight:50px;\n}\n<\/style>\n<div  class='hr av-luqrjpjc-5a23a1fb5f94718ca85316a9df963e2f hr-invisible  avia-builder-el-9  el_after_av_one_third  el_before_av_textblock'><span class='hr-inner'><span class=\"hr-inner-style\"><\/span><\/span><\/div>\n<section  class='av_textblock_section av-lu8gtjw7-4f3cee9304909518d86d2860d9d582dd'  itemscope=\"itemscope\" itemtype=\"https:\/\/schema.org\/CreativeWork\" ><div class='avia_textblock'  itemprop=\"text\" ><h2>\u00c0 quels prix devriez-vous penser ?<\/h2>\n<p>Le prix de nos mod\u00e8les Peugeot Expert varie. Cela d\u00e9pend de vos besoins et de vos choix. Que vous optiez pour une version de base ou un mod\u00e8le avec des sp\u00e9cifications suppl\u00e9mentaires, le prix final de Peugeot Expert est d\u00e9termin\u00e9 par vos souhaits et vos besoins. C'est pourquoi nous ne pouvons pas donner d'indication de prix fixe. Quelle que soit votre pr\u00e9f\u00e9rence, vous trouverez toujours dans notre offre un mod\u00e8le qui correspond \u00e0 votre budget.<\/p>\n<h2>Leasing ou achat d'une Peugeot Expert : quel est le meilleur choix pour vous ?<\/h2>\n<p>Chez Van den Hurk, vous avez l'embarras du choix pour le financement de votre v\u00e9hicule utilitaire. Payez le v\u00e9hicule en une seule fois ou optez pour un <a href=\"https:\/\/www.vdhurk.nl\/fr\/location-financiere\/\">location financi\u00e8re<\/a> et de r\u00e9partir le co\u00fbt sur des versements mensuels. De cette fa\u00e7on, vous n'avez pas \u00e0 faire un gros investissement tout de suite. Dans les deux cas, vous devenez pleinement propri\u00e9taire du v\u00e9hicule. Avec le cr\u00e9dit-bail, vous \u00eates propri\u00e9taire d\u00e8s l'expiration du contrat, tandis qu'avec le paiement direct, vous avez imm\u00e9diatement les cl\u00e9s en main.<\/p>\n<h2>D\u00e9couvrez la gamme et trouvez votre Peugeot<\/h2>\n<p>Vous achetez un Peugeot Expert d'occasion ? Ou une nouvelle variante correspond-elle mieux \u00e0 vos objectifs professionnels ? D\u00e9couvrez-le <a href=\"https:\/\/www.vdhurk.nl\/fr\/vehicules-commerciaux\/\">offre actuelle<\/a> pour conna\u00eetre les possibilit\u00e9s. Vous n'\u00eates pas encore au point et vous aimeriez avoir l'avis d'un expert ? Pas de probl\u00e8me. Nos collaborateurs sont pr\u00eats \u00e0 vous aider \u00e0 faire le meilleur choix.<\/p>\n<\/div><\/section>","protected":false},"excerpt":{"rendered":"","protected":false},"author":3,"featured_media":0,"parent":370581,"menu_order":0,"comment_status":"closed","ping_status":"closed","template":"","meta":{"_acf_changed":false,"_improvement_type_select":"improve_an_existing","_thumb_yes_seoaic":false,"_frame_yes_seoaic":false,"seoaic_generate_description":"","seoaic_improve_instructions_prompt":"","seoaic_rollback_content_improvement":"","seoaic_idea_thumbnail_generator":"","thumbnail_generated":false,"thumbnail_generate_prompt":"","seoaic_article_description":"","footnotes":""},"class_list":["post-405921","page","type-page","status-publish","hentry"],"acf":[],"yoast_head":"<!-- This site is optimized with the Yoast SEO plugin v27.5 - https:\/\/yoast.com\/product\/yoast-seo-wordpress\/ -->\n<title>Peugeot Expert occasion kopen? Bekijk ons actuele aanbod!<\/title>\n<meta name=\"description\" content=\"Op zoek naar een Peugeot Expert occasion? Vind de bedrijfswagen die helemaal aansluit bij jouw zakelijke behoeften bij Van den Hurk\" \/>\n<meta name=\"robots\" content=\"index, follow, max-snippet:-1, max-image-preview:large, max-video-preview:-1\" \/>\n<link rel=\"canonical\" href=\"https:\/\/www.vdhurk.nl\/fr\/vehicules-utilitaires-peugeot\/mercedes-19\/\" \/>\n<meta property=\"og:locale\" content=\"fr_FR\" \/>\n<meta property=\"og:type\" content=\"article\" \/>\n<meta property=\"og:title\" content=\"Peugeot Expert occasion kopen? Bekijk ons actuele aanbod!\" \/>\n<meta property=\"og:description\" content=\"Op zoek naar een Peugeot Expert occasion? Vind de bedrijfswagen die helemaal aansluit bij jouw zakelijke behoeften bij Van den Hurk\" \/>\n<meta property=\"og:url\" content=\"https:\/\/www.vdhurk.nl\/fr\/vehicules-utilitaires-peugeot\/mercedes-19\/\" \/>\n<meta property=\"og:site_name\" content=\"Van den Hurk Bedrijfswagens\" \/>\n<meta name=\"twitter:card\" content=\"summary_large_image\" \/>\n<meta name=\"twitter:label1\" content=\"Dur\u00e9e de lecture estim\u00e9e\" \/>\n\t<meta name=\"twitter:data1\" content=\"5 minutes\" \/>\n<script type=\"application\/ld+json\" class=\"yoast-schema-graph\">{\"@context\":\"https:\\\/\\\/schema.org\",\"@graph\":[{\"@type\":\"WebPage\",\"@id\":\"https:\\\/\\\/www.vdhurk.nl\\\/peugeot-bedrijfswagens\\\/expert\\\/\",\"url\":\"https:\\\/\\\/www.vdhurk.nl\\\/peugeot-bedrijfswagens\\\/expert\\\/\",\"name\":\"Peugeot Expert occasion kopen? Bekijk ons actuele aanbod!\",\"isPartOf\":{\"@id\":\"https:\\\/\\\/www.vdhurk.nl\\\/#website\"},\"datePublished\":\"2024-09-20T09:25:27+00:00\",\"description\":\"Op zoek naar een Peugeot Expert occasion? Vind de bedrijfswagen die helemaal aansluit bij jouw zakelijke behoeften bij Van den Hurk\",\"breadcrumb\":{\"@id\":\"https:\\\/\\\/www.vdhurk.nl\\\/peugeot-bedrijfswagens\\\/expert\\\/#breadcrumb\"},\"inLanguage\":\"fr-FR\",\"potentialAction\":[{\"@type\":\"ReadAction\",\"target\":[\"https:\\\/\\\/www.vdhurk.nl\\\/peugeot-bedrijfswagens\\\/expert\\\/\"]}]},{\"@type\":\"BreadcrumbList\",\"@id\":\"https:\\\/\\\/www.vdhurk.nl\\\/peugeot-bedrijfswagens\\\/expert\\\/#breadcrumb\",\"itemListElement\":[{\"@type\":\"ListItem\",\"position\":1,\"name\":\"Home\",\"item\":\"https:\\\/\\\/www.vdhurk.nl\\\/home\\\/\"},{\"@type\":\"ListItem\",\"position\":2,\"name\":\"Peugeot Bedrijfswagens\",\"item\":\"https:\\\/\\\/www.vdhurk.nl\\\/peugeot-bedrijfswagens\\\/\"},{\"@type\":\"ListItem\",\"position\":3,\"name\":\"Peugeot Expert\"}]},{\"@type\":\"WebSite\",\"@id\":\"https:\\\/\\\/www.vdhurk.nl\\\/#website\",\"url\":\"https:\\\/\\\/www.vdhurk.nl\\\/\",\"name\":\"Van den Hurk Bedrijfswagens\",\"description\":\"Van den Hurk bedrijfswagens Helmond\",\"potentialAction\":[{\"@type\":\"SearchAction\",\"target\":{\"@type\":\"EntryPoint\",\"urlTemplate\":\"https:\\\/\\\/www.vdhurk.nl\\\/?s={search_term_string}\"},\"query-input\":{\"@type\":\"PropertyValueSpecification\",\"valueRequired\":true,\"valueName\":\"search_term_string\"}}],\"inLanguage\":\"fr-FR\"}]}<\/script>\n<!-- \/ Yoast SEO plugin. -->","yoast_head_json":{"title":"Acheter une Peugeot Expert occasion ? Consultez notre offre actuelle !","description":"A la recherche d'un v\u00e9hicule d'occasion Peugeot Expert ? Trouvez le v\u00e9hicule utilitaire qui correspond aux besoins de votre entreprise chez Van den Hurk","robots":{"index":"index","follow":"follow","max-snippet":"max-snippet:-1","max-image-preview":"max-image-preview:large","max-video-preview":"max-video-preview:-1"},"canonical":"https:\/\/www.vdhurk.nl\/fr\/vehicules-utilitaires-peugeot\/mercedes-19\/","og_locale":"fr_FR","og_type":"article","og_title":"Peugeot Expert occasion kopen? Bekijk ons actuele aanbod!","og_description":"Op zoek naar een Peugeot Expert occasion? Vind de bedrijfswagen die helemaal aansluit bij jouw zakelijke behoeften bij Van den Hurk","og_url":"https:\/\/www.vdhurk.nl\/fr\/vehicules-utilitaires-peugeot\/mercedes-19\/","og_site_name":"Van den Hurk Bedrijfswagens","twitter_card":"summary_large_image","twitter_misc":{"Dur\u00e9e de lecture estim\u00e9e":"5 minutes"},"schema":{"@context":"https:\/\/schema.org","@graph":[{"@type":"WebPage","@id":"https:\/\/www.vdhurk.nl\/peugeot-bedrijfswagens\/expert\/","url":"https:\/\/www.vdhurk.nl\/peugeot-bedrijfswagens\/expert\/","name":"Acheter une Peugeot Expert occasion ? Consultez notre offre actuelle !","isPartOf":{"@id":"https:\/\/www.vdhurk.nl\/#website"},"datePublished":"2024-09-20T09:25:27+00:00","description":"A la recherche d'un v\u00e9hicule d'occasion Peugeot Expert ? Trouvez le v\u00e9hicule utilitaire qui correspond aux besoins de votre entreprise chez Van den Hurk","breadcrumb":{"@id":"https:\/\/www.vdhurk.nl\/peugeot-bedrijfswagens\/expert\/#breadcrumb"},"inLanguage":"fr-FR","potentialAction":[{"@type":"ReadAction","target":["https:\/\/www.vdhurk.nl\/peugeot-bedrijfswagens\/expert\/"]}]},{"@type":"BreadcrumbList","@id":"https:\/\/www.vdhurk.nl\/peugeot-bedrijfswagens\/expert\/#breadcrumb","itemListElement":[{"@type":"ListItem","position":1,"name":"Home","item":"https:\/\/www.vdhurk.nl\/home\/"},{"@type":"ListItem","position":2,"name":"Peugeot Bedrijfswagens","item":"https:\/\/www.vdhurk.nl\/peugeot-bedrijfswagens\/"},{"@type":"ListItem","position":3,"name":"Peugeot Expert"}]},{"@type":"WebSite","@id":"https:\/\/www.vdhurk.nl\/#website","url":"https:\/\/www.vdhurk.nl\/","name":"V\u00e9hicules utilitaires Van den Hurk","description":"V\u00e9hicules utilitaires Van den Hurk Helmond","potentialAction":[{"@type":"SearchAction","target":{"@type":"EntryPoint","urlTemplate":"https:\/\/www.vdhurk.nl\/?s={search_term_string}"},"query-input":{"@type":"PropertyValueSpecification","valueRequired":true,"valueName":"search_term_string"}}],"inLanguage":"fr-FR"}]}},"_links":{"self":[{"href":"https:\/\/www.vdhurk.nl\/fr\/wp-json\/wp\/v2\/pages\/405921","targetHints":{"allow":["GET"]}}],"collection":[{"href":"https:\/\/www.vdhurk.nl\/fr\/wp-json\/wp\/v2\/pages"}],"about":[{"href":"https:\/\/www.vdhurk.nl\/fr\/wp-json\/wp\/v2\/types\/page"}],"author":[{"embeddable":true,"href":"https:\/\/www.vdhurk.nl\/fr\/wp-json\/wp\/v2\/users\/3"}],"replies":[{"embeddable":true,"href":"https:\/\/www.vdhurk.nl\/fr\/wp-json\/wp\/v2\/comments?post=405921"}],"version-history":[{"count":1,"href":"https:\/\/www.vdhurk.nl\/fr\/wp-json\/wp\/v2\/pages\/405921\/revisions"}],"predecessor-version":[{"id":405922,"href":"https:\/\/www.vdhurk.nl\/fr\/wp-json\/wp\/v2\/pages\/405921\/revisions\/405922"}],"up":[{"embeddable":true,"href":"https:\/\/www.vdhurk.nl\/fr\/wp-json\/wp\/v2\/pages\/370581"}],"wp:attachment":[{"href":"https:\/\/www.vdhurk.nl\/fr\/wp-json\/wp\/v2\/media?parent=405921"}],"curies":[{"name":"wp","href":"https:\/\/api.w.org\/{rel}","templated":true}]}}