{"id":405902,"date":"2024-09-20T10:54:47","date_gmt":"2024-09-20T08:54:47","guid":{"rendered":"https:\/\/www.vdhurk.nl\/?page_id=405902"},"modified":"2024-09-20T10:54:47","modified_gmt":"2024-09-20T08:54:47","slug":"mercedes-18","status":"publish","type":"page","link":"https:\/\/www.vdhurk.nl\/fr\/citroen-bedrijfswagens\/jumpy\/","title":{"rendered":"Citro\u00ebn Jumpy"},"content":{"rendered":"<section  class='av_textblock_section av-lu8gnh7d-4ac895489941e586c1d7c8cb72318135'  itemscope=\"itemscope\" itemtype=\"https:\/\/schema.org\/CreativeWork\" ><div class='avia_textblock'  itemprop=\"text\" ><h1>Acheter une Citro\u00ebn Jumpy occasion ?<\/h1>\n<p>Vous \u00eates \u00e0 la recherche d'un v\u00e9hicule utilitaire fiable ? Dans ce cas, le Citro\u00ebn Jumpy occasion est \u00e0 prendre en consid\u00e9ration ! Cette fourgonnette polyvalente offre de nombreux avantages qui r\u00e9pondent parfaitement aux besoins de tout entrepreneur. Que vous ayez besoin de beaucoup d'espace de chargement ou que vous cherchiez simplement un moyen efficace de vous rendre d'un point A \u00e0 un point B, le Jumpy a une version qui r\u00e9pond \u00e0 vos besoins professionnels. D\u00e9couvrez les diff\u00e9rentes versions et voyez si ce v\u00e9hicule commercial est le choix id\u00e9al pour votre entreprise !<\/p>\n<\/div><\/section>\n\n<style type=\"text\/css\" data-created_by=\"avia_inline_auto\" id=\"style-css-av-lujjddpd-afa3d7a9eabd61123e643ed1228e781e\">\n#top .hr.hr-invisible.av-lujjddpd-afa3d7a9eabd61123e643ed1228e781e{\nheight:50px;\n}\n<\/style>\n<div  class='hr av-lujjddpd-afa3d7a9eabd61123e643ed1228e781e hr-invisible  avia-builder-el-1  el_after_av_textblock  el_before_av_codeblock'><span class='hr-inner'><span class=\"hr-inner-style\"><\/span><\/span><\/div>\n\n\n<style type=\"text\/css\" data-created_by=\"avia_inline_auto\" id=\"style-css-av-ah0xd-63338d9dc6b40410e22a712829c369d6\">\n#top .hr.hr-invisible.av-ah0xd-63338d9dc6b40410e22a712829c369d6{\nheight:50px;\n}\n<\/style>\n<div  class='hr av-ah0xd-63338d9dc6b40410e22a712829c369d6 hr-invisible  avia-builder-el-3  el_after_av_codeblock  el_before_av_textblock'><span class='hr-inner'><span class=\"hr-inner-style\"><\/span><\/span><\/div>\n<section  class='av_textblock_section av-lu8gow1e-300853e458ed741bd87d6cb78e55cc7a'  itemscope=\"itemscope\" itemtype=\"https:\/\/schema.org\/CreativeWork\" ><div class='avia_textblock'  itemprop=\"text\" ><h2>Quelle est la r\u00e9putation du Citro\u00ebn Jumpy : quels sont ses avantages ?<\/h2>\n<p>Les <a href=\"https:\/\/www.vdhurk.nl\/fr\/citroen-vehicules-utilitaires\/\">V\u00e9hicules utilitaires Citro\u00ebn<\/a> sont connus pour leur polyvalence et leur fiabilit\u00e9, et le Jumpy en est un parfait exemple. Avec un int\u00e9rieur pratique et moderne et des options de rangement intelligentes, ce v\u00e9hicule offre tout ce dont vous avez besoin. Son confort de conduite \u00e9lev\u00e9 fait de chaque trajet un plaisir, que vous parcouriez de longues distances ou que vous montiez et descendiez souvent. Les mod\u00e8les Citro\u00ebn Jumpy sont \u00e9galement \u00e9quip\u00e9s de syst\u00e8mes d'aide \u00e0 la conduite pratiques qui garantissent une conduite en toute s\u00e9curit\u00e9. Que vous transportiez des personnes, des colis ou que vous ayez d'autres activit\u00e9s de transport, il y a toujours un Jumpy adapt\u00e9 \u00e0 votre travail gr\u00e2ce \u00e0 ses diff\u00e9rentes versions. Id\u00e9al pour les entrepreneurs qui sont souvent sur la route et qui recherchent une voiture de soci\u00e9t\u00e9 qui r\u00e9ponde \u00e0 leurs exigences quotidiennes.<\/p>\n<\/div><\/section>\n<div class='flex_column av-f64w1-da126f42b61613402309283c14245a25 av_one_half  avia-builder-el-5  el_after_av_textblock  el_before_av_one_third  first flex_column_div column-top-margin'   ><section  class='av_textblock_section av-lu8gpqre-73cc2c17e6a6497ba6e1b58af22bd9e8'  itemscope=\"itemscope\" itemtype=\"https:\/\/schema.org\/CreativeWork\" ><div class='avia_textblock'  itemprop=\"text\" ><h2>Diff\u00e9rentes versions<\/h2>\n<p>Le Citro\u00ebn Jumpy se d\u00e9cline en diff\u00e9rentes versions, vous trouverez donc toujours un mod\u00e8le adapt\u00e9 \u00e0 vos besoins. Que vous soyez \u00e0 la recherche d'une nouvelle construction ou d'un v\u00e9hicule utilitaire avec moins de kilom\u00e8tres, vous avez l'embarras du choix. Quant \u00e0 la transmission, elle est disponible en version manuelle ou automatique. De plus, vous pouvez opter pour une double cabine, une caisse ouverte ou une couleur adapt\u00e9e \u00e0 votre style. Bref, avec le Citro\u00ebn Jumpy, vous avez le choix.<\/p>\n<\/div><\/section><\/div><div class='flex_column av-aldk9-ee694297f5c4032981677a02caab84d6 av_one_third  avia-builder-el-7  el_after_av_one_half  el_before_av_hr  flex_column_div column-top-margin'   ><style type=\"text\/css\" data-created_by=\"avia_inline_auto\" id=\"style-css-av-l1w9kpsf-4ec3fab772ec7a9adaa33cfc64ff0475\">\n.avia-image-container.av-l1w9kpsf-4ec3fab772ec7a9adaa33cfc64ff0475 .av-image-caption-overlay-center{\ncolor:#ffffff;\n}\n<\/style>\n<div  class='avia-image-container av-l1w9kpsf-4ec3fab772ec7a9adaa33cfc64ff0475 av-styling- avia-align-center  avia-builder-el-8  avia-builder-el-no-sibling'  itemprop=\"image\" itemscope=\"itemscope\" itemtype=\"https:\/\/schema.org\/ImageObject\" ><div class=\"avia-image-container-inner\"><div class=\"avia-image-overlay-wrap\"><img decoding=\"async\" class='wp-image-187 avia-img-lazy-loading-not-187 avia_image' src=\"https:\/\/www.vdhurk.nl\/wp-content\/uploads\/2022\/03\/Voorrad.png\" alt='' title='Stock'  height=\"758\" width=\"1135\"  itemprop=\"thumbnailUrl\" srcset=\"https:\/\/www.vdhurk.nl\/wp-content\/uploads\/2022\/03\/Voorrad.png 1135w, https:\/\/www.vdhurk.nl\/wp-content\/uploads\/2022\/03\/Voorrad-300x200.png 300w, https:\/\/www.vdhurk.nl\/wp-content\/uploads\/2022\/03\/Voorrad-1030x688.png 1030w, https:\/\/www.vdhurk.nl\/wp-content\/uploads\/2022\/03\/Voorrad-768x513.png 768w, https:\/\/www.vdhurk.nl\/wp-content\/uploads\/2022\/03\/Voorrad-18x12.png 18w, https:\/\/www.vdhurk.nl\/wp-content\/uploads\/2022\/03\/Voorrad-705x471.png 705w\" sizes=\"(max-width: 1135px) 100vw, 1135px\" \/><\/div><\/div><\/div><\/div><\/p>\n\n<style type=\"text\/css\" data-created_by=\"avia_inline_auto\" id=\"style-css-av-luqrjpjc-5a23a1fb5f94718ca85316a9df963e2f\">\n#top .hr.hr-invisible.av-luqrjpjc-5a23a1fb5f94718ca85316a9df963e2f{\nheight:50px;\n}\n<\/style>\n<div  class='hr av-luqrjpjc-5a23a1fb5f94718ca85316a9df963e2f hr-invisible  avia-builder-el-9  el_after_av_one_third  el_before_av_textblock'><span class='hr-inner'><span class=\"hr-inner-style\"><\/span><\/span><\/div>\n<section  class='av_textblock_section av-lu8gtjw7-4f3cee9304909518d86d2860d9d582dd'  itemscope=\"itemscope\" itemtype=\"https:\/\/schema.org\/CreativeWork\" ><div class='avia_textblock'  itemprop=\"text\" ><h2>Le leasing d'une Citro\u00ebn Jumpy est-il fait pour vous ?<\/h2>\n<p>Saviez-vous que vous avez plusieurs possibilit\u00e9s de paiement chez Van den Hurk ? Outre le paiement direct d'un v\u00e9hicule utilitaire, il y a aussi <a href=\"https:\/\/www.vdhurk.nl\/fr\/location-financiere\/\">location financi\u00e8re<\/a> option. Dans ce cas, vous payez le v\u00e9hicule par mois, de sorte que vous ne devez pas faire un gros investissement en une seule fois. L'avantage est que vous devenez progressivement propri\u00e9taire du v\u00e9hicule pendant la p\u00e9riode de location. Ainsi, vous partez imm\u00e9diatement avec votre nouvelle voiture de soci\u00e9t\u00e9, sans devoir tout payer en une seule fois. Pratique, non ?<\/p>\n<h2>Prix Citro\u00ebn Jumpy : quels sont les montants \u00e0 pr\u00e9voir ?<\/h2>\n<p>Les prix de nos v\u00e9hicules utilitaires varient, ce qui est logique. En effet, notre gamme \u00e9volue constamment et vous pouvez toujours choisir parmi diff\u00e9rentes versions. C'est pourquoi les prix varient. Il est donc difficile de donner une indication de prix exacte. Mais ne vous inqui\u00e9tez pas, il y a toujours une voiture de soci\u00e9t\u00e9 qui correspond \u00e0 votre budget, quelle que soit la version que vous recherchez. Que vous recherchiez une version simple ou un mod\u00e8le dot\u00e9 de toutes les options, il existe une solution adapt\u00e9e \u00e0 chaque budget.<\/p>\n<h2>Avez-vous entendu parler de notre alerte boursi\u00e8re ?<\/h2>\n<p>Chez Van den Hurk, nous disposons d'une gamme de v\u00e9hicules utilitaires en constante \u00e9volution. Le v\u00e9hicule qui vous convient le mieux n'est pas encore disponible ? Pas de probl\u00e8me ! Il se peut qu'un v\u00e9hicule utilitaire r\u00e9pondant exactement \u00e0 vos besoins soit disponible. Vous ne voulez rien manquer ? Inscrivez-vous \u00e0 notre alerte stock. Indiquez vos pr\u00e9f\u00e9rences et nous vous informerons d\u00e8s qu'un v\u00e9hicule ad\u00e9quat sera disponible. Ensemble, nous trouverons le v\u00e9hicule utilitaire id\u00e9al !<\/p>\n<h2><b>Voir les diff\u00e9rentes options<\/b><\/h2>\n<p>Vous \u00eates convaincu d'acheter une Citro\u00ebn Jumpy d'occasion ? Ou vous avez besoin d'informations compl\u00e9mentaires ? Nous sommes pr\u00eats \u00e0 r\u00e9pondre \u00e0 toutes vos questions et \u00e0 vous aider \u00e0 faire le bon choix. Contactez-nous pour plus de d\u00e9tails ou consultez notre gamme actuelle pour trouver le v\u00e9hicule utilitaire id\u00e9al. Acheter un Citro\u00ebn Jumpy n'a jamais \u00e9t\u00e9 aussi facile.<\/p>\n<\/div><\/section>","protected":false},"excerpt":{"rendered":"","protected":false},"author":3,"featured_media":0,"parent":372085,"menu_order":0,"comment_status":"closed","ping_status":"closed","template":"","meta":{"_acf_changed":false,"_improvement_type_select":"improve_an_existing","_thumb_yes_seoaic":false,"_frame_yes_seoaic":false,"seoaic_generate_description":"","seoaic_improve_instructions_prompt":"","seoaic_rollback_content_improvement":"","seoaic_idea_thumbnail_generator":"","thumbnail_generated":false,"thumbnail_generate_prompt":"","seoaic_article_description":"","footnotes":""},"class_list":["post-405902","page","type-page","status-publish","hentry"],"acf":[],"yoast_head":"<!-- This site is optimized with the Yoast SEO plugin v27.3 - https:\/\/yoast.com\/product\/yoast-seo-wordpress\/ -->\n<title>Bekijk de mogelijkheden en vind jouw Citro\u00ebn Jumpy occasion<\/title>\n<meta name=\"description\" content=\"Op zoek naar Citro\u00ebn Jumpy occasion? Bekijk dan het actuele aanbod van Van den Hurk. Samen vinden we jouw perfecte bedrijfswagen.\" \/>\n<meta name=\"robots\" content=\"index, follow, max-snippet:-1, max-image-preview:large, max-video-preview:-1\" \/>\n<link rel=\"canonical\" href=\"https:\/\/www.vdhurk.nl\/fr\/citroen-vehicules-utilitaires\/mercedes-18\/\" \/>\n<meta property=\"og:locale\" content=\"fr_FR\" \/>\n<meta property=\"og:type\" content=\"article\" \/>\n<meta property=\"og:title\" content=\"Bekijk de mogelijkheden en vind jouw Citro\u00ebn Jumpy occasion\" \/>\n<meta property=\"og:description\" content=\"Op zoek naar Citro\u00ebn Jumpy occasion? Bekijk dan het actuele aanbod van Van den Hurk. Samen vinden we jouw perfecte bedrijfswagen.\" \/>\n<meta property=\"og:url\" content=\"https:\/\/www.vdhurk.nl\/fr\/citroen-vehicules-utilitaires\/mercedes-18\/\" \/>\n<meta property=\"og:site_name\" content=\"Van den Hurk Bedrijfswagens\" \/>\n<meta name=\"twitter:card\" content=\"summary_large_image\" \/>\n<meta name=\"twitter:label1\" content=\"Dur\u00e9e de lecture estim\u00e9e\" \/>\n\t<meta name=\"twitter:data1\" content=\"5 minutes\" \/>\n<script type=\"application\/ld+json\" class=\"yoast-schema-graph\">{\"@context\":\"https:\\\/\\\/schema.org\",\"@graph\":[{\"@type\":\"WebPage\",\"@id\":\"https:\\\/\\\/www.vdhurk.nl\\\/citroen-bedrijfswagens\\\/jumpy\\\/\",\"url\":\"https:\\\/\\\/www.vdhurk.nl\\\/citroen-bedrijfswagens\\\/jumpy\\\/\",\"name\":\"Bekijk de mogelijkheden en vind jouw Citro\u00ebn Jumpy occasion\",\"isPartOf\":{\"@id\":\"https:\\\/\\\/www.vdhurk.nl\\\/#website\"},\"datePublished\":\"2024-09-20T08:54:47+00:00\",\"description\":\"Op zoek naar Citro\u00ebn Jumpy occasion? Bekijk dan het actuele aanbod van Van den Hurk. Samen vinden we jouw perfecte bedrijfswagen.\",\"breadcrumb\":{\"@id\":\"https:\\\/\\\/www.vdhurk.nl\\\/citroen-bedrijfswagens\\\/jumpy\\\/#breadcrumb\"},\"inLanguage\":\"fr-FR\",\"potentialAction\":[{\"@type\":\"ReadAction\",\"target\":[\"https:\\\/\\\/www.vdhurk.nl\\\/citroen-bedrijfswagens\\\/jumpy\\\/\"]}]},{\"@type\":\"BreadcrumbList\",\"@id\":\"https:\\\/\\\/www.vdhurk.nl\\\/citroen-bedrijfswagens\\\/jumpy\\\/#breadcrumb\",\"itemListElement\":[{\"@type\":\"ListItem\",\"position\":1,\"name\":\"Home\",\"item\":\"https:\\\/\\\/www.vdhurk.nl\\\/home\\\/\"},{\"@type\":\"ListItem\",\"position\":2,\"name\":\"Citro\u00ebn Bedrijfswagens\",\"item\":\"https:\\\/\\\/www.vdhurk.nl\\\/citroen-bedrijfswagens\\\/\"},{\"@type\":\"ListItem\",\"position\":3,\"name\":\"Citro\u00ebn Jumpy\"}]},{\"@type\":\"WebSite\",\"@id\":\"https:\\\/\\\/www.vdhurk.nl\\\/#website\",\"url\":\"https:\\\/\\\/www.vdhurk.nl\\\/\",\"name\":\"Van den Hurk Bedrijfswagens\",\"description\":\"Van den Hurk bedrijfswagens Helmond\",\"potentialAction\":[{\"@type\":\"SearchAction\",\"target\":{\"@type\":\"EntryPoint\",\"urlTemplate\":\"https:\\\/\\\/www.vdhurk.nl\\\/?s={search_term_string}\"},\"query-input\":{\"@type\":\"PropertyValueSpecification\",\"valueRequired\":true,\"valueName\":\"search_term_string\"}}],\"inLanguage\":\"fr-FR\"}]}<\/script>\n<!-- \/ Yoast SEO plugin. -->","yoast_head_json":{"title":"D\u00e9couvrez les options et trouvez votre Citro\u00ebn Jumpy d'occasion","description":"Vous \u00eates \u00e0 la recherche d'une occasion Citro\u00ebn Jumpy ? D\u00e9couvrez l'offre actuelle de Van den Hurk. Ensemble, nous trouverons la voiture de soci\u00e9t\u00e9 id\u00e9ale.","robots":{"index":"index","follow":"follow","max-snippet":"max-snippet:-1","max-image-preview":"max-image-preview:large","max-video-preview":"max-video-preview:-1"},"canonical":"https:\/\/www.vdhurk.nl\/fr\/citroen-vehicules-utilitaires\/mercedes-18\/","og_locale":"fr_FR","og_type":"article","og_title":"Bekijk de mogelijkheden en vind jouw Citro\u00ebn Jumpy occasion","og_description":"Op zoek naar Citro\u00ebn Jumpy occasion? Bekijk dan het actuele aanbod van Van den Hurk. Samen vinden we jouw perfecte bedrijfswagen.","og_url":"https:\/\/www.vdhurk.nl\/fr\/citroen-vehicules-utilitaires\/mercedes-18\/","og_site_name":"Van den Hurk Bedrijfswagens","twitter_card":"summary_large_image","twitter_misc":{"Dur\u00e9e de lecture estim\u00e9e":"5 minutes"},"schema":{"@context":"https:\/\/schema.org","@graph":[{"@type":"WebPage","@id":"https:\/\/www.vdhurk.nl\/citroen-bedrijfswagens\/jumpy\/","url":"https:\/\/www.vdhurk.nl\/citroen-bedrijfswagens\/jumpy\/","name":"D\u00e9couvrez les options et trouvez votre Citro\u00ebn Jumpy d'occasion","isPartOf":{"@id":"https:\/\/www.vdhurk.nl\/#website"},"datePublished":"2024-09-20T08:54:47+00:00","description":"Vous \u00eates \u00e0 la recherche d'une occasion Citro\u00ebn Jumpy ? D\u00e9couvrez l'offre actuelle de Van den Hurk. Ensemble, nous trouverons la voiture de soci\u00e9t\u00e9 id\u00e9ale.","breadcrumb":{"@id":"https:\/\/www.vdhurk.nl\/citroen-bedrijfswagens\/jumpy\/#breadcrumb"},"inLanguage":"fr-FR","potentialAction":[{"@type":"ReadAction","target":["https:\/\/www.vdhurk.nl\/citroen-bedrijfswagens\/jumpy\/"]}]},{"@type":"BreadcrumbList","@id":"https:\/\/www.vdhurk.nl\/citroen-bedrijfswagens\/jumpy\/#breadcrumb","itemListElement":[{"@type":"ListItem","position":1,"name":"Home","item":"https:\/\/www.vdhurk.nl\/home\/"},{"@type":"ListItem","position":2,"name":"Citro\u00ebn Bedrijfswagens","item":"https:\/\/www.vdhurk.nl\/citroen-bedrijfswagens\/"},{"@type":"ListItem","position":3,"name":"Citro\u00ebn Jumpy"}]},{"@type":"WebSite","@id":"https:\/\/www.vdhurk.nl\/#website","url":"https:\/\/www.vdhurk.nl\/","name":"V\u00e9hicules utilitaires Van den Hurk","description":"V\u00e9hicules utilitaires Van den Hurk Helmond","potentialAction":[{"@type":"SearchAction","target":{"@type":"EntryPoint","urlTemplate":"https:\/\/www.vdhurk.nl\/?s={search_term_string}"},"query-input":{"@type":"PropertyValueSpecification","valueRequired":true,"valueName":"search_term_string"}}],"inLanguage":"fr-FR"}]}},"_links":{"self":[{"href":"https:\/\/www.vdhurk.nl\/fr\/wp-json\/wp\/v2\/pages\/405902","targetHints":{"allow":["GET"]}}],"collection":[{"href":"https:\/\/www.vdhurk.nl\/fr\/wp-json\/wp\/v2\/pages"}],"about":[{"href":"https:\/\/www.vdhurk.nl\/fr\/wp-json\/wp\/v2\/types\/page"}],"author":[{"embeddable":true,"href":"https:\/\/www.vdhurk.nl\/fr\/wp-json\/wp\/v2\/users\/3"}],"replies":[{"embeddable":true,"href":"https:\/\/www.vdhurk.nl\/fr\/wp-json\/wp\/v2\/comments?post=405902"}],"version-history":[{"count":1,"href":"https:\/\/www.vdhurk.nl\/fr\/wp-json\/wp\/v2\/pages\/405902\/revisions"}],"predecessor-version":[{"id":405920,"href":"https:\/\/www.vdhurk.nl\/fr\/wp-json\/wp\/v2\/pages\/405902\/revisions\/405920"}],"up":[{"embeddable":true,"href":"https:\/\/www.vdhurk.nl\/fr\/wp-json\/wp\/v2\/pages\/372085"}],"wp:attachment":[{"href":"https:\/\/www.vdhurk.nl\/fr\/wp-json\/wp\/v2\/media?parent=405902"}],"curies":[{"name":"wp","href":"https:\/\/api.w.org\/{rel}","templated":true}]}}