{"id":402273,"date":"2024-09-05T10:59:46","date_gmt":"2024-09-05T08:59:46","guid":{"rendered":"https:\/\/www.vdhurk.nl\/?page_id=402273"},"modified":"2024-09-05T10:59:46","modified_gmt":"2024-09-05T08:59:46","slug":"mercedes-23","status":"publish","type":"page","link":"https:\/\/www.vdhurk.nl\/fr\/fiat-bedrijfswagens\/fiorino\/","title":{"rendered":"Fiat Fiorino"},"content":{"rendered":"<section  class='av_textblock_section av-lu8gnh7d-4ac895489941e586c1d7c8cb72318135'  itemscope=\"itemscope\" itemtype=\"https:\/\/schema.org\/CreativeWork\" ><div class='avia_textblock'  itemprop=\"text\" ><h1>Trouvez votre Fiat Fiorino<\/h1>\n<p>Le Fiat Fiorino occasion est un v\u00e9hicule utilitaire abordable et polyvalent dans sa cat\u00e9gorie. Combinant fonctionnalit\u00e9 et style, ce mod\u00e8le offre une solution fiable pour une vari\u00e9t\u00e9 de besoins professionnels. Gr\u00e2ce \u00e0 sa taille compacte, ce v\u00e9hicule utilitaire se d\u00e9place sans effort dans la circulation et se gare facilement dans les espaces restreints. C'est ce qui rend le Fiat Fiorino populaire aupr\u00e8s des entreprises.<\/p>\n<\/div><\/section>\n\n<style type=\"text\/css\" data-created_by=\"avia_inline_auto\" id=\"style-css-av-lujjddpd-afa3d7a9eabd61123e643ed1228e781e\">\n#top .hr.hr-invisible.av-lujjddpd-afa3d7a9eabd61123e643ed1228e781e{\nheight:50px;\n}\n<\/style>\n<div  class='hr av-lujjddpd-afa3d7a9eabd61123e643ed1228e781e hr-invisible  avia-builder-el-1  el_after_av_textblock  el_before_av_codeblock'><span class='hr-inner'><span class=\"hr-inner-style\"><\/span><\/span><\/div>\n\n\n<style type=\"text\/css\" data-created_by=\"avia_inline_auto\" id=\"style-css-av-ah0xd-63338d9dc6b40410e22a712829c369d6\">\n#top .hr.hr-invisible.av-ah0xd-63338d9dc6b40410e22a712829c369d6{\nheight:50px;\n}\n<\/style>\n<div  class='hr av-ah0xd-63338d9dc6b40410e22a712829c369d6 hr-invisible  avia-builder-el-3  el_after_av_codeblock  el_before_av_textblock'><span class='hr-inner'><span class=\"hr-inner-style\"><\/span><\/span><\/div>\n<section  class='av_textblock_section av-lu8gow1e-300853e458ed741bd87d6cb78e55cc7a'  itemscope=\"itemscope\" itemtype=\"https:\/\/schema.org\/CreativeWork\" ><div class='avia_textblock'  itemprop=\"text\" ><h2>Avantages du Fiat Fiorino<\/h2>\n<p>Ce v\u00e9hicule utilitaire pr\u00e9sente de nombreux avantages, dont son excellente maniabilit\u00e9. Gr\u00e2ce \u00e0 ses dimensions compactes, ce v\u00e9hicule utilitaire est id\u00e9al pour la circulation urbaine : il se faufile ais\u00e9ment dans les rues \u00e9troites et dans les situations de trafic intense. Malgr\u00e9 sa taille modeste, le Fiorino offre une charge utile impressionnante, ce qui permet de transporter des marchandises sans probl\u00e8me. De plus, ses moteurs \u00e9conomes en carburant garantissent de faibles co\u00fbts d'exploitation, ce qui fait de ce mod\u00e8le un choix rentable pour les entreprises qui cherchent \u00e0 minimiser leurs d\u00e9penses. Une solide r\u00e9putation de fiabilit\u00e9, <a href=\"https:\/\/www.vdhurk.nl\/fr\/vehicules-commerciaux-fiat\/\">Fiat<\/a> a veill\u00e9 \u00e0 ce que le Fiorino soit con\u00e7u pour une utilisation intensive et \u00e0 long terme. En outre, ce v\u00e9hicule est disponible en diff\u00e9rentes versions et peut \u00eatre facilement adapt\u00e9 aux besoins sp\u00e9cifiques de l'entreprise.<\/p>\n<\/div><\/section>\n<div class='flex_column av-f64w1-da126f42b61613402309283c14245a25 av_one_half  avia-builder-el-5  el_after_av_textblock  el_before_av_one_third  first flex_column_div column-top-margin'   ><section  class='av_textblock_section av-lu8gpqre-73cc2c17e6a6497ba6e1b58af22bd9e8'  itemscope=\"itemscope\" itemtype=\"https:\/\/schema.org\/CreativeWork\" ><div class='avia_textblock'  itemprop=\"text\" ><h2>Sp\u00e9cifications<\/h2>\n<p>Le Fiat Fiorino pr\u00e9sente plusieurs caract\u00e9ristiques qui en font un choix populaire parmi les entreprises et les organisations. Ce mod\u00e8le offre une capacit\u00e9 de charge impressionnante allant jusqu'\u00e0 610 kilogrammes, ce qui est id\u00e9al pour le transport de marchandises. L'int\u00e9rieur fonctionnel allie facilit\u00e9 d'utilisation et options de rangement intelligentes. La s\u00e9curit\u00e9 passe toujours avant tout, c'est pourquoi le Fiorino est dot\u00e9 d'une large gamme de dispositifs de s\u00e9curit\u00e9 de s\u00e9rie et en option pour une protection optimale. De plus, des technologies modernes telles qu'un syst\u00e8me d'infodivertissement et des options de connectivit\u00e9 sont disponibles, ce qui rend le v\u00e9hicule non seulement pratique, mais aussi tourn\u00e9 vers l'avenir.<\/p>\n<\/div><\/section><\/div><div class='flex_column av-aldk9-ee694297f5c4032981677a02caab84d6 av_one_third  avia-builder-el-7  el_after_av_one_half  el_before_av_hr  flex_column_div column-top-margin'   ><style type=\"text\/css\" data-created_by=\"avia_inline_auto\" id=\"style-css-av-l1w9kpsf-4ec3fab772ec7a9adaa33cfc64ff0475\">\n.avia-image-container.av-l1w9kpsf-4ec3fab772ec7a9adaa33cfc64ff0475 .av-image-caption-overlay-center{\ncolor:#ffffff;\n}\n<\/style>\n<div  class='avia-image-container av-l1w9kpsf-4ec3fab772ec7a9adaa33cfc64ff0475 av-styling- avia-align-center  avia-builder-el-8  avia-builder-el-no-sibling'  itemprop=\"image\" itemscope=\"itemscope\" itemtype=\"https:\/\/schema.org\/ImageObject\" ><div class=\"avia-image-container-inner\"><div class=\"avia-image-overlay-wrap\"><img decoding=\"async\" class='wp-image-187 avia-img-lazy-loading-not-187 avia_image' src=\"https:\/\/www.vdhurk.nl\/wp-content\/uploads\/2022\/03\/Voorrad.png\" alt='' title='Stock'  height=\"758\" width=\"1135\"  itemprop=\"thumbnailUrl\" srcset=\"https:\/\/www.vdhurk.nl\/wp-content\/uploads\/2022\/03\/Voorrad.png 1135w, https:\/\/www.vdhurk.nl\/wp-content\/uploads\/2022\/03\/Voorrad-300x200.png 300w, https:\/\/www.vdhurk.nl\/wp-content\/uploads\/2022\/03\/Voorrad-1030x688.png 1030w, https:\/\/www.vdhurk.nl\/wp-content\/uploads\/2022\/03\/Voorrad-768x513.png 768w, https:\/\/www.vdhurk.nl\/wp-content\/uploads\/2022\/03\/Voorrad-18x12.png 18w, https:\/\/www.vdhurk.nl\/wp-content\/uploads\/2022\/03\/Voorrad-705x471.png 705w\" sizes=\"(max-width: 1135px) 100vw, 1135px\" \/><\/div><\/div><\/div><\/div><\/p>\n\n<style type=\"text\/css\" data-created_by=\"avia_inline_auto\" id=\"style-css-av-luqrjpjc-5a23a1fb5f94718ca85316a9df963e2f\">\n#top .hr.hr-invisible.av-luqrjpjc-5a23a1fb5f94718ca85316a9df963e2f{\nheight:50px;\n}\n<\/style>\n<div  class='hr av-luqrjpjc-5a23a1fb5f94718ca85316a9df963e2f hr-invisible  avia-builder-el-9  el_after_av_one_third  el_before_av_textblock'><span class='hr-inner'><span class=\"hr-inner-style\"><\/span><\/span><\/div>\n<section  class='av_textblock_section av-lu8gtjw7-4f3cee9304909518d86d2860d9d582dd'  itemscope=\"itemscope\" itemtype=\"https:\/\/schema.org\/CreativeWork\" ><div class='avia_textblock'  itemprop=\"text\" ><h2>Acheter une Fiat Fiorino : quels sont les prix ?<\/h2>\n<p>Les prix varient car nous avons dans notre gamme des Fiat Fiorino neufs et des Fiat Fiorino d'occasion. Naturellement, le prix d'un mod\u00e8le neuf est plus \u00e9lev\u00e9 que celui d'un mod\u00e8le d'occasion. En outre, d'autres facteurs jouent \u00e9galement un r\u00f4le dans le prix, comme la version et l'\u00e9tat du v\u00e9hicule. Notre gamme \u00e9tant variable, les prix d\u00e9pendent des disponibilit\u00e9s du moment. Bien qu'il soit difficile de donner un prix exact, vous pouvez g\u00e9n\u00e9ralement compter entre 10 000 et 15 000 euros pour un Fiat Fiorino d'occasion, tandis qu'un mod\u00e8le neuf d\u00e9marre aux alentours de 20 000 euros. Consultez donc r\u00e9guli\u00e8rement notre offre pour b\u00e9n\u00e9ficier de la meilleure offre !<\/p>\n<h2>Leasing d'un Fiat Fiorino<\/h2>\n<p>Outre la possibilit\u00e9 d'acheter directement un v\u00e9hicule utilitaire, vous pouvez \u00e9galement opter pour <a href=\"https:\/\/www.vdhurk.nl\/fr\/location-financiere\/\">location financi\u00e8re<\/a>. Avec cette option, vous n'avez pas \u00e0 d\u00e9bourser une somme importante en une seule fois. Vous remboursez le v\u00e9hicule par mensualit\u00e9s et il devient progressivement votre propri\u00e9t\u00e9. Vous payez donc un montant fixe chaque mois, ce qui facilite votre planification financi\u00e8re et la rend plus flexible. \u00c0 la fin de la p\u00e9riode de location, vous \u00eates pleinement propri\u00e9taire du v\u00e9hicule, sans avoir \u00e0 faire un gros investissement au d\u00e9part.<\/p>\n<h2>Voir l'offre<\/h2>\n<p>Vous voulez acheter un Fiat Fiorino occasion ? Consultez l'offre actuelle de Van den Hurk. Votre voiture de soci\u00e9t\u00e9 id\u00e9ale ne figure pas dans la liste ? Ne vous inqui\u00e9tez pas ! Inscrivez-vous \u00e0 notre <a href=\"https:\/\/www.vdhurk.nl\/fr\/alerte-boursiere\/\">alerte boursi\u00e8re<\/a>. En outre, vous avez toujours la possibilit\u00e9 de nous contacter. Nous nous ferons un plaisir de vous en dire plus afin que vous puissiez faire un choix \u00e9clair\u00e9.<\/p>\n<\/div><\/section>","protected":false},"excerpt":{"rendered":"","protected":false},"author":3,"featured_media":0,"parent":372075,"menu_order":0,"comment_status":"closed","ping_status":"closed","template":"","meta":{"_acf_changed":false,"_improvement_type_select":"improve_an_existing","_thumb_yes_seoaic":false,"_frame_yes_seoaic":false,"seoaic_generate_description":"","seoaic_improve_instructions_prompt":"","seoaic_rollback_content_improvement":"","seoaic_idea_thumbnail_generator":"","thumbnail_generated":false,"thumbnail_generate_prompt":"","seoaic_article_description":"","footnotes":""},"class_list":["post-402273","page","type-page","status-publish","hentry"],"acf":[],"yoast_head":"<!-- This site is optimized with the Yoast SEO plugin v27.5 - https:\/\/yoast.com\/product\/yoast-seo-wordpress\/ -->\n<title>Koop een Fiat Fiorino occasion tegenover scherpe prijzen<\/title>\n<meta name=\"description\" content=\"Vind jouw Fiat Fiorino occasion binnen ons uitgebreide assortiment. Ontdek de voordelen en specificaties van dit model en kies voor service en kwaliteit.\" \/>\n<meta name=\"robots\" content=\"index, follow, max-snippet:-1, max-image-preview:large, max-video-preview:-1\" \/>\n<link rel=\"canonical\" href=\"https:\/\/www.vdhurk.nl\/fr\/vehicules-commerciaux-fiat\/mercedes-23\/\" \/>\n<meta property=\"og:locale\" content=\"fr_FR\" \/>\n<meta property=\"og:type\" content=\"article\" \/>\n<meta property=\"og:title\" content=\"Koop een Fiat Fiorino occasion tegenover scherpe prijzen\" \/>\n<meta property=\"og:description\" content=\"Vind jouw Fiat Fiorino occasion binnen ons uitgebreide assortiment. Ontdek de voordelen en specificaties van dit model en kies voor service en kwaliteit.\" \/>\n<meta property=\"og:url\" content=\"https:\/\/www.vdhurk.nl\/fr\/vehicules-commerciaux-fiat\/mercedes-23\/\" \/>\n<meta property=\"og:site_name\" content=\"Van den Hurk Bedrijfswagens\" \/>\n<meta name=\"twitter:card\" content=\"summary_large_image\" \/>\n<meta name=\"twitter:label1\" content=\"Dur\u00e9e de lecture estim\u00e9e\" \/>\n\t<meta name=\"twitter:data1\" content=\"5 minutes\" \/>\n<script type=\"application\/ld+json\" class=\"yoast-schema-graph\">{\"@context\":\"https:\\\/\\\/schema.org\",\"@graph\":[{\"@type\":\"WebPage\",\"@id\":\"https:\\\/\\\/www.vdhurk.nl\\\/fiat-bedrijfswagens\\\/fiorino\\\/\",\"url\":\"https:\\\/\\\/www.vdhurk.nl\\\/fiat-bedrijfswagens\\\/fiorino\\\/\",\"name\":\"Koop een Fiat Fiorino occasion tegenover scherpe prijzen\",\"isPartOf\":{\"@id\":\"https:\\\/\\\/www.vdhurk.nl\\\/#website\"},\"datePublished\":\"2024-09-05T08:59:46+00:00\",\"description\":\"Vind jouw Fiat Fiorino occasion binnen ons uitgebreide assortiment. Ontdek de voordelen en specificaties van dit model en kies voor service en kwaliteit.\",\"breadcrumb\":{\"@id\":\"https:\\\/\\\/www.vdhurk.nl\\\/fiat-bedrijfswagens\\\/fiorino\\\/#breadcrumb\"},\"inLanguage\":\"fr-FR\",\"potentialAction\":[{\"@type\":\"ReadAction\",\"target\":[\"https:\\\/\\\/www.vdhurk.nl\\\/fiat-bedrijfswagens\\\/fiorino\\\/\"]}]},{\"@type\":\"BreadcrumbList\",\"@id\":\"https:\\\/\\\/www.vdhurk.nl\\\/fiat-bedrijfswagens\\\/fiorino\\\/#breadcrumb\",\"itemListElement\":[{\"@type\":\"ListItem\",\"position\":1,\"name\":\"Home\",\"item\":\"https:\\\/\\\/www.vdhurk.nl\\\/home\\\/\"},{\"@type\":\"ListItem\",\"position\":2,\"name\":\"Fiat Bedrijfswagens\",\"item\":\"https:\\\/\\\/www.vdhurk.nl\\\/fiat-bedrijfswagens\\\/\"},{\"@type\":\"ListItem\",\"position\":3,\"name\":\"Fiat Fiorino\"}]},{\"@type\":\"WebSite\",\"@id\":\"https:\\\/\\\/www.vdhurk.nl\\\/#website\",\"url\":\"https:\\\/\\\/www.vdhurk.nl\\\/\",\"name\":\"Van den Hurk Bedrijfswagens\",\"description\":\"Van den Hurk bedrijfswagens Helmond\",\"potentialAction\":[{\"@type\":\"SearchAction\",\"target\":{\"@type\":\"EntryPoint\",\"urlTemplate\":\"https:\\\/\\\/www.vdhurk.nl\\\/?s={search_term_string}\"},\"query-input\":{\"@type\":\"PropertyValueSpecification\",\"valueRequired\":true,\"valueName\":\"search_term_string\"}}],\"inLanguage\":\"fr-FR\"}]}<\/script>\n<!-- \/ Yoast SEO plugin. -->","yoast_head_json":{"title":"Acheter un Fiat Fiorino occasion \u00e0 des prix comp\u00e9titifs","description":"Trouvez votre Fiat Fiorino occasion dans notre large gamme. D\u00e9couvrez les avantages et les caract\u00e9ristiques de ce mod\u00e8le et optez pour le service et la qualit\u00e9.","robots":{"index":"index","follow":"follow","max-snippet":"max-snippet:-1","max-image-preview":"max-image-preview:large","max-video-preview":"max-video-preview:-1"},"canonical":"https:\/\/www.vdhurk.nl\/fr\/vehicules-commerciaux-fiat\/mercedes-23\/","og_locale":"fr_FR","og_type":"article","og_title":"Koop een Fiat Fiorino occasion tegenover scherpe prijzen","og_description":"Vind jouw Fiat Fiorino occasion binnen ons uitgebreide assortiment. Ontdek de voordelen en specificaties van dit model en kies voor service en kwaliteit.","og_url":"https:\/\/www.vdhurk.nl\/fr\/vehicules-commerciaux-fiat\/mercedes-23\/","og_site_name":"Van den Hurk Bedrijfswagens","twitter_card":"summary_large_image","twitter_misc":{"Dur\u00e9e de lecture estim\u00e9e":"5 minutes"},"schema":{"@context":"https:\/\/schema.org","@graph":[{"@type":"WebPage","@id":"https:\/\/www.vdhurk.nl\/fiat-bedrijfswagens\/fiorino\/","url":"https:\/\/www.vdhurk.nl\/fiat-bedrijfswagens\/fiorino\/","name":"Acheter un Fiat Fiorino occasion \u00e0 des prix comp\u00e9titifs","isPartOf":{"@id":"https:\/\/www.vdhurk.nl\/#website"},"datePublished":"2024-09-05T08:59:46+00:00","description":"Trouvez votre Fiat Fiorino occasion dans notre large gamme. D\u00e9couvrez les avantages et les caract\u00e9ristiques de ce mod\u00e8le et optez pour le service et la qualit\u00e9.","breadcrumb":{"@id":"https:\/\/www.vdhurk.nl\/fiat-bedrijfswagens\/fiorino\/#breadcrumb"},"inLanguage":"fr-FR","potentialAction":[{"@type":"ReadAction","target":["https:\/\/www.vdhurk.nl\/fiat-bedrijfswagens\/fiorino\/"]}]},{"@type":"BreadcrumbList","@id":"https:\/\/www.vdhurk.nl\/fiat-bedrijfswagens\/fiorino\/#breadcrumb","itemListElement":[{"@type":"ListItem","position":1,"name":"Home","item":"https:\/\/www.vdhurk.nl\/home\/"},{"@type":"ListItem","position":2,"name":"Fiat Bedrijfswagens","item":"https:\/\/www.vdhurk.nl\/fiat-bedrijfswagens\/"},{"@type":"ListItem","position":3,"name":"Fiat Fiorino"}]},{"@type":"WebSite","@id":"https:\/\/www.vdhurk.nl\/#website","url":"https:\/\/www.vdhurk.nl\/","name":"V\u00e9hicules utilitaires Van den Hurk","description":"V\u00e9hicules utilitaires Van den Hurk Helmond","potentialAction":[{"@type":"SearchAction","target":{"@type":"EntryPoint","urlTemplate":"https:\/\/www.vdhurk.nl\/?s={search_term_string}"},"query-input":{"@type":"PropertyValueSpecification","valueRequired":true,"valueName":"search_term_string"}}],"inLanguage":"fr-FR"}]}},"_links":{"self":[{"href":"https:\/\/www.vdhurk.nl\/fr\/wp-json\/wp\/v2\/pages\/402273","targetHints":{"allow":["GET"]}}],"collection":[{"href":"https:\/\/www.vdhurk.nl\/fr\/wp-json\/wp\/v2\/pages"}],"about":[{"href":"https:\/\/www.vdhurk.nl\/fr\/wp-json\/wp\/v2\/types\/page"}],"author":[{"embeddable":true,"href":"https:\/\/www.vdhurk.nl\/fr\/wp-json\/wp\/v2\/users\/3"}],"replies":[{"embeddable":true,"href":"https:\/\/www.vdhurk.nl\/fr\/wp-json\/wp\/v2\/comments?post=402273"}],"version-history":[{"count":1,"href":"https:\/\/www.vdhurk.nl\/fr\/wp-json\/wp\/v2\/pages\/402273\/revisions"}],"predecessor-version":[{"id":402274,"href":"https:\/\/www.vdhurk.nl\/fr\/wp-json\/wp\/v2\/pages\/402273\/revisions\/402274"}],"up":[{"embeddable":true,"href":"https:\/\/www.vdhurk.nl\/fr\/wp-json\/wp\/v2\/pages\/372075"}],"wp:attachment":[{"href":"https:\/\/www.vdhurk.nl\/fr\/wp-json\/wp\/v2\/media?parent=402273"}],"curies":[{"name":"wp","href":"https:\/\/api.w.org\/{rel}","templated":true}]}}