{"id":398333,"date":"2024-08-08T08:44:00","date_gmt":"2024-08-08T06:44:00","guid":{"rendered":"https:\/\/www.vdhurk.nl\/?page_id=398333"},"modified":"2024-08-08T08:44:00","modified_gmt":"2024-08-08T06:44:00","slug":"vehicules-commerciaux-toyota","status":"publish","type":"page","link":"https:\/\/www.vdhurk.nl\/fr\/toyota-bedrijfswagens\/","title":{"rendered":"V\u00e9hicules utilitaires Toyota"},"content":{"rendered":"<section  class='av_textblock_section av-lu8gnh7d-4ac895489941e586c1d7c8cb72318135'  itemscope=\"itemscope\" itemtype=\"https:\/\/schema.org\/CreativeWork\" ><div class='avia_textblock'  itemprop=\"text\" ><h1>V\u00e9hicules utilitaires Toyota : succ\u00e8s garanti sur la route<\/h1>\n<p>Dans le monde dynamique des v\u00e9hicules professionnels, les v\u00e9hicules utilitaires Toyota sont r\u00e9put\u00e9s pour leur fiabilit\u00e9 et leur conception innovante. La marque propose diverses solutions sur mesure pour les utilisateurs professionnels. Qu'il s'agisse de livrer des marchandises, de d\u00e9placer des personnes ou d'effectuer des t\u00e2ches sp\u00e9cialis\u00e9es : Toyota a ce qu'il faut. Ses v\u00e9hicules utilitaires allient efficacit\u00e9, confort et performance pour permettre \u00e0 votre entreprise d'atteindre de nouveaux sommets.<\/p>\n<\/div><\/section>\n\n<style type=\"text\/css\" data-created_by=\"avia_inline_auto\" id=\"style-css-av-lujjddpd-afa3d7a9eabd61123e643ed1228e781e\">\n#top .hr.hr-invisible.av-lujjddpd-afa3d7a9eabd61123e643ed1228e781e{\nheight:50px;\n}\n<\/style>\n<div  class='hr av-lujjddpd-afa3d7a9eabd61123e643ed1228e781e hr-invisible  avia-builder-el-1  el_after_av_textblock  el_before_av_codeblock'><span class='hr-inner'><span class=\"hr-inner-style\"><\/span><\/span><\/div>\n\n\n<style type=\"text\/css\" data-created_by=\"avia_inline_auto\" id=\"style-css-av-o1d5-cf77288da24053faf1b6ffbefcfc6222\">\n#top .hr.hr-invisible.av-o1d5-cf77288da24053faf1b6ffbefcfc6222{\nheight:50px;\n}\n<\/style>\n<div  class='hr av-o1d5-cf77288da24053faf1b6ffbefcfc6222 hr-invisible  avia-builder-el-3  el_after_av_codeblock  el_before_av_textblock'><span class='hr-inner'><span class=\"hr-inner-style\"><\/span><\/span><\/div>\n<section  class='av_textblock_section av-lu8gtjw7-4f3cee9304909518d86d2860d9d582dd'  itemscope=\"itemscope\" itemtype=\"https:\/\/schema.org\/CreativeWork\" ><div class='avia_textblock'  itemprop=\"text\" ><h2>L'histoire de Toyota<\/h2>\n<h3>L'\u00e9tablissement<\/h3>\n<p>Toyota a \u00e9t\u00e9 fond\u00e9e en 1937 en tant qu'entreprise fabriquant des m\u00e9tiers \u00e0 tisser. Progressivement, la marque est pass\u00e9e d'une entreprise textile \u00e0 l'un des constructeurs automobiles les plus populaires au monde. La premi\u00e8re \u00e9tape vers la production de v\u00e9hicules commerciaux a \u00e9t\u00e9 franchie avec l'introduction du Toyota Stout en 1954. Il s'agissait d'un camion l\u00e9ger destin\u00e9 \u00e0 r\u00e9pondre aux besoins croissants des entrepreneurs et des petites entreprises. Dans les ann\u00e9es qui ont suivi, la marque a \u00e9largi sa gamme pour y inclure divers v\u00e9hicules commerciaux. Aujourd'hui, Toyota est l'un des choix les plus populaires dans le monde en mati\u00e8re de v\u00e9hicules commerciaux.<\/p>\n<h3>D\u00e9veloppements et \u00e9tapes<\/h3>\n<p>Le d\u00e9veloppement des autobus et des v\u00e9hicules utilitaires Toyota a connu des \u00e9tapes importantes qui ont fa\u00e7onn\u00e9 l'\u00e9volution de la marque :<\/p>\n<ul>\n<li><strong>Introduction de la Toyota Stout en 1954 :<\/strong> Il s'agit du premier v\u00e9hicule utilitaire lanc\u00e9 par la marque. Il a \u00e9t\u00e9 con\u00e7u pour r\u00e9pondre aux besoins des petites entreprises.<\/li>\n<li><strong>Lancement de la Toyota HiAce en 1967 :<\/strong> Ce mod\u00e8le a \u00e9t\u00e9 introduit en tant que fourgon et minibus polyvalent. Il est rapidement devenu un v\u00e9hicule populaire en raison de son espace, de sa fiabilit\u00e9 et de sa durabilit\u00e9.<\/li>\n<li><strong>Introduction du Toyota Hilux en 1968 :<\/strong> Ce pick-up compact est devenu l'un des v\u00e9hicules commerciaux les plus embl\u00e9matiques au monde.<\/li>\n<li><strong>Le Toyota Land Cruiser en usage professionnel \u00e0 partir de 1951 :<\/strong> Con\u00e7u \u00e0 l'origine comme un v\u00e9hicule tout-terrain, ce mod\u00e8le a rapidement \u00e9t\u00e9 reconnu comme un v\u00e9hicule polyvalent \u00e0 usage professionnel, en particulier dans les environnements accident\u00e9s et les zones au relief difficile.<\/li>\n<li><strong>L'accent est mis sur les v\u00e9hicules utilitaires hybrides et \u00e9lectriques :<\/strong> Ces derni\u00e8res ann\u00e9es, la marque s'est concentr\u00e9e sur le d\u00e9veloppement de v\u00e9hicules utilitaires hybrides et \u00e9lectriques pour r\u00e9pondre \u00e0 la demande croissante de mobilit\u00e9 durable.<\/li>\n<\/ul>\n<h2>Innovations technologiques<\/h2>\n<p>Toyota s'efforce constamment d'innover sur le plan technologique lorsqu'il s'agit de produire des v\u00e9hicules utilitaires. Par exemple, ils utilisent des syst\u00e8mes de s\u00e9curit\u00e9 avanc\u00e9s avec des fonctionnalit\u00e9s telles que le freinage d'urgence automatique, le r\u00e9gulateur de vitesse adaptatif et l'assistance au maintien de la trajectoire. Ces syst\u00e8mes sont con\u00e7us pour am\u00e9liorer la s\u00e9curit\u00e9 du conducteur et des passagers et pr\u00e9venir autant que possible les accidents graves. Toyota a \u00e9galement jou\u00e9 un r\u00f4le important dans le d\u00e9veloppement de syst\u00e8mes de propulsion hybrides et utilise des solutions de recharge et de stockage avanc\u00e9es.<\/p>\n<h2>Les avantages des v\u00e9hicules utilitaires Toyota<\/h2>\n<p>Plusieurs avantages incitent les utilisateurs professionnels \u00e0 choisir Toyota :<\/p>\n<ul>\n<li aria-level=\"1\"><strong>Fiabilit\u00e9<\/strong>Toyota : Toyota produit des v\u00e9hicules utilitaires fiables, construits avec des mat\u00e9riaux de haute qualit\u00e9 et des techniques innovantes.<\/li>\n<li aria-level=\"1\"><strong>Efficacit\u00e9 :<\/strong> Les v\u00e9hicules utilitaires Toyota sont dot\u00e9s de technologies de moteur avanc\u00e9es, telles que des syst\u00e8mes d'entra\u00eenement hybrides, ce qui se traduit par un bon rendement \u00e9nerg\u00e9tique.<\/li>\n<li aria-level=\"1\"><strong>S\u00e9curit\u00e9<\/strong>S\u00e9curit\u00e9 : La marque s'engage \u00e0 assurer la s\u00e9curit\u00e9 de tous les v\u00e9hicules utilitaires. Gr\u00e2ce \u00e0 des dispositifs de s\u00e9curit\u00e9 avanc\u00e9s, les v\u00e9hicules utilitaires offrent une bonne protection \u00e0 tous les usagers de la route.<\/li>\n<li aria-level=\"1\"><strong>L'innovation<\/strong>Toyota : Toyota investit constamment dans l'innovation technologique, ce qui lui permet de garantir des caract\u00e9ristiques et des syst\u00e8mes avanc\u00e9s. Il s'agit notamment de solutions de recharge intelligentes qui contribuent \u00e0 la productivit\u00e9 et au confort.<\/li>\n<\/ul>\n<h2>Options financi\u00e8res<\/h2>\n<p>Chez Van den Hurk, vous b\u00e9n\u00e9ficiez de diverses options de financement. Vous voulez acheter un bus Toyota ? C'est possible. L'avantage, c'est qu'il est votre propri\u00e9t\u00e9. C'est donc vous qui d\u00e9cidez de modifier ou non votre camionnette d'entreprise et d'en faire quoi que ce soit. Si vous optez pour l'achat d'un v\u00e9hicule utilitaire, vous n'avez pas non plus \u00e0 vous soucier de la d\u00e9pr\u00e9ciation mensuelle et de la limitation du kilom\u00e9trage. Vous pr\u00e9f\u00e9rez louer une camionnette Toyota ? C'est \u00e9galement possible. L'avantage du leasing est que les co\u00fbts sont pr\u00e9visibles. En outre, vous b\u00e9n\u00e9ficiez d'un confort administratif. La meilleure option pour votre entreprise d\u00e9pend d'un certain nombre de facteurs. Nous nous ferons un plaisir de vous aider \u00e0 faire le meilleur choix.<\/p>\n<h2><b>Mod\u00e8les d'occasion<\/b><\/h2>\n<p>Vous souhaitez disposer d'un v\u00e9hicule utilitaire performant sans en payer le prix fort ? Dans ce cas, un Toyota bus occasion est tout indiqu\u00e9. Un occasion est un mod\u00e8le d'occasion qui fonctionne encore correctement. L'avantage d'un mod\u00e8le d'occasion est que vous payez beaucoup moins cher que si vous optez pour un mod\u00e8le neuf. Vous \u00eates int\u00e9ress\u00e9 par un mod\u00e8le d'occasion ? N'h\u00e9sitez pas \u00e0 consulter notre offre.<\/p>\n<\/div><\/section>","protected":false},"excerpt":{"rendered":"","protected":false},"author":3,"featured_media":0,"parent":0,"menu_order":0,"comment_status":"closed","ping_status":"closed","template":"","meta":{"_acf_changed":false,"_improvement_type_select":"improve_an_existing","_thumb_yes_seoaic":false,"_frame_yes_seoaic":false,"seoaic_generate_description":"","seoaic_improve_instructions_prompt":"","seoaic_rollback_content_improvement":"","seoaic_idea_thumbnail_generator":"","thumbnail_generated":false,"thumbnail_generate_prompt":"","seoaic_article_description":"","footnotes":""},"class_list":["post-398333","page","type-page","status-publish","hentry"],"acf":[],"yoast_head":"<!-- This site is optimized with the Yoast SEO plugin v27.5 - https:\/\/yoast.com\/product\/yoast-seo-wordpress\/ -->\n<title>Toyota bedrijfswagens voor zakelijke gebruikers aanschaffen<\/title>\n<meta name=\"description\" content=\"Ben jij op zoek naar een voertuig dat geschikt is voor zakelijk gebruik? Ontdek dan Toyota bedrijfswagens: veilig, betrouwbaar en effici\u00ebnt.\" \/>\n<meta name=\"robots\" content=\"index, follow, max-snippet:-1, max-image-preview:large, max-video-preview:-1\" \/>\n<link rel=\"canonical\" href=\"https:\/\/www.vdhurk.nl\/fr\/vehicules-commerciaux-toyota\/\" \/>\n<meta property=\"og:locale\" content=\"fr_FR\" \/>\n<meta property=\"og:type\" content=\"article\" \/>\n<meta property=\"og:title\" content=\"Toyota bedrijfswagens voor zakelijke gebruikers aanschaffen\" \/>\n<meta property=\"og:description\" content=\"Ben jij op zoek naar een voertuig dat geschikt is voor zakelijk gebruik? Ontdek dan Toyota bedrijfswagens: veilig, betrouwbaar en effici\u00ebnt.\" \/>\n<meta property=\"og:url\" content=\"https:\/\/www.vdhurk.nl\/fr\/vehicules-commerciaux-toyota\/\" \/>\n<meta property=\"og:site_name\" content=\"Van den Hurk Bedrijfswagens\" \/>\n<meta name=\"twitter:card\" content=\"summary_large_image\" \/>\n<meta name=\"twitter:label1\" content=\"Dur\u00e9e de lecture estim\u00e9e\" \/>\n\t<meta name=\"twitter:data1\" content=\"4 minutes\" \/>\n<script type=\"application\/ld+json\" class=\"yoast-schema-graph\">{\"@context\":\"https:\\\/\\\/schema.org\",\"@graph\":[{\"@type\":\"WebPage\",\"@id\":\"https:\\\/\\\/www.vdhurk.nl\\\/toyota-bedrijfswagens\\\/\",\"url\":\"https:\\\/\\\/www.vdhurk.nl\\\/toyota-bedrijfswagens\\\/\",\"name\":\"Toyota bedrijfswagens voor zakelijke gebruikers aanschaffen\",\"isPartOf\":{\"@id\":\"https:\\\/\\\/www.vdhurk.nl\\\/#website\"},\"datePublished\":\"2024-08-08T06:44:00+00:00\",\"description\":\"Ben jij op zoek naar een voertuig dat geschikt is voor zakelijk gebruik? Ontdek dan Toyota bedrijfswagens: veilig, betrouwbaar en effici\u00ebnt.\",\"breadcrumb\":{\"@id\":\"https:\\\/\\\/www.vdhurk.nl\\\/toyota-bedrijfswagens\\\/#breadcrumb\"},\"inLanguage\":\"fr-FR\",\"potentialAction\":[{\"@type\":\"ReadAction\",\"target\":[\"https:\\\/\\\/www.vdhurk.nl\\\/toyota-bedrijfswagens\\\/\"]}]},{\"@type\":\"BreadcrumbList\",\"@id\":\"https:\\\/\\\/www.vdhurk.nl\\\/toyota-bedrijfswagens\\\/#breadcrumb\",\"itemListElement\":[{\"@type\":\"ListItem\",\"position\":1,\"name\":\"Home\",\"item\":\"https:\\\/\\\/www.vdhurk.nl\\\/home\\\/\"},{\"@type\":\"ListItem\",\"position\":2,\"name\":\"Toyota Bedrijfswagens\"}]},{\"@type\":\"WebSite\",\"@id\":\"https:\\\/\\\/www.vdhurk.nl\\\/#website\",\"url\":\"https:\\\/\\\/www.vdhurk.nl\\\/\",\"name\":\"Van den Hurk Bedrijfswagens\",\"description\":\"Van den Hurk bedrijfswagens Helmond\",\"potentialAction\":[{\"@type\":\"SearchAction\",\"target\":{\"@type\":\"EntryPoint\",\"urlTemplate\":\"https:\\\/\\\/www.vdhurk.nl\\\/?s={search_term_string}\"},\"query-input\":{\"@type\":\"PropertyValueSpecification\",\"valueRequired\":true,\"valueName\":\"search_term_string\"}}],\"inLanguage\":\"fr-FR\"}]}<\/script>\n<!-- \/ Yoast SEO plugin. -->","yoast_head_json":{"title":"Achat de v\u00e9hicules utilitaires Toyota pour les utilisateurs professionnels","description":"Vous \u00eates \u00e0 la recherche d'un v\u00e9hicule adapt\u00e9 \u00e0 un usage professionnel ? D\u00e9couvrez les v\u00e9hicules utilitaires Toyota : s\u00fbrs, fiables et efficaces.","robots":{"index":"index","follow":"follow","max-snippet":"max-snippet:-1","max-image-preview":"max-image-preview:large","max-video-preview":"max-video-preview:-1"},"canonical":"https:\/\/www.vdhurk.nl\/fr\/vehicules-commerciaux-toyota\/","og_locale":"fr_FR","og_type":"article","og_title":"Toyota bedrijfswagens voor zakelijke gebruikers aanschaffen","og_description":"Ben jij op zoek naar een voertuig dat geschikt is voor zakelijk gebruik? Ontdek dan Toyota bedrijfswagens: veilig, betrouwbaar en effici\u00ebnt.","og_url":"https:\/\/www.vdhurk.nl\/fr\/vehicules-commerciaux-toyota\/","og_site_name":"Van den Hurk Bedrijfswagens","twitter_card":"summary_large_image","twitter_misc":{"Dur\u00e9e de lecture estim\u00e9e":"4 minutes"},"schema":{"@context":"https:\/\/schema.org","@graph":[{"@type":"WebPage","@id":"https:\/\/www.vdhurk.nl\/toyota-bedrijfswagens\/","url":"https:\/\/www.vdhurk.nl\/toyota-bedrijfswagens\/","name":"Achat de v\u00e9hicules utilitaires Toyota pour les utilisateurs professionnels","isPartOf":{"@id":"https:\/\/www.vdhurk.nl\/#website"},"datePublished":"2024-08-08T06:44:00+00:00","description":"Vous \u00eates \u00e0 la recherche d'un v\u00e9hicule adapt\u00e9 \u00e0 un usage professionnel ? D\u00e9couvrez les v\u00e9hicules utilitaires Toyota : s\u00fbrs, fiables et efficaces.","breadcrumb":{"@id":"https:\/\/www.vdhurk.nl\/toyota-bedrijfswagens\/#breadcrumb"},"inLanguage":"fr-FR","potentialAction":[{"@type":"ReadAction","target":["https:\/\/www.vdhurk.nl\/toyota-bedrijfswagens\/"]}]},{"@type":"BreadcrumbList","@id":"https:\/\/www.vdhurk.nl\/toyota-bedrijfswagens\/#breadcrumb","itemListElement":[{"@type":"ListItem","position":1,"name":"Home","item":"https:\/\/www.vdhurk.nl\/home\/"},{"@type":"ListItem","position":2,"name":"Toyota Bedrijfswagens"}]},{"@type":"WebSite","@id":"https:\/\/www.vdhurk.nl\/#website","url":"https:\/\/www.vdhurk.nl\/","name":"V\u00e9hicules utilitaires Van den Hurk","description":"V\u00e9hicules utilitaires Van den Hurk Helmond","potentialAction":[{"@type":"SearchAction","target":{"@type":"EntryPoint","urlTemplate":"https:\/\/www.vdhurk.nl\/?s={search_term_string}"},"query-input":{"@type":"PropertyValueSpecification","valueRequired":true,"valueName":"search_term_string"}}],"inLanguage":"fr-FR"}]}},"_links":{"self":[{"href":"https:\/\/www.vdhurk.nl\/fr\/wp-json\/wp\/v2\/pages\/398333","targetHints":{"allow":["GET"]}}],"collection":[{"href":"https:\/\/www.vdhurk.nl\/fr\/wp-json\/wp\/v2\/pages"}],"about":[{"href":"https:\/\/www.vdhurk.nl\/fr\/wp-json\/wp\/v2\/types\/page"}],"author":[{"embeddable":true,"href":"https:\/\/www.vdhurk.nl\/fr\/wp-json\/wp\/v2\/users\/3"}],"replies":[{"embeddable":true,"href":"https:\/\/www.vdhurk.nl\/fr\/wp-json\/wp\/v2\/comments?post=398333"}],"version-history":[{"count":1,"href":"https:\/\/www.vdhurk.nl\/fr\/wp-json\/wp\/v2\/pages\/398333\/revisions"}],"predecessor-version":[{"id":398334,"href":"https:\/\/www.vdhurk.nl\/fr\/wp-json\/wp\/v2\/pages\/398333\/revisions\/398334"}],"wp:attachment":[{"href":"https:\/\/www.vdhurk.nl\/fr\/wp-json\/wp\/v2\/media?parent=398333"}],"curies":[{"name":"wp","href":"https:\/\/api.w.org\/{rel}","templated":true}]}}