{"id":397536,"date":"2024-08-02T10:30:26","date_gmt":"2024-08-02T08:30:26","guid":{"rendered":"https:\/\/www.vdhurk.nl\/?page_id=397536"},"modified":"2024-08-02T10:30:26","modified_gmt":"2024-08-02T08:30:26","slug":"mercedes-21","status":"publish","type":"page","link":"https:\/\/www.vdhurk.nl\/fr\/fiat-bedrijfswagens\/doblo\/","title":{"rendered":"Fiat Doblo"},"content":{"rendered":"<section  class='av_textblock_section av-lu8gnh7d-4ac895489941e586c1d7c8cb72318135'  itemscope=\"itemscope\" itemtype=\"https:\/\/schema.org\/CreativeWork\" ><div class='avia_textblock'  itemprop=\"text\" ><h1>Acheter un Fiat Doblo occasion ?<\/h1>\n<p>Vous \u00eates \u00e0 la recherche d'un v\u00e9hicule utilitaire ? Alors le Fiat Doblo occasion vaut vraiment la peine d'\u00eatre consid\u00e9r\u00e9. Ce v\u00e9hicule allie fonctionnalit\u00e9, efficacit\u00e9 et confort d'une mani\u00e8re qui r\u00e9pond parfaitement aux besoins des entreprises. C'est pour cela que ce mod\u00e8le a \u00e9t\u00e9 con\u00e7u. Le Fiat Doblo est connu pour sa polyvalence et sa praticit\u00e9, ce qui en fait le favori de nombreux utilisateurs professionnels. Le mod\u00e8le offre un excellent m\u00e9lange de caract\u00e9ristiques qui simplifient vos t\u00e2ches quotidiennes. En savoir plus sur ce v\u00e9hicule.<\/p>\n<\/div><\/section>\n\n<style type=\"text\/css\" data-created_by=\"avia_inline_auto\" id=\"style-css-av-lujjddpd-afa3d7a9eabd61123e643ed1228e781e\">\n#top .hr.hr-invisible.av-lujjddpd-afa3d7a9eabd61123e643ed1228e781e{\nheight:50px;\n}\n<\/style>\n<div  class='hr av-lujjddpd-afa3d7a9eabd61123e643ed1228e781e hr-invisible  avia-builder-el-1  el_after_av_textblock  el_before_av_codeblock'><span class='hr-inner'><span class=\"hr-inner-style\"><\/span><\/span><\/div>\n\n\n<style type=\"text\/css\" data-created_by=\"avia_inline_auto\" id=\"style-css-av-ah0xd-63338d9dc6b40410e22a712829c369d6\">\n#top .hr.hr-invisible.av-ah0xd-63338d9dc6b40410e22a712829c369d6{\nheight:50px;\n}\n<\/style>\n<div  class='hr av-ah0xd-63338d9dc6b40410e22a712829c369d6 hr-invisible  avia-builder-el-3  el_after_av_codeblock  el_before_av_textblock'><span class='hr-inner'><span class=\"hr-inner-style\"><\/span><\/span><\/div>\n<section  class='av_textblock_section av-lu8gow1e-300853e458ed741bd87d6cb78e55cc7a'  itemscope=\"itemscope\" itemtype=\"https:\/\/schema.org\/CreativeWork\" ><div class='avia_textblock'  itemprop=\"text\" ><h2>6 raisons de choisir le Fiat Doblo<\/h2>\n<p>Le Fiat Doblo se distingue sur le march\u00e9 des v\u00e9hicules utilitaires par plusieurs avantages. Cela fait de ce v\u00e9hicule utilitaire un choix int\u00e9ressant pour les utilisateurs professionnels :<\/p>\n<ul>\n<li><strong>Espace de chargement spacieux :<\/strong> Le Doblo offre l'un des compartiments de charge les plus spacieux de sa cat\u00e9gorie, avec diff\u00e9rentes options de configuration en longueur et en hauteur. Il est ainsi facile de r\u00e9pondre \u00e0 des besoins logistiques sp\u00e9cifiques, tels que le transport de diff\u00e9rents types de marchandises ou d'outils.<\/li>\n<li><strong>Efficacit\u00e9 \u00e9nerg\u00e9tique :<\/strong> Gr\u00e2ce \u00e0 une technologie de moteur moderne, ce v\u00e9hicule est r\u00e9put\u00e9 pour son efficacit\u00e9 \u00e9nerg\u00e9tique. Cela permet de r\u00e9duire les co\u00fbts d'exploitation et l'impact sur l'environnement, ce qui est particuli\u00e8rement important pour les entreprises qui parcourent de longues distances.<\/li>\n<li><strong>Grand confort :<\/strong> L'int\u00e9rieur est con\u00e7u en mettant l'accent sur le confort et l'ergonomie. Des si\u00e8ges robustes, des mat\u00e9riaux de haute qualit\u00e9 et des solutions de rangement bien pens\u00e9es garantissent le confort des longues journ\u00e9es de travail. Cela contribue \u00e0 la satisfaction du conducteur et des passagers pendant les longs trajets.<\/li>\n<li><strong>Installations technologiques :<\/strong> Ce mod\u00e8le est \u00e9quip\u00e9 de caract\u00e9ristiques technologiques modernes telles qu'un syst\u00e8me d'infodivertissement, la connectivit\u00e9 Bluetooth et la navigation en option. Cela contribue \u00e0 la fois au confort et \u00e0 la productivit\u00e9 pendant le travail.<\/li>\n<li><strong>Fiabilit\u00e9 :<\/strong> Fiat est connu pour ses v\u00e9hicules fiables. Le Doblo ne fait pas exception \u00e0 la r\u00e8gle. La qualit\u00e9 de construction robuste et la fiabilit\u00e9 des composants garantissent que ce v\u00e9hicule utilitaire peut supporter de lourdes charges et une utilisation \u00e0 long terme. Il en r\u00e9sulte moins de temps d'immobilisation et des co\u00fbts d'entretien r\u00e9duits.<\/li>\n<li><strong>Aspect professionnel :<\/strong> Poss\u00e9der un Fiat Doblo, c'est faire preuve de professionnalisme. La marque Fiat jouit d'une solide r\u00e9putation dans l'industrie automobile, ce qui peut contribuer \u00e0 donner une image positive de votre entreprise.<\/li>\n<\/ul>\n<p>En combinant ces avantages, le Fiat Doblo offre un m\u00e9lange de fonctionnalit\u00e9, d'efficacit\u00e9 et de confort qui en fait un excellent choix pour les utilisateurs professionnels \u00e0 la recherche d'un v\u00e9hicule utilitaire fiable et polyvalent.<\/p>\n<\/div><\/section>\n<div class='flex_column av-f64w1-da126f42b61613402309283c14245a25 av_one_half  avia-builder-el-5  el_after_av_textblock  el_before_av_one_third  first flex_column_div column-top-margin'   ><section  class='av_textblock_section av-lu8gpqre-73cc2c17e6a6497ba6e1b58af22bd9e8'  itemscope=\"itemscope\" itemtype=\"https:\/\/schema.org\/CreativeWork\" ><div class='avia_textblock'  itemprop=\"text\" ><h2>Acheter Fiat Doblo d'occasion ou neuf<\/h2>\n<p>Il est possible d'acheter des v\u00e9hicules neufs et d'occasion chez Van den Hurk. L'achat d'un Fiat Doblo est un investissement co\u00fbteux pour toute entreprise. Il est donc judicieux d'\u00e9tudier attentivement l'option qui r\u00e9pond le mieux \u00e0 vos besoins. En consid\u00e9rant les deux options, vous pourrez prendre une d\u00e9cision \u00e9clair\u00e9e qui conviendra \u00e0 votre budget et \u00e0 vos objectifs commerciaux. Chez Van den Hurk, nous sommes pr\u00eats \u00e0 vous aider \u00e0 faire ce choix et \u00e0 vous offrir des conseils sur mesure pour vous aider \u00e0 prendre la bonne d\u00e9cision pour votre entreprise.<\/p>\n<\/div><\/section><\/div><div class='flex_column av-aldk9-ee694297f5c4032981677a02caab84d6 av_one_third  avia-builder-el-7  el_after_av_one_half  el_before_av_hr  flex_column_div column-top-margin'   ><style type=\"text\/css\" data-created_by=\"avia_inline_auto\" id=\"style-css-av-l1w9kpsf-4ec3fab772ec7a9adaa33cfc64ff0475\">\n.avia-image-container.av-l1w9kpsf-4ec3fab772ec7a9adaa33cfc64ff0475 .av-image-caption-overlay-center{\ncolor:#ffffff;\n}\n<\/style>\n<div  class='avia-image-container av-l1w9kpsf-4ec3fab772ec7a9adaa33cfc64ff0475 av-styling- avia-align-center  avia-builder-el-8  avia-builder-el-no-sibling'  itemprop=\"image\" itemscope=\"itemscope\" itemtype=\"https:\/\/schema.org\/ImageObject\" ><div class=\"avia-image-container-inner\"><div class=\"avia-image-overlay-wrap\"><img decoding=\"async\" class='wp-image-187 avia-img-lazy-loading-not-187 avia_image' src=\"https:\/\/www.vdhurk.nl\/wp-content\/uploads\/2022\/03\/Voorrad.png\" alt='' title='Stock'  height=\"758\" width=\"1135\"  itemprop=\"thumbnailUrl\" srcset=\"https:\/\/www.vdhurk.nl\/wp-content\/uploads\/2022\/03\/Voorrad.png 1135w, https:\/\/www.vdhurk.nl\/wp-content\/uploads\/2022\/03\/Voorrad-300x200.png 300w, https:\/\/www.vdhurk.nl\/wp-content\/uploads\/2022\/03\/Voorrad-1030x688.png 1030w, https:\/\/www.vdhurk.nl\/wp-content\/uploads\/2022\/03\/Voorrad-768x513.png 768w, https:\/\/www.vdhurk.nl\/wp-content\/uploads\/2022\/03\/Voorrad-18x12.png 18w, https:\/\/www.vdhurk.nl\/wp-content\/uploads\/2022\/03\/Voorrad-705x471.png 705w\" sizes=\"(max-width: 1135px) 100vw, 1135px\" \/><\/div><\/div><\/div><\/div><\/p>\n\n<style type=\"text\/css\" data-created_by=\"avia_inline_auto\" id=\"style-css-av-luqrjpjc-5a23a1fb5f94718ca85316a9df963e2f\">\n#top .hr.hr-invisible.av-luqrjpjc-5a23a1fb5f94718ca85316a9df963e2f{\nheight:50px;\n}\n<\/style>\n<div  class='hr av-luqrjpjc-5a23a1fb5f94718ca85316a9df963e2f hr-invisible  avia-builder-el-9  el_after_av_one_third  el_before_av_textblock'><span class='hr-inner'><span class=\"hr-inner-style\"><\/span><\/span><\/div>\n<section  class='av_textblock_section av-lu8gtjw7-4f3cee9304909518d86d2860d9d582dd'  itemscope=\"itemscope\" itemtype=\"https:\/\/schema.org\/CreativeWork\" ><div class='avia_textblock'  itemprop=\"text\" ><h2>Fiat Doblo leasing<\/h2>\n<p>Le cr\u00e9dit-bail est une option de financement populaire pour les entreprises qui cherchent \u00e0 acheter un v\u00e9hicule utilitaire tel que le Fiat Doblo, sans avoir \u00e0 faire de gros investissements imm\u00e9diatement. Vous n'avez donc pas \u00e0 payer un montant \u00e9lev\u00e9 en une seule fois. A <a href=\"https:\/\/www.vdhurk.nl\/fr\/location-financiere\/\">location financi\u00e8re<\/a> le v\u00e9hicule utilitaire devient votre propri\u00e9t\u00e9 pendant que vous le remboursez par tranches. Vous payez un montant fixe par mois pendant toute la dur\u00e9e du contrat de location. De cette mani\u00e8re, vous rendez votre planification financi\u00e8re invisible. En effet, les co\u00fbts restent constants. Vous pouvez \u00e9galement choisir diff\u00e9rentes dur\u00e9es en fonction de votre budget et de vos besoins. Contrairement \u00e0 d'autres formes de leasing, il n'y a g\u00e9n\u00e9ralement pas de restrictions quant au nombre de kilom\u00e8tres que vous pouvez parcourir. Vous pouvez donc aller o\u00f9 vous voulez.<\/p>\n<h2>Dispositifs de s\u00e9curit\u00e9<\/h2>\n<p>Le Fiat Doblo dispose d'un certain nombre de dispositifs de s\u00e9curit\u00e9 qui offrent une protection pendant la conduite. Il s'agit notamment de l'ABS, de l'ESP, des airbags et du r\u00e9gulateur de vitesse. Que vous transportiez des marchandises en zone urbaine ou que vous parcouriez de longues distances, ces dispositifs de s\u00e9curit\u00e9 vous permettent de travailler en toute s\u00e9curit\u00e9 et de mani\u00e8re efficace, ce qui est essentiel pour la r\u00e9ussite de vos op\u00e9rations. Gr\u00e2ce \u00e0 ces dispositifs de s\u00e9curit\u00e9, le <a href=\"https:\/\/www.vdhurk.nl\/fr\/vehicules-commerciaux\/fiat\/\">V\u00e9hicules utilitaires Fiat<\/a> un choix fiable pour les utilisateurs professionnels.<\/p>\n<h2>Choisissez des v\u00e9hicules utilitaires fiables de Van den Hurk<\/h2>\n<p>Si vous \u00eates un utilisateur professionnel \u00e0 la recherche d'une voiture de soci\u00e9t\u00e9, le Fiat Doblo vaut vraiment la peine d'\u00eatre consid\u00e9r\u00e9. Avec une grande capacit\u00e9 de chargement et un niveau de confort \u00e9lev\u00e9, ce mod\u00e8le r\u00e9pond \u00e0 de nombreux besoins professionnels. Que vous optiez pour un mod\u00e8le neuf ou d'occasion, chez Van den Hurk, nous sommes pr\u00eats \u00e0 vous guider \u00e0 chaque \u00e9tape du processus. Vous serez ainsi certain de faire le bon choix.<\/p>\n<\/div><\/section>","protected":false},"excerpt":{"rendered":"","protected":false},"author":3,"featured_media":0,"parent":372075,"menu_order":0,"comment_status":"closed","ping_status":"closed","template":"","meta":{"_acf_changed":false,"_improvement_type_select":"improve_an_existing","_thumb_yes_seoaic":false,"_frame_yes_seoaic":false,"seoaic_generate_description":"","seoaic_improve_instructions_prompt":"","seoaic_rollback_content_improvement":"","seoaic_idea_thumbnail_generator":"","thumbnail_generated":false,"thumbnail_generate_prompt":"","seoaic_article_description":"","footnotes":""},"class_list":["post-397536","page","type-page","status-publish","hentry"],"acf":[],"yoast_head":"<!-- This site is optimized with the Yoast SEO plugin v27.5 - https:\/\/yoast.com\/product\/yoast-seo-wordpress\/ -->\n<title>Alles wat je wilt weten over de Fiat Doblo occasion<\/title>\n<meta name=\"description\" content=\"Overweeg jij een Fiat Doblo occasion te kopen of leasen? Ontdek dan alle specificaties van dit voertuig en ontdek of het aansluit bij jouw zakelijke behoeften.\" \/>\n<meta name=\"robots\" content=\"index, follow, max-snippet:-1, max-image-preview:large, max-video-preview:-1\" \/>\n<link rel=\"canonical\" href=\"https:\/\/www.vdhurk.nl\/fr\/vehicules-commerciaux-fiat\/mercedes-21\/\" \/>\n<meta property=\"og:locale\" content=\"fr_FR\" \/>\n<meta property=\"og:type\" content=\"article\" \/>\n<meta property=\"og:title\" content=\"Alles wat je wilt weten over de Fiat Doblo occasion\" \/>\n<meta property=\"og:description\" content=\"Overweeg jij een Fiat Doblo occasion te kopen of leasen? Ontdek dan alle specificaties van dit voertuig en ontdek of het aansluit bij jouw zakelijke behoeften.\" \/>\n<meta property=\"og:url\" content=\"https:\/\/www.vdhurk.nl\/fr\/vehicules-commerciaux-fiat\/mercedes-21\/\" \/>\n<meta property=\"og:site_name\" content=\"Van den Hurk Bedrijfswagens\" \/>\n<meta name=\"twitter:card\" content=\"summary_large_image\" \/>\n<meta name=\"twitter:label1\" content=\"Dur\u00e9e de lecture estim\u00e9e\" \/>\n\t<meta name=\"twitter:data1\" content=\"6 minutes\" \/>\n<script type=\"application\/ld+json\" class=\"yoast-schema-graph\">{\"@context\":\"https:\\\/\\\/schema.org\",\"@graph\":[{\"@type\":\"WebPage\",\"@id\":\"https:\\\/\\\/www.vdhurk.nl\\\/fiat-bedrijfswagens\\\/doblo\\\/\",\"url\":\"https:\\\/\\\/www.vdhurk.nl\\\/fiat-bedrijfswagens\\\/doblo\\\/\",\"name\":\"Alles wat je wilt weten over de Fiat Doblo occasion\",\"isPartOf\":{\"@id\":\"https:\\\/\\\/www.vdhurk.nl\\\/#website\"},\"datePublished\":\"2024-08-02T08:30:26+00:00\",\"description\":\"Overweeg jij een Fiat Doblo occasion te kopen of leasen? Ontdek dan alle specificaties van dit voertuig en ontdek of het aansluit bij jouw zakelijke behoeften.\",\"breadcrumb\":{\"@id\":\"https:\\\/\\\/www.vdhurk.nl\\\/fiat-bedrijfswagens\\\/doblo\\\/#breadcrumb\"},\"inLanguage\":\"fr-FR\",\"potentialAction\":[{\"@type\":\"ReadAction\",\"target\":[\"https:\\\/\\\/www.vdhurk.nl\\\/fiat-bedrijfswagens\\\/doblo\\\/\"]}]},{\"@type\":\"BreadcrumbList\",\"@id\":\"https:\\\/\\\/www.vdhurk.nl\\\/fiat-bedrijfswagens\\\/doblo\\\/#breadcrumb\",\"itemListElement\":[{\"@type\":\"ListItem\",\"position\":1,\"name\":\"Home\",\"item\":\"https:\\\/\\\/www.vdhurk.nl\\\/home\\\/\"},{\"@type\":\"ListItem\",\"position\":2,\"name\":\"Fiat Bedrijfswagens\",\"item\":\"https:\\\/\\\/www.vdhurk.nl\\\/fiat-bedrijfswagens\\\/\"},{\"@type\":\"ListItem\",\"position\":3,\"name\":\"Fiat Doblo\"}]},{\"@type\":\"WebSite\",\"@id\":\"https:\\\/\\\/www.vdhurk.nl\\\/#website\",\"url\":\"https:\\\/\\\/www.vdhurk.nl\\\/\",\"name\":\"Van den Hurk Bedrijfswagens\",\"description\":\"Van den Hurk bedrijfswagens Helmond\",\"potentialAction\":[{\"@type\":\"SearchAction\",\"target\":{\"@type\":\"EntryPoint\",\"urlTemplate\":\"https:\\\/\\\/www.vdhurk.nl\\\/?s={search_term_string}\"},\"query-input\":{\"@type\":\"PropertyValueSpecification\",\"valueRequired\":true,\"valueName\":\"search_term_string\"}}],\"inLanguage\":\"fr-FR\"}]}<\/script>\n<!-- \/ Yoast SEO plugin. -->","yoast_head_json":{"title":"Tout ce que vous voulez savoir sur le Fiat Doblo occasion","description":"Vous envisagez d'acheter ou de louer un Fiat Doblo occasion ? D\u00e9couvrez toutes les caract\u00e9ristiques de ce v\u00e9hicule et d\u00e9terminez s'il r\u00e9pond aux besoins de votre entreprise.","robots":{"index":"index","follow":"follow","max-snippet":"max-snippet:-1","max-image-preview":"max-image-preview:large","max-video-preview":"max-video-preview:-1"},"canonical":"https:\/\/www.vdhurk.nl\/fr\/vehicules-commerciaux-fiat\/mercedes-21\/","og_locale":"fr_FR","og_type":"article","og_title":"Alles wat je wilt weten over de Fiat Doblo occasion","og_description":"Overweeg jij een Fiat Doblo occasion te kopen of leasen? Ontdek dan alle specificaties van dit voertuig en ontdek of het aansluit bij jouw zakelijke behoeften.","og_url":"https:\/\/www.vdhurk.nl\/fr\/vehicules-commerciaux-fiat\/mercedes-21\/","og_site_name":"Van den Hurk Bedrijfswagens","twitter_card":"summary_large_image","twitter_misc":{"Dur\u00e9e de lecture estim\u00e9e":"6 minutes"},"schema":{"@context":"https:\/\/schema.org","@graph":[{"@type":"WebPage","@id":"https:\/\/www.vdhurk.nl\/fiat-bedrijfswagens\/doblo\/","url":"https:\/\/www.vdhurk.nl\/fiat-bedrijfswagens\/doblo\/","name":"Tout ce que vous voulez savoir sur le Fiat Doblo occasion","isPartOf":{"@id":"https:\/\/www.vdhurk.nl\/#website"},"datePublished":"2024-08-02T08:30:26+00:00","description":"Vous envisagez d'acheter ou de louer un Fiat Doblo occasion ? D\u00e9couvrez toutes les caract\u00e9ristiques de ce v\u00e9hicule et d\u00e9terminez s'il r\u00e9pond aux besoins de votre entreprise.","breadcrumb":{"@id":"https:\/\/www.vdhurk.nl\/fiat-bedrijfswagens\/doblo\/#breadcrumb"},"inLanguage":"fr-FR","potentialAction":[{"@type":"ReadAction","target":["https:\/\/www.vdhurk.nl\/fiat-bedrijfswagens\/doblo\/"]}]},{"@type":"BreadcrumbList","@id":"https:\/\/www.vdhurk.nl\/fiat-bedrijfswagens\/doblo\/#breadcrumb","itemListElement":[{"@type":"ListItem","position":1,"name":"Home","item":"https:\/\/www.vdhurk.nl\/home\/"},{"@type":"ListItem","position":2,"name":"Fiat Bedrijfswagens","item":"https:\/\/www.vdhurk.nl\/fiat-bedrijfswagens\/"},{"@type":"ListItem","position":3,"name":"Fiat Doblo"}]},{"@type":"WebSite","@id":"https:\/\/www.vdhurk.nl\/#website","url":"https:\/\/www.vdhurk.nl\/","name":"V\u00e9hicules utilitaires Van den Hurk","description":"V\u00e9hicules utilitaires Van den Hurk Helmond","potentialAction":[{"@type":"SearchAction","target":{"@type":"EntryPoint","urlTemplate":"https:\/\/www.vdhurk.nl\/?s={search_term_string}"},"query-input":{"@type":"PropertyValueSpecification","valueRequired":true,"valueName":"search_term_string"}}],"inLanguage":"fr-FR"}]}},"_links":{"self":[{"href":"https:\/\/www.vdhurk.nl\/fr\/wp-json\/wp\/v2\/pages\/397536","targetHints":{"allow":["GET"]}}],"collection":[{"href":"https:\/\/www.vdhurk.nl\/fr\/wp-json\/wp\/v2\/pages"}],"about":[{"href":"https:\/\/www.vdhurk.nl\/fr\/wp-json\/wp\/v2\/types\/page"}],"author":[{"embeddable":true,"href":"https:\/\/www.vdhurk.nl\/fr\/wp-json\/wp\/v2\/users\/3"}],"replies":[{"embeddable":true,"href":"https:\/\/www.vdhurk.nl\/fr\/wp-json\/wp\/v2\/comments?post=397536"}],"version-history":[{"count":1,"href":"https:\/\/www.vdhurk.nl\/fr\/wp-json\/wp\/v2\/pages\/397536\/revisions"}],"predecessor-version":[{"id":397537,"href":"https:\/\/www.vdhurk.nl\/fr\/wp-json\/wp\/v2\/pages\/397536\/revisions\/397537"}],"up":[{"embeddable":true,"href":"https:\/\/www.vdhurk.nl\/fr\/wp-json\/wp\/v2\/pages\/372075"}],"wp:attachment":[{"href":"https:\/\/www.vdhurk.nl\/fr\/wp-json\/wp\/v2\/media?parent=397536"}],"curies":[{"name":"wp","href":"https:\/\/api.w.org\/{rel}","templated":true}]}}