{"id":397532,"date":"2024-08-01T16:13:36","date_gmt":"2024-08-01T14:13:36","guid":{"rendered":"https:\/\/www.vdhurk.nl\/?page_id=397532"},"modified":"2024-08-01T16:13:36","modified_gmt":"2024-08-01T14:13:36","slug":"mercedes-22","status":"publish","type":"page","link":"https:\/\/www.vdhurk.nl\/fr\/mercedes-bedrijfswagens\/citan\/","title":{"rendered":"Mercedes Citan"},"content":{"rendered":"<section  class='av_textblock_section av-lu8gnh7d-4ac895489941e586c1d7c8cb72318135'  itemscope=\"itemscope\" itemtype=\"https:\/\/schema.org\/CreativeWork\" ><div class='avia_textblock'  itemprop=\"text\" ><h1>Le Mercedes Citan utilis\u00e9 comme v\u00e9hicule utilitaire<\/h1>\n<p>Le Mercedes Citan occasion est un fourgon qui se distingue par sa polyvalence et le confort Mercedes-Benz. Depuis son lancement, ce mod\u00e8le est con\u00e7u \u00e0 la fois pour la distribution en ville et pour les longues distances. Par cons\u00e9quent, ce mod\u00e8le offre un excellent m\u00e9lange entre fonctionnalit\u00e9 et confort de conduite. Il offre ainsi un excellent m\u00e9lange de fonctionnalit\u00e9 et de confort de conduite. Il s'agit donc d'un choix populaire pour les entrepreneurs.<\/p>\n<\/div><\/section>\n\n<style type=\"text\/css\" data-created_by=\"avia_inline_auto\" id=\"style-css-av-lujjddpd-afa3d7a9eabd61123e643ed1228e781e\">\n#top .hr.hr-invisible.av-lujjddpd-afa3d7a9eabd61123e643ed1228e781e{\nheight:50px;\n}\n<\/style>\n<div  class='hr av-lujjddpd-afa3d7a9eabd61123e643ed1228e781e hr-invisible  avia-builder-el-1  el_after_av_textblock  el_before_av_codeblock'><span class='hr-inner'><span class=\"hr-inner-style\"><\/span><\/span><\/div>\n\n\n<style type=\"text\/css\" data-created_by=\"avia_inline_auto\" id=\"style-css-av-ah0xd-63338d9dc6b40410e22a712829c369d6\">\n#top .hr.hr-invisible.av-ah0xd-63338d9dc6b40410e22a712829c369d6{\nheight:50px;\n}\n<\/style>\n<div  class='hr av-ah0xd-63338d9dc6b40410e22a712829c369d6 hr-invisible  avia-builder-el-3  el_after_av_codeblock  el_before_av_textblock'><span class='hr-inner'><span class=\"hr-inner-style\"><\/span><\/span><\/div>\n<section  class='av_textblock_section av-lu8gow1e-300853e458ed741bd87d6cb78e55cc7a'  itemscope=\"itemscope\" itemtype=\"https:\/\/schema.org\/CreativeWork\" ><div class='avia_textblock'  itemprop=\"text\" ><h2>5 raisons pour lesquelles le Mercedes Citan est un choix populaire<\/h2>\n<p>Le Mercedes Citan est un choix populaire car ce mod\u00e8le pr\u00e9sente plusieurs avantages :<\/p>\n<ul>\n<li><strong>Fiabilit\u00e9 :<\/strong> Mercedes-Benz est r\u00e9put\u00e9e pour sa haute qualit\u00e9 et donc sa fiabilit\u00e9. Cela vaut \u00e9galement pour le Citan. Avec ce mod\u00e8le, vous pouvez vous attendre \u00e0 une longue dur\u00e9e de vie.<\/li>\n<li><strong>Efficacit\u00e9 \u00e9nerg\u00e9tique<\/strong>Le Citan : Le Citan a \u00e9t\u00e9 con\u00e7u dans un souci d'efficacit\u00e9 \u00e9nerg\u00e9tique. Cela permet de r\u00e9duire les co\u00fbts d'exploitation. C'est un avantage, en particulier pour les entreprises qui parcourent de nombreuses et longues distances.<\/li>\n<li><strong>Beaucoup d'espace de chargement :<\/strong> Sa grande capacit\u00e9 de chargement et la possibilit\u00e9 de personnaliser l'int\u00e9rieur sont particuli\u00e8rement utiles pour les entreprises ayant des besoins logistiques vari\u00e9s.<\/li>\n<li><strong>Confort de conduite et caract\u00e9ristiques de s\u00e9curit\u00e9 :<\/strong> Le Citan allie la robustesse d'un v\u00e9hicule utilitaire au confort d'une voiture particuli\u00e8re. Cela garantit une exp\u00e9rience de conduite agr\u00e9able, m\u00eame sur les longs trajets. De plus, le Citan est \u00e9quip\u00e9 de dispositifs de s\u00e9curit\u00e9 qui garantissent la s\u00e9curit\u00e9 du conducteur et de tous les passagers.<\/li>\n<li><strong>Aspect professionnel :<\/strong> Un v\u00e9hicule utilitaire Mercedes est synonyme de professionnalisme. Pour les entreprises, poss\u00e9der un v\u00e9hicule d'une marque r\u00e9put\u00e9e comme Mercedes-Benz peut contribuer \u00e0 une image positive aupr\u00e8s des clients et des partenaires.<\/li>\n<\/ul>\n<p>Ces avantages font du Mercedes Citan un choix populaire pour les entreprises \u00e0 la recherche d'un v\u00e9hicule commercial performant.<\/p>\n<\/div><\/section>\n<div class='flex_column av-f64w1-da126f42b61613402309283c14245a25 av_one_half  avia-builder-el-5  el_after_av_textblock  el_before_av_one_third  first flex_column_div column-top-margin'   ><section  class='av_textblock_section av-lu8gpqre-73cc2c17e6a6497ba6e1b58af22bd9e8'  itemscope=\"itemscope\" itemtype=\"https:\/\/schema.org\/CreativeWork\" ><div class='avia_textblock'  itemprop=\"text\" ><h2>L'int\u00e9rieur du Mercedes Citan<\/h2>\n<p>Le Mercedes Citan a \u00e9t\u00e9 con\u00e7u en mettant l'accent sur le confort, la fonctionnalit\u00e9 et la facilit\u00e9 de conduite. Cela en fait une option attrayante pour les entreprises. L'int\u00e9rieur est con\u00e7u de mani\u00e8re ergonomique pour offrir un maximum de confort. Les si\u00e8ges sont bien dessin\u00e9s et offrent un bon maintien, ce qui rend la conduite sur de longues distances plus attrayante. <a href=\"https:\/\/www.vdhurk.nl\/fr\/vehicules-commerciaux\/mercedes\/\">V\u00e9hicules utilitaires Mercedes<\/a> Les mat\u00e9riaux utilis\u00e9s \u00e0 l'int\u00e9rieur sont de grande qualit\u00e9, ce qui donne une impression de luxe. L'int\u00e9rieur offre beaucoup d'espace et est con\u00e7u de mani\u00e8re fonctionnelle. Il y a beaucoup d'espace, ce qui facilite la conduite. En outre, plusieurs options de rangement permettent de stocker facilement des objets.<\/p>\n<\/div><\/section><\/div><div class='flex_column av-aldk9-ee694297f5c4032981677a02caab84d6 av_one_third  avia-builder-el-7  el_after_av_one_half  el_before_av_hr  flex_column_div column-top-margin'   ><style type=\"text\/css\" data-created_by=\"avia_inline_auto\" id=\"style-css-av-l1w9kpsf-4ec3fab772ec7a9adaa33cfc64ff0475\">\n.avia-image-container.av-l1w9kpsf-4ec3fab772ec7a9adaa33cfc64ff0475 .av-image-caption-overlay-center{\ncolor:#ffffff;\n}\n<\/style>\n<div  class='avia-image-container av-l1w9kpsf-4ec3fab772ec7a9adaa33cfc64ff0475 av-styling- avia-align-center  avia-builder-el-8  avia-builder-el-no-sibling'  itemprop=\"image\" itemscope=\"itemscope\" itemtype=\"https:\/\/schema.org\/ImageObject\" ><div class=\"avia-image-container-inner\"><div class=\"avia-image-overlay-wrap\"><img decoding=\"async\" class='wp-image-187 avia-img-lazy-loading-not-187 avia_image' src=\"https:\/\/www.vdhurk.nl\/wp-content\/uploads\/2022\/03\/Voorrad.png\" alt='' title='Stock'  height=\"758\" width=\"1135\"  itemprop=\"thumbnailUrl\" srcset=\"https:\/\/www.vdhurk.nl\/wp-content\/uploads\/2022\/03\/Voorrad.png 1135w, https:\/\/www.vdhurk.nl\/wp-content\/uploads\/2022\/03\/Voorrad-300x200.png 300w, https:\/\/www.vdhurk.nl\/wp-content\/uploads\/2022\/03\/Voorrad-1030x688.png 1030w, https:\/\/www.vdhurk.nl\/wp-content\/uploads\/2022\/03\/Voorrad-768x513.png 768w, https:\/\/www.vdhurk.nl\/wp-content\/uploads\/2022\/03\/Voorrad-18x12.png 18w, https:\/\/www.vdhurk.nl\/wp-content\/uploads\/2022\/03\/Voorrad-705x471.png 705w\" sizes=\"(max-width: 1135px) 100vw, 1135px\" \/><\/div><\/div><\/div><\/div><\/p>\n\n<style type=\"text\/css\" data-created_by=\"avia_inline_auto\" id=\"style-css-av-luqrjpjc-5a23a1fb5f94718ca85316a9df963e2f\">\n#top .hr.hr-invisible.av-luqrjpjc-5a23a1fb5f94718ca85316a9df963e2f{\nheight:50px;\n}\n<\/style>\n<div  class='hr av-luqrjpjc-5a23a1fb5f94718ca85316a9df963e2f hr-invisible  avia-builder-el-9  el_after_av_one_third  el_before_av_textblock'><span class='hr-inner'><span class=\"hr-inner-style\"><\/span><\/span><\/div>\n<section  class='av_textblock_section av-lu8gtjw7-4f3cee9304909518d86d2860d9d582dd'  itemscope=\"itemscope\" itemtype=\"https:\/\/schema.org\/CreativeWork\" ><div class='avia_textblock'  itemprop=\"text\" ><h2>Achat d'un Mercedes Citan : quels sont les \u00e9l\u00e9ments \u00e0 prendre en compte ?<\/h2>\n<p>L'achat d'un Mercedes Citan est un investissement judicieux pour les entreprises. Vous envisagez d'acheter ce mod\u00e8le ? Il convient alors de prendre en compte certains aspects. Quel usage ferez-vous de la voiture de soci\u00e9t\u00e9, \u00e0 quelle fr\u00e9quence l'utiliserez-vous et sur quelles distances ? En outre, il convient de d\u00e9terminer si vous souhaitez un v\u00e9hicule utilitaire neuf ou d'occasion. Nous proposons les deux options. Vous n'\u00eates pas s\u00fbr de la solution qui convient le mieux \u00e0 votre entreprise ? Pas de probl\u00e8me. Nous nous ferons un plaisir de vous conseiller.<\/p>\n<h2>Leasing d'un Mercedes Citan<\/h2>\n<p>Le leasing est une option de financement couramment utilis\u00e9e chez Van den Hurk pour les entreprises qui souhaitent acheter un v\u00e9hicule utilitaire, mais qui ne veulent pas payer le montant total en une seule fois. Avec notre <a href=\"https:\/\/www.vdhurk.nl\/fr\/location-financiere\/\">location financi\u00e8re<\/a> Dans le cadre de l'accord de location, vous mettez le v\u00e9hicule utilitaire en service et payez un montant mensuel de location. \u00c0 la fin de la p\u00e9riode de location, vous devenez propri\u00e9taire du v\u00e9hicule utilitaire.<\/p>\n<h2>Installations<\/h2>\n<p>Le Mercedes Citan est un v\u00e9hicule polyvalent et fiable, dot\u00e9 de plusieurs \u00e9quipements de s\u00e9curit\u00e9 et de confort. Celles-ci comprennent une cam\u00e9ra de stationnement, la d\u00e9tection des angles morts, la d\u00e9tection des panneaux de signalisation, l'\u00e9vitement des collisions et l'assistance au maintien de la trajectoire. En outre, vous n'avez pas \u00e0 vous soucier des chaudes journ\u00e9es d'\u00e9t\u00e9. En effet, la voiture de soci\u00e9t\u00e9 est \u00e9quip\u00e9e d'un syst\u00e8me de climatisation. En outre, vous b\u00e9n\u00e9ficiez d'autres fonctionnalit\u00e9s telles que les syst\u00e8mes d'infodivertissement et la connectivit\u00e9 USB.<\/p>\n<h2><b>Choisir un v\u00e9hicule utilitaire performant<\/b><\/h2>\n<p>Si vous \u00eates \u00e0 la recherche d'un v\u00e9hicule utilitaire, le Mercedes Citan est un excellent choix. Avec sa construction robuste, sa grande capacit\u00e9 de chargement et son int\u00e9rieur confortable, le Citan offre un bon m\u00e9lange de fonctionnalit\u00e9 et de confort de conduite.<\/p>\n<\/div><\/section>","protected":false},"excerpt":{"rendered":"","protected":false},"author":3,"featured_media":0,"parent":370573,"menu_order":0,"comment_status":"closed","ping_status":"closed","template":"","meta":{"_acf_changed":false,"_improvement_type_select":"improve_an_existing","_thumb_yes_seoaic":false,"_frame_yes_seoaic":false,"seoaic_generate_description":"","seoaic_improve_instructions_prompt":"","seoaic_rollback_content_improvement":"","seoaic_idea_thumbnail_generator":"","thumbnail_generated":false,"thumbnail_generate_prompt":"","seoaic_article_description":"","footnotes":""},"class_list":["post-397532","page","type-page","status-publish","hentry"],"acf":[],"yoast_head":"<!-- This site is optimized with the Yoast SEO plugin v27.5 - https:\/\/yoast.com\/product\/yoast-seo-wordpress\/ -->\n<title>Ontdek alles wat je wilt weten over de Mercedes Citan occasion<\/title>\n<meta name=\"description\" content=\"Meer weten over de Mercedes Citan occasion? Ontdek alle specificaties van dit model en kijk of het bij jouw zakelijke behoeften aansluit.\" \/>\n<meta name=\"robots\" content=\"index, follow, max-snippet:-1, max-image-preview:large, max-video-preview:-1\" \/>\n<link rel=\"canonical\" href=\"https:\/\/www.vdhurk.nl\/fr\/mercedes-9\/mercedes-22\/\" \/>\n<meta property=\"og:locale\" content=\"fr_FR\" \/>\n<meta property=\"og:type\" content=\"article\" \/>\n<meta property=\"og:title\" content=\"Ontdek alles wat je wilt weten over de Mercedes Citan occasion\" \/>\n<meta property=\"og:description\" content=\"Meer weten over de Mercedes Citan occasion? Ontdek alle specificaties van dit model en kijk of het bij jouw zakelijke behoeften aansluit.\" \/>\n<meta property=\"og:url\" content=\"https:\/\/www.vdhurk.nl\/fr\/mercedes-9\/mercedes-22\/\" \/>\n<meta property=\"og:site_name\" content=\"Van den Hurk Bedrijfswagens\" \/>\n<meta name=\"twitter:card\" content=\"summary_large_image\" \/>\n<meta name=\"twitter:label1\" content=\"Dur\u00e9e de lecture estim\u00e9e\" \/>\n\t<meta name=\"twitter:data1\" content=\"5 minutes\" \/>\n<script type=\"application\/ld+json\" class=\"yoast-schema-graph\">{\"@context\":\"https:\\\/\\\/schema.org\",\"@graph\":[{\"@type\":\"WebPage\",\"@id\":\"https:\\\/\\\/www.vdhurk.nl\\\/mercedes-bedrijfswagens\\\/citan\\\/\",\"url\":\"https:\\\/\\\/www.vdhurk.nl\\\/mercedes-bedrijfswagens\\\/citan\\\/\",\"name\":\"Ontdek alles wat je wilt weten over de Mercedes Citan occasion\",\"isPartOf\":{\"@id\":\"https:\\\/\\\/www.vdhurk.nl\\\/#website\"},\"datePublished\":\"2024-08-01T14:13:36+00:00\",\"description\":\"Meer weten over de Mercedes Citan occasion? Ontdek alle specificaties van dit model en kijk of het bij jouw zakelijke behoeften aansluit.\",\"breadcrumb\":{\"@id\":\"https:\\\/\\\/www.vdhurk.nl\\\/mercedes-bedrijfswagens\\\/citan\\\/#breadcrumb\"},\"inLanguage\":\"fr-FR\",\"potentialAction\":[{\"@type\":\"ReadAction\",\"target\":[\"https:\\\/\\\/www.vdhurk.nl\\\/mercedes-bedrijfswagens\\\/citan\\\/\"]}]},{\"@type\":\"BreadcrumbList\",\"@id\":\"https:\\\/\\\/www.vdhurk.nl\\\/mercedes-bedrijfswagens\\\/citan\\\/#breadcrumb\",\"itemListElement\":[{\"@type\":\"ListItem\",\"position\":1,\"name\":\"Home\",\"item\":\"https:\\\/\\\/www.vdhurk.nl\\\/home\\\/\"},{\"@type\":\"ListItem\",\"position\":2,\"name\":\"Mercedes Bedrijfswagens\",\"item\":\"https:\\\/\\\/www.vdhurk.nl\\\/mercedes-bedrijfswagens\\\/\"},{\"@type\":\"ListItem\",\"position\":3,\"name\":\"Mercedes Citan\"}]},{\"@type\":\"WebSite\",\"@id\":\"https:\\\/\\\/www.vdhurk.nl\\\/#website\",\"url\":\"https:\\\/\\\/www.vdhurk.nl\\\/\",\"name\":\"Van den Hurk Bedrijfswagens\",\"description\":\"Van den Hurk bedrijfswagens Helmond\",\"potentialAction\":[{\"@type\":\"SearchAction\",\"target\":{\"@type\":\"EntryPoint\",\"urlTemplate\":\"https:\\\/\\\/www.vdhurk.nl\\\/?s={search_term_string}\"},\"query-input\":{\"@type\":\"PropertyValueSpecification\",\"valueRequired\":true,\"valueName\":\"search_term_string\"}}],\"inLanguage\":\"fr-FR\"}]}<\/script>\n<!-- \/ Yoast SEO plugin. -->","yoast_head_json":{"title":"D\u00e9couvrez tout ce que vous devez savoir sur la Mercedes Citan d'occasion","description":"Vous souhaitez en savoir plus sur le Mercedes Citan occasion ? D\u00e9couvrez toutes les sp\u00e9cifications de ce mod\u00e8le et voyez s'il r\u00e9pond aux besoins de votre entreprise.","robots":{"index":"index","follow":"follow","max-snippet":"max-snippet:-1","max-image-preview":"max-image-preview:large","max-video-preview":"max-video-preview:-1"},"canonical":"https:\/\/www.vdhurk.nl\/fr\/mercedes-9\/mercedes-22\/","og_locale":"fr_FR","og_type":"article","og_title":"Ontdek alles wat je wilt weten over de Mercedes Citan occasion","og_description":"Meer weten over de Mercedes Citan occasion? Ontdek alle specificaties van dit model en kijk of het bij jouw zakelijke behoeften aansluit.","og_url":"https:\/\/www.vdhurk.nl\/fr\/mercedes-9\/mercedes-22\/","og_site_name":"Van den Hurk Bedrijfswagens","twitter_card":"summary_large_image","twitter_misc":{"Dur\u00e9e de lecture estim\u00e9e":"5 minutes"},"schema":{"@context":"https:\/\/schema.org","@graph":[{"@type":"WebPage","@id":"https:\/\/www.vdhurk.nl\/mercedes-bedrijfswagens\/citan\/","url":"https:\/\/www.vdhurk.nl\/mercedes-bedrijfswagens\/citan\/","name":"D\u00e9couvrez tout ce que vous devez savoir sur la Mercedes Citan d'occasion","isPartOf":{"@id":"https:\/\/www.vdhurk.nl\/#website"},"datePublished":"2024-08-01T14:13:36+00:00","description":"Vous souhaitez en savoir plus sur le Mercedes Citan occasion ? D\u00e9couvrez toutes les sp\u00e9cifications de ce mod\u00e8le et voyez s'il r\u00e9pond aux besoins de votre entreprise.","breadcrumb":{"@id":"https:\/\/www.vdhurk.nl\/mercedes-bedrijfswagens\/citan\/#breadcrumb"},"inLanguage":"fr-FR","potentialAction":[{"@type":"ReadAction","target":["https:\/\/www.vdhurk.nl\/mercedes-bedrijfswagens\/citan\/"]}]},{"@type":"BreadcrumbList","@id":"https:\/\/www.vdhurk.nl\/mercedes-bedrijfswagens\/citan\/#breadcrumb","itemListElement":[{"@type":"ListItem","position":1,"name":"Home","item":"https:\/\/www.vdhurk.nl\/home\/"},{"@type":"ListItem","position":2,"name":"Mercedes Bedrijfswagens","item":"https:\/\/www.vdhurk.nl\/mercedes-bedrijfswagens\/"},{"@type":"ListItem","position":3,"name":"Mercedes Citan"}]},{"@type":"WebSite","@id":"https:\/\/www.vdhurk.nl\/#website","url":"https:\/\/www.vdhurk.nl\/","name":"V\u00e9hicules utilitaires Van den Hurk","description":"V\u00e9hicules utilitaires Van den Hurk Helmond","potentialAction":[{"@type":"SearchAction","target":{"@type":"EntryPoint","urlTemplate":"https:\/\/www.vdhurk.nl\/?s={search_term_string}"},"query-input":{"@type":"PropertyValueSpecification","valueRequired":true,"valueName":"search_term_string"}}],"inLanguage":"fr-FR"}]}},"_links":{"self":[{"href":"https:\/\/www.vdhurk.nl\/fr\/wp-json\/wp\/v2\/pages\/397532","targetHints":{"allow":["GET"]}}],"collection":[{"href":"https:\/\/www.vdhurk.nl\/fr\/wp-json\/wp\/v2\/pages"}],"about":[{"href":"https:\/\/www.vdhurk.nl\/fr\/wp-json\/wp\/v2\/types\/page"}],"author":[{"embeddable":true,"href":"https:\/\/www.vdhurk.nl\/fr\/wp-json\/wp\/v2\/users\/3"}],"replies":[{"embeddable":true,"href":"https:\/\/www.vdhurk.nl\/fr\/wp-json\/wp\/v2\/comments?post=397532"}],"version-history":[{"count":2,"href":"https:\/\/www.vdhurk.nl\/fr\/wp-json\/wp\/v2\/pages\/397532\/revisions"}],"predecessor-version":[{"id":397535,"href":"https:\/\/www.vdhurk.nl\/fr\/wp-json\/wp\/v2\/pages\/397532\/revisions\/397535"}],"up":[{"embeddable":true,"href":"https:\/\/www.vdhurk.nl\/fr\/wp-json\/wp\/v2\/pages\/370573"}],"wp:attachment":[{"href":"https:\/\/www.vdhurk.nl\/fr\/wp-json\/wp\/v2\/media?parent=397532"}],"curies":[{"name":"wp","href":"https:\/\/api.w.org\/{rel}","templated":true}]}}