{"id":397527,"date":"2024-08-01T15:27:32","date_gmt":"2024-08-01T13:27:32","guid":{"rendered":"https:\/\/www.vdhurk.nl\/?page_id=397527"},"modified":"2024-08-01T15:27:32","modified_gmt":"2024-08-01T13:27:32","slug":"mercedes-16","status":"publish","type":"page","link":"https:\/\/www.vdhurk.nl\/fr\/volkswagen-bedrijfswagens\/crafter\/","title":{"rendered":"Volkswagen Crafter"},"content":{"rendered":"<section  class='av_textblock_section av-lu8gnh7d-4ac895489941e586c1d7c8cb72318135'  itemscope=\"itemscope\" itemtype=\"https:\/\/schema.org\/CreativeWork\" ><div class='avia_textblock'  itemprop=\"text\" ><h1>En savoir plus sur le Volkswagen Crafter<\/h1>\n<p>Le Volkswagen Crafter occasion est un v\u00e9hicule utilitaire polyvalent et fiable sur le march\u00e9. Ce mod\u00e8le offre un bon \u00e9quilibre entre qualit\u00e9 et performance. Cela en fait un excellent choix pour les petites entreprises comme pour les grandes soci\u00e9t\u00e9s. La fourgonnette est \u00e9galement adapt\u00e9e pour r\u00e9pondre \u00e0 une vari\u00e9t\u00e9 de besoins. D\u00e9couvrez les sp\u00e9cifications de ce mod\u00e8le et voyez s'il r\u00e9pond aux besoins de votre entreprise.<\/p>\n<\/div><\/section>\n\n<style type=\"text\/css\" data-created_by=\"avia_inline_auto\" id=\"style-css-av-lujjddpd-afa3d7a9eabd61123e643ed1228e781e\">\n#top .hr.hr-invisible.av-lujjddpd-afa3d7a9eabd61123e643ed1228e781e{\nheight:50px;\n}\n<\/style>\n<div  class='hr av-lujjddpd-afa3d7a9eabd61123e643ed1228e781e hr-invisible  avia-builder-el-1  el_after_av_textblock  el_before_av_codeblock'><span class='hr-inner'><span class=\"hr-inner-style\"><\/span><\/span><\/div>\n\n\n<style type=\"text\/css\" data-created_by=\"avia_inline_auto\" id=\"style-css-av-ah0xd-63338d9dc6b40410e22a712829c369d6\">\n#top .hr.hr-invisible.av-ah0xd-63338d9dc6b40410e22a712829c369d6{\nheight:50px;\n}\n<\/style>\n<div  class='hr av-ah0xd-63338d9dc6b40410e22a712829c369d6 hr-invisible  avia-builder-el-3  el_after_av_codeblock  el_before_av_buttonrow'><span class='hr-inner'><span class=\"hr-inner-style\"><\/span><\/span><\/div>\n<div  class='avia-buttonrow-wrap av-lycy2l1u-efac69e9f010a0319d432a3a571c80d4 avia-buttonrow-center  avia-builder-el-4  el_after_av_hr  el_before_av_hr'>\n\n<style type=\"text\/css\" data-created_by=\"avia_inline_auto\" id=\"style-css-av-lycy2co6-22057a7660c2e2b6ad429eb4ac0b5619\">\n#top #wrap_all .avia-button.av-lycy2co6-22057a7660c2e2b6ad429eb4ac0b5619{\nmargin-bottom:5px;\nmargin-right:3px;\nmargin-left:3px;\n}\n<\/style>\n<a href='https:\/\/www.vdhurk.nl\/fr\/vehicules-commerciaux\/#HctRCoAgEEXRvcx3tAA3E6ZTmNrI04yI9t7g5z1wX8qMSIa6pFhvu_NJE2XxnBQd7NYYKgLPWB-1gnDUueslUkYsxaIFd6XAMJ6ro-8H'  class='avia-button av-lycy2co6-22057a7660c2e2b6ad429eb4ac0b5619 avia-icon_select-yes-right-icon avia-size-x-large avia-color-theme-color'  ><span class='avia_iconbox_title' >Curieux de conna\u00eetre la gamme compl\u00e8te des v\u00e9hicules utilitaires Volkswagen Crafter ? N'h\u00e9sitez pas \u00e0 y jeter un coup d'\u0153il !<\/span><span class='avia_button_icon avia_button_icon_right' aria-hidden='true' data-av_icon='\ue871' data-av_iconfont='entypo-fontello'><\/span><\/a>\n<\/div>\n\n<style type=\"text\/css\" data-created_by=\"avia_inline_auto\" id=\"style-css-av-5os5nsu-fdb3cafc4aea70f22b364d176f4b3a1b\">\n#top .hr.hr-invisible.av-5os5nsu-fdb3cafc4aea70f22b364d176f4b3a1b{\nheight:50px;\n}\n<\/style>\n<div  class='hr av-5os5nsu-fdb3cafc4aea70f22b364d176f4b3a1b hr-invisible  avia-builder-el-5  el_after_av_buttonrow  el_before_av_textblock'><span class='hr-inner'><span class=\"hr-inner-style\"><\/span><\/span><\/div>\n<section  class='av_textblock_section av-lu8gow1e-300853e458ed741bd87d6cb78e55cc7a'  itemscope=\"itemscope\" itemtype=\"https:\/\/schema.org\/CreativeWork\" ><div class='avia_textblock'  itemprop=\"text\" ><h2>Pourquoi ce mod\u00e8le est-il populaire aupr\u00e8s des entreprises ?<\/h2>\n<p>Ce mod\u00e8le est un choix populaire parmi de nombreuses entreprises en raison de sa polyvalence et de sa fiabilit\u00e9. Le Volkswagen Crafter offre une grande capacit\u00e9 de charge et diverses options de configuration. Il convient donc \u00e0 une grande vari\u00e9t\u00e9 de besoins professionnels. En outre, le Crafter est connu pour son ing\u00e9nierie allemande durable et ses faibles co\u00fbts d'entretien. Il s'agit donc d'une solution \u00e0 long terme et rentable pour les entreprises.<\/p>\n<h2>7 avantages<\/h2>\n<p>Le Volkswagen Crafter offre plusieurs avantages uniques qui contribuent \u00e0 sa popularit\u00e9 :<\/p>\n<ul>\n<li><strong>Espace de chargement spacieux :<\/strong> Ce mod\u00e8le est disponible avec des espaces de chargement de diff\u00e9rentes tailles. Cela permet de transporter de grandes quantit\u00e9s de marchandises ou d'\u00e9quipements encombrants.<\/li>\n<li><strong>Polyvalence :<\/strong> Le Crafter est disponible en plusieurs versions. Ce mod\u00e8le convient donc \u00e0 diff\u00e9rents secteurs, du transport et de la logistique \u00e0 la construction et aux services.<\/li>\n<li><strong>Syst\u00e8mes de s\u00e9curit\u00e9<\/strong>Le Crafter est \u00e9quip\u00e9 de dispositifs de s\u00e9curit\u00e9 modernes qui am\u00e9liorent la s\u00e9curit\u00e9 du conducteur et des passagers.<\/li>\n<li><strong>Confort<\/strong>Le confort : Avec un habitacle con\u00e7u pour les longs trajets, ce mod\u00e8le offre des si\u00e8ges confortables. Cela contribue \u00e0 une exp\u00e9rience de conduite agr\u00e9able pour le conducteur.<\/li>\n<li><strong>Fiabilit\u00e9 et durabilit\u00e9 :<\/strong> Volkswagen est connu pour sa solide ing\u00e9nierie allemande. Le Crafter ne fait pas exception \u00e0 la r\u00e8gle. Ce mod\u00e8le est con\u00e7u pour un usage quotidien et durera longtemps.<\/li>\n<\/ul>\n<p>Tous ces avantages font du Volkswagen Crafter un excellent choix pour les entreprises \u00e0 la recherche d'un v\u00e9hicule utilitaire fiable, polyvalent et efficace.<\/p>\n<\/div><\/section>\n<div class='flex_column av-f64w1-da126f42b61613402309283c14245a25 av_one_half  avia-builder-el-7  el_after_av_textblock  el_before_av_one_third  first flex_column_div column-top-margin'   ><section  class='av_textblock_section av-lu8gpqre-73cc2c17e6a6497ba6e1b58af22bd9e8'  itemscope=\"itemscope\" itemtype=\"https:\/\/schema.org\/CreativeWork\" ><div class='avia_textblock'  itemprop=\"text\" ><h2>Acheter Volkswagen Crafter<\/h2>\n<p>L'achat d'un Volkswagen Crafter doit \u00eatre m\u00fbrement r\u00e9fl\u00e9chi. Avant d'acheter un v\u00e9hicule utilitaire, il convient de d\u00e9finir l'usage que vous souhaitez en faire. Avez-vous besoin d'un grand espace de chargement ou une petite version suffira-t-elle ? Choisissez \u00e9galement la bonne configuration en fonction de vos activit\u00e9s professionnelles. En outre, il convient de d\u00e9terminer si vous souhaitez acheter un mod\u00e8le neuf ou opter pour un Volkswagen Crafter d'occasion. Vous n'\u00eates pas encore d\u00e9cid\u00e9 ? Nous nous ferons un plaisir de vous conseiller.<\/p>\n<\/div><\/section><\/div><div class='flex_column av-aldk9-ee694297f5c4032981677a02caab84d6 av_one_third  avia-builder-el-9  el_after_av_one_half  el_before_av_hr  flex_column_div column-top-margin'   ><style type=\"text\/css\" data-created_by=\"avia_inline_auto\" id=\"style-css-av-l1w9kpsf-4ec3fab772ec7a9adaa33cfc64ff0475\">\n.avia-image-container.av-l1w9kpsf-4ec3fab772ec7a9adaa33cfc64ff0475 .av-image-caption-overlay-center{\ncolor:#ffffff;\n}\n<\/style>\n<div  class='avia-image-container av-l1w9kpsf-4ec3fab772ec7a9adaa33cfc64ff0475 av-styling- avia-align-center  avia-builder-el-10  avia-builder-el-no-sibling'  itemprop=\"image\" itemscope=\"itemscope\" itemtype=\"https:\/\/schema.org\/ImageObject\" ><div class=\"avia-image-container-inner\"><div class=\"avia-image-overlay-wrap\"><img decoding=\"async\" class='wp-image-187 avia-img-lazy-loading-not-187 avia_image' src=\"https:\/\/www.vdhurk.nl\/wp-content\/uploads\/2022\/03\/Voorrad.png\" alt='' title='Stock'  height=\"758\" width=\"1135\"  itemprop=\"thumbnailUrl\" srcset=\"https:\/\/www.vdhurk.nl\/wp-content\/uploads\/2022\/03\/Voorrad.png 1135w, https:\/\/www.vdhurk.nl\/wp-content\/uploads\/2022\/03\/Voorrad-300x200.png 300w, https:\/\/www.vdhurk.nl\/wp-content\/uploads\/2022\/03\/Voorrad-1030x688.png 1030w, https:\/\/www.vdhurk.nl\/wp-content\/uploads\/2022\/03\/Voorrad-768x513.png 768w, https:\/\/www.vdhurk.nl\/wp-content\/uploads\/2022\/03\/Voorrad-18x12.png 18w, https:\/\/www.vdhurk.nl\/wp-content\/uploads\/2022\/03\/Voorrad-705x471.png 705w\" sizes=\"(max-width: 1135px) 100vw, 1135px\" \/><\/div><\/div><\/div><\/div><\/p>\n\n<style type=\"text\/css\" data-created_by=\"avia_inline_auto\" id=\"style-css-av-luqrjpjc-5a23a1fb5f94718ca85316a9df963e2f\">\n#top .hr.hr-invisible.av-luqrjpjc-5a23a1fb5f94718ca85316a9df963e2f{\nheight:50px;\n}\n<\/style>\n<div  class='hr av-luqrjpjc-5a23a1fb5f94718ca85316a9df963e2f hr-invisible  avia-builder-el-11  el_after_av_one_third  el_before_av_textblock'><span class='hr-inner'><span class=\"hr-inner-style\"><\/span><\/span><\/div>\n<section  class='av_textblock_section av-lu8gtjw7-4f3cee9304909518d86d2860d9d582dd'  itemscope=\"itemscope\" itemtype=\"https:\/\/schema.org\/CreativeWork\" ><div class='avia_textblock'  itemprop=\"text\" ><h2>Location d'un Volkswagen Crafter<\/h2>\n<p><a href=\"https:\/\/www.vdhurk.nl\/fr\/location-financiere\/\">Location financi\u00e8re<\/a> chez Van den Hurk est une option de financement populaire pour les entreprises qui souhaitent acheter un v\u00e9hicule utilitaire tel que le Volkswagen Crafter sans avoir \u00e0 payer ce montant en une seule fois. Notre cr\u00e9dit-bail est une forme de financement dans laquelle vous prenez livraison d'un v\u00e9hicule utilitaire et payez une mensualit\u00e9 de cr\u00e9dit-bail. \u00c0 la fin de la p\u00e9riode de location, vous devenez vous-m\u00eame propri\u00e9taire du v\u00e9hicule.<\/p>\n<h2>Int\u00e9rieur et confort<\/h2>\n<p>L'int\u00e9rieur du Volkswagen Crafter est con\u00e7u pour des voyages longs et confortables. Les si\u00e8ges ergonomiques sont r\u00e9glables et offrent un bon soutien. L'habitacle spacieux offre beaucoup d'espace pour la t\u00eate et les jambes, ce qui contribue au confort g\u00e9n\u00e9ral du conducteur et des passagers. L'habitacle est \u00e9quip\u00e9 de plusieurs options de rangement. Pensez aux grandes poches de porte, aux compartiments de rangement et \u00e0 l'espace de rangement suppl\u00e9mentaire. L'habitacle reste ainsi bien rang\u00e9 et organis\u00e9.<\/p>\n<h2>Dispositifs de s\u00e9curit\u00e9<\/h2>\n<p>Le Volkswagen Crafter dispose de plusieurs dispositifs de s\u00e9curit\u00e9 qui prot\u00e8gent \u00e0 la fois le conducteur et les passagers. Ces syst\u00e8mes modernes sont con\u00e7us pour pr\u00e9venir les accidents et en minimiser les cons\u00e9quences. Ainsi, vous \u00eates en s\u00e9curit\u00e9 sur la route.<\/p>\n<h2>Optez pour la qualit\u00e9<\/h2>\n<p>Avec sa polyvalence, sa fiabilit\u00e9 et ses nombreux \u00e9quipements de s\u00e9curit\u00e9, le Volkswagen Crafter est un choix id\u00e9al pour les entreprises \u00e0 la recherche d'un v\u00e9hicule utilitaire efficace. Qu'il s'agisse de transporter de grosses charges, d'effectuer diverses t\u00e2ches professionnelles ou d'assurer le confort sur de longs trajets, le Crafter garantit qualit\u00e9 et performance.<\/p>\n<\/div><\/section>","protected":false},"excerpt":{"rendered":"","protected":false},"author":3,"featured_media":0,"parent":372079,"menu_order":0,"comment_status":"closed","ping_status":"closed","template":"","meta":{"_acf_changed":false,"_improvement_type_select":"improve_an_existing","_thumb_yes_seoaic":false,"_frame_yes_seoaic":false,"seoaic_generate_description":"","seoaic_improve_instructions_prompt":"","seoaic_rollback_content_improvement":"","seoaic_idea_thumbnail_generator":"","thumbnail_generated":false,"thumbnail_generate_prompt":"","seoaic_article_description":"","footnotes":""},"class_list":["post-397527","page","type-page","status-publish","hentry"],"acf":[],"yoast_head":"<!-- This site is optimized with the Yoast SEO plugin v27.3 - https:\/\/yoast.com\/product\/yoast-seo-wordpress\/ -->\n<title>Een Volkswagen Crafter occasion kopen of leasen<\/title>\n<meta name=\"description\" content=\"Ben je op zoek naar een bedrijfsvoertuig? Dan is de Volkswagen Crafter occasion een mogelijkheid Ontdek of deze auto past bij jouw zakelijke behoefte.\" \/>\n<meta name=\"robots\" content=\"index, follow, max-snippet:-1, max-image-preview:large, max-video-preview:-1\" \/>\n<link rel=\"canonical\" href=\"https:\/\/www.vdhurk.nl\/fr\/volkswagen-commercial-vehicles\/mercedes-16\/\" \/>\n<meta property=\"og:locale\" content=\"fr_FR\" \/>\n<meta property=\"og:type\" content=\"article\" \/>\n<meta property=\"og:title\" content=\"Een Volkswagen Crafter occasion kopen of leasen\" \/>\n<meta property=\"og:description\" content=\"Ben je op zoek naar een bedrijfsvoertuig? Dan is de Volkswagen Crafter occasion een mogelijkheid Ontdek of deze auto past bij jouw zakelijke behoefte.\" \/>\n<meta property=\"og:url\" content=\"https:\/\/www.vdhurk.nl\/fr\/volkswagen-commercial-vehicles\/mercedes-16\/\" \/>\n<meta property=\"og:site_name\" content=\"Van den Hurk Bedrijfswagens\" \/>\n<meta name=\"twitter:card\" content=\"summary_large_image\" \/>\n<meta name=\"twitter:label1\" content=\"Dur\u00e9e de lecture estim\u00e9e\" \/>\n\t<meta name=\"twitter:data1\" content=\"5 minutes\" \/>\n<script type=\"application\/ld+json\" class=\"yoast-schema-graph\">{\"@context\":\"https:\\\/\\\/schema.org\",\"@graph\":[{\"@type\":\"WebPage\",\"@id\":\"https:\\\/\\\/www.vdhurk.nl\\\/volkswagen-bedrijfswagens\\\/crafter\\\/\",\"url\":\"https:\\\/\\\/www.vdhurk.nl\\\/volkswagen-bedrijfswagens\\\/crafter\\\/\",\"name\":\"Een Volkswagen Crafter occasion kopen of leasen\",\"isPartOf\":{\"@id\":\"https:\\\/\\\/www.vdhurk.nl\\\/#website\"},\"datePublished\":\"2024-08-01T13:27:32+00:00\",\"description\":\"Ben je op zoek naar een bedrijfsvoertuig? Dan is de Volkswagen Crafter occasion een mogelijkheid Ontdek of deze auto past bij jouw zakelijke behoefte.\",\"breadcrumb\":{\"@id\":\"https:\\\/\\\/www.vdhurk.nl\\\/volkswagen-bedrijfswagens\\\/crafter\\\/#breadcrumb\"},\"inLanguage\":\"fr-FR\",\"potentialAction\":[{\"@type\":\"ReadAction\",\"target\":[\"https:\\\/\\\/www.vdhurk.nl\\\/volkswagen-bedrijfswagens\\\/crafter\\\/\"]}]},{\"@type\":\"BreadcrumbList\",\"@id\":\"https:\\\/\\\/www.vdhurk.nl\\\/volkswagen-bedrijfswagens\\\/crafter\\\/#breadcrumb\",\"itemListElement\":[{\"@type\":\"ListItem\",\"position\":1,\"name\":\"Home\",\"item\":\"https:\\\/\\\/www.vdhurk.nl\\\/home\\\/\"},{\"@type\":\"ListItem\",\"position\":2,\"name\":\"Volkswagen Bedrijfswagens\",\"item\":\"https:\\\/\\\/www.vdhurk.nl\\\/volkswagen-bedrijfswagens\\\/\"},{\"@type\":\"ListItem\",\"position\":3,\"name\":\"Volkswagen Crafter\"}]},{\"@type\":\"WebSite\",\"@id\":\"https:\\\/\\\/www.vdhurk.nl\\\/#website\",\"url\":\"https:\\\/\\\/www.vdhurk.nl\\\/\",\"name\":\"Van den Hurk Bedrijfswagens\",\"description\":\"Van den Hurk bedrijfswagens Helmond\",\"potentialAction\":[{\"@type\":\"SearchAction\",\"target\":{\"@type\":\"EntryPoint\",\"urlTemplate\":\"https:\\\/\\\/www.vdhurk.nl\\\/?s={search_term_string}\"},\"query-input\":{\"@type\":\"PropertyValueSpecification\",\"valueRequired\":true,\"valueName\":\"search_term_string\"}}],\"inLanguage\":\"fr-FR\"}]}<\/script>\n<!-- \/ Yoast SEO plugin. -->","yoast_head_json":{"title":"Acheter ou louer une Volkswagen Crafter d'occasion","description":"Vous \u00eates \u00e0 la recherche d'un v\u00e9hicule utilitaire ? Dans ce cas, le Volkswagen Crafter occasion est une option. D\u00e9couvrez si ce v\u00e9hicule r\u00e9pond \u00e0 vos besoins professionnels.","robots":{"index":"index","follow":"follow","max-snippet":"max-snippet:-1","max-image-preview":"max-image-preview:large","max-video-preview":"max-video-preview:-1"},"canonical":"https:\/\/www.vdhurk.nl\/fr\/volkswagen-commercial-vehicles\/mercedes-16\/","og_locale":"fr_FR","og_type":"article","og_title":"Een Volkswagen Crafter occasion kopen of leasen","og_description":"Ben je op zoek naar een bedrijfsvoertuig? Dan is de Volkswagen Crafter occasion een mogelijkheid Ontdek of deze auto past bij jouw zakelijke behoefte.","og_url":"https:\/\/www.vdhurk.nl\/fr\/volkswagen-commercial-vehicles\/mercedes-16\/","og_site_name":"Van den Hurk Bedrijfswagens","twitter_card":"summary_large_image","twitter_misc":{"Dur\u00e9e de lecture estim\u00e9e":"5 minutes"},"schema":{"@context":"https:\/\/schema.org","@graph":[{"@type":"WebPage","@id":"https:\/\/www.vdhurk.nl\/volkswagen-bedrijfswagens\/crafter\/","url":"https:\/\/www.vdhurk.nl\/volkswagen-bedrijfswagens\/crafter\/","name":"Acheter ou louer une Volkswagen Crafter d'occasion","isPartOf":{"@id":"https:\/\/www.vdhurk.nl\/#website"},"datePublished":"2024-08-01T13:27:32+00:00","description":"Vous \u00eates \u00e0 la recherche d'un v\u00e9hicule utilitaire ? Dans ce cas, le Volkswagen Crafter occasion est une option. D\u00e9couvrez si ce v\u00e9hicule r\u00e9pond \u00e0 vos besoins professionnels.","breadcrumb":{"@id":"https:\/\/www.vdhurk.nl\/volkswagen-bedrijfswagens\/crafter\/#breadcrumb"},"inLanguage":"fr-FR","potentialAction":[{"@type":"ReadAction","target":["https:\/\/www.vdhurk.nl\/volkswagen-bedrijfswagens\/crafter\/"]}]},{"@type":"BreadcrumbList","@id":"https:\/\/www.vdhurk.nl\/volkswagen-bedrijfswagens\/crafter\/#breadcrumb","itemListElement":[{"@type":"ListItem","position":1,"name":"Home","item":"https:\/\/www.vdhurk.nl\/home\/"},{"@type":"ListItem","position":2,"name":"Volkswagen Bedrijfswagens","item":"https:\/\/www.vdhurk.nl\/volkswagen-bedrijfswagens\/"},{"@type":"ListItem","position":3,"name":"Volkswagen Crafter"}]},{"@type":"WebSite","@id":"https:\/\/www.vdhurk.nl\/#website","url":"https:\/\/www.vdhurk.nl\/","name":"V\u00e9hicules utilitaires Van den Hurk","description":"V\u00e9hicules utilitaires Van den Hurk Helmond","potentialAction":[{"@type":"SearchAction","target":{"@type":"EntryPoint","urlTemplate":"https:\/\/www.vdhurk.nl\/?s={search_term_string}"},"query-input":{"@type":"PropertyValueSpecification","valueRequired":true,"valueName":"search_term_string"}}],"inLanguage":"fr-FR"}]}},"_links":{"self":[{"href":"https:\/\/www.vdhurk.nl\/fr\/wp-json\/wp\/v2\/pages\/397527","targetHints":{"allow":["GET"]}}],"collection":[{"href":"https:\/\/www.vdhurk.nl\/fr\/wp-json\/wp\/v2\/pages"}],"about":[{"href":"https:\/\/www.vdhurk.nl\/fr\/wp-json\/wp\/v2\/types\/page"}],"author":[{"embeddable":true,"href":"https:\/\/www.vdhurk.nl\/fr\/wp-json\/wp\/v2\/users\/3"}],"replies":[{"embeddable":true,"href":"https:\/\/www.vdhurk.nl\/fr\/wp-json\/wp\/v2\/comments?post=397527"}],"version-history":[{"count":2,"href":"https:\/\/www.vdhurk.nl\/fr\/wp-json\/wp\/v2\/pages\/397527\/revisions"}],"predecessor-version":[{"id":397529,"href":"https:\/\/www.vdhurk.nl\/fr\/wp-json\/wp\/v2\/pages\/397527\/revisions\/397529"}],"up":[{"embeddable":true,"href":"https:\/\/www.vdhurk.nl\/fr\/wp-json\/wp\/v2\/pages\/372079"}],"wp:attachment":[{"href":"https:\/\/www.vdhurk.nl\/fr\/wp-json\/wp\/v2\/media?parent=397527"}],"curies":[{"name":"wp","href":"https:\/\/api.w.org\/{rel}","templated":true}]}}