{"id":397524,"date":"2024-08-01T15:19:48","date_gmt":"2024-08-01T13:19:48","guid":{"rendered":"https:\/\/www.vdhurk.nl\/?page_id=397524"},"modified":"2024-08-01T15:19:48","modified_gmt":"2024-08-01T13:19:48","slug":"mercedes-3","status":"publish","type":"page","link":"https:\/\/www.vdhurk.nl\/fr\/ford-bedrijfswagens\/transit\/","title":{"rendered":"Ford Transit"},"content":{"rendered":"<section  class='av_textblock_section av-lu8gnh7d-4ac895489941e586c1d7c8cb72318135'  itemscope=\"itemscope\" itemtype=\"https:\/\/schema.org\/CreativeWork\" ><div class='avia_textblock'  itemprop=\"text\" ><h1>La voiture d'occasion Ford Transit : tout ce qu'il faut savoir<\/h1>\n<p>Vous \u00eates \u00e0 la recherche d'un v\u00e9hicule utilitaire ? Le Ford Transit occasion est l'une des nombreuses options qui s'offrent \u00e0 vous. Il s'agit d'un v\u00e9hicule polyvalent qui a acquis une excellente r\u00e9putation pour ses fonctionnalit\u00e9s au fil des ans. Poursuivez votre lecture et d\u00e9couvrez ses sp\u00e9cifications et ses avantages afin de prendre une d\u00e9cision en connaissance de cause.<\/p>\n<\/div><\/section>\n\n<style type=\"text\/css\" data-created_by=\"avia_inline_auto\" id=\"style-css-av-lujjddpd-afa3d7a9eabd61123e643ed1228e781e\">\n#top .hr.hr-invisible.av-lujjddpd-afa3d7a9eabd61123e643ed1228e781e{\nheight:50px;\n}\n<\/style>\n<div  class='hr av-lujjddpd-afa3d7a9eabd61123e643ed1228e781e hr-invisible  avia-builder-el-1  el_after_av_textblock  el_before_av_codeblock'><span class='hr-inner'><span class=\"hr-inner-style\"><\/span><\/span><\/div>\n\n\n<style type=\"text\/css\" data-created_by=\"avia_inline_auto\" id=\"style-css-av-ah0xd-63338d9dc6b40410e22a712829c369d6\">\n#top .hr.hr-invisible.av-ah0xd-63338d9dc6b40410e22a712829c369d6{\nheight:50px;\n}\n<\/style>\n<div  class='hr av-ah0xd-63338d9dc6b40410e22a712829c369d6 hr-invisible  avia-builder-el-3  el_after_av_codeblock  el_before_av_buttonrow'><span class='hr-inner'><span class=\"hr-inner-style\"><\/span><\/span><\/div>\n<div  class='avia-buttonrow-wrap av-lycy2l1u-efac69e9f010a0319d432a3a571c80d4 avia-buttonrow-center  avia-builder-el-4  el_after_av_hr  el_before_av_hr'>\n\n<style type=\"text\/css\" data-created_by=\"avia_inline_auto\" id=\"style-css-av-lycy2co6-8f2299fe1206a496ca2b75fca013669b\">\n#top #wrap_all .avia-button.av-lycy2co6-8f2299fe1206a496ca2b75fca013669b{\nmargin-bottom:5px;\nmargin-right:3px;\nmargin-left:3px;\n}\n<\/style>\n<a href='https:\/\/www.vdhurk.nl\/fr\/vehicules-commerciaux\/#HctBCoAwDETRu2QtHqCXKbWdRbSaMqmCiHe3uPwP_iM7uMXdCmrMiTR3UCFBOtPh2mUSYwGXe1ijrj5fYzFrf8SW2DWfVcFQ4FneDw'  class='avia-button av-lycy2co6-8f2299fe1206a496ca2b75fca013669b avia-icon_select-yes-right-icon avia-size-x-large avia-color-theme-color'  ><span class='avia_iconbox_title' >Curieux de conna\u00eetre la gamme compl\u00e8te des v\u00e9hicules utilitaires Ford Transit ? N'h\u00e9sitez pas \u00e0 jeter un coup d'\u0153il !<\/span><span class='avia_button_icon avia_button_icon_right' aria-hidden='true' data-av_icon='\ue871' data-av_iconfont='entypo-fontello'><\/span><\/a>\n<\/div>\n\n<style type=\"text\/css\" data-created_by=\"avia_inline_auto\" id=\"style-css-av-5os5nsu-fdb3cafc4aea70f22b364d176f4b3a1b\">\n#top .hr.hr-invisible.av-5os5nsu-fdb3cafc4aea70f22b364d176f4b3a1b{\nheight:50px;\n}\n<\/style>\n<div  class='hr av-5os5nsu-fdb3cafc4aea70f22b364d176f4b3a1b hr-invisible  avia-builder-el-5  el_after_av_buttonrow  el_before_av_textblock'><span class='hr-inner'><span class=\"hr-inner-style\"><\/span><\/span><\/div>\n<section  class='av_textblock_section av-lu8gow1e-300853e458ed741bd87d6cb78e55cc7a'  itemscope=\"itemscope\" itemtype=\"https:\/\/schema.org\/CreativeWork\" ><div class='avia_textblock'  itemprop=\"text\" ><h2><b>Pourquoi les mod\u00e8les Ford Transit sont-ils populaires ?<\/b><\/h2>\n<p>Le Ford Transit est un choix populaire pour plusieurs raisons, qu'il soit neuf ou d'occasion. Les principales raisons pour lesquelles les gens choisissent ce mod\u00e8le sont les suivantes :<\/p>\n<ul>\n<li><strong>Fiabilit\u00e9 et durabilit\u00e9 :<\/strong> Ce mod\u00e8le est connu pour sa robustesse et sa fiabilit\u00e9. Il convient donc \u00e0 un usage quotidien, ce qui est important pour de nombreuses organisations et entreprises.<\/li>\n<li><strong>Polyvalence<\/strong>Le v\u00e9hicule est disponible en diff\u00e9rentes versions. Cela signifie que ce mod\u00e8le convient \u00e0 presque tous les besoins professionnels : du transport de personnes au transport de charges lourdes ou volumineuses.<\/li>\n<li><strong>Beaucoup d'espace :<\/strong> L'un de ses nombreux avantages est son grand espace de chargement et sa charge utile \u00e9lev\u00e9e. Il est id\u00e9al pour les entreprises qui transportent beaucoup de mat\u00e9riaux et de marchandises.<\/li>\n<li><strong>Confort de conduite \u00e9lev\u00e9 :<\/strong> Bien que relativement grand, ce mod\u00e8le offre un grand confort de conduite. Il est dot\u00e9 de divers dispositifs de s\u00e9curit\u00e9 et de si\u00e8ges confortables.<\/li>\n<li><strong>Rapport co\u00fbt-efficacit\u00e9<\/strong>Le Ford Transit d'occasion offre un excellent rapport qualit\u00e9\/prix. Les occasions sont souvent nettement moins ch\u00e8res que les mod\u00e8les neufs, tout en fonctionnant bien.<\/li>\n<li><strong>Efficacit\u00e9 \u00e9nerg\u00e9tique<\/strong>Les mod\u00e8les modernes sont con\u00e7us dans un souci d'efficacit\u00e9. Les moteurs disponibles offrent un bon \u00e9quilibre entre puissance et consommation de carburant. Cela permet de r\u00e9duire les co\u00fbts d'exploitation.<\/li>\n<\/ul>\n<p>Tous ces facteurs contribuent \u00e0 la popularit\u00e9 de ce v\u00e9hicule.<\/p>\n<\/div><\/section>\n<div class='flex_column av-f64w1-da126f42b61613402309283c14245a25 av_one_half  avia-builder-el-7  el_after_av_textblock  el_before_av_one_third  first flex_column_div column-top-margin'   ><section  class='av_textblock_section av-lu8gpqre-73cc2c17e6a6497ba6e1b58af22bd9e8'  itemscope=\"itemscope\" itemtype=\"https:\/\/schema.org\/CreativeWork\" ><div class='avia_textblock'  itemprop=\"text\" ><h2>Dispositifs de s\u00e9curit\u00e9<\/h2>\n<p>Le Ford Transit dispose de plusieurs fonctions de s\u00e9curit\u00e9 qui prot\u00e8gent le conducteur et les passagers. Par exemple, ce mod\u00e8le est \u00e9quip\u00e9 d'un r\u00e9gulateur de vitesse adaptatif. Ce syst\u00e8me ajuste automatiquement la vitesse pour maintenir une distance de s\u00e9curit\u00e9 avec le v\u00e9hicule qui pr\u00e9c\u00e8de. Ce v\u00e9hicule est \u00e9galement \u00e9quip\u00e9 d'un syst\u00e8me d'assistance au maintien de la trajectoire. Ce syst\u00e8me vous aide \u00e0 rester dans votre voie. En outre, vous b\u00e9n\u00e9ficiez \u00e9galement du freinage d'urgence automatique. Il s'agit d'un syst\u00e8me qui d\u00e9tecte les collisions potentielles avec d'autres v\u00e9hicules ou des pi\u00e9tons. Cela permet d'\u00e9viter les accidents. Le v\u00e9hicule est \u00e9galement dot\u00e9 d'autres dispositifs de s\u00e9curit\u00e9 tels que l'avertisseur d'angle mort, les airbags et bien d'autres encore.<\/p>\n<\/div><\/section><\/div><div class='flex_column av-aldk9-ee694297f5c4032981677a02caab84d6 av_one_third  avia-builder-el-9  el_after_av_one_half  el_before_av_hr  flex_column_div column-top-margin'   ><style type=\"text\/css\" data-created_by=\"avia_inline_auto\" id=\"style-css-av-l1w9kpsf-4ec3fab772ec7a9adaa33cfc64ff0475\">\n.avia-image-container.av-l1w9kpsf-4ec3fab772ec7a9adaa33cfc64ff0475 .av-image-caption-overlay-center{\ncolor:#ffffff;\n}\n<\/style>\n<div  class='avia-image-container av-l1w9kpsf-4ec3fab772ec7a9adaa33cfc64ff0475 av-styling- avia-align-center  avia-builder-el-10  avia-builder-el-no-sibling'  itemprop=\"image\" itemscope=\"itemscope\" itemtype=\"https:\/\/schema.org\/ImageObject\" ><div class=\"avia-image-container-inner\"><div class=\"avia-image-overlay-wrap\"><img decoding=\"async\" class='wp-image-187 avia-img-lazy-loading-not-187 avia_image' src=\"https:\/\/www.vdhurk.nl\/wp-content\/uploads\/2022\/03\/Voorrad.png\" alt='' title='Stock'  height=\"758\" width=\"1135\"  itemprop=\"thumbnailUrl\" srcset=\"https:\/\/www.vdhurk.nl\/wp-content\/uploads\/2022\/03\/Voorrad.png 1135w, https:\/\/www.vdhurk.nl\/wp-content\/uploads\/2022\/03\/Voorrad-300x200.png 300w, https:\/\/www.vdhurk.nl\/wp-content\/uploads\/2022\/03\/Voorrad-1030x688.png 1030w, https:\/\/www.vdhurk.nl\/wp-content\/uploads\/2022\/03\/Voorrad-768x513.png 768w, https:\/\/www.vdhurk.nl\/wp-content\/uploads\/2022\/03\/Voorrad-18x12.png 18w, https:\/\/www.vdhurk.nl\/wp-content\/uploads\/2022\/03\/Voorrad-705x471.png 705w\" sizes=\"(max-width: 1135px) 100vw, 1135px\" \/><\/div><\/div><\/div><\/div><\/p>\n\n<style type=\"text\/css\" data-created_by=\"avia_inline_auto\" id=\"style-css-av-luqrjpjc-5a23a1fb5f94718ca85316a9df963e2f\">\n#top .hr.hr-invisible.av-luqrjpjc-5a23a1fb5f94718ca85316a9df963e2f{\nheight:50px;\n}\n<\/style>\n<div  class='hr av-luqrjpjc-5a23a1fb5f94718ca85316a9df963e2f hr-invisible  avia-builder-el-11  el_after_av_one_third  el_before_av_textblock'><span class='hr-inner'><span class=\"hr-inner-style\"><\/span><\/span><\/div>\n<section  class='av_textblock_section av-lu8gtjw7-4f3cee9304909518d86d2860d9d582dd'  itemscope=\"itemscope\" itemtype=\"https:\/\/schema.org\/CreativeWork\" ><div class='avia_textblock'  itemprop=\"text\" ><h2><b>Sp\u00e9cifications et caract\u00e9ristiques<\/b><\/h2>\n<p>Il existe diff\u00e9rents types au sein du mod\u00e8le Transit. Pensez par exemple \u00e0 une capacit\u00e9 de remorquage de 2 800 kg, 4 types pour un PTAC \u00e9lev\u00e9, manuel ou automatique, traction avant ou arri\u00e8re, de L2H2 \u00e0 L4H3. Ainsi, chacun y trouve son compte et vous trouverez toujours un type qui r\u00e9pond \u00e0 vos attentes.<\/p>\n<h2><b>Ford Transit : disponible d'occasion et neuf<\/b><\/h2>\n<p>En fonction des besoins de l'entreprise, vous pouvez d\u00e9terminer si un nouveau mod\u00e8le ou un v\u00e9hicule utilitaire d'occasion pr\u00e9sente le plus d'avantages. Un nouveau mod\u00e8le pr\u00e9sente souvent de nouvelles caract\u00e9ristiques, mais son prix est souvent plus \u00e9lev\u00e9. En revanche, nous proposons des v\u00e9hicules utilitaires d'occasion. Il s'agit souvent d'une option int\u00e9ressante en raison de leur prix moins \u00e9lev\u00e9. Le choix entre un mod\u00e8le neuf ou d'occasion d\u00e9pend de plusieurs facteurs tels que le budget, les besoins op\u00e9rationnels et la dur\u00e9e de vie souhait\u00e9e. Vous ne savez pas quel est le meilleur choix pour vous ? Nous nous ferons un plaisir de vous aider.<\/p>\n<h2><b>L'opportunit\u00e9 de louer un Ford Transit<\/b><\/h2>\n<p>Vous pouvez bien s\u00fbr choisir d'acheter un Ford Transit, mais chez Van den Hurk, nous vous proposons \u00e9galement <a href=\"https:\/\/www.vdhurk.nl\/fr\/location-financiere\/\">location financi\u00e8re<\/a> \u00e0. Les entreprises peuvent ainsi r\u00e9partir le co\u00fbt d'un v\u00e9hicule utilitaire sur une p\u00e9riode plus longue, ce qui leur \u00e9vite de devoir faire un gros investissement en une seule fois. Vous envisagez de recourir au leasing financier ? Dans ce cas, nous nous ferons un plaisir de vous fournir des conseils sur mesure. Vous serez ainsi certain de faire le meilleur choix.<\/p>\n<h2><b>Choisir un v\u00e9hicule fiable<\/b><\/h2>\n<p>Le Ford Transit reste un bon choix pour les entreprises en raison de sa polyvalence et de ses caract\u00e9ristiques qui offrent \u00e0 la fois confort et s\u00e9curit\u00e9. Que vous choisissiez un mod\u00e8le neuf ou d'occasion, chez Van den Hurk nous sommes pr\u00eats \u00e0 vous aider \u00e0 trouver le v\u00e9hicule id\u00e9al pour vos besoins professionnels.<\/p>\n<\/div><\/section>","protected":false},"excerpt":{"rendered":"","protected":false},"author":3,"featured_media":0,"parent":513,"menu_order":0,"comment_status":"closed","ping_status":"closed","template":"","meta":{"_acf_changed":false,"_improvement_type_select":"improve_an_existing","_thumb_yes_seoaic":false,"_frame_yes_seoaic":false,"seoaic_generate_description":"","seoaic_improve_instructions_prompt":"","seoaic_rollback_content_improvement":"","seoaic_idea_thumbnail_generator":"","thumbnail_generated":false,"thumbnail_generate_prompt":"","seoaic_article_description":"","footnotes":""},"class_list":["post-397524","page","type-page","status-publish","hentry"],"acf":[],"yoast_head":"<!-- This site is optimized with the Yoast SEO plugin v27.5 - https:\/\/yoast.com\/product\/yoast-seo-wordpress\/ -->\n<title>Ontdek alles over de Ford Transit occasion<\/title>\n<meta name=\"description\" content=\"Op zoek naar een bedrijfswagen? Dan is de Ford Transit ocassion een uitstekende optie. Ontdek de specificaties van dit model en kijk of het geschikt is.\" \/>\n<meta name=\"robots\" content=\"index, follow, max-snippet:-1, max-image-preview:large, max-video-preview:-1\" \/>\n<link rel=\"canonical\" href=\"https:\/\/www.vdhurk.nl\/fr\/vehicules-commerciaux-ford\/mercedes-3\/\" \/>\n<meta property=\"og:locale\" content=\"fr_FR\" \/>\n<meta property=\"og:type\" content=\"article\" \/>\n<meta property=\"og:title\" content=\"Ontdek alles over de Ford Transit occasion\" \/>\n<meta property=\"og:description\" content=\"Op zoek naar een bedrijfswagen? Dan is de Ford Transit ocassion een uitstekende optie. Ontdek de specificaties van dit model en kijk of het geschikt is.\" \/>\n<meta property=\"og:url\" content=\"https:\/\/www.vdhurk.nl\/fr\/vehicules-commerciaux-ford\/mercedes-3\/\" \/>\n<meta property=\"og:site_name\" content=\"Van den Hurk Bedrijfswagens\" \/>\n<meta name=\"twitter:card\" content=\"summary_large_image\" \/>\n<meta name=\"twitter:label1\" content=\"Dur\u00e9e de lecture estim\u00e9e\" \/>\n\t<meta name=\"twitter:data1\" content=\"6 minutes\" \/>\n<script type=\"application\/ld+json\" class=\"yoast-schema-graph\">{\"@context\":\"https:\\\/\\\/schema.org\",\"@graph\":[{\"@type\":\"WebPage\",\"@id\":\"https:\\\/\\\/www.vdhurk.nl\\\/ford-bedrijfswagens\\\/transit\\\/\",\"url\":\"https:\\\/\\\/www.vdhurk.nl\\\/ford-bedrijfswagens\\\/transit\\\/\",\"name\":\"Ontdek alles over de Ford Transit occasion\",\"isPartOf\":{\"@id\":\"https:\\\/\\\/www.vdhurk.nl\\\/#website\"},\"datePublished\":\"2024-08-01T13:19:48+00:00\",\"description\":\"Op zoek naar een bedrijfswagen? Dan is de Ford Transit ocassion een uitstekende optie. Ontdek de specificaties van dit model en kijk of het geschikt is.\",\"breadcrumb\":{\"@id\":\"https:\\\/\\\/www.vdhurk.nl\\\/ford-bedrijfswagens\\\/transit\\\/#breadcrumb\"},\"inLanguage\":\"fr-FR\",\"potentialAction\":[{\"@type\":\"ReadAction\",\"target\":[\"https:\\\/\\\/www.vdhurk.nl\\\/ford-bedrijfswagens\\\/transit\\\/\"]}]},{\"@type\":\"BreadcrumbList\",\"@id\":\"https:\\\/\\\/www.vdhurk.nl\\\/ford-bedrijfswagens\\\/transit\\\/#breadcrumb\",\"itemListElement\":[{\"@type\":\"ListItem\",\"position\":1,\"name\":\"Home\",\"item\":\"https:\\\/\\\/www.vdhurk.nl\\\/home\\\/\"},{\"@type\":\"ListItem\",\"position\":2,\"name\":\"Ford Bedrijfswagens\",\"item\":\"https:\\\/\\\/www.vdhurk.nl\\\/ford-bedrijfswagens\\\/\"},{\"@type\":\"ListItem\",\"position\":3,\"name\":\"Ford Transit\"}]},{\"@type\":\"WebSite\",\"@id\":\"https:\\\/\\\/www.vdhurk.nl\\\/#website\",\"url\":\"https:\\\/\\\/www.vdhurk.nl\\\/\",\"name\":\"Van den Hurk Bedrijfswagens\",\"description\":\"Van den Hurk bedrijfswagens Helmond\",\"potentialAction\":[{\"@type\":\"SearchAction\",\"target\":{\"@type\":\"EntryPoint\",\"urlTemplate\":\"https:\\\/\\\/www.vdhurk.nl\\\/?s={search_term_string}\"},\"query-input\":{\"@type\":\"PropertyValueSpecification\",\"valueRequired\":true,\"valueName\":\"search_term_string\"}}],\"inLanguage\":\"fr-FR\"}]}<\/script>\n<!-- \/ Yoast SEO plugin. -->","yoast_head_json":{"title":"Tout savoir sur le Ford Transit d'occasion","description":"Vous \u00eates \u00e0 la recherche d'un v\u00e9hicule utilitaire ? Le Ford Transit ocassion est une excellente option. D\u00e9couvrez les sp\u00e9cifications de ce mod\u00e8le et voyez s'il vous convient.","robots":{"index":"index","follow":"follow","max-snippet":"max-snippet:-1","max-image-preview":"max-image-preview:large","max-video-preview":"max-video-preview:-1"},"canonical":"https:\/\/www.vdhurk.nl\/fr\/vehicules-commerciaux-ford\/mercedes-3\/","og_locale":"fr_FR","og_type":"article","og_title":"Ontdek alles over de Ford Transit occasion","og_description":"Op zoek naar een bedrijfswagen? Dan is de Ford Transit ocassion een uitstekende optie. Ontdek de specificaties van dit model en kijk of het geschikt is.","og_url":"https:\/\/www.vdhurk.nl\/fr\/vehicules-commerciaux-ford\/mercedes-3\/","og_site_name":"Van den Hurk Bedrijfswagens","twitter_card":"summary_large_image","twitter_misc":{"Dur\u00e9e de lecture estim\u00e9e":"6 minutes"},"schema":{"@context":"https:\/\/schema.org","@graph":[{"@type":"WebPage","@id":"https:\/\/www.vdhurk.nl\/ford-bedrijfswagens\/transit\/","url":"https:\/\/www.vdhurk.nl\/ford-bedrijfswagens\/transit\/","name":"Tout savoir sur le Ford Transit d'occasion","isPartOf":{"@id":"https:\/\/www.vdhurk.nl\/#website"},"datePublished":"2024-08-01T13:19:48+00:00","description":"Vous \u00eates \u00e0 la recherche d'un v\u00e9hicule utilitaire ? Le Ford Transit ocassion est une excellente option. D\u00e9couvrez les sp\u00e9cifications de ce mod\u00e8le et voyez s'il vous convient.","breadcrumb":{"@id":"https:\/\/www.vdhurk.nl\/ford-bedrijfswagens\/transit\/#breadcrumb"},"inLanguage":"fr-FR","potentialAction":[{"@type":"ReadAction","target":["https:\/\/www.vdhurk.nl\/ford-bedrijfswagens\/transit\/"]}]},{"@type":"BreadcrumbList","@id":"https:\/\/www.vdhurk.nl\/ford-bedrijfswagens\/transit\/#breadcrumb","itemListElement":[{"@type":"ListItem","position":1,"name":"Home","item":"https:\/\/www.vdhurk.nl\/home\/"},{"@type":"ListItem","position":2,"name":"Ford Bedrijfswagens","item":"https:\/\/www.vdhurk.nl\/ford-bedrijfswagens\/"},{"@type":"ListItem","position":3,"name":"Ford Transit"}]},{"@type":"WebSite","@id":"https:\/\/www.vdhurk.nl\/#website","url":"https:\/\/www.vdhurk.nl\/","name":"V\u00e9hicules utilitaires Van den Hurk","description":"V\u00e9hicules utilitaires Van den Hurk Helmond","potentialAction":[{"@type":"SearchAction","target":{"@type":"EntryPoint","urlTemplate":"https:\/\/www.vdhurk.nl\/?s={search_term_string}"},"query-input":{"@type":"PropertyValueSpecification","valueRequired":true,"valueName":"search_term_string"}}],"inLanguage":"fr-FR"}]}},"_links":{"self":[{"href":"https:\/\/www.vdhurk.nl\/fr\/wp-json\/wp\/v2\/pages\/397524","targetHints":{"allow":["GET"]}}],"collection":[{"href":"https:\/\/www.vdhurk.nl\/fr\/wp-json\/wp\/v2\/pages"}],"about":[{"href":"https:\/\/www.vdhurk.nl\/fr\/wp-json\/wp\/v2\/types\/page"}],"author":[{"embeddable":true,"href":"https:\/\/www.vdhurk.nl\/fr\/wp-json\/wp\/v2\/users\/3"}],"replies":[{"embeddable":true,"href":"https:\/\/www.vdhurk.nl\/fr\/wp-json\/wp\/v2\/comments?post=397524"}],"version-history":[{"count":2,"href":"https:\/\/www.vdhurk.nl\/fr\/wp-json\/wp\/v2\/pages\/397524\/revisions"}],"predecessor-version":[{"id":397526,"href":"https:\/\/www.vdhurk.nl\/fr\/wp-json\/wp\/v2\/pages\/397524\/revisions\/397526"}],"up":[{"embeddable":true,"href":"https:\/\/www.vdhurk.nl\/fr\/wp-json\/wp\/v2\/pages\/513"}],"wp:attachment":[{"href":"https:\/\/www.vdhurk.nl\/fr\/wp-json\/wp\/v2\/media?parent=397524"}],"curies":[{"name":"wp","href":"https:\/\/api.w.org\/{rel}","templated":true}]}}