{"id":393643,"date":"2024-07-08T14:24:33","date_gmt":"2024-07-08T12:24:33","guid":{"rendered":"https:\/\/www.vdhurk.nl\/?page_id=393643"},"modified":"2024-07-08T14:24:33","modified_gmt":"2024-07-08T12:24:33","slug":"mercedes-14","status":"publish","type":"page","link":"https:\/\/www.vdhurk.nl\/fr\/volkswagen-bedrijfswagens\/transporter\/","title":{"rendered":"Volkswagen Transporter"},"content":{"rendered":"<section  class='av_textblock_section av-lu8gnh7d-4ac895489941e586c1d7c8cb72318135'  itemscope=\"itemscope\" itemtype=\"https:\/\/schema.org\/CreativeWork\" ><div class='avia_textblock'  itemprop=\"text\" ><h1>Tout ce que vous voulez savoir sur le Volkswagen Transporter occasionnel<\/h1>\n<p>Dans le monde des v\u00e9hicules utilitaires, le Volkswagen Transporter occasion est un choix populaire. Depuis des ann\u00e9es, ce mod\u00e8le est connu pour sa fiabilit\u00e9 et sa polyvalence. Gr\u00e2ce \u00e0 sa qualit\u00e9 robuste, ce mod\u00e8le impressionne non seulement par son apparence, mais aussi par ses caract\u00e9ristiques pratiques. C'est pourquoi ce v\u00e9hicule utilitaire convient parfaitement \u00e0 une utilisation professionnelle. M\u00eame si vous voyagez beaucoup, ce mod\u00e8le constitue un excellent choix.<\/p>\n<\/div><\/section>\n\n<style type=\"text\/css\" data-created_by=\"avia_inline_auto\" id=\"style-css-av-lujjddpd-afa3d7a9eabd61123e643ed1228e781e\">\n#top .hr.hr-invisible.av-lujjddpd-afa3d7a9eabd61123e643ed1228e781e{\nheight:50px;\n}\n<\/style>\n<div  class='hr av-lujjddpd-afa3d7a9eabd61123e643ed1228e781e hr-invisible  avia-builder-el-1  el_after_av_textblock  el_before_av_codeblock'><span class='hr-inner'><span class=\"hr-inner-style\"><\/span><\/span><\/div>\n\n\n<style type=\"text\/css\" data-created_by=\"avia_inline_auto\" id=\"style-css-av-82y21t7-4622d153891c0528813f731a57d2f010\">\n#top .hr.hr-invisible.av-82y21t7-4622d153891c0528813f731a57d2f010{\nheight:50px;\n}\n<\/style>\n<div  class='hr av-82y21t7-4622d153891c0528813f731a57d2f010 hr-invisible  avia-builder-el-3  el_after_av_codeblock  el_before_av_buttonrow'><span class='hr-inner'><span class=\"hr-inner-style\"><\/span><\/span><\/div>\n<div  class='avia-buttonrow-wrap av-lycyeosk-3a5d84609b38731678ab01a141ddd2c6 avia-buttonrow-center  avia-builder-el-4  el_after_av_hr  el_before_av_hr'>\n\n<style type=\"text\/css\" data-created_by=\"avia_inline_auto\" id=\"style-css-av-lycyehd9-8b81d1ba0c97b1c601641cfcf82e6f50\">\n#top #wrap_all .avia-button.av-lycyehd9-8b81d1ba0c97b1c601641cfcf82e6f50{\nmargin-bottom:5px;\nmargin-right:3px;\nmargin-left:3px;\n}\n<\/style>\n<a href='https:\/\/www.vdhurk.nl\/fr\/vehicules-commerciaux\/#HcxRCoAgEEXRrcR8RwtoM2L6CEsbeWNFRHsv-rxwuLcUcHVFI7ILnlQzMEFGOTSvdvoZW9foN6vKBkovyghO10cq02LD8R1U6x-uerYU9pzAMcKCPC8'  class='avia-button av-lycyehd9-8b81d1ba0c97b1c601641cfcf82e6f50 avia-icon_select-yes-right-icon avia-size-x-large avia-color-theme-color'  ><span class='avia_iconbox_title' >Curieux de conna\u00eetre la gamme compl\u00e8te des v\u00e9hicules utilitaires Volkswagen Transporter ? N'h\u00e9sitez pas \u00e0 y jeter un coup d'\u0153il !<\/span><span class='avia_button_icon avia_button_icon_right' aria-hidden='true' data-av_icon='\ue871' data-av_iconfont='entypo-fontello'><\/span><\/a>\n<\/div>\n\n<style type=\"text\/css\" data-created_by=\"avia_inline_auto\" id=\"style-css-av-ah0xd-63338d9dc6b40410e22a712829c369d6\">\n#top .hr.hr-invisible.av-ah0xd-63338d9dc6b40410e22a712829c369d6{\nheight:50px;\n}\n<\/style>\n<div  class='hr av-ah0xd-63338d9dc6b40410e22a712829c369d6 hr-invisible  avia-builder-el-5  el_after_av_buttonrow  el_before_av_textblock'><span class='hr-inner'><span class=\"hr-inner-style\"><\/span><\/span><\/div>\n<section  class='av_textblock_section av-lu8gow1e-300853e458ed741bd87d6cb78e55cc7a'  itemscope=\"itemscope\" itemtype=\"https:\/\/schema.org\/CreativeWork\" ><div class='avia_textblock'  itemprop=\"text\" ><h2>6 raisons pour les entrepreneurs d'acheter un Volkswagen Transporter<\/h2>\n<p>En tant que concessionnaire Volkswagen Transporter, nous savons que ce mod\u00e8le est tr\u00e8s appr\u00e9ci\u00e9 des entreprises. La popularit\u00e9 de ce mod\u00e8le est en partie due \u00e0.. :<\/p>\n<ul>\n<li><strong>Polyvalence<\/strong>Ce mod\u00e8le est con\u00e7u pour r\u00e9pondre \u00e0 divers besoins professionnels. Par exemple, le v\u00e9hicule utilitaire est adapt\u00e9 au transport de marchandises et de personnes. Le Transporter offre des solutions pour diverses applications.<\/li>\n<li><strong>Qualit\u00e9 de construction robuste<\/strong>Le Transporter : Le Transporter est connu pour sa construction solide et sa durabilit\u00e9. Le mod\u00e8le est con\u00e7u pour supporter de lourdes charges. Cela rend le v\u00e9hicule utilitaire fiable dans diverses conditions.<\/li>\n<li><strong>Une efficacit\u00e9 redoutable<\/strong>Les Volkswagen sont connues pour leurs moteurs puissants et efficaces. Cela rend les v\u00e9hicules souples et r\u00e9actifs, m\u00eame sous de lourdes charges. Les mod\u00e8les sont con\u00e7us pour \u00eatre \u00e9conomiques tout en offrant suffisamment de puissance pour une utilisation vari\u00e9e.<\/li>\n<li><strong>Utilisation confortable<\/strong>L'int\u00e9rieur du mod\u00e8le est con\u00e7u dans un souci de confort et de commodit\u00e9. Le mod\u00e8le comprend des si\u00e8ges ergonomiques, des solutions de rangement raffin\u00e9es et des caract\u00e9ristiques technologiques avanc\u00e9es. Ainsi, ce mod\u00e8le offre une exp\u00e9rience de conduite agr\u00e9able \u00e0 tous les conducteurs et passagers.<\/li>\n<li><strong>Technologie<\/strong>Le mod\u00e8le est dot\u00e9 d'un \u00e9ventail de caract\u00e9ristiques technologiques. Il s'agit notamment de syst\u00e8mes d'infodivertissement, de syst\u00e8mes d'aide \u00e0 la conduite et d'options de connectivit\u00e9. Ces technologies am\u00e9liorent le confort et la commodit\u00e9 et contribuent \u00e0 la s\u00e9curit\u00e9 du v\u00e9hicule.<br \/>\n<strong>Dispositifs de s\u00e9curit\u00e9<\/strong>S\u00e9curit\u00e9 : La marque accorde une grande attention \u00e0 la s\u00e9curit\u00e9. Par exemple, elle a mis au point des fonctions telles que l'assistance au freinage, le r\u00e9gulateur de vitesse adaptatif et bien d'autres encore. Ces fonctions aident le conducteur et garantissent la s\u00e9curit\u00e9 des passagers, m\u00eame dans des conditions difficiles.<\/li>\n<\/ul>\n<p>Toutes ces caract\u00e9ristiques font des mod\u00e8les Volkswagen Transporter un choix populaire pour les entreprises.<\/p>\n<\/div><\/section>\n<div class='flex_column av-f64w1-da126f42b61613402309283c14245a25 av_one_half  avia-builder-el-7  el_after_av_textblock  el_before_av_one_third  first flex_column_div column-top-margin'   ><section  class='av_textblock_section av-lu8gpqre-73cc2c17e6a6497ba6e1b58af22bd9e8'  itemscope=\"itemscope\" itemtype=\"https:\/\/schema.org\/CreativeWork\" ><div class='avia_textblock'  itemprop=\"text\" ><h2><b>Pourquoi choisir un mod\u00e8le d'occasion ?<\/b><\/h2>\n<p>Dans notre offre, vous trouverez un Volkswagen Transporter d'occasion qui fonctionne correctement. Bien que nos mod\u00e8les aient d\u00e9j\u00e0 \u00e9t\u00e9 utilis\u00e9s, ils font exactement ce qu'ils sont cens\u00e9s faire. De plus, un mod\u00e8le d'occasion offre de nombreux avantages, \u00e0 commencer par des \u00e9conomies. En g\u00e9n\u00e9ral, les mod\u00e8les d'occasion sont moins chers que les mod\u00e8les neufs. Vous \u00e9conomisez donc beaucoup sur le prix d'achat. En outre, les v\u00e9hicules neufs perdent rapidement de leur valeur. Avec un Transporter d'occasion, vous \u00e9vitez une grande partie de cette d\u00e9pr\u00e9ciation.<\/p>\n<\/div><\/section><\/div>\n<div class='flex_column av-aldk9-ee694297f5c4032981677a02caab84d6 av_one_third  avia-builder-el-9  el_after_av_one_half  el_before_av_hr  flex_column_div column-top-margin'   ><style type=\"text\/css\" data-created_by=\"avia_inline_auto\" id=\"style-css-av-l1w9kpsf-4ec3fab772ec7a9adaa33cfc64ff0475\">\n.avia-image-container.av-l1w9kpsf-4ec3fab772ec7a9adaa33cfc64ff0475 .av-image-caption-overlay-center{\ncolor:#ffffff;\n}\n<\/style>\n<div  class='avia-image-container av-l1w9kpsf-4ec3fab772ec7a9adaa33cfc64ff0475 av-styling- avia-align-center  avia-builder-el-10  avia-builder-el-no-sibling'  itemprop=\"image\" itemscope=\"itemscope\" itemtype=\"https:\/\/schema.org\/ImageObject\" ><div class=\"avia-image-container-inner\"><div class=\"avia-image-overlay-wrap\"><img decoding=\"async\" class='wp-image-187 avia-img-lazy-loading-not-187 avia_image' src=\"https:\/\/www.vdhurk.nl\/wp-content\/uploads\/2022\/03\/Voorrad.png\" alt='' title='Stock'  height=\"758\" width=\"1135\"  itemprop=\"thumbnailUrl\" srcset=\"https:\/\/www.vdhurk.nl\/wp-content\/uploads\/2022\/03\/Voorrad.png 1135w, https:\/\/www.vdhurk.nl\/wp-content\/uploads\/2022\/03\/Voorrad-300x200.png 300w, https:\/\/www.vdhurk.nl\/wp-content\/uploads\/2022\/03\/Voorrad-1030x688.png 1030w, https:\/\/www.vdhurk.nl\/wp-content\/uploads\/2022\/03\/Voorrad-768x513.png 768w, https:\/\/www.vdhurk.nl\/wp-content\/uploads\/2022\/03\/Voorrad-18x12.png 18w, https:\/\/www.vdhurk.nl\/wp-content\/uploads\/2022\/03\/Voorrad-705x471.png 705w\" sizes=\"(max-width: 1135px) 100vw, 1135px\" \/><\/div><\/div><\/div><\/div>\n\n<style type=\"text\/css\" data-created_by=\"avia_inline_auto\" id=\"style-css-av-luqrjpjc-5a23a1fb5f94718ca85316a9df963e2f\">\n#top .hr.hr-invisible.av-luqrjpjc-5a23a1fb5f94718ca85316a9df963e2f{\nheight:50px;\n}\n<\/style>\n<div  class='hr av-luqrjpjc-5a23a1fb5f94718ca85316a9df963e2f hr-invisible  avia-builder-el-11  el_after_av_one_third  el_before_av_textblock'><span class='hr-inner'><span class=\"hr-inner-style\"><\/span><\/span><\/div>\n<section  class='av_textblock_section av-lu8gtjw7-4f3cee9304909518d86d2860d9d582dd'  itemscope=\"itemscope\" itemtype=\"https:\/\/schema.org\/CreativeWork\" ><div class='avia_textblock'  itemprop=\"text\" ><h2>Location d'un Volkswagen Transporter<\/h2>\n<p>Chez Van den Hurk, nous vous proposons d'autres options que l'achat de v\u00e9hicules utilitaires. Vous pouvez \u00e9galement en louer un. Cette formule est sp\u00e9cialement con\u00e7ue pour les utilisateurs professionnels qui recherchent la s\u00e9curit\u00e9. L'avantage d'un <a href=\"https:\/\/www.vdhurk.nl\/fr\/location-financiere\/#top\">leasing de voitures de soci\u00e9t\u00e9<\/a> est que vous ne devez pas utiliser vos propres ressources financi\u00e8res. En effet, le financement est distinct des autres financements de votre entreprise. Vous souhaitez en savoir plus sur le leasing ? Nous nous ferons un plaisir de vous en dire plus.<\/p>\n<h2><b>L'histoire de ce mod\u00e8le<\/b><\/h2>\n<h3><b>Point de d\u00e9part du transporteur<\/b><\/h3>\n<p>L'histoire du Volkswagen Transporter est une histoire d'innovation, de polyvalence et de durabilit\u00e9, qui remonte au 20\u00e8me si\u00e8cle. \u00c0 cette \u00e9poque, Volkswagen a constat\u00e9 le besoin d'un v\u00e9hicule utilitaire polyvalent capable de r\u00e9pondre \u00e0 la demande croissante d'options de transport. Par la suite, le v\u00e9hicule est rapidement devenu un mod\u00e8le populaire.<\/p>\n<h3><b>\u00c9volution au cours des ann\u00e9es suivantes<\/b><\/h3>\n<p>De nombreuses \u00e9volutions et am\u00e9liorations ont suivi dans les ann\u00e9es qui ont suivi la naissance du Volkswagen Transporter. De nouveaux mod\u00e8les ont \u00e9t\u00e9 d\u00e9velopp\u00e9s pour r\u00e9pondre \u00e0 l'\u00e9volution des demandes du march\u00e9 et aux progr\u00e8s technologiques. En cons\u00e9quence, les mod\u00e8les sont rest\u00e9s populaires parmi les utilisateurs professionnels.<\/p>\n<h3><strong>La voiture de fonction aujourd'hui<\/strong><\/h3>\n<p>Aujourd'hui, le Volkswagen Transporter reste l'un des choix pr\u00e9f\u00e9r\u00e9s des personnes de tous \u00e2ges et de tous horizons. Les entrepreneurs choisissent ce mod\u00e8le parce qu'il s'agit d'un choix fiable \u00e0 long terme. Riche de son histoire, ce mod\u00e8le reste une ic\u00f4ne de la mobilit\u00e9 et de la libert\u00e9.<\/p>\n<\/div><\/section>","protected":false},"excerpt":{"rendered":"","protected":false},"author":3,"featured_media":0,"parent":372079,"menu_order":0,"comment_status":"closed","ping_status":"closed","template":"","meta":{"_acf_changed":false,"_improvement_type_select":"improve_an_existing","_thumb_yes_seoaic":false,"_frame_yes_seoaic":false,"seoaic_generate_description":"","seoaic_improve_instructions_prompt":"","seoaic_rollback_content_improvement":"","seoaic_idea_thumbnail_generator":"","thumbnail_generated":false,"thumbnail_generate_prompt":"","seoaic_article_description":"","footnotes":""},"class_list":["post-393643","page","type-page","status-publish","hentry"],"acf":[],"yoast_head":"<!-- This site is optimized with the Yoast SEO plugin v27.5 - https:\/\/yoast.com\/product\/yoast-seo-wordpress\/ -->\n<title>Vind jouw geschikte Volkswagen Transporter occasion<\/title>\n<meta name=\"description\" content=\"Op zoek naar een goed werkende Volkswagen Transporter occasion? Bekijk dan ons actuele aanbod en ontdek de verschillende mogelijkheden.\" \/>\n<meta name=\"robots\" content=\"index, follow, max-snippet:-1, max-image-preview:large, max-video-preview:-1\" \/>\n<link rel=\"canonical\" href=\"https:\/\/www.vdhurk.nl\/fr\/volkswagen-commercial-vehicles\/mercedes-14\/\" \/>\n<meta property=\"og:locale\" content=\"fr_FR\" \/>\n<meta property=\"og:type\" content=\"article\" \/>\n<meta property=\"og:title\" content=\"Vind jouw geschikte Volkswagen Transporter occasion\" \/>\n<meta property=\"og:description\" content=\"Op zoek naar een goed werkende Volkswagen Transporter occasion? Bekijk dan ons actuele aanbod en ontdek de verschillende mogelijkheden.\" \/>\n<meta property=\"og:url\" content=\"https:\/\/www.vdhurk.nl\/fr\/volkswagen-commercial-vehicles\/mercedes-14\/\" \/>\n<meta property=\"og:site_name\" content=\"Van den Hurk Bedrijfswagens\" \/>\n<meta name=\"twitter:card\" content=\"summary_large_image\" \/>\n<meta name=\"twitter:label1\" content=\"Dur\u00e9e de lecture estim\u00e9e\" \/>\n\t<meta name=\"twitter:data1\" content=\"6 minutes\" \/>\n<script type=\"application\/ld+json\" class=\"yoast-schema-graph\">{\"@context\":\"https:\\\/\\\/schema.org\",\"@graph\":[{\"@type\":\"WebPage\",\"@id\":\"https:\\\/\\\/www.vdhurk.nl\\\/volkswagen-bedrijfswagens\\\/transporter\\\/\",\"url\":\"https:\\\/\\\/www.vdhurk.nl\\\/volkswagen-bedrijfswagens\\\/transporter\\\/\",\"name\":\"Vind jouw geschikte Volkswagen Transporter occasion\",\"isPartOf\":{\"@id\":\"https:\\\/\\\/www.vdhurk.nl\\\/#website\"},\"datePublished\":\"2024-07-08T12:24:33+00:00\",\"description\":\"Op zoek naar een goed werkende Volkswagen Transporter occasion? Bekijk dan ons actuele aanbod en ontdek de verschillende mogelijkheden.\",\"breadcrumb\":{\"@id\":\"https:\\\/\\\/www.vdhurk.nl\\\/volkswagen-bedrijfswagens\\\/transporter\\\/#breadcrumb\"},\"inLanguage\":\"fr-FR\",\"potentialAction\":[{\"@type\":\"ReadAction\",\"target\":[\"https:\\\/\\\/www.vdhurk.nl\\\/volkswagen-bedrijfswagens\\\/transporter\\\/\"]}]},{\"@type\":\"BreadcrumbList\",\"@id\":\"https:\\\/\\\/www.vdhurk.nl\\\/volkswagen-bedrijfswagens\\\/transporter\\\/#breadcrumb\",\"itemListElement\":[{\"@type\":\"ListItem\",\"position\":1,\"name\":\"Home\",\"item\":\"https:\\\/\\\/www.vdhurk.nl\\\/home\\\/\"},{\"@type\":\"ListItem\",\"position\":2,\"name\":\"Volkswagen Bedrijfswagens\",\"item\":\"https:\\\/\\\/www.vdhurk.nl\\\/volkswagen-bedrijfswagens\\\/\"},{\"@type\":\"ListItem\",\"position\":3,\"name\":\"Volkswagen Transporter\"}]},{\"@type\":\"WebSite\",\"@id\":\"https:\\\/\\\/www.vdhurk.nl\\\/#website\",\"url\":\"https:\\\/\\\/www.vdhurk.nl\\\/\",\"name\":\"Van den Hurk Bedrijfswagens\",\"description\":\"Van den Hurk bedrijfswagens Helmond\",\"potentialAction\":[{\"@type\":\"SearchAction\",\"target\":{\"@type\":\"EntryPoint\",\"urlTemplate\":\"https:\\\/\\\/www.vdhurk.nl\\\/?s={search_term_string}\"},\"query-input\":{\"@type\":\"PropertyValueSpecification\",\"valueRequired\":true,\"valueName\":\"search_term_string\"}}],\"inLanguage\":\"fr-FR\"}]}<\/script>\n<!-- \/ Yoast SEO plugin. -->","yoast_head_json":{"title":"Trouvez la voiture d'occasion de Volkswagen Transporter qui vous convient","description":"Vous cherchez une Volkswagen Transporter d'occasion en bon \u00e9tat ? Jetez un coup d'\u0153il \u00e0 notre offre actuelle et d\u00e9couvrez les diff\u00e9rentes options.","robots":{"index":"index","follow":"follow","max-snippet":"max-snippet:-1","max-image-preview":"max-image-preview:large","max-video-preview":"max-video-preview:-1"},"canonical":"https:\/\/www.vdhurk.nl\/fr\/volkswagen-commercial-vehicles\/mercedes-14\/","og_locale":"fr_FR","og_type":"article","og_title":"Vind jouw geschikte Volkswagen Transporter occasion","og_description":"Op zoek naar een goed werkende Volkswagen Transporter occasion? Bekijk dan ons actuele aanbod en ontdek de verschillende mogelijkheden.","og_url":"https:\/\/www.vdhurk.nl\/fr\/volkswagen-commercial-vehicles\/mercedes-14\/","og_site_name":"Van den Hurk Bedrijfswagens","twitter_card":"summary_large_image","twitter_misc":{"Dur\u00e9e de lecture estim\u00e9e":"6 minutes"},"schema":{"@context":"https:\/\/schema.org","@graph":[{"@type":"WebPage","@id":"https:\/\/www.vdhurk.nl\/volkswagen-bedrijfswagens\/transporter\/","url":"https:\/\/www.vdhurk.nl\/volkswagen-bedrijfswagens\/transporter\/","name":"Trouvez la voiture d'occasion de Volkswagen Transporter qui vous convient","isPartOf":{"@id":"https:\/\/www.vdhurk.nl\/#website"},"datePublished":"2024-07-08T12:24:33+00:00","description":"Vous cherchez une Volkswagen Transporter d'occasion en bon \u00e9tat ? Jetez un coup d'\u0153il \u00e0 notre offre actuelle et d\u00e9couvrez les diff\u00e9rentes options.","breadcrumb":{"@id":"https:\/\/www.vdhurk.nl\/volkswagen-bedrijfswagens\/transporter\/#breadcrumb"},"inLanguage":"fr-FR","potentialAction":[{"@type":"ReadAction","target":["https:\/\/www.vdhurk.nl\/volkswagen-bedrijfswagens\/transporter\/"]}]},{"@type":"BreadcrumbList","@id":"https:\/\/www.vdhurk.nl\/volkswagen-bedrijfswagens\/transporter\/#breadcrumb","itemListElement":[{"@type":"ListItem","position":1,"name":"Home","item":"https:\/\/www.vdhurk.nl\/home\/"},{"@type":"ListItem","position":2,"name":"Volkswagen Bedrijfswagens","item":"https:\/\/www.vdhurk.nl\/volkswagen-bedrijfswagens\/"},{"@type":"ListItem","position":3,"name":"Volkswagen Transporter"}]},{"@type":"WebSite","@id":"https:\/\/www.vdhurk.nl\/#website","url":"https:\/\/www.vdhurk.nl\/","name":"V\u00e9hicules utilitaires Van den Hurk","description":"V\u00e9hicules utilitaires Van den Hurk Helmond","potentialAction":[{"@type":"SearchAction","target":{"@type":"EntryPoint","urlTemplate":"https:\/\/www.vdhurk.nl\/?s={search_term_string}"},"query-input":{"@type":"PropertyValueSpecification","valueRequired":true,"valueName":"search_term_string"}}],"inLanguage":"fr-FR"}]}},"_links":{"self":[{"href":"https:\/\/www.vdhurk.nl\/fr\/wp-json\/wp\/v2\/pages\/393643","targetHints":{"allow":["GET"]}}],"collection":[{"href":"https:\/\/www.vdhurk.nl\/fr\/wp-json\/wp\/v2\/pages"}],"about":[{"href":"https:\/\/www.vdhurk.nl\/fr\/wp-json\/wp\/v2\/types\/page"}],"author":[{"embeddable":true,"href":"https:\/\/www.vdhurk.nl\/fr\/wp-json\/wp\/v2\/users\/3"}],"replies":[{"embeddable":true,"href":"https:\/\/www.vdhurk.nl\/fr\/wp-json\/wp\/v2\/comments?post=393643"}],"version-history":[{"count":5,"href":"https:\/\/www.vdhurk.nl\/fr\/wp-json\/wp\/v2\/pages\/393643\/revisions"}],"predecessor-version":[{"id":393653,"href":"https:\/\/www.vdhurk.nl\/fr\/wp-json\/wp\/v2\/pages\/393643\/revisions\/393653"}],"up":[{"embeddable":true,"href":"https:\/\/www.vdhurk.nl\/fr\/wp-json\/wp\/v2\/pages\/372079"}],"wp:attachment":[{"href":"https:\/\/www.vdhurk.nl\/fr\/wp-json\/wp\/v2\/media?parent=393643"}],"curies":[{"name":"wp","href":"https:\/\/api.w.org\/{rel}","templated":true}]}}