{"id":393610,"date":"2024-07-08T13:58:13","date_gmt":"2024-07-08T11:58:13","guid":{"rendered":"https:\/\/www.vdhurk.nl\/?page_id=393610"},"modified":"2024-07-08T14:22:13","modified_gmt":"2024-07-08T12:22:13","slug":"mercedes-4","status":"publish","type":"page","link":"https:\/\/www.vdhurk.nl\/fr\/volkswagen-bedrijfswagens\/caddy\/","title":{"rendered":"Volkswagen Caddy"},"content":{"rendered":"<section  class='av_textblock_section av-lu8gnh7d-4ac895489941e586c1d7c8cb72318135'  itemscope=\"itemscope\" itemtype=\"https:\/\/schema.org\/CreativeWork\" ><div class='avia_textblock'  itemprop=\"text\" ><h1>Tout ce qu'il faut savoir sur le Volkswagen Caddy occasion<\/h1>\n<p>Le Volkswagen Caddy occasion est depuis longtemps l'un des v\u00e9hicules utilitaires les plus populaires et les plus polyvalents du march\u00e9. Ce mod\u00e8le a acquis une solide r\u00e9putation aupr\u00e8s des entreprises et des entrepreneurs. Cette occasion offre de nombreuses qualit\u00e9s \u00e0 un prix abordable. Flexibilit\u00e9 et durabilit\u00e9 sont au rendez-vous. D\u00e9couvrez les nombreuses sp\u00e9cifications et avantages de ce mod\u00e8le.<\/p>\n<\/div><\/section>\n\n<style type=\"text\/css\" data-created_by=\"avia_inline_auto\" id=\"style-css-av-lujjddpd-afa3d7a9eabd61123e643ed1228e781e\">\n#top .hr.hr-invisible.av-lujjddpd-afa3d7a9eabd61123e643ed1228e781e{\nheight:50px;\n}\n<\/style>\n<div  class='hr av-lujjddpd-afa3d7a9eabd61123e643ed1228e781e hr-invisible  avia-builder-el-1  el_after_av_textblock  el_before_av_codeblock'><span class='hr-inner'><span class=\"hr-inner-style\"><\/span><\/span><\/div>\n\n\n<style type=\"text\/css\" data-created_by=\"avia_inline_auto\" id=\"style-css-av-av_hr-3a876428eececa9d35452247ddb053af\">\n#top .hr.hr-invisible.av-av_hr-3a876428eececa9d35452247ddb053af{\nheight:50px;\n}\n<\/style>\n<div  class='hr av-av_hr-3a876428eececa9d35452247ddb053af hr-invisible  avia-builder-el-3  el_after_av_codeblock  el_before_av_buttonrow'><span class='hr-inner'><span class=\"hr-inner-style\"><\/span><\/span><\/div>\n<div  class='avia-buttonrow-wrap av-lycyckhz-a0207ca1bb187f2978bad44a1bbc9abf avia-buttonrow-center  avia-builder-el-4  el_after_av_hr  el_before_av_hr'>\n\n<style type=\"text\/css\" data-created_by=\"avia_inline_auto\" id=\"style-css-av-lycyc0c8-09cd1f79e4080d9a7583e09e93f1a2c7\">\n#top #wrap_all .avia-button.av-lycyc0c8-09cd1f79e4080d9a7583e09e93f1a2c7{\nmargin-bottom:5px;\nmargin-right:3px;\nmargin-left:3px;\n}\n<\/style>\n<a href='https:\/\/www.vdhurk.nl\/fr\/vehicules-commerciaux\/#HctLCoAwDEXRrUjG4gLcTKlJkNpqyosfRNy7xeHlcB9aFTmsJloCR8DcFUlppNNK9ivOunUcRW7qySCK6W5YkRYfzvaa1T9CjdgTHyUpRlFnej8'  class='avia-button av-lycyc0c8-09cd1f79e4080d9a7583e09e93f1a2c7 avia-icon_select-yes-right-icon avia-size-x-large avia-color-theme-color'  ><span class='avia_iconbox_title' >Curieux de conna\u00eetre la gamme compl\u00e8te des v\u00e9hicules utilitaires Volkswagen Caddy ? N'h\u00e9sitez pas \u00e0 y jeter un coup d'\u0153il !<\/span><span class='avia_button_icon avia_button_icon_right' aria-hidden='true' data-av_icon='\ue871' data-av_iconfont='entypo-fontello'><\/span><\/a>\n<\/div>\n\n<style type=\"text\/css\" data-created_by=\"avia_inline_auto\" id=\"style-css-av-ah0xd-63338d9dc6b40410e22a712829c369d6\">\n#top .hr.hr-invisible.av-ah0xd-63338d9dc6b40410e22a712829c369d6{\nheight:50px;\n}\n<\/style>\n<div  class='hr av-ah0xd-63338d9dc6b40410e22a712829c369d6 hr-invisible  avia-builder-el-5  el_after_av_buttonrow  el_before_av_textblock'><span class='hr-inner'><span class=\"hr-inner-style\"><\/span><\/span><\/div>\n<section  class='av_textblock_section av-lu8gow1e-300853e458ed741bd87d6cb78e55cc7a'  itemscope=\"itemscope\" itemtype=\"https:\/\/schema.org\/CreativeWork\" ><div class='avia_textblock'  itemprop=\"text\" ><h2>5 avantages des mod\u00e8les Volkswagen Caddy<\/h2>\n<p>Choisir une Volkswagen Caddy d'occasion pr\u00e9sente plusieurs avantages :<\/p>\n<ul>\n<li><strong>Abordabilit\u00e9<\/strong>Volkswagen Caddy : Avec une voiture d'occasion, vous b\u00e9n\u00e9ficiez souvent d'un prix plus abordable que lorsque vous optez pour un mod\u00e8le neuf. En choisissant une Volkswagen Caddy, vous b\u00e9n\u00e9ficiez en m\u00eame temps d'un v\u00e9hicule de qualit\u00e9.<\/li>\n<li><strong>Fiabilit\u00e9<\/strong>Volkswagen : Volkswagen est connu pour la fiabilit\u00e9 de ses v\u00e9hicules. Le Caddy occasion a un bon historique d'entretien, vous pouvez donc faire confiance \u00e0 un v\u00e9hicule utilitaire.<\/li>\n<li><strong>Polyvalence et espace :<\/strong> Ce mod\u00e8le offre un int\u00e9rieur spacieux et un espace de chargement polyvalent. Il convient donc parfaitement \u00e0 diverses applications, telles que le transport de marchandises et d'outils.<\/li>\n<li><strong>Qualit\u00e9 de construction solide<\/strong>Volkswagen : Volkswagen est r\u00e9put\u00e9 pour sa qualit\u00e9 de construction et de fabrication haut de gamme. Avec ce mod\u00e8le, vous b\u00e9n\u00e9ficiez d'une construction et d'une durabilit\u00e9 \u00e0 toute \u00e9preuve.<\/li>\n<li><strong>Disponibilit\u00e9 des options<\/strong>: Lors de l'achat d'un Volkswagen Caddy d'occasion, vous pouvez souvent choisir parmi diff\u00e9rentes configurations. Vous avez ainsi la possibilit\u00e9 de trouver un v\u00e9hicule qui corresponde parfaitement \u00e0 vos besoins et \u00e0 vos pr\u00e9f\u00e9rences.<\/li>\n<\/ul>\n<p>Ce mod\u00e8le offre donc une excellente combinaison de valeur, de fiabilit\u00e9 et de polyvalence. Cela fait de ce v\u00e9hicule utilitaire une option attrayante pour divers utilisateurs.<\/p>\n<\/div><\/section>\n<div class='flex_column av-f64w1-da126f42b61613402309283c14245a25 av_one_half  avia-builder-el-7  el_after_av_textblock  el_before_av_one_third  first flex_column_div column-top-margin'   ><section  class='av_textblock_section av-lu8gpqre-73cc2c17e6a6497ba6e1b58af22bd9e8'  itemscope=\"itemscope\" itemtype=\"https:\/\/schema.org\/CreativeWork\" ><div class='avia_textblock'  itemprop=\"text\" ><h2>3 raisons de choisir un mod\u00e8le d'occasion plut\u00f4t qu'un v\u00e9hicule utilitaire neuf<\/h2>\n<p>Acheter un Volkswagen Caddy d'occasion est souvent moins cher que d'opter pour un mod\u00e8le neuf. Pourquoi ? Nous vous pr\u00e9sentons les principales raisons :<\/p>\n<ul>\n<li><strong>Prix<\/strong>Les mod\u00e8les d'occasion sont plus avantageux en termes de prix. Cela vous permet d'\u00e9conomiser sur les co\u00fbts d'achat initiaux.<\/li>\n<li><strong>Baisse de valeur<\/strong>La d\u00e9pr\u00e9ciation : Une voiture neuve perd rapidement de sa valeur. Avec un mod\u00e8le d'occasion, quelqu'un d'autre a d\u00e9j\u00e0 pay\u00e9 cette d\u00e9pr\u00e9ciation initiale. Vous devez donc faire face \u00e0 une d\u00e9pr\u00e9ciation moindre.<\/li>\n<li><strong>Qualit\u00e9 \u00e9quivalente<\/strong>Les voitures modernes sont construites pour durer. Un mod\u00e8le d'occasion de notre gamme est toujours en excellent \u00e9tat et offre encore des performances fiables. Avec un peu d'attention et d'entretien, un v\u00e9hicule utilitaire d'occasion peut durer des ann\u00e9es.<\/li>\n<\/ul>\n<p>En r\u00e9sum\u00e9, l'achat d'un Volkswagen Caddy d'occasion pr\u00e9sente de nombreux avantages.<\/p>\n<\/div><\/section><\/div>\n<div class='flex_column av-aldk9-ee694297f5c4032981677a02caab84d6 av_one_third  avia-builder-el-9  el_after_av_one_half  el_before_av_hr  flex_column_div column-top-margin'   ><style type=\"text\/css\" data-created_by=\"avia_inline_auto\" id=\"style-css-av-l1w9kpsf-4ec3fab772ec7a9adaa33cfc64ff0475\">\n.avia-image-container.av-l1w9kpsf-4ec3fab772ec7a9adaa33cfc64ff0475 .av-image-caption-overlay-center{\ncolor:#ffffff;\n}\n<\/style>\n<div  class='avia-image-container av-l1w9kpsf-4ec3fab772ec7a9adaa33cfc64ff0475 av-styling- avia-align-center  avia-builder-el-10  avia-builder-el-no-sibling'  itemprop=\"image\" itemscope=\"itemscope\" itemtype=\"https:\/\/schema.org\/ImageObject\" ><div class=\"avia-image-container-inner\"><div class=\"avia-image-overlay-wrap\"><img decoding=\"async\" class='wp-image-187 avia-img-lazy-loading-not-187 avia_image' src=\"https:\/\/www.vdhurk.nl\/wp-content\/uploads\/2022\/03\/Voorrad.png\" alt='' title='Stock'  height=\"758\" width=\"1135\"  itemprop=\"thumbnailUrl\" srcset=\"https:\/\/www.vdhurk.nl\/wp-content\/uploads\/2022\/03\/Voorrad.png 1135w, https:\/\/www.vdhurk.nl\/wp-content\/uploads\/2022\/03\/Voorrad-300x200.png 300w, https:\/\/www.vdhurk.nl\/wp-content\/uploads\/2022\/03\/Voorrad-1030x688.png 1030w, https:\/\/www.vdhurk.nl\/wp-content\/uploads\/2022\/03\/Voorrad-768x513.png 768w, https:\/\/www.vdhurk.nl\/wp-content\/uploads\/2022\/03\/Voorrad-18x12.png 18w, https:\/\/www.vdhurk.nl\/wp-content\/uploads\/2022\/03\/Voorrad-705x471.png 705w\" sizes=\"(max-width: 1135px) 100vw, 1135px\" \/><\/div><\/div><\/div><\/div>\n\n<style type=\"text\/css\" data-created_by=\"avia_inline_auto\" id=\"style-css-av-luqrjpjc-5a23a1fb5f94718ca85316a9df963e2f\">\n#top .hr.hr-invisible.av-luqrjpjc-5a23a1fb5f94718ca85316a9df963e2f{\nheight:50px;\n}\n<\/style>\n<div  class='hr av-luqrjpjc-5a23a1fb5f94718ca85316a9df963e2f hr-invisible  avia-builder-el-11  el_after_av_one_third  el_before_av_textblock'><span class='hr-inner'><span class=\"hr-inner-style\"><\/span><\/span><\/div>\n<section  class='av_textblock_section av-lu8gtjw7-4f3cee9304909518d86d2860d9d582dd'  itemscope=\"itemscope\" itemtype=\"https:\/\/schema.org\/CreativeWork\" ><div class='avia_textblock'  itemprop=\"text\" ><h2>Manuel ou automatique : que pr\u00e9f\u00e9rez-vous ?<\/h2>\n<p>Chez Van den Hurk, nous pensons qu'il est important que chacun y trouve son compte. C'est pourquoi nous proposons diff\u00e9rents mod\u00e8les de Volkswagen. Vous pouvez \u00e9galement trouver la Volkswagen Caddy dans diff\u00e9rentes versions. Vous pouvez choisir entre une bo\u00eete de vitesses ou une bo\u00eete automatique.<\/p>\n<h2>Tout ce que vous voulez savoir sur notre entreprise familiale<\/h2>\n<p>Van den Hurk est une v\u00e9ritable entreprise familiale fond\u00e9e par Jan van den Hurk en 1965. Ses fils se sont charg\u00e9s de l'expansion de l'entreprise. Actuellement, avec une \u00e9quipe de 35 employ\u00e9s, nous nous concentrons sur la vente de v\u00e9hicules utilitaires personnalis\u00e9s. Dans notre gamme, vous trouverez toutes sortes de marques et de types de v\u00e9hicules utilitaires. Nos clients disposent ainsi de nombreuses options et il y a toujours quelque chose qui correspond \u00e0 leurs souhaits et \u00e0 leurs besoins.<\/p>\n<h2>Options de location financi\u00e8re<\/h2>\n<p>Nous rendons possible le leasing d'une voiture de soci\u00e9t\u00e9. Cette formule est sp\u00e9cialement con\u00e7ue pour les entrepreneurs qui recherchent la commodit\u00e9 et la s\u00e9curit\u00e9. Chez nous <a href=\"https:\/\/www.vdhurk.nl\/fr\/location-financiere\/\">contrat de location-financement <\/a>vous ne devez pas utiliser vos propres ressources financi\u00e8res. Le financement est distinct de tous les autres financements de votre entreprise. Vous d\u00e9cidez de la dur\u00e9e en fonction de votre amortissement et de la p\u00e9riode de location. Vous payez des int\u00e9r\u00eats pour votre contrat de location, qui sont fix\u00e9s \u00e0 l'avance, ce qui vous permet d'obtenir un montant de location mensuel. Vous savez donc toujours o\u00f9 vous en \u00eates.<\/p>\n<h2><b>Profitez de notre alerte stock<\/b><\/h2>\n<p>Nous disposons toujours d'un large stock de v\u00e9hicules utilitaires de toutes marques. Vous \u00eates \u00e0 la recherche d'un<a href=\"https:\/\/www.vdhurk.nl\/fr\/volkswagen-commercial-vehicles\/\"> V\u00e9hicule utilitaire Volkswagen <\/a>Et la voiture de vos r\u00eaves n'en fait pas partie ? Cela peut arriver, bien s\u00fbr. M\u00eame avec un grand choix, il se peut que la voiture de soci\u00e9t\u00e9 qui convient ne soit pas en stock. Ne vous inqui\u00e9tez pas, car vous pouvez nous faire part de vos souhaits via notre site web. <a href=\"https:\/\/www.vdhurk.nl\/fr\/alerte-boursiere\/\">alerte boursi\u00e8re<\/a>. Notre \u00e9quipe d'acheteurs travaillera ensuite pour vous afin de trouver le v\u00e9hicule commercial qui r\u00e9pondra \u00e0 vos besoins.<\/p>\n<\/div><\/section>","protected":false},"excerpt":{"rendered":"","protected":false},"author":3,"featured_media":0,"parent":372079,"menu_order":0,"comment_status":"closed","ping_status":"closed","template":"","meta":{"_acf_changed":false,"_improvement_type_select":"improve_an_existing","_thumb_yes_seoaic":false,"_frame_yes_seoaic":false,"seoaic_generate_description":"","seoaic_improve_instructions_prompt":"","seoaic_rollback_content_improvement":"","seoaic_idea_thumbnail_generator":"","thumbnail_generated":false,"thumbnail_generate_prompt":"","seoaic_article_description":"","footnotes":""},"class_list":["post-393610","page","type-page","status-publish","hentry"],"acf":[],"yoast_head":"<!-- This site is optimized with the Yoast SEO plugin v27.5 - https:\/\/yoast.com\/product\/yoast-seo-wordpress\/ -->\n<title>Ontdek alles over de Volkswagen Caddy occasion<\/title>\n<meta name=\"description\" content=\"Op zoek naar een betrouwbare Volkswagen Caddy occasion? Bekijk dan alle mogelijkheden binnen ons aanbod en vind de perfecte bedrijfswagen.\" \/>\n<meta name=\"robots\" content=\"index, follow, max-snippet:-1, max-image-preview:large, max-video-preview:-1\" \/>\n<link rel=\"canonical\" href=\"https:\/\/www.vdhurk.nl\/fr\/volkswagen-commercial-vehicles\/mercedes-4\/\" \/>\n<meta property=\"og:locale\" content=\"fr_FR\" \/>\n<meta property=\"og:type\" content=\"article\" \/>\n<meta property=\"og:title\" content=\"Ontdek alles over de Volkswagen Caddy occasion\" \/>\n<meta property=\"og:description\" content=\"Op zoek naar een betrouwbare Volkswagen Caddy occasion? Bekijk dan alle mogelijkheden binnen ons aanbod en vind de perfecte bedrijfswagen.\" \/>\n<meta property=\"og:url\" content=\"https:\/\/www.vdhurk.nl\/fr\/volkswagen-commercial-vehicles\/mercedes-4\/\" \/>\n<meta property=\"og:site_name\" content=\"Van den Hurk Bedrijfswagens\" \/>\n<meta property=\"article:modified_time\" content=\"2024-07-08T12:22:13+00:00\" \/>\n<meta name=\"twitter:card\" content=\"summary_large_image\" \/>\n<meta name=\"twitter:label1\" content=\"Dur\u00e9e de lecture estim\u00e9e\" \/>\n\t<meta name=\"twitter:data1\" content=\"6 minutes\" \/>\n<script type=\"application\/ld+json\" class=\"yoast-schema-graph\">{\"@context\":\"https:\\\/\\\/schema.org\",\"@graph\":[{\"@type\":\"WebPage\",\"@id\":\"https:\\\/\\\/www.vdhurk.nl\\\/volkswagen-bedrijfswagens\\\/caddy\\\/\",\"url\":\"https:\\\/\\\/www.vdhurk.nl\\\/volkswagen-bedrijfswagens\\\/caddy\\\/\",\"name\":\"Ontdek alles over de Volkswagen Caddy occasion\",\"isPartOf\":{\"@id\":\"https:\\\/\\\/www.vdhurk.nl\\\/#website\"},\"datePublished\":\"2024-07-08T11:58:13+00:00\",\"dateModified\":\"2024-07-08T12:22:13+00:00\",\"description\":\"Op zoek naar een betrouwbare Volkswagen Caddy occasion? Bekijk dan alle mogelijkheden binnen ons aanbod en vind de perfecte bedrijfswagen.\",\"breadcrumb\":{\"@id\":\"https:\\\/\\\/www.vdhurk.nl\\\/volkswagen-bedrijfswagens\\\/caddy\\\/#breadcrumb\"},\"inLanguage\":\"fr-FR\",\"potentialAction\":[{\"@type\":\"ReadAction\",\"target\":[\"https:\\\/\\\/www.vdhurk.nl\\\/volkswagen-bedrijfswagens\\\/caddy\\\/\"]}]},{\"@type\":\"BreadcrumbList\",\"@id\":\"https:\\\/\\\/www.vdhurk.nl\\\/volkswagen-bedrijfswagens\\\/caddy\\\/#breadcrumb\",\"itemListElement\":[{\"@type\":\"ListItem\",\"position\":1,\"name\":\"Home\",\"item\":\"https:\\\/\\\/www.vdhurk.nl\\\/home\\\/\"},{\"@type\":\"ListItem\",\"position\":2,\"name\":\"Volkswagen Bedrijfswagens\",\"item\":\"https:\\\/\\\/www.vdhurk.nl\\\/volkswagen-bedrijfswagens\\\/\"},{\"@type\":\"ListItem\",\"position\":3,\"name\":\"Volkswagen Caddy\"}]},{\"@type\":\"WebSite\",\"@id\":\"https:\\\/\\\/www.vdhurk.nl\\\/#website\",\"url\":\"https:\\\/\\\/www.vdhurk.nl\\\/\",\"name\":\"Van den Hurk Bedrijfswagens\",\"description\":\"Van den Hurk bedrijfswagens Helmond\",\"potentialAction\":[{\"@type\":\"SearchAction\",\"target\":{\"@type\":\"EntryPoint\",\"urlTemplate\":\"https:\\\/\\\/www.vdhurk.nl\\\/?s={search_term_string}\"},\"query-input\":{\"@type\":\"PropertyValueSpecification\",\"valueRequired\":true,\"valueName\":\"search_term_string\"}}],\"inLanguage\":\"fr-FR\"}]}<\/script>\n<!-- \/ Yoast SEO plugin. -->","yoast_head_json":{"title":"Tout savoir sur la Volkswagen Caddy occasion","description":"Vous cherchez une voiture d'occasion Volkswagen Caddy fiable ? Jetez un coup d'\u0153il \u00e0 toutes les options de notre gamme et trouvez le v\u00e9hicule commercial id\u00e9al.","robots":{"index":"index","follow":"follow","max-snippet":"max-snippet:-1","max-image-preview":"max-image-preview:large","max-video-preview":"max-video-preview:-1"},"canonical":"https:\/\/www.vdhurk.nl\/fr\/volkswagen-commercial-vehicles\/mercedes-4\/","og_locale":"fr_FR","og_type":"article","og_title":"Ontdek alles over de Volkswagen Caddy occasion","og_description":"Op zoek naar een betrouwbare Volkswagen Caddy occasion? Bekijk dan alle mogelijkheden binnen ons aanbod en vind de perfecte bedrijfswagen.","og_url":"https:\/\/www.vdhurk.nl\/fr\/volkswagen-commercial-vehicles\/mercedes-4\/","og_site_name":"Van den Hurk Bedrijfswagens","article_modified_time":"2024-07-08T12:22:13+00:00","twitter_card":"summary_large_image","twitter_misc":{"Dur\u00e9e de lecture estim\u00e9e":"6 minutes"},"schema":{"@context":"https:\/\/schema.org","@graph":[{"@type":"WebPage","@id":"https:\/\/www.vdhurk.nl\/volkswagen-bedrijfswagens\/caddy\/","url":"https:\/\/www.vdhurk.nl\/volkswagen-bedrijfswagens\/caddy\/","name":"Tout savoir sur la Volkswagen Caddy occasion","isPartOf":{"@id":"https:\/\/www.vdhurk.nl\/#website"},"datePublished":"2024-07-08T11:58:13+00:00","dateModified":"2024-07-08T12:22:13+00:00","description":"Vous cherchez une voiture d'occasion Volkswagen Caddy fiable ? Jetez un coup d'\u0153il \u00e0 toutes les options de notre gamme et trouvez le v\u00e9hicule commercial id\u00e9al.","breadcrumb":{"@id":"https:\/\/www.vdhurk.nl\/volkswagen-bedrijfswagens\/caddy\/#breadcrumb"},"inLanguage":"fr-FR","potentialAction":[{"@type":"ReadAction","target":["https:\/\/www.vdhurk.nl\/volkswagen-bedrijfswagens\/caddy\/"]}]},{"@type":"BreadcrumbList","@id":"https:\/\/www.vdhurk.nl\/volkswagen-bedrijfswagens\/caddy\/#breadcrumb","itemListElement":[{"@type":"ListItem","position":1,"name":"Home","item":"https:\/\/www.vdhurk.nl\/home\/"},{"@type":"ListItem","position":2,"name":"Volkswagen Bedrijfswagens","item":"https:\/\/www.vdhurk.nl\/volkswagen-bedrijfswagens\/"},{"@type":"ListItem","position":3,"name":"Volkswagen Caddy"}]},{"@type":"WebSite","@id":"https:\/\/www.vdhurk.nl\/#website","url":"https:\/\/www.vdhurk.nl\/","name":"V\u00e9hicules utilitaires Van den Hurk","description":"V\u00e9hicules utilitaires Van den Hurk Helmond","potentialAction":[{"@type":"SearchAction","target":{"@type":"EntryPoint","urlTemplate":"https:\/\/www.vdhurk.nl\/?s={search_term_string}"},"query-input":{"@type":"PropertyValueSpecification","valueRequired":true,"valueName":"search_term_string"}}],"inLanguage":"fr-FR"}]}},"_links":{"self":[{"href":"https:\/\/www.vdhurk.nl\/fr\/wp-json\/wp\/v2\/pages\/393610","targetHints":{"allow":["GET"]}}],"collection":[{"href":"https:\/\/www.vdhurk.nl\/fr\/wp-json\/wp\/v2\/pages"}],"about":[{"href":"https:\/\/www.vdhurk.nl\/fr\/wp-json\/wp\/v2\/types\/page"}],"author":[{"embeddable":true,"href":"https:\/\/www.vdhurk.nl\/fr\/wp-json\/wp\/v2\/users\/3"}],"replies":[{"embeddable":true,"href":"https:\/\/www.vdhurk.nl\/fr\/wp-json\/wp\/v2\/comments?post=393610"}],"version-history":[{"count":5,"href":"https:\/\/www.vdhurk.nl\/fr\/wp-json\/wp\/v2\/pages\/393610\/revisions"}],"predecessor-version":[{"id":393650,"href":"https:\/\/www.vdhurk.nl\/fr\/wp-json\/wp\/v2\/pages\/393610\/revisions\/393650"}],"up":[{"embeddable":true,"href":"https:\/\/www.vdhurk.nl\/fr\/wp-json\/wp\/v2\/pages\/372079"}],"wp:attachment":[{"href":"https:\/\/www.vdhurk.nl\/fr\/wp-json\/wp\/v2\/media?parent=393610"}],"curies":[{"name":"wp","href":"https:\/\/api.w.org\/{rel}","templated":true}]}}