{"id":393278,"date":"2024-07-05T10:23:05","date_gmt":"2024-07-05T08:23:05","guid":{"rendered":"https:\/\/www.vdhurk.nl\/?page_id=393278"},"modified":"2024-07-08T14:20:17","modified_gmt":"2024-07-08T12:20:17","slug":"mercedes-20","status":"publish","type":"page","link":"https:\/\/www.vdhurk.nl\/fr\/mercedes-bedrijfswagens\/vito\/","title":{"rendered":"Mercedes Vito"},"content":{"rendered":"<section  class='av_textblock_section av-lu8gnh7d-4ac895489941e586c1d7c8cb72318135'  itemscope=\"itemscope\" itemtype=\"https:\/\/schema.org\/CreativeWork\" ><div class='avia_textblock'  itemprop=\"text\" ><h1>Tout ce que vous voulez savoir sur le Mercedes Benz Vito \u00e0 l'occasion<\/h1>\n<p>Le Mercedes Vito occasion est un v\u00e9hicule utilitaire polyvalent qui est appr\u00e9ci\u00e9 des chefs d'entreprise depuis de nombreuses ann\u00e9es. Ce mod\u00e8le offre de nombreuses caract\u00e9ristiques pratiques et est con\u00e7u pour r\u00e9pondre aux besoins des entreprises. Gr\u00e2ce \u00e0 diverses technologies de pointe, ce mod\u00e8le reste un investissement pr\u00e9cieux, m\u00eame en tant que v\u00e9hicule d'occasion.<\/p>\n<\/div><\/section>\n\n<style type=\"text\/css\" data-created_by=\"avia_inline_auto\" id=\"style-css-av-lujjddpd-afa3d7a9eabd61123e643ed1228e781e\">\n#top .hr.hr-invisible.av-lujjddpd-afa3d7a9eabd61123e643ed1228e781e{\nheight:50px;\n}\n<\/style>\n<div  class='hr av-lujjddpd-afa3d7a9eabd61123e643ed1228e781e hr-invisible  avia-builder-el-1  el_after_av_textblock  el_before_av_codeblock'><span class='hr-inner'><span class=\"hr-inner-style\"><\/span><\/span><\/div>\n\n\n<style type=\"text\/css\" data-created_by=\"avia_inline_auto\" id=\"style-css-av-ah0xd-63338d9dc6b40410e22a712829c369d6\">\n#top .hr.hr-invisible.av-ah0xd-63338d9dc6b40410e22a712829c369d6{\nheight:50px;\n}\n<\/style>\n<div  class='hr av-ah0xd-63338d9dc6b40410e22a712829c369d6 hr-invisible  avia-builder-el-3  el_after_av_codeblock  el_before_av_buttonrow'><span class='hr-inner'><span class=\"hr-inner-style\"><\/span><\/span><\/div>\n<div  class='avia-buttonrow-wrap av-lycy2l1u-efac69e9f010a0319d432a3a571c80d4 avia-buttonrow-center  avia-builder-el-4  el_after_av_hr  el_before_av_hr'>\n\n<style type=\"text\/css\" data-created_by=\"avia_inline_auto\" id=\"style-css-av-lycy2co6-74b47d0012f7523fa8b311cf9f8637f3\">\n#top #wrap_all .avia-button.av-lycy2co6-74b47d0012f7523fa8b311cf9f8637f3{\nmargin-bottom:5px;\nmargin-right:3px;\nmargin-left:3px;\n}\n<\/style>\n<a href='https:\/\/www.vdhurk.nl\/fr\/vehicules-commerciaux\/#HYxBDoAgDAT_0rP6AD5jBPZQBUsKkqjx71ZPm5lk9qYM3ch9ExBRR4_9ooGyRCTznZsYikaoP00U5bVO3SqR8sNcFm0cjsRQZxeBnhc'  class='avia-button av-lycy2co6-74b47d0012f7523fa8b311cf9f8637f3 avia-icon_select-yes-right-icon avia-size-x-large avia-color-theme-color'  ><span class='avia_iconbox_title' >Curieux de conna\u00eetre la gamme compl\u00e8te des v\u00e9hicules utilitaires Mercedes Vito ? N'h\u00e9sitez pas \u00e0 y jeter un coup d'\u0153il !<\/span><span class='avia_button_icon avia_button_icon_right' aria-hidden='true' data-av_icon='\ue871' data-av_iconfont='entypo-fontello'><\/span><\/a>\n<\/div>\n\n<style type=\"text\/css\" data-created_by=\"avia_inline_auto\" id=\"style-css-av-av_hr-3a876428eececa9d35452247ddb053af\">\n#top .hr.hr-invisible.av-av_hr-3a876428eececa9d35452247ddb053af{\nheight:50px;\n}\n<\/style>\n<div  class='hr av-av_hr-3a876428eececa9d35452247ddb053af hr-invisible  avia-builder-el-5  el_after_av_buttonrow  el_before_av_textblock'><span class='hr-inner'><span class=\"hr-inner-style\"><\/span><\/span><\/div>\n<section  class='av_textblock_section av-lu8gow1e-300853e458ed741bd87d6cb78e55cc7a'  itemscope=\"itemscope\" itemtype=\"https:\/\/schema.org\/CreativeWork\" ><div class='avia_textblock'  itemprop=\"text\" ><h2>5 raisons qui expliquent la popularit\u00e9 de ce mod\u00e8le<\/h2>\n<p>Le Mercedes Vito se distingue sur le march\u00e9 des v\u00e9hicules utilitaires par un certain nombre d'avantages :<\/p>\n<ul>\n<li><strong>Fiabilit\u00e9 de la marque<\/strong>Mercedes est r\u00e9put\u00e9e pour sa fiabilit\u00e9 et sa qualit\u00e9 de construction.<\/li>\n<li><strong>Qualit\u00e9 de construction<\/strong>Le Vito est con\u00e7u pour une utilisation intensive. Cela garantit une longue dur\u00e9e de vie et des co\u00fbts d'entretien r\u00e9duits \u00e0 long terme.<\/li>\n<li><strong>Confort<\/strong>Le mod\u00e8le est \u00e9quip\u00e9 de si\u00e8ges confortables et d'une suspension sophistiqu\u00e9e. En outre, l'habitacle convivial a \u00e9t\u00e9 con\u00e7u dans un souci d'ergonomie. Les longs trajets sont ainsi moins fatigants.<\/li>\n<li><strong>Polyvalence<\/strong>Le Vito est disponible en plusieurs configurations. Diverses options et accessoires sont disponibles pour adapter enti\u00e8rement le v\u00e9hicule utilitaire aux besoins de votre entreprise. Il s'agit notamment de l'am\u00e9nagement de l'espace de chargement et des options technologiques telles que les syst\u00e8mes d'aide \u00e0 la conduite et les syst\u00e8mes de s\u00e9curit\u00e9.<\/li>\n<li><strong>Excellents dispositifs de s\u00e9curit\u00e9<\/strong>S\u00e9curit\u00e9 : Ce mod\u00e8le est dot\u00e9 de syst\u00e8mes de s\u00e9curit\u00e9 avanc\u00e9s. Il s'agit notamment de l'assistance active au freinage, de l'avertisseur d'angle mort et de la reconnaissance de la fatigue. Tous ces \u00e9l\u00e9ments contribuent \u00e0 la s\u00e9curit\u00e9 du conducteur et des passagers.<\/li>\n<\/ul>\n<p><strong>Les avantages d'un mod\u00e8le d'occasion par rapport \u00e0 un v\u00e9hicule utilitaire neuf<\/strong><br \/>\nSi vous optez pour une Mercedes Vito d'occasion, vous b\u00e9n\u00e9ficierez d'un certain nombre d'avantages :<\/p>\n<ul>\n<li><strong>\u00c9conomies de co\u00fbts<\/strong>Les v\u00e9hicules utilitaires : Les v\u00e9hicules utilitaires d'occasion sont nettement moins chers que si vous optez pour un mod\u00e8le neuf.<\/li>\n<li><strong>Moins affect\u00e9s par la perte de valeur<\/strong>: Les v\u00e9hicules utilitaires neufs perdent plus rapidement leur valeur. Avec un mod\u00e8le d'occasion, cette perte a d\u00e9j\u00e0 \u00e9t\u00e9 largement absorb\u00e9e. La d\u00e9pr\u00e9ciation est donc plus lente.<\/li>\n<li><strong>Fiable<\/strong>Nos v\u00e9hicules commerciaux sont bien entretenus et fonctionnent correctement bien qu'il s'agisse de mod\u00e8les d'occasion.<\/li>\n<\/ul>\n<\/div><\/section>\n<div class='flex_column av-f64w1-da126f42b61613402309283c14245a25 av_one_half  avia-builder-el-7  el_after_av_textblock  el_before_av_one_third  first flex_column_div column-top-margin'   ><section  class='av_textblock_section av-lu8gpqre-73cc2c17e6a6497ba6e1b58af22bd9e8'  itemscope=\"itemscope\" itemtype=\"https:\/\/schema.org\/CreativeWork\" ><div class='avia_textblock'  itemprop=\"text\" ><h2>Achat d'une Mercedes Vito : quels sont les \u00e9l\u00e9ments \u00e0 prendre en compte ?<\/h2>\n<p>L'achat d'une Mercedes Vito d'occasion est un investissement judicieux pour les entrepreneurs. Vous envisagez d'acheter ce mod\u00e8le ? Dans ce cas, il est judicieux de prendre en compte certains aspects. R\u00e9fl\u00e9chissez par exemple \u00e0 l'usage que vous souhaitez faire de votre voiture de soci\u00e9t\u00e9. Utiliserez-vous le Vito pour transporter des marchandises, des personnes ou une combinaison des deux ? En outre, il est judicieux d'examiner toutes les possibilit\u00e9s de financement. Est-il plus avantageux d'acheter le Vito ou est-il plus judicieux d'opter pour un leasing ? Si vous souhaitez acheter le v\u00e9hicule, il est judicieux de r\u00e9fl\u00e9chir \u00e9galement \u00e0 une assurance appropri\u00e9e, par exemple.<\/p>\n<\/div><\/section><\/div>\n<div class='flex_column av-aldk9-ee694297f5c4032981677a02caab84d6 av_one_third  avia-builder-el-9  el_after_av_one_half  el_before_av_hr  flex_column_div column-top-margin'   ><style type=\"text\/css\" data-created_by=\"avia_inline_auto\" id=\"style-css-av-l1w9kpsf-4ec3fab772ec7a9adaa33cfc64ff0475\">\n.avia-image-container.av-l1w9kpsf-4ec3fab772ec7a9adaa33cfc64ff0475 .av-image-caption-overlay-center{\ncolor:#ffffff;\n}\n<\/style>\n<div  class='avia-image-container av-l1w9kpsf-4ec3fab772ec7a9adaa33cfc64ff0475 av-styling- avia-align-center  avia-builder-el-10  avia-builder-el-no-sibling'  itemprop=\"image\" itemscope=\"itemscope\" itemtype=\"https:\/\/schema.org\/ImageObject\" ><div class=\"avia-image-container-inner\"><div class=\"avia-image-overlay-wrap\"><img decoding=\"async\" class='wp-image-187 avia-img-lazy-loading-not-187 avia_image' src=\"https:\/\/www.vdhurk.nl\/wp-content\/uploads\/2022\/03\/Voorrad.png\" alt='' title='Stock'  height=\"758\" width=\"1135\"  itemprop=\"thumbnailUrl\" srcset=\"https:\/\/www.vdhurk.nl\/wp-content\/uploads\/2022\/03\/Voorrad.png 1135w, https:\/\/www.vdhurk.nl\/wp-content\/uploads\/2022\/03\/Voorrad-300x200.png 300w, https:\/\/www.vdhurk.nl\/wp-content\/uploads\/2022\/03\/Voorrad-1030x688.png 1030w, https:\/\/www.vdhurk.nl\/wp-content\/uploads\/2022\/03\/Voorrad-768x513.png 768w, https:\/\/www.vdhurk.nl\/wp-content\/uploads\/2022\/03\/Voorrad-18x12.png 18w, https:\/\/www.vdhurk.nl\/wp-content\/uploads\/2022\/03\/Voorrad-705x471.png 705w\" sizes=\"(max-width: 1135px) 100vw, 1135px\" \/><\/div><\/div><\/div><\/div>\n\n<style type=\"text\/css\" data-created_by=\"avia_inline_auto\" id=\"style-css-av-luqrjpjc-5a23a1fb5f94718ca85316a9df963e2f\">\n#top .hr.hr-invisible.av-luqrjpjc-5a23a1fb5f94718ca85316a9df963e2f{\nheight:50px;\n}\n<\/style>\n<div  class='hr av-luqrjpjc-5a23a1fb5f94718ca85316a9df963e2f hr-invisible  avia-builder-el-11  el_after_av_one_third  el_before_av_textblock'><span class='hr-inner'><span class=\"hr-inner-style\"><\/span><\/span><\/div>\n<section  class='av_textblock_section av-lu8gtjw7-4f3cee9304909518d86d2860d9d582dd'  itemscope=\"itemscope\" itemtype=\"https:\/\/schema.org\/CreativeWork\" ><div class='avia_textblock'  itemprop=\"text\" ><h2>Leasing d'une Mercedes Vito : quels sont les avantages ?<\/h2>\n<p>Avant d'acheter une voiture de soci\u00e9t\u00e9, il est bon de r\u00e9fl\u00e9chir au choix le plus avantageux pour vous. Chez Van den Hurk, vous pouvez \u00e9galement opter pour un leasing financier. L'avantage est que vous avez des mensualit\u00e9s pr\u00e9visibles, sans d\u00e9penser beaucoup d'argent en une seule fois. En outre, vous subissez moins de d\u00e9pr\u00e9ciation. En d\u00e9finitive, le leasing d'un v\u00e9hicule de soci\u00e9t\u00e9 pr\u00e9sente de nombreux avantages. Vous voulez en savoir plus ? Lisez tout sur <a href=\"https:\/\/www.vdhurk.nl\/fr\/location-financiere\/\">location financi\u00e8re<\/a>.<\/p>\n<h2>En tant que concessionnaire ind\u00e9pendant, nous proposons diff\u00e9rents mod\u00e8les<\/h2>\n<p>Dans notre gamme, vous trouverez diff\u00e9rentes versions du Mercedes Vito. Par exemple, les mod\u00e8les peuvent diff\u00e9rer en termes d'ann\u00e9e de construction et de prix. Les caract\u00e9ristiques de chaque fourgon sont \u00e9galement diff\u00e9rentes. Les diff\u00e9rentes options permettent de d\u00e9terminer facilement o\u00f9 se situent vos besoins. Tous nos mod\u00e8les Vito sont automatiques.<\/p>\n<h2>D\u00e9couvrez les diff\u00e9rentes possibilit\u00e9s<\/h2>\n<p>Chez Van den Hurk, nous comprenons que chaque entrepreneur a des besoins uniques en mati\u00e8re de v\u00e9hicules utilitaires. C'est pourquoi nous proposons diff\u00e9rentes options. Chaque v\u00e9hicule utilitaire est \u00e9quip\u00e9 de dispositifs de s\u00e9curit\u00e9 avanc\u00e9s. Toutes nos voitures de soci\u00e9t\u00e9 sont soigneusement s\u00e9lectionn\u00e9es et bien entretenues. Vous pouvez donc compter sur un v\u00e9hicule utilitaire fiable et durable. Explorez l'ensemble de la gamme et trouvez le mod\u00e8le qui r\u00e9pond parfaitement aux besoins de votre entreprise.<\/p>\n<\/div><\/section>","protected":false},"excerpt":{"rendered":"","protected":false},"author":3,"featured_media":0,"parent":370573,"menu_order":0,"comment_status":"closed","ping_status":"closed","template":"","meta":{"_acf_changed":false,"_improvement_type_select":"improve_an_existing","_thumb_yes_seoaic":false,"_frame_yes_seoaic":false,"seoaic_generate_description":"","seoaic_improve_instructions_prompt":"","seoaic_rollback_content_improvement":"","seoaic_idea_thumbnail_generator":"","thumbnail_generated":false,"thumbnail_generate_prompt":"","seoaic_article_description":"","footnotes":""},"class_list":["post-393278","page","type-page","status-publish","hentry"],"acf":[],"yoast_head":"<!-- This site is optimized with the Yoast SEO plugin v27.5 - https:\/\/yoast.com\/product\/yoast-seo-wordpress\/ -->\n<title>Vind de perfecte Mercedes Vito occasion voor jouw behoeften<\/title>\n<meta name=\"description\" content=\"Op zoek naar een goed werkende Mercedes Vito occasion? Deze vind je gegarandeerd binnen ons aanbod. Bekijk de mogelijkheden.\" \/>\n<meta name=\"robots\" content=\"index, follow, max-snippet:-1, max-image-preview:large, max-video-preview:-1\" \/>\n<link rel=\"canonical\" href=\"https:\/\/www.vdhurk.nl\/fr\/mercedes-9\/mercedes-20\/\" \/>\n<meta property=\"og:locale\" content=\"fr_FR\" \/>\n<meta property=\"og:type\" content=\"article\" \/>\n<meta property=\"og:title\" content=\"Vind de perfecte Mercedes Vito occasion voor jouw behoeften\" \/>\n<meta property=\"og:description\" content=\"Op zoek naar een goed werkende Mercedes Vito occasion? Deze vind je gegarandeerd binnen ons aanbod. Bekijk de mogelijkheden.\" \/>\n<meta property=\"og:url\" content=\"https:\/\/www.vdhurk.nl\/fr\/mercedes-9\/mercedes-20\/\" \/>\n<meta property=\"og:site_name\" content=\"Van den Hurk Bedrijfswagens\" \/>\n<meta property=\"article:modified_time\" content=\"2024-07-08T12:20:17+00:00\" \/>\n<meta name=\"twitter:card\" content=\"summary_large_image\" \/>\n<meta name=\"twitter:label1\" content=\"Dur\u00e9e de lecture estim\u00e9e\" \/>\n\t<meta name=\"twitter:data1\" content=\"5 minutes\" \/>\n<script type=\"application\/ld+json\" class=\"yoast-schema-graph\">{\"@context\":\"https:\\\/\\\/schema.org\",\"@graph\":[{\"@type\":\"WebPage\",\"@id\":\"https:\\\/\\\/www.vdhurk.nl\\\/mercedes-bedrijfswagens\\\/vito\\\/\",\"url\":\"https:\\\/\\\/www.vdhurk.nl\\\/mercedes-bedrijfswagens\\\/vito\\\/\",\"name\":\"Vind de perfecte Mercedes Vito occasion voor jouw behoeften\",\"isPartOf\":{\"@id\":\"https:\\\/\\\/www.vdhurk.nl\\\/#website\"},\"datePublished\":\"2024-07-05T08:23:05+00:00\",\"dateModified\":\"2024-07-08T12:20:17+00:00\",\"description\":\"Op zoek naar een goed werkende Mercedes Vito occasion? Deze vind je gegarandeerd binnen ons aanbod. Bekijk de mogelijkheden.\",\"breadcrumb\":{\"@id\":\"https:\\\/\\\/www.vdhurk.nl\\\/mercedes-bedrijfswagens\\\/vito\\\/#breadcrumb\"},\"inLanguage\":\"fr-FR\",\"potentialAction\":[{\"@type\":\"ReadAction\",\"target\":[\"https:\\\/\\\/www.vdhurk.nl\\\/mercedes-bedrijfswagens\\\/vito\\\/\"]}]},{\"@type\":\"BreadcrumbList\",\"@id\":\"https:\\\/\\\/www.vdhurk.nl\\\/mercedes-bedrijfswagens\\\/vito\\\/#breadcrumb\",\"itemListElement\":[{\"@type\":\"ListItem\",\"position\":1,\"name\":\"Home\",\"item\":\"https:\\\/\\\/www.vdhurk.nl\\\/home\\\/\"},{\"@type\":\"ListItem\",\"position\":2,\"name\":\"Mercedes Bedrijfswagens\",\"item\":\"https:\\\/\\\/www.vdhurk.nl\\\/mercedes-bedrijfswagens\\\/\"},{\"@type\":\"ListItem\",\"position\":3,\"name\":\"Mercedes Vito\"}]},{\"@type\":\"WebSite\",\"@id\":\"https:\\\/\\\/www.vdhurk.nl\\\/#website\",\"url\":\"https:\\\/\\\/www.vdhurk.nl\\\/\",\"name\":\"Van den Hurk Bedrijfswagens\",\"description\":\"Van den Hurk bedrijfswagens Helmond\",\"potentialAction\":[{\"@type\":\"SearchAction\",\"target\":{\"@type\":\"EntryPoint\",\"urlTemplate\":\"https:\\\/\\\/www.vdhurk.nl\\\/?s={search_term_string}\"},\"query-input\":{\"@type\":\"PropertyValueSpecification\",\"valueRequired\":true,\"valueName\":\"search_term_string\"}}],\"inLanguage\":\"fr-FR\"}]}<\/script>\n<!-- \/ Yoast SEO plugin. -->","yoast_head_json":{"title":"Trouvez la voiture d'occasion Mercedes Vito id\u00e9ale pour vos besoins","description":"Vous \u00eates \u00e0 la recherche d'une Mercedes Vito en bon \u00e9tat de marche ? Vous en trouverez certainement une dans notre gamme. Consultez les options.","robots":{"index":"index","follow":"follow","max-snippet":"max-snippet:-1","max-image-preview":"max-image-preview:large","max-video-preview":"max-video-preview:-1"},"canonical":"https:\/\/www.vdhurk.nl\/fr\/mercedes-9\/mercedes-20\/","og_locale":"fr_FR","og_type":"article","og_title":"Vind de perfecte Mercedes Vito occasion voor jouw behoeften","og_description":"Op zoek naar een goed werkende Mercedes Vito occasion? Deze vind je gegarandeerd binnen ons aanbod. Bekijk de mogelijkheden.","og_url":"https:\/\/www.vdhurk.nl\/fr\/mercedes-9\/mercedes-20\/","og_site_name":"Van den Hurk Bedrijfswagens","article_modified_time":"2024-07-08T12:20:17+00:00","twitter_card":"summary_large_image","twitter_misc":{"Dur\u00e9e de lecture estim\u00e9e":"5 minutes"},"schema":{"@context":"https:\/\/schema.org","@graph":[{"@type":"WebPage","@id":"https:\/\/www.vdhurk.nl\/mercedes-bedrijfswagens\/vito\/","url":"https:\/\/www.vdhurk.nl\/mercedes-bedrijfswagens\/vito\/","name":"Trouvez la voiture d'occasion Mercedes Vito id\u00e9ale pour vos besoins","isPartOf":{"@id":"https:\/\/www.vdhurk.nl\/#website"},"datePublished":"2024-07-05T08:23:05+00:00","dateModified":"2024-07-08T12:20:17+00:00","description":"Vous \u00eates \u00e0 la recherche d'une Mercedes Vito en bon \u00e9tat de marche ? Vous en trouverez certainement une dans notre gamme. Consultez les options.","breadcrumb":{"@id":"https:\/\/www.vdhurk.nl\/mercedes-bedrijfswagens\/vito\/#breadcrumb"},"inLanguage":"fr-FR","potentialAction":[{"@type":"ReadAction","target":["https:\/\/www.vdhurk.nl\/mercedes-bedrijfswagens\/vito\/"]}]},{"@type":"BreadcrumbList","@id":"https:\/\/www.vdhurk.nl\/mercedes-bedrijfswagens\/vito\/#breadcrumb","itemListElement":[{"@type":"ListItem","position":1,"name":"Home","item":"https:\/\/www.vdhurk.nl\/home\/"},{"@type":"ListItem","position":2,"name":"Mercedes Bedrijfswagens","item":"https:\/\/www.vdhurk.nl\/mercedes-bedrijfswagens\/"},{"@type":"ListItem","position":3,"name":"Mercedes Vito"}]},{"@type":"WebSite","@id":"https:\/\/www.vdhurk.nl\/#website","url":"https:\/\/www.vdhurk.nl\/","name":"V\u00e9hicules utilitaires Van den Hurk","description":"V\u00e9hicules utilitaires Van den Hurk Helmond","potentialAction":[{"@type":"SearchAction","target":{"@type":"EntryPoint","urlTemplate":"https:\/\/www.vdhurk.nl\/?s={search_term_string}"},"query-input":{"@type":"PropertyValueSpecification","valueRequired":true,"valueName":"search_term_string"}}],"inLanguage":"fr-FR"}]}},"_links":{"self":[{"href":"https:\/\/www.vdhurk.nl\/fr\/wp-json\/wp\/v2\/pages\/393278","targetHints":{"allow":["GET"]}}],"collection":[{"href":"https:\/\/www.vdhurk.nl\/fr\/wp-json\/wp\/v2\/pages"}],"about":[{"href":"https:\/\/www.vdhurk.nl\/fr\/wp-json\/wp\/v2\/types\/page"}],"author":[{"embeddable":true,"href":"https:\/\/www.vdhurk.nl\/fr\/wp-json\/wp\/v2\/users\/3"}],"replies":[{"embeddable":true,"href":"https:\/\/www.vdhurk.nl\/fr\/wp-json\/wp\/v2\/comments?post=393278"}],"version-history":[{"count":6,"href":"https:\/\/www.vdhurk.nl\/fr\/wp-json\/wp\/v2\/pages\/393278\/revisions"}],"predecessor-version":[{"id":393648,"href":"https:\/\/www.vdhurk.nl\/fr\/wp-json\/wp\/v2\/pages\/393278\/revisions\/393648"}],"up":[{"embeddable":true,"href":"https:\/\/www.vdhurk.nl\/fr\/wp-json\/wp\/v2\/pages\/370573"}],"wp:attachment":[{"href":"https:\/\/www.vdhurk.nl\/fr\/wp-json\/wp\/v2\/media?parent=393278"}],"curies":[{"name":"wp","href":"https:\/\/api.w.org\/{rel}","templated":true}]}}