{"id":393273,"date":"2024-07-05T10:13:32","date_gmt":"2024-07-05T08:13:32","guid":{"rendered":"https:\/\/www.vdhurk.nl\/?page_id=393273"},"modified":"2024-07-08T13:59:27","modified_gmt":"2024-07-08T11:59:27","slug":"sprinter","status":"publish","type":"page","link":"https:\/\/www.vdhurk.nl\/fr\/mercedes-bedrijfswagens\/sprinter\/","title":{"rendered":"Mercedes Sprinter"},"content":{"rendered":"<section  class='av_textblock_section av-lu8gnh7d-4ac895489941e586c1d7c8cb72318135'  itemscope=\"itemscope\" itemtype=\"https:\/\/schema.org\/CreativeWork\" ><div class='avia_textblock'  itemprop=\"text\" ><h1>D\u00e9couvrez le Mercedes Sprinter Occasion : toutes les informations en un coup d'\u0153il<\/h1>\n<p>Le Mercedes Sprinter Occasion est l'un des v\u00e9hicules utilitaires les plus appr\u00e9ci\u00e9s. Fourgon polyvalent et robuste, ce mod\u00e8le offre une excellente combinaison entre fiabilit\u00e9 et confort. Ce mod\u00e8le offre un certain nombre de configurations et d'options pour r\u00e9pondre aux diff\u00e9rents besoins des entreprises. Cela en fait un choix populaire parmi les entrepreneurs et les entreprises.<\/p>\n<\/div><\/section>\n\n<style type=\"text\/css\" data-created_by=\"avia_inline_auto\" id=\"style-css-av-lujjddpd-afa3d7a9eabd61123e643ed1228e781e\">\n#top .hr.hr-invisible.av-lujjddpd-afa3d7a9eabd61123e643ed1228e781e{\nheight:50px;\n}\n<\/style>\n<div  class='hr av-lujjddpd-afa3d7a9eabd61123e643ed1228e781e hr-invisible  avia-builder-el-1  el_after_av_textblock  el_before_av_codeblock'><span class='hr-inner'><span class=\"hr-inner-style\"><\/span><\/span><\/div>\n\n\n<style type=\"text\/css\" data-created_by=\"avia_inline_auto\" id=\"style-css-av-ah0xd-63338d9dc6b40410e22a712829c369d6\">\n#top .hr.hr-invisible.av-ah0xd-63338d9dc6b40410e22a712829c369d6{\nheight:50px;\n}\n<\/style>\n<div  class='hr av-ah0xd-63338d9dc6b40410e22a712829c369d6 hr-invisible  avia-builder-el-3  el_after_av_codeblock  el_before_av_buttonrow'><span class='hr-inner'><span class=\"hr-inner-style\"><\/span><\/span><\/div>\n<div  class='avia-buttonrow-wrap av-lujhssae-cff7d852879371e1ec58a3b104a5d229 avia-buttonrow-center  avia-builder-el-4  el_after_av_hr  el_before_av_hr'>\n\n<style type=\"text\/css\" data-created_by=\"avia_inline_auto\" id=\"style-css-av-lujhtay0-e0560ea0389c79562e2aeefc622558fd\">\n#top #wrap_all .avia-button.av-lujhtay0-e0560ea0389c79562e2aeefc622558fd{\nmargin-bottom:5px;\nmargin-right:3px;\nmargin-left:3px;\n}\n<\/style>\n<a href='https:\/\/www.vdhurk.nl\/fr\/vehicules-commerciaux\/#HcxRDoAgDAPQu-xbPQCXMTL6gQIjA03UeHenX01f0t6UoRu5LxgBbfQoFw2UJSCZt6qxdKiRaID609BsbdNhS5H6l7ku2iPvKUKd3TA9Lw'  class='avia-button av-lujhtay0-e0560ea0389c79562e2aeefc622558fd avia-icon_select-yes-right-icon avia-size-x-large avia-color-theme-color'  ><span class='avia_iconbox_title' >Curieux de d\u00e9couvrir la gamme compl\u00e8te des v\u00e9hicules utilitaires Mercedes Sprinter ? N'h\u00e9sitez pas \u00e0 y jeter un coup d'\u0153il !<\/span><span class='avia_button_icon avia_button_icon_right' aria-hidden='true' data-av_icon='\ue871' data-av_iconfont='entypo-fontello'><\/span><\/a>\n<\/div>\n\n<style type=\"text\/css\" data-created_by=\"avia_inline_auto\" id=\"style-css-av-o1d5-cf77288da24053faf1b6ffbefcfc6222\">\n#top .hr.hr-invisible.av-o1d5-cf77288da24053faf1b6ffbefcfc6222{\nheight:50px;\n}\n<\/style>\n<div  class='hr av-o1d5-cf77288da24053faf1b6ffbefcfc6222 hr-invisible  avia-builder-el-5  el_after_av_buttonrow  el_before_av_textblock'><span class='hr-inner'><span class=\"hr-inner-style\"><\/span><\/span><\/div>\n<section  class='av_textblock_section av-lu8gow1e-300853e458ed741bd87d6cb78e55cc7a'  itemscope=\"itemscope\" itemtype=\"https:\/\/schema.org\/CreativeWork\" ><div class='avia_textblock'  itemprop=\"text\" ><h2>5 caract\u00e9ristiques qui rendent le Mercedes Sprinter unique<\/h2>\n<p>Ce mod\u00e8le se distingue des autres v\u00e9hicules commerciaux par les caract\u00e9ristiques suivantes :<\/p>\n<ul>\n<li><strong>Fiabilit\u00e9<\/strong>Le Sprinter : Mercedes-Benz est connu pour sa qualit\u00e9 et sa fiabilit\u00e9. Le Sprinter ne fait pas exception \u00e0 la r\u00e8gle. Ce v\u00e9hicule utilitaire est con\u00e7u pour r\u00e9sister \u00e0 des ann\u00e9es d'utilisation intensive.<\/li>\n<li><strong>Polyvalence<\/strong>Le Sprinter : Le Sprinter offre de nombreuses configurations et options de personnalisation. Ce mod\u00e8le convient donc \u00e0 diverses applications commerciales : du transport de marchandises au transport de passagers.<\/li>\n<li><strong>Confort<\/strong>L'habitacle du Sprinter est con\u00e7u dans un souci de confort et de facilit\u00e9 d'utilisation. Par exemple, le v\u00e9hicule utilitaire est \u00e9quip\u00e9 de si\u00e8ges ergonomiques, ce qui rend les longs trajets agr\u00e9ables.<\/li>\n<li><strong>Efficacit\u00e9<\/strong>Le moteur : Gr\u00e2ce \u00e0 des moteurs puissants et \u00e9conomiques, ce mod\u00e8le offre d'excellentes performances sans compromettre l'efficacit\u00e9 \u00e9nerg\u00e9tique.<br \/>\nLa combinaison de ces facteurs fait de ce mod\u00e8le un choix populaire pour les entreprises \u00e0 la recherche de v\u00e9hicules performants.<\/li>\n<\/ul>\n<\/div><\/section>\n<div class='flex_column av-f64w1-da126f42b61613402309283c14245a25 av_one_half  avia-builder-el-7  el_after_av_textblock  el_before_av_one_third  first flex_column_div column-top-margin'   ><section  class='av_textblock_section av-lu8gpqre-73cc2c17e6a6497ba6e1b58af22bd9e8'  itemscope=\"itemscope\" itemtype=\"https:\/\/schema.org\/CreativeWork\" ><div class='avia_textblock'  itemprop=\"text\" ><h2>Comparaison entre les v\u00e9hicules de soci\u00e9t\u00e9 d'occasion et les nouveaux mod\u00e8les<\/h2>\n<p>Le choix entre un v\u00e9hicule utilitaire d'occasion et un mod\u00e8le neuf est souvent d\u00e9licat. Quel est le choix le plus avantageux pour vous ? Cela d\u00e9pend d'un certain nombre de facteurs. Un mod\u00e8le neuf se d\u00e9pr\u00e9cie moins qu'un mod\u00e8le d'occasion, surtout \u00e0 long terme. Toutefois, l'avantage d'un Sprinter d'occasion est que vous le payez souvent moins cher qu'un mod\u00e8le neuf. Quel que soit votre choix, tous nos v\u00e9hicules utilitaires fonctionnent correctement.<\/p>\n<\/div><\/section><\/div><div class='flex_column av-aldk9-ee694297f5c4032981677a02caab84d6 av_one_third  avia-builder-el-9  el_after_av_one_half  el_before_av_hr  flex_column_div column-top-margin'   ><style type=\"text\/css\" data-created_by=\"avia_inline_auto\" id=\"style-css-av-l1w9kpsf-4ec3fab772ec7a9adaa33cfc64ff0475\">\n.avia-image-container.av-l1w9kpsf-4ec3fab772ec7a9adaa33cfc64ff0475 .av-image-caption-overlay-center{\ncolor:#ffffff;\n}\n<\/style>\n<div  class='avia-image-container av-l1w9kpsf-4ec3fab772ec7a9adaa33cfc64ff0475 av-styling- avia-align-center  avia-builder-el-10  avia-builder-el-no-sibling'  itemprop=\"image\" itemscope=\"itemscope\" itemtype=\"https:\/\/schema.org\/ImageObject\" ><div class=\"avia-image-container-inner\"><div class=\"avia-image-overlay-wrap\"><img decoding=\"async\" class='wp-image-187 avia-img-lazy-loading-not-187 avia_image' src=\"https:\/\/www.vdhurk.nl\/wp-content\/uploads\/2022\/03\/Voorrad.png\" alt='' title='Stock'  height=\"758\" width=\"1135\"  itemprop=\"thumbnailUrl\" srcset=\"https:\/\/www.vdhurk.nl\/wp-content\/uploads\/2022\/03\/Voorrad.png 1135w, https:\/\/www.vdhurk.nl\/wp-content\/uploads\/2022\/03\/Voorrad-300x200.png 300w, https:\/\/www.vdhurk.nl\/wp-content\/uploads\/2022\/03\/Voorrad-1030x688.png 1030w, https:\/\/www.vdhurk.nl\/wp-content\/uploads\/2022\/03\/Voorrad-768x513.png 768w, https:\/\/www.vdhurk.nl\/wp-content\/uploads\/2022\/03\/Voorrad-18x12.png 18w, https:\/\/www.vdhurk.nl\/wp-content\/uploads\/2022\/03\/Voorrad-705x471.png 705w\" sizes=\"(max-width: 1135px) 100vw, 1135px\" \/><\/div><\/div><\/div><\/div><\/p>\n\n<style type=\"text\/css\" data-created_by=\"avia_inline_auto\" id=\"style-css-av-luqrjpjc-5a23a1fb5f94718ca85316a9df963e2f\">\n#top .hr.hr-invisible.av-luqrjpjc-5a23a1fb5f94718ca85316a9df963e2f{\nheight:50px;\n}\n<\/style>\n<div  class='hr av-luqrjpjc-5a23a1fb5f94718ca85316a9df963e2f hr-invisible  avia-builder-el-11  el_after_av_one_third  el_before_av_textblock'><span class='hr-inner'><span class=\"hr-inner-style\"><\/span><\/span><\/div>\n<section  class='av_textblock_section av-lu8gtjw7-4f3cee9304909518d86d2860d9d582dd'  itemscope=\"itemscope\" itemtype=\"https:\/\/schema.org\/CreativeWork\" ><div class='avia_textblock'  itemprop=\"text\" ><h2>Diff\u00e9rents mod\u00e8les et versions de Mercedes<\/h2>\n<p>Chez Van den Hurk, nous pensons qu'il est important que chacun y trouve son compte. C'est pourquoi nous proposons diff\u00e9rents mod\u00e8les. Pensez aux mod\u00e8les adapt\u00e9s au transport de personnes ou au transport de marchandises. Vous trouverez \u00e9galement des mod\u00e8les avec un coffre ouvert, un camion \u00e0 caisse et un coffre \u00e0 meubles avec hayon. Le Mercedes Sprinter est \u00e9galement disponible en diff\u00e9rentes versions. Vous pouvez choisir entre la bo\u00eete de vitesses et la bo\u00eete automatique. Il est \u00e9galement possible de choisir entre une traction avant, une traction arri\u00e8re ou une traction int\u00e9grale.<\/p>\n<h2>Acheter un Mercedes Sprinter<\/h2>\n<p>Chez Van den Hurk, nous proposons diff\u00e9rentes options de financement. Vous pouvez par exemple opter pour l'achat d'une voiture de soci\u00e9t\u00e9. L'avantage est que vous en \u00eates le propri\u00e9taire \u00e0 part enti\u00e8re. Cela signifie que vous avez la libert\u00e9 de personnaliser votre voiture de soci\u00e9t\u00e9 comme bon vous semble. L'avantage d'\u00eatre propri\u00e9taire signifie \u00e9galement que vous n'\u00eates pas soumis \u00e0 des restrictions de kilom\u00e9trage, ce dont vous devez \u00eatre conscient lorsque vous louez une voiture de soci\u00e9t\u00e9. Comme il s'agit ici d'un cr\u00e9dit-bail, vous n'\u00eates pas soumis \u00e0 des restrictions de kilom\u00e9trage. En outre, gr\u00e2ce au cr\u00e9dit-bail, vous \u00eates propri\u00e9taire du v\u00e9hicule et pouvez en faire ce que vous voulez. L'inconv\u00e9nient de l'achat est qu'il peut modifier votre flux de tr\u00e9sorerie ou que vous n'aurez plus la possibilit\u00e9 d'investir le reste.<\/p>\n<h2>Leasing d'une Mercedes Sprinter<\/h2>\n<p>Outre l'achat d'une voiture de soci\u00e9t\u00e9 chez nous, vous pouvez \u00e9galement opter pour le leasing. Cette formule est sp\u00e9cialement con\u00e7ue pour les utilisateurs professionnels qui recherchent la s\u00e9curit\u00e9. Si vous optez pour notre <a href=\"https:\/\/www.vdhurk.nl\/fr\/location-financiere\/\">location financi\u00e8re<\/a> vous avez les m\u00eames droits que lorsque vous l'achetez. \u00c0 l'issue de la p\u00e9riode de validit\u00e9, vous \u00eates propri\u00e9taire de la voiture de soci\u00e9t\u00e9.<\/p>\n<h2><b>Profitez de notre alerte stock<\/b><\/h2>\n<p>Nous disposons toujours d'un stock important de v\u00e9hicules utilitaires de diff\u00e9rentes marques. Vous \u00eates \u00e0 la recherche d'un v\u00e9hicule utilitaire Mercedes Sprinter et votre voiture id\u00e9ale n'en fait pas partie ? Cela peut arriver. M\u00eame si nous disposons d'un large choix, il se peut que le v\u00e9hicule utilitaire qui vous convient ne soit pas en stock. Ne vous inqui\u00e9tez pas, vous pouvez nous faire part de vos souhaits par le biais de notre site web. <a href=\"https:\/\/www.vdhurk.nl\/fr\/alerte-boursiere\/\">alerte boursi\u00e8re<\/a>. Notre \u00e9quipe d'acheteurs cherchera alors pour vous le v\u00e9hicule utilitaire parfait pour r\u00e9pondre \u00e0 vos besoins.<\/p>\n<\/div><\/section>","protected":false},"excerpt":{"rendered":"","protected":false},"author":3,"featured_media":0,"parent":370573,"menu_order":0,"comment_status":"closed","ping_status":"closed","template":"","meta":{"_acf_changed":false,"_improvement_type_select":"improve_an_existing","_thumb_yes_seoaic":false,"_frame_yes_seoaic":false,"seoaic_generate_description":"","seoaic_improve_instructions_prompt":"","seoaic_rollback_content_improvement":"","seoaic_idea_thumbnail_generator":"","thumbnail_generated":false,"thumbnail_generate_prompt":"","seoaic_article_description":"","footnotes":""},"class_list":["post-393273","page","type-page","status-publish","hentry"],"acf":[],"yoast_head":"<!-- This site is optimized with the Yoast SEO plugin v27.5 - https:\/\/yoast.com\/product\/yoast-seo-wordpress\/ -->\n<title>Een Mercedes Sprinter occasion kopen? Bekijk het aanbod!<\/title>\n<meta name=\"description\" content=\"Ben je op zoek naar een betrouwbaar bedrijfsvoertuig? Kies dan voor de Mercedes Sprinter occasion. Bekijk de verschillende mogelijkheden.\" \/>\n<meta name=\"robots\" content=\"index, follow, max-snippet:-1, max-image-preview:large, max-video-preview:-1\" \/>\n<link rel=\"canonical\" href=\"https:\/\/www.vdhurk.nl\/fr\/mercedes-9\/sprinter\/\" \/>\n<meta property=\"og:locale\" content=\"fr_FR\" \/>\n<meta property=\"og:type\" content=\"article\" \/>\n<meta property=\"og:title\" content=\"Een Mercedes Sprinter occasion kopen? Bekijk het aanbod!\" \/>\n<meta property=\"og:description\" content=\"Ben je op zoek naar een betrouwbaar bedrijfsvoertuig? Kies dan voor de Mercedes Sprinter occasion. Bekijk de verschillende mogelijkheden.\" \/>\n<meta property=\"og:url\" content=\"https:\/\/www.vdhurk.nl\/fr\/mercedes-9\/sprinter\/\" \/>\n<meta property=\"og:site_name\" content=\"Van den Hurk Bedrijfswagens\" \/>\n<meta property=\"article:modified_time\" content=\"2024-07-08T11:59:27+00:00\" \/>\n<meta name=\"twitter:card\" content=\"summary_large_image\" \/>\n<meta name=\"twitter:label1\" content=\"Dur\u00e9e de lecture estim\u00e9e\" \/>\n\t<meta name=\"twitter:data1\" content=\"6 minutes\" \/>\n<script type=\"application\/ld+json\" class=\"yoast-schema-graph\">{\"@context\":\"https:\\\/\\\/schema.org\",\"@graph\":[{\"@type\":\"WebPage\",\"@id\":\"https:\\\/\\\/www.vdhurk.nl\\\/mercedes-bedrijfswagens\\\/sprinter\\\/\",\"url\":\"https:\\\/\\\/www.vdhurk.nl\\\/mercedes-bedrijfswagens\\\/sprinter\\\/\",\"name\":\"Een Mercedes Sprinter occasion kopen? Bekijk het aanbod!\",\"isPartOf\":{\"@id\":\"https:\\\/\\\/www.vdhurk.nl\\\/#website\"},\"datePublished\":\"2024-07-05T08:13:32+00:00\",\"dateModified\":\"2024-07-08T11:59:27+00:00\",\"description\":\"Ben je op zoek naar een betrouwbaar bedrijfsvoertuig? Kies dan voor de Mercedes Sprinter occasion. Bekijk de verschillende mogelijkheden.\",\"breadcrumb\":{\"@id\":\"https:\\\/\\\/www.vdhurk.nl\\\/mercedes-bedrijfswagens\\\/sprinter\\\/#breadcrumb\"},\"inLanguage\":\"fr-FR\",\"potentialAction\":[{\"@type\":\"ReadAction\",\"target\":[\"https:\\\/\\\/www.vdhurk.nl\\\/mercedes-bedrijfswagens\\\/sprinter\\\/\"]}]},{\"@type\":\"BreadcrumbList\",\"@id\":\"https:\\\/\\\/www.vdhurk.nl\\\/mercedes-bedrijfswagens\\\/sprinter\\\/#breadcrumb\",\"itemListElement\":[{\"@type\":\"ListItem\",\"position\":1,\"name\":\"Home\",\"item\":\"https:\\\/\\\/www.vdhurk.nl\\\/home\\\/\"},{\"@type\":\"ListItem\",\"position\":2,\"name\":\"Mercedes Bedrijfswagens\",\"item\":\"https:\\\/\\\/www.vdhurk.nl\\\/mercedes-bedrijfswagens\\\/\"},{\"@type\":\"ListItem\",\"position\":3,\"name\":\"Mercedes Sprinter\"}]},{\"@type\":\"WebSite\",\"@id\":\"https:\\\/\\\/www.vdhurk.nl\\\/#website\",\"url\":\"https:\\\/\\\/www.vdhurk.nl\\\/\",\"name\":\"Van den Hurk Bedrijfswagens\",\"description\":\"Van den Hurk bedrijfswagens Helmond\",\"potentialAction\":[{\"@type\":\"SearchAction\",\"target\":{\"@type\":\"EntryPoint\",\"urlTemplate\":\"https:\\\/\\\/www.vdhurk.nl\\\/?s={search_term_string}\"},\"query-input\":{\"@type\":\"PropertyValueSpecification\",\"valueRequired\":true,\"valueName\":\"search_term_string\"}}],\"inLanguage\":\"fr-FR\"}]}<\/script>\n<!-- \/ Yoast SEO plugin. -->","yoast_head_json":{"title":"Vous achetez une Mercedes Sprinter occasion ? Consultez l'offre !","description":"Vous \u00eates \u00e0 la recherche d'un v\u00e9hicule utilitaire fiable ? Optez alors pour le Mercedes Sprinter occasion. D\u00e9couvrez les diff\u00e9rentes options.","robots":{"index":"index","follow":"follow","max-snippet":"max-snippet:-1","max-image-preview":"max-image-preview:large","max-video-preview":"max-video-preview:-1"},"canonical":"https:\/\/www.vdhurk.nl\/fr\/mercedes-9\/sprinter\/","og_locale":"fr_FR","og_type":"article","og_title":"Een Mercedes Sprinter occasion kopen? Bekijk het aanbod!","og_description":"Ben je op zoek naar een betrouwbaar bedrijfsvoertuig? Kies dan voor de Mercedes Sprinter occasion. Bekijk de verschillende mogelijkheden.","og_url":"https:\/\/www.vdhurk.nl\/fr\/mercedes-9\/sprinter\/","og_site_name":"Van den Hurk Bedrijfswagens","article_modified_time":"2024-07-08T11:59:27+00:00","twitter_card":"summary_large_image","twitter_misc":{"Dur\u00e9e de lecture estim\u00e9e":"6 minutes"},"schema":{"@context":"https:\/\/schema.org","@graph":[{"@type":"WebPage","@id":"https:\/\/www.vdhurk.nl\/mercedes-bedrijfswagens\/sprinter\/","url":"https:\/\/www.vdhurk.nl\/mercedes-bedrijfswagens\/sprinter\/","name":"Vous achetez une Mercedes Sprinter occasion ? Consultez l'offre !","isPartOf":{"@id":"https:\/\/www.vdhurk.nl\/#website"},"datePublished":"2024-07-05T08:13:32+00:00","dateModified":"2024-07-08T11:59:27+00:00","description":"Vous \u00eates \u00e0 la recherche d'un v\u00e9hicule utilitaire fiable ? Optez alors pour le Mercedes Sprinter occasion. D\u00e9couvrez les diff\u00e9rentes options.","breadcrumb":{"@id":"https:\/\/www.vdhurk.nl\/mercedes-bedrijfswagens\/sprinter\/#breadcrumb"},"inLanguage":"fr-FR","potentialAction":[{"@type":"ReadAction","target":["https:\/\/www.vdhurk.nl\/mercedes-bedrijfswagens\/sprinter\/"]}]},{"@type":"BreadcrumbList","@id":"https:\/\/www.vdhurk.nl\/mercedes-bedrijfswagens\/sprinter\/#breadcrumb","itemListElement":[{"@type":"ListItem","position":1,"name":"Home","item":"https:\/\/www.vdhurk.nl\/home\/"},{"@type":"ListItem","position":2,"name":"Mercedes Bedrijfswagens","item":"https:\/\/www.vdhurk.nl\/mercedes-bedrijfswagens\/"},{"@type":"ListItem","position":3,"name":"Mercedes Sprinter"}]},{"@type":"WebSite","@id":"https:\/\/www.vdhurk.nl\/#website","url":"https:\/\/www.vdhurk.nl\/","name":"V\u00e9hicules utilitaires Van den Hurk","description":"V\u00e9hicules utilitaires Van den Hurk Helmond","potentialAction":[{"@type":"SearchAction","target":{"@type":"EntryPoint","urlTemplate":"https:\/\/www.vdhurk.nl\/?s={search_term_string}"},"query-input":{"@type":"PropertyValueSpecification","valueRequired":true,"valueName":"search_term_string"}}],"inLanguage":"fr-FR"}]}},"_links":{"self":[{"href":"https:\/\/www.vdhurk.nl\/fr\/wp-json\/wp\/v2\/pages\/393273","targetHints":{"allow":["GET"]}}],"collection":[{"href":"https:\/\/www.vdhurk.nl\/fr\/wp-json\/wp\/v2\/pages"}],"about":[{"href":"https:\/\/www.vdhurk.nl\/fr\/wp-json\/wp\/v2\/types\/page"}],"author":[{"embeddable":true,"href":"https:\/\/www.vdhurk.nl\/fr\/wp-json\/wp\/v2\/users\/3"}],"replies":[{"embeddable":true,"href":"https:\/\/www.vdhurk.nl\/fr\/wp-json\/wp\/v2\/comments?post=393273"}],"version-history":[{"count":3,"href":"https:\/\/www.vdhurk.nl\/fr\/wp-json\/wp\/v2\/pages\/393273\/revisions"}],"predecessor-version":[{"id":393276,"href":"https:\/\/www.vdhurk.nl\/fr\/wp-json\/wp\/v2\/pages\/393273\/revisions\/393276"}],"up":[{"embeddable":true,"href":"https:\/\/www.vdhurk.nl\/fr\/wp-json\/wp\/v2\/pages\/370573"}],"wp:attachment":[{"href":"https:\/\/www.vdhurk.nl\/fr\/wp-json\/wp\/v2\/media?parent=393273"}],"curies":[{"name":"wp","href":"https:\/\/api.w.org\/{rel}","templated":true}]}}