{"id":372085,"date":"2024-04-15T16:57:18","date_gmt":"2024-04-15T14:57:18","guid":{"rendered":"https:\/\/www.vdhurk.nl\/?page_id=372085"},"modified":"2024-08-19T13:37:28","modified_gmt":"2024-08-19T11:37:28","slug":"citroen-vehicules-utilitaires","status":"publish","type":"page","link":"https:\/\/www.vdhurk.nl\/fr\/citroen-bedrijfswagens\/","title":{"rendered":"Citro\u00ebn V\u00e9hicules utilitaires"},"content":{"rendered":"<section  class='av_textblock_section av-lu8gnh7d-4ac895489941e586c1d7c8cb72318135'  itemscope=\"itemscope\" itemtype=\"https:\/\/schema.org\/CreativeWork\" ><div class='avia_textblock'  itemprop=\"text\" ><h1><b>Efficacit\u00e9 et confort combin\u00e9s : Les v\u00e9hicules utilitaires Citro\u00ebn pour toutes les entreprises<\/b><\/h1>\n<p>Citro\u00ebn est une marque automobile fran\u00e7aise r\u00e9put\u00e9e dans le monde entier pour son design innovant. Les v\u00e9hicules utilitaires Citro\u00ebn sont con\u00e7us pour r\u00e9pondre aux besoins des utilisateurs professionnels. Ils offrent plusieurs mod\u00e8les con\u00e7us non seulement pour la fonctionnalit\u00e9, mais aussi pour le confort. La marque a acquis une r\u00e9putation de fiabilit\u00e9 en mati\u00e8re d'utilitaires, ce qui explique que de nombreux utilisateurs choisissent cette marque.<\/p>\n<\/div><\/section>\n\n<style type=\"text\/css\" data-created_by=\"avia_inline_auto\" id=\"style-css-av-lujjddpd-afa3d7a9eabd61123e643ed1228e781e\">\n#top .hr.hr-invisible.av-lujjddpd-afa3d7a9eabd61123e643ed1228e781e{\nheight:50px;\n}\n<\/style>\n<div  class='hr av-lujjddpd-afa3d7a9eabd61123e643ed1228e781e hr-invisible  avia-builder-el-1  el_after_av_textblock  el_before_av_codeblock'><span class='hr-inner'><span class=\"hr-inner-style\"><\/span><\/span><\/div>\n\n\n<style type=\"text\/css\" data-created_by=\"avia_inline_auto\" id=\"style-css-av-o1d5-cf77288da24053faf1b6ffbefcfc6222\">\n#top .hr.hr-invisible.av-o1d5-cf77288da24053faf1b6ffbefcfc6222{\nheight:50px;\n}\n<\/style>\n<div  class='hr av-o1d5-cf77288da24053faf1b6ffbefcfc6222 hr-invisible  avia-builder-el-3  el_after_av_codeblock  el_before_av_textblock'><span class='hr-inner'><span class=\"hr-inner-style\"><\/span><\/span><\/div>\n<section  class='av_textblock_section av-lu8gtjw7-4f3cee9304909518d86d2860d9d582dd'  itemscope=\"itemscope\" itemtype=\"https:\/\/schema.org\/CreativeWork\" ><div class='avia_textblock'  itemprop=\"text\" ><h2><b>L'histoire de Citro\u00ebn<\/b><\/h2>\n<h3><b>La cr\u00e9ation de Citro\u00ebn<\/b><\/h3>\n<p>Citro\u00ebn a \u00e9t\u00e9 fond\u00e9e par Andr\u00e9 Citro\u00ebn en 1919. Cet ing\u00e9nieur fran\u00e7ais a \u00e9t\u00e9 un pionnier de la production en s\u00e9rie de voitures. La cr\u00e9ation de Citro\u00ebn a marqu\u00e9 une \u00e9tape importante dans l'industrie automobile. En effet, c'est l'une des premi\u00e8res marques \u00e0 produire \u00e0 grande \u00e9chelle pour le march\u00e9 europ\u00e9en.<\/p>\n<h3><b>La marque au fil des ans<\/b><\/h3>\n<p>L'une des \u00e9tapes les plus importantes de l'histoire de la marque a \u00e9t\u00e9 l'introduction de la Citro\u00ebn Traction Avant en 1934. Ce mod\u00e8le pionnier a \u00e9t\u00e9 consid\u00e9r\u00e9 comme une ic\u00f4ne de l'industrie automobile. Cette voiture a jet\u00e9 les bases de nombreuses technologies modernes. Au fil des ans, Citro\u00ebn s'est forg\u00e9 une solide r\u00e9putation dans la production de v\u00e9hicules utilitaires. Aujourd'hui, la marque reste un acteur majeur de l'industrie automobile. Elle reste fid\u00e8le \u00e0 son h\u00e9ritage d'innovation et s'efforce de produire des v\u00e9hicules qui r\u00e9pondent aux besoins des utilisateurs professionnels.<\/p>\n<h2><b>Pourquoi Citro\u00ebn est-elle appr\u00e9ci\u00e9e des entreprises ?<\/b><\/h2>\n<p>Les v\u00e9hicules utilitaires Citro\u00ebn sont tr\u00e8s appr\u00e9ci\u00e9s des utilisateurs professionnels, et ce pour de bonnes raisons. Le choix de Citro\u00ebn est motiv\u00e9 par plusieurs raisons :<\/p>\n<ul>\n<li aria-level=\"1\"><b>L'innovation<\/b>La marque est connue pour ses conceptions innovantes, fonctionnelles et \u00e9l\u00e9gantes. Ses v\u00e9hicules utilitaires offrent des solutions intelligentes aux besoins de transport, comme des espaces de rangement spacieux.<\/li>\n<li aria-level=\"1\"><b>Exp\u00e9rience de conduite confortable<\/b>: Citro\u00ebn con\u00e7oit ses v\u00e9hicules utilitaires dans un souci de confort. Ils sont donc parfaitement adapt\u00e9s \u00e0 la conduite sur de longues distances. Les si\u00e8ges ergonomiques et l'isolation phonique permettent aux conducteurs et aux passagers de profiter d'une exp\u00e9rience de conduite en douceur.<\/li>\n<li aria-level=\"1\"><b>Techniques avanc\u00e9es<\/b>La marque int\u00e8gre des technologies de pointe dans ses v\u00e9hicules utilitaires pour assurer la s\u00e9curit\u00e9, la connectivit\u00e9 et l'efficacit\u00e9.<\/li>\n<li aria-level=\"1\"><b>S\u00e9curit\u00e9<\/b>: Rien ne vaut la s\u00e9curit\u00e9. C'est pourquoi les v\u00e9hicules utilitaires sont \u00e9quip\u00e9s de divers dispositifs de s\u00e9curit\u00e9. Il s'agit notamment de syst\u00e8mes tels que l'ABS, l'ESC, les airbags et l'assistance au freinage.<\/li>\n<li aria-level=\"1\"><b>Efficacit\u00e9 \u00e9nerg\u00e9tique<\/b>: Citro\u00ebn vise l'efficacit\u00e9 \u00e9nerg\u00e9tique dans tous les v\u00e9hicules commerciaux. Cela permet de r\u00e9duire les co\u00fbts d'exploitation pour les utilisateurs professionnels.<\/li>\n<\/ul>\n<p>Tous ces avantages font de ces v\u00e9hicules utilitaires un choix int\u00e9ressant pour les utilisateurs professionnels \u00e0 la recherche de solutions de transport fiables et confortables.<\/p>\n<h2><b>Diff\u00e9rents mod\u00e8les<\/b><\/h2>\n<p>En tant que concessionnaire de v\u00e9hicules utilitaires Citro\u00ebn, vous trouverez diff\u00e9rents mod\u00e8les chez nous. Le stock de v\u00e9hicules utilitaires Citro\u00ebn est important, car nous proposons aussi bien des mod\u00e8les neufs que des mod\u00e8les d'occasion. L'avantage des v\u00e9hicules utilitaires Citro\u00ebn d'occasion est qu'ils sont moins chers. Vous pouvez vous adresser \u00e0 nous pour, entre autres :<\/p>\n<ul>\n<li aria-level=\"1\"><strong>L'occasion Citro\u00ebn Jumpy<\/strong>Le mod\u00e8le est fiable et spacieux, il est polyvalent, confortable et efficace. Cela fait de ce v\u00e9hicule utilitaire une solution appropri\u00e9e pour les clients professionnels \u00e0 la recherche d'un v\u00e9hicule d'occasion.<\/li>\n<li aria-level=\"1\"><strong>L'occasion du pull Citro\u00ebn<\/strong><strong>:<\/strong> Il s'agit d'un mod\u00e8le tr\u00e8s recherch\u00e9 par les utilisateurs professionnels \u00e0 la recherche d'une voiture de soci\u00e9t\u00e9 spacieuse et fiable. Ce v\u00e9hicule utilitaire Citro\u00ebn est r\u00e9put\u00e9 pour son grand espace de chargement et son confort de conduite.<\/li>\n<\/ul>\n<h2>Service et qualit\u00e9 chez Van den Hurk<\/h2>\n<p>Depuis plus de 50 ans, Van den Hurk Bedrijfswagens est la bonne adresse pour l'achat, le leasing, la location, la r\u00e9paration et l'entretien de votre camion. Qu'il s'agisse d'un v\u00e9hicule utilitaire neuf ou d'occasion, nous connaissons chaque v\u00e9hicule sur le bout des doigts. C'est pourquoi nous garantissons toujours la meilleure qualit\u00e9 et une mobilit\u00e9 optimale. <a href=\"https:\/\/www.vdhurk.nl\/fr\/vehicules-commerciaux\/\">Nos v\u00e9hicules utilitaires<\/a> sont r\u00e9put\u00e9s non seulement pour leur excellente qualit\u00e9, mais aussi pour leurs prix comp\u00e9titifs et leur fiabilit\u00e9. Nous nous ferons un plaisir de r\u00e9fl\u00e9chir avec vous afin que vous puissiez bient\u00f4t rouler en toute s\u00e9r\u00e9nit\u00e9 dans la voiture de soci\u00e9t\u00e9 qui vous convient le mieux !<\/p>\n<\/div><\/section>","protected":false},"excerpt":{"rendered":"","protected":false},"author":3,"featured_media":0,"parent":0,"menu_order":0,"comment_status":"closed","ping_status":"closed","template":"","meta":{"_acf_changed":false,"_improvement_type_select":"improve_an_existing","_thumb_yes_seoaic":false,"_frame_yes_seoaic":false,"seoaic_generate_description":"","seoaic_improve_instructions_prompt":"","seoaic_rollback_content_improvement":"","seoaic_idea_thumbnail_generator":"","thumbnail_generated":false,"thumbnail_generate_prompt":"","seoaic_article_description":"","footnotes":""},"class_list":["post-372085","page","type-page","status-publish","hentry"],"acf":[],"yoast_head":"<!-- This site is optimized with the Yoast SEO plugin v27.5 - https:\/\/yoast.com\/product\/yoast-seo-wordpress\/ -->\n<title>Citro\u00ebn bedrijfswagens: betrouwbaar en innovatief<\/title>\n<meta name=\"description\" content=\"Met Citro\u00ebn bedrijfswagens ben je verzekerd van een betrouwbaar voertuig. Ontdek het aanbod en ervaar zelf het comfort!\" \/>\n<meta name=\"robots\" content=\"index, follow, max-snippet:-1, max-image-preview:large, max-video-preview:-1\" \/>\n<link rel=\"canonical\" href=\"https:\/\/www.vdhurk.nl\/fr\/citroen-vehicules-utilitaires\/\" \/>\n<meta property=\"og:locale\" content=\"fr_FR\" \/>\n<meta property=\"og:type\" content=\"article\" \/>\n<meta property=\"og:title\" content=\"Citro\u00ebn bedrijfswagens: betrouwbaar en innovatief\" \/>\n<meta property=\"og:description\" content=\"Met Citro\u00ebn bedrijfswagens ben je verzekerd van een betrouwbaar voertuig. Ontdek het aanbod en ervaar zelf het comfort!\" \/>\n<meta property=\"og:url\" content=\"https:\/\/www.vdhurk.nl\/fr\/citroen-vehicules-utilitaires\/\" \/>\n<meta property=\"og:site_name\" content=\"Van den Hurk Bedrijfswagens\" \/>\n<meta property=\"article:modified_time\" content=\"2024-08-19T11:37:28+00:00\" \/>\n<meta name=\"twitter:card\" content=\"summary_large_image\" \/>\n<meta name=\"twitter:label1\" content=\"Dur\u00e9e de lecture estim\u00e9e\" \/>\n\t<meta name=\"twitter:data1\" content=\"4 minutes\" \/>\n<script type=\"application\/ld+json\" class=\"yoast-schema-graph\">{\"@context\":\"https:\\\/\\\/schema.org\",\"@graph\":[{\"@type\":\"WebPage\",\"@id\":\"https:\\\/\\\/www.vdhurk.nl\\\/citroen-bedrijfswagens\\\/\",\"url\":\"https:\\\/\\\/www.vdhurk.nl\\\/citroen-bedrijfswagens\\\/\",\"name\":\"Citro\u00ebn bedrijfswagens: betrouwbaar en innovatief\",\"isPartOf\":{\"@id\":\"https:\\\/\\\/www.vdhurk.nl\\\/#website\"},\"datePublished\":\"2024-04-15T14:57:18+00:00\",\"dateModified\":\"2024-08-19T11:37:28+00:00\",\"description\":\"Met Citro\u00ebn bedrijfswagens ben je verzekerd van een betrouwbaar voertuig. Ontdek het aanbod en ervaar zelf het comfort!\",\"breadcrumb\":{\"@id\":\"https:\\\/\\\/www.vdhurk.nl\\\/citroen-bedrijfswagens\\\/#breadcrumb\"},\"inLanguage\":\"fr-FR\",\"potentialAction\":[{\"@type\":\"ReadAction\",\"target\":[\"https:\\\/\\\/www.vdhurk.nl\\\/citroen-bedrijfswagens\\\/\"]}]},{\"@type\":\"BreadcrumbList\",\"@id\":\"https:\\\/\\\/www.vdhurk.nl\\\/citroen-bedrijfswagens\\\/#breadcrumb\",\"itemListElement\":[{\"@type\":\"ListItem\",\"position\":1,\"name\":\"Home\",\"item\":\"https:\\\/\\\/www.vdhurk.nl\\\/home\\\/\"},{\"@type\":\"ListItem\",\"position\":2,\"name\":\"Citro\u00ebn Bedrijfswagens\"}]},{\"@type\":\"WebSite\",\"@id\":\"https:\\\/\\\/www.vdhurk.nl\\\/#website\",\"url\":\"https:\\\/\\\/www.vdhurk.nl\\\/\",\"name\":\"Van den Hurk Bedrijfswagens\",\"description\":\"Van den Hurk bedrijfswagens Helmond\",\"potentialAction\":[{\"@type\":\"SearchAction\",\"target\":{\"@type\":\"EntryPoint\",\"urlTemplate\":\"https:\\\/\\\/www.vdhurk.nl\\\/?s={search_term_string}\"},\"query-input\":{\"@type\":\"PropertyValueSpecification\",\"valueRequired\":true,\"valueName\":\"search_term_string\"}}],\"inLanguage\":\"fr-FR\"}]}<\/script>\n<!-- \/ Yoast SEO plugin. -->","yoast_head_json":{"title":"V\u00e9hicules utilitaires Citro\u00ebn : fiables et innovants","description":"Avec les v\u00e9hicules utilitaires Citro\u00ebn, vous avez l'assurance d'un v\u00e9hicule fiable. D\u00e9couvrez la gamme et faites l'exp\u00e9rience du confort !","robots":{"index":"index","follow":"follow","max-snippet":"max-snippet:-1","max-image-preview":"max-image-preview:large","max-video-preview":"max-video-preview:-1"},"canonical":"https:\/\/www.vdhurk.nl\/fr\/citroen-vehicules-utilitaires\/","og_locale":"fr_FR","og_type":"article","og_title":"Citro\u00ebn bedrijfswagens: betrouwbaar en innovatief","og_description":"Met Citro\u00ebn bedrijfswagens ben je verzekerd van een betrouwbaar voertuig. Ontdek het aanbod en ervaar zelf het comfort!","og_url":"https:\/\/www.vdhurk.nl\/fr\/citroen-vehicules-utilitaires\/","og_site_name":"Van den Hurk Bedrijfswagens","article_modified_time":"2024-08-19T11:37:28+00:00","twitter_card":"summary_large_image","twitter_misc":{"Dur\u00e9e de lecture estim\u00e9e":"4 minutes"},"schema":{"@context":"https:\/\/schema.org","@graph":[{"@type":"WebPage","@id":"https:\/\/www.vdhurk.nl\/citroen-bedrijfswagens\/","url":"https:\/\/www.vdhurk.nl\/citroen-bedrijfswagens\/","name":"V\u00e9hicules utilitaires Citro\u00ebn : fiables et innovants","isPartOf":{"@id":"https:\/\/www.vdhurk.nl\/#website"},"datePublished":"2024-04-15T14:57:18+00:00","dateModified":"2024-08-19T11:37:28+00:00","description":"Avec les v\u00e9hicules utilitaires Citro\u00ebn, vous avez l'assurance d'un v\u00e9hicule fiable. D\u00e9couvrez la gamme et faites l'exp\u00e9rience du confort !","breadcrumb":{"@id":"https:\/\/www.vdhurk.nl\/citroen-bedrijfswagens\/#breadcrumb"},"inLanguage":"fr-FR","potentialAction":[{"@type":"ReadAction","target":["https:\/\/www.vdhurk.nl\/citroen-bedrijfswagens\/"]}]},{"@type":"BreadcrumbList","@id":"https:\/\/www.vdhurk.nl\/citroen-bedrijfswagens\/#breadcrumb","itemListElement":[{"@type":"ListItem","position":1,"name":"Home","item":"https:\/\/www.vdhurk.nl\/home\/"},{"@type":"ListItem","position":2,"name":"Citro\u00ebn Bedrijfswagens"}]},{"@type":"WebSite","@id":"https:\/\/www.vdhurk.nl\/#website","url":"https:\/\/www.vdhurk.nl\/","name":"V\u00e9hicules utilitaires Van den Hurk","description":"V\u00e9hicules utilitaires Van den Hurk Helmond","potentialAction":[{"@type":"SearchAction","target":{"@type":"EntryPoint","urlTemplate":"https:\/\/www.vdhurk.nl\/?s={search_term_string}"},"query-input":{"@type":"PropertyValueSpecification","valueRequired":true,"valueName":"search_term_string"}}],"inLanguage":"fr-FR"}]}},"_links":{"self":[{"href":"https:\/\/www.vdhurk.nl\/fr\/wp-json\/wp\/v2\/pages\/372085","targetHints":{"allow":["GET"]}}],"collection":[{"href":"https:\/\/www.vdhurk.nl\/fr\/wp-json\/wp\/v2\/pages"}],"about":[{"href":"https:\/\/www.vdhurk.nl\/fr\/wp-json\/wp\/v2\/types\/page"}],"author":[{"embeddable":true,"href":"https:\/\/www.vdhurk.nl\/fr\/wp-json\/wp\/v2\/users\/3"}],"replies":[{"embeddable":true,"href":"https:\/\/www.vdhurk.nl\/fr\/wp-json\/wp\/v2\/comments?post=372085"}],"version-history":[{"count":5,"href":"https:\/\/www.vdhurk.nl\/fr\/wp-json\/wp\/v2\/pages\/372085\/revisions"}],"predecessor-version":[{"id":372292,"href":"https:\/\/www.vdhurk.nl\/fr\/wp-json\/wp\/v2\/pages\/372085\/revisions\/372292"}],"wp:attachment":[{"href":"https:\/\/www.vdhurk.nl\/fr\/wp-json\/wp\/v2\/media?parent=372085"}],"curies":[{"name":"wp","href":"https:\/\/api.w.org\/{rel}","templated":true}]}}