{"id":372079,"date":"2024-04-15T16:53:39","date_gmt":"2024-04-15T14:53:39","guid":{"rendered":"https:\/\/www.vdhurk.nl\/?page_id=372079"},"modified":"2024-04-16T14:11:22","modified_gmt":"2024-04-16T12:11:22","slug":"volkswagen-commercial-vehicles","status":"publish","type":"page","link":"https:\/\/www.vdhurk.nl\/fr\/volkswagen-bedrijfswagens\/","title":{"rendered":"Volkswagen V\u00e9hicules utilitaires"},"content":{"rendered":"<section  class='av_textblock_section av-lu8gnh7d-4ac895489941e586c1d7c8cb72318135'  itemscope=\"itemscope\" itemtype=\"https:\/\/schema.org\/CreativeWork\" ><div class='avia_textblock'  itemprop=\"text\" ><h1><b>Sur la route en toute s\u00e9curit\u00e9 avec les v\u00e9hicules utilitaires Volkswagen<\/b><\/h1>\n<p>Volkswagen a atteint une position \u00e9lev\u00e9e dans l'industrie automobile. La marque le doit en partie \u00e0 son innovation et \u00e0 sa durabilit\u00e9. En tant que leader de la mobilit\u00e9, la marque propose des v\u00e9hicules fonctionnels qui conviennent parfaitement \u00e0 un usage professionnel. Les v\u00e9hicules utilitaires Volkswagen symbolisent la fiabilit\u00e9 et le progr\u00e8s.<\/p>\n<\/div><\/section>\n\n<style type=\"text\/css\" data-created_by=\"avia_inline_auto\" id=\"style-css-av-lujjddpd-afa3d7a9eabd61123e643ed1228e781e\">\n#top .hr.hr-invisible.av-lujjddpd-afa3d7a9eabd61123e643ed1228e781e{\nheight:50px;\n}\n<\/style>\n<div  class='hr av-lujjddpd-afa3d7a9eabd61123e643ed1228e781e hr-invisible  avia-builder-el-1  el_after_av_textblock  el_before_av_codeblock'><span class='hr-inner'><span class=\"hr-inner-style\"><\/span><\/span><\/div>\n\n\n<style type=\"text\/css\" data-created_by=\"avia_inline_auto\" id=\"style-css-av-ah0xd-63338d9dc6b40410e22a712829c369d6\">\n#top .hr.hr-invisible.av-ah0xd-63338d9dc6b40410e22a712829c369d6{\nheight:50px;\n}\n<\/style>\n<div  class='hr av-ah0xd-63338d9dc6b40410e22a712829c369d6 hr-invisible  avia-builder-el-3  el_after_av_codeblock  el_before_av_buttonrow'><span class='hr-inner'><span class=\"hr-inner-style\"><\/span><\/span><\/div>\n<div  class='avia-buttonrow-wrap av-lujhssae-cff7d852879371e1ec58a3b104a5d229 avia-buttonrow-center  avia-builder-el-4  el_after_av_hr  el_before_av_hr'>\n\n<style type=\"text\/css\" data-created_by=\"avia_inline_auto\" id=\"style-css-av-lujhtay0-66b3e0c2bf74ffb01ae6511bbad0699a\">\n#top #wrap_all .avia-button.av-lujhtay0-66b3e0c2bf74ffb01ae6511bbad0699a{\nmargin-bottom:5px;\nmargin-right:3px;\nmargin-left:3px;\n}\n<\/style>\n<a href='https:\/\/www.vdhurk.nl\/fr\/vehicules-commerciaux\/#q1bKTS3KVrJSKsvPyS4uT0xPzVPSUcovSkktSqoEChcUZWYV65UB1eTnF4A58QWJRSWZyaU5malFVimpxclKtQA'  class='avia-button av-lujhtay0-66b3e0c2bf74ffb01ae6511bbad0699a avia-icon_select-yes-right-icon avia-size-x-large avia-color-theme-color'  ><span class='avia_iconbox_title' >Curieux de conna\u00eetre la gamme compl\u00e8te des v\u00e9hicules utilitaires Volkswagen ? N'h\u00e9sitez pas \u00e0 y jeter un coup d'\u0153il !<\/span><span class='avia_button_icon avia_button_icon_right' aria-hidden='true' data-av_icon='\ue871' data-av_iconfont='entypo-fontello'><\/span><\/a>\n<\/div>\n\n<style type=\"text\/css\" data-created_by=\"avia_inline_auto\" id=\"style-css-av-o1d5-cf77288da24053faf1b6ffbefcfc6222\">\n#top .hr.hr-invisible.av-o1d5-cf77288da24053faf1b6ffbefcfc6222{\nheight:50px;\n}\n<\/style>\n<div  class='hr av-o1d5-cf77288da24053faf1b6ffbefcfc6222 hr-invisible  avia-builder-el-5  el_after_av_buttonrow  el_before_av_textblock'><span class='hr-inner'><span class=\"hr-inner-style\"><\/span><\/span><\/div>\n<section  class='av_textblock_section av-lu8gow1e-300853e458ed741bd87d6cb78e55cc7a'  itemscope=\"itemscope\" itemtype=\"https:\/\/schema.org\/CreativeWork\" ><div class='avia_textblock'  itemprop=\"text\" ><h2><b>L'histoire de Volkswagen<\/b><\/h2>\n<p>L'histoire de Volkswagen est riche. Au fil des ans, Volkswagen s'est impos\u00e9 comme un leader sur le march\u00e9 des v\u00e9hicules utilitaires. La marque met l'accent sur l'innovation, la qualit\u00e9 et la fiabilit\u00e9. La marque d\u00e9veloppe et adapte constamment ses v\u00e9hicules utilitaires pour continuer \u00e0 r\u00e9pondre aux besoins des utilisateurs professionnels. Les mod\u00e8les qu'elle produit vont des fourgonnettes compactes aux v\u00e9hicules utilitaires robustes convenant \u00e0 un large \u00e9ventail d'applications. La marque est pr\u00e9sente dans le monde entier et reste un acteur majeur de l'industrie automobile tout en restant fid\u00e8le \u00e0 son savoir-faire.<\/p>\n<h2><strong>Les avantages : pourquoi les autobus Volkswagen sont-ils populaires ?<\/strong><\/h2>\n<ul>\n<li aria-level=\"1\"><b>Fiabilit\u00e9<\/b>La marque est connue pour la fiabilit\u00e9 de ses v\u00e9hicules utilitaires, ce qui est essentiel pour les entreprises qui sont sur la route tous les jours.<\/li>\n<li aria-level=\"1\"><b>Polyvalence<\/b>La gamme Volkswagen offre un large \u00e9ventail de mod\u00e8les. Des fourgonnettes compactes aux v\u00e9hicules utilitaires de plus grande taille. Cela permet aux utilisateurs professionnels de trouver la bonne solution pour r\u00e9pondre \u00e0 leurs besoins sp\u00e9cifiques \u00e0 tout moment.<\/li>\n<li aria-level=\"1\"><b>Confort et efficacit\u00e9<\/b>Les mod\u00e8les de la marque offrent une exp\u00e9rience de conduite confortable et un bon rendement \u00e9nerg\u00e9tique. C'est particuli\u00e8rement n\u00e9cessaire pour les utilisateurs qui parcourent beaucoup de kilom\u00e8tres.<\/li>\n<li aria-level=\"1\"><b>D\u00e9veloppements innovants<\/b>La marque continue d'investir dans des technologies et des caract\u00e9ristiques innovantes. Il s'agit notamment de dispositifs de s\u00e9curit\u00e9 avanc\u00e9s et de groupes motopropulseurs respectueux de l'environnement. Cela leur permet de rester attractifs pour les utilisateurs professionnels \u00e0 la recherche de solutions modernes.<\/li>\n<li aria-level=\"1\"><b>Bonne r\u00e9putation<\/b>La marque s'est forg\u00e9e une bonne r\u00e9putation au fil des d\u00e9cennies. Elle est consid\u00e9r\u00e9e comme une marque de voiture fiable, adapt\u00e9e \u00e0 un usage professionnel.<\/li>\n<\/ul>\n<p><b>\u00c0 quoi servent principalement les v\u00e9hicules utilitaires Volkswagen ?<\/b><\/p>\n<p>Les v\u00e9hicules utilitaires de Volkswagen sont utilis\u00e9s \u00e0 diverses fins professionnelles. Leur polyvalence, leur fiabilit\u00e9 et leur efficacit\u00e9 font que ces mod\u00e8les conviennent parfaitement \u00e0 diff\u00e9rentes applications. Ils sont principalement utilis\u00e9s pour :<\/p>\n<ul>\n<li aria-level=\"1\"><b>Transport de marchandises<\/b>: Les bus et autres v\u00e9hicules utilitaires de la marque sont souvent utilis\u00e9s pour transporter des marchandises : des petites livraisons aux gros chargements. Les v\u00e9hicules utilitaires Volkswagen offrent un espace de chargement spacieux et peuvent m\u00eame \u00eatre personnalis\u00e9s avec diverses options de stockage pour r\u00e9pondre aux besoins sp\u00e9cifiques des entreprises.<\/li>\n<li aria-level=\"1\"><b>Service et maintenance<\/b>Les m\u00e9caniciens, les \u00e9lectriciens, les plombiers et d'autres professionnels utilisent souvent des voitures Volkswagen pour se rendre sur les sites o\u00f9 ils effectuent des travaux d'entretien et de maintenance. Les v\u00e9hicules offrent de l'espace pour les outils et l'\u00e9quipement. En outre, les v\u00e9hicules sont dot\u00e9s de cabines confortables pour les longues distances.<\/li>\n<li aria-level=\"1\"><b>Transport de passagers<\/b>Les mod\u00e8les conviennent non seulement au transport de marchandises, mais aussi au transport de personnes. Pensez, par exemple, aux services de navette pour les employ\u00e9s, aux taxis, aux services h\u00f4teliers et aux navettes pour les \u00e9v\u00e9nements.<\/li>\n<\/ul>\n<h2><b>Options financi\u00e8res<\/b><\/h2>\n<p>Si vous \u00eates int\u00e9ress\u00e9 par une Volkswagen, plusieurs options s'offrent \u00e0 vous pour l'achat d'un v\u00e9hicule utilitaire. La premi\u00e8re option est la plus \u00e9vidente, \u00e0 savoir l'achat d'une camionnette Volkswagen. Lorsque vous achetez un v\u00e9hicule, vous en devenez le propri\u00e9taire et vous n'avez pas \u00e0 vous pr\u00e9occuper des restrictions de kilom\u00e9trage, par exemple. La deuxi\u00e8me option propos\u00e9e par Van den Hurk est la location d'un bus Volkswagen. \u00c0 <a href=\"https:\/\/www.vdhurk.nl\/fr\/location-financiere\/\">louer<\/a> vous avez l'avantage d'avoir des co\u00fbts initiaux moins \u00e9lev\u00e9s. En outre, les co\u00fbts sont \u00e9galement plus pr\u00e9visibles. Vous voulez savoir quelle est la meilleure option pour vous ? Nous nous ferons un plaisir de vous aider !<\/p>\n<h2><b>Mod\u00e8les d'occasion<\/b><\/h2>\n<p>Chez Van den Hurk, vous pouvez choisir un bus Volkswagen d'occasion. Les v\u00e9hicules utilitaires d'occasion sont appr\u00e9ci\u00e9s par de nombreux utilisateurs professionnels. En effet, ils sont fiables et abordables. En effet, l'achat d'un bus Volkswagen d'occasion est beaucoup moins cher que l'achat d'un mod\u00e8le neuf. Nous nous ferons un plaisir de vous aider \u00e0 trouver un mod\u00e8le adapt\u00e9 \u00e0 vos besoins sp\u00e9cifiques.<\/p>\n<\/div><\/section>","protected":false},"excerpt":{"rendered":"","protected":false},"author":3,"featured_media":0,"parent":0,"menu_order":0,"comment_status":"closed","ping_status":"closed","template":"","meta":{"_acf_changed":false,"_improvement_type_select":"improve_an_existing","_thumb_yes_seoaic":false,"_frame_yes_seoaic":false,"seoaic_generate_description":"","seoaic_improve_instructions_prompt":"","seoaic_rollback_content_improvement":"","seoaic_idea_thumbnail_generator":"","thumbnail_generated":false,"thumbnail_generate_prompt":"","seoaic_article_description":"","footnotes":""},"class_list":["post-372079","page","type-page","status-publish","hentry"],"acf":[],"yoast_head":"<!-- This site is optimized with the Yoast SEO plugin v27.5 - https:\/\/yoast.com\/product\/yoast-seo-wordpress\/ -->\n<title>Alles onder \u00e9\u00e9n dak met de Volkswagen bedrijfswagens<\/title>\n<meta name=\"description\" content=\"Ben jij op zoek naar een goed functionerend voertuig voor zakelijk gebruik? Ontdek dan alles over de Volkswagen bedrijfswagens.\" \/>\n<meta name=\"robots\" content=\"index, follow, max-snippet:-1, max-image-preview:large, max-video-preview:-1\" \/>\n<link rel=\"canonical\" href=\"https:\/\/www.vdhurk.nl\/fr\/volkswagen-commercial-vehicles\/\" \/>\n<meta property=\"og:locale\" content=\"fr_FR\" \/>\n<meta property=\"og:type\" content=\"article\" \/>\n<meta property=\"og:title\" content=\"Alles onder \u00e9\u00e9n dak met de Volkswagen bedrijfswagens\" \/>\n<meta property=\"og:description\" content=\"Ben jij op zoek naar een goed functionerend voertuig voor zakelijk gebruik? Ontdek dan alles over de Volkswagen bedrijfswagens.\" \/>\n<meta property=\"og:url\" content=\"https:\/\/www.vdhurk.nl\/fr\/volkswagen-commercial-vehicles\/\" \/>\n<meta property=\"og:site_name\" content=\"Van den Hurk Bedrijfswagens\" \/>\n<meta property=\"article:modified_time\" content=\"2024-04-16T12:11:22+00:00\" \/>\n<meta name=\"twitter:card\" content=\"summary_large_image\" \/>\n<meta name=\"twitter:label1\" content=\"Dur\u00e9e de lecture estim\u00e9e\" \/>\n\t<meta name=\"twitter:data1\" content=\"4 minutes\" \/>\n<script type=\"application\/ld+json\" class=\"yoast-schema-graph\">{\"@context\":\"https:\\\/\\\/schema.org\",\"@graph\":[{\"@type\":\"WebPage\",\"@id\":\"https:\\\/\\\/www.vdhurk.nl\\\/volkswagen-bedrijfswagens\\\/\",\"url\":\"https:\\\/\\\/www.vdhurk.nl\\\/volkswagen-bedrijfswagens\\\/\",\"name\":\"Alles onder \u00e9\u00e9n dak met de Volkswagen bedrijfswagens\",\"isPartOf\":{\"@id\":\"https:\\\/\\\/www.vdhurk.nl\\\/#website\"},\"datePublished\":\"2024-04-15T14:53:39+00:00\",\"dateModified\":\"2024-04-16T12:11:22+00:00\",\"description\":\"Ben jij op zoek naar een goed functionerend voertuig voor zakelijk gebruik? Ontdek dan alles over de Volkswagen bedrijfswagens.\",\"breadcrumb\":{\"@id\":\"https:\\\/\\\/www.vdhurk.nl\\\/volkswagen-bedrijfswagens\\\/#breadcrumb\"},\"inLanguage\":\"fr-FR\",\"potentialAction\":[{\"@type\":\"ReadAction\",\"target\":[\"https:\\\/\\\/www.vdhurk.nl\\\/volkswagen-bedrijfswagens\\\/\"]}]},{\"@type\":\"BreadcrumbList\",\"@id\":\"https:\\\/\\\/www.vdhurk.nl\\\/volkswagen-bedrijfswagens\\\/#breadcrumb\",\"itemListElement\":[{\"@type\":\"ListItem\",\"position\":1,\"name\":\"Home\",\"item\":\"https:\\\/\\\/www.vdhurk.nl\\\/home\\\/\"},{\"@type\":\"ListItem\",\"position\":2,\"name\":\"Volkswagen Bedrijfswagens\"}]},{\"@type\":\"WebSite\",\"@id\":\"https:\\\/\\\/www.vdhurk.nl\\\/#website\",\"url\":\"https:\\\/\\\/www.vdhurk.nl\\\/\",\"name\":\"Van den Hurk Bedrijfswagens\",\"description\":\"Van den Hurk bedrijfswagens Helmond\",\"potentialAction\":[{\"@type\":\"SearchAction\",\"target\":{\"@type\":\"EntryPoint\",\"urlTemplate\":\"https:\\\/\\\/www.vdhurk.nl\\\/?s={search_term_string}\"},\"query-input\":{\"@type\":\"PropertyValueSpecification\",\"valueRequired\":true,\"valueName\":\"search_term_string\"}}],\"inLanguage\":\"fr-FR\"}]}<\/script>\n<!-- \/ Yoast SEO plugin. -->","yoast_head_json":{"title":"Tout sous un m\u00eame toit avec les v\u00e9hicules utilitaires Volkswagen","description":"Vous \u00eates \u00e0 la recherche d'un v\u00e9hicule performant pour un usage professionnel ? Alors d\u00e9couvrez tout sur les v\u00e9hicules utilitaires Volkswagen.","robots":{"index":"index","follow":"follow","max-snippet":"max-snippet:-1","max-image-preview":"max-image-preview:large","max-video-preview":"max-video-preview:-1"},"canonical":"https:\/\/www.vdhurk.nl\/fr\/volkswagen-commercial-vehicles\/","og_locale":"fr_FR","og_type":"article","og_title":"Alles onder \u00e9\u00e9n dak met de Volkswagen bedrijfswagens","og_description":"Ben jij op zoek naar een goed functionerend voertuig voor zakelijk gebruik? Ontdek dan alles over de Volkswagen bedrijfswagens.","og_url":"https:\/\/www.vdhurk.nl\/fr\/volkswagen-commercial-vehicles\/","og_site_name":"Van den Hurk Bedrijfswagens","article_modified_time":"2024-04-16T12:11:22+00:00","twitter_card":"summary_large_image","twitter_misc":{"Dur\u00e9e de lecture estim\u00e9e":"4 minutes"},"schema":{"@context":"https:\/\/schema.org","@graph":[{"@type":"WebPage","@id":"https:\/\/www.vdhurk.nl\/volkswagen-bedrijfswagens\/","url":"https:\/\/www.vdhurk.nl\/volkswagen-bedrijfswagens\/","name":"Tout sous un m\u00eame toit avec les v\u00e9hicules utilitaires Volkswagen","isPartOf":{"@id":"https:\/\/www.vdhurk.nl\/#website"},"datePublished":"2024-04-15T14:53:39+00:00","dateModified":"2024-04-16T12:11:22+00:00","description":"Vous \u00eates \u00e0 la recherche d'un v\u00e9hicule performant pour un usage professionnel ? Alors d\u00e9couvrez tout sur les v\u00e9hicules utilitaires Volkswagen.","breadcrumb":{"@id":"https:\/\/www.vdhurk.nl\/volkswagen-bedrijfswagens\/#breadcrumb"},"inLanguage":"fr-FR","potentialAction":[{"@type":"ReadAction","target":["https:\/\/www.vdhurk.nl\/volkswagen-bedrijfswagens\/"]}]},{"@type":"BreadcrumbList","@id":"https:\/\/www.vdhurk.nl\/volkswagen-bedrijfswagens\/#breadcrumb","itemListElement":[{"@type":"ListItem","position":1,"name":"Home","item":"https:\/\/www.vdhurk.nl\/home\/"},{"@type":"ListItem","position":2,"name":"Volkswagen Bedrijfswagens"}]},{"@type":"WebSite","@id":"https:\/\/www.vdhurk.nl\/#website","url":"https:\/\/www.vdhurk.nl\/","name":"V\u00e9hicules utilitaires Van den Hurk","description":"V\u00e9hicules utilitaires Van den Hurk Helmond","potentialAction":[{"@type":"SearchAction","target":{"@type":"EntryPoint","urlTemplate":"https:\/\/www.vdhurk.nl\/?s={search_term_string}"},"query-input":{"@type":"PropertyValueSpecification","valueRequired":true,"valueName":"search_term_string"}}],"inLanguage":"fr-FR"}]}},"_links":{"self":[{"href":"https:\/\/www.vdhurk.nl\/fr\/wp-json\/wp\/v2\/pages\/372079","targetHints":{"allow":["GET"]}}],"collection":[{"href":"https:\/\/www.vdhurk.nl\/fr\/wp-json\/wp\/v2\/pages"}],"about":[{"href":"https:\/\/www.vdhurk.nl\/fr\/wp-json\/wp\/v2\/types\/page"}],"author":[{"embeddable":true,"href":"https:\/\/www.vdhurk.nl\/fr\/wp-json\/wp\/v2\/users\/3"}],"replies":[{"embeddable":true,"href":"https:\/\/www.vdhurk.nl\/fr\/wp-json\/wp\/v2\/comments?post=372079"}],"version-history":[{"count":3,"href":"https:\/\/www.vdhurk.nl\/fr\/wp-json\/wp\/v2\/pages\/372079\/revisions"}],"predecessor-version":[{"id":372425,"href":"https:\/\/www.vdhurk.nl\/fr\/wp-json\/wp\/v2\/pages\/372079\/revisions\/372425"}],"wp:attachment":[{"href":"https:\/\/www.vdhurk.nl\/fr\/wp-json\/wp\/v2\/media?parent=372079"}],"curies":[{"name":"wp","href":"https:\/\/api.w.org\/{rel}","templated":true}]}}