{"id":372075,"date":"2024-04-15T16:44:52","date_gmt":"2024-04-15T14:44:52","guid":{"rendered":"https:\/\/www.vdhurk.nl\/?page_id=372075"},"modified":"2024-08-19T13:45:20","modified_gmt":"2024-08-19T11:45:20","slug":"vehicules-commerciaux-fiat","status":"publish","type":"page","link":"https:\/\/www.vdhurk.nl\/fr\/fiat-bedrijfswagens\/","title":{"rendered":"Fiat Commercial Vehicles"},"content":{"rendered":"<section  class='av_textblock_section av-lu8gnh7d-4ac895489941e586c1d7c8cb72318135'  itemscope=\"itemscope\" itemtype=\"https:\/\/schema.org\/CreativeWork\" ><div class='avia_textblock'  itemprop=\"text\" ><h1><b>V\u00e9hicules utilitaires Fiat : adapt\u00e9s \u00e0 toutes les entreprises<\/b><\/h1>\n<p>Les v\u00e9hicules utilitaires Fiat sont con\u00e7us pour r\u00e9pondre aux besoins des utilisateurs professionnels. La marque a une histoire d'innovation et de fiabilit\u00e9 combin\u00e9e \u00e0 des designs \u00e9l\u00e9gants et \u00e0 des performances efficaces. Fiat a d\u00e9velopp\u00e9 diff\u00e9rents mod\u00e8les au fil des ans : des fourgonnettes compactes aux v\u00e9hicules spacieux dot\u00e9s d'\u00e9quipements sp\u00e9ciaux. Les v\u00e9hicules utilitaires de la marque sont donc connus pour leur polyvalence, qui va de pair avec les d\u00e9veloppements technologiques.<\/p>\n<\/div><\/section>\n\n<style type=\"text\/css\" data-created_by=\"avia_inline_auto\" id=\"style-css-av-lujjddpd-afa3d7a9eabd61123e643ed1228e781e\">\n#top .hr.hr-invisible.av-lujjddpd-afa3d7a9eabd61123e643ed1228e781e{\nheight:50px;\n}\n<\/style>\n<div  class='hr av-lujjddpd-afa3d7a9eabd61123e643ed1228e781e hr-invisible  avia-builder-el-1  el_after_av_textblock  el_before_av_codeblock'><span class='hr-inner'><span class=\"hr-inner-style\"><\/span><\/span><\/div>\n\n\n<style type=\"text\/css\" data-created_by=\"avia_inline_auto\" id=\"style-css-av-o1d5-cf77288da24053faf1b6ffbefcfc6222\">\n#top .hr.hr-invisible.av-o1d5-cf77288da24053faf1b6ffbefcfc6222{\nheight:50px;\n}\n<\/style>\n<div  class='hr av-o1d5-cf77288da24053faf1b6ffbefcfc6222 hr-invisible  avia-builder-el-3  el_after_av_codeblock  el_before_av_textblock'><span class='hr-inner'><span class=\"hr-inner-style\"><\/span><\/span><\/div>\n<section  class='av_textblock_section av-lu8gtjw7-4f3cee9304909518d86d2860d9d582dd'  itemscope=\"itemscope\" itemtype=\"https:\/\/schema.org\/CreativeWork\" ><div class='avia_textblock'  itemprop=\"text\" ><h2><b>L'histoire de Fiat<\/b><b><\/b><\/h2>\n<h3><b>Comment la marque est-elle n\u00e9e ?<\/b><\/h3>\n<p>Fiat est l'un des constructeurs automobiles italiens les plus embl\u00e9matiques et jouit d'une popularit\u00e9 mondiale. La soci\u00e9t\u00e9 a \u00e9t\u00e9 fond\u00e9e en 1899 et est devenue un acteur majeur dans le domaine des voitures particuli\u00e8res. Rapidement, la soci\u00e9t\u00e9 a r\u00e9alis\u00e9 le potentiel du march\u00e9 des v\u00e9hicules utilitaires. Les premiers v\u00e9hicules utilitaires ont donc \u00e9t\u00e9 produits en 1903. La marque s'est rapidement d\u00e9velopp\u00e9e gr\u00e2ce \u00e0 sa fiabilit\u00e9 et \u00e0 sa polyvalence. Dans les ann\u00e9es qui ont suivi, Fiat a proc\u00e9d\u00e9 \u00e0 plusieurs acquisitions et collaborations strat\u00e9giques afin de renforcer sa position sur le march\u00e9 des v\u00e9hicules utilitaires. La fusion avec Chrysler en 2014 a constitu\u00e9 une \u00e9tape importante. Cette fusion a permis d'accro\u00eetre la pr\u00e9sence mondiale de la marque et de lui donner acc\u00e8s \u00e0 davantage de technologies.<\/p>\n<h3><b>Fiat au fil des ans<\/b><\/h3>\n<p>Au fil des ans, Fiat a toujours \u00e9largi et innov\u00e9 sa gamme de v\u00e9hicules commerciaux avec diff\u00e9rents mod\u00e8les. Les autobus, v\u00e9hicules utilitaires et autres v\u00e9hicules Fiat se sont rapidement caract\u00e9ris\u00e9s par leur qualit\u00e9, leur efficacit\u00e9 et leur durabilit\u00e9. Ils ont \u00e9t\u00e9 largement utilis\u00e9s dans divers secteurs d'activit\u00e9, allant du transport et de la logistique \u00e0 la construction et aux transports publics. Aujourd'hui, Fiat est toujours un acteur majeur de l'industrie automobile avec une large gamme de mod\u00e8les qui r\u00e9pondent aux besoins des clients professionnels.<\/p>\n<h2><b>Qu'est-ce qui distingue Fiat des autres marques ?<\/b><\/h2>\n<p>Les mod\u00e8les d'autobus et autres v\u00e9hicules utilitaires Fiat se distinguent des autres marques. Les v\u00e9hicules utilitaires pr\u00e9sentent un certain nombre d'avantages :<\/p>\n<ul>\n<li><b>Fiabilit\u00e9 :<\/b> Les v\u00e9hicules utilitaires de la marque sont r\u00e9put\u00e9s pour leur fiabilit\u00e9 \u00e9prouv\u00e9e. Ils sont appr\u00e9ci\u00e9s par les entreprises pour leur construction robuste et leurs performances \u00e0 long terme.<\/li>\n<li aria-level=\"1\"><b>Consommation de carburant et efficacit\u00e9 :<\/b> Les v\u00e9hicules utilitaires sont \u00e9quip\u00e9s de technologies de moteur avanc\u00e9es qui garantissent un meilleur rendement \u00e9nerg\u00e9tique. Cela permet de r\u00e9duire les co\u00fbts d'exploitation des entreprises.<\/li>\n<li aria-level=\"1\"><b>Polyvalence :<\/b> Fiat a d\u00e9j\u00e0 lanc\u00e9 de nombreux mod\u00e8les diff\u00e9rents adapt\u00e9s aux diff\u00e9rents besoins des entreprises.<\/li>\n<li aria-level=\"1\"><b>Confort :<\/b> Fiat \u00e9quipe tous ses v\u00e9hicules utilitaires d'int\u00e9rieurs modernes con\u00e7us pour le confort et la commodit\u00e9 du conducteur et des passagers. En outre, les mod\u00e8les sont souvent dot\u00e9s de caract\u00e9ristiques technologiques avanc\u00e9es et de syst\u00e8mes de s\u00e9curit\u00e9 performants. Ceux-ci am\u00e9liorent l'exp\u00e9rience et la productivit\u00e9 de la conduite.<\/li>\n<\/ul>\n<h2><b>Diverses occasions<\/b><\/h2>\n<p>Chez Van den Hurk, vous pouvez faire plus qu'acheter un nouvel autobus Fiat. Vous \u00eates \u00e9galement au bon endroit pour acheter un bus Fiat d'occasion. L'avantage des v\u00e9hicules d'occasion par rapport aux mod\u00e8les neufs r\u00e9side principalement dans le prix. Nos v\u00e9hicules d'occasion sont fonctionnels et fiables \u00e0 un prix avantageux. Dans notre gamme, vous trouverez diff\u00e9rents v\u00e9hicules d'occasion :<\/p>\n<ul>\n<li aria-level=\"1\"><strong>Fiat Doblo occasion<\/strong><strong>:<\/strong> Fourgon compact dot\u00e9 d'un vaste espace de chargement, ce mod\u00e8le est id\u00e9al pour les livraisons en ville et dans les zones encombr\u00e9es. Cette occasion est appr\u00e9ci\u00e9e par les utilisateurs professionnels pour son utilisation pratique et ses co\u00fbts d'exploitation r\u00e9duits.<\/li>\n<li aria-level=\"1\"><strong>Fiat Ducato occasion<\/strong>Le mod\u00e8le de v\u00e9hicule utilitaire : C'est l'un des mod\u00e8les les plus connus et les plus populaires dans le domaine des v\u00e9hicules utilitaires de grande taille. Il est connu pour son espace de chargement spacieux, sa polyvalence et sa fiabilit\u00e9. Ce mod\u00e8le est souvent utilis\u00e9 pour le transport et les services de messagerie.<\/li>\n<li aria-level=\"1\"><strong>Fiat Fiorino occasion<\/strong><strong>:<\/strong> Cette fourgonnette compacte est id\u00e9ale pour les livraisons urbaines et les petites activit\u00e9s professionnelles. C'est pourquoi ce mod\u00e8le est particuli\u00e8rement appr\u00e9ci\u00e9 par les propri\u00e9taires de petites entreprises.<\/li>\n<li aria-level=\"1\"><strong>Fiat Scudo occasion<\/strong><strong>:<\/strong> Ce v\u00e9hicule utilitaire de taille moyenne est appr\u00e9ci\u00e9 pour sa fiabilit\u00e9, sa polyvalence et son prix abordable. Ce mod\u00e8le dispose d'un espace de chargement spacieux et d'une cabine confortable. Il en r\u00e9sulte une bonne exp\u00e9rience de conduite.<\/li>\n<li aria-level=\"1\"><strong>Fiat Talento occasion<\/strong><strong>:<\/strong> Il s'agit d'une fourgonnette de taille moyenne, particuli\u00e8rement appr\u00e9ci\u00e9e pour sa fiabilit\u00e9 et ses caract\u00e9ristiques modernes. Gr\u00e2ce \u00e0 son espace de chargement spacieux et \u00e0 son habitacle confortable, il convient parfaitement \u00e0 diverses applications professionnelles.<\/li>\n<\/ul>\n<h2><b>Location ou achat : quelle est la meilleure option pour votre entreprise ?<\/b><\/h2>\n<p>La location ou l'achat d'un bus Fiat sont deux options possibles. Mais quelle est la meilleure option ? Cela d\u00e9pend souvent de plusieurs facteurs. L'avantage de l'achat est qu'un v\u00e9hicule commercial devient votre propri\u00e9t\u00e9 et que vous n'avez pas \u00e0 tenir compte des restrictions en mati\u00e8re de kilom\u00e9trage. L'avantage du leasing r\u00e9side dans les co\u00fbts initiaux moins \u00e9lev\u00e9s. En outre, les co\u00fbts sont souvent pr\u00e9visibles, ce qui facilite la gestion de votre budget. Tenez compte de ces facteurs avant de d\u00e9cider d'acheter ou de louer un v\u00e9hicule utilitaire.<\/p>\n<h2>La qualit\u00e9 chez Van den Hurk<\/h2>\n<p>Depuis plus de 50 ans, Van den Hurk Bedrijfswagens est votre partenaire pour l'achat, le leasing, la location, la r\u00e9paration de carrosserie et l'entretien de votre v\u00e9hicule utilitaire. Qu'il s'agisse d'un v\u00e9hicule utilitaire neuf ou d'occasion, nous connaissons parfaitement chaque v\u00e9hicule. C'est pourquoi nous pouvons toujours garantir une qualit\u00e9 et une mobilit\u00e9 optimales. En plus de nos <a href=\"https:\/\/www.vdhurk.nl\/fr\/vehicules-commerciaux\/\">v\u00e9hicules commerciaux de haute qualit\u00e9<\/a> nous sommes l\u00e0 pour vous avec notre excellent service, nos prix comp\u00e9titifs et notre contact personnel. Nous aimons r\u00e9fl\u00e9chir avec vous. Vous pouvez donc \u00eatre s\u00fbr que vous prendrez bient\u00f4t la route au volant de la voiture de soci\u00e9t\u00e9 qui vous convient le mieux !<\/p>\n<\/div><\/section>","protected":false},"excerpt":{"rendered":"","protected":false},"author":3,"featured_media":0,"parent":0,"menu_order":0,"comment_status":"closed","ping_status":"closed","template":"","meta":{"_acf_changed":false,"_improvement_type_select":"improve_an_existing","_thumb_yes_seoaic":false,"_frame_yes_seoaic":false,"seoaic_generate_description":"","seoaic_improve_instructions_prompt":"","seoaic_rollback_content_improvement":"","seoaic_idea_thumbnail_generator":"","thumbnail_generated":false,"thumbnail_generate_prompt":"","seoaic_article_description":"","footnotes":""},"class_list":["post-372075","page","type-page","status-publish","hentry"],"acf":[],"yoast_head":"<!-- This site is optimized with the Yoast SEO plugin v27.5 - https:\/\/yoast.com\/product\/yoast-seo-wordpress\/ -->\n<title>Fiat bedrijfswagens voor elk bedrijf. Ontdek het assortiment.<\/title>\n<meta name=\"description\" content=\"Wil jij verzekerd zijn van een betrouwbaar voertuig? Ontdek dan de nieuwe en gebruikte Fiat bedrijfswagens. kies uit een breed aanbod.\" \/>\n<meta name=\"robots\" content=\"index, follow, max-snippet:-1, max-image-preview:large, max-video-preview:-1\" \/>\n<link rel=\"canonical\" href=\"https:\/\/www.vdhurk.nl\/fr\/vehicules-commerciaux-fiat\/\" \/>\n<meta property=\"og:locale\" content=\"fr_FR\" \/>\n<meta property=\"og:type\" content=\"article\" \/>\n<meta property=\"og:title\" content=\"Fiat bedrijfswagens voor elk bedrijf. Ontdek het assortiment.\" \/>\n<meta property=\"og:description\" content=\"Wil jij verzekerd zijn van een betrouwbaar voertuig? Ontdek dan de nieuwe en gebruikte Fiat bedrijfswagens. kies uit een breed aanbod.\" \/>\n<meta property=\"og:url\" content=\"https:\/\/www.vdhurk.nl\/fr\/vehicules-commerciaux-fiat\/\" \/>\n<meta property=\"og:site_name\" content=\"Van den Hurk Bedrijfswagens\" \/>\n<meta property=\"article:modified_time\" content=\"2024-08-19T11:45:20+00:00\" \/>\n<meta name=\"twitter:card\" content=\"summary_large_image\" \/>\n<meta name=\"twitter:label1\" content=\"Dur\u00e9e de lecture estim\u00e9e\" \/>\n\t<meta name=\"twitter:data1\" content=\"5 minutes\" \/>\n<script type=\"application\/ld+json\" class=\"yoast-schema-graph\">{\"@context\":\"https:\\\/\\\/schema.org\",\"@graph\":[{\"@type\":\"WebPage\",\"@id\":\"https:\\\/\\\/www.vdhurk.nl\\\/fiat-bedrijfswagens\\\/\",\"url\":\"https:\\\/\\\/www.vdhurk.nl\\\/fiat-bedrijfswagens\\\/\",\"name\":\"Fiat bedrijfswagens voor elk bedrijf. Ontdek het assortiment.\",\"isPartOf\":{\"@id\":\"https:\\\/\\\/www.vdhurk.nl\\\/#website\"},\"datePublished\":\"2024-04-15T14:44:52+00:00\",\"dateModified\":\"2024-08-19T11:45:20+00:00\",\"description\":\"Wil jij verzekerd zijn van een betrouwbaar voertuig? Ontdek dan de nieuwe en gebruikte Fiat bedrijfswagens. kies uit een breed aanbod.\",\"breadcrumb\":{\"@id\":\"https:\\\/\\\/www.vdhurk.nl\\\/fiat-bedrijfswagens\\\/#breadcrumb\"},\"inLanguage\":\"fr-FR\",\"potentialAction\":[{\"@type\":\"ReadAction\",\"target\":[\"https:\\\/\\\/www.vdhurk.nl\\\/fiat-bedrijfswagens\\\/\"]}]},{\"@type\":\"BreadcrumbList\",\"@id\":\"https:\\\/\\\/www.vdhurk.nl\\\/fiat-bedrijfswagens\\\/#breadcrumb\",\"itemListElement\":[{\"@type\":\"ListItem\",\"position\":1,\"name\":\"Home\",\"item\":\"https:\\\/\\\/www.vdhurk.nl\\\/home\\\/\"},{\"@type\":\"ListItem\",\"position\":2,\"name\":\"Fiat Bedrijfswagens\"}]},{\"@type\":\"WebSite\",\"@id\":\"https:\\\/\\\/www.vdhurk.nl\\\/#website\",\"url\":\"https:\\\/\\\/www.vdhurk.nl\\\/\",\"name\":\"Van den Hurk Bedrijfswagens\",\"description\":\"Van den Hurk bedrijfswagens Helmond\",\"potentialAction\":[{\"@type\":\"SearchAction\",\"target\":{\"@type\":\"EntryPoint\",\"urlTemplate\":\"https:\\\/\\\/www.vdhurk.nl\\\/?s={search_term_string}\"},\"query-input\":{\"@type\":\"PropertyValueSpecification\",\"valueRequired\":true,\"valueName\":\"search_term_string\"}}],\"inLanguage\":\"fr-FR\"}]}<\/script>\n<!-- \/ Yoast SEO plugin. -->","yoast_head_json":{"title":"Les v\u00e9hicules utilitaires Fiat pour toutes les entreprises. D\u00e9couvrez la gamme.","description":"Vous voulez avoir l'assurance d'un v\u00e9hicule fiable ? D\u00e9couvrez les v\u00e9hicules utilitaires Fiat neufs et d'occasion. Faites votre choix parmi une large gamme.","robots":{"index":"index","follow":"follow","max-snippet":"max-snippet:-1","max-image-preview":"max-image-preview:large","max-video-preview":"max-video-preview:-1"},"canonical":"https:\/\/www.vdhurk.nl\/fr\/vehicules-commerciaux-fiat\/","og_locale":"fr_FR","og_type":"article","og_title":"Fiat bedrijfswagens voor elk bedrijf. Ontdek het assortiment.","og_description":"Wil jij verzekerd zijn van een betrouwbaar voertuig? Ontdek dan de nieuwe en gebruikte Fiat bedrijfswagens. kies uit een breed aanbod.","og_url":"https:\/\/www.vdhurk.nl\/fr\/vehicules-commerciaux-fiat\/","og_site_name":"Van den Hurk Bedrijfswagens","article_modified_time":"2024-08-19T11:45:20+00:00","twitter_card":"summary_large_image","twitter_misc":{"Dur\u00e9e de lecture estim\u00e9e":"5 minutes"},"schema":{"@context":"https:\/\/schema.org","@graph":[{"@type":"WebPage","@id":"https:\/\/www.vdhurk.nl\/fiat-bedrijfswagens\/","url":"https:\/\/www.vdhurk.nl\/fiat-bedrijfswagens\/","name":"Les v\u00e9hicules utilitaires Fiat pour toutes les entreprises. D\u00e9couvrez la gamme.","isPartOf":{"@id":"https:\/\/www.vdhurk.nl\/#website"},"datePublished":"2024-04-15T14:44:52+00:00","dateModified":"2024-08-19T11:45:20+00:00","description":"Vous voulez avoir l'assurance d'un v\u00e9hicule fiable ? D\u00e9couvrez les v\u00e9hicules utilitaires Fiat neufs et d'occasion. Faites votre choix parmi une large gamme.","breadcrumb":{"@id":"https:\/\/www.vdhurk.nl\/fiat-bedrijfswagens\/#breadcrumb"},"inLanguage":"fr-FR","potentialAction":[{"@type":"ReadAction","target":["https:\/\/www.vdhurk.nl\/fiat-bedrijfswagens\/"]}]},{"@type":"BreadcrumbList","@id":"https:\/\/www.vdhurk.nl\/fiat-bedrijfswagens\/#breadcrumb","itemListElement":[{"@type":"ListItem","position":1,"name":"Home","item":"https:\/\/www.vdhurk.nl\/home\/"},{"@type":"ListItem","position":2,"name":"Fiat Bedrijfswagens"}]},{"@type":"WebSite","@id":"https:\/\/www.vdhurk.nl\/#website","url":"https:\/\/www.vdhurk.nl\/","name":"V\u00e9hicules utilitaires Van den Hurk","description":"V\u00e9hicules utilitaires Van den Hurk Helmond","potentialAction":[{"@type":"SearchAction","target":{"@type":"EntryPoint","urlTemplate":"https:\/\/www.vdhurk.nl\/?s={search_term_string}"},"query-input":{"@type":"PropertyValueSpecification","valueRequired":true,"valueName":"search_term_string"}}],"inLanguage":"fr-FR"}]}},"_links":{"self":[{"href":"https:\/\/www.vdhurk.nl\/fr\/wp-json\/wp\/v2\/pages\/372075","targetHints":{"allow":["GET"]}}],"collection":[{"href":"https:\/\/www.vdhurk.nl\/fr\/wp-json\/wp\/v2\/pages"}],"about":[{"href":"https:\/\/www.vdhurk.nl\/fr\/wp-json\/wp\/v2\/types\/page"}],"author":[{"embeddable":true,"href":"https:\/\/www.vdhurk.nl\/fr\/wp-json\/wp\/v2\/users\/3"}],"replies":[{"embeddable":true,"href":"https:\/\/www.vdhurk.nl\/fr\/wp-json\/wp\/v2\/comments?post=372075"}],"version-history":[{"count":4,"href":"https:\/\/www.vdhurk.nl\/fr\/wp-json\/wp\/v2\/pages\/372075\/revisions"}],"predecessor-version":[{"id":399704,"href":"https:\/\/www.vdhurk.nl\/fr\/wp-json\/wp\/v2\/pages\/372075\/revisions\/399704"}],"wp:attachment":[{"href":"https:\/\/www.vdhurk.nl\/fr\/wp-json\/wp\/v2\/media?parent=372075"}],"curies":[{"name":"wp","href":"https:\/\/api.w.org\/{rel}","templated":true}]}}