{"id":372067,"date":"2024-04-16T14:04:50","date_gmt":"2024-04-16T12:04:50","guid":{"rendered":"https:\/\/www.vdhurk.nl\/?page_id=372067"},"modified":"2024-04-16T14:04:50","modified_gmt":"2024-04-16T12:04:50","slug":"iveco-commercial-vehicles","status":"publish","type":"page","link":"https:\/\/www.vdhurk.nl\/fr\/iveco-bedrijfswagens\/","title":{"rendered":"V\u00e9hicules utilitaires Iveco"},"content":{"rendered":"<section  class='av_textblock_section av-lu8gnh7d-4ac895489941e586c1d7c8cb72318135'  itemscope=\"itemscope\" itemtype=\"https:\/\/schema.org\/CreativeWork\" ><div class='avia_textblock'  itemprop=\"text\" ><h1><b>D\u00e9couvrez la polyvalence d'Iveco : des v\u00e9hicules utilitaires fiables pour toutes les t\u00e2ches<\/b><\/h1>\n<p>Chez Van den Hurk, vous trouverez une vari\u00e9t\u00e9 de v\u00e9hicules utilitaires Iveco. Cette marque est pr\u00e9sente dans le monde entier et est connue pour sa large gamme de v\u00e9hicules commerciaux, y compris les camions, les fourgonnettes, les autobus et les v\u00e9hicules sp\u00e9ciaux. Iveco s'est forg\u00e9 une solide r\u00e9putation de fiabilit\u00e9, d'efficacit\u00e9 et d'innovation dans l'industrie du transport. Cela en fait un acteur majeur de l'industrie automobile.<\/p>\n<\/div><\/section>\n\n<style type=\"text\/css\" data-created_by=\"avia_inline_auto\" id=\"style-css-av-lujjddpd-afa3d7a9eabd61123e643ed1228e781e\">\n#top .hr.hr-invisible.av-lujjddpd-afa3d7a9eabd61123e643ed1228e781e{\nheight:50px;\n}\n<\/style>\n<div  class='hr av-lujjddpd-afa3d7a9eabd61123e643ed1228e781e hr-invisible  avia-builder-el-1  el_after_av_textblock  el_before_av_codeblock'><span class='hr-inner'><span class=\"hr-inner-style\"><\/span><\/span><\/div>\n\n\n<style type=\"text\/css\" data-created_by=\"avia_inline_auto\" id=\"style-css-av-o1d5-cf77288da24053faf1b6ffbefcfc6222\">\n#top .hr.hr-invisible.av-o1d5-cf77288da24053faf1b6ffbefcfc6222{\nheight:50px;\n}\n<\/style>\n<div  class='hr av-o1d5-cf77288da24053faf1b6ffbefcfc6222 hr-invisible  avia-builder-el-3  el_after_av_codeblock  el_before_av_textblock'><span class='hr-inner'><span class=\"hr-inner-style\"><\/span><\/span><\/div>\n<section  class='av_textblock_section av-lu8gtjw7-4f3cee9304909518d86d2860d9d582dd'  itemscope=\"itemscope\" itemtype=\"https:\/\/schema.org\/CreativeWork\" ><div class='avia_textblock'  itemprop=\"text\" ><h2><b>Comment Iveco a-t-il vu le jour ?<\/b><\/h2>\n<p>Iveco est n\u00e9 en 1970 de la fusion de plusieurs entreprises. La marque a d\u00e9but\u00e9 avec un plan ambitieux visant \u00e0 renforcer le march\u00e9 des v\u00e9hicules utilitaires. Elle est rapidement devenue un acteur puissant de l'industrie automobile. Iveco combine une expertise et des ressources qui lui permettent de travailler efficacement et de d\u00e9velopper des solutions innovantes. Au fil des ans, la marque a \u00e9tendu sa pr\u00e9sence mondiale gr\u00e2ce \u00e0 des sites de production et des canaux de distribution dans diff\u00e9rents pays du monde.<\/p>\n<h2><b>Pourquoi ces v\u00e9hicules utilitaires sont-ils si populaires ?<\/b><\/h2>\n<p>Les autobus et autres v\u00e9hicules Iveco jouissent d'une popularit\u00e9 mondiale. Cela est d\u00fb en partie \u00e0.. :<\/p>\n<ul>\n<li aria-level=\"1\"><b>Fiabilit\u00e9 :<\/b> La marque est connue pour ses v\u00e9hicules commerciaux fiables, con\u00e7us pour durer et fonctionner dans des conditions difficiles. De nombreuses entreprises font d\u00e9j\u00e0 confiance aux v\u00e9hicules Iveco.<\/li>\n<li aria-level=\"1\"><b>Polyvalence : <\/b>L'offre d'Iveco comprend diff\u00e9rents v\u00e9hicules commerciaux. Cette polyvalence permet aux clients de trouver le v\u00e9hicule qui r\u00e9pond \u00e0 leurs besoins sp\u00e9cifiques.<\/li>\n<li aria-level=\"1\"><b>L'innovation<\/b>: Iveco reste attach\u00e9 \u00e0 l'innovation, en investissant constamment dans de nouvelles technologies pour am\u00e9liorer ses v\u00e9hicules.<\/li>\n<li aria-level=\"1\"><b>Durabilit\u00e9 :<\/b> La marque se concentre sur la r\u00e9duction de l'impact environnemental de ses v\u00e9hicules. Pour ce faire, elle utilise des moteurs plus \u00e9conomes en carburant, promeut les carburants alternatifs et explore les possibilit\u00e9s d'\u00e9lectrification.<\/li>\n<\/ul>\n<h2><b>Qu'est-ce qui diff\u00e9rencie Iveco des autres marques automobiles ?<\/b><\/h2>\n<p>Iveco se distingue \u00e0 plusieurs \u00e9gards. Elle se concentre sur les v\u00e9hicules commerciaux et est connue pour la diversit\u00e9 de ses v\u00e9hicules. Elle se concentre principalement sur le secteur du transport et de la logistique. Elle utilise \u00e9galement diverses technologies innovantes. Par exemple, tous les v\u00e9hicules sont \u00e9quip\u00e9s de moteurs efficaces, de dispositifs de s\u00e9curit\u00e9 avanc\u00e9s et de groupes motopropulseurs respectueux de l'environnement. En outre, ils accordent une grande importance \u00e0 la durabilit\u00e9 et au respect de l'environnement. Ils s'engagent \u00e0 r\u00e9duire leur impact sur l'environnement. Tous ces aspects font d'Iveco une marque unique dans l'industrie automobile.<\/p>\n<h2><b>Possibilit\u00e9s de financement<\/b><\/h2>\n<h3><b>Acheter<\/b><\/h3>\n<p>Chez Van den Hurk, vous avez plusieurs possibilit\u00e9s de financement. L'achat d'un autobus Iveco est l'une de ces possibilit\u00e9s. L'avantage de l'achat est que vous devenez votre propre engag\u00e9. Vous avez donc le contr\u00f4le total du v\u00e9hicule, sans mensualit\u00e9s de location. En outre, vous n'avez pas \u00e0 vous soucier des restrictions en mati\u00e8re de kilom\u00e9trage. C'est particuli\u00e8rement avantageux lorsqu'il y a beaucoup d'activit\u00e9s de conduite.<\/p>\n<h3><b>Leasing<\/b><\/h3>\n<p>La location d'un autobus Iveco est l'autre option. L'avantage est que les co\u00fbts initiaux sont moins \u00e9lev\u00e9s qu'\u00e0 l'achat. Cela vous donne une plus grande flexibilit\u00e9 financi\u00e8re en tant qu'entreprise. En outre, vos d\u00e9penses mensuelles sont pr\u00e9visibles. En effet, dans le cadre d'un contrat de location, vous payez un montant fixe par mois.<\/p>\n<h2><b>Choisissez le mod\u00e8le adapt\u00e9 \u00e0 vos besoins<\/b><\/h2>\n<p>Dans notre gamme, vous trouverez diff\u00e9rents mod\u00e8les d'occasion de la marque Iveco. Quel est le mod\u00e8le qui vous convient le mieux ? Cela d\u00e9pend enti\u00e8rement de vos souhaits et de vos besoins. L'un des mod\u00e8les que nous proposons est l'Iveco daily occasion. Ce mod\u00e8le constitue une option int\u00e9ressante pour les entreprises et les entrepreneurs \u00e0 la recherche d'un mod\u00e8le fiable \u00e0 un prix relativement moins \u00e9lev\u00e9 que lors de l'achat d'un v\u00e9hicule neuf.<\/p>\n<\/div><\/section>","protected":false},"excerpt":{"rendered":"","protected":false},"author":3,"featured_media":0,"parent":0,"menu_order":0,"comment_status":"closed","ping_status":"closed","template":"","meta":{"_acf_changed":false,"_improvement_type_select":"improve_an_existing","_thumb_yes_seoaic":false,"_frame_yes_seoaic":false,"seoaic_generate_description":"","seoaic_improve_instructions_prompt":"","seoaic_rollback_content_improvement":"","seoaic_idea_thumbnail_generator":"","thumbnail_generated":false,"thumbnail_generate_prompt":"","seoaic_article_description":"","footnotes":""},"class_list":["post-372067","page","type-page","status-publish","hentry"],"acf":[],"yoast_head":"<!-- This site is optimized with the Yoast SEO plugin v27.3 - https:\/\/yoast.com\/product\/yoast-seo-wordpress\/ -->\n<title>Iveco bedrijfswagens: voor duurzaam en betrouwbaar transport<\/title>\n<meta name=\"description\" content=\"Bekijk het aanbod met Iveco bedrijfswagens en kies het voertuig dat helemaal aansluit aan jouw wensen en behoeften. Ontdek nu!\" \/>\n<meta name=\"robots\" content=\"index, follow, max-snippet:-1, max-image-preview:large, max-video-preview:-1\" \/>\n<link rel=\"canonical\" href=\"https:\/\/www.vdhurk.nl\/fr\/iveco-commercial-vehicles\/\" \/>\n<meta property=\"og:locale\" content=\"fr_FR\" \/>\n<meta property=\"og:type\" content=\"article\" \/>\n<meta property=\"og:title\" content=\"Iveco bedrijfswagens: voor duurzaam en betrouwbaar transport\" \/>\n<meta property=\"og:description\" content=\"Bekijk het aanbod met Iveco bedrijfswagens en kies het voertuig dat helemaal aansluit aan jouw wensen en behoeften. Ontdek nu!\" \/>\n<meta property=\"og:url\" content=\"https:\/\/www.vdhurk.nl\/fr\/iveco-commercial-vehicles\/\" \/>\n<meta property=\"og:site_name\" content=\"Van den Hurk Bedrijfswagens\" \/>\n<meta name=\"twitter:card\" content=\"summary_large_image\" \/>\n<meta name=\"twitter:label1\" content=\"Dur\u00e9e de lecture estim\u00e9e\" \/>\n\t<meta name=\"twitter:data1\" content=\"4 minutes\" \/>\n<script type=\"application\/ld+json\" class=\"yoast-schema-graph\">{\"@context\":\"https:\\\/\\\/schema.org\",\"@graph\":[{\"@type\":\"WebPage\",\"@id\":\"https:\\\/\\\/www.vdhurk.nl\\\/iveco-bedrijfswagens\\\/\",\"url\":\"https:\\\/\\\/www.vdhurk.nl\\\/iveco-bedrijfswagens\\\/\",\"name\":\"Iveco bedrijfswagens: voor duurzaam en betrouwbaar transport\",\"isPartOf\":{\"@id\":\"https:\\\/\\\/www.vdhurk.nl\\\/#website\"},\"datePublished\":\"2024-04-16T12:04:50+00:00\",\"description\":\"Bekijk het aanbod met Iveco bedrijfswagens en kies het voertuig dat helemaal aansluit aan jouw wensen en behoeften. Ontdek nu!\",\"breadcrumb\":{\"@id\":\"https:\\\/\\\/www.vdhurk.nl\\\/iveco-bedrijfswagens\\\/#breadcrumb\"},\"inLanguage\":\"fr-FR\",\"potentialAction\":[{\"@type\":\"ReadAction\",\"target\":[\"https:\\\/\\\/www.vdhurk.nl\\\/iveco-bedrijfswagens\\\/\"]}]},{\"@type\":\"BreadcrumbList\",\"@id\":\"https:\\\/\\\/www.vdhurk.nl\\\/iveco-bedrijfswagens\\\/#breadcrumb\",\"itemListElement\":[{\"@type\":\"ListItem\",\"position\":1,\"name\":\"Home\",\"item\":\"https:\\\/\\\/www.vdhurk.nl\\\/home\\\/\"},{\"@type\":\"ListItem\",\"position\":2,\"name\":\"Iveco Bedrijfswagens\"}]},{\"@type\":\"WebSite\",\"@id\":\"https:\\\/\\\/www.vdhurk.nl\\\/#website\",\"url\":\"https:\\\/\\\/www.vdhurk.nl\\\/\",\"name\":\"Van den Hurk Bedrijfswagens\",\"description\":\"Van den Hurk bedrijfswagens Helmond\",\"potentialAction\":[{\"@type\":\"SearchAction\",\"target\":{\"@type\":\"EntryPoint\",\"urlTemplate\":\"https:\\\/\\\/www.vdhurk.nl\\\/?s={search_term_string}\"},\"query-input\":{\"@type\":\"PropertyValueSpecification\",\"valueRequired\":true,\"valueName\":\"search_term_string\"}}],\"inLanguage\":\"fr-FR\"}]}<\/script>\n<!-- \/ Yoast SEO plugin. -->","yoast_head_json":{"title":"V\u00e9hicules utilitaires Iveco : pour un transport durable et fiable","description":"D\u00e9couvrez la gamme de v\u00e9hicules utilitaires Iveco et choisissez le v\u00e9hicule qui correspond le mieux \u00e0 vos besoins. A d\u00e9couvrir sans tarder !","robots":{"index":"index","follow":"follow","max-snippet":"max-snippet:-1","max-image-preview":"max-image-preview:large","max-video-preview":"max-video-preview:-1"},"canonical":"https:\/\/www.vdhurk.nl\/fr\/iveco-commercial-vehicles\/","og_locale":"fr_FR","og_type":"article","og_title":"Iveco bedrijfswagens: voor duurzaam en betrouwbaar transport","og_description":"Bekijk het aanbod met Iveco bedrijfswagens en kies het voertuig dat helemaal aansluit aan jouw wensen en behoeften. Ontdek nu!","og_url":"https:\/\/www.vdhurk.nl\/fr\/iveco-commercial-vehicles\/","og_site_name":"Van den Hurk Bedrijfswagens","twitter_card":"summary_large_image","twitter_misc":{"Dur\u00e9e de lecture estim\u00e9e":"4 minutes"},"schema":{"@context":"https:\/\/schema.org","@graph":[{"@type":"WebPage","@id":"https:\/\/www.vdhurk.nl\/iveco-bedrijfswagens\/","url":"https:\/\/www.vdhurk.nl\/iveco-bedrijfswagens\/","name":"V\u00e9hicules utilitaires Iveco : pour un transport durable et fiable","isPartOf":{"@id":"https:\/\/www.vdhurk.nl\/#website"},"datePublished":"2024-04-16T12:04:50+00:00","description":"D\u00e9couvrez la gamme de v\u00e9hicules utilitaires Iveco et choisissez le v\u00e9hicule qui correspond le mieux \u00e0 vos besoins. A d\u00e9couvrir sans tarder !","breadcrumb":{"@id":"https:\/\/www.vdhurk.nl\/iveco-bedrijfswagens\/#breadcrumb"},"inLanguage":"fr-FR","potentialAction":[{"@type":"ReadAction","target":["https:\/\/www.vdhurk.nl\/iveco-bedrijfswagens\/"]}]},{"@type":"BreadcrumbList","@id":"https:\/\/www.vdhurk.nl\/iveco-bedrijfswagens\/#breadcrumb","itemListElement":[{"@type":"ListItem","position":1,"name":"Home","item":"https:\/\/www.vdhurk.nl\/home\/"},{"@type":"ListItem","position":2,"name":"Iveco Bedrijfswagens"}]},{"@type":"WebSite","@id":"https:\/\/www.vdhurk.nl\/#website","url":"https:\/\/www.vdhurk.nl\/","name":"V\u00e9hicules utilitaires Van den Hurk","description":"V\u00e9hicules utilitaires Van den Hurk Helmond","potentialAction":[{"@type":"SearchAction","target":{"@type":"EntryPoint","urlTemplate":"https:\/\/www.vdhurk.nl\/?s={search_term_string}"},"query-input":{"@type":"PropertyValueSpecification","valueRequired":true,"valueName":"search_term_string"}}],"inLanguage":"fr-FR"}]}},"_links":{"self":[{"href":"https:\/\/www.vdhurk.nl\/fr\/wp-json\/wp\/v2\/pages\/372067","targetHints":{"allow":["GET"]}}],"collection":[{"href":"https:\/\/www.vdhurk.nl\/fr\/wp-json\/wp\/v2\/pages"}],"about":[{"href":"https:\/\/www.vdhurk.nl\/fr\/wp-json\/wp\/v2\/types\/page"}],"author":[{"embeddable":true,"href":"https:\/\/www.vdhurk.nl\/fr\/wp-json\/wp\/v2\/users\/3"}],"replies":[{"embeddable":true,"href":"https:\/\/www.vdhurk.nl\/fr\/wp-json\/wp\/v2\/comments?post=372067"}],"version-history":[{"count":5,"href":"https:\/\/www.vdhurk.nl\/fr\/wp-json\/wp\/v2\/pages\/372067\/revisions"}],"predecessor-version":[{"id":372072,"href":"https:\/\/www.vdhurk.nl\/fr\/wp-json\/wp\/v2\/pages\/372067\/revisions\/372072"}],"wp:attachment":[{"href":"https:\/\/www.vdhurk.nl\/fr\/wp-json\/wp\/v2\/media?parent=372067"}],"curies":[{"name":"wp","href":"https:\/\/api.w.org\/{rel}","templated":true}]}}