{"id":372062,"date":"2024-04-16T14:05:34","date_gmt":"2024-04-16T12:05:34","guid":{"rendered":"https:\/\/www.vdhurk.nl\/?page_id=372062"},"modified":"2024-04-16T14:06:19","modified_gmt":"2024-04-16T12:06:19","slug":"nissan-commercial-vehicles","status":"publish","type":"page","link":"https:\/\/www.vdhurk.nl\/fr\/nissan-bedrijfswagens\/","title":{"rendered":"V\u00e9hicules utilitaires Nissan"},"content":{"rendered":"<section  class='av_textblock_section av-lu8gnh7d-4ac895489941e586c1d7c8cb72318135'  itemscope=\"itemscope\" itemtype=\"https:\/\/schema.org\/CreativeWork\" ><div class='avia_textblock'  itemprop=\"text\" ><h1><b>V\u00e9hicules utilitaires Nissan : conduire en toute simplicit\u00e9<\/b><\/h1>\n<p>Entrez dans l'univers des v\u00e9hicules utilitaires Nissan et d\u00e9couvrez la gamme des diff\u00e9rents v\u00e9hicules. Tous les v\u00e9hicules utilitaires sont con\u00e7us pour r\u00e9pondre aux besoins des utilisateurs professionnels. La marque a tout ce que vous voulez pour votre v\u00e9hicule utilitaire : des mod\u00e8les compacts et agiles aux options puissantes et robustes. Les v\u00e9hicules de cette marque sont toujours pr\u00eats pour vous, o\u00f9 et quand vous en avez besoin.<\/p>\n<\/div><\/section>\n\n<style type=\"text\/css\" data-created_by=\"avia_inline_auto\" id=\"style-css-av-lujjddpd-afa3d7a9eabd61123e643ed1228e781e\">\n#top .hr.hr-invisible.av-lujjddpd-afa3d7a9eabd61123e643ed1228e781e{\nheight:50px;\n}\n<\/style>\n<div  class='hr av-lujjddpd-afa3d7a9eabd61123e643ed1228e781e hr-invisible  avia-builder-el-1  el_after_av_textblock  el_before_av_codeblock'><span class='hr-inner'><span class=\"hr-inner-style\"><\/span><\/span><\/div>\n\n\n<style type=\"text\/css\" data-created_by=\"avia_inline_auto\" id=\"style-css-av-o1d5-cf77288da24053faf1b6ffbefcfc6222\">\n#top .hr.hr-invisible.av-o1d5-cf77288da24053faf1b6ffbefcfc6222{\nheight:50px;\n}\n<\/style>\n<div  class='hr av-o1d5-cf77288da24053faf1b6ffbefcfc6222 hr-invisible  avia-builder-el-3  el_after_av_codeblock  el_before_av_textblock'><span class='hr-inner'><span class=\"hr-inner-style\"><\/span><\/span><\/div>\n<section  class='av_textblock_section av-lu8gtjw7-4f3cee9304909518d86d2860d9d582dd'  itemscope=\"itemscope\" itemtype=\"https:\/\/schema.org\/CreativeWork\" ><div class='avia_textblock'  itemprop=\"text\" ><h2><b>Les d\u00e9buts de Nissan<\/b><\/h2>\n<h3><b>Comment la marque est-elle n\u00e9e ?<\/b><\/h3>\n<p>Fond\u00e9e \u00e0 l'origine sous le nom de Kwaishinisha Motor Car Works en 1911, Nissan est devenue l'une des marques automobiles les plus embl\u00e9matiques au monde. La marque a une riche histoire d'innovation et d'avanc\u00e9es technologiques. Au fil des ans, la marque a conclu plusieurs collaborations, notamment une alliance strat\u00e9gique avec <a href=\"https:\/\/www.vdhurk.nl\/fr\/renault-commercial-vehicles\/\">Renault<\/a>. Il en est r\u00e9sult\u00e9 l'une des plus grandes alliances automobiles au monde.<\/p>\n<h3><b>L'\u00e9volution de Nissan au fil des ans<\/b><\/h3>\n<p>Nissan a connu une \u00e9volution remarquable. Par exemple, la marque s'est adapt\u00e9e \u00e0 diverses conditions de march\u00e9 changeantes et a toujours continu\u00e9 \u00e0 rechercher de nouvelles technologies. Dans les premi\u00e8res ann\u00e9es, Nissan se concentrait principalement sur la production de voitures particuli\u00e8res. Plus tard, des mod\u00e8les embl\u00e9matiques tels que la Datsun Fairlady et la Nissan Skyline ont \u00e9t\u00e9 lanc\u00e9s. Nissan est devenue une marque automobile connue dans le monde entier, avec une large gamme de v\u00e9hicules diff\u00e9rents.<\/p>\n<p><span style=\"font-weight: 400;\">\u00a0<\/span><\/p>\n<h2><b>Caract\u00e9ristiques de Nissan<\/b><\/h2>\n<p>Nissan est connu pour ses v\u00e9hicules utilitaires con\u00e7us pour r\u00e9pondre aux besoins des utilisateurs professionnels. Voici quelques-unes de leurs caract\u00e9ristiques :<\/p>\n<ul>\n<li aria-level=\"1\"><b>Robuste : <\/b>Les v\u00e9hicules sont construits pour durer et r\u00e9sister aux conditions difficiles.<\/li>\n<li aria-level=\"1\"><b>Polyvalent :<\/b> Vous pouvez utiliser les v\u00e9hicules utilitaires pour n'importe quoi. Qu'il s'agisse de transporter des charges, des passagers ou les deux, Nissan s'en charge.<\/li>\n<li aria-level=\"1\"><b>Techniques avanc\u00e9es :<\/b> La marque int\u00e8gre de nouvelles fonctionnalit\u00e9s technologiques pour am\u00e9liorer la s\u00e9curit\u00e9, l'efficacit\u00e9 et la connectivit\u00e9. Il s'agit notamment de syst\u00e8mes d'aide \u00e0 la conduite et de fonctions de connectivit\u00e9 qui augmentent la productivit\u00e9 du conducteur.<\/li>\n<li aria-level=\"1\"><b>Efficacit\u00e9 \u00e9nerg\u00e9tique<\/b>Nissan : L'environnement fait l'objet d'une attention croissante. C'est pourquoi de nombreux v\u00e9hicules utilitaires Nissan proposent des options de r\u00e9duction de la consommation de carburant. Cela permet de r\u00e9aliser des \u00e9conomies et de r\u00e9duire l'empreinte carbone.<\/li>\n<li aria-level=\"1\"><b>Confort :<\/b> La marque Nissan mise sur le confort et l'ergonomie. Les conducteurs peuvent ainsi passer de longues p\u00e9riodes sur la route sans se fatiguer. Cela passe par des si\u00e8ges r\u00e9glables, des int\u00e9rieurs ergonomiques et des syst\u00e8mes d'assistance avanc\u00e9s qui rendent la conduite beaucoup plus facile et confortable.<\/li>\n<\/ul>\n<h2><b>Qu'est-ce qui diff\u00e9rencie Nissan des autres marques ?<\/b><\/h2>\n<p>Les autobus et les v\u00e9hicules utilitaires Nissan sont tr\u00e8s appr\u00e9ci\u00e9s par les entreprises. Cela s'explique par le fait que Nissan se distingue des autres marques. La marque est connue pour l'importance qu'elle accorde au d\u00e9veloppement innovant et au progr\u00e8s technologique. Les v\u00e9hicules se distinguent \u00e9galement par leurs \u00e9l\u00e9ments de design distinctifs qui sont \u00e0 la fois fonctionnels et \u00e9l\u00e9gants. Nissan propose une large gamme de v\u00e9hicules compos\u00e9e de diff\u00e9rents mod\u00e8les. En tant que pionnier de la mobilit\u00e9, la marque met \u00e9galement l'accent sur le d\u00e9veloppement durable et l'environnement. Nissan s'est \u00e9galement forg\u00e9 une r\u00e9putation de v\u00e9hicules fiables qui durent longtemps et n\u00e9cessitent peu d'entretien.<\/p>\n<h2><b>Mod\u00e8les d'occasion<\/b><\/h2>\n<p>Dans notre offre, vous trouverez plusieurs mod\u00e8les d'occasion, dont le Nissan bus occasion. L'avantage des mod\u00e8les d'occasion est qu'ils sont g\u00e9n\u00e9ralement moins chers que si vous optez pour un mod\u00e8le neuf. De plus, les v\u00e9hicules neufs perdent plus rapidement de leur valeur alors que les mod\u00e8les d'occasion se d\u00e9pr\u00e9cient souvent plus lentement.<\/p>\n<\/div><\/section>","protected":false},"excerpt":{"rendered":"","protected":false},"author":3,"featured_media":0,"parent":0,"menu_order":0,"comment_status":"closed","ping_status":"closed","template":"","meta":{"_acf_changed":false,"_improvement_type_select":"improve_an_existing","_thumb_yes_seoaic":false,"_frame_yes_seoaic":false,"seoaic_generate_description":"","seoaic_improve_instructions_prompt":"","seoaic_rollback_content_improvement":"","seoaic_idea_thumbnail_generator":"","thumbnail_generated":false,"thumbnail_generate_prompt":"","seoaic_article_description":"","footnotes":""},"class_list":["post-372062","page","type-page","status-publish","hentry"],"acf":[],"yoast_head":"<!-- This site is optimized with the Yoast SEO plugin v27.5 - https:\/\/yoast.com\/product\/yoast-seo-wordpress\/ -->\n<title>Ontdek het aanbod met verschillende Nissan bedrijfswagens<\/title>\n<meta name=\"description\" content=\"Nissan bedrijfswagens zijn uiterst geschikt voor zakelijke gebruikers. Ontdek de kracht van Nissan: innovatief en vol mogelijkheden\" \/>\n<meta name=\"robots\" content=\"index, follow, max-snippet:-1, max-image-preview:large, max-video-preview:-1\" \/>\n<link rel=\"canonical\" href=\"https:\/\/www.vdhurk.nl\/fr\/nissan-commercial-vehicles\/\" \/>\n<meta property=\"og:locale\" content=\"fr_FR\" \/>\n<meta property=\"og:type\" content=\"article\" \/>\n<meta property=\"og:title\" content=\"Ontdek het aanbod met verschillende Nissan bedrijfswagens\" \/>\n<meta property=\"og:description\" content=\"Nissan bedrijfswagens zijn uiterst geschikt voor zakelijke gebruikers. Ontdek de kracht van Nissan: innovatief en vol mogelijkheden\" \/>\n<meta property=\"og:url\" content=\"https:\/\/www.vdhurk.nl\/fr\/nissan-commercial-vehicles\/\" \/>\n<meta property=\"og:site_name\" content=\"Van den Hurk Bedrijfswagens\" \/>\n<meta property=\"article:modified_time\" content=\"2024-04-16T12:06:19+00:00\" \/>\n<meta name=\"twitter:card\" content=\"summary_large_image\" \/>\n<meta name=\"twitter:label1\" content=\"Dur\u00e9e de lecture estim\u00e9e\" \/>\n\t<meta name=\"twitter:data1\" content=\"4 minutes\" \/>\n<script type=\"application\/ld+json\" class=\"yoast-schema-graph\">{\"@context\":\"https:\\\/\\\/schema.org\",\"@graph\":[{\"@type\":\"WebPage\",\"@id\":\"https:\\\/\\\/www.vdhurk.nl\\\/nissan-bedrijfswagens\\\/\",\"url\":\"https:\\\/\\\/www.vdhurk.nl\\\/nissan-bedrijfswagens\\\/\",\"name\":\"Ontdek het aanbod met verschillende Nissan bedrijfswagens\",\"isPartOf\":{\"@id\":\"https:\\\/\\\/www.vdhurk.nl\\\/#website\"},\"datePublished\":\"2024-04-16T12:05:34+00:00\",\"dateModified\":\"2024-04-16T12:06:19+00:00\",\"description\":\"Nissan bedrijfswagens zijn uiterst geschikt voor zakelijke gebruikers. Ontdek de kracht van Nissan: innovatief en vol mogelijkheden\",\"breadcrumb\":{\"@id\":\"https:\\\/\\\/www.vdhurk.nl\\\/nissan-bedrijfswagens\\\/#breadcrumb\"},\"inLanguage\":\"fr-FR\",\"potentialAction\":[{\"@type\":\"ReadAction\",\"target\":[\"https:\\\/\\\/www.vdhurk.nl\\\/nissan-bedrijfswagens\\\/\"]}]},{\"@type\":\"BreadcrumbList\",\"@id\":\"https:\\\/\\\/www.vdhurk.nl\\\/nissan-bedrijfswagens\\\/#breadcrumb\",\"itemListElement\":[{\"@type\":\"ListItem\",\"position\":1,\"name\":\"Home\",\"item\":\"https:\\\/\\\/www.vdhurk.nl\\\/home\\\/\"},{\"@type\":\"ListItem\",\"position\":2,\"name\":\"Nissan Bedrijfswagens\"}]},{\"@type\":\"WebSite\",\"@id\":\"https:\\\/\\\/www.vdhurk.nl\\\/#website\",\"url\":\"https:\\\/\\\/www.vdhurk.nl\\\/\",\"name\":\"Van den Hurk Bedrijfswagens\",\"description\":\"Van den Hurk bedrijfswagens Helmond\",\"potentialAction\":[{\"@type\":\"SearchAction\",\"target\":{\"@type\":\"EntryPoint\",\"urlTemplate\":\"https:\\\/\\\/www.vdhurk.nl\\\/?s={search_term_string}\"},\"query-input\":{\"@type\":\"PropertyValueSpecification\",\"valueRequired\":true,\"valueName\":\"search_term_string\"}}],\"inLanguage\":\"fr-FR\"}]}<\/script>\n<!-- \/ Yoast SEO plugin. -->","yoast_head_json":{"title":"D\u00e9couvrez la gamme des diff\u00e9rents v\u00e9hicules utilitaires Nissan","description":"Les v\u00e9hicules utilitaires Nissan sont parfaitement adapt\u00e9s aux utilisateurs professionnels. D\u00e9couvrez la puissance de Nissan : innovante et pleine de possibilit\u00e9s","robots":{"index":"index","follow":"follow","max-snippet":"max-snippet:-1","max-image-preview":"max-image-preview:large","max-video-preview":"max-video-preview:-1"},"canonical":"https:\/\/www.vdhurk.nl\/fr\/nissan-commercial-vehicles\/","og_locale":"fr_FR","og_type":"article","og_title":"Ontdek het aanbod met verschillende Nissan bedrijfswagens","og_description":"Nissan bedrijfswagens zijn uiterst geschikt voor zakelijke gebruikers. Ontdek de kracht van Nissan: innovatief en vol mogelijkheden","og_url":"https:\/\/www.vdhurk.nl\/fr\/nissan-commercial-vehicles\/","og_site_name":"Van den Hurk Bedrijfswagens","article_modified_time":"2024-04-16T12:06:19+00:00","twitter_card":"summary_large_image","twitter_misc":{"Dur\u00e9e de lecture estim\u00e9e":"4 minutes"},"schema":{"@context":"https:\/\/schema.org","@graph":[{"@type":"WebPage","@id":"https:\/\/www.vdhurk.nl\/nissan-bedrijfswagens\/","url":"https:\/\/www.vdhurk.nl\/nissan-bedrijfswagens\/","name":"D\u00e9couvrez la gamme des diff\u00e9rents v\u00e9hicules utilitaires Nissan","isPartOf":{"@id":"https:\/\/www.vdhurk.nl\/#website"},"datePublished":"2024-04-16T12:05:34+00:00","dateModified":"2024-04-16T12:06:19+00:00","description":"Les v\u00e9hicules utilitaires Nissan sont parfaitement adapt\u00e9s aux utilisateurs professionnels. D\u00e9couvrez la puissance de Nissan : innovante et pleine de possibilit\u00e9s","breadcrumb":{"@id":"https:\/\/www.vdhurk.nl\/nissan-bedrijfswagens\/#breadcrumb"},"inLanguage":"fr-FR","potentialAction":[{"@type":"ReadAction","target":["https:\/\/www.vdhurk.nl\/nissan-bedrijfswagens\/"]}]},{"@type":"BreadcrumbList","@id":"https:\/\/www.vdhurk.nl\/nissan-bedrijfswagens\/#breadcrumb","itemListElement":[{"@type":"ListItem","position":1,"name":"Home","item":"https:\/\/www.vdhurk.nl\/home\/"},{"@type":"ListItem","position":2,"name":"Nissan Bedrijfswagens"}]},{"@type":"WebSite","@id":"https:\/\/www.vdhurk.nl\/#website","url":"https:\/\/www.vdhurk.nl\/","name":"V\u00e9hicules utilitaires Van den Hurk","description":"V\u00e9hicules utilitaires Van den Hurk Helmond","potentialAction":[{"@type":"SearchAction","target":{"@type":"EntryPoint","urlTemplate":"https:\/\/www.vdhurk.nl\/?s={search_term_string}"},"query-input":{"@type":"PropertyValueSpecification","valueRequired":true,"valueName":"search_term_string"}}],"inLanguage":"fr-FR"}]}},"_links":{"self":[{"href":"https:\/\/www.vdhurk.nl\/fr\/wp-json\/wp\/v2\/pages\/372062","targetHints":{"allow":["GET"]}}],"collection":[{"href":"https:\/\/www.vdhurk.nl\/fr\/wp-json\/wp\/v2\/pages"}],"about":[{"href":"https:\/\/www.vdhurk.nl\/fr\/wp-json\/wp\/v2\/types\/page"}],"author":[{"embeddable":true,"href":"https:\/\/www.vdhurk.nl\/fr\/wp-json\/wp\/v2\/users\/3"}],"replies":[{"embeddable":true,"href":"https:\/\/www.vdhurk.nl\/fr\/wp-json\/wp\/v2\/comments?post=372062"}],"version-history":[{"count":6,"href":"https:\/\/www.vdhurk.nl\/fr\/wp-json\/wp\/v2\/pages\/372062\/revisions"}],"predecessor-version":[{"id":372294,"href":"https:\/\/www.vdhurk.nl\/fr\/wp-json\/wp\/v2\/pages\/372062\/revisions\/372294"}],"wp:attachment":[{"href":"https:\/\/www.vdhurk.nl\/fr\/wp-json\/wp\/v2\/media?parent=372062"}],"curies":[{"name":"wp","href":"https:\/\/api.w.org\/{rel}","templated":true}]}}