{"id":372057,"date":"2024-04-15T16:15:53","date_gmt":"2024-04-15T14:15:53","guid":{"rendered":"https:\/\/www.vdhurk.nl\/?page_id=372057"},"modified":"2024-04-16T14:10:18","modified_gmt":"2024-04-16T12:10:18","slug":"renault-commercial-vehicles","status":"publish","type":"page","link":"https:\/\/www.vdhurk.nl\/fr\/renault-bedrijfswagens\/","title":{"rendered":"Renault Commercial Vehicles"},"content":{"rendered":"<section  class='av_textblock_section av-lu8gnh7d-4ac895489941e586c1d7c8cb72318135'  itemscope=\"itemscope\" itemtype=\"https:\/\/schema.org\/CreativeWork\" ><div class='avia_textblock'  itemprop=\"text\" ><h1><strong>Les v\u00e9hicules utilitaires Renault : fiables pour tous les entrepreneurs<\/strong><\/h1>\n<p>La marque automobile fran\u00e7aise Renault propose une large gamme de v\u00e9hicules utilitaires. Les v\u00e9hicules utilitaires Renault vont des fourgonnettes compactes aux grands v\u00e9hicules utilitaires. Tous les v\u00e9hicules utilitaires sont r\u00e9put\u00e9s pour leur fiabilit\u00e9, leur efficacit\u00e9 et leurs mod\u00e8les innovants con\u00e7us pour r\u00e9pondre aux besoins des utilisateurs professionnels. Forte d'une solide r\u00e9putation et d'une riche histoire dans l'industrie automobile, la marque propose des v\u00e9hicules utilitaires adapt\u00e9s \u00e0 diff\u00e9rents objectifs professionnels et besoins de transport.<\/p>\n<\/div><\/section>\n\n<style type=\"text\/css\" data-created_by=\"avia_inline_auto\" id=\"style-css-av-lujjddpd-afa3d7a9eabd61123e643ed1228e781e\">\n#top .hr.hr-invisible.av-lujjddpd-afa3d7a9eabd61123e643ed1228e781e{\nheight:50px;\n}\n<\/style>\n<div  class='hr av-lujjddpd-afa3d7a9eabd61123e643ed1228e781e hr-invisible  avia-builder-el-1  el_after_av_textblock  el_before_av_codeblock'><span class='hr-inner'><span class=\"hr-inner-style\"><\/span><\/span><\/div>\n\n\n<style type=\"text\/css\" data-created_by=\"avia_inline_auto\" id=\"style-css-av-ah0xd-63338d9dc6b40410e22a712829c369d6\">\n#top .hr.hr-invisible.av-ah0xd-63338d9dc6b40410e22a712829c369d6{\nheight:50px;\n}\n<\/style>\n<div  class='hr av-ah0xd-63338d9dc6b40410e22a712829c369d6 hr-invisible  avia-builder-el-3  el_after_av_codeblock  el_before_av_textblock'><span class='hr-inner'><span class=\"hr-inner-style\"><\/span><\/span><\/div>\n<section  class='av_textblock_section av-lu8gtjw7-4f3cee9304909518d86d2860d9d582dd'  itemscope=\"itemscope\" itemtype=\"https:\/\/schema.org\/CreativeWork\" ><div class='avia_textblock'  itemprop=\"text\" ><h2><b>L'histoire de Renault<\/b><\/h2>\n<h3><b>La naissance de la marque<\/b><\/h3>\n<p>Renault a \u00e9t\u00e9 fond\u00e9 en 1899 par Louis Renault, Marcel Renault et Fernand Renault. La marque se d\u00e9veloppe rapidement et est reconnue pour ses designs innovants et ses avanc\u00e9es technologiques. Pendant la Premi\u00e8re Guerre mondiale, la marque produit des v\u00e9hicules militaires. Cela a contribu\u00e9 \u00e0 la croissance et \u00e0 la r\u00e9putation de la marque. Apr\u00e8s la guerre, elle a commenc\u00e9 \u00e0 produire des v\u00e9hicules commerciaux. Au fil des ans, Renault a produit diff\u00e9rents types de mod\u00e8les. Ainsi, la marque a r\u00e9ussi \u00e0 occuper une excellente place dans l'industrie automobile. Et ce, tant en France qu'\u00e0 l'\u00e9tranger.<\/p>\n<h3><b>L'\u00e9volution au fil des ans<\/b><\/h3>\n<p>L'\u00e9volution de la marque se caract\u00e9rise par un certain nombre de moments et de d\u00e9veloppements cl\u00e9s. Dans les premi\u00e8res ann\u00e9es, Renault produisait principalement des v\u00e9hicules utilitaires l\u00e9gers, tels que des fourgonnettes et des petits camions. Ces v\u00e9hicules sont utilis\u00e9s pour le transport de marchandises. Au fur et \u00e0 mesure que la demande de v\u00e9hicules utilitaires augmentait, Renault a \u00e9largi sa gamme de produits et a commenc\u00e9 \u00e0 produire des v\u00e9hicules plus lourds. Ceux-ci \u00e9taient utilis\u00e9s dans des secteurs tels que le transport, la construction et les transports publics. Au fil des ans, Renault n'a cess\u00e9 de d\u00e9velopper et d'am\u00e9liorer les v\u00e9hicules utilitaires. Cela s'est traduit par des technologies et des caract\u00e9ristiques avanc\u00e9es.<\/p>\n<h2><b>Les avantages des autobus et v\u00e9hicules utilitaires Renault<\/b><\/h2>\n<p>Les v\u00e9hicules utilitaires de Renault pr\u00e9sentent de nombreux avantages :<\/p>\n<ul>\n<li aria-level=\"1\"><b>Fiabilit\u00e9 : <\/b>La marque est connue pour la fiabilit\u00e9 de ses v\u00e9hicules. Que ce soit pour la conduite quotidienne ou pour des applications professionnelles lourdes, les v\u00e9hicules utilitaires offrent des performances constantes et une fiabilit\u00e9 sur laquelle vous pouvez compter.<\/li>\n<li aria-level=\"1\"><b>Polyvalence : <\/b>Tous les v\u00e9hicules utilitaires sont produits pour un usage professionnel. Diff\u00e9rents mod\u00e8les ont \u00e9t\u00e9 lanc\u00e9s pour r\u00e9pondre aux besoins des diff\u00e9rents secteurs.<\/li>\n<li aria-level=\"1\"><b>Efficacit\u00e9 :<\/b> Gr\u00e2ce \u00e0 une technologie de moteur avanc\u00e9e, les v\u00e9hicules utilitaires offrent un bon rendement \u00e9nerg\u00e9tique. Cela permet de r\u00e9duire les co\u00fbts d'exploitation et l'impact sur l'environnement. C'est un avantage important, en particulier pour les entreprises qui parcourent beaucoup de kilom\u00e8tres.<\/li>\n<li aria-level=\"1\"><b>Confort et commodit\u00e9 : <\/b>Les v\u00e9hicules utilitaires sont con\u00e7us dans un souci de confort pour le conducteur et les passagers. Les v\u00e9hicules commerciaux sont \u00e9quip\u00e9s de si\u00e8ges ergonomiques et d'int\u00e9rieurs spacieux.<\/li>\n<li aria-level=\"1\"><b>La s\u00e9curit\u00e9 : <\/b>La s\u00e9curit\u00e9 des v\u00e9hicules est tr\u00e8s importante pour Renault. Ses v\u00e9hicules utilitaires sont \u00e9quip\u00e9s de dispositifs de s\u00e9curit\u00e9 tels que l'ABS, l'antipatinage, des airbags et des syst\u00e8mes d'aide \u00e0 la conduite.<\/li>\n<li aria-level=\"1\"><b>L'innovation : <\/b>La marque continue d'innover et d'investir dans l'utilisation de nouvelles technologies pour am\u00e9liorer les performances, l'efficacit\u00e9 et la s\u00e9curit\u00e9 de ses voitures. Cela permet \u00e0 Renault de rester \u00e0 la pointe de l'industrie automobile.<\/li>\n<\/ul>\n<ul>\n<li style=\"list-style-type: none;\"><\/li>\n<\/ul>\n<h2><b>Achat ou location d'un autobus Renault : quelle est la meilleure option ?<\/b><\/h2>\n<p>Chez Van den Hurk, nous vous proposons plusieurs options si vous \u00eates \u00e0 la recherche d'une voiture de soci\u00e9t\u00e9. La premi\u00e8re option consiste \u00e0 acheter une voiture de soci\u00e9t\u00e9. L'avantage est que le v\u00e9hicule devient alors votre propri\u00e9t\u00e9. Cela signifie que vous en avez le contr\u00f4le total. L'achat permet \u00e9galement de r\u00e9duire les co\u00fbts \u00e0 long terme. En outre, vous n'avez pas \u00e0 tenir compte des restrictions en mati\u00e8re de kilom\u00e9trage. La deuxi\u00e8me option consiste \u00e0 louer un autobus Renault. L'avantage est que les co\u00fbts initiaux sont moins \u00e9lev\u00e9s. Vous n'avez pas \u00e0 faire un gros investissement comme pour l'achat d'un v\u00e9hicule. En outre, avec le leasing, les co\u00fbts sont plus pr\u00e9visibles et il y a donc moins de risques de mauvaises surprises.<\/p>\n<h2><b>Diff\u00e9rentes options dans les mod\u00e8les<\/b><\/h2>\n<p>Optez-vous pour un bus Renault occasion ou pr\u00e9f\u00e9rez-vous conduire un v\u00e9hicule neuf ? Les deux options sont possibles. Dans notre offre, vous trouverez diff\u00e9rents v\u00e9hicules utilitaires neufs et d'occasion. Vous souhaitez acheter un bus Renault d'occasion ? Dans ce cas, vous avez le choix entre :<\/p>\n<ul>\n<li aria-level=\"1\"><strong><a href=\"https:\/\/www.vdhurk.nl\/fr\/vehicules-commerciaux\/renault\/traffic\/\">Occasion de circulation Renault<\/a><\/strong><b>: <\/b>C'est un mod\u00e8le populaire pour les entreprises qui recherchent un v\u00e9hicule fiable et polyvalent. Ce mod\u00e8le est connu pour son espace de chargement spacieux, son int\u00e9rieur confortable et ses moteurs efficaces. Bien qu'il s'agisse d'un v\u00e9hicule d'occasion, vous en avez pour votre argent et ce mod\u00e8le offre un \u00e9quilibre parfait entre le prix et la qualit\u00e9. Cette voiture d'occasion est un choix pratique et \u00e9conomique pour une utilisation professionnelle.<\/li>\n<li aria-level=\"1\"><strong><a href=\"https:\/\/www.vdhurk.nl\/fr\/vehicules-commerciaux\/renault\/mercedes-10\/\">Renault kangoo occasion<\/a><\/strong>Le mod\u00e8le de base est un v\u00e9hicule utilitaire compact et polyvalent, id\u00e9al pour de nombreuses applications professionnelles. Ce mod\u00e8le dispose d'un int\u00e9rieur pratique, de moteurs \u00e9conomes en carburant et est agile dans les environnements urbains. Cela fait de ce mod\u00e8le un choix populaire pour les petites entreprises et les travailleurs ind\u00e9pendants. En tant que mod\u00e8le d'occasion, le Kangoo est abordable et fiable, ce qui en fait un choix int\u00e9ressant pour les utilisateurs professionnels.<\/li>\n<li aria-level=\"1\"><a href=\"https:\/\/www.vdhurk.nl\/fr\/vehicules-commerciaux\/renault\/maitre\/\"><strong>Renault master Voiture d'occasion<\/strong><\/a>Le v\u00e9hicule utilitaire : Ce v\u00e9hicule utilitaire robuste et spacieux convient \u00e0 de nombreux usages professionnels. Le mod\u00e8le dispose d'un grand espace de chargement, de moteurs puissants et de technologies avanc\u00e9es. Ce mod\u00e8le est particuli\u00e8rement appr\u00e9ci\u00e9 des entreprises qui ont besoin de transporter beaucoup de marchandises.<\/li>\n<\/ul>\n<\/div><\/section>","protected":false},"excerpt":{"rendered":"","protected":false},"author":3,"featured_media":0,"parent":0,"menu_order":0,"comment_status":"closed","ping_status":"closed","template":"","meta":{"_acf_changed":false,"_improvement_type_select":"improve_an_existing","_thumb_yes_seoaic":false,"_frame_yes_seoaic":false,"seoaic_generate_description":"","seoaic_improve_instructions_prompt":"","seoaic_rollback_content_improvement":"","seoaic_idea_thumbnail_generator":"","thumbnail_generated":false,"thumbnail_generate_prompt":"","seoaic_article_description":"","footnotes":""},"class_list":["post-372057","page","type-page","status-publish","hentry"],"acf":[],"yoast_head":"<!-- This site is optimized with the Yoast SEO plugin v27.5 - https:\/\/yoast.com\/product\/yoast-seo-wordpress\/ -->\n<title>Ontdek de kracht van innovatieve Renault bedrijfswagens<\/title>\n<meta name=\"description\" content=\"Renault bedrijfswagens zijn populair onder zakelijke gebruikers. Wil je weten wat de voordelen zijn van dit merk? Lees dan snel verder.\" \/>\n<meta name=\"robots\" content=\"index, follow, max-snippet:-1, max-image-preview:large, max-video-preview:-1\" \/>\n<link rel=\"canonical\" href=\"https:\/\/www.vdhurk.nl\/fr\/renault-commercial-vehicles\/\" \/>\n<meta property=\"og:locale\" content=\"fr_FR\" \/>\n<meta property=\"og:type\" content=\"article\" \/>\n<meta property=\"og:title\" content=\"Ontdek de kracht van innovatieve Renault bedrijfswagens\" \/>\n<meta property=\"og:description\" content=\"Renault bedrijfswagens zijn populair onder zakelijke gebruikers. Wil je weten wat de voordelen zijn van dit merk? Lees dan snel verder.\" \/>\n<meta property=\"og:url\" content=\"https:\/\/www.vdhurk.nl\/fr\/renault-commercial-vehicles\/\" \/>\n<meta property=\"og:site_name\" content=\"Van den Hurk Bedrijfswagens\" \/>\n<meta property=\"article:modified_time\" content=\"2024-04-16T12:10:18+00:00\" \/>\n<meta name=\"twitter:card\" content=\"summary_large_image\" \/>\n<meta name=\"twitter:label1\" content=\"Dur\u00e9e de lecture estim\u00e9e\" \/>\n\t<meta name=\"twitter:data1\" content=\"5 minutes\" \/>\n<script type=\"application\/ld+json\" class=\"yoast-schema-graph\">{\"@context\":\"https:\\\/\\\/schema.org\",\"@graph\":[{\"@type\":\"WebPage\",\"@id\":\"https:\\\/\\\/www.vdhurk.nl\\\/renault-bedrijfswagens\\\/\",\"url\":\"https:\\\/\\\/www.vdhurk.nl\\\/renault-bedrijfswagens\\\/\",\"name\":\"Ontdek de kracht van innovatieve Renault bedrijfswagens\",\"isPartOf\":{\"@id\":\"https:\\\/\\\/www.vdhurk.nl\\\/#website\"},\"datePublished\":\"2024-04-15T14:15:53+00:00\",\"dateModified\":\"2024-04-16T12:10:18+00:00\",\"description\":\"Renault bedrijfswagens zijn populair onder zakelijke gebruikers. Wil je weten wat de voordelen zijn van dit merk? Lees dan snel verder.\",\"breadcrumb\":{\"@id\":\"https:\\\/\\\/www.vdhurk.nl\\\/renault-bedrijfswagens\\\/#breadcrumb\"},\"inLanguage\":\"fr-FR\",\"potentialAction\":[{\"@type\":\"ReadAction\",\"target\":[\"https:\\\/\\\/www.vdhurk.nl\\\/renault-bedrijfswagens\\\/\"]}]},{\"@type\":\"BreadcrumbList\",\"@id\":\"https:\\\/\\\/www.vdhurk.nl\\\/renault-bedrijfswagens\\\/#breadcrumb\",\"itemListElement\":[{\"@type\":\"ListItem\",\"position\":1,\"name\":\"Home\",\"item\":\"https:\\\/\\\/www.vdhurk.nl\\\/home\\\/\"},{\"@type\":\"ListItem\",\"position\":2,\"name\":\"Renault Bedrijfswagens\"}]},{\"@type\":\"WebSite\",\"@id\":\"https:\\\/\\\/www.vdhurk.nl\\\/#website\",\"url\":\"https:\\\/\\\/www.vdhurk.nl\\\/\",\"name\":\"Van den Hurk Bedrijfswagens\",\"description\":\"Van den Hurk bedrijfswagens Helmond\",\"potentialAction\":[{\"@type\":\"SearchAction\",\"target\":{\"@type\":\"EntryPoint\",\"urlTemplate\":\"https:\\\/\\\/www.vdhurk.nl\\\/?s={search_term_string}\"},\"query-input\":{\"@type\":\"PropertyValueSpecification\",\"valueRequired\":true,\"valueName\":\"search_term_string\"}}],\"inLanguage\":\"fr-FR\"}]}<\/script>\n<!-- \/ Yoast SEO plugin. -->","yoast_head_json":{"title":"D\u00e9couvrez la puissance des v\u00e9hicules utilitaires Renault innovants","description":"Les v\u00e9hicules utilitaires Renault sont tr\u00e8s appr\u00e9ci\u00e9s des utilisateurs professionnels. Vous voulez conna\u00eetre les avantages de cette marque ? Lisez vite ce qui suit.","robots":{"index":"index","follow":"follow","max-snippet":"max-snippet:-1","max-image-preview":"max-image-preview:large","max-video-preview":"max-video-preview:-1"},"canonical":"https:\/\/www.vdhurk.nl\/fr\/renault-commercial-vehicles\/","og_locale":"fr_FR","og_type":"article","og_title":"Ontdek de kracht van innovatieve Renault bedrijfswagens","og_description":"Renault bedrijfswagens zijn populair onder zakelijke gebruikers. Wil je weten wat de voordelen zijn van dit merk? Lees dan snel verder.","og_url":"https:\/\/www.vdhurk.nl\/fr\/renault-commercial-vehicles\/","og_site_name":"Van den Hurk Bedrijfswagens","article_modified_time":"2024-04-16T12:10:18+00:00","twitter_card":"summary_large_image","twitter_misc":{"Dur\u00e9e de lecture estim\u00e9e":"5 minutes"},"schema":{"@context":"https:\/\/schema.org","@graph":[{"@type":"WebPage","@id":"https:\/\/www.vdhurk.nl\/renault-bedrijfswagens\/","url":"https:\/\/www.vdhurk.nl\/renault-bedrijfswagens\/","name":"D\u00e9couvrez la puissance des v\u00e9hicules utilitaires Renault innovants","isPartOf":{"@id":"https:\/\/www.vdhurk.nl\/#website"},"datePublished":"2024-04-15T14:15:53+00:00","dateModified":"2024-04-16T12:10:18+00:00","description":"Les v\u00e9hicules utilitaires Renault sont tr\u00e8s appr\u00e9ci\u00e9s des utilisateurs professionnels. Vous voulez conna\u00eetre les avantages de cette marque ? Lisez vite ce qui suit.","breadcrumb":{"@id":"https:\/\/www.vdhurk.nl\/renault-bedrijfswagens\/#breadcrumb"},"inLanguage":"fr-FR","potentialAction":[{"@type":"ReadAction","target":["https:\/\/www.vdhurk.nl\/renault-bedrijfswagens\/"]}]},{"@type":"BreadcrumbList","@id":"https:\/\/www.vdhurk.nl\/renault-bedrijfswagens\/#breadcrumb","itemListElement":[{"@type":"ListItem","position":1,"name":"Home","item":"https:\/\/www.vdhurk.nl\/home\/"},{"@type":"ListItem","position":2,"name":"Renault Bedrijfswagens"}]},{"@type":"WebSite","@id":"https:\/\/www.vdhurk.nl\/#website","url":"https:\/\/www.vdhurk.nl\/","name":"V\u00e9hicules utilitaires Van den Hurk","description":"V\u00e9hicules utilitaires Van den Hurk Helmond","potentialAction":[{"@type":"SearchAction","target":{"@type":"EntryPoint","urlTemplate":"https:\/\/www.vdhurk.nl\/?s={search_term_string}"},"query-input":{"@type":"PropertyValueSpecification","valueRequired":true,"valueName":"search_term_string"}}],"inLanguage":"fr-FR"}]}},"_links":{"self":[{"href":"https:\/\/www.vdhurk.nl\/fr\/wp-json\/wp\/v2\/pages\/372057","targetHints":{"allow":["GET"]}}],"collection":[{"href":"https:\/\/www.vdhurk.nl\/fr\/wp-json\/wp\/v2\/pages"}],"about":[{"href":"https:\/\/www.vdhurk.nl\/fr\/wp-json\/wp\/v2\/types\/page"}],"author":[{"embeddable":true,"href":"https:\/\/www.vdhurk.nl\/fr\/wp-json\/wp\/v2\/users\/3"}],"replies":[{"embeddable":true,"href":"https:\/\/www.vdhurk.nl\/fr\/wp-json\/wp\/v2\/comments?post=372057"}],"version-history":[{"count":5,"href":"https:\/\/www.vdhurk.nl\/fr\/wp-json\/wp\/v2\/pages\/372057\/revisions"}],"predecessor-version":[{"id":372298,"href":"https:\/\/www.vdhurk.nl\/fr\/wp-json\/wp\/v2\/pages\/372057\/revisions\/372298"}],"wp:attachment":[{"href":"https:\/\/www.vdhurk.nl\/fr\/wp-json\/wp\/v2\/media?parent=372057"}],"curies":[{"name":"wp","href":"https:\/\/api.w.org\/{rel}","templated":true}]}}