{"id":372050,"date":"2024-04-15T16:07:31","date_gmt":"2024-04-15T14:07:31","guid":{"rendered":"https:\/\/www.vdhurk.nl\/?page_id=372050"},"modified":"2024-04-16T14:08:02","modified_gmt":"2024-04-16T12:08:02","slug":"vehicules-utilitaires-vauxhall","status":"publish","type":"page","link":"https:\/\/www.vdhurk.nl\/fr\/opel-bedrijfswagens\/","title":{"rendered":"V\u00e9hicules utilitaires Vauxhall"},"content":{"rendered":"<section  class='av_textblock_section av-lu8gnh7d-4ac895489941e586c1d7c8cb72318135'  itemscope=\"itemscope\" itemtype=\"https:\/\/schema.org\/CreativeWork\" ><div class='avia_textblock'  itemprop=\"text\" ><h1><b>V\u00e9hicules utilitaires Vauxhall : la fiabilit\u00e9 \u00e0 chaque kilom\u00e8tre<\/b><\/h1>\n<p>Depuis des si\u00e8cles, Opel est un symbole d'innovation dans le monde de l'automobile. Les v\u00e9hicules utilitaires Opel sont adapt\u00e9s aux besoins sp\u00e9cifiques des utilisateurs professionnels. Opel offre non seulement des solutions pratiques pour la mobilit\u00e9 professionnelle, mais aussi une exp\u00e9rience de conduite agr\u00e9able et productive pour les conducteurs et les passagers. Ces v\u00e9hicules utilitaires se distinguent par leur efficacit\u00e9, leur fiabilit\u00e9 et leur polyvalence. Vous pouvez trouver un bus Opel d'occasion ou un nouveau mod\u00e8le dans la vaste s\u00e9lection de Van den Hurk.<\/p>\n<\/div><\/section>\n\n<style type=\"text\/css\" data-created_by=\"avia_inline_auto\" id=\"style-css-av-lujjddpd-afa3d7a9eabd61123e643ed1228e781e\">\n#top .hr.hr-invisible.av-lujjddpd-afa3d7a9eabd61123e643ed1228e781e{\nheight:50px;\n}\n<\/style>\n<div  class='hr av-lujjddpd-afa3d7a9eabd61123e643ed1228e781e hr-invisible  avia-builder-el-1  el_after_av_textblock  el_before_av_codeblock'><span class='hr-inner'><span class=\"hr-inner-style\"><\/span><\/span><\/div>\n\n\n<style type=\"text\/css\" data-created_by=\"avia_inline_auto\" id=\"style-css-av-ah0xd-63338d9dc6b40410e22a712829c369d6\">\n#top .hr.hr-invisible.av-ah0xd-63338d9dc6b40410e22a712829c369d6{\nheight:50px;\n}\n<\/style>\n<div  class='hr av-ah0xd-63338d9dc6b40410e22a712829c369d6 hr-invisible  avia-builder-el-3  el_after_av_codeblock  el_before_av_buttonrow'><span class='hr-inner'><span class=\"hr-inner-style\"><\/span><\/span><\/div>\n<div  class='avia-buttonrow-wrap av-lujhssae-cff7d852879371e1ec58a3b104a5d229 avia-buttonrow-center  avia-builder-el-4  el_after_av_hr  el_before_av_hr'>\n\n<style type=\"text\/css\" data-created_by=\"avia_inline_auto\" id=\"style-css-av-lujhtay0-81df7672a41fe1b8c6caf8d4e93ff2aa\">\n#top #wrap_all .avia-button.av-lujhtay0-81df7672a41fe1b8c6caf8d4e93ff2aa{\nmargin-bottom:5px;\nmargin-right:3px;\nmargin-left:3px;\n}\n<\/style>\n<a href='https:\/\/www.vdhurk.nl\/fr\/vehicules-commerciaux\/#q1bKTS3KVrJSyi9IzVHSUcovSkktSqoEChQUZWYV65UBZfPzC8Cc-ILEopLM5NKczNQiq5TU4mSlWgA'  class='avia-button av-lujhtay0-81df7672a41fe1b8c6caf8d4e93ff2aa avia-icon_select-yes-right-icon avia-size-x-large avia-color-theme-color'  ><span class='avia_iconbox_title' >Curieux de d\u00e9couvrir la gamme compl\u00e8te des v\u00e9hicules utilitaires Opel ? N'h\u00e9sitez pas \u00e0 y jeter un coup d'\u0153il !<\/span><span class='avia_button_icon avia_button_icon_right' aria-hidden='true' data-av_icon='\ue871' data-av_iconfont='entypo-fontello'><\/span><\/a>\n<\/div>\n\n<style type=\"text\/css\" data-created_by=\"avia_inline_auto\" id=\"style-css-av-o1d5-cf77288da24053faf1b6ffbefcfc6222\">\n#top .hr.hr-invisible.av-o1d5-cf77288da24053faf1b6ffbefcfc6222{\nheight:50px;\n}\n<\/style>\n<div  class='hr av-o1d5-cf77288da24053faf1b6ffbefcfc6222 hr-invisible  avia-builder-el-5  el_after_av_buttonrow  el_before_av_textblock'><span class='hr-inner'><span class=\"hr-inner-style\"><\/span><\/span><\/div>\n<section  class='av_textblock_section av-lu8gtjw7-4f3cee9304909518d86d2860d9d582dd'  itemscope=\"itemscope\" itemtype=\"https:\/\/schema.org\/CreativeWork\" ><div class='avia_textblock'  itemprop=\"text\" ><h2><b>La riche histoire d'Opel<\/b><\/h2>\n<h3><strong>Comment la marque est-elle n\u00e9e ?\u00a0<\/strong><\/h3>\n<p>Opel est une marque automobile allemande fond\u00e9e en 1862 par Adam Opel. L'entreprise est rapidement devenue un acteur majeur du march\u00e9 automobile allemand. Au cours du XXe si\u00e8cle, la marque a \u00e9largi sa production et introduit un certain nombre de mod\u00e8les populaires. M\u00eame \u00e0 cette \u00e9poque, la marque \u00e9tait connue pour ses designs innovants et ses avanc\u00e9es technologiques et est devenue l'une des marques automobiles les plus populaires en Europe.<\/p>\n<h3><b>L'\u00e9volution au fil des ans<\/b><\/h3>\n<p>L'\u00e9volution d'Opel au fil des ans est tr\u00e8s int\u00e9ressante si l'on consid\u00e8re l'innovation et la fourniture de v\u00e9hicules utilitaires de haute qualit\u00e9 aux utilisateurs professionnels. Opel a commenc\u00e9 son aventure dans le secteur des v\u00e9hicules utilitaires. Les premiers mod\u00e8les \u00e9taient robustes et fiables, mais souvent tr\u00e8s simples. Plus tard, Opel a commenc\u00e9 \u00e0 introduire des v\u00e9hicules utilitaires plus avanc\u00e9s et plus polyvalents qui r\u00e9pondaient mieux aux besoins changeants des entreprises. Gr\u00e2ce \u00e0 une technologie de pointe et \u00e0 des int\u00e9rieurs confortables, les autobus et v\u00e9hicules utilitaires Opel restent l'un des choix pr\u00e9f\u00e9r\u00e9s des clients professionnels du monde entier.<\/p>\n<h2><b>Les caract\u00e9ristiques des v\u00e9hicules Opel<\/b><\/h2>\n<p><span style=\"font-weight: 400;\">Vauxhall poss\u00e8de un certain nombre de caract\u00e9ristiques uniques qui la distinguent des autres marques :\u00a0<\/span><\/p>\n<ul>\n<li aria-level=\"1\"><strong>L'ing\u00e9nierie et l'artisanat allemands :<\/strong> La marque est connue pour son engagement en faveur de la technologie et de l'artisanat allemands de haute qualit\u00e9. Chaque v\u00e9hicule est d\u00e9velopp\u00e9 avec le souci du d\u00e9tail. Cela garantit que les v\u00e9hicules utilitaires sont non seulement fiables et durables, mais aussi qu'ils fonctionnent correctement.<\/li>\n<li aria-level=\"1\"><b>Techniques innovantes :<\/b> Vauxhall reste \u00e0 l'avant-garde des d\u00e9veloppements technologiques dans l'industrie automobile. La marque est constamment \u00e0 la recherche de nouvelles technologies pour am\u00e9liorer l'exp\u00e9rience de conduite<\/li>\n<\/ul>\n<ul>\n<li aria-level=\"1\"><b>Int\u00e9rieur confortable :<\/b> La marque consid\u00e8re qu'il est important de cr\u00e9er un environnement confortable et ergonomique dans tous ses v\u00e9hicules. C'est pourquoi ses v\u00e9hicules utilitaires se pr\u00eatent parfaitement \u00e0 la conduite sur de longues distances.<\/li>\n<li aria-level=\"1\"><b>Approche respectueuse de l'environnement : <\/b>Opel r\u00e9pond \u00e0 la demande croissante de mobilit\u00e9 respectueuse de l'environnement. Elle propose plusieurs mod\u00e8les dot\u00e9s de moteurs efficaces et de syst\u00e8mes de propulsion alternatifs.<\/li>\n<\/ul>\n<ul>\n<li style=\"list-style-type: none;\"><\/li>\n<\/ul>\n<p>Toutes ces caract\u00e9ristiques uniques font de Vauxhall une marque appr\u00e9ci\u00e9e et reconnue par les clients professionnels. La marque met l'accent sur la qualit\u00e9, l'innovation et la satisfaction du client. Elle s'efforce ainsi de proposer des v\u00e9hicules de haute qualit\u00e9 et un excellent service.<\/p>\n<h2><b>Les avantages de Vauxhall : pourquoi choisir ces v\u00e9hicules utilitaires ?<\/b><\/h2>\n<p>Il y a plusieurs raisons pour lesquelles vous pouvez choisir Vauxhall. Ce choix s'accompagne d'un certain nombre d'avantages :<\/p>\n<h3><b>Fiabilit\u00e9<\/b><\/h3>\n<p>Opel est connu pour ses v\u00e9hicules fiables. Au cours des derni\u00e8res d\u00e9cennies, ils se sont forg\u00e9 une solide r\u00e9putation de qualit\u00e9 et de durabilit\u00e9. Les v\u00e9hicules utilitaires Opel offrent une tranquillit\u00e9 d'esprit aux utilisateurs professionnels, qui peuvent compter sur leur v\u00e9hicule. Qu'il s'agisse de courtes ou de longues distances, les v\u00e9hicules Opel sont l\u00e0 pour vous.<\/p>\n<h3><b>Efficacit\u00e9<\/b><\/h3>\n<p>Tous les utilisateurs professionnels d'Opel sont con\u00e7us dans un souci d'efficacit\u00e9. Qu'il s'agisse de moteurs \u00e9conomes en carburant, d'espaces de chargement intelligents ou de technologies permettant d'optimiser la consommation de carburant, ces v\u00e9hicules utilitaires offrent une solution rentable pour la mobilit\u00e9 professionnelle.<\/p>\n<h3><b>S\u00e9curit\u00e9<\/b><\/h3>\n<p>Cette marque attache une grande importance \u00e0 la s\u00e9curit\u00e9 de ses v\u00e9hicules. C'est pourquoi tous ses v\u00e9hicules sont \u00e9quip\u00e9s de dispositifs de s\u00e9curit\u00e9 avanc\u00e9s. Des syst\u00e8mes de s\u00e9curit\u00e9 active aux syst\u00e8mes de protection passive, les v\u00e9hicules utilitaires Opel offrent toujours une exp\u00e9rience de conduite s\u00fbre.<\/p>\n<h3><b>Confort<\/b><\/h3>\n<p>Un v\u00e9hicule confortable est essentiel, en particulier lorsque vous \u00eates un conducteur sur la route pendant une longue p\u00e9riode. C'est pourquoi les v\u00e9hicules Vauxhall sont dot\u00e9s d'un int\u00e9rieur confortable avec des si\u00e8ges ergonomiques qui am\u00e9liorent le confort de conduite. Les distances parcourues sont ainsi beaucoup plus agr\u00e9ables.<\/p>\n<h3><b>Flexibilit\u00e9<\/b><\/h3>\n<p>Ses v\u00e9hicules utilitaires sont con\u00e7us pour r\u00e9pondre \u00e0 toutes sortes de besoins professionnels. Qu'il s'agisse de fourgonnettes compactes ou de v\u00e9hicules utilitaires plus grands, Opel a le v\u00e9hicule qui convient aux diff\u00e9rentes activit\u00e9s professionnelles.<\/p>\n<h2><b>Achat ou location ?<\/b><\/h2>\n<p>En tant que concessionnaire de v\u00e9hicules utilitaires Opel, nous proposons diff\u00e9rentes options pour nos v\u00e9hicules utilitaires. Vous pouvez par exemple acheter une camionnette Opel. L'avantage est que le v\u00e9hicule est votre propri\u00e9t\u00e9. Vous pouvez donc le modifier ou le vendre quand vous le souhaitez. De plus, vous n'\u00eates pas soumis \u00e0 des restrictions de kilom\u00e9trage et vous n'avez pas de mensualit\u00e9s \u00e0 payer \u00e0 l'\u00e9ch\u00e9ance du contrat. Il est \u00e9galement possible de louer un bus Opel. L'avantage d'un <a href=\"https:\/\/www.vdhurk.nl\/fr\/location-financiere\/\">leasing de voitures de soci\u00e9t\u00e9<\/a> est que les co\u00fbts initiaux sont souvent moins \u00e9lev\u00e9s qu'\u00e0 l'achat. En outre, les frais d'entretien et de r\u00e9paration sont inclus.<\/p>\n<\/div><\/section>","protected":false},"excerpt":{"rendered":"","protected":false},"author":3,"featured_media":0,"parent":0,"menu_order":0,"comment_status":"closed","ping_status":"closed","template":"","meta":{"_acf_changed":false,"_improvement_type_select":"improve_an_existing","_thumb_yes_seoaic":false,"_frame_yes_seoaic":false,"seoaic_generate_description":"","seoaic_improve_instructions_prompt":"","seoaic_rollback_content_improvement":"","seoaic_idea_thumbnail_generator":"","thumbnail_generated":false,"thumbnail_generate_prompt":"","seoaic_article_description":"","footnotes":""},"class_list":["post-372050","page","type-page","status-publish","hentry"],"acf":[],"yoast_head":"<!-- This site is optimized with the Yoast SEO plugin v27.3 - https:\/\/yoast.com\/product\/yoast-seo-wordpress\/ -->\n<title>Opel bedrijfswagens kopen of leasen? Ontdek het aanbod.<\/title>\n<meta name=\"description\" content=\"Bekijk het aanbod aan verschillende Opel bedrijfswagens en vind jouw geschikte wagen. Ga jij voor kopen of kies je om een bedrijfswagen te leasen?\" \/>\n<meta name=\"robots\" content=\"index, follow, max-snippet:-1, max-image-preview:large, max-video-preview:-1\" \/>\n<link rel=\"canonical\" href=\"https:\/\/www.vdhurk.nl\/fr\/vehicules-utilitaires-vauxhall\/\" \/>\n<meta property=\"og:locale\" content=\"fr_FR\" \/>\n<meta property=\"og:type\" content=\"article\" \/>\n<meta property=\"og:title\" content=\"Opel bedrijfswagens kopen of leasen? Ontdek het aanbod.\" \/>\n<meta property=\"og:description\" content=\"Bekijk het aanbod aan verschillende Opel bedrijfswagens en vind jouw geschikte wagen. Ga jij voor kopen of kies je om een bedrijfswagen te leasen?\" \/>\n<meta property=\"og:url\" content=\"https:\/\/www.vdhurk.nl\/fr\/vehicules-utilitaires-vauxhall\/\" \/>\n<meta property=\"og:site_name\" content=\"Van den Hurk Bedrijfswagens\" \/>\n<meta property=\"article:modified_time\" content=\"2024-04-16T12:08:02+00:00\" \/>\n<meta name=\"twitter:card\" content=\"summary_large_image\" \/>\n<meta name=\"twitter:label1\" content=\"Dur\u00e9e de lecture estim\u00e9e\" \/>\n\t<meta name=\"twitter:data1\" content=\"5 minutes\" \/>\n<script type=\"application\/ld+json\" class=\"yoast-schema-graph\">{\"@context\":\"https:\\\/\\\/schema.org\",\"@graph\":[{\"@type\":\"WebPage\",\"@id\":\"https:\\\/\\\/www.vdhurk.nl\\\/opel-bedrijfswagens\\\/\",\"url\":\"https:\\\/\\\/www.vdhurk.nl\\\/opel-bedrijfswagens\\\/\",\"name\":\"Opel bedrijfswagens kopen of leasen? Ontdek het aanbod.\",\"isPartOf\":{\"@id\":\"https:\\\/\\\/www.vdhurk.nl\\\/#website\"},\"datePublished\":\"2024-04-15T14:07:31+00:00\",\"dateModified\":\"2024-04-16T12:08:02+00:00\",\"description\":\"Bekijk het aanbod aan verschillende Opel bedrijfswagens en vind jouw geschikte wagen. Ga jij voor kopen of kies je om een bedrijfswagen te leasen?\",\"breadcrumb\":{\"@id\":\"https:\\\/\\\/www.vdhurk.nl\\\/opel-bedrijfswagens\\\/#breadcrumb\"},\"inLanguage\":\"fr-FR\",\"potentialAction\":[{\"@type\":\"ReadAction\",\"target\":[\"https:\\\/\\\/www.vdhurk.nl\\\/opel-bedrijfswagens\\\/\"]}]},{\"@type\":\"BreadcrumbList\",\"@id\":\"https:\\\/\\\/www.vdhurk.nl\\\/opel-bedrijfswagens\\\/#breadcrumb\",\"itemListElement\":[{\"@type\":\"ListItem\",\"position\":1,\"name\":\"Home\",\"item\":\"https:\\\/\\\/www.vdhurk.nl\\\/home\\\/\"},{\"@type\":\"ListItem\",\"position\":2,\"name\":\"Opel Bedrijfswagens\"}]},{\"@type\":\"WebSite\",\"@id\":\"https:\\\/\\\/www.vdhurk.nl\\\/#website\",\"url\":\"https:\\\/\\\/www.vdhurk.nl\\\/\",\"name\":\"Van den Hurk Bedrijfswagens\",\"description\":\"Van den Hurk bedrijfswagens Helmond\",\"potentialAction\":[{\"@type\":\"SearchAction\",\"target\":{\"@type\":\"EntryPoint\",\"urlTemplate\":\"https:\\\/\\\/www.vdhurk.nl\\\/?s={search_term_string}\"},\"query-input\":{\"@type\":\"PropertyValueSpecification\",\"valueRequired\":true,\"valueName\":\"search_term_string\"}}],\"inLanguage\":\"fr-FR\"}]}<\/script>\n<!-- \/ Yoast SEO plugin. -->","yoast_head_json":{"title":"Acheter ou louer des v\u00e9hicules utilitaires Vauxhall ? D\u00e9couvrez l'offre.","description":"Consultez la gamme des diff\u00e9rents v\u00e9hicules utilitaires Vauxhall et trouvez le v\u00e9hicule qui vous convient. Allez-vous acheter ou choisir de louer un v\u00e9hicule utilitaire ?","robots":{"index":"index","follow":"follow","max-snippet":"max-snippet:-1","max-image-preview":"max-image-preview:large","max-video-preview":"max-video-preview:-1"},"canonical":"https:\/\/www.vdhurk.nl\/fr\/vehicules-utilitaires-vauxhall\/","og_locale":"fr_FR","og_type":"article","og_title":"Opel bedrijfswagens kopen of leasen? Ontdek het aanbod.","og_description":"Bekijk het aanbod aan verschillende Opel bedrijfswagens en vind jouw geschikte wagen. Ga jij voor kopen of kies je om een bedrijfswagen te leasen?","og_url":"https:\/\/www.vdhurk.nl\/fr\/vehicules-utilitaires-vauxhall\/","og_site_name":"Van den Hurk Bedrijfswagens","article_modified_time":"2024-04-16T12:08:02+00:00","twitter_card":"summary_large_image","twitter_misc":{"Dur\u00e9e de lecture estim\u00e9e":"5 minutes"},"schema":{"@context":"https:\/\/schema.org","@graph":[{"@type":"WebPage","@id":"https:\/\/www.vdhurk.nl\/opel-bedrijfswagens\/","url":"https:\/\/www.vdhurk.nl\/opel-bedrijfswagens\/","name":"Acheter ou louer des v\u00e9hicules utilitaires Vauxhall ? D\u00e9couvrez l'offre.","isPartOf":{"@id":"https:\/\/www.vdhurk.nl\/#website"},"datePublished":"2024-04-15T14:07:31+00:00","dateModified":"2024-04-16T12:08:02+00:00","description":"Consultez la gamme des diff\u00e9rents v\u00e9hicules utilitaires Vauxhall et trouvez le v\u00e9hicule qui vous convient. Allez-vous acheter ou choisir de louer un v\u00e9hicule utilitaire ?","breadcrumb":{"@id":"https:\/\/www.vdhurk.nl\/opel-bedrijfswagens\/#breadcrumb"},"inLanguage":"fr-FR","potentialAction":[{"@type":"ReadAction","target":["https:\/\/www.vdhurk.nl\/opel-bedrijfswagens\/"]}]},{"@type":"BreadcrumbList","@id":"https:\/\/www.vdhurk.nl\/opel-bedrijfswagens\/#breadcrumb","itemListElement":[{"@type":"ListItem","position":1,"name":"Home","item":"https:\/\/www.vdhurk.nl\/home\/"},{"@type":"ListItem","position":2,"name":"Opel Bedrijfswagens"}]},{"@type":"WebSite","@id":"https:\/\/www.vdhurk.nl\/#website","url":"https:\/\/www.vdhurk.nl\/","name":"V\u00e9hicules utilitaires Van den Hurk","description":"V\u00e9hicules utilitaires Van den Hurk Helmond","potentialAction":[{"@type":"SearchAction","target":{"@type":"EntryPoint","urlTemplate":"https:\/\/www.vdhurk.nl\/?s={search_term_string}"},"query-input":{"@type":"PropertyValueSpecification","valueRequired":true,"valueName":"search_term_string"}}],"inLanguage":"fr-FR"}]}},"_links":{"self":[{"href":"https:\/\/www.vdhurk.nl\/fr\/wp-json\/wp\/v2\/pages\/372050","targetHints":{"allow":["GET"]}}],"collection":[{"href":"https:\/\/www.vdhurk.nl\/fr\/wp-json\/wp\/v2\/pages"}],"about":[{"href":"https:\/\/www.vdhurk.nl\/fr\/wp-json\/wp\/v2\/types\/page"}],"author":[{"embeddable":true,"href":"https:\/\/www.vdhurk.nl\/fr\/wp-json\/wp\/v2\/users\/3"}],"replies":[{"embeddable":true,"href":"https:\/\/www.vdhurk.nl\/fr\/wp-json\/wp\/v2\/comments?post=372050"}],"version-history":[{"count":6,"href":"https:\/\/www.vdhurk.nl\/fr\/wp-json\/wp\/v2\/pages\/372050\/revisions"}],"predecessor-version":[{"id":372295,"href":"https:\/\/www.vdhurk.nl\/fr\/wp-json\/wp\/v2\/pages\/372050\/revisions\/372295"}],"wp:attachment":[{"href":"https:\/\/www.vdhurk.nl\/fr\/wp-json\/wp\/v2\/media?parent=372050"}],"curies":[{"name":"wp","href":"https:\/\/api.w.org\/{rel}","templated":true}]}}