{"id":370581,"date":"2024-04-16T14:08:59","date_gmt":"2024-04-16T12:08:59","guid":{"rendered":"https:\/\/www.vdhurk.nl\/?page_id=370581"},"modified":"2024-04-16T14:09:23","modified_gmt":"2024-04-16T12:09:23","slug":"vehicules-utilitaires-peugeot","status":"publish","type":"page","link":"https:\/\/www.vdhurk.nl\/fr\/peugeot-bedrijfswagens\/","title":{"rendered":"Peugeot V\u00e9hicules Utilitaires"},"content":{"rendered":"<section  class='av_textblock_section av-lu8gnh7d-4ac895489941e586c1d7c8cb72318135'  itemscope=\"itemscope\" itemtype=\"https:\/\/schema.org\/CreativeWork\" ><div class='avia_textblock'  itemprop=\"text\" ><h1>Les v\u00e9hicules utilitaires Peugeot au service de la r\u00e9ussite<\/h1>\n<p>Les v\u00e9hicules utilitaires Peugeot sont parfaits pour les utilisateurs professionnels. Que vous conduisiez quotidiennement dans le trafic urbain, que vous parcouriez de longues distances sur l'autoroute ou que vous travailliez sur des chantiers, Peugeot offre une solution pour chaque application. Van den Hurk propose diff\u00e9rents types de v\u00e9hicules utilitaires de cette marque sous un m\u00eame toit. Vous trouverez donc toujours le v\u00e9hicule qui r\u00e9pondra parfaitement aux besoins de votre entreprise.<\/p>\n<\/div><\/section>\n\n<style type=\"text\/css\" data-created_by=\"avia_inline_auto\" id=\"style-css-av-lujjddpd-afa3d7a9eabd61123e643ed1228e781e\">\n#top .hr.hr-invisible.av-lujjddpd-afa3d7a9eabd61123e643ed1228e781e{\nheight:50px;\n}\n<\/style>\n<div  class='hr av-lujjddpd-afa3d7a9eabd61123e643ed1228e781e hr-invisible  avia-builder-el-1  el_after_av_textblock  el_before_av_codeblock'><span class='hr-inner'><span class=\"hr-inner-style\"><\/span><\/span><\/div>\n\n\n<style type=\"text\/css\" data-created_by=\"avia_inline_auto\" id=\"style-css-av-ah0xd-63338d9dc6b40410e22a712829c369d6\">\n#top .hr.hr-invisible.av-ah0xd-63338d9dc6b40410e22a712829c369d6{\nheight:50px;\n}\n<\/style>\n<div  class='hr av-ah0xd-63338d9dc6b40410e22a712829c369d6 hr-invisible  avia-builder-el-3  el_after_av_codeblock  el_before_av_buttonrow'><span class='hr-inner'><span class=\"hr-inner-style\"><\/span><\/span><\/div>\n<div  class='avia-buttonrow-wrap av-lujhssae-cff7d852879371e1ec58a3b104a5d229 avia-buttonrow-center  avia-builder-el-4  el_after_av_hr  el_before_av_hr'>\n\n<style type=\"text\/css\" data-created_by=\"avia_inline_auto\" id=\"style-css-av-lujhtay0-9b18704c776ba6fc9d37e1c1e0e9f10b\">\n#top #wrap_all .avia-button.av-lujhtay0-9b18704c776ba6fc9d37e1c1e0e9f10b{\nmargin-bottom:5px;\nmargin-right:3px;\nmargin-left:3px;\n}\n<\/style>\n<a href='https:\/\/www.vdhurk.nl\/fr\/vehicules-commerciaux\/#q1bKTS3KVrJSKkgtTU_NL1HSUcovSkktSqoEiRVlZhXrlQEV5OcXgDnxBYlFJZnJpTmZqUVWKanFyUq1AA'  class='avia-button av-lujhtay0-9b18704c776ba6fc9d37e1c1e0e9f10b avia-icon_select-yes-right-icon avia-size-x-large avia-color-theme-color'  ><span class='avia_iconbox_title' >Curieux de d\u00e9couvrir la gamme compl\u00e8te des v\u00e9hicules utilitaires Peugeot ? N'h\u00e9sitez pas \u00e0 y jeter un coup d'\u0153il !<\/span><span class='avia_button_icon avia_button_icon_right' aria-hidden='true' data-av_icon='\ue871' data-av_iconfont='entypo-fontello'><\/span><\/a>\n<\/div>\n\n<style type=\"text\/css\" data-created_by=\"avia_inline_auto\" id=\"style-css-av-o1d5-cf77288da24053faf1b6ffbefcfc6222\">\n#top .hr.hr-invisible.av-o1d5-cf77288da24053faf1b6ffbefcfc6222{\nheight:50px;\n}\n<\/style>\n<div  class='hr av-o1d5-cf77288da24053faf1b6ffbefcfc6222 hr-invisible  avia-builder-el-5  el_after_av_buttonrow  el_before_av_textblock'><span class='hr-inner'><span class=\"hr-inner-style\"><\/span><\/span><\/div>\n<section  class='av_textblock_section av-lu8gtjw7-4f3cee9304909518d86d2860d9d582dd'  itemscope=\"itemscope\" itemtype=\"https:\/\/schema.org\/CreativeWork\" ><div class='avia_textblock'  itemprop=\"text\" ><h2><b>La cr\u00e9ation et l'\u00e9volution de Peugeot<\/b><\/h2>\n<p>Peugeot est l'une des plus anciennes marques automobiles encore en activit\u00e9 dans le monde et poss\u00e8de une riche histoire. Depuis lors, Peugeot est devenu un constructeur de premier plan de voitures et de v\u00e9hicules utilitaires qui met l'accent sur l'innovation et le savoir-faire. Au fil des ans, Peugeot a \u00e9largi son offre \u00e0 une large gamme de v\u00e9hicules diff\u00e9rents. Ces derni\u00e8res ann\u00e9es, la marque a \u00e9galement mis l'accent sur l'\u00e9lectrification et le d\u00e9veloppement durable. Gr\u00e2ce \u00e0 l'innovation et \u00e0 son engagement en faveur de la qualit\u00e9, Peugeot reste l'une des marques automobiles les plus reconnues et les plus respect\u00e9es au monde.<\/p>\n<h2><b>Choisir Peugeot : quels sont les avantages ? <\/b><\/h2>\n<p><b><\/b>Les autobus et v\u00e9hicules utilitaires Peugeot sont un choix tr\u00e8s appropri\u00e9 pour les utilisateurs professionnels. Ils pr\u00e9sentent en effet de nombreux avantages :<\/p>\n<ul>\n<li><b>Fiabilit\u00e9 : <\/b>Les v\u00e9hicules utilitaires Peugeot sont r\u00e9put\u00e9s pour leur fiabilit\u00e9 et leur long\u00e9vit\u00e9. Les entreprises peuvent compter sur la marque \u00e0 tout moment, tant pour les courtes que pour les longues distances. Peugeot vous emm\u00e8ne d'un point \u00e0 un autre, sans probl\u00e8me technique.<\/li>\n<li><b>Efficacit\u00e9 : <\/b>Les voitures professionnelles de la marque sont con\u00e7ues dans un souci d'efficacit\u00e9. Cela signifie qu'elles consomment peu de carburant et qu'elles n\u00e9cessitent peu d'entretien. Ces capacit\u00e9s aident les entreprises \u00e0 r\u00e9duire leurs co\u00fbts d'exploitation et \u00e0 am\u00e9liorer leur rentabilit\u00e9.<\/li>\n<li><b>La s\u00e9curit\u00e9 : <\/b>Chez Peugeot, la s\u00e9curit\u00e9 est une priorit\u00e9. Cela s'applique \u00e9galement \u00e0 ses v\u00e9hicules utilitaires. Dot\u00e9s d'\u00e9quipements de s\u00e9curit\u00e9 avanc\u00e9s et de syst\u00e8mes d'aide \u00e0 la conduite, les v\u00e9hicules utilitaires Peugeot offrent une tranquillit\u00e9 d'esprit au conducteur et \u00e0 ses passagers.<\/li>\n<li><b>Flexibilit\u00e9 : <\/b>Les v\u00e9hicules d'entreprise sont disponibles en diff\u00e9rents mod\u00e8les et configurations. Cela leur permet de r\u00e9pondre aux divers besoins des entreprises. Peugeot propose le v\u00e9hicule adapt\u00e9 \u00e0 chaque entreprise.<\/li>\n<li><b>Confort et connectivit\u00e9 : <\/b>Vous b\u00e9n\u00e9ficiez non seulement d'avantages pratiques, mais aussi de confort et de connectivit\u00e9 pour le conducteur et le passager. Les v\u00e9hicules sont dot\u00e9s d'un int\u00e9rieur moderne, de si\u00e8ges ergonomiques et de syst\u00e8mes avanc\u00e9s. Chaque trajet en voiture Peugeot devient ainsi agr\u00e9able et productif.<\/li>\n<\/ul>\n<h2><b>L'utilisation professionnelle de Peugeot<\/b><\/h2>\n<p>Les v\u00e9hicules utilitaires Peugeot sont utilis\u00e9s dans le monde entier par des entreprises de diff\u00e9rents secteurs d'activit\u00e9 et donc \u00e0 des fins commerciales vari\u00e9es. Par exemple, de nombreuses entreprises utilisent les v\u00e9hicules utilitaires pour le transport et la distribution. En outre, les v\u00e9hicules utilitaires sont utilis\u00e9s pour les services aux entreprises, tels que les travaux d'installation. Les int\u00e9rieurs confortables, la technologie avanc\u00e9e et les espaces de chargement polyvalents font des v\u00e9hicules utilitaires des v\u00e9hicules id\u00e9aux pour effectuer des t\u00e2ches sur la route. En outre, ces v\u00e9hicules utilitaires jouent un r\u00f4le dans les activit\u00e9s logistiques et op\u00e9rationnelles des entreprises.<\/p>\n<h2><b>Optez-vous pour du neuf ou de l'occasion ?<\/b><\/h2>\n<p>Chez Van den Hurk, vous pouvez choisir des bus Peugeot neufs ou d'occasion. Les v\u00e9hicules neufs offrent la technologie et les performances les plus r\u00e9centes pour r\u00e9pondre aux besoins modernes des entreprises. Les entreprises b\u00e9n\u00e9ficient d'un v\u00e9hicule fiable et polyvalent, \u00e9quip\u00e9 d'excellents dispositifs de s\u00e9curit\u00e9 et de moteurs puissants. Un bus Peugeot d'occasion constitue une alternative abordable pour les entreprises qui recherchent des v\u00e9hicules utilitaires de qualit\u00e9 \u00e0 un prix relativement bas. Cette option permet aux entreprises d'utiliser un v\u00e9hicule performant et fiable.<\/p>\n<h2><b>Diff\u00e9rents mod\u00e8les<\/b><\/h2>\n<p>Peugeot propose diff\u00e9rents mod\u00e8les de v\u00e9hicules utilitaires adapt\u00e9s \u00e0 l'usage professionnel. En tant que concessionnaire de v\u00e9hicules utilitaires Peugeot, vous trouverez dans notre gamme :<\/p>\n<ul>\n<li><strong>Peugeot boxer occasion<\/strong>Ce mod\u00e8le est une grande camionnette bien adapt\u00e9e aux charges lourdes et aux longues distances. Avec une construction robuste et des moteurs puissants, le v\u00e9hicule peut transporter de grandes unit\u00e9s de marchandises avec facilit\u00e9 et efficacit\u00e9.<\/li>\n<li><strong>Peugeot partenaire occasion :<\/strong> Il s'agit d'un fourgon compact r\u00e9put\u00e9 pour sa polyvalence et sa facilit\u00e9 d'utilisation. Avec un espace de chargement spacieux et des caract\u00e9ristiques tr\u00e8s pratiques, ce mod\u00e8le est id\u00e9al pour les livraisons en ville et les activit\u00e9s professionnelles, par exemple.<\/li>\n<li><strong>L'occasion de l'expert Peugeot :<\/strong> ce fourgon de taille moyenne excelle en termes de confort et de performances. En outre, ce mod\u00e8le offre des options pour diverses applications professionnelles.<\/li>\n<\/ul>\n<h2><b>B\u00e9n\u00e9ficier de la qualit\u00e9 et du service<\/b><\/h2>\n<p>Chez Van den Hurk, vous trouverez divers v\u00e9hicules utilitaires \u00e0 usage professionnel. Chez nous, vous avez l'assurance de disposer de v\u00e9hicules utilitaires fiables et de qualit\u00e9. En outre, vous pouvez louer ou acheter un bus Peugeot. Nous vous aiderons volontiers \u00e0 trouver la meilleure option pour vos besoins.<\/p>\n<\/div><\/section>","protected":false},"excerpt":{"rendered":"","protected":false},"author":3,"featured_media":0,"parent":0,"menu_order":0,"comment_status":"closed","ping_status":"closed","template":"","meta":{"_acf_changed":false,"_improvement_type_select":"improve_an_existing","_thumb_yes_seoaic":false,"_frame_yes_seoaic":false,"seoaic_generate_description":"","seoaic_improve_instructions_prompt":"","seoaic_rollback_content_improvement":"","seoaic_idea_thumbnail_generator":"","thumbnail_generated":false,"thumbnail_generate_prompt":"","seoaic_article_description":"","footnotes":""},"class_list":["post-370581","page","type-page","status-publish","hentry"],"acf":[],"yoast_head":"<!-- This site is optimized with the Yoast SEO plugin v27.3 - https:\/\/yoast.com\/product\/yoast-seo-wordpress\/ -->\n<title>Peugeot bedrijfswagens: d\u00e9 match voor je zakelijke behoeften!<\/title>\n<meta name=\"description\" content=\"Rijd vooruit met Peugeot bedrijfswagens: effici\u00ebntie, innovatie en betrouwbaarheid in \u00e9\u00e9n! Ontdek het ruime aanbod van Peugeot.\" \/>\n<meta name=\"robots\" content=\"index, follow, max-snippet:-1, max-image-preview:large, max-video-preview:-1\" \/>\n<link rel=\"canonical\" href=\"https:\/\/www.vdhurk.nl\/fr\/vehicules-utilitaires-peugeot\/\" \/>\n<meta property=\"og:locale\" content=\"fr_FR\" \/>\n<meta property=\"og:type\" content=\"article\" \/>\n<meta property=\"og:title\" content=\"Peugeot bedrijfswagens: d\u00e9 match voor je zakelijke behoeften!\" \/>\n<meta property=\"og:description\" content=\"Rijd vooruit met Peugeot bedrijfswagens: effici\u00ebntie, innovatie en betrouwbaarheid in \u00e9\u00e9n! Ontdek het ruime aanbod van Peugeot.\" \/>\n<meta property=\"og:url\" content=\"https:\/\/www.vdhurk.nl\/fr\/vehicules-utilitaires-peugeot\/\" \/>\n<meta property=\"og:site_name\" content=\"Van den Hurk Bedrijfswagens\" \/>\n<meta property=\"article:modified_time\" content=\"2024-04-16T12:09:23+00:00\" \/>\n<meta name=\"twitter:card\" content=\"summary_large_image\" \/>\n<meta name=\"twitter:label1\" content=\"Dur\u00e9e de lecture estim\u00e9e\" \/>\n\t<meta name=\"twitter:data1\" content=\"5 minutes\" \/>\n<script type=\"application\/ld+json\" class=\"yoast-schema-graph\">{\"@context\":\"https:\\\/\\\/schema.org\",\"@graph\":[{\"@type\":\"WebPage\",\"@id\":\"https:\\\/\\\/www.vdhurk.nl\\\/peugeot-bedrijfswagens\\\/\",\"url\":\"https:\\\/\\\/www.vdhurk.nl\\\/peugeot-bedrijfswagens\\\/\",\"name\":\"Peugeot bedrijfswagens: d\u00e9 match voor je zakelijke behoeften!\",\"isPartOf\":{\"@id\":\"https:\\\/\\\/www.vdhurk.nl\\\/#website\"},\"datePublished\":\"2024-04-16T12:08:59+00:00\",\"dateModified\":\"2024-04-16T12:09:23+00:00\",\"description\":\"Rijd vooruit met Peugeot bedrijfswagens: effici\u00ebntie, innovatie en betrouwbaarheid in \u00e9\u00e9n! Ontdek het ruime aanbod van Peugeot.\",\"breadcrumb\":{\"@id\":\"https:\\\/\\\/www.vdhurk.nl\\\/peugeot-bedrijfswagens\\\/#breadcrumb\"},\"inLanguage\":\"fr-FR\",\"potentialAction\":[{\"@type\":\"ReadAction\",\"target\":[\"https:\\\/\\\/www.vdhurk.nl\\\/peugeot-bedrijfswagens\\\/\"]}]},{\"@type\":\"BreadcrumbList\",\"@id\":\"https:\\\/\\\/www.vdhurk.nl\\\/peugeot-bedrijfswagens\\\/#breadcrumb\",\"itemListElement\":[{\"@type\":\"ListItem\",\"position\":1,\"name\":\"Home\",\"item\":\"https:\\\/\\\/www.vdhurk.nl\\\/home\\\/\"},{\"@type\":\"ListItem\",\"position\":2,\"name\":\"Peugeot Bedrijfswagens\"}]},{\"@type\":\"WebSite\",\"@id\":\"https:\\\/\\\/www.vdhurk.nl\\\/#website\",\"url\":\"https:\\\/\\\/www.vdhurk.nl\\\/\",\"name\":\"Van den Hurk Bedrijfswagens\",\"description\":\"Van den Hurk bedrijfswagens Helmond\",\"potentialAction\":[{\"@type\":\"SearchAction\",\"target\":{\"@type\":\"EntryPoint\",\"urlTemplate\":\"https:\\\/\\\/www.vdhurk.nl\\\/?s={search_term_string}\"},\"query-input\":{\"@type\":\"PropertyValueSpecification\",\"valueRequired\":true,\"valueName\":\"search_term_string\"}}],\"inLanguage\":\"fr-FR\"}]}<\/script>\n<!-- \/ Yoast SEO plugin. -->","yoast_head_json":{"title":"Les v\u00e9hicules utilitaires Peugeot : la r\u00e9ponse aux besoins de votre entreprise !","description":"Allez de l'avant avec les v\u00e9hicules utilitaires Peugeot : efficacit\u00e9, innovation et fiabilit\u00e9 \u00e0 la fois ! D\u00e9couvrez la large gamme de v\u00e9hicules Peugeot.","robots":{"index":"index","follow":"follow","max-snippet":"max-snippet:-1","max-image-preview":"max-image-preview:large","max-video-preview":"max-video-preview:-1"},"canonical":"https:\/\/www.vdhurk.nl\/fr\/vehicules-utilitaires-peugeot\/","og_locale":"fr_FR","og_type":"article","og_title":"Peugeot bedrijfswagens: d\u00e9 match voor je zakelijke behoeften!","og_description":"Rijd vooruit met Peugeot bedrijfswagens: effici\u00ebntie, innovatie en betrouwbaarheid in \u00e9\u00e9n! Ontdek het ruime aanbod van Peugeot.","og_url":"https:\/\/www.vdhurk.nl\/fr\/vehicules-utilitaires-peugeot\/","og_site_name":"Van den Hurk Bedrijfswagens","article_modified_time":"2024-04-16T12:09:23+00:00","twitter_card":"summary_large_image","twitter_misc":{"Dur\u00e9e de lecture estim\u00e9e":"5 minutes"},"schema":{"@context":"https:\/\/schema.org","@graph":[{"@type":"WebPage","@id":"https:\/\/www.vdhurk.nl\/peugeot-bedrijfswagens\/","url":"https:\/\/www.vdhurk.nl\/peugeot-bedrijfswagens\/","name":"Les v\u00e9hicules utilitaires Peugeot : la r\u00e9ponse aux besoins de votre entreprise !","isPartOf":{"@id":"https:\/\/www.vdhurk.nl\/#website"},"datePublished":"2024-04-16T12:08:59+00:00","dateModified":"2024-04-16T12:09:23+00:00","description":"Allez de l'avant avec les v\u00e9hicules utilitaires Peugeot : efficacit\u00e9, innovation et fiabilit\u00e9 \u00e0 la fois ! D\u00e9couvrez la large gamme de v\u00e9hicules Peugeot.","breadcrumb":{"@id":"https:\/\/www.vdhurk.nl\/peugeot-bedrijfswagens\/#breadcrumb"},"inLanguage":"fr-FR","potentialAction":[{"@type":"ReadAction","target":["https:\/\/www.vdhurk.nl\/peugeot-bedrijfswagens\/"]}]},{"@type":"BreadcrumbList","@id":"https:\/\/www.vdhurk.nl\/peugeot-bedrijfswagens\/#breadcrumb","itemListElement":[{"@type":"ListItem","position":1,"name":"Home","item":"https:\/\/www.vdhurk.nl\/home\/"},{"@type":"ListItem","position":2,"name":"Peugeot Bedrijfswagens"}]},{"@type":"WebSite","@id":"https:\/\/www.vdhurk.nl\/#website","url":"https:\/\/www.vdhurk.nl\/","name":"V\u00e9hicules utilitaires Van den Hurk","description":"V\u00e9hicules utilitaires Van den Hurk Helmond","potentialAction":[{"@type":"SearchAction","target":{"@type":"EntryPoint","urlTemplate":"https:\/\/www.vdhurk.nl\/?s={search_term_string}"},"query-input":{"@type":"PropertyValueSpecification","valueRequired":true,"valueName":"search_term_string"}}],"inLanguage":"fr-FR"}]}},"_links":{"self":[{"href":"https:\/\/www.vdhurk.nl\/fr\/wp-json\/wp\/v2\/pages\/370581","targetHints":{"allow":["GET"]}}],"collection":[{"href":"https:\/\/www.vdhurk.nl\/fr\/wp-json\/wp\/v2\/pages"}],"about":[{"href":"https:\/\/www.vdhurk.nl\/fr\/wp-json\/wp\/v2\/types\/page"}],"author":[{"embeddable":true,"href":"https:\/\/www.vdhurk.nl\/fr\/wp-json\/wp\/v2\/users\/3"}],"replies":[{"embeddable":true,"href":"https:\/\/www.vdhurk.nl\/fr\/wp-json\/wp\/v2\/comments?post=370581"}],"version-history":[{"count":7,"href":"https:\/\/www.vdhurk.nl\/fr\/wp-json\/wp\/v2\/pages\/370581\/revisions"}],"predecessor-version":[{"id":372297,"href":"https:\/\/www.vdhurk.nl\/fr\/wp-json\/wp\/v2\/pages\/370581\/revisions\/372297"}],"wp:attachment":[{"href":"https:\/\/www.vdhurk.nl\/fr\/wp-json\/wp\/v2\/media?parent=370581"}],"curies":[{"name":"wp","href":"https:\/\/api.w.org\/{rel}","templated":true}]}}