{"id":370573,"date":"2024-04-10T17:35:04","date_gmt":"2024-04-10T15:35:04","guid":{"rendered":"https:\/\/www.vdhurk.nl\/?page_id=370573"},"modified":"2024-04-15T16:55:46","modified_gmt":"2024-04-15T14:55:46","slug":"mercedes-9","status":"publish","type":"page","link":"https:\/\/www.vdhurk.nl\/fr\/mercedes-bedrijfswagens\/","title":{"rendered":"V\u00e9hicules utilitaires Mercedes"},"content":{"rendered":"<section  class='av_textblock_section av-lu8gnh7d-4ac895489941e586c1d7c8cb72318135'  itemscope=\"itemscope\" itemtype=\"https:\/\/schema.org\/CreativeWork\" ><div class='avia_textblock'  itemprop=\"text\" ><h1>D\u00e9couvrez la puissance des v\u00e9hicules utilitaires Mercedes<\/h1>\n<p>Les v\u00e9hicules utilitaires Mercedes sont synonymes de qualit\u00e9, de fiabilit\u00e9 et d'innovation. En tant que marque leader de l'industrie automobile, Mercedes propose une gamme compl\u00e8te de v\u00e9hicules utilitaires pour r\u00e9pondre aux diff\u00e9rents besoins des entrepreneurs et des entreprises. Mercedes associe des technologies de pointe \u00e0 un design sophistiqu\u00e9. Les utilisateurs professionnels peuvent ainsi compter sur des performances, un confort et une efficacit\u00e9 optimaux. Parce que la marque ne cesse d'innover, elle continue d'\u00e9tablir la norme en mati\u00e8re de v\u00e9hicules utilitaires dans le monde entier.<\/p>\n<\/div><\/section>\n\n<style type=\"text\/css\" data-created_by=\"avia_inline_auto\" id=\"style-css-av-lujjddpd-afa3d7a9eabd61123e643ed1228e781e\">\n#top .hr.hr-invisible.av-lujjddpd-afa3d7a9eabd61123e643ed1228e781e{\nheight:50px;\n}\n<\/style>\n<div  class='hr av-lujjddpd-afa3d7a9eabd61123e643ed1228e781e hr-invisible  avia-builder-el-1  el_after_av_textblock  el_before_av_codeblock'><span class='hr-inner'><span class=\"hr-inner-style\"><\/span><\/span><\/div>\n\n\n<style type=\"text\/css\" data-created_by=\"avia_inline_auto\" id=\"style-css-av-ah0xd-63338d9dc6b40410e22a712829c369d6\">\n#top .hr.hr-invisible.av-ah0xd-63338d9dc6b40410e22a712829c369d6{\nheight:50px;\n}\n<\/style>\n<div  class='hr av-ah0xd-63338d9dc6b40410e22a712829c369d6 hr-invisible  avia-builder-el-3  el_after_av_codeblock  el_before_av_buttonrow'><span class='hr-inner'><span class=\"hr-inner-style\"><\/span><\/span><\/div>\n<div  class='avia-buttonrow-wrap av-lujhssae-cff7d852879371e1ec58a3b104a5d229 avia-buttonrow-center  avia-builder-el-4  el_after_av_hr  el_before_av_hr'>\n\n<style type=\"text\/css\" data-created_by=\"avia_inline_auto\" id=\"style-css-av-lujhtay0-149e4ab69c7860478a93da9d8e7b74c4\">\n#top #wrap_all .avia-button.av-lujhtay0-149e4ab69c7860478a93da9d8e7b74c4{\nmargin-bottom:5px;\nmargin-right:3px;\nmargin-left:3px;\n}\n<\/style>\n<a href='https:\/\/www.vdhurk.nl\/fr\/vehicules-commerciaux\/#q1bKTS3KVrICUcmpKanFukmpeVVKOkr5RSmpRUmVQJmCosysYr0yoLL8_AIwJ74gsagkM7k0JzO1yAqoJ1mpFgA'  class='avia-button av-lujhtay0-149e4ab69c7860478a93da9d8e7b74c4 avia-icon_select-yes-right-icon avia-size-x-large avia-color-theme-color'  ><span class='avia_iconbox_title' >Curieux de d\u00e9couvrir la gamme compl\u00e8te des v\u00e9hicules utilitaires Mercedes ? N'h\u00e9sitez pas \u00e0 y jeter un coup d'\u0153il !<\/span><span class='avia_button_icon avia_button_icon_right' aria-hidden='true' data-av_icon='\ue871' data-av_iconfont='entypo-fontello'><\/span><\/a>\n<\/div>\n\n<style type=\"text\/css\" data-created_by=\"avia_inline_auto\" id=\"style-css-av-o1d5-cf77288da24053faf1b6ffbefcfc6222\">\n#top .hr.hr-invisible.av-o1d5-cf77288da24053faf1b6ffbefcfc6222{\nheight:50px;\n}\n<\/style>\n<div  class='hr av-o1d5-cf77288da24053faf1b6ffbefcfc6222 hr-invisible  avia-builder-el-5  el_after_av_buttonrow  el_before_av_textblock'><span class='hr-inner'><span class=\"hr-inner-style\"><\/span><\/span><\/div>\n<section  class='av_textblock_section av-lu8gow1e-300853e458ed741bd87d6cb78e55cc7a'  itemscope=\"itemscope\" itemtype=\"https:\/\/schema.org\/CreativeWork\" ><div class='avia_textblock'  itemprop=\"text\" ><h2>Pourquoi choisir la marque Mercedes ?<\/h2>\n<p>Les autobus et v\u00e9hicules utilitaires Mercedes sont tr\u00e8s populaires aupr\u00e8s des utilisateurs professionnels. Cela s'explique en partie par :<\/p>\n<ul>\n<li><b>Fiabilit\u00e9 : <\/b>Les v\u00e9hicules utilitaires ont une construction robuste et sont fabriqu\u00e9s avec des mat\u00e9riaux de haute qualit\u00e9. Ils sont con\u00e7us pour durer et r\u00e9sister \u00e0 un usage intensif.<\/li>\n<li><b>Performance : <\/b>Ces v\u00e9hicules offrent des performances impressionnantes en termes de puissance des moteurs, de souplesse de conduite et d'excellente charge utile. Elles sont con\u00e7ues pour r\u00e9pondre aux exigences des utilisateurs professionnels.<\/li>\n<li><b>Confort et s\u00e9curit\u00e9 : <\/b>Gr\u00e2ce aux nouvelles technologies et aux int\u00e9rieurs de haute qualit\u00e9, les v\u00e9hicules utilitaires offrent une exp\u00e9rience de conduite confortable et s\u00fbre, tant pour les conducteurs que pour les passagers. Ces v\u00e9hicules sont \u00e9galement parfaits pour parcourir de longues distances.<\/li>\n<li><b>L'innovation : <\/b>Mercedes est connue pour ses efforts constants en mati\u00e8re d'innovation. Ses v\u00e9hicules utilitaires sont dot\u00e9s des derni\u00e8res technologies, ce qui les rend plus efficaces, plus intelligents et plus faciles \u00e0 utiliser.<\/li>\n<li><b>Apparence : <\/b>Conduire une Mercedes, c'est faire preuve de professionnalisme et de qualit\u00e9. La marque jouit d'une bonne r\u00e9putation qui se traduit par le professionnalisme et la qualit\u00e9. En bref, les raisons de choisir Mercedes ne manquent pas.<\/li>\n<\/ul>\n<\/div><\/section>\n<div class='flex_column av-f64w1-da126f42b61613402309283c14245a25 av_one_half  avia-builder-el-7  el_after_av_textblock  el_before_av_one_third  first flex_column_div column-top-margin'   ><section  class='av_textblock_section av-lu8gpqre-73cc2c17e6a6497ba6e1b58af22bd9e8'  itemscope=\"itemscope\" itemtype=\"https:\/\/schema.org\/CreativeWork\" ><div class='avia_textblock'  itemprop=\"text\" ><h2>D\u00e9veloppements au sein de la marque<\/h2>\n<p>Au fil des ans, la marque a continu\u00e9 \u00e0 \u00e9voluer. Par exemple, elle se concentre sur le d\u00e9veloppement durable et le respect de l'environnement. Mercedes s'est engag\u00e9e dans le d\u00e9veloppement de v\u00e9hicules commerciaux \u00e9cologiques en proposant des mod\u00e8les dot\u00e9s de moteurs efficaces et d'alternatives, comme les v\u00e9hicules \u00e9lectriques et hybrides. Ces d\u00e9veloppements jouent un r\u00f4le dans la demande croissante de solutions de transport durables. La marque reste \u00e9galement \u00e0 l'avant-garde en mati\u00e8re de connectivit\u00e9. Elle utilise des syst\u00e8mes de s\u00e9curit\u00e9 et d'assistance avanc\u00e9s qui am\u00e9liorent \u00e0 la fois la s\u00e9curit\u00e9 et l'efficacit\u00e9 des v\u00e9hicules.<\/p>\n<\/div><\/section><\/div>\n<div class='flex_column av-aldk9-ee694297f5c4032981677a02caab84d6 av_one_third  avia-builder-el-9  el_after_av_one_half  el_before_av_hr  flex_column_div column-top-margin'   ><style type=\"text\/css\" data-created_by=\"avia_inline_auto\" id=\"style-css-av-l1w9kpsf-4ec3fab772ec7a9adaa33cfc64ff0475\">\n.avia-image-container.av-l1w9kpsf-4ec3fab772ec7a9adaa33cfc64ff0475 .av-image-caption-overlay-center{\ncolor:#ffffff;\n}\n<\/style>\n<div  class='avia-image-container av-l1w9kpsf-4ec3fab772ec7a9adaa33cfc64ff0475 av-styling- avia-align-center  avia-builder-el-10  avia-builder-el-no-sibling'  itemprop=\"image\" itemscope=\"itemscope\" itemtype=\"https:\/\/schema.org\/ImageObject\" ><div class=\"avia-image-container-inner\"><div class=\"avia-image-overlay-wrap\"><img decoding=\"async\" class='wp-image-187 avia-img-lazy-loading-not-187 avia_image' src=\"https:\/\/www.vdhurk.nl\/wp-content\/uploads\/2022\/03\/Voorrad.png\" alt='' title='Stock'  height=\"758\" width=\"1135\"  itemprop=\"thumbnailUrl\" srcset=\"https:\/\/www.vdhurk.nl\/wp-content\/uploads\/2022\/03\/Voorrad.png 1135w, https:\/\/www.vdhurk.nl\/wp-content\/uploads\/2022\/03\/Voorrad-300x200.png 300w, https:\/\/www.vdhurk.nl\/wp-content\/uploads\/2022\/03\/Voorrad-1030x688.png 1030w, https:\/\/www.vdhurk.nl\/wp-content\/uploads\/2022\/03\/Voorrad-768x513.png 768w, https:\/\/www.vdhurk.nl\/wp-content\/uploads\/2022\/03\/Voorrad-18x12.png 18w, https:\/\/www.vdhurk.nl\/wp-content\/uploads\/2022\/03\/Voorrad-705x471.png 705w\" sizes=\"(max-width: 1135px) 100vw, 1135px\" \/><\/div><\/div><\/div><\/div>\n\n<style type=\"text\/css\" data-created_by=\"avia_inline_auto\" id=\"style-css-av-luqrjpjc-5a23a1fb5f94718ca85316a9df963e2f\">\n#top .hr.hr-invisible.av-luqrjpjc-5a23a1fb5f94718ca85316a9df963e2f{\nheight:50px;\n}\n<\/style>\n<div  class='hr av-luqrjpjc-5a23a1fb5f94718ca85316a9df963e2f hr-invisible  avia-builder-el-11  el_after_av_one_third  el_before_av_textblock'><span class='hr-inner'><span class=\"hr-inner-style\"><\/span><\/span><\/div>\n<section  class='av_textblock_section av-lu8gtjw7-4f3cee9304909518d86d2860d9d582dd'  itemscope=\"itemscope\" itemtype=\"https:\/\/schema.org\/CreativeWork\" ><div class='avia_textblock'  itemprop=\"text\" ><h2><b>Mod\u00e8les d'autobus Mercedes : choisir le neuf ou l'occasion ?<\/b><\/h2>\n<p>En ce qui concerne les diff\u00e9rents mod\u00e8les, Mercedes offre plusieurs options. En effet, dans notre gamme, vous trouverez aussi bien des mod\u00e8les neufs que des mod\u00e8les d'occasion. Vous pouvez donc acheter un autobus Mercedes ou louer un autobus Mercedes. Tout comme les nouveaux mod\u00e8les, l'occasion d'un autobus Mercedes offre une excellente opportunit\u00e9 pour les utilisateurs professionnels. Les v\u00e9hicules d'occasion de notre gamme sont fiables, de haute qualit\u00e9 et offrent un excellent rapport qualit\u00e9-prix. Ces v\u00e9hicules ont \u00e9t\u00e9 inspect\u00e9s et test\u00e9s. Nous garantissons ainsi qu'ils r\u00e9pondent \u00e0 des normes \u00e9lev\u00e9es. En outre, ils offrent souvent encore le luxe et la fonctionnalit\u00e9 que vous attendez d'un v\u00e9hicule Mercedes.<\/p>\n<h2><b>Trouvez la voiture de soci\u00e9t\u00e9 id\u00e9ale pour vous en tant qu'utilisateur professionnel<\/b><\/h2>\n<p>Les v\u00e9hicules utilitaires Mercedes offrent une large gamme de mod\u00e8les con\u00e7us pour r\u00e9pondre aux divers besoins des utilisateurs professionnels. Au sein de notre gamme, vous trouverez plusieurs mod\u00e8les populaires :<\/p>\n<ul>\n<li style=\"font-weight: 400;\" aria-level=\"1\"><strong>Mercedes Sprinter Voiture d'occasion<\/strong>La gamme de produits de l'Union europ\u00e9enne : il s'agit d'un fourgon polyvalent qui offre beaucoup d'espace. Ce mod\u00e8le est r\u00e9put\u00e9 pour sa capacit\u00e9 de chargement, sa fiabilit\u00e9 et son efficacit\u00e9.<\/li>\n<li style=\"font-weight: 400;\" aria-level=\"1\"><strong>Mercedes Vito occasion :<\/strong> ce mod\u00e8le se distingue par son agilit\u00e9, son confort et sa technologie moderne. Il convient aussi bien \u00e0 la circulation urbaine qu'aux longues distances et offre des configurations flexibles pour le transport de charges ou de passagers.<\/li>\n<li style=\"font-weight: 400;\" aria-level=\"1\"><strong>Mercedes Citan occasion :<\/strong> Il s'agit d'une fourgonnette compacte adapt\u00e9e \u00e0 la distribution urbaine et aux applications commerciales l\u00e9g\u00e8res. Avec sa taille compacte, ses moteurs \u00e9conomes en carburant et son int\u00e9rieur pratique, c'est un choix polyvalent pour les entrepreneurs urbains occup\u00e9s.<\/li>\n<\/ul>\n<h2><b>B\u00e9n\u00e9ficier d'un excellent service<\/b><\/h2>\n<p>Chez Van den Hurk, vous pouvez choisir parmi une large gamme de v\u00e9hicules utilitaires Mercedes. Il y en a pour tous les go\u00fbts. Nous garantissons une bonne qualit\u00e9 et un service personnalis\u00e9. Si vous \u00eates int\u00e9ress\u00e9 par l'un de nos v\u00e9hicules utilitaires, contactez-nous \u00e0 l'adresse suivante <a href=\"https:\/\/www.vdhurk.nl\/fr\/contacter\/\">nous contacter<\/a> sur. Nous nous ferons un plaisir de vous aider \u00e0 faire votre choix.<\/p>\n<\/div><\/section>","protected":false},"excerpt":{"rendered":"","protected":false},"author":3,"featured_media":0,"parent":0,"menu_order":0,"comment_status":"closed","ping_status":"closed","template":"","meta":{"_acf_changed":false,"_improvement_type_select":"improve_an_existing","_thumb_yes_seoaic":false,"_frame_yes_seoaic":false,"seoaic_generate_description":"","seoaic_improve_instructions_prompt":"","seoaic_rollback_content_improvement":"","seoaic_idea_thumbnail_generator":"","thumbnail_generated":false,"thumbnail_generate_prompt":"","seoaic_article_description":"","footnotes":""},"class_list":["post-370573","page","type-page","status-publish","hentry"],"acf":[],"yoast_head":"<!-- This site is optimized with the Yoast SEO plugin v27.2 - https:\/\/yoast.com\/product\/yoast-seo-wordpress\/ -->\n<title>Ontdek de Mercedes bedrijfswagens binnen ons assortiment.<\/title>\n<meta name=\"description\" content=\"Betrouwbaar en professioneel. Dat zijn onze Mercedes bedrijfswagens. Ontdek welke bedrijfswagens van het merk aansluiten bij jouw zakelijke behoeften.\" \/>\n<meta name=\"robots\" content=\"index, follow, max-snippet:-1, max-image-preview:large, max-video-preview:-1\" \/>\n<link rel=\"canonical\" href=\"https:\/\/www.vdhurk.nl\/fr\/mercedes-9\/\" \/>\n<meta property=\"og:locale\" content=\"fr_FR\" \/>\n<meta property=\"og:type\" content=\"article\" \/>\n<meta property=\"og:title\" content=\"Ontdek de Mercedes bedrijfswagens binnen ons assortiment.\" \/>\n<meta property=\"og:description\" content=\"Betrouwbaar en professioneel. Dat zijn onze Mercedes bedrijfswagens. Ontdek welke bedrijfswagens van het merk aansluiten bij jouw zakelijke behoeften.\" \/>\n<meta property=\"og:url\" content=\"https:\/\/www.vdhurk.nl\/fr\/mercedes-9\/\" \/>\n<meta property=\"og:site_name\" content=\"Van den Hurk Bedrijfswagens\" \/>\n<meta property=\"article:modified_time\" content=\"2024-04-15T14:55:46+00:00\" \/>\n<meta name=\"twitter:card\" content=\"summary_large_image\" \/>\n<meta name=\"twitter:label1\" content=\"Dur\u00e9e de lecture estim\u00e9e\" \/>\n\t<meta name=\"twitter:data1\" content=\"6 minutes\" \/>\n<script type=\"application\/ld+json\" class=\"yoast-schema-graph\">{\"@context\":\"https:\/\/schema.org\",\"@graph\":[{\"@type\":\"WebPage\",\"@id\":\"https:\/\/www.vdhurk.nl\/mercedes-bedrijfswagens\/\",\"url\":\"https:\/\/www.vdhurk.nl\/mercedes-bedrijfswagens\/\",\"name\":\"Ontdek de Mercedes bedrijfswagens binnen ons assortiment.\",\"isPartOf\":{\"@id\":\"https:\/\/www.vdhurk.nl\/#website\"},\"datePublished\":\"2024-04-10T15:35:04+00:00\",\"dateModified\":\"2024-04-15T14:55:46+00:00\",\"description\":\"Betrouwbaar en professioneel. Dat zijn onze Mercedes bedrijfswagens. Ontdek welke bedrijfswagens van het merk aansluiten bij jouw zakelijke behoeften.\",\"breadcrumb\":{\"@id\":\"https:\/\/www.vdhurk.nl\/mercedes-bedrijfswagens\/#breadcrumb\"},\"inLanguage\":\"fr-FR\",\"potentialAction\":[{\"@type\":\"ReadAction\",\"target\":[\"https:\/\/www.vdhurk.nl\/mercedes-bedrijfswagens\/\"]}]},{\"@type\":\"BreadcrumbList\",\"@id\":\"https:\/\/www.vdhurk.nl\/mercedes-bedrijfswagens\/#breadcrumb\",\"itemListElement\":[{\"@type\":\"ListItem\",\"position\":1,\"name\":\"Home\",\"item\":\"https:\/\/www.vdhurk.nl\/home\/\"},{\"@type\":\"ListItem\",\"position\":2,\"name\":\"Mercedes Bedrijfswagens\"}]},{\"@type\":\"WebSite\",\"@id\":\"https:\/\/www.vdhurk.nl\/#website\",\"url\":\"https:\/\/www.vdhurk.nl\/\",\"name\":\"Van den Hurk Bedrijfswagens\",\"description\":\"Van den Hurk bedrijfswagens Helmond\",\"potentialAction\":[{\"@type\":\"SearchAction\",\"target\":{\"@type\":\"EntryPoint\",\"urlTemplate\":\"https:\/\/www.vdhurk.nl\/?s={search_term_string}\"},\"query-input\":{\"@type\":\"PropertyValueSpecification\",\"valueRequired\":true,\"valueName\":\"search_term_string\"}}],\"inLanguage\":\"fr-FR\"}]}<\/script>\n<!-- \/ Yoast SEO plugin. -->","yoast_head_json":{"title":"D\u00e9couvrez les v\u00e9hicules utilitaires Mercedes de notre gamme.","description":"Fiables et professionnels. Tels sont nos v\u00e9hicules utilitaires Mercedes. D\u00e9couvrez quels sont les v\u00e9hicules utilitaires de marque qui r\u00e9pondent aux besoins de votre entreprise.","robots":{"index":"index","follow":"follow","max-snippet":"max-snippet:-1","max-image-preview":"max-image-preview:large","max-video-preview":"max-video-preview:-1"},"canonical":"https:\/\/www.vdhurk.nl\/fr\/mercedes-9\/","og_locale":"fr_FR","og_type":"article","og_title":"Ontdek de Mercedes bedrijfswagens binnen ons assortiment.","og_description":"Betrouwbaar en professioneel. Dat zijn onze Mercedes bedrijfswagens. Ontdek welke bedrijfswagens van het merk aansluiten bij jouw zakelijke behoeften.","og_url":"https:\/\/www.vdhurk.nl\/fr\/mercedes-9\/","og_site_name":"Van den Hurk Bedrijfswagens","article_modified_time":"2024-04-15T14:55:46+00:00","twitter_card":"summary_large_image","twitter_misc":{"Dur\u00e9e de lecture estim\u00e9e":"6 minutes"},"schema":{"@context":"https:\/\/schema.org","@graph":[{"@type":"WebPage","@id":"https:\/\/www.vdhurk.nl\/mercedes-bedrijfswagens\/","url":"https:\/\/www.vdhurk.nl\/mercedes-bedrijfswagens\/","name":"D\u00e9couvrez les v\u00e9hicules utilitaires Mercedes de notre gamme.","isPartOf":{"@id":"https:\/\/www.vdhurk.nl\/#website"},"datePublished":"2024-04-10T15:35:04+00:00","dateModified":"2024-04-15T14:55:46+00:00","description":"Fiables et professionnels. Tels sont nos v\u00e9hicules utilitaires Mercedes. D\u00e9couvrez quels sont les v\u00e9hicules utilitaires de marque qui r\u00e9pondent aux besoins de votre entreprise.","breadcrumb":{"@id":"https:\/\/www.vdhurk.nl\/mercedes-bedrijfswagens\/#breadcrumb"},"inLanguage":"fr-FR","potentialAction":[{"@type":"ReadAction","target":["https:\/\/www.vdhurk.nl\/mercedes-bedrijfswagens\/"]}]},{"@type":"BreadcrumbList","@id":"https:\/\/www.vdhurk.nl\/mercedes-bedrijfswagens\/#breadcrumb","itemListElement":[{"@type":"ListItem","position":1,"name":"Home","item":"https:\/\/www.vdhurk.nl\/home\/"},{"@type":"ListItem","position":2,"name":"Mercedes Bedrijfswagens"}]},{"@type":"WebSite","@id":"https:\/\/www.vdhurk.nl\/#website","url":"https:\/\/www.vdhurk.nl\/","name":"V\u00e9hicules utilitaires Van den Hurk","description":"V\u00e9hicules utilitaires Van den Hurk Helmond","potentialAction":[{"@type":"SearchAction","target":{"@type":"EntryPoint","urlTemplate":"https:\/\/www.vdhurk.nl\/?s={search_term_string}"},"query-input":{"@type":"PropertyValueSpecification","valueRequired":true,"valueName":"search_term_string"}}],"inLanguage":"fr-FR"}]}},"_links":{"self":[{"href":"https:\/\/www.vdhurk.nl\/fr\/wp-json\/wp\/v2\/pages\/370573","targetHints":{"allow":["GET"]}}],"collection":[{"href":"https:\/\/www.vdhurk.nl\/fr\/wp-json\/wp\/v2\/pages"}],"about":[{"href":"https:\/\/www.vdhurk.nl\/fr\/wp-json\/wp\/v2\/types\/page"}],"author":[{"embeddable":true,"href":"https:\/\/www.vdhurk.nl\/fr\/wp-json\/wp\/v2\/users\/3"}],"replies":[{"embeddable":true,"href":"https:\/\/www.vdhurk.nl\/fr\/wp-json\/wp\/v2\/comments?post=370573"}],"version-history":[{"count":9,"href":"https:\/\/www.vdhurk.nl\/fr\/wp-json\/wp\/v2\/pages\/370573\/revisions"}],"predecessor-version":[{"id":372083,"href":"https:\/\/www.vdhurk.nl\/fr\/wp-json\/wp\/v2\/pages\/370573\/revisions\/372083"}],"wp:attachment":[{"href":"https:\/\/www.vdhurk.nl\/fr\/wp-json\/wp\/v2\/media?parent=370573"}],"curies":[{"name":"wp","href":"https:\/\/api.w.org\/{rel}","templated":true}]}}