{"id":488093,"date":"2025-04-29T14:53:31","date_gmt":"2025-04-29T12:53:31","guid":{"rendered":"https:\/\/www.vdhurk.nl\/?page_id=488093"},"modified":"2025-04-29T14:53:31","modified_gmt":"2025-04-29T12:53:31","slug":"maquina","status":"publish","type":"page","link":"https:\/\/www.vdhurk.nl\/es\/toyota-bedrijfswagens\/proace\/automaat\/","title":{"rendered":"Toyta Proace transmisi\u00f3n autom\u00e1tica"},"content":{"rendered":"<section  class='av_textblock_section av-lu8gnh7d-4ac895489941e586c1d7c8cb72318135'  itemscope=\"itemscope\" itemtype=\"https:\/\/schema.org\/CreativeWork\" ><div class='avia_textblock'  itemprop=\"text\" ><h1>El Toyota Proace autom\u00e1tico para su negocio<\/h1>\n<p>\u00bfBusca un veh\u00edculo comercial fiable y vers\u00e1til que realmente haga avanzar su negocio? El Toyota Proace autom\u00e1tico lleva a\u00f1os siendo el favorito de los empresarios, y con raz\u00f3n. Su fiabilidad, confort y flexibilidad lo convierten en el veh\u00edculo de empresa para cualquier reto.<br \/>\n\u00bfTiene curiosidad por saber qu\u00e9 puede hacer Proace por su empresa? Siga leyendo r\u00e1pidamente.<\/p>\n<\/div><\/section>\n\n<style type=\"text\/css\" data-created_by=\"avia_inline_auto\" id=\"style-css-av-lujjddpd-afa3d7a9eabd61123e643ed1228e781e\">\n#top .hr.hr-invisible.av-lujjddpd-afa3d7a9eabd61123e643ed1228e781e{\nheight:50px;\n}\n<\/style>\n<div  class='hr av-lujjddpd-afa3d7a9eabd61123e643ed1228e781e hr-invisible  avia-builder-el-1  el_after_av_textblock  el_before_av_codeblock'><span class='hr-inner'><span class=\"hr-inner-style\"><\/span><\/span><\/div>\n\n\n<style type=\"text\/css\" data-created_by=\"avia_inline_auto\" id=\"style-css-av-ah0xd-63338d9dc6b40410e22a712829c369d6\">\n#top .hr.hr-invisible.av-ah0xd-63338d9dc6b40410e22a712829c369d6{\nheight:50px;\n}\n<\/style>\n<div  class='hr av-ah0xd-63338d9dc6b40410e22a712829c369d6 hr-invisible  avia-builder-el-3  el_after_av_codeblock  el_before_av_textblock'><span class='hr-inner'><span class=\"hr-inner-style\"><\/span><\/span><\/div>\n<section  class='av_textblock_section av-lu8gow1e-300853e458ed741bd87d6cb78e55cc7a'  itemscope=\"itemscope\" itemtype=\"https:\/\/schema.org\/CreativeWork\" ><div class='avia_textblock'  itemprop=\"text\" ><h2>\u00bfPor qu\u00e9 elegir un coche de empresa autom\u00e1tico?<\/h2>\n<p>Un veh\u00edculo comercial con transmisi\u00f3n autom\u00e1tica se adapta perfectamente a las necesidades del empresario moderno. \u00bfLa mayor ventaja? La comodidad. Ya no hay que cambiar de marcha, lo que supone un alivio, sobre todo en el denso tr\u00e1fico urbano o durante los atascos. Muchos conductores consideran que un cambio autom\u00e1tico es m\u00e1s f\u00e1cil de usar y m\u00e1s agradable en el uso diario. Adem\u00e1s, con una caja de cambios autom\u00e1tica te mantienes m\u00e1s concentrado en la carretera y no tienes que preocuparte por salirte, un riesgo que sigue siendo habitual en los veh\u00edculos manuales. En resumen: m\u00e1s comodidad, menos complicaciones. Merece m\u00e1s que la pena plantearse un autom\u00e1tico.<\/p>\n<\/div><\/section>\n<div class='flex_column av-f64w1-da126f42b61613402309283c14245a25 av_one_half  avia-builder-el-5  el_after_av_textblock  el_before_av_one_third  first flex_column_div column-top-margin'   ><section  class='av_textblock_section av-lu8gpqre-73cc2c17e6a6497ba6e1b58af22bd9e8'  itemscope=\"itemscope\" itemtype=\"https:\/\/schema.org\/CreativeWork\" ><div class='avia_textblock'  itemprop=\"text\" ><h2>Caracter\u00edsticas y versiones<\/h2>\n<p>El Toyota Proace autom\u00e1tico es un veh\u00edculo comercial pr\u00e1ctico y vers\u00e1til que se adapta sin esfuerzo a una gran variedad de necesidades empresariales. Con una amplia capacidad de carga, un potente motor y una selecci\u00f3n de longitudes y distribuciones, siempre hay una versi\u00f3n que se adapta a su jornada laboral. Tanto si transporta mercanc\u00edas como personas, el Proace ofrece espacio para hasta nueve plazas y combina funcionalidad y confort. Gracias a su cuidado dise\u00f1o, puede utilizarse tanto para trayectos urbanos como para largas distancias, y sigue siendo fiable en todas las condiciones.<\/p>\n<\/div><\/section><\/div><div class='flex_column av-aldk9-ee694297f5c4032981677a02caab84d6 av_one_third  avia-builder-el-7  el_after_av_one_half  el_before_av_hr  flex_column_div column-top-margin'   ><style type=\"text\/css\" data-created_by=\"avia_inline_auto\" id=\"style-css-av-l1w9kpsf-4ec3fab772ec7a9adaa33cfc64ff0475\">\n.avia-image-container.av-l1w9kpsf-4ec3fab772ec7a9adaa33cfc64ff0475 .av-image-caption-overlay-center{\ncolor:#ffffff;\n}\n<\/style>\n<div  class='avia-image-container av-l1w9kpsf-4ec3fab772ec7a9adaa33cfc64ff0475 av-styling- avia-align-center  avia-builder-el-8  avia-builder-el-no-sibling'  itemprop=\"image\" itemscope=\"itemscope\" itemtype=\"https:\/\/schema.org\/ImageObject\" ><div class=\"avia-image-container-inner\"><div class=\"avia-image-overlay-wrap\"><img decoding=\"async\" class='wp-image-187 avia-img-lazy-loading-not-187 avia_image' src=\"https:\/\/www.vdhurk.nl\/wp-content\/uploads\/2022\/03\/Voorrad.png\" alt='' title='Stock'  height=\"758\" width=\"1135\"  itemprop=\"thumbnailUrl\" srcset=\"https:\/\/www.vdhurk.nl\/wp-content\/uploads\/2022\/03\/Voorrad.png 1135w, https:\/\/www.vdhurk.nl\/wp-content\/uploads\/2022\/03\/Voorrad-300x200.png 300w, https:\/\/www.vdhurk.nl\/wp-content\/uploads\/2022\/03\/Voorrad-1030x688.png 1030w, https:\/\/www.vdhurk.nl\/wp-content\/uploads\/2022\/03\/Voorrad-768x513.png 768w, https:\/\/www.vdhurk.nl\/wp-content\/uploads\/2022\/03\/Voorrad-18x12.png 18w, https:\/\/www.vdhurk.nl\/wp-content\/uploads\/2022\/03\/Voorrad-705x471.png 705w\" sizes=\"(max-width: 1135px) 100vw, 1135px\" \/><\/div><\/div><\/div><\/div><\/p>\n\n<style type=\"text\/css\" data-created_by=\"avia_inline_auto\" id=\"style-css-av-luqrjpjc-5a23a1fb5f94718ca85316a9df963e2f\">\n#top .hr.hr-invisible.av-luqrjpjc-5a23a1fb5f94718ca85316a9df963e2f{\nheight:50px;\n}\n<\/style>\n<div  class='hr av-luqrjpjc-5a23a1fb5f94718ca85316a9df963e2f hr-invisible  avia-builder-el-9  el_after_av_one_third  el_before_av_textblock'><span class='hr-inner'><span class=\"hr-inner-style\"><\/span><\/span><\/div>\n<section  class='av_textblock_section av-lu8gtjw7-4f3cee9304909518d86d2860d9d582dd'  itemscope=\"itemscope\" itemtype=\"https:\/\/schema.org\/CreativeWork\" ><div class='avia_textblock'  itemprop=\"text\" ><h2>\u00bfCu\u00e1nto cuesta un Toyota Proace autom\u00e1tico?<\/h2>\n<p>El precio de un Toyota Proace con transmisi\u00f3n autom\u00e1tica depende del acabado y las opciones que elijas. Tanto si opta por un pr\u00e1ctico modelo b\u00e1sico como por una variante ampliamente equipada con confort y funcionalidad extra, siempre habr\u00e1 un Proace autom\u00e1tico que se ajuste a sus necesidades y presupuesto. Gracias a la amplia gama de opciones que se ofrecen, no le costar\u00e1 encontrar un modelo que se adapte a las necesidades de su empresa.<\/p>\n<h2>Compra o leasing: \u00bfcu\u00e1l es la mejor opci\u00f3n para ti?<\/h2>\n<p>Adem\u00e1s de la opci\u00f3n de comprar un veh\u00edculo comercial directamente, el leasing de un Toyota Proace tambi\u00e9n es una de las opciones. Con el leasing financiero, se convierte gradualmente en propietario del veh\u00edculo comercial. Pagas una cantidad fija al mes. Al final del contrato de leasing, se convierte en propietario del veh\u00edculo.<\/p>\n<h2>Descubra la gama y encuentre su coche de empresa perfecto<\/h2>\n<p>\u00bfQuiere comprar un Toyota Proace autom\u00e1tico que se adapte completamente a las necesidades de su empresa? \u00bfO desea m\u00e1s informaci\u00f3n para tomar la decisi\u00f3n correcta? Estaremos encantados de ayudarle a salir a la carretera con el veh\u00edculo ideal. Consulte nuestra oferta actual o p\u00f3ngase en contacto con nosotros.<\/p>\n<\/div><\/section>\n<div class='flex_column av-81no9hv-44a80e93f621b2a9d4a87d97cff509c3 av_one_full  avia-builder-el-11  el_after_av_textblock  avia-builder-el-last  first flex_column_div column-top-margin'   ><\/div>","protected":false},"excerpt":{"rendered":"","protected":false},"author":3,"featured_media":0,"parent":422133,"menu_order":0,"comment_status":"closed","ping_status":"closed","template":"","meta":{"_acf_changed":false,"_improvement_type_select":"improve_an_existing","_thumb_yes_seoaic":false,"_frame_yes_seoaic":false,"seoaic_generate_description":"","seoaic_improve_instructions_prompt":"","seoaic_rollback_content_improvement":"","seoaic_idea_thumbnail_generator":"","thumbnail_generated":false,"thumbnail_generate_prompt":"","seoaic_article_description":"","footnotes":""},"class_list":["post-488093","page","type-page","status-publish","hentry"],"acf":[],"yoast_head":"<!-- This site is optimized with the Yoast SEO plugin v27.5 - https:\/\/yoast.com\/product\/yoast-seo-wordpress\/ -->\n<title>Vind jouw ideale Toyota Proace automaat<\/title>\n<meta name=\"description\" content=\"Op zoek naar een Toyota Proace automaat? Bekijk het ruime aanbod bij Van den Hurk \u2013 jouw betrouwbare partner in bedrijfswagens!\" \/>\n<meta name=\"robots\" content=\"index, follow, max-snippet:-1, max-image-preview:large, max-video-preview:-1\" \/>\n<link rel=\"canonical\" href=\"https:\/\/www.vdhurk.nl\/es\/vehiculos-comerciales-toyota\/proace\/maquina\/\" \/>\n<meta property=\"og:locale\" content=\"es_ES\" \/>\n<meta property=\"og:type\" content=\"article\" \/>\n<meta property=\"og:title\" content=\"Vind jouw ideale Toyota Proace automaat\" \/>\n<meta property=\"og:description\" content=\"Op zoek naar een Toyota Proace automaat? Bekijk het ruime aanbod bij Van den Hurk \u2013 jouw betrouwbare partner in bedrijfswagens!\" \/>\n<meta property=\"og:url\" content=\"https:\/\/www.vdhurk.nl\/es\/vehiculos-comerciales-toyota\/proace\/maquina\/\" \/>\n<meta property=\"og:site_name\" content=\"Van den Hurk Bedrijfswagens\" \/>\n<meta name=\"twitter:card\" content=\"summary_large_image\" \/>\n<meta name=\"twitter:label1\" content=\"Tiempo de lectura\" \/>\n\t<meta name=\"twitter:data1\" content=\"4 minutos\" \/>\n<script type=\"application\/ld+json\" class=\"yoast-schema-graph\">{\"@context\":\"https:\\\/\\\/schema.org\",\"@graph\":[{\"@type\":\"WebPage\",\"@id\":\"https:\\\/\\\/www.vdhurk.nl\\\/toyota-bedrijfswagens\\\/proace\\\/automaat\\\/\",\"url\":\"https:\\\/\\\/www.vdhurk.nl\\\/toyota-bedrijfswagens\\\/proace\\\/automaat\\\/\",\"name\":\"Vind jouw ideale Toyota Proace automaat\",\"isPartOf\":{\"@id\":\"https:\\\/\\\/www.vdhurk.nl\\\/#website\"},\"datePublished\":\"2025-04-29T12:53:31+00:00\",\"description\":\"Op zoek naar een Toyota Proace automaat? Bekijk het ruime aanbod bij Van den Hurk \u2013 jouw betrouwbare partner in bedrijfswagens!\",\"breadcrumb\":{\"@id\":\"https:\\\/\\\/www.vdhurk.nl\\\/toyota-bedrijfswagens\\\/proace\\\/automaat\\\/#breadcrumb\"},\"inLanguage\":\"es\",\"potentialAction\":[{\"@type\":\"ReadAction\",\"target\":[\"https:\\\/\\\/www.vdhurk.nl\\\/toyota-bedrijfswagens\\\/proace\\\/automaat\\\/\"]}]},{\"@type\":\"BreadcrumbList\",\"@id\":\"https:\\\/\\\/www.vdhurk.nl\\\/toyota-bedrijfswagens\\\/proace\\\/automaat\\\/#breadcrumb\",\"itemListElement\":[{\"@type\":\"ListItem\",\"position\":1,\"name\":\"Home\",\"item\":\"https:\\\/\\\/www.vdhurk.nl\\\/home\\\/\"},{\"@type\":\"ListItem\",\"position\":2,\"name\":\"Toyota Bedrijfswagens\",\"item\":\"https:\\\/\\\/www.vdhurk.nl\\\/toyota-bedrijfswagens\\\/\"},{\"@type\":\"ListItem\",\"position\":3,\"name\":\"Toyota Proace\",\"item\":\"https:\\\/\\\/www.vdhurk.nl\\\/toyota-bedrijfswagens\\\/proace\\\/\"},{\"@type\":\"ListItem\",\"position\":4,\"name\":\"Toyta Proace automaat\"}]},{\"@type\":\"WebSite\",\"@id\":\"https:\\\/\\\/www.vdhurk.nl\\\/#website\",\"url\":\"https:\\\/\\\/www.vdhurk.nl\\\/\",\"name\":\"Van den Hurk Bedrijfswagens\",\"description\":\"Van den Hurk bedrijfswagens Helmond\",\"potentialAction\":[{\"@type\":\"SearchAction\",\"target\":{\"@type\":\"EntryPoint\",\"urlTemplate\":\"https:\\\/\\\/www.vdhurk.nl\\\/?s={search_term_string}\"},\"query-input\":{\"@type\":\"PropertyValueSpecification\",\"valueRequired\":true,\"valueName\":\"search_term_string\"}}],\"inLanguage\":\"es\"}]}<\/script>\n<!-- \/ Yoast SEO plugin. -->","yoast_head_json":{"title":"Encuentra tu Toyota Proace autom\u00e1tico ideal","description":"\u00bfBusca una transmisi\u00f3n autom\u00e1tica Toyota Proace? Consulte la amplia gama de Van den Hurk, su socio de confianza en veh\u00edculos comerciales.","robots":{"index":"index","follow":"follow","max-snippet":"max-snippet:-1","max-image-preview":"max-image-preview:large","max-video-preview":"max-video-preview:-1"},"canonical":"https:\/\/www.vdhurk.nl\/es\/vehiculos-comerciales-toyota\/proace\/maquina\/","og_locale":"es_ES","og_type":"article","og_title":"Vind jouw ideale Toyota Proace automaat","og_description":"Op zoek naar een Toyota Proace automaat? Bekijk het ruime aanbod bij Van den Hurk \u2013 jouw betrouwbare partner in bedrijfswagens!","og_url":"https:\/\/www.vdhurk.nl\/es\/vehiculos-comerciales-toyota\/proace\/maquina\/","og_site_name":"Van den Hurk Bedrijfswagens","twitter_card":"summary_large_image","twitter_misc":{"Tiempo de lectura":"4 minutos"},"schema":{"@context":"https:\/\/schema.org","@graph":[{"@type":"WebPage","@id":"https:\/\/www.vdhurk.nl\/toyota-bedrijfswagens\/proace\/automaat\/","url":"https:\/\/www.vdhurk.nl\/toyota-bedrijfswagens\/proace\/automaat\/","name":"Encuentra tu Toyota Proace autom\u00e1tico ideal","isPartOf":{"@id":"https:\/\/www.vdhurk.nl\/#website"},"datePublished":"2025-04-29T12:53:31+00:00","description":"\u00bfBusca una transmisi\u00f3n autom\u00e1tica Toyota Proace? Consulte la amplia gama de Van den Hurk, su socio de confianza en veh\u00edculos comerciales.","breadcrumb":{"@id":"https:\/\/www.vdhurk.nl\/toyota-bedrijfswagens\/proace\/automaat\/#breadcrumb"},"inLanguage":"es","potentialAction":[{"@type":"ReadAction","target":["https:\/\/www.vdhurk.nl\/toyota-bedrijfswagens\/proace\/automaat\/"]}]},{"@type":"BreadcrumbList","@id":"https:\/\/www.vdhurk.nl\/toyota-bedrijfswagens\/proace\/automaat\/#breadcrumb","itemListElement":[{"@type":"ListItem","position":1,"name":"Home","item":"https:\/\/www.vdhurk.nl\/home\/"},{"@type":"ListItem","position":2,"name":"Toyota Bedrijfswagens","item":"https:\/\/www.vdhurk.nl\/toyota-bedrijfswagens\/"},{"@type":"ListItem","position":3,"name":"Toyota Proace","item":"https:\/\/www.vdhurk.nl\/toyota-bedrijfswagens\/proace\/"},{"@type":"ListItem","position":4,"name":"Toyta Proace automaat"}]},{"@type":"WebSite","@id":"https:\/\/www.vdhurk.nl\/#website","url":"https:\/\/www.vdhurk.nl\/","name":"Veh\u00edculos comerciales Van den Hurk","description":"Van den Hurk veh\u00edculos comerciales Helmond","potentialAction":[{"@type":"SearchAction","target":{"@type":"EntryPoint","urlTemplate":"https:\/\/www.vdhurk.nl\/?s={search_term_string}"},"query-input":{"@type":"PropertyValueSpecification","valueRequired":true,"valueName":"search_term_string"}}],"inLanguage":"es"}]}},"_links":{"self":[{"href":"https:\/\/www.vdhurk.nl\/es\/wp-json\/wp\/v2\/pages\/488093","targetHints":{"allow":["GET"]}}],"collection":[{"href":"https:\/\/www.vdhurk.nl\/es\/wp-json\/wp\/v2\/pages"}],"about":[{"href":"https:\/\/www.vdhurk.nl\/es\/wp-json\/wp\/v2\/types\/page"}],"author":[{"embeddable":true,"href":"https:\/\/www.vdhurk.nl\/es\/wp-json\/wp\/v2\/users\/3"}],"replies":[{"embeddable":true,"href":"https:\/\/www.vdhurk.nl\/es\/wp-json\/wp\/v2\/comments?post=488093"}],"version-history":[{"count":2,"href":"https:\/\/www.vdhurk.nl\/es\/wp-json\/wp\/v2\/pages\/488093\/revisions"}],"predecessor-version":[{"id":488095,"href":"https:\/\/www.vdhurk.nl\/es\/wp-json\/wp\/v2\/pages\/488093\/revisions\/488095"}],"up":[{"embeddable":true,"href":"https:\/\/www.vdhurk.nl\/es\/wp-json\/wp\/v2\/pages\/422133"}],"wp:attachment":[{"href":"https:\/\/www.vdhurk.nl\/es\/wp-json\/wp\/v2\/media?parent=488093"}],"curies":[{"name":"wp","href":"https:\/\/api.w.org\/{rel}","templated":true}]}}