{"id":488091,"date":"2025-04-29T14:49:11","date_gmt":"2025-04-29T12:49:11","guid":{"rendered":"https:\/\/www.vdhurk.nl\/?page_id=488091"},"modified":"2025-04-29T14:52:15","modified_gmt":"2025-04-29T12:52:15","slug":"maquina","status":"publish","type":"page","link":"https:\/\/www.vdhurk.nl\/es\/iveco-bedrijfswagens\/daily\/automaat\/","title":{"rendered":"Iveco Daily autom\u00e1tico"},"content":{"rendered":"<section  class='av_textblock_section av-lu8gnh7d-4ac895489941e586c1d7c8cb72318135'  itemscope=\"itemscope\" itemtype=\"https:\/\/schema.org\/CreativeWork\" ><div class='avia_textblock'  itemprop=\"text\" ><h1>\u00bfVa a elegir un Iveco Daily autom\u00e1tico?<\/h1>\n<p>\u00bfNo quiere cambiar de marcha y prefiere disfrutar de la comodidad de una transmisi\u00f3n autom\u00e1tica? Entonces la Iveco Daily autom\u00e1tica es una excelente elecci\u00f3n. Este veh\u00edculo comercial ha ido ganando popularidad en los \u00faltimos a\u00f1os gracias a su versatilidad y facilidad de uso. \u00bfSe pregunta si la Iveco Daily se adapta a su negocio? Siga leyendo y desc\u00fabralo usted mismo.<\/p>\n<\/div><\/section>\n\n<style type=\"text\/css\" data-created_by=\"avia_inline_auto\" id=\"style-css-av-lujjddpd-afa3d7a9eabd61123e643ed1228e781e\">\n#top .hr.hr-invisible.av-lujjddpd-afa3d7a9eabd61123e643ed1228e781e{\nheight:50px;\n}\n<\/style>\n<div  class='hr av-lujjddpd-afa3d7a9eabd61123e643ed1228e781e hr-invisible  avia-builder-el-1  el_after_av_textblock  el_before_av_codeblock'><span class='hr-inner'><span class=\"hr-inner-style\"><\/span><\/span><\/div>\n\n\n<style type=\"text\/css\" data-created_by=\"avia_inline_auto\" id=\"style-css-av-ah0xd-63338d9dc6b40410e22a712829c369d6\">\n#top .hr.hr-invisible.av-ah0xd-63338d9dc6b40410e22a712829c369d6{\nheight:50px;\n}\n<\/style>\n<div  class='hr av-ah0xd-63338d9dc6b40410e22a712829c369d6 hr-invisible  avia-builder-el-3  el_after_av_codeblock  el_before_av_textblock'><span class='hr-inner'><span class=\"hr-inner-style\"><\/span><\/span><\/div>\n<section  class='av_textblock_section av-lu8gow1e-300853e458ed741bd87d6cb78e55cc7a'  itemscope=\"itemscope\" itemtype=\"https:\/\/schema.org\/CreativeWork\" ><div class='avia_textblock'  itemprop=\"text\" ><h2>Un autom\u00e1tico: \u00bfqu\u00e9 ventajas tiene?<\/h2>\n<p>Cada vez son m\u00e1s las empresas que cambian a una transmisi\u00f3n autom\u00e1tica y, por supuesto, es por una buena raz\u00f3n. Una transmisi\u00f3n autom\u00e1tica ofrece varias ventajas sobre las furgonetas manuales. Por ejemplo, te beneficias de una mayor comodidad y confort de conducci\u00f3n, ya que no es necesario cambiar de marcha. Esto es especialmente \u00fatil en situaciones de tr\u00e1fico denso, como los atascos. Adem\u00e1s, puedes concentrarte totalmente en la carretera, mientras el coche circula suavemente y no se cala como con una caja de cambios manual. Con todas estas ventajas, la Iveco Daily es una elecci\u00f3n inteligente y fiable para su negocio.<\/p>\n<\/div><\/section>\n<div class='flex_column av-f64w1-da126f42b61613402309283c14245a25 av_one_half  avia-builder-el-5  el_after_av_textblock  el_before_av_one_third  first flex_column_div column-top-margin'   ><section  class='av_textblock_section av-lu8gpqre-73cc2c17e6a6497ba6e1b58af22bd9e8'  itemscope=\"itemscope\" itemtype=\"https:\/\/schema.org\/CreativeWork\" ><div class='avia_textblock'  itemprop=\"text\" ><h2>\u00bfQu\u00e9 hace de la Iveco Daily un buen veh\u00edculo comercial?<\/h2>\n<p>El Iveco Daily es conocido como un veh\u00edculo comercial potente y vers\u00e1til que se adapta perfectamente a las necesidades de los empresarios. Gracias a sus potentes motores y a su amplia capacidad de carga, este modelo es ideal tanto para cargas ligeras como pesadas. Tanto si suele recorrer largas distancias como si circula principalmente en tr\u00e1fico urbano, este veh\u00edculo comercial siempre tiene una versi\u00f3n adecuada. Adem\u00e1s, el veh\u00edculo est\u00e1 disponible en diferentes a\u00f1os de fabricaci\u00f3n, kilometrajes y colores, por lo que siempre encontrar\u00e1 un modelo que se adapte perfectamente a su negocio.<\/p>\n<\/div><\/section><\/div>\n<div class='flex_column av-aldk9-ee694297f5c4032981677a02caab84d6 av_one_third  avia-builder-el-7  el_after_av_one_half  el_before_av_hr  flex_column_div column-top-margin'   ><style type=\"text\/css\" data-created_by=\"avia_inline_auto\" id=\"style-css-av-l1w9kpsf-4ec3fab772ec7a9adaa33cfc64ff0475\">\n.avia-image-container.av-l1w9kpsf-4ec3fab772ec7a9adaa33cfc64ff0475 .av-image-caption-overlay-center{\ncolor:#ffffff;\n}\n<\/style>\n<div  class='avia-image-container av-l1w9kpsf-4ec3fab772ec7a9adaa33cfc64ff0475 av-styling- avia-align-center  avia-builder-el-8  avia-builder-el-no-sibling'  itemprop=\"image\" itemscope=\"itemscope\" itemtype=\"https:\/\/schema.org\/ImageObject\" ><div class=\"avia-image-container-inner\"><div class=\"avia-image-overlay-wrap\"><img decoding=\"async\" class='wp-image-187 avia-img-lazy-loading-not-187 avia_image' src=\"https:\/\/www.vdhurk.nl\/wp-content\/uploads\/2022\/03\/Voorrad.png\" alt='' title='Stock'  height=\"758\" width=\"1135\"  itemprop=\"thumbnailUrl\" srcset=\"https:\/\/www.vdhurk.nl\/wp-content\/uploads\/2022\/03\/Voorrad.png 1135w, https:\/\/www.vdhurk.nl\/wp-content\/uploads\/2022\/03\/Voorrad-300x200.png 300w, https:\/\/www.vdhurk.nl\/wp-content\/uploads\/2022\/03\/Voorrad-1030x688.png 1030w, https:\/\/www.vdhurk.nl\/wp-content\/uploads\/2022\/03\/Voorrad-768x513.png 768w, https:\/\/www.vdhurk.nl\/wp-content\/uploads\/2022\/03\/Voorrad-18x12.png 18w, https:\/\/www.vdhurk.nl\/wp-content\/uploads\/2022\/03\/Voorrad-705x471.png 705w\" sizes=\"(max-width: 1135px) 100vw, 1135px\" \/><\/div><\/div><\/div><\/div>\n\n<style type=\"text\/css\" data-created_by=\"avia_inline_auto\" id=\"style-css-av-luqrjpjc-5a23a1fb5f94718ca85316a9df963e2f\">\n#top .hr.hr-invisible.av-luqrjpjc-5a23a1fb5f94718ca85316a9df963e2f{\nheight:50px;\n}\n<\/style>\n<div  class='hr av-luqrjpjc-5a23a1fb5f94718ca85316a9df963e2f hr-invisible  avia-builder-el-9  el_after_av_one_third  el_before_av_textblock'><span class='hr-inner'><span class=\"hr-inner-style\"><\/span><\/span><\/div>\n<section  class='av_textblock_section av-lu8gtjw7-4f3cee9304909518d86d2860d9d582dd'  itemscope=\"itemscope\" itemtype=\"https:\/\/schema.org\/CreativeWork\" ><div class='avia_textblock'  itemprop=\"text\" ><h2>\u00bfCu\u00e1nto cuesta un veh\u00edculo comercial Iveco Daily?<\/h2>\n<p>El precio de una Iveco Daily autom\u00e1tica depende de varios factores, como la versi\u00f3n, el a\u00f1o de fabricaci\u00f3n y el kilometraje. \u00bfQuiere una versi\u00f3n est\u00e1ndar o prefiere un poco m\u00e1s de lujo? En cualquier caso, siempre hay una variante que se ajusta a su presupuesto y a sus deseos. \u00bfQuiere saber qu\u00e9 opciones tiene dentro de su presupuesto disponible? No dude en ponerse en contacto con nosotros, nos encantar\u00eda ayudarle en la carretera con su coche de empresa perfecto.<\/p>\n<h2>Comprar o alquilar<\/h2>\n<p>En Van den Hurk tiene varias opciones para financiar su veh\u00edculo industrial. \u00bfLe gustar\u00eda comprar la Iveco Daily inmediatamente y pagar de una sola vez? \u00bfO prefiere elegir <a href=\"https:\/\/www.vdhurk.nl\/es\/arrendamiento-financiero\/\">arrendamiento financiero<\/a>\u00bfen el que pagas una cantidad mensual fija y acabas convirti\u00e9ndote en propietario del veh\u00edculo? Con esta forma de leasing, disfrutas de las ventajas de los pagos escalonados, mientras que el coche de empresa es totalmente tuyo al final del plazo. \u00bfTiene dudas sobre cu\u00e1l es la mejor opci\u00f3n? Estaremos encantados de asesorarle y ayudarle a tomar la decisi\u00f3n correcta.<\/p>\n<h2>Mant\u00e9ngase al d\u00eda de las ofertas actuales<\/h2>\n<p>\u00bfEst\u00e1 convencido de que la Iveco Daily autom\u00e1tica es el veh\u00edculo comercial perfecto para usted? \u00bfO necesita informaci\u00f3n adicional para tomar la decisi\u00f3n correcta? Si tiene alguna pregunta o necesita m\u00e1s informaci\u00f3n, estaremos encantados de ayudarle. P\u00f3ngase en contacto con nosotros o eche un vistazo a nuestra oferta actual. \u00bfA\u00fan no ha encontrado lo que busca? Suscr\u00edbase a nuestra <a href=\"https:\/\/www.vdhurk.nl\/es\/alerta-de-valores\/\">alerta de valores<\/a> Y no se pierda las \u00faltimas novedades.<\/p>\n<\/div><\/section>\n<div class='flex_column av-81no9hv-44a80e93f621b2a9d4a87d97cff509c3 av_one_full  avia-builder-el-11  el_after_av_textblock  avia-builder-el-last  first flex_column_div column-top-margin'   ><\/div>","protected":false},"excerpt":{"rendered":"","protected":false},"author":3,"featured_media":0,"parent":409579,"menu_order":0,"comment_status":"closed","ping_status":"closed","template":"","meta":{"_acf_changed":false,"_improvement_type_select":"improve_an_existing","_thumb_yes_seoaic":false,"_frame_yes_seoaic":false,"seoaic_generate_description":"","seoaic_improve_instructions_prompt":"","seoaic_rollback_content_improvement":"","seoaic_idea_thumbnail_generator":"","thumbnail_generated":false,"thumbnail_generate_prompt":"","seoaic_article_description":"","footnotes":""},"class_list":["post-488091","page","type-page","status-publish","hentry"],"acf":[],"yoast_head":"<!-- This site is optimized with the Yoast SEO plugin v27.3 - https:\/\/yoast.com\/product\/yoast-seo-wordpress\/ -->\n<title>Kies je voor een Iveco Daily automaat?<\/title>\n<meta name=\"description\" content=\"Niet langer schakelen? Dan is de Iveco Daily automaat zeker het overwegen waard. Ontdek de verschillende specificaties, uitvoeringen en de vele voordelen.\" \/>\n<meta name=\"robots\" content=\"index, follow, max-snippet:-1, max-image-preview:large, max-video-preview:-1\" \/>\n<link rel=\"canonical\" href=\"https:\/\/www.vdhurk.nl\/es\/vehiculos-comerciales-iveco\/mercedes-8\/maquina\/\" \/>\n<meta property=\"og:locale\" content=\"es_ES\" \/>\n<meta property=\"og:type\" content=\"article\" \/>\n<meta property=\"og:title\" content=\"Kies je voor een Iveco Daily automaat?\" \/>\n<meta property=\"og:description\" content=\"Niet langer schakelen? Dan is de Iveco Daily automaat zeker het overwegen waard. Ontdek de verschillende specificaties, uitvoeringen en de vele voordelen.\" \/>\n<meta property=\"og:url\" content=\"https:\/\/www.vdhurk.nl\/es\/vehiculos-comerciales-iveco\/mercedes-8\/maquina\/\" \/>\n<meta property=\"og:site_name\" content=\"Van den Hurk Bedrijfswagens\" \/>\n<meta property=\"article:modified_time\" content=\"2025-04-29T12:52:15+00:00\" \/>\n<meta name=\"twitter:card\" content=\"summary_large_image\" \/>\n<meta name=\"twitter:label1\" content=\"Tiempo de lectura\" \/>\n\t<meta name=\"twitter:data1\" content=\"5 minutos\" \/>\n<script type=\"application\/ld+json\" class=\"yoast-schema-graph\">{\"@context\":\"https:\\\/\\\/schema.org\",\"@graph\":[{\"@type\":\"WebPage\",\"@id\":\"https:\\\/\\\/www.vdhurk.nl\\\/iveco-bedrijfswagens\\\/daily\\\/automaat\\\/\",\"url\":\"https:\\\/\\\/www.vdhurk.nl\\\/iveco-bedrijfswagens\\\/daily\\\/automaat\\\/\",\"name\":\"Kies je voor een Iveco Daily automaat?\",\"isPartOf\":{\"@id\":\"https:\\\/\\\/www.vdhurk.nl\\\/#website\"},\"datePublished\":\"2025-04-29T12:49:11+00:00\",\"dateModified\":\"2025-04-29T12:52:15+00:00\",\"description\":\"Niet langer schakelen? Dan is de Iveco Daily automaat zeker het overwegen waard. Ontdek de verschillende specificaties, uitvoeringen en de vele voordelen.\",\"breadcrumb\":{\"@id\":\"https:\\\/\\\/www.vdhurk.nl\\\/iveco-bedrijfswagens\\\/daily\\\/automaat\\\/#breadcrumb\"},\"inLanguage\":\"es\",\"potentialAction\":[{\"@type\":\"ReadAction\",\"target\":[\"https:\\\/\\\/www.vdhurk.nl\\\/iveco-bedrijfswagens\\\/daily\\\/automaat\\\/\"]}]},{\"@type\":\"BreadcrumbList\",\"@id\":\"https:\\\/\\\/www.vdhurk.nl\\\/iveco-bedrijfswagens\\\/daily\\\/automaat\\\/#breadcrumb\",\"itemListElement\":[{\"@type\":\"ListItem\",\"position\":1,\"name\":\"Home\",\"item\":\"https:\\\/\\\/www.vdhurk.nl\\\/home\\\/\"},{\"@type\":\"ListItem\",\"position\":2,\"name\":\"Iveco Bedrijfswagens\",\"item\":\"https:\\\/\\\/www.vdhurk.nl\\\/iveco-bedrijfswagens\\\/\"},{\"@type\":\"ListItem\",\"position\":3,\"name\":\"Iveco Daily\",\"item\":\"https:\\\/\\\/www.vdhurk.nl\\\/iveco-bedrijfswagens\\\/daily\\\/\"},{\"@type\":\"ListItem\",\"position\":4,\"name\":\"Iveco Daily automaat\"}]},{\"@type\":\"WebSite\",\"@id\":\"https:\\\/\\\/www.vdhurk.nl\\\/#website\",\"url\":\"https:\\\/\\\/www.vdhurk.nl\\\/\",\"name\":\"Van den Hurk Bedrijfswagens\",\"description\":\"Van den Hurk bedrijfswagens Helmond\",\"potentialAction\":[{\"@type\":\"SearchAction\",\"target\":{\"@type\":\"EntryPoint\",\"urlTemplate\":\"https:\\\/\\\/www.vdhurk.nl\\\/?s={search_term_string}\"},\"query-input\":{\"@type\":\"PropertyValueSpecification\",\"valueRequired\":true,\"valueName\":\"search_term_string\"}}],\"inLanguage\":\"es\"}]}<\/script>\n<!-- \/ Yoast SEO plugin. -->","yoast_head_json":{"title":"\u00bfElige un Iveco Daily autom\u00e1tico?","description":"\u00bfYa no cambia de marcha? Entonces merece la pena considerar el Iveco Daily autom\u00e1tico. Descubra las diferentes especificaciones, versiones y las numerosas ventajas.","robots":{"index":"index","follow":"follow","max-snippet":"max-snippet:-1","max-image-preview":"max-image-preview:large","max-video-preview":"max-video-preview:-1"},"canonical":"https:\/\/www.vdhurk.nl\/es\/vehiculos-comerciales-iveco\/mercedes-8\/maquina\/","og_locale":"es_ES","og_type":"article","og_title":"Kies je voor een Iveco Daily automaat?","og_description":"Niet langer schakelen? Dan is de Iveco Daily automaat zeker het overwegen waard. Ontdek de verschillende specificaties, uitvoeringen en de vele voordelen.","og_url":"https:\/\/www.vdhurk.nl\/es\/vehiculos-comerciales-iveco\/mercedes-8\/maquina\/","og_site_name":"Van den Hurk Bedrijfswagens","article_modified_time":"2025-04-29T12:52:15+00:00","twitter_card":"summary_large_image","twitter_misc":{"Tiempo de lectura":"5 minutos"},"schema":{"@context":"https:\/\/schema.org","@graph":[{"@type":"WebPage","@id":"https:\/\/www.vdhurk.nl\/iveco-bedrijfswagens\/daily\/automaat\/","url":"https:\/\/www.vdhurk.nl\/iveco-bedrijfswagens\/daily\/automaat\/","name":"\u00bfElige un Iveco Daily autom\u00e1tico?","isPartOf":{"@id":"https:\/\/www.vdhurk.nl\/#website"},"datePublished":"2025-04-29T12:49:11+00:00","dateModified":"2025-04-29T12:52:15+00:00","description":"\u00bfYa no cambia de marcha? Entonces merece la pena considerar el Iveco Daily autom\u00e1tico. Descubra las diferentes especificaciones, versiones y las numerosas ventajas.","breadcrumb":{"@id":"https:\/\/www.vdhurk.nl\/iveco-bedrijfswagens\/daily\/automaat\/#breadcrumb"},"inLanguage":"es","potentialAction":[{"@type":"ReadAction","target":["https:\/\/www.vdhurk.nl\/iveco-bedrijfswagens\/daily\/automaat\/"]}]},{"@type":"BreadcrumbList","@id":"https:\/\/www.vdhurk.nl\/iveco-bedrijfswagens\/daily\/automaat\/#breadcrumb","itemListElement":[{"@type":"ListItem","position":1,"name":"Home","item":"https:\/\/www.vdhurk.nl\/home\/"},{"@type":"ListItem","position":2,"name":"Iveco Bedrijfswagens","item":"https:\/\/www.vdhurk.nl\/iveco-bedrijfswagens\/"},{"@type":"ListItem","position":3,"name":"Iveco Daily","item":"https:\/\/www.vdhurk.nl\/iveco-bedrijfswagens\/daily\/"},{"@type":"ListItem","position":4,"name":"Iveco Daily automaat"}]},{"@type":"WebSite","@id":"https:\/\/www.vdhurk.nl\/#website","url":"https:\/\/www.vdhurk.nl\/","name":"Veh\u00edculos comerciales Van den Hurk","description":"Van den Hurk veh\u00edculos comerciales Helmond","potentialAction":[{"@type":"SearchAction","target":{"@type":"EntryPoint","urlTemplate":"https:\/\/www.vdhurk.nl\/?s={search_term_string}"},"query-input":{"@type":"PropertyValueSpecification","valueRequired":true,"valueName":"search_term_string"}}],"inLanguage":"es"}]}},"_links":{"self":[{"href":"https:\/\/www.vdhurk.nl\/es\/wp-json\/wp\/v2\/pages\/488091","targetHints":{"allow":["GET"]}}],"collection":[{"href":"https:\/\/www.vdhurk.nl\/es\/wp-json\/wp\/v2\/pages"}],"about":[{"href":"https:\/\/www.vdhurk.nl\/es\/wp-json\/wp\/v2\/types\/page"}],"author":[{"embeddable":true,"href":"https:\/\/www.vdhurk.nl\/es\/wp-json\/wp\/v2\/users\/3"}],"replies":[{"embeddable":true,"href":"https:\/\/www.vdhurk.nl\/es\/wp-json\/wp\/v2\/comments?post=488091"}],"version-history":[{"count":2,"href":"https:\/\/www.vdhurk.nl\/es\/wp-json\/wp\/v2\/pages\/488091\/revisions"}],"predecessor-version":[{"id":488800,"href":"https:\/\/www.vdhurk.nl\/es\/wp-json\/wp\/v2\/pages\/488091\/revisions\/488800"}],"up":[{"embeddable":true,"href":"https:\/\/www.vdhurk.nl\/es\/wp-json\/wp\/v2\/pages\/409579"}],"wp:attachment":[{"href":"https:\/\/www.vdhurk.nl\/es\/wp-json\/wp\/v2\/media?parent=488091"}],"curies":[{"name":"wp","href":"https:\/\/api.w.org\/{rel}","templated":true}]}}