{"id":488083,"date":"2025-04-29T14:15:57","date_gmt":"2025-04-29T12:15:57","guid":{"rendered":"https:\/\/www.vdhurk.nl\/?page_id=488083"},"modified":"2025-04-29T14:15:57","modified_gmt":"2025-04-29T12:15:57","slug":"maquina","status":"publish","type":"page","link":"https:\/\/www.vdhurk.nl\/es\/fiat-bedrijfswagens\/scudo\/automaat\/","title":{"rendered":"Fiat Scudo autom\u00e1tico"},"content":{"rendered":"<section  class='av_textblock_section av-lu8gnh7d-4ac895489941e586c1d7c8cb72318135'  itemscope=\"itemscope\" itemtype=\"https:\/\/schema.org\/CreativeWork\" ><div class='avia_textblock'  itemprop=\"text\" ><h1>Encuentre la transmisi\u00f3n autom\u00e1tica perfecta para Fiat Scudo<\/h1>\n<p>\u00bfYa no quiere cambiar de marcha y busca un veh\u00edculo comercial con cambio autom\u00e1tico? Entonces el Fiat Scudo autom\u00e1tico es justo lo que necesitas. Especialmente dise\u00f1ado para usuarios de negocios, este veh\u00edculo comercial es uno de los favoritos entre los empresarios. Descubra las especificaciones y versiones y decida si el Fiat Scudo autom\u00e1tico se adapta a su negocio.<\/p>\n<\/div><\/section>\n\n<style type=\"text\/css\" data-created_by=\"avia_inline_auto\" id=\"style-css-av-lujjddpd-afa3d7a9eabd61123e643ed1228e781e\">\n#top .hr.hr-invisible.av-lujjddpd-afa3d7a9eabd61123e643ed1228e781e{\nheight:50px;\n}\n<\/style>\n<div  class='hr av-lujjddpd-afa3d7a9eabd61123e643ed1228e781e hr-invisible  avia-builder-el-1  el_after_av_textblock  el_before_av_codeblock'><span class='hr-inner'><span class=\"hr-inner-style\"><\/span><\/span><\/div>\n\n\n<style type=\"text\/css\" data-created_by=\"avia_inline_auto\" id=\"style-css-av-ah0xd-63338d9dc6b40410e22a712829c369d6\">\n#top .hr.hr-invisible.av-ah0xd-63338d9dc6b40410e22a712829c369d6{\nheight:50px;\n}\n<\/style>\n<div  class='hr av-ah0xd-63338d9dc6b40410e22a712829c369d6 hr-invisible  avia-builder-el-3  el_after_av_codeblock  el_before_av_textblock'><span class='hr-inner'><span class=\"hr-inner-style\"><\/span><\/span><\/div>\n<section  class='av_textblock_section av-lu8gow1e-300853e458ed741bd87d6cb78e55cc7a'  itemscope=\"itemscope\" itemtype=\"https:\/\/schema.org\/CreativeWork\" ><div class='avia_textblock'  itemprop=\"text\" ><h2>Las ventajas de un sistema autom\u00e1tico<\/h2>\n<p>\u00bfSiempre cambios de marcha suaves y conducci\u00f3n despreocupada? El Fiat Scudo autom\u00e1tico te libera del trabajo para que puedas concentrarte plenamente en la carretera. Se acabaron los embragues en el tr\u00e1fico denso y los cambios de marcha en los viajes largos: este veh\u00edculo comercial garantiza el m\u00e1ximo confort de conducci\u00f3n. Tanto si conduces largas distancias como si sueles transportar cargas pesadas, el Scudo autom\u00e1tico se adaptar\u00e1 a tu ritmo sin esfuerzo. S\u00fabete, experimenta la diferencia y descubre las ventajas de un autom\u00e1tico.<\/p>\n<\/div><\/section>\n<div class='flex_column av-f64w1-da126f42b61613402309283c14245a25 av_one_half  avia-builder-el-5  el_after_av_textblock  el_before_av_one_third  first flex_column_div column-top-margin'   ><section  class='av_textblock_section av-lu8gpqre-73cc2c17e6a6497ba6e1b58af22bd9e8'  itemscope=\"itemscope\" itemtype=\"https:\/\/schema.org\/CreativeWork\" ><div class='avia_textblock'  itemprop=\"text\" ><h2>\u00bfPor qu\u00e9 el Fiat Scudo es una elecci\u00f3n inteligente?<\/h2>\n<p>El Fiat Scudo es un veh\u00edculo comercial que destaca por su versatilidad y eficiencia. Su amplio espacio de carga, inteligentemente distribuido, lo hace perfecto tanto para el transporte de mercanc\u00edas como de pasajeros. Adem\u00e1s, el Scudo ofrece motores de bajo consumo y bajos costes de mantenimiento, lo que lo convierte en una opci\u00f3n econ\u00f3mica para las empresas que buscan mantener sus gastos bajo control. Desde la log\u00edstica y la construcci\u00f3n hasta la sanidad y las empresas de servicios, el Scudo es un socio fiable en cualquier sector. Gracias a su pr\u00e1ctico dise\u00f1o y a sus prestaciones rentables, este veh\u00edculo comercial es una inversi\u00f3n inteligente para cualquier empresario.<\/p>\n<\/div><\/section><\/div><div class='flex_column av-aldk9-ee694297f5c4032981677a02caab84d6 av_one_third  avia-builder-el-7  el_after_av_one_half  el_before_av_hr  flex_column_div column-top-margin'   ><style type=\"text\/css\" data-created_by=\"avia_inline_auto\" id=\"style-css-av-l1w9kpsf-4ec3fab772ec7a9adaa33cfc64ff0475\">\n.avia-image-container.av-l1w9kpsf-4ec3fab772ec7a9adaa33cfc64ff0475 .av-image-caption-overlay-center{\ncolor:#ffffff;\n}\n<\/style>\n<div  class='avia-image-container av-l1w9kpsf-4ec3fab772ec7a9adaa33cfc64ff0475 av-styling- avia-align-center  avia-builder-el-8  avia-builder-el-no-sibling'  itemprop=\"image\" itemscope=\"itemscope\" itemtype=\"https:\/\/schema.org\/ImageObject\" ><div class=\"avia-image-container-inner\"><div class=\"avia-image-overlay-wrap\"><img decoding=\"async\" class='wp-image-187 avia-img-lazy-loading-not-187 avia_image' src=\"https:\/\/www.vdhurk.nl\/wp-content\/uploads\/2022\/03\/Voorrad.png\" alt='' title='Stock'  height=\"758\" width=\"1135\"  itemprop=\"thumbnailUrl\" srcset=\"https:\/\/www.vdhurk.nl\/wp-content\/uploads\/2022\/03\/Voorrad.png 1135w, https:\/\/www.vdhurk.nl\/wp-content\/uploads\/2022\/03\/Voorrad-300x200.png 300w, https:\/\/www.vdhurk.nl\/wp-content\/uploads\/2022\/03\/Voorrad-1030x688.png 1030w, https:\/\/www.vdhurk.nl\/wp-content\/uploads\/2022\/03\/Voorrad-768x513.png 768w, https:\/\/www.vdhurk.nl\/wp-content\/uploads\/2022\/03\/Voorrad-18x12.png 18w, https:\/\/www.vdhurk.nl\/wp-content\/uploads\/2022\/03\/Voorrad-705x471.png 705w\" sizes=\"(max-width: 1135px) 100vw, 1135px\" \/><\/div><\/div><\/div><\/div><\/p>\n\n<style type=\"text\/css\" data-created_by=\"avia_inline_auto\" id=\"style-css-av-luqrjpjc-5a23a1fb5f94718ca85316a9df963e2f\">\n#top .hr.hr-invisible.av-luqrjpjc-5a23a1fb5f94718ca85316a9df963e2f{\nheight:50px;\n}\n<\/style>\n<div  class='hr av-luqrjpjc-5a23a1fb5f94718ca85316a9df963e2f hr-invisible  avia-builder-el-9  el_after_av_one_third  el_before_av_textblock'><span class='hr-inner'><span class=\"hr-inner-style\"><\/span><\/span><\/div>\n<section  class='av_textblock_section av-lu8gtjw7-4f3cee9304909518d86d2860d9d582dd'  itemscope=\"itemscope\" itemtype=\"https:\/\/schema.org\/CreativeWork\" ><div class='avia_textblock'  itemprop=\"text\" ><h2>\u00bfCu\u00e1nto cuesta un Fiat Scudo autom\u00e1tico?<\/h2>\n<p>El precio de un Fiat Scudo autom\u00e1tico depende de varios factores, como la versi\u00f3n, el a\u00f1o de fabricaci\u00f3n y el kilometraje. Nuestra gama cambia regularmente, por lo que los precios var\u00edan. \u00bfEst\u00e1 buscando un modelo espec\u00edfico dentro de su presupuesto? Entonces eche un vistazo a nuestra oferta actual o p\u00f3ngase en contacto con nosotros para que le asesoremos personalmente. Estaremos encantados de ayudarle a encontrar el coche de empresa perfecto que se adapte a sus necesidades y a su presupuesto.<\/p>\n<h2>Leasing o compra de un Fiat Scudo: \u00bfqu\u00e9 te conviene m\u00e1s?<\/h2>\n<p>\u00bfDudas entre comprar o alquilar un Fiat Scudo autom\u00e1tico? En Van den Hurk le ofrecemos ambas opciones, para que pueda elegir la que mejor se adapte a su situaci\u00f3n. La compra es ideal si quieres la propiedad al instante y no quieres estar atado a compromisos mensuales. <a href=\"https:\/\/www.vdhurk.nl\/es\/arrendamiento-financiero\/\">Arrendamiento<\/a> te permite conducir el coche de empresa sin una gran inversi\u00f3n inicial. T\u00fa decides el plazo y pagas una cantidad mensual fija, as\u00ed que sabes exactamente a qu\u00e9 atenerte. \u00bfQu\u00e9 opci\u00f3n se adapta mejor a su empresa? Estaremos encantados de ayudarle a tomar la decisi\u00f3n correcta.<\/p>\n<h2>Encuentre el cambio autom\u00e1tico Fiat Scudo ideal<\/h2>\n<p>Un Fiat Scudo autom\u00e1tico: en Van den Hurk encontrar\u00e1 el veh\u00edculo comercial ideal que se adapta perfectamente a las necesidades de su empresa. Estamos a su disposici\u00f3n. P\u00f3ngase en contacto con nosotros para recibir asesoramiento personal o para hablar de nuestra oferta actual. Comprar o alquilar un Fiat Scudo autom\u00e1tico nunca ha sido tan f\u00e1cil.<\/p>\n<\/div><\/section>\n<div class='flex_column av-av_one_full-a93934ecd89fbb8a9566d39e89cd3725 av_one_full  avia-builder-el-11  el_after_av_textblock  avia-builder-el-last  first flex_column_div column-top-margin'   ><\/div>","protected":false},"excerpt":{"rendered":"","protected":false},"author":3,"featured_media":0,"parent":402263,"menu_order":0,"comment_status":"closed","ping_status":"closed","template":"","meta":{"_acf_changed":false,"_improvement_type_select":"improve_an_existing","_thumb_yes_seoaic":false,"_frame_yes_seoaic":false,"seoaic_generate_description":"","seoaic_improve_instructions_prompt":"","seoaic_rollback_content_improvement":"","seoaic_idea_thumbnail_generator":"","thumbnail_generated":false,"thumbnail_generate_prompt":"","seoaic_article_description":"","footnotes":""},"class_list":["post-488083","page","type-page","status-publish","hentry"],"acf":[],"yoast_head":"<!-- This site is optimized with the Yoast SEO plugin v27.5 - https:\/\/yoast.com\/product\/yoast-seo-wordpress\/ -->\n<title>Kies je voor een betrouwbare Fiat Scudo automaat?<\/title>\n<meta name=\"description\" content=\"Ben je op zoek naar een Fiat Scudo automaat? Bekijk het actuele aanbod bij Van den Hurk en vind de bedrijfswagen die perfect bij jou past.\" \/>\n<meta name=\"robots\" content=\"index, follow, max-snippet:-1, max-image-preview:large, max-video-preview:-1\" \/>\n<link rel=\"canonical\" href=\"https:\/\/www.vdhurk.nl\/es\/vehiculos-comerciales-fiat\/mercedes-5\/maquina\/\" \/>\n<meta property=\"og:locale\" content=\"es_ES\" \/>\n<meta property=\"og:type\" content=\"article\" \/>\n<meta property=\"og:title\" content=\"Kies je voor een betrouwbare Fiat Scudo automaat?\" \/>\n<meta property=\"og:description\" content=\"Ben je op zoek naar een Fiat Scudo automaat? Bekijk het actuele aanbod bij Van den Hurk en vind de bedrijfswagen die perfect bij jou past.\" \/>\n<meta property=\"og:url\" content=\"https:\/\/www.vdhurk.nl\/es\/vehiculos-comerciales-fiat\/mercedes-5\/maquina\/\" \/>\n<meta property=\"og:site_name\" content=\"Van den Hurk Bedrijfswagens\" \/>\n<meta name=\"twitter:card\" content=\"summary_large_image\" \/>\n<meta name=\"twitter:label1\" content=\"Tiempo de lectura\" \/>\n\t<meta name=\"twitter:data1\" content=\"5 minutos\" \/>\n<script type=\"application\/ld+json\" class=\"yoast-schema-graph\">{\"@context\":\"https:\\\/\\\/schema.org\",\"@graph\":[{\"@type\":\"WebPage\",\"@id\":\"https:\\\/\\\/www.vdhurk.nl\\\/fiat-bedrijfswagens\\\/scudo\\\/automaat\\\/\",\"url\":\"https:\\\/\\\/www.vdhurk.nl\\\/fiat-bedrijfswagens\\\/scudo\\\/automaat\\\/\",\"name\":\"Kies je voor een betrouwbare Fiat Scudo automaat?\",\"isPartOf\":{\"@id\":\"https:\\\/\\\/www.vdhurk.nl\\\/#website\"},\"datePublished\":\"2025-04-29T12:15:57+00:00\",\"description\":\"Ben je op zoek naar een Fiat Scudo automaat? Bekijk het actuele aanbod bij Van den Hurk en vind de bedrijfswagen die perfect bij jou past.\",\"breadcrumb\":{\"@id\":\"https:\\\/\\\/www.vdhurk.nl\\\/fiat-bedrijfswagens\\\/scudo\\\/automaat\\\/#breadcrumb\"},\"inLanguage\":\"es\",\"potentialAction\":[{\"@type\":\"ReadAction\",\"target\":[\"https:\\\/\\\/www.vdhurk.nl\\\/fiat-bedrijfswagens\\\/scudo\\\/automaat\\\/\"]}]},{\"@type\":\"BreadcrumbList\",\"@id\":\"https:\\\/\\\/www.vdhurk.nl\\\/fiat-bedrijfswagens\\\/scudo\\\/automaat\\\/#breadcrumb\",\"itemListElement\":[{\"@type\":\"ListItem\",\"position\":1,\"name\":\"Home\",\"item\":\"https:\\\/\\\/www.vdhurk.nl\\\/home\\\/\"},{\"@type\":\"ListItem\",\"position\":2,\"name\":\"Fiat Bedrijfswagens\",\"item\":\"https:\\\/\\\/www.vdhurk.nl\\\/fiat-bedrijfswagens\\\/\"},{\"@type\":\"ListItem\",\"position\":3,\"name\":\"Fiat Scudo\",\"item\":\"https:\\\/\\\/www.vdhurk.nl\\\/fiat-bedrijfswagens\\\/scudo\\\/\"},{\"@type\":\"ListItem\",\"position\":4,\"name\":\"Fiat Scudo automaat\"}]},{\"@type\":\"WebSite\",\"@id\":\"https:\\\/\\\/www.vdhurk.nl\\\/#website\",\"url\":\"https:\\\/\\\/www.vdhurk.nl\\\/\",\"name\":\"Van den Hurk Bedrijfswagens\",\"description\":\"Van den Hurk bedrijfswagens Helmond\",\"potentialAction\":[{\"@type\":\"SearchAction\",\"target\":{\"@type\":\"EntryPoint\",\"urlTemplate\":\"https:\\\/\\\/www.vdhurk.nl\\\/?s={search_term_string}\"},\"query-input\":{\"@type\":\"PropertyValueSpecification\",\"valueRequired\":true,\"valueName\":\"search_term_string\"}}],\"inLanguage\":\"es\"}]}<\/script>\n<!-- \/ Yoast SEO plugin. -->","yoast_head_json":{"title":"\u00bfVa a elegir un fiable Fiat Scudo autom\u00e1tico?","description":"\u00bfEst\u00e1 buscando un Fiat Scudo autom\u00e1tico? Consulta la gama actual en Van den Hurk y encuentra el veh\u00edculo comercial que se adapta perfectamente a ti.","robots":{"index":"index","follow":"follow","max-snippet":"max-snippet:-1","max-image-preview":"max-image-preview:large","max-video-preview":"max-video-preview:-1"},"canonical":"https:\/\/www.vdhurk.nl\/es\/vehiculos-comerciales-fiat\/mercedes-5\/maquina\/","og_locale":"es_ES","og_type":"article","og_title":"Kies je voor een betrouwbare Fiat Scudo automaat?","og_description":"Ben je op zoek naar een Fiat Scudo automaat? Bekijk het actuele aanbod bij Van den Hurk en vind de bedrijfswagen die perfect bij jou past.","og_url":"https:\/\/www.vdhurk.nl\/es\/vehiculos-comerciales-fiat\/mercedes-5\/maquina\/","og_site_name":"Van den Hurk Bedrijfswagens","twitter_card":"summary_large_image","twitter_misc":{"Tiempo de lectura":"5 minutos"},"schema":{"@context":"https:\/\/schema.org","@graph":[{"@type":"WebPage","@id":"https:\/\/www.vdhurk.nl\/fiat-bedrijfswagens\/scudo\/automaat\/","url":"https:\/\/www.vdhurk.nl\/fiat-bedrijfswagens\/scudo\/automaat\/","name":"\u00bfVa a elegir un fiable Fiat Scudo autom\u00e1tico?","isPartOf":{"@id":"https:\/\/www.vdhurk.nl\/#website"},"datePublished":"2025-04-29T12:15:57+00:00","description":"\u00bfEst\u00e1 buscando un Fiat Scudo autom\u00e1tico? Consulta la gama actual en Van den Hurk y encuentra el veh\u00edculo comercial que se adapta perfectamente a ti.","breadcrumb":{"@id":"https:\/\/www.vdhurk.nl\/fiat-bedrijfswagens\/scudo\/automaat\/#breadcrumb"},"inLanguage":"es","potentialAction":[{"@type":"ReadAction","target":["https:\/\/www.vdhurk.nl\/fiat-bedrijfswagens\/scudo\/automaat\/"]}]},{"@type":"BreadcrumbList","@id":"https:\/\/www.vdhurk.nl\/fiat-bedrijfswagens\/scudo\/automaat\/#breadcrumb","itemListElement":[{"@type":"ListItem","position":1,"name":"Home","item":"https:\/\/www.vdhurk.nl\/home\/"},{"@type":"ListItem","position":2,"name":"Fiat Bedrijfswagens","item":"https:\/\/www.vdhurk.nl\/fiat-bedrijfswagens\/"},{"@type":"ListItem","position":3,"name":"Fiat Scudo","item":"https:\/\/www.vdhurk.nl\/fiat-bedrijfswagens\/scudo\/"},{"@type":"ListItem","position":4,"name":"Fiat Scudo automaat"}]},{"@type":"WebSite","@id":"https:\/\/www.vdhurk.nl\/#website","url":"https:\/\/www.vdhurk.nl\/","name":"Veh\u00edculos comerciales Van den Hurk","description":"Van den Hurk veh\u00edculos comerciales Helmond","potentialAction":[{"@type":"SearchAction","target":{"@type":"EntryPoint","urlTemplate":"https:\/\/www.vdhurk.nl\/?s={search_term_string}"},"query-input":{"@type":"PropertyValueSpecification","valueRequired":true,"valueName":"search_term_string"}}],"inLanguage":"es"}]}},"_links":{"self":[{"href":"https:\/\/www.vdhurk.nl\/es\/wp-json\/wp\/v2\/pages\/488083","targetHints":{"allow":["GET"]}}],"collection":[{"href":"https:\/\/www.vdhurk.nl\/es\/wp-json\/wp\/v2\/pages"}],"about":[{"href":"https:\/\/www.vdhurk.nl\/es\/wp-json\/wp\/v2\/types\/page"}],"author":[{"embeddable":true,"href":"https:\/\/www.vdhurk.nl\/es\/wp-json\/wp\/v2\/users\/3"}],"replies":[{"embeddable":true,"href":"https:\/\/www.vdhurk.nl\/es\/wp-json\/wp\/v2\/comments?post=488083"}],"version-history":[{"count":4,"href":"https:\/\/www.vdhurk.nl\/es\/wp-json\/wp\/v2\/pages\/488083\/revisions"}],"predecessor-version":[{"id":488087,"href":"https:\/\/www.vdhurk.nl\/es\/wp-json\/wp\/v2\/pages\/488083\/revisions\/488087"}],"up":[{"embeddable":true,"href":"https:\/\/www.vdhurk.nl\/es\/wp-json\/wp\/v2\/pages\/402263"}],"wp:attachment":[{"href":"https:\/\/www.vdhurk.nl\/es\/wp-json\/wp\/v2\/media?parent=488083"}],"curies":[{"name":"wp","href":"https:\/\/api.w.org\/{rel}","templated":true}]}}