{"id":47637,"date":"2022-07-19T13:07:16","date_gmt":"2022-07-19T13:07:16","guid":{"rendered":"https:\/\/vdhurk.bonsaidev.nl\/?page_id=47637"},"modified":"2023-04-24T14:51:02","modified_gmt":"2023-04-24T14:51:02","slug":"inspeccion-de-compras","status":"publish","type":"page","link":"https:\/\/www.vdhurk.nl\/es\/aankoopkeuring\/","title":{"rendered":"Inspecci\u00f3n de compras"},"content":{"rendered":"<style type=\"text\/css\" data-created_by=\"avia_inline_auto\" id=\"style-css-av-4nbej-61809ecf5e9bb21cc33f7ee31dcc49b2\">\n.avia-section.av-4nbej-61809ecf5e9bb21cc33f7ee31dcc49b2{\nbackground-repeat:no-repeat;\nbackground-image:url(https:\/\/www.vdhurk.nl\/wp-content\/uploads\/2022\/03\/Financial-lease.png);\nbackground-position:50% 50%;\nbackground-attachment:scroll;\n}\n<\/style>\n<div id='av_section_1'  class='avia-section av-4nbej-61809ecf5e9bb21cc33f7ee31dcc49b2 main_color avia-section-no-padding avia-no-border-styling  avia-builder-el-0  el_before_av_section  avia-builder-el-first  head-container av-small-hide av-mini-hide avia-full-stretch avia-bg-style-scroll av-minimum-height av-minimum-height-custom  container_wrap fullsize'  data-section-bg-repeat='stretch'><div class='container av-section-cont-open' style='height:380px'><main  role=\"main\" itemprop=\"mainContentOfPage\"  class='template-page content  av-content-full alpha units'><div class='post-entry post-entry-type-page post-entry-47637'><div class='entry-content-wrapper clearfix'>\n<div class='flex_column_table av-3w867-b337048c8ba0d44fb6c33f690166ec96 sc-av_two_fifth av-equal-height-column-flextable'>\n<style type=\"text\/css\" data-created_by=\"avia_inline_auto\" id=\"style-css-av-3w867-b337048c8ba0d44fb6c33f690166ec96\">\n.flex_column.av-3w867-b337048c8ba0d44fb6c33f690166ec96{\npadding:90px 90px 90px 90px;\nheight:380px;\nbackground-color:#e41c1c;\n}\n<\/style>\n<div class='flex_column av-3w867-b337048c8ba0d44fb6c33f690166ec96 av_two_fifth  avia-builder-el-1  el_before_av_three_fifth  avia-builder-el-first  banner-left first no_margin flex_column_table_cell av-equal-height-column av-align-top'   ><p><section  class='av_textblock_section av-34x5b-9dd3591d61f944ec73c7b1c571ae10ec'  itemscope=\"itemscope\" itemtype=\"https:\/\/schema.org\/CreativeWork\" ><div class='avia_textblock freestyle'  itemprop=\"text\" ><p>Seguridad en la carretera sin preocupaciones<\/p>\n<\/div><\/section><br \/>\n\n<style type=\"text\/css\" data-created_by=\"avia_inline_auto\" id=\"style-css-av-2n713-c05679f3a08ebdf9db45d2a4071db28b\">\n#top .av_textblock_section.av-2n713-c05679f3a08ebdf9db45d2a4071db28b .avia_textblock{\ncolor:#ffffff;\n}\n<\/style>\n<section  class='av_textblock_section av-2n713-c05679f3a08ebdf9db45d2a4071db28b'  itemscope=\"itemscope\" itemtype=\"https:\/\/schema.org\/CreativeWork\" ><div class='avia_textblock av_inherit_color'  itemprop=\"text\" ><h1>\u00bfInspecci\u00f3n de compra? Ning\u00fan problema<\/h1>\n<\/div><\/section><br \/>\n\n<style type=\"text\/css\" data-created_by=\"avia_inline_auto\" id=\"style-css-av-28dp3-7fa4a9571da3bd8023e9d812fede9695\">\n#top .hr.hr-invisible.av-28dp3-7fa4a9571da3bd8023e9d812fede9695{\nheight:15px;\n}\n<\/style>\n<div  class='hr av-28dp3-7fa4a9571da3bd8023e9d812fede9695 hr-invisible  avia-builder-el-4  el_after_av_textblock  avia-builder-el-last'><span class='hr-inner'><span class=\"hr-inner-style\"><\/span><\/span><\/div><\/p><\/div><div class='flex_column av-sg6b-83d21c1385e2c3b6903c57e20ad0efc8 av_three_fifth  avia-builder-el-5  el_after_av_two_fifth  avia-builder-el-last  no_margin flex_column_table_cell av-equal-height-column av-align-top avia-full-stretch'   ><\/div><\/div><!--close column table wrapper. Autoclose: 1 -->\n\n<\/div><\/div><\/main><!-- close content main element --><\/div><\/div><div id='av_section_2'  class='avia-section av-z1tv-15a49add3a03a429b52faa6d3e2fd192 main_color avia-section-default avia-no-border-styling  avia-builder-el-6  el_after_av_section  avia-builder-el-last  avia-bg-style-scroll container_wrap fullsize'  ><div class='container av-section-cont-open' ><div class='template-page content  av-content-full alpha units'><div class='post-entry post-entry-type-page post-entry-47637'><div class='entry-content-wrapper clearfix'>\n\n<style type=\"text\/css\" data-created_by=\"avia_inline_auto\" id=\"style-css-av-12gievp-6b6a72cf826258db168e7da884b73643\">\n.flex_column.av-12gievp-6b6a72cf826258db168e7da884b73643{\nwidth:23.125%;\n}\n<\/style>\n<div class='flex_column av-12gievp-6b6a72cf826258db168e7da884b73643 av_one_fourth  avia-builder-el-7  el_before_av_three_fifth  avia-builder-el-first  first flex_column_div'   ><section  class='av_textblock_section av-ugrm7p-381c6a1830d3eeab336f287a9116b37a'  itemscope=\"itemscope\" itemtype=\"https:\/\/schema.org\/CreativeWork\" ><div class='avia_textblock'  itemprop=\"text\" ><p><img decoding=\"async\" src=\"https:\/\/www.vdhurk.nl\/wp-content\/uploads\/2022\/04\/foto-autoonderhoud-300x200-1.jpg\" \/><\/p>\n<\/div><\/section><\/div>\n<style type=\"text\/css\" data-created_by=\"avia_inline_auto\" id=\"style-css-av-1k9pv-f3e3e414c35098dfde028093b7f7ba7f\">\n.flex_column.av-1k9pv-f3e3e414c35098dfde028093b7f7ba7f{\nwidth:59%;\nmargin-left:2.5%;\n}\n<\/style>\n<div class='flex_column av-1k9pv-f3e3e414c35098dfde028093b7f7ba7f av_three_fifth  avia-builder-el-9  el_after_av_one_fourth  avia-builder-el-last  flex_column_div'   ><section  class='av_textblock_section av-26m47-7981ff12ad7d2d982942293203544ad3'  itemscope=\"itemscope\" itemtype=\"https:\/\/schema.org\/CreativeWork\" ><div class='avia_textblock'  itemprop=\"text\" ><h2>EVAL\u00daE DE FORMA EXPERTA EL ESTADO COMPLETO DE SU COCHE.<\/h2>\n<p>\u00bfEst\u00e1 pensando en comprar un veh\u00edculo industrial usado? Entonces puede encargar una inspecci\u00f3n de compra. Le dar\u00e1 seguridad sobre el estado del veh\u00edculo. Se garantiza una evaluaci\u00f3n de calidad experta y fiable. Pregunte a su asesor de ventas sobre las posibilidades.<\/p>\n<p>En la inspecci\u00f3n de compra, inspeccionamos el coche que pretende comprar. Bas\u00e1ndonos en ello, le entregaremos el informe de inspecci\u00f3n. En \u00e9l podr\u00e1 leer cu\u00e1l es el estado t\u00e9cnico del coche y si existen defectos graves. Tambi\u00e9n obtendr\u00e1 informaci\u00f3n sobre el historial de kilometraje, si est\u00e1 disponible. Nuestros asesores de servicio analizar\u00e1n este informe contigo, para que sepas exactamente a qu\u00e9 atenerte.<\/p>\n<\/div><\/section><br \/>\n\n<style type=\"text\/css\" data-created_by=\"avia_inline_auto\" id=\"style-css-av-l0nxfvtp-fcb603ff77a7f9ed87ce2dc5b0792678\">\n#top .hr.hr-invisible.av-l0nxfvtp-fcb603ff77a7f9ed87ce2dc5b0792678{\nheight:20px;\n}\n<\/style>\n<div  class='hr av-l0nxfvtp-fcb603ff77a7f9ed87ce2dc5b0792678 hr-invisible  avia-builder-el-11  el_after_av_textblock  el_before_av_textblock'><span class='hr-inner'><span class=\"hr-inner-style\"><\/span><\/span><\/div><br \/>\n<section  class='av_textblock_section av-l5s84jey-d081fd14a45f445bbcba0b44e8b53e2b'  itemscope=\"itemscope\" itemtype=\"https:\/\/schema.org\/CreativeWork\" ><div class='avia_textblock av_inherit_color'  itemprop=\"text\" ><h3>Se comprueban los siguientes puntos del coche:<\/h3>\n<ul>\n<li><em>Electr\u00f3nica:<\/em> evaluaci\u00f3n del funcionamiento y el estado (alumbrado, alternador y bater\u00eda)<\/li>\n<li><em>Carrocer\u00eda:<\/em> evaluar visualmente la penetraci\u00f3n (excesiva) de \u00f3xido<\/li>\n<li>Comprobaci\u00f3n de las modificaciones necesarias del producto en f\u00e1brica<\/li>\n<li><em>Motor:<\/em> evaluar el desgaste excesivo, el an\u00e1lisis de los gases de escape, comprobar visualmente el sistema de refrigeraci\u00f3n (bajo presi\u00f3n) para detectar cualquier fuga.<\/li>\n<li>Direcci\u00f3n y suspensi\u00f3n: se eval\u00faa el desgaste excesivo de los componentes sometidos a desgaste (generalmente los puntos de giro y pivote).<\/li>\n<li>El rendimiento de los amortiguadores se eval\u00faa durante la prueba de conducci\u00f3n<\/li>\n<li>Se comprueba la profundidad del dibujo de los neum\u00e1ticos, los da\u00f1os visibles en el exterior y un patr\u00f3n de desgaste anormal.<\/li>\n<li>Se eval\u00faa el correcto funcionamiento del embrague y la transmisi\u00f3n y, en la medida en que la construcci\u00f3n lo permita, el grado de desgaste<\/li>\n<li>Control del sistema de navegaci\u00f3n<\/li>\n<li>Comprobaci\u00f3n de la fecha de la ITV<\/li>\n<\/ul>\n<\/div><\/section><\/p><\/div>","protected":false},"excerpt":{"rendered":"","protected":false},"author":2,"featured_media":0,"parent":0,"menu_order":0,"comment_status":"closed","ping_status":"closed","template":"","meta":{"_acf_changed":false,"_improvement_type_select":"improve_an_existing","_thumb_yes_seoaic":false,"_frame_yes_seoaic":false,"seoaic_generate_description":"","seoaic_improve_instructions_prompt":"","seoaic_rollback_content_improvement":"","seoaic_idea_thumbnail_generator":"","thumbnail_generated":false,"thumbnail_generate_prompt":"","seoaic_article_description":"","footnotes":""},"class_list":["post-47637","page","type-page","status-publish","hentry"],"acf":[],"yoast_head":"<!-- This site is optimized with the Yoast SEO plugin v27.5 - https:\/\/yoast.com\/product\/yoast-seo-wordpress\/ -->\n<title>Aankoopkeuring - Van den Hurk Bedrijfswagens<\/title>\n<meta name=\"robots\" content=\"index, follow, max-snippet:-1, max-image-preview:large, max-video-preview:-1\" \/>\n<link rel=\"canonical\" href=\"https:\/\/www.vdhurk.nl\/es\/inspeccion-de-compras\/\" \/>\n<meta property=\"og:locale\" content=\"es_ES\" \/>\n<meta property=\"og:type\" content=\"article\" \/>\n<meta property=\"og:title\" content=\"Aankoopkeuring - Van den Hurk Bedrijfswagens\" \/>\n<meta property=\"og:url\" content=\"https:\/\/www.vdhurk.nl\/es\/inspeccion-de-compras\/\" \/>\n<meta property=\"og:site_name\" content=\"Van den Hurk Bedrijfswagens\" \/>\n<meta property=\"article:modified_time\" content=\"2023-04-24T14:51:02+00:00\" \/>\n<meta property=\"og:image\" content=\"https:\/\/www.vdhurk.nl\/wp-content\/uploads\/2022\/04\/foto-autoonderhoud-300x200-1.jpg\" \/>\n<meta name=\"twitter:card\" content=\"summary_large_image\" \/>\n<meta name=\"twitter:label1\" content=\"Tiempo de lectura\" \/>\n\t<meta name=\"twitter:data1\" content=\"4 minutos\" \/>\n<script type=\"application\/ld+json\" class=\"yoast-schema-graph\">{\"@context\":\"https:\\\/\\\/schema.org\",\"@graph\":[{\"@type\":\"WebPage\",\"@id\":\"https:\\\/\\\/www.vdhurk.nl\\\/aankoopkeuring\\\/\",\"url\":\"https:\\\/\\\/www.vdhurk.nl\\\/aankoopkeuring\\\/\",\"name\":\"Aankoopkeuring - Van den Hurk Bedrijfswagens\",\"isPartOf\":{\"@id\":\"https:\\\/\\\/www.vdhurk.nl\\\/#website\"},\"primaryImageOfPage\":{\"@id\":\"https:\\\/\\\/www.vdhurk.nl\\\/aankoopkeuring\\\/#primaryimage\"},\"image\":{\"@id\":\"https:\\\/\\\/www.vdhurk.nl\\\/aankoopkeuring\\\/#primaryimage\"},\"thumbnailUrl\":\"https:\\\/\\\/www.vdhurk.nl\\\/wp-content\\\/uploads\\\/2022\\\/04\\\/foto-autoonderhoud-300x200-1.jpg\",\"datePublished\":\"2022-07-19T13:07:16+00:00\",\"dateModified\":\"2023-04-24T14:51:02+00:00\",\"breadcrumb\":{\"@id\":\"https:\\\/\\\/www.vdhurk.nl\\\/aankoopkeuring\\\/#breadcrumb\"},\"inLanguage\":\"es\",\"potentialAction\":[{\"@type\":\"ReadAction\",\"target\":[\"https:\\\/\\\/www.vdhurk.nl\\\/aankoopkeuring\\\/\"]}]},{\"@type\":\"ImageObject\",\"inLanguage\":\"es\",\"@id\":\"https:\\\/\\\/www.vdhurk.nl\\\/aankoopkeuring\\\/#primaryimage\",\"url\":\"https:\\\/\\\/www.vdhurk.nl\\\/wp-content\\\/uploads\\\/2022\\\/04\\\/foto-autoonderhoud-300x200-1.jpg\",\"contentUrl\":\"https:\\\/\\\/www.vdhurk.nl\\\/wp-content\\\/uploads\\\/2022\\\/04\\\/foto-autoonderhoud-300x200-1.jpg\"},{\"@type\":\"BreadcrumbList\",\"@id\":\"https:\\\/\\\/www.vdhurk.nl\\\/aankoopkeuring\\\/#breadcrumb\",\"itemListElement\":[{\"@type\":\"ListItem\",\"position\":1,\"name\":\"Home\",\"item\":\"https:\\\/\\\/www.vdhurk.nl\\\/home\\\/\"},{\"@type\":\"ListItem\",\"position\":2,\"name\":\"Aankoopkeuring\"}]},{\"@type\":\"WebSite\",\"@id\":\"https:\\\/\\\/www.vdhurk.nl\\\/#website\",\"url\":\"https:\\\/\\\/www.vdhurk.nl\\\/\",\"name\":\"Van den Hurk Bedrijfswagens\",\"description\":\"Van den Hurk bedrijfswagens Helmond\",\"potentialAction\":[{\"@type\":\"SearchAction\",\"target\":{\"@type\":\"EntryPoint\",\"urlTemplate\":\"https:\\\/\\\/www.vdhurk.nl\\\/?s={search_term_string}\"},\"query-input\":{\"@type\":\"PropertyValueSpecification\",\"valueRequired\":true,\"valueName\":\"search_term_string\"}}],\"inLanguage\":\"es\"}]}<\/script>\n<!-- \/ Yoast SEO plugin. -->","yoast_head_json":{"title":"Inspecci\u00f3n de compras - Van den Hurk Bedrijfswagens","robots":{"index":"index","follow":"follow","max-snippet":"max-snippet:-1","max-image-preview":"max-image-preview:large","max-video-preview":"max-video-preview:-1"},"canonical":"https:\/\/www.vdhurk.nl\/es\/inspeccion-de-compras\/","og_locale":"es_ES","og_type":"article","og_title":"Aankoopkeuring - Van den Hurk Bedrijfswagens","og_url":"https:\/\/www.vdhurk.nl\/es\/inspeccion-de-compras\/","og_site_name":"Van den Hurk Bedrijfswagens","article_modified_time":"2023-04-24T14:51:02+00:00","og_image":[{"url":"https:\/\/www.vdhurk.nl\/wp-content\/uploads\/2022\/04\/foto-autoonderhoud-300x200-1.jpg","type":"","width":"","height":""}],"twitter_card":"summary_large_image","twitter_misc":{"Tiempo de lectura":"4 minutos"},"schema":{"@context":"https:\/\/schema.org","@graph":[{"@type":"WebPage","@id":"https:\/\/www.vdhurk.nl\/aankoopkeuring\/","url":"https:\/\/www.vdhurk.nl\/aankoopkeuring\/","name":"Inspecci\u00f3n de compras - Van den Hurk Bedrijfswagens","isPartOf":{"@id":"https:\/\/www.vdhurk.nl\/#website"},"primaryImageOfPage":{"@id":"https:\/\/www.vdhurk.nl\/aankoopkeuring\/#primaryimage"},"image":{"@id":"https:\/\/www.vdhurk.nl\/aankoopkeuring\/#primaryimage"},"thumbnailUrl":"https:\/\/www.vdhurk.nl\/wp-content\/uploads\/2022\/04\/foto-autoonderhoud-300x200-1.jpg","datePublished":"2022-07-19T13:07:16+00:00","dateModified":"2023-04-24T14:51:02+00:00","breadcrumb":{"@id":"https:\/\/www.vdhurk.nl\/aankoopkeuring\/#breadcrumb"},"inLanguage":"es","potentialAction":[{"@type":"ReadAction","target":["https:\/\/www.vdhurk.nl\/aankoopkeuring\/"]}]},{"@type":"ImageObject","inLanguage":"es","@id":"https:\/\/www.vdhurk.nl\/aankoopkeuring\/#primaryimage","url":"https:\/\/www.vdhurk.nl\/wp-content\/uploads\/2022\/04\/foto-autoonderhoud-300x200-1.jpg","contentUrl":"https:\/\/www.vdhurk.nl\/wp-content\/uploads\/2022\/04\/foto-autoonderhoud-300x200-1.jpg"},{"@type":"BreadcrumbList","@id":"https:\/\/www.vdhurk.nl\/aankoopkeuring\/#breadcrumb","itemListElement":[{"@type":"ListItem","position":1,"name":"Home","item":"https:\/\/www.vdhurk.nl\/home\/"},{"@type":"ListItem","position":2,"name":"Aankoopkeuring"}]},{"@type":"WebSite","@id":"https:\/\/www.vdhurk.nl\/#website","url":"https:\/\/www.vdhurk.nl\/","name":"Veh\u00edculos comerciales Van den Hurk","description":"Van den Hurk veh\u00edculos comerciales Helmond","potentialAction":[{"@type":"SearchAction","target":{"@type":"EntryPoint","urlTemplate":"https:\/\/www.vdhurk.nl\/?s={search_term_string}"},"query-input":{"@type":"PropertyValueSpecification","valueRequired":true,"valueName":"search_term_string"}}],"inLanguage":"es"}]}},"_links":{"self":[{"href":"https:\/\/www.vdhurk.nl\/es\/wp-json\/wp\/v2\/pages\/47637","targetHints":{"allow":["GET"]}}],"collection":[{"href":"https:\/\/www.vdhurk.nl\/es\/wp-json\/wp\/v2\/pages"}],"about":[{"href":"https:\/\/www.vdhurk.nl\/es\/wp-json\/wp\/v2\/types\/page"}],"author":[{"embeddable":true,"href":"https:\/\/www.vdhurk.nl\/es\/wp-json\/wp\/v2\/users\/2"}],"replies":[{"embeddable":true,"href":"https:\/\/www.vdhurk.nl\/es\/wp-json\/wp\/v2\/comments?post=47637"}],"version-history":[{"count":16,"href":"https:\/\/www.vdhurk.nl\/es\/wp-json\/wp\/v2\/pages\/47637\/revisions"}],"predecessor-version":[{"id":161224,"href":"https:\/\/www.vdhurk.nl\/es\/wp-json\/wp\/v2\/pages\/47637\/revisions\/161224"}],"wp:attachment":[{"href":"https:\/\/www.vdhurk.nl\/es\/wp-json\/wp\/v2\/media?parent=47637"}],"curies":[{"name":"wp","href":"https:\/\/api.w.org\/{rel}","templated":true}]}}