{"id":454897,"date":"2025-02-28T15:58:31","date_gmt":"2025-02-28T14:58:31","guid":{"rendered":"https:\/\/www.vdhurk.nl\/?page_id=454897"},"modified":"2025-02-28T15:58:31","modified_gmt":"2025-02-28T14:58:31","slug":"maquina","status":"publish","type":"page","link":"https:\/\/www.vdhurk.nl\/es\/fiat-bedrijfswagens\/doblo\/automaat\/","title":{"rendered":"Fiat Doblo Autom\u00e1tico"},"content":{"rendered":"<section  class='av_textblock_section av-lu8gnh7d-4ac895489941e586c1d7c8cb72318135'  itemscope=\"itemscope\" itemtype=\"https:\/\/schema.org\/CreativeWork\" ><div class='avia_textblock'  itemprop=\"text\" ><h1>\u00bfBusca una transmisi\u00f3n autom\u00e1tica para Fiat Doblo?<\/h1>\n<p>\u00bfBusca un coche de empresa espacioso sin tener que cambiar de marcha? \u00bfQuiere combinar funcionalidad, confort y eficiencia en un solo veh\u00edculo? La Fiat Doblo autom\u00e1tica le ofrece todo lo que necesita para sus viajes de negocios. Descubra si es la furgoneta perfecta para su empresa.<\/p>\n<\/div><\/section>\n\n<style type=\"text\/css\" data-created_by=\"avia_inline_auto\" id=\"style-css-av-lujjddpd-afa3d7a9eabd61123e643ed1228e781e\">\n#top .hr.hr-invisible.av-lujjddpd-afa3d7a9eabd61123e643ed1228e781e{\nheight:50px;\n}\n<\/style>\n<div  class='hr av-lujjddpd-afa3d7a9eabd61123e643ed1228e781e hr-invisible  avia-builder-el-1  el_after_av_textblock  el_before_av_codeblock'><span class='hr-inner'><span class=\"hr-inner-style\"><\/span><\/span><\/div>\n\n\n<style type=\"text\/css\" data-created_by=\"avia_inline_auto\" id=\"style-css-av-ah0xd-63338d9dc6b40410e22a712829c369d6\">\n#top .hr.hr-invisible.av-ah0xd-63338d9dc6b40410e22a712829c369d6{\nheight:50px;\n}\n<\/style>\n<div  class='hr av-ah0xd-63338d9dc6b40410e22a712829c369d6 hr-invisible  avia-builder-el-3  el_after_av_codeblock  el_before_av_textblock'><span class='hr-inner'><span class=\"hr-inner-style\"><\/span><\/span><\/div>\n<section  class='av_textblock_section av-lu8gow1e-300853e458ed741bd87d6cb78e55cc7a'  itemscope=\"itemscope\" itemtype=\"https:\/\/schema.org\/CreativeWork\" ><div class='avia_textblock'  itemprop=\"text\" ><h2>\u00bfPor qu\u00e9 elegir un Fiat Doblo autom\u00e1tico?<\/h2>\n<p>Si buscas un veh\u00edculo comercial sin la molestia de cambiar de marcha, el Fiat Doblo autom\u00e1tico es una elecci\u00f3n inteligente. Con un autom\u00e1tico, no tiene que estar embragando y cambiando de marcha, lo que es especialmente agradable durante el tr\u00e1fico intenso de la ciudad o en los atascos. \u00bfEl resultado? Una experiencia de conducci\u00f3n suave. Una transmisi\u00f3n autom\u00e1tica es ideal para cualquiera que quiera despreocuparse en la carretera. \u00bfPor qu\u00e9 hacerlo dif\u00edcil cuando puede ser f\u00e1cil? S\u00fabete y deja que el cambio autom\u00e1tico haga el trabajo por ti.<\/p>\n<\/div><\/section>\n<div class='flex_column av-f64w1-da126f42b61613402309283c14245a25 av_one_half  avia-builder-el-5  el_after_av_textblock  el_before_av_one_third  first flex_column_div column-top-margin'   ><section  class='av_textblock_section av-lu8gpqre-73cc2c17e6a6497ba6e1b58af22bd9e8'  itemscope=\"itemscope\" itemtype=\"https:\/\/schema.org\/CreativeWork\" ><div class='avia_textblock'  itemprop=\"text\" ><h2>Elija entre diferentes versiones<\/h2>\n<p>El cambio autom\u00e1tico del Fiat Doblo est\u00e1 disponible en varias versiones. As\u00ed que siempre hay una versi\u00f3n adecuada para su trabajo. \u00bfNecesitas el m\u00e1ximo espacio de carga para herramientas, paquetes u otra carga de negocios? Entonces la furgoneta panelable es una elecci\u00f3n l\u00f3gica. \u00bfDesea transportar a sus compa\u00f1eros o a su personal junto con la carga? Entonces la versi\u00f3n de doble cabina es ideal. Ya sea mensajero, instalador o proveedor de servicios, siempre hay una Doblo para facilitarle su jornada laboral. Sin complicaciones innecesarias, s\u00f3lo un buen veh\u00edculo comercial que hace lo que tiene que hacer. T\u00fa eliges el modelo, el autom\u00e1tico hace el resto.<\/p>\n<\/div><\/section><\/div><div class='flex_column av-aldk9-ee694297f5c4032981677a02caab84d6 av_one_third  avia-builder-el-7  el_after_av_one_half  el_before_av_hr  flex_column_div column-top-margin'   ><style type=\"text\/css\" data-created_by=\"avia_inline_auto\" id=\"style-css-av-l1w9kpsf-4ec3fab772ec7a9adaa33cfc64ff0475\">\n.avia-image-container.av-l1w9kpsf-4ec3fab772ec7a9adaa33cfc64ff0475 .av-image-caption-overlay-center{\ncolor:#ffffff;\n}\n<\/style>\n<div  class='avia-image-container av-l1w9kpsf-4ec3fab772ec7a9adaa33cfc64ff0475 av-styling- avia-align-center  avia-builder-el-8  avia-builder-el-no-sibling'  itemprop=\"image\" itemscope=\"itemscope\" itemtype=\"https:\/\/schema.org\/ImageObject\" ><div class=\"avia-image-container-inner\"><div class=\"avia-image-overlay-wrap\"><img decoding=\"async\" class='wp-image-187 avia-img-lazy-loading-not-187 avia_image' src=\"https:\/\/www.vdhurk.nl\/wp-content\/uploads\/2022\/03\/Voorrad.png\" alt='' title='Stock'  height=\"758\" width=\"1135\"  itemprop=\"thumbnailUrl\" srcset=\"https:\/\/www.vdhurk.nl\/wp-content\/uploads\/2022\/03\/Voorrad.png 1135w, https:\/\/www.vdhurk.nl\/wp-content\/uploads\/2022\/03\/Voorrad-300x200.png 300w, https:\/\/www.vdhurk.nl\/wp-content\/uploads\/2022\/03\/Voorrad-1030x688.png 1030w, https:\/\/www.vdhurk.nl\/wp-content\/uploads\/2022\/03\/Voorrad-768x513.png 768w, https:\/\/www.vdhurk.nl\/wp-content\/uploads\/2022\/03\/Voorrad-18x12.png 18w, https:\/\/www.vdhurk.nl\/wp-content\/uploads\/2022\/03\/Voorrad-705x471.png 705w\" sizes=\"(max-width: 1135px) 100vw, 1135px\" \/><\/div><\/div><\/div><\/div><\/p>\n\n<style type=\"text\/css\" data-created_by=\"avia_inline_auto\" id=\"style-css-av-luqrjpjc-5a23a1fb5f94718ca85316a9df963e2f\">\n#top .hr.hr-invisible.av-luqrjpjc-5a23a1fb5f94718ca85316a9df963e2f{\nheight:50px;\n}\n<\/style>\n<div  class='hr av-luqrjpjc-5a23a1fb5f94718ca85316a9df963e2f hr-invisible  avia-builder-el-9  el_after_av_one_third  el_before_av_textblock'><span class='hr-inner'><span class=\"hr-inner-style\"><\/span><\/span><\/div>\n<section  class='av_textblock_section av-lu8gtjw7-4f3cee9304909518d86d2860d9d582dd'  itemscope=\"itemscope\" itemtype=\"https:\/\/schema.org\/CreativeWork\" ><div class='avia_textblock'  itemprop=\"text\" ><h2>\u00bfCompra o alquiler?<\/h2>\n<p>En Van den Hurk, puede elegir entre comprar o alquilar un veh\u00edculo de empresa. Comprar un coche de empresa es una gran inversi\u00f3n, por lo que es importante sopesar cuidadosamente qu\u00e9 es lo que mejor se adapta a su presupuesto y a las necesidades de su empresa. La compra significa que eres propietario inmediato, mientras que el leasing significa que eres <a href=\"https:\/\/www.vdhurk.nl\/es\/arrendamiento-financiero\/\">arrendamiento<\/a> repartir los gastos y pagar a plazos. Al final, sigues siendo propietario, sin tener que hacer una gran inversi\u00f3n de golpe. La opci\u00f3n que m\u00e1s le convenga depender\u00e1 de su presupuesto y de las necesidades de su negocio. Sea cual sea su elecci\u00f3n, estaremos encantados de asesorarle personalmente.<\/p>\n<h2>Elija veh\u00edculos comerciales fiables<\/h2>\n<p>Si usted es un usuario de negocios que busca un veh\u00edculo comercial, el Fiat Doblo autom\u00e1tico es definitivamente digno de consideraci\u00f3n. Con su amplia capacidad de carga y su alto nivel de confort, este modelo le ofrece todo lo que necesita sin la molestia de tener que cambiar de marcha. \u00bfA\u00fan tienes dudas? En Van den Hurk, estaremos encantados de ayudarte en cada paso del camino, para que tomes la decisi\u00f3n correcta con confianza.<\/p>\n<\/div><\/section>","protected":false},"excerpt":{"rendered":"","protected":false},"author":3,"featured_media":0,"parent":397536,"menu_order":0,"comment_status":"closed","ping_status":"closed","template":"","meta":{"_acf_changed":false,"_improvement_type_select":"improve_an_existing","_thumb_yes_seoaic":false,"_frame_yes_seoaic":false,"seoaic_generate_description":"","seoaic_improve_instructions_prompt":"","seoaic_rollback_content_improvement":"","seoaic_idea_thumbnail_generator":"","thumbnail_generated":false,"thumbnail_generate_prompt":"","seoaic_article_description":"","footnotes":""},"class_list":["post-454897","page","type-page","status-publish","hentry"],"acf":[],"yoast_head":"<!-- This site is optimized with the Yoast SEO plugin v27.5 - https:\/\/yoast.com\/product\/yoast-seo-wordpress\/ -->\n<title>Ontdek alles over de Fiat Doblo automaat<\/title>\n<meta name=\"description\" content=\"Overweeg je een Fiat Doblo automaat? Ervaar het rijcomfort en gemak van een automatische transmissie en ontdek of dit de ideale keuze voor jou is.\" \/>\n<meta name=\"robots\" content=\"index, follow, max-snippet:-1, max-image-preview:large, max-video-preview:-1\" \/>\n<link rel=\"canonical\" href=\"https:\/\/www.vdhurk.nl\/es\/vehiculos-comerciales-fiat\/mercedes-21\/maquina\/\" \/>\n<meta property=\"og:locale\" content=\"es_ES\" \/>\n<meta property=\"og:type\" content=\"article\" \/>\n<meta property=\"og:title\" content=\"Ontdek alles over de Fiat Doblo automaat\" \/>\n<meta property=\"og:description\" content=\"Overweeg je een Fiat Doblo automaat? Ervaar het rijcomfort en gemak van een automatische transmissie en ontdek of dit de ideale keuze voor jou is.\" \/>\n<meta property=\"og:url\" content=\"https:\/\/www.vdhurk.nl\/es\/vehiculos-comerciales-fiat\/mercedes-21\/maquina\/\" \/>\n<meta property=\"og:site_name\" content=\"Van den Hurk Bedrijfswagens\" \/>\n<meta name=\"twitter:card\" content=\"summary_large_image\" \/>\n<meta name=\"twitter:label1\" content=\"Tiempo de lectura\" \/>\n\t<meta name=\"twitter:data1\" content=\"6 minutos\" \/>\n<script type=\"application\/ld+json\" class=\"yoast-schema-graph\">{\"@context\":\"https:\\\/\\\/schema.org\",\"@graph\":[{\"@type\":\"WebPage\",\"@id\":\"https:\\\/\\\/www.vdhurk.nl\\\/fiat-bedrijfswagens\\\/doblo\\\/automaat\\\/\",\"url\":\"https:\\\/\\\/www.vdhurk.nl\\\/fiat-bedrijfswagens\\\/doblo\\\/automaat\\\/\",\"name\":\"Ontdek alles over de Fiat Doblo automaat\",\"isPartOf\":{\"@id\":\"https:\\\/\\\/www.vdhurk.nl\\\/#website\"},\"datePublished\":\"2025-02-28T14:58:31+00:00\",\"description\":\"Overweeg je een Fiat Doblo automaat? Ervaar het rijcomfort en gemak van een automatische transmissie en ontdek of dit de ideale keuze voor jou is.\",\"breadcrumb\":{\"@id\":\"https:\\\/\\\/www.vdhurk.nl\\\/fiat-bedrijfswagens\\\/doblo\\\/automaat\\\/#breadcrumb\"},\"inLanguage\":\"es\",\"potentialAction\":[{\"@type\":\"ReadAction\",\"target\":[\"https:\\\/\\\/www.vdhurk.nl\\\/fiat-bedrijfswagens\\\/doblo\\\/automaat\\\/\"]}]},{\"@type\":\"BreadcrumbList\",\"@id\":\"https:\\\/\\\/www.vdhurk.nl\\\/fiat-bedrijfswagens\\\/doblo\\\/automaat\\\/#breadcrumb\",\"itemListElement\":[{\"@type\":\"ListItem\",\"position\":1,\"name\":\"Home\",\"item\":\"https:\\\/\\\/www.vdhurk.nl\\\/home\\\/\"},{\"@type\":\"ListItem\",\"position\":2,\"name\":\"Fiat Bedrijfswagens\",\"item\":\"https:\\\/\\\/www.vdhurk.nl\\\/fiat-bedrijfswagens\\\/\"},{\"@type\":\"ListItem\",\"position\":3,\"name\":\"Fiat Doblo\",\"item\":\"https:\\\/\\\/www.vdhurk.nl\\\/fiat-bedrijfswagens\\\/doblo\\\/\"},{\"@type\":\"ListItem\",\"position\":4,\"name\":\"Fiat Doblo Automaat\"}]},{\"@type\":\"WebSite\",\"@id\":\"https:\\\/\\\/www.vdhurk.nl\\\/#website\",\"url\":\"https:\\\/\\\/www.vdhurk.nl\\\/\",\"name\":\"Van den Hurk Bedrijfswagens\",\"description\":\"Van den Hurk bedrijfswagens Helmond\",\"potentialAction\":[{\"@type\":\"SearchAction\",\"target\":{\"@type\":\"EntryPoint\",\"urlTemplate\":\"https:\\\/\\\/www.vdhurk.nl\\\/?s={search_term_string}\"},\"query-input\":{\"@type\":\"PropertyValueSpecification\",\"valueRequired\":true,\"valueName\":\"search_term_string\"}}],\"inLanguage\":\"es\"}]}<\/script>\n<!-- \/ Yoast SEO plugin. -->","yoast_head_json":{"title":"Descubre todo sobre la transmisi\u00f3n autom\u00e1tica del Fiat Doblo","description":"\u00bfEst\u00e1 pensando en un Fiat Doblo con transmisi\u00f3n autom\u00e1tica? Experimente el confort de conducci\u00f3n y la comodidad de una transmisi\u00f3n autom\u00e1tica y descubra si es la opci\u00f3n ideal para usted.","robots":{"index":"index","follow":"follow","max-snippet":"max-snippet:-1","max-image-preview":"max-image-preview:large","max-video-preview":"max-video-preview:-1"},"canonical":"https:\/\/www.vdhurk.nl\/es\/vehiculos-comerciales-fiat\/mercedes-21\/maquina\/","og_locale":"es_ES","og_type":"article","og_title":"Ontdek alles over de Fiat Doblo automaat","og_description":"Overweeg je een Fiat Doblo automaat? Ervaar het rijcomfort en gemak van een automatische transmissie en ontdek of dit de ideale keuze voor jou is.","og_url":"https:\/\/www.vdhurk.nl\/es\/vehiculos-comerciales-fiat\/mercedes-21\/maquina\/","og_site_name":"Van den Hurk Bedrijfswagens","twitter_card":"summary_large_image","twitter_misc":{"Tiempo de lectura":"6 minutos"},"schema":{"@context":"https:\/\/schema.org","@graph":[{"@type":"WebPage","@id":"https:\/\/www.vdhurk.nl\/fiat-bedrijfswagens\/doblo\/automaat\/","url":"https:\/\/www.vdhurk.nl\/fiat-bedrijfswagens\/doblo\/automaat\/","name":"Descubre todo sobre la transmisi\u00f3n autom\u00e1tica del Fiat Doblo","isPartOf":{"@id":"https:\/\/www.vdhurk.nl\/#website"},"datePublished":"2025-02-28T14:58:31+00:00","description":"\u00bfEst\u00e1 pensando en un Fiat Doblo con transmisi\u00f3n autom\u00e1tica? Experimente el confort de conducci\u00f3n y la comodidad de una transmisi\u00f3n autom\u00e1tica y descubra si es la opci\u00f3n ideal para usted.","breadcrumb":{"@id":"https:\/\/www.vdhurk.nl\/fiat-bedrijfswagens\/doblo\/automaat\/#breadcrumb"},"inLanguage":"es","potentialAction":[{"@type":"ReadAction","target":["https:\/\/www.vdhurk.nl\/fiat-bedrijfswagens\/doblo\/automaat\/"]}]},{"@type":"BreadcrumbList","@id":"https:\/\/www.vdhurk.nl\/fiat-bedrijfswagens\/doblo\/automaat\/#breadcrumb","itemListElement":[{"@type":"ListItem","position":1,"name":"Home","item":"https:\/\/www.vdhurk.nl\/home\/"},{"@type":"ListItem","position":2,"name":"Fiat Bedrijfswagens","item":"https:\/\/www.vdhurk.nl\/fiat-bedrijfswagens\/"},{"@type":"ListItem","position":3,"name":"Fiat Doblo","item":"https:\/\/www.vdhurk.nl\/fiat-bedrijfswagens\/doblo\/"},{"@type":"ListItem","position":4,"name":"Fiat Doblo Automaat"}]},{"@type":"WebSite","@id":"https:\/\/www.vdhurk.nl\/#website","url":"https:\/\/www.vdhurk.nl\/","name":"Veh\u00edculos comerciales Van den Hurk","description":"Van den Hurk veh\u00edculos comerciales Helmond","potentialAction":[{"@type":"SearchAction","target":{"@type":"EntryPoint","urlTemplate":"https:\/\/www.vdhurk.nl\/?s={search_term_string}"},"query-input":{"@type":"PropertyValueSpecification","valueRequired":true,"valueName":"search_term_string"}}],"inLanguage":"es"}]}},"_links":{"self":[{"href":"https:\/\/www.vdhurk.nl\/es\/wp-json\/wp\/v2\/pages\/454897","targetHints":{"allow":["GET"]}}],"collection":[{"href":"https:\/\/www.vdhurk.nl\/es\/wp-json\/wp\/v2\/pages"}],"about":[{"href":"https:\/\/www.vdhurk.nl\/es\/wp-json\/wp\/v2\/types\/page"}],"author":[{"embeddable":true,"href":"https:\/\/www.vdhurk.nl\/es\/wp-json\/wp\/v2\/users\/3"}],"replies":[{"embeddable":true,"href":"https:\/\/www.vdhurk.nl\/es\/wp-json\/wp\/v2\/comments?post=454897"}],"version-history":[{"count":2,"href":"https:\/\/www.vdhurk.nl\/es\/wp-json\/wp\/v2\/pages\/454897\/revisions"}],"predecessor-version":[{"id":454899,"href":"https:\/\/www.vdhurk.nl\/es\/wp-json\/wp\/v2\/pages\/454897\/revisions\/454899"}],"up":[{"embeddable":true,"href":"https:\/\/www.vdhurk.nl\/es\/wp-json\/wp\/v2\/pages\/397536"}],"wp:attachment":[{"href":"https:\/\/www.vdhurk.nl\/es\/wp-json\/wp\/v2\/media?parent=454897"}],"curies":[{"name":"wp","href":"https:\/\/api.w.org\/{rel}","templated":true}]}}