{"id":454894,"date":"2025-02-28T15:59:33","date_gmt":"2025-02-28T14:59:33","guid":{"rendered":"https:\/\/www.vdhurk.nl\/?page_id=454894"},"modified":"2025-02-28T15:59:33","modified_gmt":"2025-02-28T14:59:33","slug":"maquina","status":"publish","type":"page","link":"https:\/\/www.vdhurk.nl\/es\/renault-bedrijfswagens\/master\/automaat\/","title":{"rendered":"Renault Master Autom\u00e1tico"},"content":{"rendered":"<section  class='av_textblock_section av-lu8gnh7d-4ac895489941e586c1d7c8cb72318135'  itemscope=\"itemscope\" itemtype=\"https:\/\/schema.org\/CreativeWork\" ><div class='avia_textblock'  itemprop=\"text\" ><h1>\u00bfSe adapta el Renault Master autom\u00e1tico a su negocio?<\/h1>\n<p>\u00bfBuscas una furgoneta espaciosa y c\u00f3moda sin el engorro de cambiar de marcha? La Renault Master autom\u00e1tica es justo lo que necesitas. Estos veh\u00edculos comerciales son muy populares entre muchos empresarios. \u00bfQuieres saber qu\u00e9 te ofrecen estas furgonetas? Entonces sigue leyendo r\u00e1pidamente y descubre si la Renault Master se adapta a tus necesidades.<\/p>\n<\/div><\/section>\n\n<style type=\"text\/css\" data-created_by=\"avia_inline_auto\" id=\"style-css-av-lujjddpd-afa3d7a9eabd61123e643ed1228e781e\">\n#top .hr.hr-invisible.av-lujjddpd-afa3d7a9eabd61123e643ed1228e781e{\nheight:50px;\n}\n<\/style>\n<div  class='hr av-lujjddpd-afa3d7a9eabd61123e643ed1228e781e hr-invisible  avia-builder-el-1  el_after_av_textblock  el_before_av_codeblock'><span class='hr-inner'><span class=\"hr-inner-style\"><\/span><\/span><\/div>\n\n\n<style type=\"text\/css\" data-created_by=\"avia_inline_auto\" id=\"style-css-av-ah0xd-63338d9dc6b40410e22a712829c369d6\">\n#top .hr.hr-invisible.av-ah0xd-63338d9dc6b40410e22a712829c369d6{\nheight:50px;\n}\n<\/style>\n<div  class='hr av-ah0xd-63338d9dc6b40410e22a712829c369d6 hr-invisible  avia-builder-el-3  el_after_av_codeblock  el_before_av_textblock'><span class='hr-inner'><span class=\"hr-inner-style\"><\/span><\/span><\/div>\n<section  class='av_textblock_section av-lu8gow1e-300853e458ed741bd87d6cb78e55cc7a'  itemscope=\"itemscope\" itemtype=\"https:\/\/schema.org\/CreativeWork\" ><div class='avia_textblock'  itemprop=\"text\" ><h2>\u00bfPor qu\u00e9 elegir el Renault Master autom\u00e1tico?<\/h2>\n<p>\u00bfNo le apetece cambiar de marcha? Es comprensible. Afortunadamente, el Renault Master tambi\u00e9n es autom\u00e1tico. Eso significa una conducci\u00f3n suave y relajada, sin tener que andar embragando y cambiando de marcha cada vez. Esto es ideal en el tr\u00e1fico urbano o en viajes largos. Y no, no tienes que preocuparte por la carga \u00fatil o el peso de remolque, ya que son pr\u00e1cticamente los mismos que los de la versi\u00f3n manual. Adem\u00e1s, el autom\u00e1tico es perfecto para los que viajan mucho y s\u00f3lo quieren una conducci\u00f3n despreocupada. Se acabaron las piernas cansadas despu\u00e9s de un largo d\u00eda de trabajo y las molestias en los atascos con interminables subidas y bajadas de marchas. Sube, pisa el acelerador y deja que el autom\u00e1tico haga el trabajo.<\/p>\n<\/div><\/section>\n<div class='flex_column av-f64w1-da126f42b61613402309283c14245a25 av_one_half  avia-builder-el-5  el_after_av_textblock  el_before_av_one_third  first flex_column_div column-top-margin'   ><section  class='av_textblock_section av-lu8gpqre-73cc2c17e6a6497ba6e1b58af22bd9e8'  itemscope=\"itemscope\" itemtype=\"https:\/\/schema.org\/CreativeWork\" ><div class='avia_textblock'  itemprop=\"text\" ><h2>Diferentes versiones<\/h2>\n<p>La Renault Master autom\u00e1tica est\u00e1 disponible en diferentes versiones, por lo que siempre encontrar\u00e1 un modelo que se adapte a sus operaciones. \u00bfTe decantas por una furgoneta cerrada con el m\u00e1ximo espacio de carga o prefieres una doble cabina con asientos adicionales? Sean cuales sean tus necesidades, siempre hay un Renault Master que se adapta a tu negocio. \u00bfNo encuentra su Renault Master autom\u00e1tico ideal en nuestra gama? Entonces pregunta a un <a href=\"https:\/\/www.vdhurk.nl\/es\/alerta-de-valores\/\">stockalert<\/a> En.<\/p>\n<\/div><\/section><\/div><div class='flex_column av-aldk9-ee694297f5c4032981677a02caab84d6 av_one_third  avia-builder-el-7  el_after_av_one_half  el_before_av_hr  flex_column_div column-top-margin'   ><style type=\"text\/css\" data-created_by=\"avia_inline_auto\" id=\"style-css-av-l1w9kpsf-4ec3fab772ec7a9adaa33cfc64ff0475\">\n.avia-image-container.av-l1w9kpsf-4ec3fab772ec7a9adaa33cfc64ff0475 .av-image-caption-overlay-center{\ncolor:#ffffff;\n}\n<\/style>\n<div  class='avia-image-container av-l1w9kpsf-4ec3fab772ec7a9adaa33cfc64ff0475 av-styling- avia-align-center  avia-builder-el-8  avia-builder-el-no-sibling'  itemprop=\"image\" itemscope=\"itemscope\" itemtype=\"https:\/\/schema.org\/ImageObject\" ><div class=\"avia-image-container-inner\"><div class=\"avia-image-overlay-wrap\"><img decoding=\"async\" class='wp-image-187 avia-img-lazy-loading-not-187 avia_image' src=\"https:\/\/www.vdhurk.nl\/wp-content\/uploads\/2022\/03\/Voorrad.png\" alt='' title='Stock'  height=\"758\" width=\"1135\"  itemprop=\"thumbnailUrl\" srcset=\"https:\/\/www.vdhurk.nl\/wp-content\/uploads\/2022\/03\/Voorrad.png 1135w, https:\/\/www.vdhurk.nl\/wp-content\/uploads\/2022\/03\/Voorrad-300x200.png 300w, https:\/\/www.vdhurk.nl\/wp-content\/uploads\/2022\/03\/Voorrad-1030x688.png 1030w, https:\/\/www.vdhurk.nl\/wp-content\/uploads\/2022\/03\/Voorrad-768x513.png 768w, https:\/\/www.vdhurk.nl\/wp-content\/uploads\/2022\/03\/Voorrad-18x12.png 18w, https:\/\/www.vdhurk.nl\/wp-content\/uploads\/2022\/03\/Voorrad-705x471.png 705w\" sizes=\"(max-width: 1135px) 100vw, 1135px\" \/><\/div><\/div><\/div><\/div><\/p>\n\n<style type=\"text\/css\" data-created_by=\"avia_inline_auto\" id=\"style-css-av-luqrjpjc-5a23a1fb5f94718ca85316a9df963e2f\">\n#top .hr.hr-invisible.av-luqrjpjc-5a23a1fb5f94718ca85316a9df963e2f{\nheight:50px;\n}\n<\/style>\n<div  class='hr av-luqrjpjc-5a23a1fb5f94718ca85316a9df963e2f hr-invisible  avia-builder-el-9  el_after_av_one_third  el_before_av_textblock'><span class='hr-inner'><span class=\"hr-inner-style\"><\/span><\/span><\/div>\n<section  class='av_textblock_section av-lu8gtjw7-4f3cee9304909518d86d2860d9d582dd'  itemscope=\"itemscope\" itemtype=\"https:\/\/schema.org\/CreativeWork\" ><div class='avia_textblock'  itemprop=\"text\" ><h2>\u00bfCu\u00e1nto cuesta un Renault Master autom\u00e1tico?<\/h2>\n<p>El precio de un Renault Master con transmisi\u00f3n autom\u00e1tica depende del modelo, a\u00f1o de fabricaci\u00f3n y equipamiento. Desde modelos pr\u00e1cticos hasta variantes m\u00e1s lujosas con confort y tecnolog\u00eda extra, siempre hay una opci\u00f3n que se adapta a tu presupuesto y necesidades. Las transmisiones autom\u00e1ticas tienden a ser ligeramente m\u00e1s caras que las versiones manuales, pero a cambio obtienes mucha m\u00e1s comodidad de conducci\u00f3n.<\/p>\n<h2>Opciones de compra<\/h2>\n<p>\u00bfSe encuentra ante la disyuntiva de comprar o alquilar? Ambas opciones tienen sus ventajas. Si prefiere pagar de una sola vez y ser propietario de inmediato, la compra es la forma m\u00e1s r\u00e1pida. Pero si prefiere repartir un poco su presupuesto, entonces <a href=\"https:\/\/www.vdhurk.nl\/es\/arrendamiento-financiero\/\">arrendamiento financiero<\/a> una opci\u00f3n inteligente. Te marchas inmediatamente en tu Renault Master autom\u00e1tica y pagas en cuotas fijas y manejables. Y lo mejor: al final del plazo, la furgoneta es toda tuya. As\u00ed es como se combina la flexibilidad con una planificaci\u00f3n financiera inteligente.<\/p>\n<h2>Encuentre su coche de empresa perfecto<\/h2>\n<p>\u00bfEst\u00e1 convencido de que el Renault Master autom\u00e1tico se adapta a su negocio? \u00bfO a\u00fan tiene dudas y prefiere m\u00e1s informaci\u00f3n? No se preocupe. Estaremos encantados de ayudarle a tomar la decisi\u00f3n correcta. Eche un vistazo a nuestra oferta actual o p\u00f3ngase en contacto con nosotros.<\/p>\n<\/div><\/section>","protected":false},"excerpt":{"rendered":"","protected":false},"author":3,"featured_media":0,"parent":422128,"menu_order":0,"comment_status":"closed","ping_status":"closed","template":"","meta":{"_acf_changed":false,"_improvement_type_select":"improve_an_existing","_thumb_yes_seoaic":false,"_frame_yes_seoaic":false,"seoaic_generate_description":"","seoaic_improve_instructions_prompt":"","seoaic_rollback_content_improvement":"","seoaic_idea_thumbnail_generator":"","thumbnail_generated":false,"thumbnail_generate_prompt":"","seoaic_article_description":"","footnotes":""},"class_list":["post-454894","page","type-page","status-publish","hentry"],"acf":[],"yoast_head":"<!-- This site is optimized with the Yoast SEO plugin v27.3 - https:\/\/yoast.com\/product\/yoast-seo-wordpress\/ -->\n<title>De Renault Master automaat | Ideaal voor zakelijk gebruik<\/title>\n<meta name=\"description\" content=\"Met de Renault Master automaat rijd je moeiteloos en comfortabel. Ontdek en ervaar de vele voordelen van deze bedrijfswagen.\" \/>\n<meta name=\"robots\" content=\"index, follow, max-snippet:-1, max-image-preview:large, max-video-preview:-1\" \/>\n<link rel=\"canonical\" href=\"https:\/\/www.vdhurk.nl\/es\/vehiculos-comerciales-renault\/maestro\/maquina\/\" \/>\n<meta property=\"og:locale\" content=\"es_ES\" \/>\n<meta property=\"og:type\" content=\"article\" \/>\n<meta property=\"og:title\" content=\"De Renault Master automaat | Ideaal voor zakelijk gebruik\" \/>\n<meta property=\"og:description\" content=\"Met de Renault Master automaat rijd je moeiteloos en comfortabel. Ontdek en ervaar de vele voordelen van deze bedrijfswagen.\" \/>\n<meta property=\"og:url\" content=\"https:\/\/www.vdhurk.nl\/es\/vehiculos-comerciales-renault\/maestro\/maquina\/\" \/>\n<meta property=\"og:site_name\" content=\"Van den Hurk Bedrijfswagens\" \/>\n<meta name=\"twitter:card\" content=\"summary_large_image\" \/>\n<meta name=\"twitter:label1\" content=\"Tiempo de lectura\" \/>\n\t<meta name=\"twitter:data1\" content=\"4 minutos\" \/>\n<script type=\"application\/ld+json\" class=\"yoast-schema-graph\">{\"@context\":\"https:\\\/\\\/schema.org\",\"@graph\":[{\"@type\":\"WebPage\",\"@id\":\"https:\\\/\\\/www.vdhurk.nl\\\/renault-bedrijfswagens\\\/master\\\/automaat\\\/\",\"url\":\"https:\\\/\\\/www.vdhurk.nl\\\/renault-bedrijfswagens\\\/master\\\/automaat\\\/\",\"name\":\"De Renault Master automaat | Ideaal voor zakelijk gebruik\",\"isPartOf\":{\"@id\":\"https:\\\/\\\/www.vdhurk.nl\\\/#website\"},\"datePublished\":\"2025-02-28T14:59:33+00:00\",\"description\":\"Met de Renault Master automaat rijd je moeiteloos en comfortabel. Ontdek en ervaar de vele voordelen van deze bedrijfswagen.\",\"breadcrumb\":{\"@id\":\"https:\\\/\\\/www.vdhurk.nl\\\/renault-bedrijfswagens\\\/master\\\/automaat\\\/#breadcrumb\"},\"inLanguage\":\"es\",\"potentialAction\":[{\"@type\":\"ReadAction\",\"target\":[\"https:\\\/\\\/www.vdhurk.nl\\\/renault-bedrijfswagens\\\/master\\\/automaat\\\/\"]}]},{\"@type\":\"BreadcrumbList\",\"@id\":\"https:\\\/\\\/www.vdhurk.nl\\\/renault-bedrijfswagens\\\/master\\\/automaat\\\/#breadcrumb\",\"itemListElement\":[{\"@type\":\"ListItem\",\"position\":1,\"name\":\"Home\",\"item\":\"https:\\\/\\\/www.vdhurk.nl\\\/home\\\/\"},{\"@type\":\"ListItem\",\"position\":2,\"name\":\"Renault Bedrijfswagens\",\"item\":\"https:\\\/\\\/www.vdhurk.nl\\\/renault-bedrijfswagens\\\/\"},{\"@type\":\"ListItem\",\"position\":3,\"name\":\"Renault Master\",\"item\":\"https:\\\/\\\/www.vdhurk.nl\\\/renault-bedrijfswagens\\\/master\\\/\"},{\"@type\":\"ListItem\",\"position\":4,\"name\":\"Renault Master Automaat\"}]},{\"@type\":\"WebSite\",\"@id\":\"https:\\\/\\\/www.vdhurk.nl\\\/#website\",\"url\":\"https:\\\/\\\/www.vdhurk.nl\\\/\",\"name\":\"Van den Hurk Bedrijfswagens\",\"description\":\"Van den Hurk bedrijfswagens Helmond\",\"potentialAction\":[{\"@type\":\"SearchAction\",\"target\":{\"@type\":\"EntryPoint\",\"urlTemplate\":\"https:\\\/\\\/www.vdhurk.nl\\\/?s={search_term_string}\"},\"query-input\":{\"@type\":\"PropertyValueSpecification\",\"valueRequired\":true,\"valueName\":\"search_term_string\"}}],\"inLanguage\":\"es\"}]}<\/script>\n<!-- \/ Yoast SEO plugin. -->","yoast_head_json":{"title":"El Renault Master autom\u00e1tico | Ideal para uso profesional","description":"Con el Renault Master autom\u00e1tico, conducir es f\u00e1cil y confortable. Descubre y experimenta las numerosas ventajas de este veh\u00edculo comercial.","robots":{"index":"index","follow":"follow","max-snippet":"max-snippet:-1","max-image-preview":"max-image-preview:large","max-video-preview":"max-video-preview:-1"},"canonical":"https:\/\/www.vdhurk.nl\/es\/vehiculos-comerciales-renault\/maestro\/maquina\/","og_locale":"es_ES","og_type":"article","og_title":"De Renault Master automaat | Ideaal voor zakelijk gebruik","og_description":"Met de Renault Master automaat rijd je moeiteloos en comfortabel. Ontdek en ervaar de vele voordelen van deze bedrijfswagen.","og_url":"https:\/\/www.vdhurk.nl\/es\/vehiculos-comerciales-renault\/maestro\/maquina\/","og_site_name":"Van den Hurk Bedrijfswagens","twitter_card":"summary_large_image","twitter_misc":{"Tiempo de lectura":"4 minutos"},"schema":{"@context":"https:\/\/schema.org","@graph":[{"@type":"WebPage","@id":"https:\/\/www.vdhurk.nl\/renault-bedrijfswagens\/master\/automaat\/","url":"https:\/\/www.vdhurk.nl\/renault-bedrijfswagens\/master\/automaat\/","name":"El Renault Master autom\u00e1tico | Ideal para uso profesional","isPartOf":{"@id":"https:\/\/www.vdhurk.nl\/#website"},"datePublished":"2025-02-28T14:59:33+00:00","description":"Con el Renault Master autom\u00e1tico, conducir es f\u00e1cil y confortable. Descubre y experimenta las numerosas ventajas de este veh\u00edculo comercial.","breadcrumb":{"@id":"https:\/\/www.vdhurk.nl\/renault-bedrijfswagens\/master\/automaat\/#breadcrumb"},"inLanguage":"es","potentialAction":[{"@type":"ReadAction","target":["https:\/\/www.vdhurk.nl\/renault-bedrijfswagens\/master\/automaat\/"]}]},{"@type":"BreadcrumbList","@id":"https:\/\/www.vdhurk.nl\/renault-bedrijfswagens\/master\/automaat\/#breadcrumb","itemListElement":[{"@type":"ListItem","position":1,"name":"Home","item":"https:\/\/www.vdhurk.nl\/home\/"},{"@type":"ListItem","position":2,"name":"Renault Bedrijfswagens","item":"https:\/\/www.vdhurk.nl\/renault-bedrijfswagens\/"},{"@type":"ListItem","position":3,"name":"Renault Master","item":"https:\/\/www.vdhurk.nl\/renault-bedrijfswagens\/master\/"},{"@type":"ListItem","position":4,"name":"Renault Master Automaat"}]},{"@type":"WebSite","@id":"https:\/\/www.vdhurk.nl\/#website","url":"https:\/\/www.vdhurk.nl\/","name":"Veh\u00edculos comerciales Van den Hurk","description":"Van den Hurk veh\u00edculos comerciales Helmond","potentialAction":[{"@type":"SearchAction","target":{"@type":"EntryPoint","urlTemplate":"https:\/\/www.vdhurk.nl\/?s={search_term_string}"},"query-input":{"@type":"PropertyValueSpecification","valueRequired":true,"valueName":"search_term_string"}}],"inLanguage":"es"}]}},"_links":{"self":[{"href":"https:\/\/www.vdhurk.nl\/es\/wp-json\/wp\/v2\/pages\/454894","targetHints":{"allow":["GET"]}}],"collection":[{"href":"https:\/\/www.vdhurk.nl\/es\/wp-json\/wp\/v2\/pages"}],"about":[{"href":"https:\/\/www.vdhurk.nl\/es\/wp-json\/wp\/v2\/types\/page"}],"author":[{"embeddable":true,"href":"https:\/\/www.vdhurk.nl\/es\/wp-json\/wp\/v2\/users\/3"}],"replies":[{"embeddable":true,"href":"https:\/\/www.vdhurk.nl\/es\/wp-json\/wp\/v2\/comments?post=454894"}],"version-history":[{"count":2,"href":"https:\/\/www.vdhurk.nl\/es\/wp-json\/wp\/v2\/pages\/454894\/revisions"}],"predecessor-version":[{"id":454896,"href":"https:\/\/www.vdhurk.nl\/es\/wp-json\/wp\/v2\/pages\/454894\/revisions\/454896"}],"up":[{"embeddable":true,"href":"https:\/\/www.vdhurk.nl\/es\/wp-json\/wp\/v2\/pages\/422128"}],"wp:attachment":[{"href":"https:\/\/www.vdhurk.nl\/es\/wp-json\/wp\/v2\/media?parent=454894"}],"curies":[{"name":"wp","href":"https:\/\/api.w.org\/{rel}","templated":true}]}}