{"id":454891,"date":"2025-02-28T15:35:12","date_gmt":"2025-02-28T14:35:12","guid":{"rendered":"https:\/\/www.vdhurk.nl\/?page_id=454891"},"modified":"2025-02-28T15:35:12","modified_gmt":"2025-02-28T14:35:12","slug":"maquina","status":"publish","type":"page","link":"https:\/\/www.vdhurk.nl\/es\/renault-bedrijfswagens\/kangoo\/automaat\/","title":{"rendered":"Renault Kangoo Autom\u00e1tico"},"content":{"rendered":"<section  class='av_textblock_section av-lu8gnh7d-4ac895489941e586c1d7c8cb72318135'  itemscope=\"itemscope\" itemtype=\"https:\/\/schema.org\/CreativeWork\" ><div class='avia_textblock'  itemprop=\"text\" ><h1>\u00bfElegir\u00e1s la Renault Kangoo autom\u00e1tica?<\/h1>\n<p>\u00bfBuscas un veh\u00edculo comercial nuevo sin el engorro de cambiar de marchas? Entonces la Renault Kangoo autom\u00e1tica es una buena elecci\u00f3n. Vers\u00e1til y popular entre los empresarios gracias a las distintas versiones y opciones que puedes adaptar a tus necesidades. \u00bfTienes curiosidad por conocer sus posibilidades? Desc\u00fabrelo todo sobre este veh\u00edculo.<\/p>\n<\/div><\/section>\n\n<style type=\"text\/css\" data-created_by=\"avia_inline_auto\" id=\"style-css-av-lujjddpd-afa3d7a9eabd61123e643ed1228e781e\">\n#top .hr.hr-invisible.av-lujjddpd-afa3d7a9eabd61123e643ed1228e781e{\nheight:50px;\n}\n<\/style>\n<div  class='hr av-lujjddpd-afa3d7a9eabd61123e643ed1228e781e hr-invisible  avia-builder-el-1  el_after_av_textblock  el_before_av_codeblock'><span class='hr-inner'><span class=\"hr-inner-style\"><\/span><\/span><\/div>\n\n\n<style type=\"text\/css\" data-created_by=\"avia_inline_auto\" id=\"style-css-av-ah0xd-63338d9dc6b40410e22a712829c369d6\">\n#top .hr.hr-invisible.av-ah0xd-63338d9dc6b40410e22a712829c369d6{\nheight:50px;\n}\n<\/style>\n<div  class='hr av-ah0xd-63338d9dc6b40410e22a712829c369d6 hr-invisible  avia-builder-el-3  el_after_av_codeblock  el_before_av_textblock'><span class='hr-inner'><span class=\"hr-inner-style\"><\/span><\/span><\/div>\n<section  class='av_textblock_section av-lu8gow1e-300853e458ed741bd87d6cb78e55cc7a'  itemscope=\"itemscope\" itemtype=\"https:\/\/schema.org\/CreativeWork\" ><div class='avia_textblock'  itemprop=\"text\" ><h2>Descubra las ventajas de un<\/h2>\n<p>Cada vez m\u00e1s empresarios optan por un veh\u00edculo comercial con transmisi\u00f3n autom\u00e1tica, y con raz\u00f3n. Una transmisi\u00f3n autom\u00e1tica ofrece muchas ventajas que se adaptan perfectamente a los empresarios. Por ejemplo, una transmisi\u00f3n autom\u00e1tica no s\u00f3lo facilita la conducci\u00f3n, sino que tambi\u00e9n la hace m\u00e1s c\u00f3moda, ya que no es necesario cambiar de marcha. Esto es ideal en el tr\u00e1fico urbano o en los atascos. Adem\u00e1s, puedes concentrarte plenamente en la carretera, sin el riesgo de calarte como con un coche manual. En resumen, un coche autom\u00e1tico es una elecci\u00f3n inteligente para disfrutar de una conducci\u00f3n eficiente y sin esfuerzo.<\/p>\n<\/div><\/section>\n<div class='flex_column av-f64w1-da126f42b61613402309283c14245a25 av_one_half  avia-builder-el-5  el_after_av_textblock  el_before_av_one_third  first flex_column_div column-top-margin'   ><section  class='av_textblock_section av-lu8gpqre-73cc2c17e6a6497ba6e1b58af22bd9e8'  itemscope=\"itemscope\" itemtype=\"https:\/\/schema.org\/CreativeWork\" ><div class='avia_textblock'  itemprop=\"text\" ><h2>Todo lo que necesita al alcance de su mano<\/h2>\n<p>La Renault Kangoo autom\u00e1tica est\u00e1 dise\u00f1ada para los usuarios de negocios que desean viajar sin esfuerzo y de forma eficiente. Con su amplia capacidad de carga y su disposici\u00f3n inteligente, aprovecha al m\u00e1ximo el espacio. Adem\u00e1s, la Kangoo ofrece modernos sistemas de asistencia a la conducci\u00f3n, para que puedas superar cada jornada laboral con facilidad. Elige un veh\u00edculo comercial fiable que te facilite el trabajo. Descubra hoy mismo su Renault Kangoo autom\u00e1tico ideal.<\/p>\n<\/div><\/section><\/div><div class='flex_column av-aldk9-ee694297f5c4032981677a02caab84d6 av_one_third  avia-builder-el-7  el_after_av_one_half  el_before_av_hr  flex_column_div column-top-margin'   ><style type=\"text\/css\" data-created_by=\"avia_inline_auto\" id=\"style-css-av-l1w9kpsf-4ec3fab772ec7a9adaa33cfc64ff0475\">\n.avia-image-container.av-l1w9kpsf-4ec3fab772ec7a9adaa33cfc64ff0475 .av-image-caption-overlay-center{\ncolor:#ffffff;\n}\n<\/style>\n<div  class='avia-image-container av-l1w9kpsf-4ec3fab772ec7a9adaa33cfc64ff0475 av-styling- avia-align-center  avia-builder-el-8  avia-builder-el-no-sibling'  itemprop=\"image\" itemscope=\"itemscope\" itemtype=\"https:\/\/schema.org\/ImageObject\" ><div class=\"avia-image-container-inner\"><div class=\"avia-image-overlay-wrap\"><img decoding=\"async\" class='wp-image-187 avia-img-lazy-loading-not-187 avia_image' src=\"https:\/\/www.vdhurk.nl\/wp-content\/uploads\/2022\/03\/Voorrad.png\" alt='' title='Stock'  height=\"758\" width=\"1135\"  itemprop=\"thumbnailUrl\" srcset=\"https:\/\/www.vdhurk.nl\/wp-content\/uploads\/2022\/03\/Voorrad.png 1135w, https:\/\/www.vdhurk.nl\/wp-content\/uploads\/2022\/03\/Voorrad-300x200.png 300w, https:\/\/www.vdhurk.nl\/wp-content\/uploads\/2022\/03\/Voorrad-1030x688.png 1030w, https:\/\/www.vdhurk.nl\/wp-content\/uploads\/2022\/03\/Voorrad-768x513.png 768w, https:\/\/www.vdhurk.nl\/wp-content\/uploads\/2022\/03\/Voorrad-18x12.png 18w, https:\/\/www.vdhurk.nl\/wp-content\/uploads\/2022\/03\/Voorrad-705x471.png 705w\" sizes=\"(max-width: 1135px) 100vw, 1135px\" \/><\/div><\/div><\/div><\/div><\/p>\n\n<style type=\"text\/css\" data-created_by=\"avia_inline_auto\" id=\"style-css-av-luqrjpjc-5a23a1fb5f94718ca85316a9df963e2f\">\n#top .hr.hr-invisible.av-luqrjpjc-5a23a1fb5f94718ca85316a9df963e2f{\nheight:50px;\n}\n<\/style>\n<div  class='hr av-luqrjpjc-5a23a1fb5f94718ca85316a9df963e2f hr-invisible  avia-builder-el-9  el_after_av_one_third  el_before_av_textblock'><span class='hr-inner'><span class=\"hr-inner-style\"><\/span><\/span><\/div>\n<section  class='av_textblock_section av-lu8gtjw7-4f3cee9304909518d86d2860d9d582dd'  itemscope=\"itemscope\" itemtype=\"https:\/\/schema.org\/CreativeWork\" ><div class='avia_textblock'  itemprop=\"text\" ><h2>\u00bfQu\u00e9 gastos hay que tener en cuenta con una Renault Kangoo?<\/h2>\n<p>\u00bfTienes curiosidad por saber el precio de una Renault Kangoo autom\u00e1tica? Depende del acabado, las opciones y el motor que elijas. Tanto si te decides por un modelo nuevo como por uno fiable de segunda mano, siempre hay una Kangoo que se ajusta a tu presupuesto. \u00bfQuieres saber qu\u00e9 opciones tienes a tu disposici\u00f3n? Consulta la gama y descubre qu\u00e9 veh\u00edculo de empresa se adapta perfectamente a tu negocio.<\/p>\n<h2>\u00bfLe interesa el arrendamiento financiero?<\/h2>\n<p>\u00bfQuieres comprar una Renault Kangoo? En Van den Hurk, t\u00fa decides c\u00f3mo pagar. \u00bfQuieres un pago \u00fanico y la plena propiedad inmediata? No hay problema. Pero, \u00bfsab\u00edas que tambi\u00e9n puedes optar por <a href=\"https:\/\/www.vdhurk.nl\/es\/arrendamiento-financiero\/\">arrendamiento financiero<\/a>? Esto le permite conducir su coche de empresa de inmediato, mientras paga en cuotas mensuales fijas. De este modo, combina la comodidad de un nuevo veh\u00edculo de empresa con la flexibilidad financiera.<\/p>\n<h2>Eche un vistazo a nuestra oferta actual<\/h2>\n<p>\u00bfQuieres comprar una Renault Kangoo autom\u00e1tica? \u00bfO necesitas m\u00e1s informaci\u00f3n antes de tomar una decisi\u00f3n? Estaremos encantados de ayudarle a tomar la decisi\u00f3n correcta. Consulte nuestra oferta actual o p\u00f3ngase en contacto con nosotros.<\/p>\n<\/div><\/section>","protected":false},"excerpt":{"rendered":"","protected":false},"author":3,"featured_media":0,"parent":409559,"menu_order":0,"comment_status":"closed","ping_status":"closed","template":"","meta":{"_acf_changed":false,"_improvement_type_select":"improve_an_existing","_thumb_yes_seoaic":false,"_frame_yes_seoaic":false,"seoaic_generate_description":"","seoaic_improve_instructions_prompt":"","seoaic_rollback_content_improvement":"","seoaic_idea_thumbnail_generator":"","thumbnail_generated":false,"thumbnail_generate_prompt":"","seoaic_article_description":"","footnotes":""},"class_list":["post-454891","page","type-page","status-publish","hentry"],"acf":[],"yoast_head":"<!-- This site is optimized with the Yoast SEO plugin v27.5 - https:\/\/yoast.com\/product\/yoast-seo-wordpress\/ -->\n<title>Ontdek de voordelen van de Renault Kangoo automaat<\/title>\n<meta name=\"description\" content=\"Op zoek naar een Renault Kangoo automaat? Ontdek de verschillende varianten en vind de bedrijfswagen die perfect bij jouw onderneming past.\" \/>\n<meta name=\"robots\" content=\"index, follow, max-snippet:-1, max-image-preview:large, max-video-preview:-1\" \/>\n<link rel=\"canonical\" href=\"https:\/\/www.vdhurk.nl\/es\/vehiculos-comerciales-renault\/mercedes-10\/maquina\/\" \/>\n<meta property=\"og:locale\" content=\"es_ES\" \/>\n<meta property=\"og:type\" content=\"article\" \/>\n<meta property=\"og:title\" content=\"Ontdek de voordelen van de Renault Kangoo automaat\" \/>\n<meta property=\"og:description\" content=\"Op zoek naar een Renault Kangoo automaat? Ontdek de verschillende varianten en vind de bedrijfswagen die perfect bij jouw onderneming past.\" \/>\n<meta property=\"og:url\" content=\"https:\/\/www.vdhurk.nl\/es\/vehiculos-comerciales-renault\/mercedes-10\/maquina\/\" \/>\n<meta property=\"og:site_name\" content=\"Van den Hurk Bedrijfswagens\" \/>\n<meta name=\"twitter:card\" content=\"summary_large_image\" \/>\n<meta name=\"twitter:label1\" content=\"Tiempo de lectura\" \/>\n\t<meta name=\"twitter:data1\" content=\"4 minutos\" \/>\n<script type=\"application\/ld+json\" class=\"yoast-schema-graph\">{\"@context\":\"https:\\\/\\\/schema.org\",\"@graph\":[{\"@type\":\"WebPage\",\"@id\":\"https:\\\/\\\/www.vdhurk.nl\\\/renault-bedrijfswagens\\\/kangoo\\\/automaat\\\/\",\"url\":\"https:\\\/\\\/www.vdhurk.nl\\\/renault-bedrijfswagens\\\/kangoo\\\/automaat\\\/\",\"name\":\"Ontdek de voordelen van de Renault Kangoo automaat\",\"isPartOf\":{\"@id\":\"https:\\\/\\\/www.vdhurk.nl\\\/#website\"},\"datePublished\":\"2025-02-28T14:35:12+00:00\",\"description\":\"Op zoek naar een Renault Kangoo automaat? Ontdek de verschillende varianten en vind de bedrijfswagen die perfect bij jouw onderneming past.\",\"breadcrumb\":{\"@id\":\"https:\\\/\\\/www.vdhurk.nl\\\/renault-bedrijfswagens\\\/kangoo\\\/automaat\\\/#breadcrumb\"},\"inLanguage\":\"es\",\"potentialAction\":[{\"@type\":\"ReadAction\",\"target\":[\"https:\\\/\\\/www.vdhurk.nl\\\/renault-bedrijfswagens\\\/kangoo\\\/automaat\\\/\"]}]},{\"@type\":\"BreadcrumbList\",\"@id\":\"https:\\\/\\\/www.vdhurk.nl\\\/renault-bedrijfswagens\\\/kangoo\\\/automaat\\\/#breadcrumb\",\"itemListElement\":[{\"@type\":\"ListItem\",\"position\":1,\"name\":\"Home\",\"item\":\"https:\\\/\\\/www.vdhurk.nl\\\/home\\\/\"},{\"@type\":\"ListItem\",\"position\":2,\"name\":\"Renault Bedrijfswagens\",\"item\":\"https:\\\/\\\/www.vdhurk.nl\\\/renault-bedrijfswagens\\\/\"},{\"@type\":\"ListItem\",\"position\":3,\"name\":\"Renault Kangoo\",\"item\":\"https:\\\/\\\/www.vdhurk.nl\\\/renault-bedrijfswagens\\\/kangoo\\\/\"},{\"@type\":\"ListItem\",\"position\":4,\"name\":\"Renault Kangoo Automaat\"}]},{\"@type\":\"WebSite\",\"@id\":\"https:\\\/\\\/www.vdhurk.nl\\\/#website\",\"url\":\"https:\\\/\\\/www.vdhurk.nl\\\/\",\"name\":\"Van den Hurk Bedrijfswagens\",\"description\":\"Van den Hurk bedrijfswagens Helmond\",\"potentialAction\":[{\"@type\":\"SearchAction\",\"target\":{\"@type\":\"EntryPoint\",\"urlTemplate\":\"https:\\\/\\\/www.vdhurk.nl\\\/?s={search_term_string}\"},\"query-input\":{\"@type\":\"PropertyValueSpecification\",\"valueRequired\":true,\"valueName\":\"search_term_string\"}}],\"inLanguage\":\"es\"}]}<\/script>\n<!-- \/ Yoast SEO plugin. -->","yoast_head_json":{"title":"Descubre las ventajas de la transmisi\u00f3n autom\u00e1tica de la Renault Kangoo","description":"\u00bfBuscas una Renault Kangoo autom\u00e1tica? Explora las diferentes variantes y encuentra el veh\u00edculo comercial que se adapta perfectamente a tu negocio.","robots":{"index":"index","follow":"follow","max-snippet":"max-snippet:-1","max-image-preview":"max-image-preview:large","max-video-preview":"max-video-preview:-1"},"canonical":"https:\/\/www.vdhurk.nl\/es\/vehiculos-comerciales-renault\/mercedes-10\/maquina\/","og_locale":"es_ES","og_type":"article","og_title":"Ontdek de voordelen van de Renault Kangoo automaat","og_description":"Op zoek naar een Renault Kangoo automaat? Ontdek de verschillende varianten en vind de bedrijfswagen die perfect bij jouw onderneming past.","og_url":"https:\/\/www.vdhurk.nl\/es\/vehiculos-comerciales-renault\/mercedes-10\/maquina\/","og_site_name":"Van den Hurk Bedrijfswagens","twitter_card":"summary_large_image","twitter_misc":{"Tiempo de lectura":"4 minutos"},"schema":{"@context":"https:\/\/schema.org","@graph":[{"@type":"WebPage","@id":"https:\/\/www.vdhurk.nl\/renault-bedrijfswagens\/kangoo\/automaat\/","url":"https:\/\/www.vdhurk.nl\/renault-bedrijfswagens\/kangoo\/automaat\/","name":"Descubre las ventajas de la transmisi\u00f3n autom\u00e1tica de la Renault Kangoo","isPartOf":{"@id":"https:\/\/www.vdhurk.nl\/#website"},"datePublished":"2025-02-28T14:35:12+00:00","description":"\u00bfBuscas una Renault Kangoo autom\u00e1tica? Explora las diferentes variantes y encuentra el veh\u00edculo comercial que se adapta perfectamente a tu negocio.","breadcrumb":{"@id":"https:\/\/www.vdhurk.nl\/renault-bedrijfswagens\/kangoo\/automaat\/#breadcrumb"},"inLanguage":"es","potentialAction":[{"@type":"ReadAction","target":["https:\/\/www.vdhurk.nl\/renault-bedrijfswagens\/kangoo\/automaat\/"]}]},{"@type":"BreadcrumbList","@id":"https:\/\/www.vdhurk.nl\/renault-bedrijfswagens\/kangoo\/automaat\/#breadcrumb","itemListElement":[{"@type":"ListItem","position":1,"name":"Home","item":"https:\/\/www.vdhurk.nl\/home\/"},{"@type":"ListItem","position":2,"name":"Renault Bedrijfswagens","item":"https:\/\/www.vdhurk.nl\/renault-bedrijfswagens\/"},{"@type":"ListItem","position":3,"name":"Renault Kangoo","item":"https:\/\/www.vdhurk.nl\/renault-bedrijfswagens\/kangoo\/"},{"@type":"ListItem","position":4,"name":"Renault Kangoo Automaat"}]},{"@type":"WebSite","@id":"https:\/\/www.vdhurk.nl\/#website","url":"https:\/\/www.vdhurk.nl\/","name":"Veh\u00edculos comerciales Van den Hurk","description":"Van den Hurk veh\u00edculos comerciales Helmond","potentialAction":[{"@type":"SearchAction","target":{"@type":"EntryPoint","urlTemplate":"https:\/\/www.vdhurk.nl\/?s={search_term_string}"},"query-input":{"@type":"PropertyValueSpecification","valueRequired":true,"valueName":"search_term_string"}}],"inLanguage":"es"}]}},"_links":{"self":[{"href":"https:\/\/www.vdhurk.nl\/es\/wp-json\/wp\/v2\/pages\/454891","targetHints":{"allow":["GET"]}}],"collection":[{"href":"https:\/\/www.vdhurk.nl\/es\/wp-json\/wp\/v2\/pages"}],"about":[{"href":"https:\/\/www.vdhurk.nl\/es\/wp-json\/wp\/v2\/types\/page"}],"author":[{"embeddable":true,"href":"https:\/\/www.vdhurk.nl\/es\/wp-json\/wp\/v2\/users\/3"}],"replies":[{"embeddable":true,"href":"https:\/\/www.vdhurk.nl\/es\/wp-json\/wp\/v2\/comments?post=454891"}],"version-history":[{"count":2,"href":"https:\/\/www.vdhurk.nl\/es\/wp-json\/wp\/v2\/pages\/454891\/revisions"}],"predecessor-version":[{"id":454893,"href":"https:\/\/www.vdhurk.nl\/es\/wp-json\/wp\/v2\/pages\/454891\/revisions\/454893"}],"up":[{"embeddable":true,"href":"https:\/\/www.vdhurk.nl\/es\/wp-json\/wp\/v2\/pages\/409559"}],"wp:attachment":[{"href":"https:\/\/www.vdhurk.nl\/es\/wp-json\/wp\/v2\/media?parent=454891"}],"curies":[{"name":"wp","href":"https:\/\/api.w.org\/{rel}","templated":true}]}}