{"id":454888,"date":"2025-02-28T15:27:04","date_gmt":"2025-02-28T14:27:04","guid":{"rendered":"https:\/\/www.vdhurk.nl\/?page_id=454888"},"modified":"2025-02-28T15:58:18","modified_gmt":"2025-02-28T14:58:18","slug":"maquina","status":"publish","type":"page","link":"https:\/\/www.vdhurk.nl\/es\/opel-bedrijfswagens\/vivaro\/automaat\/","title":{"rendered":"Opel Vivaro Autom\u00e1tico"},"content":{"rendered":"<section  class='av_textblock_section av-lu8gnh7d-4ac895489941e586c1d7c8cb72318135'  itemscope=\"itemscope\" itemtype=\"https:\/\/schema.org\/CreativeWork\" ><div class='avia_textblock'  itemprop=\"text\" ><h1>\u00bfBuscas un Opel Vivaro autom\u00e1tico?<\/h1>\n<p>\u00bfNecesitas un nuevo coche de empresa y quieres conducir sin cambiar de marcha? El Opel Vivaro autom\u00e1tico es la soluci\u00f3n para tu empresa. Fiable, vers\u00e1til y muy popular entre los empresarios. Descubre por qu\u00e9 este modelo se adapta perfectamente a las necesidades de tu empresa.<\/p>\n<\/div><\/section>\n\n<style type=\"text\/css\" data-created_by=\"avia_inline_auto\" id=\"style-css-av-lujjddpd-afa3d7a9eabd61123e643ed1228e781e\">\n#top .hr.hr-invisible.av-lujjddpd-afa3d7a9eabd61123e643ed1228e781e{\nheight:50px;\n}\n<\/style>\n<div  class='hr av-lujjddpd-afa3d7a9eabd61123e643ed1228e781e hr-invisible  avia-builder-el-1  el_after_av_textblock  el_before_av_codeblock'><span class='hr-inner'><span class=\"hr-inner-style\"><\/span><\/span><\/div>\n\n\n<style type=\"text\/css\" data-created_by=\"avia_inline_auto\" id=\"style-css-av-ah0xd-63338d9dc6b40410e22a712829c369d6\">\n#top .hr.hr-invisible.av-ah0xd-63338d9dc6b40410e22a712829c369d6{\nheight:50px;\n}\n<\/style>\n<div  class='hr av-ah0xd-63338d9dc6b40410e22a712829c369d6 hr-invisible  avia-builder-el-3  el_after_av_codeblock  el_before_av_textblock'><span class='hr-inner'><span class=\"hr-inner-style\"><\/span><\/span><\/div>\n<section  class='av_textblock_section av-lu8gow1e-300853e458ed741bd87d6cb78e55cc7a'  itemscope=\"itemscope\" itemtype=\"https:\/\/schema.org\/CreativeWork\" ><div class='avia_textblock'  itemprop=\"text\" ><h2>\u00bfPor qu\u00e9 elegir el Opel Vivaro autom\u00e1tico?<\/h2>\n<p>La Opel Vivaro autom\u00e1tica es el veh\u00edculo comercial ideal para quienes buscan comodidad y eficiencia en la carretera. Esta furgoneta de tama\u00f1o medio combina espacio, facilidad de conducci\u00f3n y fiabilidad, por lo que se adapta perfectamente a las necesidades de tu negocio. Tanto si recorres muchos kil\u00f3metros a diario como si transportas regularmente cargas pesadas, la Vivaro autom\u00e1tica se adapta sin esfuerzo. Una gran ventaja es su dise\u00f1o f\u00e1cil de usar. Las puertas traseras de apertura extra ancha facilitan la carga y descarga. En el interior, encontrar\u00e1s un habit\u00e1culo pr\u00e1ctico y robusto, dise\u00f1ado para soportar un uso intensivo. Gracias a los materiales robustos, esta furgoneta es una elecci\u00f3n duradera, para que puedas ir de A a B sin preocupaciones.<\/p>\n<\/div><\/section>\n<div class='flex_column av-f64w1-da126f42b61613402309283c14245a25 av_one_half  avia-builder-el-5  el_after_av_textblock  el_before_av_one_third  first flex_column_div column-top-margin'   ><section  class='av_textblock_section av-lu8gpqre-73cc2c17e6a6497ba6e1b58af22bd9e8'  itemscope=\"itemscope\" itemtype=\"https:\/\/schema.org\/CreativeWork\" ><div class='avia_textblock'  itemprop=\"text\" ><h2>Las ventajas de un sistema autom\u00e1tico<\/h2>\n<p>Cada vez son m\u00e1s los empresarios que optan por un coche de empresa con cambio autom\u00e1tico, y con raz\u00f3n. Una transmisi\u00f3n autom\u00e1tica hace que la conducci\u00f3n sea mucho m\u00e1s c\u00f3moda y f\u00e1cil, sobre todo si se viaja mucho. Se acabaron los problemas para cambiar de marcha en el denso tr\u00e1fico urbano y los embragues interminables en los atascos. Puedes concentrarte plenamente en la carretera. Un coche autom\u00e1tico ofrece m\u00e1s comodidad y placer de conducci\u00f3n, por lo que es una opci\u00f3n inteligente para cualquier empresa.<\/p>\n<\/div><\/section><\/div><div class='flex_column av-aldk9-ee694297f5c4032981677a02caab84d6 av_one_third  avia-builder-el-7  el_after_av_one_half  el_before_av_hr  flex_column_div column-top-margin'   ><style type=\"text\/css\" data-created_by=\"avia_inline_auto\" id=\"style-css-av-l1w9kpsf-4ec3fab772ec7a9adaa33cfc64ff0475\">\n.avia-image-container.av-l1w9kpsf-4ec3fab772ec7a9adaa33cfc64ff0475 .av-image-caption-overlay-center{\ncolor:#ffffff;\n}\n<\/style>\n<div  class='avia-image-container av-l1w9kpsf-4ec3fab772ec7a9adaa33cfc64ff0475 av-styling- avia-align-center  avia-builder-el-8  avia-builder-el-no-sibling'  itemprop=\"image\" itemscope=\"itemscope\" itemtype=\"https:\/\/schema.org\/ImageObject\" ><div class=\"avia-image-container-inner\"><div class=\"avia-image-overlay-wrap\"><img decoding=\"async\" class='wp-image-187 avia-img-lazy-loading-not-187 avia_image' src=\"https:\/\/www.vdhurk.nl\/wp-content\/uploads\/2022\/03\/Voorrad.png\" alt='' title='Stock'  height=\"758\" width=\"1135\"  itemprop=\"thumbnailUrl\" srcset=\"https:\/\/www.vdhurk.nl\/wp-content\/uploads\/2022\/03\/Voorrad.png 1135w, https:\/\/www.vdhurk.nl\/wp-content\/uploads\/2022\/03\/Voorrad-300x200.png 300w, https:\/\/www.vdhurk.nl\/wp-content\/uploads\/2022\/03\/Voorrad-1030x688.png 1030w, https:\/\/www.vdhurk.nl\/wp-content\/uploads\/2022\/03\/Voorrad-768x513.png 768w, https:\/\/www.vdhurk.nl\/wp-content\/uploads\/2022\/03\/Voorrad-18x12.png 18w, https:\/\/www.vdhurk.nl\/wp-content\/uploads\/2022\/03\/Voorrad-705x471.png 705w\" sizes=\"(max-width: 1135px) 100vw, 1135px\" \/><\/div><\/div><\/div><\/div><\/p>\n\n<style type=\"text\/css\" data-created_by=\"avia_inline_auto\" id=\"style-css-av-luqrjpjc-5a23a1fb5f94718ca85316a9df963e2f\">\n#top .hr.hr-invisible.av-luqrjpjc-5a23a1fb5f94718ca85316a9df963e2f{\nheight:50px;\n}\n<\/style>\n<div  class='hr av-luqrjpjc-5a23a1fb5f94718ca85316a9df963e2f hr-invisible  avia-builder-el-9  el_after_av_one_third  el_before_av_textblock'><span class='hr-inner'><span class=\"hr-inner-style\"><\/span><\/span><\/div>\n<section  class='av_textblock_section av-lu8gtjw7-4f3cee9304909518d86d2860d9d582dd'  itemscope=\"itemscope\" itemtype=\"https:\/\/schema.org\/CreativeWork\" ><div class='avia_textblock'  itemprop=\"text\" ><h2>\u00bfEl coste de un Opel Vivaro autom\u00e1tico?<\/h2>\n<p>El precio de un Opel Vivaro autom\u00e1tico depende de lo que busques. En nuestra oferta encontrar\u00e1s diferentes variantes, desde versiones b\u00e1sicas sencillas hasta modelos totalmente equipados. Nuestra gama cambia constantemente, por lo que es dif\u00edcil dar una indicaci\u00f3n de precio. Siempre hay una versi\u00f3n que se ajusta a tu presupuesto.<\/p>\n<h2>Comprar o alquilar Opel Vivaro<\/h2>\n<p>\u00bfSab\u00eda que tiene varias opciones de pago con nosotros? Puedes elegir entre comprar un veh\u00edculo comercial o alquilarlo. Con <a href=\"https:\/\/www.vdhurk.nl\/es\/arrendamiento-financiero\/\">arrendamiento financiero<\/a> pagas una cantidad fija al mes, por lo que no tienes que invertir una gran suma de una sola vez. Durante el periodo de arrendamiento, te conviertes gradualmente en propietario del veh\u00edculo. \u00bfSe acaba el contrato? Entonces ya eres propietario de pleno derecho.<\/p>\n<h2>Encuentra tu Opel Vivaro perfecto<\/h2>\n<p>\u00bfEst\u00e1s convencido de que el Opel Vivaro autom\u00e1tico es tu coche de empresa perfecto? \u00bfO a\u00fan necesitas m\u00e1s informaci\u00f3n? Estaremos encantados de contarte m\u00e1s sobre este modelo, para que siempre tomes la decisi\u00f3n correcta. <a href=\"https:\/\/www.vdhurk.nl\/es\/pongase-en-contacto-con\/\">P\u00f3ngase en contacto con nosotros<\/a> para obtener m\u00e1s informaci\u00f3n o eche un vistazo a nuestra oferta actual.<\/p>\n<\/div><\/section>","protected":false},"excerpt":{"rendered":"","protected":false},"author":3,"featured_media":0,"parent":422100,"menu_order":0,"comment_status":"closed","ping_status":"closed","template":"","meta":{"_acf_changed":false,"_improvement_type_select":"improve_an_existing","_thumb_yes_seoaic":false,"_frame_yes_seoaic":false,"seoaic_generate_description":"","seoaic_improve_instructions_prompt":"","seoaic_rollback_content_improvement":"","seoaic_idea_thumbnail_generator":"","thumbnail_generated":false,"thumbnail_generate_prompt":"","seoaic_article_description":"","footnotes":""},"class_list":["post-454888","page","type-page","status-publish","hentry"],"acf":[],"yoast_head":"<!-- This site is optimized with the Yoast SEO plugin v27.5 - https:\/\/yoast.com\/product\/yoast-seo-wordpress\/ -->\n<title>Op zoek naar een Opel Vivaro automaat? Bekijk het aanbod!<\/title>\n<meta name=\"description\" content=\"Overweeg je een Opel Vivaro automaat? Ontdek de specificaties en voordelen van dit model en bepaal of dit bij jouw onderneming past.\" \/>\n<meta name=\"robots\" content=\"index, follow, max-snippet:-1, max-image-preview:large, max-video-preview:-1\" \/>\n<link rel=\"canonical\" href=\"https:\/\/www.vdhurk.nl\/es\/vehiculos-comerciales-vauxhall\/vivaro\/maquina\/\" \/>\n<meta property=\"og:locale\" content=\"es_ES\" \/>\n<meta property=\"og:type\" content=\"article\" \/>\n<meta property=\"og:title\" content=\"Op zoek naar een Opel Vivaro automaat? Bekijk het aanbod!\" \/>\n<meta property=\"og:description\" content=\"Overweeg je een Opel Vivaro automaat? Ontdek de specificaties en voordelen van dit model en bepaal of dit bij jouw onderneming past.\" \/>\n<meta property=\"og:url\" content=\"https:\/\/www.vdhurk.nl\/es\/vehiculos-comerciales-vauxhall\/vivaro\/maquina\/\" \/>\n<meta property=\"og:site_name\" content=\"Van den Hurk Bedrijfswagens\" \/>\n<meta property=\"article:modified_time\" content=\"2025-02-28T14:58:18+00:00\" \/>\n<meta name=\"twitter:card\" content=\"summary_large_image\" \/>\n<meta name=\"twitter:label1\" content=\"Tiempo de lectura\" \/>\n\t<meta name=\"twitter:data1\" content=\"4 minutos\" \/>\n<script type=\"application\/ld+json\" class=\"yoast-schema-graph\">{\"@context\":\"https:\\\/\\\/schema.org\",\"@graph\":[{\"@type\":\"WebPage\",\"@id\":\"https:\\\/\\\/www.vdhurk.nl\\\/opel-bedrijfswagens\\\/vivaro\\\/automaat\\\/\",\"url\":\"https:\\\/\\\/www.vdhurk.nl\\\/opel-bedrijfswagens\\\/vivaro\\\/automaat\\\/\",\"name\":\"Op zoek naar een Opel Vivaro automaat? Bekijk het aanbod!\",\"isPartOf\":{\"@id\":\"https:\\\/\\\/www.vdhurk.nl\\\/#website\"},\"datePublished\":\"2025-02-28T14:27:04+00:00\",\"dateModified\":\"2025-02-28T14:58:18+00:00\",\"description\":\"Overweeg je een Opel Vivaro automaat? Ontdek de specificaties en voordelen van dit model en bepaal of dit bij jouw onderneming past.\",\"breadcrumb\":{\"@id\":\"https:\\\/\\\/www.vdhurk.nl\\\/opel-bedrijfswagens\\\/vivaro\\\/automaat\\\/#breadcrumb\"},\"inLanguage\":\"es\",\"potentialAction\":[{\"@type\":\"ReadAction\",\"target\":[\"https:\\\/\\\/www.vdhurk.nl\\\/opel-bedrijfswagens\\\/vivaro\\\/automaat\\\/\"]}]},{\"@type\":\"BreadcrumbList\",\"@id\":\"https:\\\/\\\/www.vdhurk.nl\\\/opel-bedrijfswagens\\\/vivaro\\\/automaat\\\/#breadcrumb\",\"itemListElement\":[{\"@type\":\"ListItem\",\"position\":1,\"name\":\"Home\",\"item\":\"https:\\\/\\\/www.vdhurk.nl\\\/home\\\/\"},{\"@type\":\"ListItem\",\"position\":2,\"name\":\"Opel Bedrijfswagens\",\"item\":\"https:\\\/\\\/www.vdhurk.nl\\\/opel-bedrijfswagens\\\/\"},{\"@type\":\"ListItem\",\"position\":3,\"name\":\"Open Vivaro\",\"item\":\"https:\\\/\\\/www.vdhurk.nl\\\/opel-bedrijfswagens\\\/vivaro\\\/\"},{\"@type\":\"ListItem\",\"position\":4,\"name\":\"Opel Vivaro Automaat\"}]},{\"@type\":\"WebSite\",\"@id\":\"https:\\\/\\\/www.vdhurk.nl\\\/#website\",\"url\":\"https:\\\/\\\/www.vdhurk.nl\\\/\",\"name\":\"Van den Hurk Bedrijfswagens\",\"description\":\"Van den Hurk bedrijfswagens Helmond\",\"potentialAction\":[{\"@type\":\"SearchAction\",\"target\":{\"@type\":\"EntryPoint\",\"urlTemplate\":\"https:\\\/\\\/www.vdhurk.nl\\\/?s={search_term_string}\"},\"query-input\":{\"@type\":\"PropertyValueSpecification\",\"valueRequired\":true,\"valueName\":\"search_term_string\"}}],\"inLanguage\":\"es\"}]}<\/script>\n<!-- \/ Yoast SEO plugin. -->","yoast_head_json":{"title":"\u00bfBuscas un Opel Vivaro autom\u00e1tico? \u00a1Consulta la oferta!","description":"\u00bfEst\u00e1s pensando en comprar un Opel Vivaro autom\u00e1tico? Descubre las especificaciones y ventajas de este modelo y decide si se adapta a tu negocio.","robots":{"index":"index","follow":"follow","max-snippet":"max-snippet:-1","max-image-preview":"max-image-preview:large","max-video-preview":"max-video-preview:-1"},"canonical":"https:\/\/www.vdhurk.nl\/es\/vehiculos-comerciales-vauxhall\/vivaro\/maquina\/","og_locale":"es_ES","og_type":"article","og_title":"Op zoek naar een Opel Vivaro automaat? Bekijk het aanbod!","og_description":"Overweeg je een Opel Vivaro automaat? Ontdek de specificaties en voordelen van dit model en bepaal of dit bij jouw onderneming past.","og_url":"https:\/\/www.vdhurk.nl\/es\/vehiculos-comerciales-vauxhall\/vivaro\/maquina\/","og_site_name":"Van den Hurk Bedrijfswagens","article_modified_time":"2025-02-28T14:58:18+00:00","twitter_card":"summary_large_image","twitter_misc":{"Tiempo de lectura":"4 minutos"},"schema":{"@context":"https:\/\/schema.org","@graph":[{"@type":"WebPage","@id":"https:\/\/www.vdhurk.nl\/opel-bedrijfswagens\/vivaro\/automaat\/","url":"https:\/\/www.vdhurk.nl\/opel-bedrijfswagens\/vivaro\/automaat\/","name":"\u00bfBuscas un Opel Vivaro autom\u00e1tico? \u00a1Consulta la oferta!","isPartOf":{"@id":"https:\/\/www.vdhurk.nl\/#website"},"datePublished":"2025-02-28T14:27:04+00:00","dateModified":"2025-02-28T14:58:18+00:00","description":"\u00bfEst\u00e1s pensando en comprar un Opel Vivaro autom\u00e1tico? Descubre las especificaciones y ventajas de este modelo y decide si se adapta a tu negocio.","breadcrumb":{"@id":"https:\/\/www.vdhurk.nl\/opel-bedrijfswagens\/vivaro\/automaat\/#breadcrumb"},"inLanguage":"es","potentialAction":[{"@type":"ReadAction","target":["https:\/\/www.vdhurk.nl\/opel-bedrijfswagens\/vivaro\/automaat\/"]}]},{"@type":"BreadcrumbList","@id":"https:\/\/www.vdhurk.nl\/opel-bedrijfswagens\/vivaro\/automaat\/#breadcrumb","itemListElement":[{"@type":"ListItem","position":1,"name":"Home","item":"https:\/\/www.vdhurk.nl\/home\/"},{"@type":"ListItem","position":2,"name":"Opel Bedrijfswagens","item":"https:\/\/www.vdhurk.nl\/opel-bedrijfswagens\/"},{"@type":"ListItem","position":3,"name":"Open Vivaro","item":"https:\/\/www.vdhurk.nl\/opel-bedrijfswagens\/vivaro\/"},{"@type":"ListItem","position":4,"name":"Opel Vivaro Automaat"}]},{"@type":"WebSite","@id":"https:\/\/www.vdhurk.nl\/#website","url":"https:\/\/www.vdhurk.nl\/","name":"Veh\u00edculos comerciales Van den Hurk","description":"Van den Hurk veh\u00edculos comerciales Helmond","potentialAction":[{"@type":"SearchAction","target":{"@type":"EntryPoint","urlTemplate":"https:\/\/www.vdhurk.nl\/?s={search_term_string}"},"query-input":{"@type":"PropertyValueSpecification","valueRequired":true,"valueName":"search_term_string"}}],"inLanguage":"es"}]}},"_links":{"self":[{"href":"https:\/\/www.vdhurk.nl\/es\/wp-json\/wp\/v2\/pages\/454888","targetHints":{"allow":["GET"]}}],"collection":[{"href":"https:\/\/www.vdhurk.nl\/es\/wp-json\/wp\/v2\/pages"}],"about":[{"href":"https:\/\/www.vdhurk.nl\/es\/wp-json\/wp\/v2\/types\/page"}],"author":[{"embeddable":true,"href":"https:\/\/www.vdhurk.nl\/es\/wp-json\/wp\/v2\/users\/3"}],"replies":[{"embeddable":true,"href":"https:\/\/www.vdhurk.nl\/es\/wp-json\/wp\/v2\/comments?post=454888"}],"version-history":[{"count":3,"href":"https:\/\/www.vdhurk.nl\/es\/wp-json\/wp\/v2\/pages\/454888\/revisions"}],"predecessor-version":[{"id":454905,"href":"https:\/\/www.vdhurk.nl\/es\/wp-json\/wp\/v2\/pages\/454888\/revisions\/454905"}],"up":[{"embeddable":true,"href":"https:\/\/www.vdhurk.nl\/es\/wp-json\/wp\/v2\/pages\/422100"}],"wp:attachment":[{"href":"https:\/\/www.vdhurk.nl\/es\/wp-json\/wp\/v2\/media?parent=454888"}],"curies":[{"name":"wp","href":"https:\/\/api.w.org\/{rel}","templated":true}]}}