{"id":454884,"date":"2025-02-28T15:22:27","date_gmt":"2025-02-28T14:22:27","guid":{"rendered":"https:\/\/www.vdhurk.nl\/?page_id=454884"},"modified":"2025-02-28T15:58:15","modified_gmt":"2025-02-28T14:58:15","slug":"maquina","status":"publish","type":"page","link":"https:\/\/www.vdhurk.nl\/es\/opel-bedrijfswagens\/movano\/automaat\/","title":{"rendered":"Opel Movano Autom\u00e1tico"},"content":{"rendered":"<section  class='av_textblock_section av-lu8gnh7d-4ac895489941e586c1d7c8cb72318135'  itemscope=\"itemscope\" itemtype=\"https:\/\/schema.org\/CreativeWork\" ><div class='avia_textblock'  itemprop=\"text\" ><h1>\u00bfEs el Opel Movano autom\u00e1tico tu veh\u00edculo comercial ideal?<\/h1>\n<p>Un coche de empresa que funcione bien es indispensable para su negocio. El Vauxhall Movano ha sido uno de los favoritos entre los conductores de empresa durante a\u00f1os, y con raz\u00f3n. Este vers\u00e1til veh\u00edculo comercial ofrece exactamente lo que necesitas, desde un espacioso interior hasta una gran capacidad de carga. \u00bfTe preguntas si se adapta a tu negocio? Sigue leyendo y descubre sus ventajas.<\/p>\n<\/div><\/section>\n\n<style type=\"text\/css\" data-created_by=\"avia_inline_auto\" id=\"style-css-av-lujjddpd-afa3d7a9eabd61123e643ed1228e781e\">\n#top .hr.hr-invisible.av-lujjddpd-afa3d7a9eabd61123e643ed1228e781e{\nheight:50px;\n}\n<\/style>\n<div  class='hr av-lujjddpd-afa3d7a9eabd61123e643ed1228e781e hr-invisible  avia-builder-el-1  el_after_av_textblock  el_before_av_codeblock'><span class='hr-inner'><span class=\"hr-inner-style\"><\/span><\/span><\/div>\n\n\n<style type=\"text\/css\" data-created_by=\"avia_inline_auto\" id=\"style-css-av-ah0xd-63338d9dc6b40410e22a712829c369d6\">\n#top .hr.hr-invisible.av-ah0xd-63338d9dc6b40410e22a712829c369d6{\nheight:50px;\n}\n<\/style>\n<div  class='hr av-ah0xd-63338d9dc6b40410e22a712829c369d6 hr-invisible  avia-builder-el-3  el_after_av_codeblock  el_before_av_textblock'><span class='hr-inner'><span class=\"hr-inner-style\"><\/span><\/span><\/div>\n<section  class='av_textblock_section av-lu8gow1e-300853e458ed741bd87d6cb78e55cc7a'  itemscope=\"itemscope\" itemtype=\"https:\/\/schema.org\/CreativeWork\" ><div class='avia_textblock'  itemprop=\"text\" ><h2>Una transmisi\u00f3n autom\u00e1tica: descubra sus ventajas<\/h2>\n<p>Como empresario, buscas un coche de empresa que rinda con eficacia y te facilite los desplazamientos diarios. En este sentido, un Opel Movano autom\u00e1tico ofrece varias ventajas sobre los modelos manuales. Como s\u00f3lo utilizas un pie, conduces m\u00e1s c\u00f3modamente. Esto es especialmente ventajoso durante los viajes largos o el tr\u00e1fico intenso en ciudad. Si eliges un autom\u00e1tico, est\u00e1s apostando por la comodidad, la eficiencia y el confort extra, que es exactamente lo que necesitas.<\/p>\n<\/div><\/section>\n<div class='flex_column av-f64w1-da126f42b61613402309283c14245a25 av_one_half  avia-builder-el-5  el_after_av_textblock  el_before_av_one_third  first flex_column_div column-top-margin'   ><section  class='av_textblock_section av-lu8gpqre-73cc2c17e6a6497ba6e1b58af22bd9e8'  itemscope=\"itemscope\" itemtype=\"https:\/\/schema.org\/CreativeWork\" ><div class='avia_textblock'  itemprop=\"text\" ><h2>Especificaciones y versiones<\/h2>\n<p>El Opel Movano autom\u00e1tico ofrece potencia y el m\u00e1ximo confort de conducci\u00f3n. Con varias versiones, siempre encontrar\u00e1s la combinaci\u00f3n ideal para tus necesidades de transporte. La impresionante carga \u00fatil y los sistemas inteligentes de asistencia a la conducci\u00f3n garantizan eficiencia y seguridad en la carretera. \u00bfA\u00fan no has encontrado tu modelo perfecto? Nuestra gama cambia constantemente, as\u00ed que no pierdas de vista nuestra p\u00e1gina web o pregunta a un <a href=\"https:\/\/www.vdhurk.nl\/es\/alerta-de-valores\/\">stockalert<\/a> en. De esta forma, recibir\u00e1s autom\u00e1ticamente una notificaci\u00f3n cuando recibamos un coche que se adapte a tus necesidades. Elige el Opel Movano y \u00a1aprovecha al m\u00e1ximo tu jornada laboral!<\/p>\n<\/div><\/section><\/div><div class='flex_column av-aldk9-ee694297f5c4032981677a02caab84d6 av_one_third  avia-builder-el-7  el_after_av_one_half  el_before_av_hr  flex_column_div column-top-margin'   ><style type=\"text\/css\" data-created_by=\"avia_inline_auto\" id=\"style-css-av-l1w9kpsf-4ec3fab772ec7a9adaa33cfc64ff0475\">\n.avia-image-container.av-l1w9kpsf-4ec3fab772ec7a9adaa33cfc64ff0475 .av-image-caption-overlay-center{\ncolor:#ffffff;\n}\n<\/style>\n<div  class='avia-image-container av-l1w9kpsf-4ec3fab772ec7a9adaa33cfc64ff0475 av-styling- avia-align-center  avia-builder-el-8  avia-builder-el-no-sibling'  itemprop=\"image\" itemscope=\"itemscope\" itemtype=\"https:\/\/schema.org\/ImageObject\" ><div class=\"avia-image-container-inner\"><div class=\"avia-image-overlay-wrap\"><img decoding=\"async\" class='wp-image-187 avia-img-lazy-loading-not-187 avia_image' src=\"https:\/\/www.vdhurk.nl\/wp-content\/uploads\/2022\/03\/Voorrad.png\" alt='' title='Stock'  height=\"758\" width=\"1135\"  itemprop=\"thumbnailUrl\" srcset=\"https:\/\/www.vdhurk.nl\/wp-content\/uploads\/2022\/03\/Voorrad.png 1135w, https:\/\/www.vdhurk.nl\/wp-content\/uploads\/2022\/03\/Voorrad-300x200.png 300w, https:\/\/www.vdhurk.nl\/wp-content\/uploads\/2022\/03\/Voorrad-1030x688.png 1030w, https:\/\/www.vdhurk.nl\/wp-content\/uploads\/2022\/03\/Voorrad-768x513.png 768w, https:\/\/www.vdhurk.nl\/wp-content\/uploads\/2022\/03\/Voorrad-18x12.png 18w, https:\/\/www.vdhurk.nl\/wp-content\/uploads\/2022\/03\/Voorrad-705x471.png 705w\" sizes=\"(max-width: 1135px) 100vw, 1135px\" \/><\/div><\/div><\/div><\/div><\/p>\n\n<style type=\"text\/css\" data-created_by=\"avia_inline_auto\" id=\"style-css-av-luqrjpjc-5a23a1fb5f94718ca85316a9df963e2f\">\n#top .hr.hr-invisible.av-luqrjpjc-5a23a1fb5f94718ca85316a9df963e2f{\nheight:50px;\n}\n<\/style>\n<div  class='hr av-luqrjpjc-5a23a1fb5f94718ca85316a9df963e2f hr-invisible  avia-builder-el-9  el_after_av_one_third  el_before_av_textblock'><span class='hr-inner'><span class=\"hr-inner-style\"><\/span><\/span><\/div>\n<section  class='av_textblock_section av-lu8gtjw7-4f3cee9304909518d86d2860d9d582dd'  itemscope=\"itemscope\" itemtype=\"https:\/\/schema.org\/CreativeWork\" ><div class='avia_textblock'  itemprop=\"text\" ><h2>Opel Movano precio<\/h2>\n<p>A la hora de comprar un veh\u00edculo comercial, el precio juega un papel importante. En Van den Hurk, encontrar\u00e1s el Opel Movano adaptado a cada presupuesto. Tanto si eliges un Opel Movano de segunda mano, nuevo o autom\u00e1tico, siempre hay algo dentro de tu rango de precios. Los costes var\u00edan en funci\u00f3n del modelo, el a\u00f1o de fabricaci\u00f3n y el kilometraje. Elijas lo que elijas, siempre te beneficiar\u00e1s de una relaci\u00f3n calidad-precio competitiva. \u00bfTiene curiosidad por un precio concreto? P\u00f3ngase en contacto con nosotros. Estaremos encantados de ayudarle a encontrar el coche de empresa ideal.<\/p>\n<h2>Leasing o compra de un Opel Movano: \u00bfcu\u00e1l es la mejor opci\u00f3n?<\/h2>\n<p>\u00bfSab\u00edas que en Van den Hurk tienes varias opciones de pago? Adem\u00e1s de comprar un coche de empresa, tambi\u00e9n puedes optar por <a href=\"https:\/\/www.vdhurk.nl\/es\/arrendamiento-financiero\/\">arrendamiento financiero<\/a>. Con esta opci\u00f3n flexible, pagas una cantidad fija al mes. \u00bfSe acaba el contrato? Entonces usted es el propietario total. Un arrendamiento financiero es perfecto si quieres hacer crecer tu negocio sin invertir una gran cantidad de inmediato. De ese modo, conservas margen financiero para otros gastos importantes.<\/p>\n<h2>Encuentre su veh\u00edculo comercial ideal<\/h2>\n<p>\u00bfQuieres comprar un Opel Movano? \u00bfO quieres que te ayudemos a elegir? No hay problema. Nos gusta pensar junto a ti, para que siempre encuentres el veh\u00edculo comercial ideal. Contacta con nosotros para m\u00e1s detalles o consulta la gama.<\/p>\n<\/div><\/section>","protected":false},"excerpt":{"rendered":"","protected":false},"author":3,"featured_media":0,"parent":422104,"menu_order":0,"comment_status":"closed","ping_status":"closed","template":"","meta":{"_acf_changed":false,"_improvement_type_select":"improve_an_existing","_thumb_yes_seoaic":false,"_frame_yes_seoaic":false,"seoaic_generate_description":"","seoaic_improve_instructions_prompt":"","seoaic_rollback_content_improvement":"","seoaic_idea_thumbnail_generator":"","thumbnail_generated":false,"thumbnail_generate_prompt":"","seoaic_article_description":"","footnotes":""},"class_list":["post-454884","page","type-page","status-publish","hentry"],"acf":[],"yoast_head":"<!-- This site is optimized with the Yoast SEO plugin v27.5 - https:\/\/yoast.com\/product\/yoast-seo-wordpress\/ -->\n<title>Opel Movano automaat aanschaffen?<\/title>\n<meta name=\"description\" content=\"Op zoek naar een veelzijdige Opel Movano automaat? Bekijk het actuele aanbod en ontdek de voordelen van deze bedrijfswagen.\" \/>\n<meta name=\"robots\" content=\"index, follow, max-snippet:-1, max-image-preview:large, max-video-preview:-1\" \/>\n<link rel=\"canonical\" href=\"https:\/\/www.vdhurk.nl\/es\/vehiculos-comerciales-vauxhall\/movano\/maquina\/\" \/>\n<meta property=\"og:locale\" content=\"es_ES\" \/>\n<meta property=\"og:type\" content=\"article\" \/>\n<meta property=\"og:title\" content=\"Opel Movano automaat aanschaffen?\" \/>\n<meta property=\"og:description\" content=\"Op zoek naar een veelzijdige Opel Movano automaat? Bekijk het actuele aanbod en ontdek de voordelen van deze bedrijfswagen.\" \/>\n<meta property=\"og:url\" content=\"https:\/\/www.vdhurk.nl\/es\/vehiculos-comerciales-vauxhall\/movano\/maquina\/\" \/>\n<meta property=\"og:site_name\" content=\"Van den Hurk Bedrijfswagens\" \/>\n<meta property=\"article:modified_time\" content=\"2025-02-28T14:58:15+00:00\" \/>\n<meta name=\"twitter:card\" content=\"summary_large_image\" \/>\n<meta name=\"twitter:label1\" content=\"Tiempo de lectura\" \/>\n\t<meta name=\"twitter:data1\" content=\"4 minutos\" \/>\n<script type=\"application\/ld+json\" class=\"yoast-schema-graph\">{\"@context\":\"https:\\\/\\\/schema.org\",\"@graph\":[{\"@type\":\"WebPage\",\"@id\":\"https:\\\/\\\/www.vdhurk.nl\\\/opel-bedrijfswagens\\\/movano\\\/automaat\\\/\",\"url\":\"https:\\\/\\\/www.vdhurk.nl\\\/opel-bedrijfswagens\\\/movano\\\/automaat\\\/\",\"name\":\"Opel Movano automaat aanschaffen?\",\"isPartOf\":{\"@id\":\"https:\\\/\\\/www.vdhurk.nl\\\/#website\"},\"datePublished\":\"2025-02-28T14:22:27+00:00\",\"dateModified\":\"2025-02-28T14:58:15+00:00\",\"description\":\"Op zoek naar een veelzijdige Opel Movano automaat? Bekijk het actuele aanbod en ontdek de voordelen van deze bedrijfswagen.\",\"breadcrumb\":{\"@id\":\"https:\\\/\\\/www.vdhurk.nl\\\/opel-bedrijfswagens\\\/movano\\\/automaat\\\/#breadcrumb\"},\"inLanguage\":\"es\",\"potentialAction\":[{\"@type\":\"ReadAction\",\"target\":[\"https:\\\/\\\/www.vdhurk.nl\\\/opel-bedrijfswagens\\\/movano\\\/automaat\\\/\"]}]},{\"@type\":\"BreadcrumbList\",\"@id\":\"https:\\\/\\\/www.vdhurk.nl\\\/opel-bedrijfswagens\\\/movano\\\/automaat\\\/#breadcrumb\",\"itemListElement\":[{\"@type\":\"ListItem\",\"position\":1,\"name\":\"Home\",\"item\":\"https:\\\/\\\/www.vdhurk.nl\\\/home\\\/\"},{\"@type\":\"ListItem\",\"position\":2,\"name\":\"Opel Bedrijfswagens\",\"item\":\"https:\\\/\\\/www.vdhurk.nl\\\/opel-bedrijfswagens\\\/\"},{\"@type\":\"ListItem\",\"position\":3,\"name\":\"Open Movano\",\"item\":\"https:\\\/\\\/www.vdhurk.nl\\\/opel-bedrijfswagens\\\/movano\\\/\"},{\"@type\":\"ListItem\",\"position\":4,\"name\":\"Opel Movano Automaat\"}]},{\"@type\":\"WebSite\",\"@id\":\"https:\\\/\\\/www.vdhurk.nl\\\/#website\",\"url\":\"https:\\\/\\\/www.vdhurk.nl\\\/\",\"name\":\"Van den Hurk Bedrijfswagens\",\"description\":\"Van den Hurk bedrijfswagens Helmond\",\"potentialAction\":[{\"@type\":\"SearchAction\",\"target\":{\"@type\":\"EntryPoint\",\"urlTemplate\":\"https:\\\/\\\/www.vdhurk.nl\\\/?s={search_term_string}\"},\"query-input\":{\"@type\":\"PropertyValueSpecification\",\"valueRequired\":true,\"valueName\":\"search_term_string\"}}],\"inLanguage\":\"es\"}]}<\/script>\n<!-- \/ Yoast SEO plugin. -->","yoast_head_json":{"title":"Comprar Vauxhall Movano transmisi\u00f3n autom\u00e1tica?","description":"\u00bfBuscas un Opel Movano autom\u00e1tico vers\u00e1til? Consulta la gama actual y descubre las ventajas de este veh\u00edculo comercial.","robots":{"index":"index","follow":"follow","max-snippet":"max-snippet:-1","max-image-preview":"max-image-preview:large","max-video-preview":"max-video-preview:-1"},"canonical":"https:\/\/www.vdhurk.nl\/es\/vehiculos-comerciales-vauxhall\/movano\/maquina\/","og_locale":"es_ES","og_type":"article","og_title":"Opel Movano automaat aanschaffen?","og_description":"Op zoek naar een veelzijdige Opel Movano automaat? Bekijk het actuele aanbod en ontdek de voordelen van deze bedrijfswagen.","og_url":"https:\/\/www.vdhurk.nl\/es\/vehiculos-comerciales-vauxhall\/movano\/maquina\/","og_site_name":"Van den Hurk Bedrijfswagens","article_modified_time":"2025-02-28T14:58:15+00:00","twitter_card":"summary_large_image","twitter_misc":{"Tiempo de lectura":"4 minutos"},"schema":{"@context":"https:\/\/schema.org","@graph":[{"@type":"WebPage","@id":"https:\/\/www.vdhurk.nl\/opel-bedrijfswagens\/movano\/automaat\/","url":"https:\/\/www.vdhurk.nl\/opel-bedrijfswagens\/movano\/automaat\/","name":"Comprar Vauxhall Movano transmisi\u00f3n autom\u00e1tica?","isPartOf":{"@id":"https:\/\/www.vdhurk.nl\/#website"},"datePublished":"2025-02-28T14:22:27+00:00","dateModified":"2025-02-28T14:58:15+00:00","description":"\u00bfBuscas un Opel Movano autom\u00e1tico vers\u00e1til? Consulta la gama actual y descubre las ventajas de este veh\u00edculo comercial.","breadcrumb":{"@id":"https:\/\/www.vdhurk.nl\/opel-bedrijfswagens\/movano\/automaat\/#breadcrumb"},"inLanguage":"es","potentialAction":[{"@type":"ReadAction","target":["https:\/\/www.vdhurk.nl\/opel-bedrijfswagens\/movano\/automaat\/"]}]},{"@type":"BreadcrumbList","@id":"https:\/\/www.vdhurk.nl\/opel-bedrijfswagens\/movano\/automaat\/#breadcrumb","itemListElement":[{"@type":"ListItem","position":1,"name":"Home","item":"https:\/\/www.vdhurk.nl\/home\/"},{"@type":"ListItem","position":2,"name":"Opel Bedrijfswagens","item":"https:\/\/www.vdhurk.nl\/opel-bedrijfswagens\/"},{"@type":"ListItem","position":3,"name":"Open Movano","item":"https:\/\/www.vdhurk.nl\/opel-bedrijfswagens\/movano\/"},{"@type":"ListItem","position":4,"name":"Opel Movano Automaat"}]},{"@type":"WebSite","@id":"https:\/\/www.vdhurk.nl\/#website","url":"https:\/\/www.vdhurk.nl\/","name":"Veh\u00edculos comerciales Van den Hurk","description":"Van den Hurk veh\u00edculos comerciales Helmond","potentialAction":[{"@type":"SearchAction","target":{"@type":"EntryPoint","urlTemplate":"https:\/\/www.vdhurk.nl\/?s={search_term_string}"},"query-input":{"@type":"PropertyValueSpecification","valueRequired":true,"valueName":"search_term_string"}}],"inLanguage":"es"}]}},"_links":{"self":[{"href":"https:\/\/www.vdhurk.nl\/es\/wp-json\/wp\/v2\/pages\/454884","targetHints":{"allow":["GET"]}}],"collection":[{"href":"https:\/\/www.vdhurk.nl\/es\/wp-json\/wp\/v2\/pages"}],"about":[{"href":"https:\/\/www.vdhurk.nl\/es\/wp-json\/wp\/v2\/types\/page"}],"author":[{"embeddable":true,"href":"https:\/\/www.vdhurk.nl\/es\/wp-json\/wp\/v2\/users\/3"}],"replies":[{"embeddable":true,"href":"https:\/\/www.vdhurk.nl\/es\/wp-json\/wp\/v2\/comments?post=454884"}],"version-history":[{"count":5,"href":"https:\/\/www.vdhurk.nl\/es\/wp-json\/wp\/v2\/pages\/454884\/revisions"}],"predecessor-version":[{"id":454904,"href":"https:\/\/www.vdhurk.nl\/es\/wp-json\/wp\/v2\/pages\/454884\/revisions\/454904"}],"up":[{"embeddable":true,"href":"https:\/\/www.vdhurk.nl\/es\/wp-json\/wp\/v2\/pages\/422104"}],"wp:attachment":[{"href":"https:\/\/www.vdhurk.nl\/es\/wp-json\/wp\/v2\/media?parent=454884"}],"curies":[{"name":"wp","href":"https:\/\/api.w.org\/{rel}","templated":true}]}}