{"id":442876,"date":"2025-02-06T17:15:21","date_gmt":"2025-02-06T16:15:21","guid":{"rendered":"https:\/\/www.vdhurk.nl\/?page_id=442876"},"modified":"2025-02-06T17:15:21","modified_gmt":"2025-02-06T16:15:21","slug":"maquina","status":"publish","type":"page","link":"https:\/\/www.vdhurk.nl\/es\/mercedes-bedrijfswagens\/sprinter\/automaat\/","title":{"rendered":"Mercedes Sprinter Autom\u00e1tico"},"content":{"rendered":"<section  class='av_textblock_section av-lu8gnh7d-4ac895489941e586c1d7c8cb72318135'  itemscope=\"itemscope\" itemtype=\"https:\/\/schema.org\/CreativeWork\" ><div class='avia_textblock'  itemprop=\"text\" ><h1>Descubra la transmisi\u00f3n autom\u00e1tica de Mercedes Sprinter<\/h1>\n<p>\u00bfYa no le apetece cambiar de marcha? Opte por la comodidad y el confort con el Mercedes Sprinter autom\u00e1tico. Estos populares veh\u00edculos comerciales son los favoritos de los usuarios de negocios gracias a su fiabilidad, confort y amplia capacidad de carga. La Sprinter se adapta sin esfuerzo a sus necesidades. Descubra las ventajas y experimente por s\u00ed mismo por qu\u00e9 tantas empresas eligen la Sprinter.<\/p>\n<\/div><\/section>\n\n<style type=\"text\/css\" data-created_by=\"avia_inline_auto\" id=\"style-css-av-lujjddpd-afa3d7a9eabd61123e643ed1228e781e\">\n#top .hr.hr-invisible.av-lujjddpd-afa3d7a9eabd61123e643ed1228e781e{\nheight:50px;\n}\n<\/style>\n<div  class='hr av-lujjddpd-afa3d7a9eabd61123e643ed1228e781e hr-invisible  avia-builder-el-1  el_after_av_textblock  el_before_av_codeblock'><span class='hr-inner'><span class=\"hr-inner-style\"><\/span><\/span><\/div>\n\n\n<style type=\"text\/css\" data-created_by=\"avia_inline_auto\" id=\"style-css-av-o1d5-cf77288da24053faf1b6ffbefcfc6222\">\n#top .hr.hr-invisible.av-o1d5-cf77288da24053faf1b6ffbefcfc6222{\nheight:50px;\n}\n<\/style>\n<div  class='hr av-o1d5-cf77288da24053faf1b6ffbefcfc6222 hr-invisible  avia-builder-el-3  el_after_av_codeblock  el_before_av_textblock'><span class='hr-inner'><span class=\"hr-inner-style\"><\/span><\/span><\/div>\n<section  class='av_textblock_section av-lu8gow1e-300853e458ed741bd87d6cb78e55cc7a'  itemscope=\"itemscope\" itemtype=\"https:\/\/schema.org\/CreativeWork\" ><div class='avia_textblock'  itemprop=\"text\" ><h2>Las ventajas de un sistema autom\u00e1tico<\/h2>\n<p>Cada vez m\u00e1s empresas se pasan al cambio autom\u00e1tico, y con raz\u00f3n. Al fin y al cabo, una caja de cambios autom\u00e1tica ofrece un confort de conducci\u00f3n \u00f3ptimo: no tienes que embragar ni cambiar de marcha t\u00fa mismo. Esto es especialmente agradable en situaciones de tr\u00e1fico denso, como los atascos. Un cambio autom\u00e1tico tambi\u00e9n contribuye a una mayor seguridad, porque puedes concentrarte totalmente en la carretera y es menos probable que te distraigas cambiando de marcha. Los autom\u00e1ticos modernos tambi\u00e9n son m\u00e1s eficientes: cambian de marcha con m\u00e1s rapidez y suavidad que las transmisiones manuales. Esto no s\u00f3lo aumenta la comodidad de conducci\u00f3n, sino que tambi\u00e9n ahorra combustible. Para las empresas, esto significa una opci\u00f3n pr\u00e1ctica y econ\u00f3mica que combina comodidad y eficiencia.<\/p>\n<\/div><\/section>\n<div class='flex_column av-f64w1-da126f42b61613402309283c14245a25 av_one_half  avia-builder-el-5  el_after_av_textblock  el_before_av_one_third  first flex_column_div column-top-margin'   ><section  class='av_textblock_section av-lu8gpqre-73cc2c17e6a6497ba6e1b58af22bd9e8'  itemscope=\"itemscope\" itemtype=\"https:\/\/schema.org\/CreativeWork\" ><div class='avia_textblock'  itemprop=\"text\" ><h2>\u00bfPor qu\u00e9 elegir un Mercedes Sprinter?<\/h2>\n<p>Los modelos Sprinter de Mercedes son conocidos por su calidad, versatilidad y fiabilidad. Este veh\u00edculo comercial est\u00e1 dise\u00f1ado pensando en el confort y la facilidad de uso, haciendo que cada viaje sea placentero. Los asientos ergon\u00f3micos ofrecen un excelente confort de asiento, ideal para largas jornadas de trabajo en carretera. Adem\u00e1s, la Sprinter est\u00e1 disponible en varias versiones, incluyendo diferentes a\u00f1os de fabricaci\u00f3n y kilometrajes. Tanto si busca una amplia capacidad de carga, tecnolog\u00eda moderna o un modelo compacto, siempre hay una Sprinter que se adapta perfectamente a sus necesidades empresariales.<\/p>\n<\/div><\/section><\/div><div class='flex_column av-aldk9-ee694297f5c4032981677a02caab84d6 av_one_third  avia-builder-el-7  el_after_av_one_half  el_before_av_hr  flex_column_div column-top-margin'   ><style type=\"text\/css\" data-created_by=\"avia_inline_auto\" id=\"style-css-av-l1w9kpsf-4ec3fab772ec7a9adaa33cfc64ff0475\">\n.avia-image-container.av-l1w9kpsf-4ec3fab772ec7a9adaa33cfc64ff0475 .av-image-caption-overlay-center{\ncolor:#ffffff;\n}\n<\/style>\n<div  class='avia-image-container av-l1w9kpsf-4ec3fab772ec7a9adaa33cfc64ff0475 av-styling- avia-align-center  avia-builder-el-8  avia-builder-el-no-sibling'  itemprop=\"image\" itemscope=\"itemscope\" itemtype=\"https:\/\/schema.org\/ImageObject\" ><div class=\"avia-image-container-inner\"><div class=\"avia-image-overlay-wrap\"><img decoding=\"async\" class='wp-image-187 avia-img-lazy-loading-not-187 avia_image' src=\"https:\/\/www.vdhurk.nl\/wp-content\/uploads\/2022\/03\/Voorrad.png\" alt='' title='Stock'  height=\"758\" width=\"1135\"  itemprop=\"thumbnailUrl\" srcset=\"https:\/\/www.vdhurk.nl\/wp-content\/uploads\/2022\/03\/Voorrad.png 1135w, https:\/\/www.vdhurk.nl\/wp-content\/uploads\/2022\/03\/Voorrad-300x200.png 300w, https:\/\/www.vdhurk.nl\/wp-content\/uploads\/2022\/03\/Voorrad-1030x688.png 1030w, https:\/\/www.vdhurk.nl\/wp-content\/uploads\/2022\/03\/Voorrad-768x513.png 768w, https:\/\/www.vdhurk.nl\/wp-content\/uploads\/2022\/03\/Voorrad-18x12.png 18w, https:\/\/www.vdhurk.nl\/wp-content\/uploads\/2022\/03\/Voorrad-705x471.png 705w\" sizes=\"(max-width: 1135px) 100vw, 1135px\" \/><\/div><\/div><\/div><\/div><\/p>\n\n<style type=\"text\/css\" data-created_by=\"avia_inline_auto\" id=\"style-css-av-luqrjpjc-5a23a1fb5f94718ca85316a9df963e2f\">\n#top .hr.hr-invisible.av-luqrjpjc-5a23a1fb5f94718ca85316a9df963e2f{\nheight:50px;\n}\n<\/style>\n<div  class='hr av-luqrjpjc-5a23a1fb5f94718ca85316a9df963e2f hr-invisible  avia-builder-el-9  el_after_av_one_third  el_before_av_textblock'><span class='hr-inner'><span class=\"hr-inner-style\"><\/span><\/span><\/div>\n<section  class='av_textblock_section av-lu8gtjw7-4f3cee9304909518d86d2860d9d582dd'  itemscope=\"itemscope\" itemtype=\"https:\/\/schema.org\/CreativeWork\" ><div class='avia_textblock'  itemprop=\"text\" ><h2>\u00bfComprar o alquilar un Mercedes Sprinter?<\/h2>\n<p>En Van den Hurk ofrecemos opciones de financiaci\u00f3n flexibles que se adaptan a las necesidades de su negocio. \u00bfQuiere convertirse en propietario de inmediato? Entonces elige la opci\u00f3n de comprar un coche de empresa. \u00bfPrefiere escalonar el pago en lugar de pagarlo todo de una vez? Entonces nuestro <a href=\"https:\/\/www.vdhurk.nl\/es\/arrendamiento-financiero\/\">arrendamiento financiero<\/a> la soluci\u00f3n ideal. Este tipo de leasing est\u00e1 especialmente dise\u00f1ado para empresas que valoran la seguridad y la comodidad financiera. El leasing de una Mercedes Sprinter implica unos costes mensuales fijos, al tiempo que puede utilizar su Mercedes Sprinter de inmediato.<\/p>\n<h2>Encuentre su veh\u00edculo comercial ideal<\/h2>\n<p>Tanto si elige un Mercedes Sprinter usado como nuevo, siempre tendr\u00e1 la garant\u00eda de la m\u00e1xima calidad. Con un cambio autom\u00e1tico se beneficiar\u00e1 adem\u00e1s de un mayor confort y comodidad en cada viaje. Como concesionario experimentado de Mercedes Sprinter, estamos preparados para informarle y asesorarle, para que pueda elegir el veh\u00edculo comercial perfecto con confianza. P\u00f3ngase en contacto con nosotros y descubra lo que la Sprinter puede hacer por su empresa.<\/p>\n<\/div><\/section>","protected":false},"excerpt":{"rendered":"","protected":false},"author":3,"featured_media":0,"parent":393273,"menu_order":0,"comment_status":"closed","ping_status":"closed","template":"","meta":{"_acf_changed":false,"_improvement_type_select":"improve_an_existing","_thumb_yes_seoaic":false,"_frame_yes_seoaic":false,"seoaic_generate_description":"","seoaic_improve_instructions_prompt":"","seoaic_rollback_content_improvement":"","seoaic_idea_thumbnail_generator":"","thumbnail_generated":false,"thumbnail_generate_prompt":"","seoaic_article_description":"","footnotes":""},"class_list":["post-442876","page","type-page","status-publish","hentry"],"acf":[],"yoast_head":"<!-- This site is optimized with the Yoast SEO plugin v27.5 - https:\/\/yoast.com\/product\/yoast-seo-wordpress\/ -->\n<title>Op zoek naar een Mercedes Sprinter automaat?<\/title>\n<meta name=\"description\" content=\"Ontdek de betrouwbare Mercedes Sprinter automaat. Perfect voor zakelijk gebruik met ultiem rijcomfort, ruime laadruimte en moderne technologie.\" \/>\n<meta name=\"robots\" content=\"index, follow, max-snippet:-1, max-image-preview:large, max-video-preview:-1\" \/>\n<link rel=\"canonical\" href=\"https:\/\/www.vdhurk.nl\/es\/mercedes-9\/velocista\/maquina\/\" \/>\n<meta property=\"og:locale\" content=\"es_ES\" \/>\n<meta property=\"og:type\" content=\"article\" \/>\n<meta property=\"og:title\" content=\"Op zoek naar een Mercedes Sprinter automaat?\" \/>\n<meta property=\"og:description\" content=\"Ontdek de betrouwbare Mercedes Sprinter automaat. Perfect voor zakelijk gebruik met ultiem rijcomfort, ruime laadruimte en moderne technologie.\" \/>\n<meta property=\"og:url\" content=\"https:\/\/www.vdhurk.nl\/es\/mercedes-9\/velocista\/maquina\/\" \/>\n<meta property=\"og:site_name\" content=\"Van den Hurk Bedrijfswagens\" \/>\n<meta name=\"twitter:card\" content=\"summary_large_image\" \/>\n<meta name=\"twitter:label1\" content=\"Tiempo de lectura\" \/>\n\t<meta name=\"twitter:data1\" content=\"4 minutos\" \/>\n<script type=\"application\/ld+json\" class=\"yoast-schema-graph\">{\"@context\":\"https:\\\/\\\/schema.org\",\"@graph\":[{\"@type\":\"WebPage\",\"@id\":\"https:\\\/\\\/www.vdhurk.nl\\\/mercedes-bedrijfswagens\\\/sprinter\\\/automaat\\\/\",\"url\":\"https:\\\/\\\/www.vdhurk.nl\\\/mercedes-bedrijfswagens\\\/sprinter\\\/automaat\\\/\",\"name\":\"Op zoek naar een Mercedes Sprinter automaat?\",\"isPartOf\":{\"@id\":\"https:\\\/\\\/www.vdhurk.nl\\\/#website\"},\"datePublished\":\"2025-02-06T16:15:21+00:00\",\"description\":\"Ontdek de betrouwbare Mercedes Sprinter automaat. Perfect voor zakelijk gebruik met ultiem rijcomfort, ruime laadruimte en moderne technologie.\",\"breadcrumb\":{\"@id\":\"https:\\\/\\\/www.vdhurk.nl\\\/mercedes-bedrijfswagens\\\/sprinter\\\/automaat\\\/#breadcrumb\"},\"inLanguage\":\"es\",\"potentialAction\":[{\"@type\":\"ReadAction\",\"target\":[\"https:\\\/\\\/www.vdhurk.nl\\\/mercedes-bedrijfswagens\\\/sprinter\\\/automaat\\\/\"]}]},{\"@type\":\"BreadcrumbList\",\"@id\":\"https:\\\/\\\/www.vdhurk.nl\\\/mercedes-bedrijfswagens\\\/sprinter\\\/automaat\\\/#breadcrumb\",\"itemListElement\":[{\"@type\":\"ListItem\",\"position\":1,\"name\":\"Home\",\"item\":\"https:\\\/\\\/www.vdhurk.nl\\\/home\\\/\"},{\"@type\":\"ListItem\",\"position\":2,\"name\":\"Mercedes Bedrijfswagens\",\"item\":\"https:\\\/\\\/www.vdhurk.nl\\\/mercedes-bedrijfswagens\\\/\"},{\"@type\":\"ListItem\",\"position\":3,\"name\":\"Mercedes Sprinter\",\"item\":\"https:\\\/\\\/www.vdhurk.nl\\\/mercedes-bedrijfswagens\\\/sprinter\\\/\"},{\"@type\":\"ListItem\",\"position\":4,\"name\":\"Mercedes Sprinter Automaat\"}]},{\"@type\":\"WebSite\",\"@id\":\"https:\\\/\\\/www.vdhurk.nl\\\/#website\",\"url\":\"https:\\\/\\\/www.vdhurk.nl\\\/\",\"name\":\"Van den Hurk Bedrijfswagens\",\"description\":\"Van den Hurk bedrijfswagens Helmond\",\"potentialAction\":[{\"@type\":\"SearchAction\",\"target\":{\"@type\":\"EntryPoint\",\"urlTemplate\":\"https:\\\/\\\/www.vdhurk.nl\\\/?s={search_term_string}\"},\"query-input\":{\"@type\":\"PropertyValueSpecification\",\"valueRequired\":true,\"valueName\":\"search_term_string\"}}],\"inLanguage\":\"es\"}]}<\/script>\n<!-- \/ Yoast SEO plugin. -->","yoast_head_json":{"title":"\u00bfBusca un Mercedes Sprinter autom\u00e1tico?","description":"Descubra la fiable Mercedes Sprinter autom\u00e1tica. Perfecta para uso profesional con el m\u00e1ximo confort de conducci\u00f3n, amplio espacio de carga y moderna tecnolog\u00eda.","robots":{"index":"index","follow":"follow","max-snippet":"max-snippet:-1","max-image-preview":"max-image-preview:large","max-video-preview":"max-video-preview:-1"},"canonical":"https:\/\/www.vdhurk.nl\/es\/mercedes-9\/velocista\/maquina\/","og_locale":"es_ES","og_type":"article","og_title":"Op zoek naar een Mercedes Sprinter automaat?","og_description":"Ontdek de betrouwbare Mercedes Sprinter automaat. Perfect voor zakelijk gebruik met ultiem rijcomfort, ruime laadruimte en moderne technologie.","og_url":"https:\/\/www.vdhurk.nl\/es\/mercedes-9\/velocista\/maquina\/","og_site_name":"Van den Hurk Bedrijfswagens","twitter_card":"summary_large_image","twitter_misc":{"Tiempo de lectura":"4 minutos"},"schema":{"@context":"https:\/\/schema.org","@graph":[{"@type":"WebPage","@id":"https:\/\/www.vdhurk.nl\/mercedes-bedrijfswagens\/sprinter\/automaat\/","url":"https:\/\/www.vdhurk.nl\/mercedes-bedrijfswagens\/sprinter\/automaat\/","name":"\u00bfBusca un Mercedes Sprinter autom\u00e1tico?","isPartOf":{"@id":"https:\/\/www.vdhurk.nl\/#website"},"datePublished":"2025-02-06T16:15:21+00:00","description":"Descubra la fiable Mercedes Sprinter autom\u00e1tica. Perfecta para uso profesional con el m\u00e1ximo confort de conducci\u00f3n, amplio espacio de carga y moderna tecnolog\u00eda.","breadcrumb":{"@id":"https:\/\/www.vdhurk.nl\/mercedes-bedrijfswagens\/sprinter\/automaat\/#breadcrumb"},"inLanguage":"es","potentialAction":[{"@type":"ReadAction","target":["https:\/\/www.vdhurk.nl\/mercedes-bedrijfswagens\/sprinter\/automaat\/"]}]},{"@type":"BreadcrumbList","@id":"https:\/\/www.vdhurk.nl\/mercedes-bedrijfswagens\/sprinter\/automaat\/#breadcrumb","itemListElement":[{"@type":"ListItem","position":1,"name":"Home","item":"https:\/\/www.vdhurk.nl\/home\/"},{"@type":"ListItem","position":2,"name":"Mercedes Bedrijfswagens","item":"https:\/\/www.vdhurk.nl\/mercedes-bedrijfswagens\/"},{"@type":"ListItem","position":3,"name":"Mercedes Sprinter","item":"https:\/\/www.vdhurk.nl\/mercedes-bedrijfswagens\/sprinter\/"},{"@type":"ListItem","position":4,"name":"Mercedes Sprinter Automaat"}]},{"@type":"WebSite","@id":"https:\/\/www.vdhurk.nl\/#website","url":"https:\/\/www.vdhurk.nl\/","name":"Veh\u00edculos comerciales Van den Hurk","description":"Van den Hurk veh\u00edculos comerciales Helmond","potentialAction":[{"@type":"SearchAction","target":{"@type":"EntryPoint","urlTemplate":"https:\/\/www.vdhurk.nl\/?s={search_term_string}"},"query-input":{"@type":"PropertyValueSpecification","valueRequired":true,"valueName":"search_term_string"}}],"inLanguage":"es"}]}},"_links":{"self":[{"href":"https:\/\/www.vdhurk.nl\/es\/wp-json\/wp\/v2\/pages\/442876","targetHints":{"allow":["GET"]}}],"collection":[{"href":"https:\/\/www.vdhurk.nl\/es\/wp-json\/wp\/v2\/pages"}],"about":[{"href":"https:\/\/www.vdhurk.nl\/es\/wp-json\/wp\/v2\/types\/page"}],"author":[{"embeddable":true,"href":"https:\/\/www.vdhurk.nl\/es\/wp-json\/wp\/v2\/users\/3"}],"replies":[{"embeddable":true,"href":"https:\/\/www.vdhurk.nl\/es\/wp-json\/wp\/v2\/comments?post=442876"}],"version-history":[{"count":5,"href":"https:\/\/www.vdhurk.nl\/es\/wp-json\/wp\/v2\/pages\/442876\/revisions"}],"predecessor-version":[{"id":442901,"href":"https:\/\/www.vdhurk.nl\/es\/wp-json\/wp\/v2\/pages\/442876\/revisions\/442901"}],"up":[{"embeddable":true,"href":"https:\/\/www.vdhurk.nl\/es\/wp-json\/wp\/v2\/pages\/393273"}],"wp:attachment":[{"href":"https:\/\/www.vdhurk.nl\/es\/wp-json\/wp\/v2\/media?parent=442876"}],"curies":[{"name":"wp","href":"https:\/\/api.w.org\/{rel}","templated":true}]}}