{"id":442871,"date":"2025-02-06T17:10:19","date_gmt":"2025-02-06T16:10:19","guid":{"rendered":"https:\/\/www.vdhurk.nl\/?page_id=442871"},"modified":"2025-02-06T17:10:19","modified_gmt":"2025-02-06T16:10:19","slug":"maquina","status":"publish","type":"page","link":"https:\/\/www.vdhurk.nl\/es\/mercedes-bedrijfswagens\/citan\/automaat\/","title":{"rendered":"Mercedes Citan Autom\u00e1tica"},"content":{"rendered":"<section  class='av_textblock_section av-lu8gnh7d-4ac895489941e586c1d7c8cb72318135'  itemscope=\"itemscope\" itemtype=\"https:\/\/schema.org\/CreativeWork\" ><div class='avia_textblock'  itemprop=\"text\" ><h1>\u00bfComprar Mercedes Citan autom\u00e1tica?<\/h1>\n<p>\u00bfLe resulta inc\u00f3modo cambiar de marcha? La Mercedes Citan autom\u00e1tica ofrece la soluci\u00f3n perfecta. Este veh\u00edculo comercial compacto pero vers\u00e1til combina sin esfuerzo confort y prestaciones. Ideal para empresarios que necesitan un veh\u00edculo comercial fiable en tr\u00e1fico intenso. Lea m\u00e1s sobre las especificaciones y ventajas y descubra por qu\u00e9 la Mercedes Citan autom\u00e1tica es tan popular.<\/p>\n<\/div><\/section>\n\n<style type=\"text\/css\" data-created_by=\"avia_inline_auto\" id=\"style-css-av-lujjddpd-afa3d7a9eabd61123e643ed1228e781e\">\n#top .hr.hr-invisible.av-lujjddpd-afa3d7a9eabd61123e643ed1228e781e{\nheight:50px;\n}\n<\/style>\n<div  class='hr av-lujjddpd-afa3d7a9eabd61123e643ed1228e781e hr-invisible  avia-builder-el-1  el_after_av_textblock  el_before_av_codeblock'><span class='hr-inner'><span class=\"hr-inner-style\"><\/span><\/span><\/div>\n\n\n<style type=\"text\/css\" data-created_by=\"avia_inline_auto\" id=\"style-css-av-ah0xd-63338d9dc6b40410e22a712829c369d6\">\n#top .hr.hr-invisible.av-ah0xd-63338d9dc6b40410e22a712829c369d6{\nheight:50px;\n}\n<\/style>\n<div  class='hr av-ah0xd-63338d9dc6b40410e22a712829c369d6 hr-invisible  avia-builder-el-3  el_after_av_codeblock  el_before_av_textblock'><span class='hr-inner'><span class=\"hr-inner-style\"><\/span><\/span><\/div>\n<section  class='av_textblock_section av-lu8gow1e-300853e458ed741bd87d6cb78e55cc7a'  itemscope=\"itemscope\" itemtype=\"https:\/\/schema.org\/CreativeWork\" ><div class='avia_textblock'  itemprop=\"text\" ><h2>Las ventajas de un sistema autom\u00e1tico<\/h2>\n<p>Cada vez son m\u00e1s las empresas que optan por un coche de empresa con transmisi\u00f3n autom\u00e1tica, y con raz\u00f3n. Al fin y al cabo, un autom\u00e1tico ofrece varias ventajas que se adaptan perfectamente a las necesidades de las empresas. Por ejemplo, muchos conductores experimentan una mayor comodidad y facilidad de uso, ya que no es necesario cambiar de marcha. Esto hace que una caja de cambios autom\u00e1tica sea ideal para el tr\u00e1fico denso, como los atascos. Adem\u00e1s, uno puede concentrarse plenamente en la carretera, mientras el coche circula con facilidad y no puede desconectarse como un coche con cambio de marchas. Gracias a estas ventajas, los modelos Mercedes Citan son una elecci\u00f3n inteligente y fiable para su negocio.<\/p>\n<\/div><\/section>\n<div class='flex_column av-f64w1-da126f42b61613402309283c14245a25 av_one_half  avia-builder-el-5  el_after_av_textblock  el_before_av_one_third  first flex_column_div column-top-margin'   ><section  class='av_textblock_section av-lu8gpqre-73cc2c17e6a6497ba6e1b58af22bd9e8'  itemscope=\"itemscope\" itemtype=\"https:\/\/schema.org\/CreativeWork\" ><div class='avia_textblock'  itemprop=\"text\" ><h2>\u00bfPor qu\u00e9 elegir la Mercedes Citan autom\u00e1tica?<\/h2>\n<p>La Mercedes Citan destaca como un veh\u00edculo comercial \u00fanico gracias a su versatilidad y dise\u00f1o inteligente. Lo que hace popular a este veh\u00edculo comercial es su buen equilibrio entre robustez y confort. La Citan no s\u00f3lo ofrece una impresionante capacidad de carga y un interior personalizable, sino que combina todo ello con la fiabilidad por la que es conocida Mercedes-Benz. Adem\u00e1s, su eficiencia de combustible reduce los costes operativos, por lo que es ideal para empresas que recorren distancias cortas y largas. Estas caracter\u00edsticas \u00fanicas hacen de la Mercedes Citan un socio indispensable para las empresas.<\/p>\n<\/div><\/section><\/div><div class='flex_column av-aldk9-ee694297f5c4032981677a02caab84d6 av_one_third  avia-builder-el-7  el_after_av_one_half  el_before_av_hr  flex_column_div column-top-margin'   ><style type=\"text\/css\" data-created_by=\"avia_inline_auto\" id=\"style-css-av-l1w9kpsf-4ec3fab772ec7a9adaa33cfc64ff0475\">\n.avia-image-container.av-l1w9kpsf-4ec3fab772ec7a9adaa33cfc64ff0475 .av-image-caption-overlay-center{\ncolor:#ffffff;\n}\n<\/style>\n<div  class='avia-image-container av-l1w9kpsf-4ec3fab772ec7a9adaa33cfc64ff0475 av-styling- avia-align-center  avia-builder-el-8  avia-builder-el-no-sibling'  itemprop=\"image\" itemscope=\"itemscope\" itemtype=\"https:\/\/schema.org\/ImageObject\" ><div class=\"avia-image-container-inner\"><div class=\"avia-image-overlay-wrap\"><img decoding=\"async\" class='wp-image-187 avia-img-lazy-loading-not-187 avia_image' src=\"https:\/\/www.vdhurk.nl\/wp-content\/uploads\/2022\/03\/Voorrad.png\" alt='' title='Stock'  height=\"758\" width=\"1135\"  itemprop=\"thumbnailUrl\" srcset=\"https:\/\/www.vdhurk.nl\/wp-content\/uploads\/2022\/03\/Voorrad.png 1135w, https:\/\/www.vdhurk.nl\/wp-content\/uploads\/2022\/03\/Voorrad-300x200.png 300w, https:\/\/www.vdhurk.nl\/wp-content\/uploads\/2022\/03\/Voorrad-1030x688.png 1030w, https:\/\/www.vdhurk.nl\/wp-content\/uploads\/2022\/03\/Voorrad-768x513.png 768w, https:\/\/www.vdhurk.nl\/wp-content\/uploads\/2022\/03\/Voorrad-18x12.png 18w, https:\/\/www.vdhurk.nl\/wp-content\/uploads\/2022\/03\/Voorrad-705x471.png 705w\" sizes=\"(max-width: 1135px) 100vw, 1135px\" \/><\/div><\/div><\/div><\/div><\/p>\n\n<style type=\"text\/css\" data-created_by=\"avia_inline_auto\" id=\"style-css-av-luqrjpjc-5a23a1fb5f94718ca85316a9df963e2f\">\n#top .hr.hr-invisible.av-luqrjpjc-5a23a1fb5f94718ca85316a9df963e2f{\nheight:50px;\n}\n<\/style>\n<div  class='hr av-luqrjpjc-5a23a1fb5f94718ca85316a9df963e2f hr-invisible  avia-builder-el-9  el_after_av_one_third  el_before_av_textblock'><span class='hr-inner'><span class=\"hr-inner-style\"><\/span><\/span><\/div>\n<section  class='av_textblock_section av-lu8gtjw7-4f3cee9304909518d86d2860d9d582dd'  itemscope=\"itemscope\" itemtype=\"https:\/\/schema.org\/CreativeWork\" ><div class='avia_textblock'  itemprop=\"text\" ><h2>\u00bfLeasing de una Mercedes Citan?<\/h2>\n<p>Elegir el coche de empresa adecuado es un paso importante para su empresa. En Van den Hurk, tiene la opci\u00f3n de elegir el arrendamiento financiero. Con esta opci\u00f3n, te beneficias de unos costes mensuales fijos sin tener que hacer una gran inversi\u00f3n de una sola vez. Esto no s\u00f3lo ofrece m\u00e1s seguridad financiera, sino tambi\u00e9n ventajas como la flexibilidad. Adem\u00e1s, no tiene que preocuparse por la depreciaci\u00f3n inmediata. Para los que prefieren la propiedad inmediata, tambi\u00e9n existe la opci\u00f3n de comprar una Mercedes Vito de una sola vez. La opci\u00f3n que mejor se adapte a su negocio depender\u00e1 de sus necesidades. \u00bfTienes curiosidad por conocer las opciones? M\u00e1s informaci\u00f3n <a href=\"https:\/\/www.vdhurk.nl\/es\/arrendamiento-financiero\/\">arrendamiento financiero<\/a> o compra directa y encuentre la soluci\u00f3n perfecta para su negocio.<\/p>\n<h2>\u00bfEn qu\u00e9 gama de precios se sit\u00faa la Mercedes Citan autom\u00e1tica?<\/h2>\n<p>El precio de una Mercedes Citan depende de la versi\u00f3n y las especificaciones elegidas. Cada empresa tiene diferentes deseos y necesidades, y este modelo ofrece muchas opciones para satisfacerlos. Tanto si opta por una versi\u00f3n b\u00e1sica como por un modelo m\u00e1s lujoso con opciones adicionales, con Mercedes-Benz siempre podr\u00e1 contar con una buena relaci\u00f3n calidad-precio. \u00bfQuieres saber el precio de la Mercedes Citan? P\u00f3ngase en contacto con nosotros. Estaremos encantados de informarte.<\/p>\n<h2>\u00bfTe compras una Mercedes Citan? \u00a1Echa un vistazo a la oferta!<\/h2>\n<p>\u00bfComprar una Mercedes Citan usada o nueva? Ambas opciones son posibles. Nos gustar\u00eda ayudarle a tomar la mejor decisi\u00f3n, por lo que estaremos encantados de informarle sobre nuestros veh\u00edculos comerciales. De este modo, siempre encontraremos una furgoneta que se adapte perfectamente a las necesidades de su negocio.<\/p>\n<\/div><\/section>","protected":false},"excerpt":{"rendered":"","protected":false},"author":3,"featured_media":0,"parent":397532,"menu_order":0,"comment_status":"closed","ping_status":"closed","template":"","meta":{"_acf_changed":false,"_improvement_type_select":"improve_an_existing","_thumb_yes_seoaic":false,"_frame_yes_seoaic":false,"seoaic_generate_description":"","seoaic_improve_instructions_prompt":"","seoaic_rollback_content_improvement":"","seoaic_idea_thumbnail_generator":"","thumbnail_generated":false,"thumbnail_generate_prompt":"","seoaic_article_description":"","footnotes":""},"class_list":["post-442871","page","type-page","status-publish","hentry"],"acf":[],"yoast_head":"<!-- This site is optimized with the Yoast SEO plugin v27.5 - https:\/\/yoast.com\/product\/yoast-seo-wordpress\/ -->\n<title>Mercedes Citan automaat kopen?<\/title>\n<meta name=\"description\" content=\"Op zoek naar een Mercedes Citan automaat? Bekijk ons aanbod en vind de bedrijfswagen die helemaal past bij jouw zakelijke behoeften.\" \/>\n<meta name=\"robots\" content=\"index, follow, max-snippet:-1, max-image-preview:large, max-video-preview:-1\" \/>\n<link rel=\"canonical\" href=\"https:\/\/www.vdhurk.nl\/es\/mercedes-9\/mercedes-22\/maquina\/\" \/>\n<meta property=\"og:locale\" content=\"es_ES\" \/>\n<meta property=\"og:type\" content=\"article\" \/>\n<meta property=\"og:title\" content=\"Mercedes Citan automaat kopen?\" \/>\n<meta property=\"og:description\" content=\"Op zoek naar een Mercedes Citan automaat? Bekijk ons aanbod en vind de bedrijfswagen die helemaal past bij jouw zakelijke behoeften.\" \/>\n<meta property=\"og:url\" content=\"https:\/\/www.vdhurk.nl\/es\/mercedes-9\/mercedes-22\/maquina\/\" \/>\n<meta property=\"og:site_name\" content=\"Van den Hurk Bedrijfswagens\" \/>\n<meta name=\"twitter:card\" content=\"summary_large_image\" \/>\n<meta name=\"twitter:label1\" content=\"Tiempo de lectura\" \/>\n\t<meta name=\"twitter:data1\" content=\"4 minutos\" \/>\n<script type=\"application\/ld+json\" class=\"yoast-schema-graph\">{\"@context\":\"https:\\\/\\\/schema.org\",\"@graph\":[{\"@type\":\"WebPage\",\"@id\":\"https:\\\/\\\/www.vdhurk.nl\\\/mercedes-bedrijfswagens\\\/citan\\\/automaat\\\/\",\"url\":\"https:\\\/\\\/www.vdhurk.nl\\\/mercedes-bedrijfswagens\\\/citan\\\/automaat\\\/\",\"name\":\"Mercedes Citan automaat kopen?\",\"isPartOf\":{\"@id\":\"https:\\\/\\\/www.vdhurk.nl\\\/#website\"},\"datePublished\":\"2025-02-06T16:10:19+00:00\",\"description\":\"Op zoek naar een Mercedes Citan automaat? Bekijk ons aanbod en vind de bedrijfswagen die helemaal past bij jouw zakelijke behoeften.\",\"breadcrumb\":{\"@id\":\"https:\\\/\\\/www.vdhurk.nl\\\/mercedes-bedrijfswagens\\\/citan\\\/automaat\\\/#breadcrumb\"},\"inLanguage\":\"es\",\"potentialAction\":[{\"@type\":\"ReadAction\",\"target\":[\"https:\\\/\\\/www.vdhurk.nl\\\/mercedes-bedrijfswagens\\\/citan\\\/automaat\\\/\"]}]},{\"@type\":\"BreadcrumbList\",\"@id\":\"https:\\\/\\\/www.vdhurk.nl\\\/mercedes-bedrijfswagens\\\/citan\\\/automaat\\\/#breadcrumb\",\"itemListElement\":[{\"@type\":\"ListItem\",\"position\":1,\"name\":\"Home\",\"item\":\"https:\\\/\\\/www.vdhurk.nl\\\/home\\\/\"},{\"@type\":\"ListItem\",\"position\":2,\"name\":\"Mercedes Bedrijfswagens\",\"item\":\"https:\\\/\\\/www.vdhurk.nl\\\/mercedes-bedrijfswagens\\\/\"},{\"@type\":\"ListItem\",\"position\":3,\"name\":\"Mercedes Citan\",\"item\":\"https:\\\/\\\/www.vdhurk.nl\\\/mercedes-bedrijfswagens\\\/citan\\\/\"},{\"@type\":\"ListItem\",\"position\":4,\"name\":\"Mercedes Citan Automaat\"}]},{\"@type\":\"WebSite\",\"@id\":\"https:\\\/\\\/www.vdhurk.nl\\\/#website\",\"url\":\"https:\\\/\\\/www.vdhurk.nl\\\/\",\"name\":\"Van den Hurk Bedrijfswagens\",\"description\":\"Van den Hurk bedrijfswagens Helmond\",\"potentialAction\":[{\"@type\":\"SearchAction\",\"target\":{\"@type\":\"EntryPoint\",\"urlTemplate\":\"https:\\\/\\\/www.vdhurk.nl\\\/?s={search_term_string}\"},\"query-input\":{\"@type\":\"PropertyValueSpecification\",\"valueRequired\":true,\"valueName\":\"search_term_string\"}}],\"inLanguage\":\"es\"}]}<\/script>\n<!-- \/ Yoast SEO plugin. -->","yoast_head_json":{"title":"\u00bfComprar Mercedes Citan autom\u00e1tica?","description":"\u00bfBusca una Mercedes Citan autom\u00e1tica? Echa un vistazo a nuestra gama y encuentra el veh\u00edculo comercial que se adapte completamente a las necesidades de tu negocio.","robots":{"index":"index","follow":"follow","max-snippet":"max-snippet:-1","max-image-preview":"max-image-preview:large","max-video-preview":"max-video-preview:-1"},"canonical":"https:\/\/www.vdhurk.nl\/es\/mercedes-9\/mercedes-22\/maquina\/","og_locale":"es_ES","og_type":"article","og_title":"Mercedes Citan automaat kopen?","og_description":"Op zoek naar een Mercedes Citan automaat? Bekijk ons aanbod en vind de bedrijfswagen die helemaal past bij jouw zakelijke behoeften.","og_url":"https:\/\/www.vdhurk.nl\/es\/mercedes-9\/mercedes-22\/maquina\/","og_site_name":"Van den Hurk Bedrijfswagens","twitter_card":"summary_large_image","twitter_misc":{"Tiempo de lectura":"4 minutos"},"schema":{"@context":"https:\/\/schema.org","@graph":[{"@type":"WebPage","@id":"https:\/\/www.vdhurk.nl\/mercedes-bedrijfswagens\/citan\/automaat\/","url":"https:\/\/www.vdhurk.nl\/mercedes-bedrijfswagens\/citan\/automaat\/","name":"\u00bfComprar Mercedes Citan autom\u00e1tica?","isPartOf":{"@id":"https:\/\/www.vdhurk.nl\/#website"},"datePublished":"2025-02-06T16:10:19+00:00","description":"\u00bfBusca una Mercedes Citan autom\u00e1tica? Echa un vistazo a nuestra gama y encuentra el veh\u00edculo comercial que se adapte completamente a las necesidades de tu negocio.","breadcrumb":{"@id":"https:\/\/www.vdhurk.nl\/mercedes-bedrijfswagens\/citan\/automaat\/#breadcrumb"},"inLanguage":"es","potentialAction":[{"@type":"ReadAction","target":["https:\/\/www.vdhurk.nl\/mercedes-bedrijfswagens\/citan\/automaat\/"]}]},{"@type":"BreadcrumbList","@id":"https:\/\/www.vdhurk.nl\/mercedes-bedrijfswagens\/citan\/automaat\/#breadcrumb","itemListElement":[{"@type":"ListItem","position":1,"name":"Home","item":"https:\/\/www.vdhurk.nl\/home\/"},{"@type":"ListItem","position":2,"name":"Mercedes Bedrijfswagens","item":"https:\/\/www.vdhurk.nl\/mercedes-bedrijfswagens\/"},{"@type":"ListItem","position":3,"name":"Mercedes Citan","item":"https:\/\/www.vdhurk.nl\/mercedes-bedrijfswagens\/citan\/"},{"@type":"ListItem","position":4,"name":"Mercedes Citan Automaat"}]},{"@type":"WebSite","@id":"https:\/\/www.vdhurk.nl\/#website","url":"https:\/\/www.vdhurk.nl\/","name":"Veh\u00edculos comerciales Van den Hurk","description":"Van den Hurk veh\u00edculos comerciales Helmond","potentialAction":[{"@type":"SearchAction","target":{"@type":"EntryPoint","urlTemplate":"https:\/\/www.vdhurk.nl\/?s={search_term_string}"},"query-input":{"@type":"PropertyValueSpecification","valueRequired":true,"valueName":"search_term_string"}}],"inLanguage":"es"}]}},"_links":{"self":[{"href":"https:\/\/www.vdhurk.nl\/es\/wp-json\/wp\/v2\/pages\/442871","targetHints":{"allow":["GET"]}}],"collection":[{"href":"https:\/\/www.vdhurk.nl\/es\/wp-json\/wp\/v2\/pages"}],"about":[{"href":"https:\/\/www.vdhurk.nl\/es\/wp-json\/wp\/v2\/types\/page"}],"author":[{"embeddable":true,"href":"https:\/\/www.vdhurk.nl\/es\/wp-json\/wp\/v2\/users\/3"}],"replies":[{"embeddable":true,"href":"https:\/\/www.vdhurk.nl\/es\/wp-json\/wp\/v2\/comments?post=442871"}],"version-history":[{"count":4,"href":"https:\/\/www.vdhurk.nl\/es\/wp-json\/wp\/v2\/pages\/442871\/revisions"}],"predecessor-version":[{"id":442875,"href":"https:\/\/www.vdhurk.nl\/es\/wp-json\/wp\/v2\/pages\/442871\/revisions\/442875"}],"up":[{"embeddable":true,"href":"https:\/\/www.vdhurk.nl\/es\/wp-json\/wp\/v2\/pages\/397532"}],"wp:attachment":[{"href":"https:\/\/www.vdhurk.nl\/es\/wp-json\/wp\/v2\/media?parent=442871"}],"curies":[{"name":"wp","href":"https:\/\/api.w.org\/{rel}","templated":true}]}}