{"id":442867,"date":"2025-02-06T16:55:30","date_gmt":"2025-02-06T15:55:30","guid":{"rendered":"https:\/\/www.vdhurk.nl\/?page_id=442867"},"modified":"2025-02-06T17:23:50","modified_gmt":"2025-02-06T16:23:50","slug":"maquina","status":"publish","type":"page","link":"https:\/\/www.vdhurk.nl\/es\/mercedes-bedrijfswagens\/vito\/automaat\/","title":{"rendered":"Mercedes Vito Autom\u00e1tica"},"content":{"rendered":"<section  class='av_textblock_section av-lu8gnh7d-4ac895489941e586c1d7c8cb72318135'  itemscope=\"itemscope\" itemtype=\"https:\/\/schema.org\/CreativeWork\" ><div class='avia_textblock'  itemprop=\"text\" ><h1>Todo sobre el cambio autom\u00e1tico de la Mercedes Vito<\/h1>\n<p>\u00bfLe resulta poco pr\u00e1ctico o inc\u00f3modo cambiar de marcha? La Mercedes Vito autom\u00e1tica es la soluci\u00f3n. Este vers\u00e1til veh\u00edculo comercial combina confort con prestaciones y goza de gran popularidad entre los empresarios desde hace a\u00f1os. Lea m\u00e1s sobre las especificaciones y ventajas y descubra por qu\u00e9 este veh\u00edculo comercial es tan popular.<\/p>\n<\/div><\/section>\n\n<style type=\"text\/css\" data-created_by=\"avia_inline_auto\" id=\"style-css-av-lujjddpd-afa3d7a9eabd61123e643ed1228e781e\">\n#top .hr.hr-invisible.av-lujjddpd-afa3d7a9eabd61123e643ed1228e781e{\nheight:50px;\n}\n<\/style>\n<div  class='hr av-lujjddpd-afa3d7a9eabd61123e643ed1228e781e hr-invisible  avia-builder-el-1  el_after_av_textblock  el_before_av_codeblock'><span class='hr-inner'><span class=\"hr-inner-style\"><\/span><\/span><\/div>\n\n\n<style type=\"text\/css\" data-created_by=\"avia_inline_auto\" id=\"style-css-av-ah0xd-63338d9dc6b40410e22a712829c369d6\">\n#top .hr.hr-invisible.av-ah0xd-63338d9dc6b40410e22a712829c369d6{\nheight:50px;\n}\n<\/style>\n<div  class='hr av-ah0xd-63338d9dc6b40410e22a712829c369d6 hr-invisible  avia-builder-el-3  el_after_av_codeblock  el_before_av_textblock'><span class='hr-inner'><span class=\"hr-inner-style\"><\/span><\/span><\/div>\n<section  class='av_textblock_section av-lu8gow1e-300853e458ed741bd87d6cb78e55cc7a'  itemscope=\"itemscope\" itemtype=\"https:\/\/schema.org\/CreativeWork\" ><div class='avia_textblock'  itemprop=\"text\" ><h2>\u00bfPor qu\u00e9 elegir un autom\u00e1tico?<\/h2>\n<p>Cada vez son m\u00e1s las empresas que optan por un coche de empresa con transmisi\u00f3n autom\u00e1tica, y con raz\u00f3n. Al fin y al cabo, un autom\u00e1tico aporta varias ventajas que se adaptan a las necesidades de las empresas. Por ejemplo, muchos conductores consideran que un cambio autom\u00e1tico es m\u00e1s c\u00f3modo y f\u00e1cil de usar, ya que no es necesario cambiar de marcha. Esto es especialmente ventajoso en situaciones de tr\u00e1fico denso, como atascos o distribuci\u00f3n urbana. Con un autom\u00e1tico, te centras totalmente en la carretera y rara vez o nunca se cala, a diferencia de los coches con cambio de marchas. Con todas estas ventajas, los modelos Mercedes Vito son una elecci\u00f3n inteligente para usted como empresa.<\/p>\n<\/div><\/section>\n<div class='flex_column av-f64w1-da126f42b61613402309283c14245a25 av_one_half  avia-builder-el-5  el_after_av_textblock  el_before_av_one_third  first flex_column_div column-top-margin'   ><section  class='av_textblock_section av-lu8gpqre-73cc2c17e6a6497ba6e1b58af22bd9e8'  itemscope=\"itemscope\" itemtype=\"https:\/\/schema.org\/CreativeWork\" ><div class='avia_textblock'  itemprop=\"text\" ><h2>Ventajas de una Mercedes Vito<\/h2>\n<p>La Mercedes Vito se distingue de otros veh\u00edculos comerciales en varios aspectos. La marca se ha forjado una reputaci\u00f3n de gran fiabilidad gracias a la calidad constante de todos sus modelos. Dise\u00f1ada para un uso intensivo, la Vito ofrece un excelente confort y cuenta con excelentes sistemas de asistencia a la conducci\u00f3n que garantizan unas condiciones de tr\u00e1fico seguras. Adem\u00e1s, la Mercedes Vito est\u00e1 disponible en diferentes acabados, por lo que siempre hay un modelo que se adapta a las necesidades espec\u00edficas de su negocio. Con opciones como la disposici\u00f3n inteligente de los compartimentos de carga, puede adaptar la Vito a sus operaciones.<\/p>\n<\/div><\/section><\/div>\n<div class='flex_column av-aldk9-ee694297f5c4032981677a02caab84d6 av_one_third  avia-builder-el-7  el_after_av_one_half  el_before_av_hr  flex_column_div column-top-margin'   ><style type=\"text\/css\" data-created_by=\"avia_inline_auto\" id=\"style-css-av-l1w9kpsf-4ec3fab772ec7a9adaa33cfc64ff0475\">\n.avia-image-container.av-l1w9kpsf-4ec3fab772ec7a9adaa33cfc64ff0475 .av-image-caption-overlay-center{\ncolor:#ffffff;\n}\n<\/style>\n<div  class='avia-image-container av-l1w9kpsf-4ec3fab772ec7a9adaa33cfc64ff0475 av-styling- avia-align-center  avia-builder-el-8  avia-builder-el-no-sibling'  itemprop=\"image\" itemscope=\"itemscope\" itemtype=\"https:\/\/schema.org\/ImageObject\" ><div class=\"avia-image-container-inner\"><div class=\"avia-image-overlay-wrap\"><img decoding=\"async\" class='wp-image-187 avia-img-lazy-loading-not-187 avia_image' src=\"https:\/\/www.vdhurk.nl\/wp-content\/uploads\/2022\/03\/Voorrad.png\" alt='' title='Stock'  height=\"758\" width=\"1135\"  itemprop=\"thumbnailUrl\" srcset=\"https:\/\/www.vdhurk.nl\/wp-content\/uploads\/2022\/03\/Voorrad.png 1135w, https:\/\/www.vdhurk.nl\/wp-content\/uploads\/2022\/03\/Voorrad-300x200.png 300w, https:\/\/www.vdhurk.nl\/wp-content\/uploads\/2022\/03\/Voorrad-1030x688.png 1030w, https:\/\/www.vdhurk.nl\/wp-content\/uploads\/2022\/03\/Voorrad-768x513.png 768w, https:\/\/www.vdhurk.nl\/wp-content\/uploads\/2022\/03\/Voorrad-18x12.png 18w, https:\/\/www.vdhurk.nl\/wp-content\/uploads\/2022\/03\/Voorrad-705x471.png 705w\" sizes=\"(max-width: 1135px) 100vw, 1135px\" \/><\/div><\/div><\/div><\/div>\n\n<style type=\"text\/css\" data-created_by=\"avia_inline_auto\" id=\"style-css-av-luqrjpjc-5a23a1fb5f94718ca85316a9df963e2f\">\n#top .hr.hr-invisible.av-luqrjpjc-5a23a1fb5f94718ca85316a9df963e2f{\nheight:50px;\n}\n<\/style>\n<div  class='hr av-luqrjpjc-5a23a1fb5f94718ca85316a9df963e2f hr-invisible  avia-builder-el-9  el_after_av_one_third  el_before_av_textblock'><span class='hr-inner'><span class=\"hr-inner-style\"><\/span><\/span><\/div>\n<section  class='av_textblock_section av-lu8gtjw7-4f3cee9304909518d86d2860d9d582dd'  itemscope=\"itemscope\" itemtype=\"https:\/\/schema.org\/CreativeWork\" ><div class='avia_textblock'  itemprop=\"text\" ><h2>\u00bfComprar o alquilar una Mercedes Vito?<\/h2>\n<p>A la hora de comprar un coche de empresa, es importante considerar qu\u00e9 opci\u00f3n se adapta mejor a su negocio. En Van den Hurk, puede elegir <a href=\"https:\/\/www.vdhurk.nl\/es\/arrendamiento-financiero\/\">arrendamiento financiero<\/a>En este caso, se beneficiar\u00e1 de unos costes mensuales fijos y no tendr\u00e1 que realizar una gran inversi\u00f3n de una sola vez. Esto garantiza la previsibilidad de su presupuesto y, al mismo tiempo, tiene menos que hacer frente a la depreciaci\u00f3n. Adem\u00e1s, el leasing de un coche de empresa ofrece muchas otras ventajas, como flexibilidad y beneficios fiscales. Por supuesto, tambi\u00e9n puedes optar por comprar una Mercedes Vito directamente, si prefieres hacer toda la inversi\u00f3n de una sola vez. Ambas opciones ofrecen sus propias ventajas, en funci\u00f3n de las necesidades de su empresa. \u00bfQuieres saber m\u00e1s? Desc\u00fabrelo todo sobre las opciones de leasing financiero y compra.<\/p>\n<h2>Ver la oferta<\/h2>\n<p>\u00bfQuiere comprar una Mercedes Vito? \u00bfO necesita m\u00e1s informaci\u00f3n? Como concesionario de Mercedes Vito, estaremos encantados de contarle m\u00e1s cosas sobre este modelo para que pueda elegir con conocimiento de causa. Tanto si se decide por una Mercedes Vito usada como nueva, siempre encontrar\u00e1 un veh\u00edculo comercial que se adapte a su negocio.<\/p>\n<\/div><\/section>","protected":false},"excerpt":{"rendered":"","protected":false},"author":3,"featured_media":0,"parent":393278,"menu_order":0,"comment_status":"closed","ping_status":"closed","template":"","meta":{"_acf_changed":false,"_improvement_type_select":"improve_an_existing","_thumb_yes_seoaic":false,"_frame_yes_seoaic":false,"seoaic_generate_description":"","seoaic_improve_instructions_prompt":"","seoaic_rollback_content_improvement":"","seoaic_idea_thumbnail_generator":"","thumbnail_generated":false,"thumbnail_generate_prompt":"","seoaic_article_description":"","footnotes":""},"class_list":["post-442867","page","type-page","status-publish","hentry"],"acf":[],"yoast_head":"<!-- This site is optimized with the Yoast SEO plugin v27.5 - https:\/\/yoast.com\/product\/yoast-seo-wordpress\/ -->\n<title>Mercedes Vito Automaat | Comfort en gemak in \u00e9\u00e9n<\/title>\n<meta name=\"description\" content=\"Ontdek de Mercedes Vito Automaat: ultiem rijcomfort, betrouwbaarheid en veelzijdigheid. Bekijk ons aanbod!\" \/>\n<meta name=\"robots\" content=\"index, follow, max-snippet:-1, max-image-preview:large, max-video-preview:-1\" \/>\n<link rel=\"canonical\" href=\"https:\/\/www.vdhurk.nl\/es\/mercedes-9\/mercedes-20\/maquina\/\" \/>\n<meta property=\"og:locale\" content=\"es_ES\" \/>\n<meta property=\"og:type\" content=\"article\" \/>\n<meta property=\"og:title\" content=\"Mercedes Vito Automaat | Comfort en gemak in \u00e9\u00e9n\" \/>\n<meta property=\"og:description\" content=\"Ontdek de Mercedes Vito Automaat: ultiem rijcomfort, betrouwbaarheid en veelzijdigheid. Bekijk ons aanbod!\" \/>\n<meta property=\"og:url\" content=\"https:\/\/www.vdhurk.nl\/es\/mercedes-9\/mercedes-20\/maquina\/\" \/>\n<meta property=\"og:site_name\" content=\"Van den Hurk Bedrijfswagens\" \/>\n<meta property=\"article:modified_time\" content=\"2025-02-06T16:23:50+00:00\" \/>\n<meta name=\"twitter:card\" content=\"summary_large_image\" \/>\n<meta name=\"twitter:label1\" content=\"Tiempo de lectura\" \/>\n\t<meta name=\"twitter:data1\" content=\"4 minutos\" \/>\n<script type=\"application\/ld+json\" class=\"yoast-schema-graph\">{\"@context\":\"https:\\\/\\\/schema.org\",\"@graph\":[{\"@type\":\"WebPage\",\"@id\":\"https:\\\/\\\/www.vdhurk.nl\\\/mercedes-bedrijfswagens\\\/vito\\\/automaat\\\/\",\"url\":\"https:\\\/\\\/www.vdhurk.nl\\\/mercedes-bedrijfswagens\\\/vito\\\/automaat\\\/\",\"name\":\"Mercedes Vito Automaat | Comfort en gemak in \u00e9\u00e9n\",\"isPartOf\":{\"@id\":\"https:\\\/\\\/www.vdhurk.nl\\\/#website\"},\"datePublished\":\"2025-02-06T15:55:30+00:00\",\"dateModified\":\"2025-02-06T16:23:50+00:00\",\"description\":\"Ontdek de Mercedes Vito Automaat: ultiem rijcomfort, betrouwbaarheid en veelzijdigheid. Bekijk ons aanbod!\",\"breadcrumb\":{\"@id\":\"https:\\\/\\\/www.vdhurk.nl\\\/mercedes-bedrijfswagens\\\/vito\\\/automaat\\\/#breadcrumb\"},\"inLanguage\":\"es\",\"potentialAction\":[{\"@type\":\"ReadAction\",\"target\":[\"https:\\\/\\\/www.vdhurk.nl\\\/mercedes-bedrijfswagens\\\/vito\\\/automaat\\\/\"]}]},{\"@type\":\"BreadcrumbList\",\"@id\":\"https:\\\/\\\/www.vdhurk.nl\\\/mercedes-bedrijfswagens\\\/vito\\\/automaat\\\/#breadcrumb\",\"itemListElement\":[{\"@type\":\"ListItem\",\"position\":1,\"name\":\"Home\",\"item\":\"https:\\\/\\\/www.vdhurk.nl\\\/home\\\/\"},{\"@type\":\"ListItem\",\"position\":2,\"name\":\"Mercedes Bedrijfswagens\",\"item\":\"https:\\\/\\\/www.vdhurk.nl\\\/mercedes-bedrijfswagens\\\/\"},{\"@type\":\"ListItem\",\"position\":3,\"name\":\"Mercedes Vito\",\"item\":\"https:\\\/\\\/www.vdhurk.nl\\\/mercedes-bedrijfswagens\\\/vito\\\/\"},{\"@type\":\"ListItem\",\"position\":4,\"name\":\"Mercedes Vito Automaat\"}]},{\"@type\":\"WebSite\",\"@id\":\"https:\\\/\\\/www.vdhurk.nl\\\/#website\",\"url\":\"https:\\\/\\\/www.vdhurk.nl\\\/\",\"name\":\"Van den Hurk Bedrijfswagens\",\"description\":\"Van den Hurk bedrijfswagens Helmond\",\"potentialAction\":[{\"@type\":\"SearchAction\",\"target\":{\"@type\":\"EntryPoint\",\"urlTemplate\":\"https:\\\/\\\/www.vdhurk.nl\\\/?s={search_term_string}\"},\"query-input\":{\"@type\":\"PropertyValueSpecification\",\"valueRequired\":true,\"valueName\":\"search_term_string\"}}],\"inLanguage\":\"es\"}]}<\/script>\n<!-- \/ Yoast SEO plugin. -->","yoast_head_json":{"title":"Mercedes Vito Autom\u00e1tica | Confort y comodidad en uno","description":"Descubra la Mercedes Vito Autom\u00e1tica: lo \u00faltimo en confort de conducci\u00f3n, fiabilidad y versatilidad. \u00a1Descubra nuestra gama!","robots":{"index":"index","follow":"follow","max-snippet":"max-snippet:-1","max-image-preview":"max-image-preview:large","max-video-preview":"max-video-preview:-1"},"canonical":"https:\/\/www.vdhurk.nl\/es\/mercedes-9\/mercedes-20\/maquina\/","og_locale":"es_ES","og_type":"article","og_title":"Mercedes Vito Automaat | Comfort en gemak in \u00e9\u00e9n","og_description":"Ontdek de Mercedes Vito Automaat: ultiem rijcomfort, betrouwbaarheid en veelzijdigheid. Bekijk ons aanbod!","og_url":"https:\/\/www.vdhurk.nl\/es\/mercedes-9\/mercedes-20\/maquina\/","og_site_name":"Van den Hurk Bedrijfswagens","article_modified_time":"2025-02-06T16:23:50+00:00","twitter_card":"summary_large_image","twitter_misc":{"Tiempo de lectura":"4 minutos"},"schema":{"@context":"https:\/\/schema.org","@graph":[{"@type":"WebPage","@id":"https:\/\/www.vdhurk.nl\/mercedes-bedrijfswagens\/vito\/automaat\/","url":"https:\/\/www.vdhurk.nl\/mercedes-bedrijfswagens\/vito\/automaat\/","name":"Mercedes Vito Autom\u00e1tica | Confort y comodidad en uno","isPartOf":{"@id":"https:\/\/www.vdhurk.nl\/#website"},"datePublished":"2025-02-06T15:55:30+00:00","dateModified":"2025-02-06T16:23:50+00:00","description":"Descubra la Mercedes Vito Autom\u00e1tica: lo \u00faltimo en confort de conducci\u00f3n, fiabilidad y versatilidad. \u00a1Descubra nuestra gama!","breadcrumb":{"@id":"https:\/\/www.vdhurk.nl\/mercedes-bedrijfswagens\/vito\/automaat\/#breadcrumb"},"inLanguage":"es","potentialAction":[{"@type":"ReadAction","target":["https:\/\/www.vdhurk.nl\/mercedes-bedrijfswagens\/vito\/automaat\/"]}]},{"@type":"BreadcrumbList","@id":"https:\/\/www.vdhurk.nl\/mercedes-bedrijfswagens\/vito\/automaat\/#breadcrumb","itemListElement":[{"@type":"ListItem","position":1,"name":"Home","item":"https:\/\/www.vdhurk.nl\/home\/"},{"@type":"ListItem","position":2,"name":"Mercedes Bedrijfswagens","item":"https:\/\/www.vdhurk.nl\/mercedes-bedrijfswagens\/"},{"@type":"ListItem","position":3,"name":"Mercedes Vito","item":"https:\/\/www.vdhurk.nl\/mercedes-bedrijfswagens\/vito\/"},{"@type":"ListItem","position":4,"name":"Mercedes Vito Automaat"}]},{"@type":"WebSite","@id":"https:\/\/www.vdhurk.nl\/#website","url":"https:\/\/www.vdhurk.nl\/","name":"Veh\u00edculos comerciales Van den Hurk","description":"Van den Hurk veh\u00edculos comerciales Helmond","potentialAction":[{"@type":"SearchAction","target":{"@type":"EntryPoint","urlTemplate":"https:\/\/www.vdhurk.nl\/?s={search_term_string}"},"query-input":{"@type":"PropertyValueSpecification","valueRequired":true,"valueName":"search_term_string"}}],"inLanguage":"es"}]}},"_links":{"self":[{"href":"https:\/\/www.vdhurk.nl\/es\/wp-json\/wp\/v2\/pages\/442867","targetHints":{"allow":["GET"]}}],"collection":[{"href":"https:\/\/www.vdhurk.nl\/es\/wp-json\/wp\/v2\/pages"}],"about":[{"href":"https:\/\/www.vdhurk.nl\/es\/wp-json\/wp\/v2\/types\/page"}],"author":[{"embeddable":true,"href":"https:\/\/www.vdhurk.nl\/es\/wp-json\/wp\/v2\/users\/3"}],"replies":[{"embeddable":true,"href":"https:\/\/www.vdhurk.nl\/es\/wp-json\/wp\/v2\/comments?post=442867"}],"version-history":[{"count":5,"href":"https:\/\/www.vdhurk.nl\/es\/wp-json\/wp\/v2\/pages\/442867\/revisions"}],"predecessor-version":[{"id":442899,"href":"https:\/\/www.vdhurk.nl\/es\/wp-json\/wp\/v2\/pages\/442867\/revisions\/442899"}],"up":[{"embeddable":true,"href":"https:\/\/www.vdhurk.nl\/es\/wp-json\/wp\/v2\/pages\/393278"}],"wp:attachment":[{"href":"https:\/\/www.vdhurk.nl\/es\/wp-json\/wp\/v2\/media?parent=442867"}],"curies":[{"name":"wp","href":"https:\/\/api.w.org\/{rel}","templated":true}]}}