{"id":442863,"date":"2025-02-06T16:29:35","date_gmt":"2025-02-06T15:29:35","guid":{"rendered":"https:\/\/www.vdhurk.nl\/?page_id=442863"},"modified":"2025-02-06T17:23:35","modified_gmt":"2025-02-06T16:23:35","slug":"maquina","status":"publish","type":"page","link":"https:\/\/www.vdhurk.nl\/es\/volkswagen-bedrijfswagens\/caddy\/automaat\/","title":{"rendered":"Volkswagen Caddy Autom\u00e1tico"},"content":{"rendered":"<section  class='av_textblock_section av-lu8gnh7d-4ac895489941e586c1d7c8cb72318135'  itemscope=\"itemscope\" itemtype=\"https:\/\/schema.org\/CreativeWork\" ><div class='avia_textblock'  itemprop=\"text\" ><h1>Descubre la transmisi\u00f3n autom\u00e1tica del Volkswagen Caddy<\/h1>\n<p>\u00bfBuscas un veh\u00edculo comercial que combine fiabilidad y el m\u00e1ximo confort de conducci\u00f3n? Entonces elige el Volkswagen Caddy occasion con cambio autom\u00e1tico. Este modelo ofrece la comodidad y la calidad por las que Volkswagen es conocido. Descubre las especificaciones y comprueba si este veh\u00edculo comercial se adapta perfectamente a las necesidades de tu negocio.<\/p>\n<\/div><\/section>\n\n<style type=\"text\/css\" data-created_by=\"avia_inline_auto\" id=\"style-css-av-lujjddpd-afa3d7a9eabd61123e643ed1228e781e\">\n#top .hr.hr-invisible.av-lujjddpd-afa3d7a9eabd61123e643ed1228e781e{\nheight:50px;\n}\n<\/style>\n<div  class='hr av-lujjddpd-afa3d7a9eabd61123e643ed1228e781e hr-invisible  avia-builder-el-1  el_after_av_textblock  el_before_av_codeblock'><span class='hr-inner'><span class=\"hr-inner-style\"><\/span><\/span><\/div>\n\n\n<style type=\"text\/css\" data-created_by=\"avia_inline_auto\" id=\"style-css-av-ah0xd-63338d9dc6b40410e22a712829c369d6\">\n#top .hr.hr-invisible.av-ah0xd-63338d9dc6b40410e22a712829c369d6{\nheight:50px;\n}\n<\/style>\n<div  class='hr av-ah0xd-63338d9dc6b40410e22a712829c369d6 hr-invisible  avia-builder-el-3  el_after_av_codeblock  el_before_av_textblock'><span class='hr-inner'><span class=\"hr-inner-style\"><\/span><\/span><\/div>\n<section  class='av_textblock_section av-lu8gow1e-300853e458ed741bd87d6cb78e55cc7a'  itemscope=\"itemscope\" itemtype=\"https:\/\/schema.org\/CreativeWork\" ><div class='avia_textblock'  itemprop=\"text\" ><h2>\u00bfPor qu\u00e9 elegir el Volkswagen Caddy?<\/h2>\n<p>\u00bfQuieres combinar fiabilidad y versatilidad en un coche de empresa? Entonces el Volkswagen Caddy autom\u00e1tico es una buena elecci\u00f3n. Con su amplio interior y su gran espacio de carga, este veh\u00edculo comercial es ideal para una gran variedad de aplicaciones, como el transporte de herramientas, mercanc\u00edas u otros elementos esenciales para el negocio. Adem\u00e1s, el Volkswagen Caddy es conocido por su alta calidad de construcci\u00f3n y excelente mano de obra. Tanto si buscas una soluci\u00f3n flexible para el uso diario como un veh\u00edculo de empresa que realce la imagen de tu negocio, el Volkswagen Caddy usado o nuevo te ofrece todo lo que necesitas.<\/p>\n<\/div><\/section>\n<div class='flex_column av-f64w1-da126f42b61613402309283c14245a25 av_one_half  avia-builder-el-5  el_after_av_textblock  el_before_av_one_third  first flex_column_div column-top-margin'   ><section  class='av_textblock_section av-lu8gpqre-73cc2c17e6a6497ba6e1b58af22bd9e8'  itemscope=\"itemscope\" itemtype=\"https:\/\/schema.org\/CreativeWork\" ><div class='avia_textblock'  itemprop=\"text\" ><h2>Las ventajas de la transmisi\u00f3n autom\u00e1tica<\/h2>\n<p>Cada vez son m\u00e1s las empresas que optan por un veh\u00edculo comercial con transmisi\u00f3n autom\u00e1tica, y con raz\u00f3n. Despu\u00e9s de todo, una transmisi\u00f3n autom\u00e1tica ofrece muchas ventajas que se adaptan perfectamente a las necesidades diarias de los empresarios. Muchos conductores consideran que un cambio autom\u00e1tico es m\u00e1s c\u00f3modo y f\u00e1cil de usar, ya que no es necesario cambiar de marcha. Es una gran ventaja, sobre todo en el tr\u00e1fico urbano o en los atascos. Adem\u00e1s, un coche autom\u00e1tico te permite concentrarte totalmente en la carretera y evita el riesgo de calado que a veces se produce con los coches manuales. As\u00ed que tienes muchas opciones para elegir un autom\u00e1tico.<\/p>\n<\/div><\/section><\/div>\n<div class='flex_column av-aldk9-ee694297f5c4032981677a02caab84d6 av_one_third  avia-builder-el-7  el_after_av_one_half  el_before_av_hr  flex_column_div column-top-margin'   ><style type=\"text\/css\" data-created_by=\"avia_inline_auto\" id=\"style-css-av-l1w9kpsf-4ec3fab772ec7a9adaa33cfc64ff0475\">\n.avia-image-container.av-l1w9kpsf-4ec3fab772ec7a9adaa33cfc64ff0475 .av-image-caption-overlay-center{\ncolor:#ffffff;\n}\n<\/style>\n<div  class='avia-image-container av-l1w9kpsf-4ec3fab772ec7a9adaa33cfc64ff0475 av-styling- avia-align-center  avia-builder-el-8  avia-builder-el-no-sibling'  itemprop=\"image\" itemscope=\"itemscope\" itemtype=\"https:\/\/schema.org\/ImageObject\" ><div class=\"avia-image-container-inner\"><div class=\"avia-image-overlay-wrap\"><img decoding=\"async\" class='wp-image-187 avia-img-lazy-loading-not-187 avia_image' src=\"https:\/\/www.vdhurk.nl\/wp-content\/uploads\/2022\/03\/Voorrad.png\" alt='' title='Stock'  height=\"758\" width=\"1135\"  itemprop=\"thumbnailUrl\" srcset=\"https:\/\/www.vdhurk.nl\/wp-content\/uploads\/2022\/03\/Voorrad.png 1135w, https:\/\/www.vdhurk.nl\/wp-content\/uploads\/2022\/03\/Voorrad-300x200.png 300w, https:\/\/www.vdhurk.nl\/wp-content\/uploads\/2022\/03\/Voorrad-1030x688.png 1030w, https:\/\/www.vdhurk.nl\/wp-content\/uploads\/2022\/03\/Voorrad-768x513.png 768w, https:\/\/www.vdhurk.nl\/wp-content\/uploads\/2022\/03\/Voorrad-18x12.png 18w, https:\/\/www.vdhurk.nl\/wp-content\/uploads\/2022\/03\/Voorrad-705x471.png 705w\" sizes=\"(max-width: 1135px) 100vw, 1135px\" \/><\/div><\/div><\/div><\/div>\n\n<style type=\"text\/css\" data-created_by=\"avia_inline_auto\" id=\"style-css-av-luqrjpjc-5a23a1fb5f94718ca85316a9df963e2f\">\n#top .hr.hr-invisible.av-luqrjpjc-5a23a1fb5f94718ca85316a9df963e2f{\nheight:50px;\n}\n<\/style>\n<div  class='hr av-luqrjpjc-5a23a1fb5f94718ca85316a9df963e2f hr-invisible  avia-builder-el-9  el_after_av_one_third  el_before_av_textblock'><span class='hr-inner'><span class=\"hr-inner-style\"><\/span><\/span><\/div>\n<section  class='av_textblock_section av-lu8gtjw7-4f3cee9304909518d86d2860d9d582dd'  itemscope=\"itemscope\" itemtype=\"https:\/\/schema.org\/CreativeWork\" ><div class='avia_textblock'  itemprop=\"text\" ><h2>\u00bfComprar o alquilar un Volkswagen Caddy?<\/h2>\n<p>Con nosotros, puede elegir entre comprar o alquilar un veh\u00edculo de empresa. Con nuestro <a href=\"https:\/\/www.vdhurk.nl\/es\/arrendamiento-financiero\/\">arrendamiento financiero<\/a> ofrecemos una soluci\u00f3n a medida para los empresarios que buscan comodidad y seguridad financiera. \u00bfEliges alquilar un Volkswagen Caddy? Entonces pagar\u00e1s una cantidad fija al mes y te convertir\u00e1s en pleno propietario de tu coche de empresa al cabo de un tiempo. De este modo, disfrutar\u00e1 inmediatamente de las ventajas del Caddy, a la vez que reparte la inversi\u00f3n. El objetivo final es el mismo, pero el camino hacia \u00e9l depende de ti.<\/p>\n<h2>Descubra las posibilidades<\/h2>\n<p>\u00bfA\u00fan no est\u00e1 seguro de elegir una transmisi\u00f3n autom\u00e1tica? \u00bfO quieres m\u00e1s informaci\u00f3n para tomar la decisi\u00f3n correcta? Como concesionario Volkswagen Caddy, estamos preparados para ayudarte. No dudes en ponerte en contacto con nosotros y descubre todo lo que quieras saber sobre el Volkswagen Caddy autom\u00e1tico. \u00bfNo quieres perderte nada? Entonces suscr\u00edbete a nuestro <a href=\"https:\/\/www.vdhurk.nl\/es\/alerta-de-valores\/\">alerta de valores<\/a> y mant\u00e9ngase al d\u00eda de nuestras ofertas actuales.<\/p>\n<\/div><\/section>","protected":false},"excerpt":{"rendered":"","protected":false},"author":3,"featured_media":0,"parent":393610,"menu_order":0,"comment_status":"closed","ping_status":"closed","template":"","meta":{"_acf_changed":false,"_improvement_type_select":"improve_an_existing","_thumb_yes_seoaic":false,"_frame_yes_seoaic":false,"seoaic_generate_description":"","seoaic_improve_instructions_prompt":"","seoaic_rollback_content_improvement":"","seoaic_idea_thumbnail_generator":"","thumbnail_generated":false,"thumbnail_generate_prompt":"","seoaic_article_description":"","footnotes":""},"class_list":["post-442863","page","type-page","status-publish","hentry"],"acf":[],"yoast_head":"<!-- This site is optimized with the Yoast SEO plugin v27.5 - https:\/\/yoast.com\/product\/yoast-seo-wordpress\/ -->\n<title>Kies je voor de Volkswagen Caddy automaat?<\/title>\n<meta name=\"description\" content=\"Niet langer schakelen? Kies voor de Volkswagen Caddy automaat en ervaar een betrouwbare en veelzijdige bedrijfswagen.\" \/>\n<meta name=\"robots\" content=\"index, follow, max-snippet:-1, max-image-preview:large, max-video-preview:-1\" \/>\n<link rel=\"canonical\" href=\"https:\/\/www.vdhurk.nl\/es\/mercedes-13\/mercedes-4\/maquina\/\" \/>\n<meta property=\"og:locale\" content=\"es_ES\" \/>\n<meta property=\"og:type\" content=\"article\" \/>\n<meta property=\"og:title\" content=\"Kies je voor de Volkswagen Caddy automaat?\" \/>\n<meta property=\"og:description\" content=\"Niet langer schakelen? Kies voor de Volkswagen Caddy automaat en ervaar een betrouwbare en veelzijdige bedrijfswagen.\" \/>\n<meta property=\"og:url\" content=\"https:\/\/www.vdhurk.nl\/es\/mercedes-13\/mercedes-4\/maquina\/\" \/>\n<meta property=\"og:site_name\" content=\"Van den Hurk Bedrijfswagens\" \/>\n<meta property=\"article:modified_time\" content=\"2025-02-06T16:23:35+00:00\" \/>\n<meta name=\"twitter:card\" content=\"summary_large_image\" \/>\n<meta name=\"twitter:label1\" content=\"Tiempo de lectura\" \/>\n\t<meta name=\"twitter:data1\" content=\"4 minutos\" \/>\n<script type=\"application\/ld+json\" class=\"yoast-schema-graph\">{\"@context\":\"https:\\\/\\\/schema.org\",\"@graph\":[{\"@type\":\"WebPage\",\"@id\":\"https:\\\/\\\/www.vdhurk.nl\\\/volkswagen-bedrijfswagens\\\/caddy\\\/automaat\\\/\",\"url\":\"https:\\\/\\\/www.vdhurk.nl\\\/volkswagen-bedrijfswagens\\\/caddy\\\/automaat\\\/\",\"name\":\"Kies je voor de Volkswagen Caddy automaat?\",\"isPartOf\":{\"@id\":\"https:\\\/\\\/www.vdhurk.nl\\\/#website\"},\"datePublished\":\"2025-02-06T15:29:35+00:00\",\"dateModified\":\"2025-02-06T16:23:35+00:00\",\"description\":\"Niet langer schakelen? Kies voor de Volkswagen Caddy automaat en ervaar een betrouwbare en veelzijdige bedrijfswagen.\",\"breadcrumb\":{\"@id\":\"https:\\\/\\\/www.vdhurk.nl\\\/volkswagen-bedrijfswagens\\\/caddy\\\/automaat\\\/#breadcrumb\"},\"inLanguage\":\"es\",\"potentialAction\":[{\"@type\":\"ReadAction\",\"target\":[\"https:\\\/\\\/www.vdhurk.nl\\\/volkswagen-bedrijfswagens\\\/caddy\\\/automaat\\\/\"]}]},{\"@type\":\"BreadcrumbList\",\"@id\":\"https:\\\/\\\/www.vdhurk.nl\\\/volkswagen-bedrijfswagens\\\/caddy\\\/automaat\\\/#breadcrumb\",\"itemListElement\":[{\"@type\":\"ListItem\",\"position\":1,\"name\":\"Home\",\"item\":\"https:\\\/\\\/www.vdhurk.nl\\\/home\\\/\"},{\"@type\":\"ListItem\",\"position\":2,\"name\":\"Volkswagen Bedrijfswagens\",\"item\":\"https:\\\/\\\/www.vdhurk.nl\\\/volkswagen-bedrijfswagens\\\/\"},{\"@type\":\"ListItem\",\"position\":3,\"name\":\"Volkswagen Caddy\",\"item\":\"https:\\\/\\\/www.vdhurk.nl\\\/volkswagen-bedrijfswagens\\\/caddy\\\/\"},{\"@type\":\"ListItem\",\"position\":4,\"name\":\"Volkswagen Caddy Automaat\"}]},{\"@type\":\"WebSite\",\"@id\":\"https:\\\/\\\/www.vdhurk.nl\\\/#website\",\"url\":\"https:\\\/\\\/www.vdhurk.nl\\\/\",\"name\":\"Van den Hurk Bedrijfswagens\",\"description\":\"Van den Hurk bedrijfswagens Helmond\",\"potentialAction\":[{\"@type\":\"SearchAction\",\"target\":{\"@type\":\"EntryPoint\",\"urlTemplate\":\"https:\\\/\\\/www.vdhurk.nl\\\/?s={search_term_string}\"},\"query-input\":{\"@type\":\"PropertyValueSpecification\",\"valueRequired\":true,\"valueName\":\"search_term_string\"}}],\"inLanguage\":\"es\"}]}<\/script>\n<!-- \/ Yoast SEO plugin. -->","yoast_head_json":{"title":"\u00bfEliges el Volkswagen Caddy autom\u00e1tico?","description":"\u00bfSe acab\u00f3 el cambio de marchas? Elige el Volkswagen Caddy autom\u00e1tico y disfruta de un veh\u00edculo comercial fiable y vers\u00e1til.","robots":{"index":"index","follow":"follow","max-snippet":"max-snippet:-1","max-image-preview":"max-image-preview:large","max-video-preview":"max-video-preview:-1"},"canonical":"https:\/\/www.vdhurk.nl\/es\/mercedes-13\/mercedes-4\/maquina\/","og_locale":"es_ES","og_type":"article","og_title":"Kies je voor de Volkswagen Caddy automaat?","og_description":"Niet langer schakelen? Kies voor de Volkswagen Caddy automaat en ervaar een betrouwbare en veelzijdige bedrijfswagen.","og_url":"https:\/\/www.vdhurk.nl\/es\/mercedes-13\/mercedes-4\/maquina\/","og_site_name":"Van den Hurk Bedrijfswagens","article_modified_time":"2025-02-06T16:23:35+00:00","twitter_card":"summary_large_image","twitter_misc":{"Tiempo de lectura":"4 minutos"},"schema":{"@context":"https:\/\/schema.org","@graph":[{"@type":"WebPage","@id":"https:\/\/www.vdhurk.nl\/volkswagen-bedrijfswagens\/caddy\/automaat\/","url":"https:\/\/www.vdhurk.nl\/volkswagen-bedrijfswagens\/caddy\/automaat\/","name":"\u00bfEliges el Volkswagen Caddy autom\u00e1tico?","isPartOf":{"@id":"https:\/\/www.vdhurk.nl\/#website"},"datePublished":"2025-02-06T15:29:35+00:00","dateModified":"2025-02-06T16:23:35+00:00","description":"\u00bfSe acab\u00f3 el cambio de marchas? Elige el Volkswagen Caddy autom\u00e1tico y disfruta de un veh\u00edculo comercial fiable y vers\u00e1til.","breadcrumb":{"@id":"https:\/\/www.vdhurk.nl\/volkswagen-bedrijfswagens\/caddy\/automaat\/#breadcrumb"},"inLanguage":"es","potentialAction":[{"@type":"ReadAction","target":["https:\/\/www.vdhurk.nl\/volkswagen-bedrijfswagens\/caddy\/automaat\/"]}]},{"@type":"BreadcrumbList","@id":"https:\/\/www.vdhurk.nl\/volkswagen-bedrijfswagens\/caddy\/automaat\/#breadcrumb","itemListElement":[{"@type":"ListItem","position":1,"name":"Home","item":"https:\/\/www.vdhurk.nl\/home\/"},{"@type":"ListItem","position":2,"name":"Volkswagen Bedrijfswagens","item":"https:\/\/www.vdhurk.nl\/volkswagen-bedrijfswagens\/"},{"@type":"ListItem","position":3,"name":"Volkswagen Caddy","item":"https:\/\/www.vdhurk.nl\/volkswagen-bedrijfswagens\/caddy\/"},{"@type":"ListItem","position":4,"name":"Volkswagen Caddy Automaat"}]},{"@type":"WebSite","@id":"https:\/\/www.vdhurk.nl\/#website","url":"https:\/\/www.vdhurk.nl\/","name":"Veh\u00edculos comerciales Van den Hurk","description":"Van den Hurk veh\u00edculos comerciales Helmond","potentialAction":[{"@type":"SearchAction","target":{"@type":"EntryPoint","urlTemplate":"https:\/\/www.vdhurk.nl\/?s={search_term_string}"},"query-input":{"@type":"PropertyValueSpecification","valueRequired":true,"valueName":"search_term_string"}}],"inLanguage":"es"}]}},"_links":{"self":[{"href":"https:\/\/www.vdhurk.nl\/es\/wp-json\/wp\/v2\/pages\/442863","targetHints":{"allow":["GET"]}}],"collection":[{"href":"https:\/\/www.vdhurk.nl\/es\/wp-json\/wp\/v2\/pages"}],"about":[{"href":"https:\/\/www.vdhurk.nl\/es\/wp-json\/wp\/v2\/types\/page"}],"author":[{"embeddable":true,"href":"https:\/\/www.vdhurk.nl\/es\/wp-json\/wp\/v2\/users\/3"}],"replies":[{"embeddable":true,"href":"https:\/\/www.vdhurk.nl\/es\/wp-json\/wp\/v2\/comments?post=442863"}],"version-history":[{"count":5,"href":"https:\/\/www.vdhurk.nl\/es\/wp-json\/wp\/v2\/pages\/442863\/revisions"}],"predecessor-version":[{"id":442897,"href":"https:\/\/www.vdhurk.nl\/es\/wp-json\/wp\/v2\/pages\/442863\/revisions\/442897"}],"up":[{"embeddable":true,"href":"https:\/\/www.vdhurk.nl\/es\/wp-json\/wp\/v2\/pages\/393610"}],"wp:attachment":[{"href":"https:\/\/www.vdhurk.nl\/es\/wp-json\/wp\/v2\/media?parent=442863"}],"curies":[{"name":"wp","href":"https:\/\/api.w.org\/{rel}","templated":true}]}}