{"id":442858,"date":"2025-02-06T15:47:26","date_gmt":"2025-02-06T14:47:26","guid":{"rendered":"https:\/\/www.vdhurk.nl\/?page_id=442858"},"modified":"2025-02-06T17:22:38","modified_gmt":"2025-02-06T16:22:38","slug":"maquina","status":"publish","type":"page","link":"https:\/\/www.vdhurk.nl\/es\/volkswagen-bedrijfswagens\/crafter\/automaat\/","title":{"rendered":"Volkswagen Crafter Autom\u00e1tico"},"content":{"rendered":"<section  class='av_textblock_section av-lu8gnh7d-4ac895489941e586c1d7c8cb72318135'  itemscope=\"itemscope\" itemtype=\"https:\/\/schema.org\/CreativeWork\" ><div class='avia_textblock'  itemprop=\"text\" ><h1>Descubre la transmisi\u00f3n autom\u00e1tica del Volkswagen Crafter<\/h1>\n<p>\u00bfEst\u00e1 pensando en un Volkswagen Crafter autom\u00e1tico? \u00a1Una excelente elecci\u00f3n! Este veh\u00edculo comercial combina la m\u00e1xima calidad con un precio competitivo. Adecuado para peque\u00f1as y grandes empresas, ofrece todo lo que necesitas para tus objetivos empresariales. Explora la gama y comprueba si este modelo se adapta a ti.<\/p>\n<\/div><\/section>\n\n<style type=\"text\/css\" data-created_by=\"avia_inline_auto\" id=\"style-css-av-lujjddpd-afa3d7a9eabd61123e643ed1228e781e\">\n#top .hr.hr-invisible.av-lujjddpd-afa3d7a9eabd61123e643ed1228e781e{\nheight:50px;\n}\n<\/style>\n<div  class='hr av-lujjddpd-afa3d7a9eabd61123e643ed1228e781e hr-invisible  avia-builder-el-1  el_after_av_textblock  el_before_av_codeblock'><span class='hr-inner'><span class=\"hr-inner-style\"><\/span><\/span><\/div>\n\n\n<style type=\"text\/css\" data-created_by=\"avia_inline_auto\" id=\"style-css-av-5os5nsu-fdb3cafc4aea70f22b364d176f4b3a1b\">\n#top .hr.hr-invisible.av-5os5nsu-fdb3cafc4aea70f22b364d176f4b3a1b{\nheight:50px;\n}\n<\/style>\n<div  class='hr av-5os5nsu-fdb3cafc4aea70f22b364d176f4b3a1b hr-invisible  avia-builder-el-3  el_after_av_codeblock  el_before_av_textblock'><span class='hr-inner'><span class=\"hr-inner-style\"><\/span><\/span><\/div>\n<section  class='av_textblock_section av-lu8gow1e-300853e458ed741bd87d6cb78e55cc7a'  itemscope=\"itemscope\" itemtype=\"https:\/\/schema.org\/CreativeWork\" ><div class='avia_textblock'  itemprop=\"text\" ><h2>\u00bfPor qu\u00e9 elegir un autom\u00e1tico?<\/h2>\n<p>Cada vez son m\u00e1s las empresas que optan conscientemente por veh\u00edculos con transmisi\u00f3n autom\u00e1tica, y con raz\u00f3n. Al fin y al cabo, una caja de cambios autom\u00e1tica ofrece el m\u00e1ximo confort de conducci\u00f3n, ya que no hay que cambiar de marcha ni embragar manualmente. Esto hace que la conducci\u00f3n en tr\u00e1fico denso sea mucho m\u00e1s c\u00f3moda. Adem\u00e1s, la caja de cambios autom\u00e1tica aumenta la seguridad, porque el conductor puede concentrarse plenamente en la carretera sin distraerse cambiando de marcha.<\/p>\n<h2>Ventajas del Volkswagen Crafter<\/h2>\n<p>El Volkswagen Crafter combina versatilidad, confort y fiabilidad en un solo veh\u00edculo comercial. Con un amplio espacio de carga en varios tama\u00f1os, este modelo ofrece muchas oportunidades para transportar grandes cantidades de mercanc\u00edas. Gracias a la variedad de versiones, el Crafter se adapta perfectamente a diversos sectores como el transporte, la construcci\u00f3n y los servicios. Las modernas caracter\u00edsticas de seguridad proporcionan una protecci\u00f3n extra tanto al conductor como a los pasajeros, y la cabina, dise\u00f1ada para viajes largos, ofrece el m\u00e1ximo confort. Con todas estas caracter\u00edsticas, el Volkswagen Crafter es la opci\u00f3n ideal para las empresas que necesitan un veh\u00edculo comercial eficiente, fiable y vers\u00e1til.<\/p>\n<\/div><\/section>\n<div class='flex_column av-f64w1-da126f42b61613402309283c14245a25 av_one_half  avia-builder-el-5  el_after_av_textblock  el_before_av_one_third  first flex_column_div column-top-margin'   ><section  class='av_textblock_section av-lu8gpqre-73cc2c17e6a6497ba6e1b58af22bd9e8'  itemscope=\"itemscope\" itemtype=\"https:\/\/schema.org\/CreativeWork\" ><div class='avia_textblock'  itemprop=\"text\" ><h2>\u00bfComprar o alquilar Volkswagen Crafter?<\/h2>\n<p>La compra de un Volkswagen Crafter empieza por determinar tus necesidades. \u00bfNecesitas un gran espacio de carga para mercanc\u00edas voluminosas o te basta con una versi\u00f3n m\u00e1s compacta? Elegir la configuraci\u00f3n adecuada, adaptada a tus actividades empresariales, es de gran importancia.\u00bfQuieres convertirte en propietario de inmediato? Entonces comprar un Volkswagen Crafter de segunda mano o nuevo es una buena opci\u00f3n. Por otro lado, <a href=\"https:\/\/www.vdhurk.nl\/es\/arrendamiento-financiero\/\">arrendamiento financiero<\/a> una soluci\u00f3n flexible: pagas cuotas mensuales y te conviertes en propietario del veh\u00edculo al final del periodo de leasing. Leasing o compra de un Volkswagen Crafter: estamos preparados para asesorarte y encontrar la mejor opci\u00f3n para tu situaci\u00f3n.<\/p>\n<\/div><\/section><\/div>\n<div class='flex_column av-aldk9-ee694297f5c4032981677a02caab84d6 av_one_third  avia-builder-el-7  el_after_av_one_half  el_before_av_hr  flex_column_div column-top-margin'   ><style type=\"text\/css\" data-created_by=\"avia_inline_auto\" id=\"style-css-av-l1w9kpsf-4ec3fab772ec7a9adaa33cfc64ff0475\">\n.avia-image-container.av-l1w9kpsf-4ec3fab772ec7a9adaa33cfc64ff0475 .av-image-caption-overlay-center{\ncolor:#ffffff;\n}\n<\/style>\n<div  class='avia-image-container av-l1w9kpsf-4ec3fab772ec7a9adaa33cfc64ff0475 av-styling- avia-align-center  avia-builder-el-8  avia-builder-el-no-sibling'  itemprop=\"image\" itemscope=\"itemscope\" itemtype=\"https:\/\/schema.org\/ImageObject\" ><div class=\"avia-image-container-inner\"><div class=\"avia-image-overlay-wrap\"><img decoding=\"async\" class='wp-image-187 avia-img-lazy-loading-not-187 avia_image' src=\"https:\/\/www.vdhurk.nl\/wp-content\/uploads\/2022\/03\/Voorrad.png\" alt='' title='Stock'  height=\"758\" width=\"1135\"  itemprop=\"thumbnailUrl\" srcset=\"https:\/\/www.vdhurk.nl\/wp-content\/uploads\/2022\/03\/Voorrad.png 1135w, https:\/\/www.vdhurk.nl\/wp-content\/uploads\/2022\/03\/Voorrad-300x200.png 300w, https:\/\/www.vdhurk.nl\/wp-content\/uploads\/2022\/03\/Voorrad-1030x688.png 1030w, https:\/\/www.vdhurk.nl\/wp-content\/uploads\/2022\/03\/Voorrad-768x513.png 768w, https:\/\/www.vdhurk.nl\/wp-content\/uploads\/2022\/03\/Voorrad-18x12.png 18w, https:\/\/www.vdhurk.nl\/wp-content\/uploads\/2022\/03\/Voorrad-705x471.png 705w\" sizes=\"(max-width: 1135px) 100vw, 1135px\" \/><\/div><\/div><\/div><\/div>\n\n<style type=\"text\/css\" data-created_by=\"avia_inline_auto\" id=\"style-css-av-luqrjpjc-5a23a1fb5f94718ca85316a9df963e2f\">\n#top .hr.hr-invisible.av-luqrjpjc-5a23a1fb5f94718ca85316a9df963e2f{\nheight:50px;\n}\n<\/style>\n<div  class='hr av-luqrjpjc-5a23a1fb5f94718ca85316a9df963e2f hr-invisible  avia-builder-el-9  el_after_av_one_third  el_before_av_textblock'><span class='hr-inner'><span class=\"hr-inner-style\"><\/span><\/span><\/div>\n<section  class='av_textblock_section av-lu8gtjw7-4f3cee9304909518d86d2860d9d582dd'  itemscope=\"itemscope\" itemtype=\"https:\/\/schema.org\/CreativeWork\" ><div class='avia_textblock'  itemprop=\"text\" ><h2>Descubra la oferta<\/h2>\n<p>Con su versatilidad, fiabilidad y completas caracter\u00edsticas de seguridad, el Volkswagen Crafter autom\u00e1tico es una opci\u00f3n ideal para las empresas que buscan un nuevo veh\u00edculo comercial. Explora las diferentes opciones y encuentra un Crafter que se adapte completamente a las necesidades de tu negocio.<\/p>\n<\/div><\/section>","protected":false},"excerpt":{"rendered":"","protected":false},"author":3,"featured_media":0,"parent":397527,"menu_order":0,"comment_status":"closed","ping_status":"closed","template":"","meta":{"_acf_changed":false,"_improvement_type_select":"improve_an_existing","_thumb_yes_seoaic":false,"_frame_yes_seoaic":false,"seoaic_generate_description":"","seoaic_improve_instructions_prompt":"","seoaic_rollback_content_improvement":"","seoaic_idea_thumbnail_generator":"","thumbnail_generated":false,"thumbnail_generate_prompt":"","seoaic_article_description":"","footnotes":""},"class_list":["post-442858","page","type-page","status-publish","hentry"],"acf":[],"yoast_head":"<!-- This site is optimized with the Yoast SEO plugin v27.5 - https:\/\/yoast.com\/product\/yoast-seo-wordpress\/ -->\n<title>Op zoek naar een Volkswagen Crafter automaat?<\/title>\n<meta name=\"description\" content=\"De Volkswagen Crafter automaat: krachtig, ruim en veelzijdig. Ontdek het aanbod en bekijk de mogelijkheden.\" \/>\n<meta name=\"robots\" content=\"index, follow, max-snippet:-1, max-image-preview:large, max-video-preview:-1\" \/>\n<link rel=\"canonical\" href=\"https:\/\/www.vdhurk.nl\/es\/mercedes-13\/mercedes-16\/maquina\/\" \/>\n<meta property=\"og:locale\" content=\"es_ES\" \/>\n<meta property=\"og:type\" content=\"article\" \/>\n<meta property=\"og:title\" content=\"Op zoek naar een Volkswagen Crafter automaat?\" \/>\n<meta property=\"og:description\" content=\"De Volkswagen Crafter automaat: krachtig, ruim en veelzijdig. Ontdek het aanbod en bekijk de mogelijkheden.\" \/>\n<meta property=\"og:url\" content=\"https:\/\/www.vdhurk.nl\/es\/mercedes-13\/mercedes-16\/maquina\/\" \/>\n<meta property=\"og:site_name\" content=\"Van den Hurk Bedrijfswagens\" \/>\n<meta property=\"article:modified_time\" content=\"2025-02-06T16:22:38+00:00\" \/>\n<meta name=\"twitter:card\" content=\"summary_large_image\" \/>\n<meta name=\"twitter:label1\" content=\"Tiempo de lectura\" \/>\n\t<meta name=\"twitter:data1\" content=\"4 minutos\" \/>\n<script type=\"application\/ld+json\" class=\"yoast-schema-graph\">{\"@context\":\"https:\\\/\\\/schema.org\",\"@graph\":[{\"@type\":\"WebPage\",\"@id\":\"https:\\\/\\\/www.vdhurk.nl\\\/volkswagen-bedrijfswagens\\\/crafter\\\/automaat\\\/\",\"url\":\"https:\\\/\\\/www.vdhurk.nl\\\/volkswagen-bedrijfswagens\\\/crafter\\\/automaat\\\/\",\"name\":\"Op zoek naar een Volkswagen Crafter automaat?\",\"isPartOf\":{\"@id\":\"https:\\\/\\\/www.vdhurk.nl\\\/#website\"},\"datePublished\":\"2025-02-06T14:47:26+00:00\",\"dateModified\":\"2025-02-06T16:22:38+00:00\",\"description\":\"De Volkswagen Crafter automaat: krachtig, ruim en veelzijdig. Ontdek het aanbod en bekijk de mogelijkheden.\",\"breadcrumb\":{\"@id\":\"https:\\\/\\\/www.vdhurk.nl\\\/volkswagen-bedrijfswagens\\\/crafter\\\/automaat\\\/#breadcrumb\"},\"inLanguage\":\"es\",\"potentialAction\":[{\"@type\":\"ReadAction\",\"target\":[\"https:\\\/\\\/www.vdhurk.nl\\\/volkswagen-bedrijfswagens\\\/crafter\\\/automaat\\\/\"]}]},{\"@type\":\"BreadcrumbList\",\"@id\":\"https:\\\/\\\/www.vdhurk.nl\\\/volkswagen-bedrijfswagens\\\/crafter\\\/automaat\\\/#breadcrumb\",\"itemListElement\":[{\"@type\":\"ListItem\",\"position\":1,\"name\":\"Home\",\"item\":\"https:\\\/\\\/www.vdhurk.nl\\\/home\\\/\"},{\"@type\":\"ListItem\",\"position\":2,\"name\":\"Volkswagen Bedrijfswagens\",\"item\":\"https:\\\/\\\/www.vdhurk.nl\\\/volkswagen-bedrijfswagens\\\/\"},{\"@type\":\"ListItem\",\"position\":3,\"name\":\"Volkswagen Crafter\",\"item\":\"https:\\\/\\\/www.vdhurk.nl\\\/volkswagen-bedrijfswagens\\\/crafter\\\/\"},{\"@type\":\"ListItem\",\"position\":4,\"name\":\"Volkswagen Crafter Automaat\"}]},{\"@type\":\"WebSite\",\"@id\":\"https:\\\/\\\/www.vdhurk.nl\\\/#website\",\"url\":\"https:\\\/\\\/www.vdhurk.nl\\\/\",\"name\":\"Van den Hurk Bedrijfswagens\",\"description\":\"Van den Hurk bedrijfswagens Helmond\",\"potentialAction\":[{\"@type\":\"SearchAction\",\"target\":{\"@type\":\"EntryPoint\",\"urlTemplate\":\"https:\\\/\\\/www.vdhurk.nl\\\/?s={search_term_string}\"},\"query-input\":{\"@type\":\"PropertyValueSpecification\",\"valueRequired\":true,\"valueName\":\"search_term_string\"}}],\"inLanguage\":\"es\"}]}<\/script>\n<!-- \/ Yoast SEO plugin. -->","yoast_head_json":{"title":"\u00bfBusca una transmisi\u00f3n autom\u00e1tica Volkswagen Crafter?","description":"El Volkswagen Crafter autom\u00e1tico: potente, espacioso y vers\u00e1til. Explora la gama y consulta las opciones.","robots":{"index":"index","follow":"follow","max-snippet":"max-snippet:-1","max-image-preview":"max-image-preview:large","max-video-preview":"max-video-preview:-1"},"canonical":"https:\/\/www.vdhurk.nl\/es\/mercedes-13\/mercedes-16\/maquina\/","og_locale":"es_ES","og_type":"article","og_title":"Op zoek naar een Volkswagen Crafter automaat?","og_description":"De Volkswagen Crafter automaat: krachtig, ruim en veelzijdig. Ontdek het aanbod en bekijk de mogelijkheden.","og_url":"https:\/\/www.vdhurk.nl\/es\/mercedes-13\/mercedes-16\/maquina\/","og_site_name":"Van den Hurk Bedrijfswagens","article_modified_time":"2025-02-06T16:22:38+00:00","twitter_card":"summary_large_image","twitter_misc":{"Tiempo de lectura":"4 minutos"},"schema":{"@context":"https:\/\/schema.org","@graph":[{"@type":"WebPage","@id":"https:\/\/www.vdhurk.nl\/volkswagen-bedrijfswagens\/crafter\/automaat\/","url":"https:\/\/www.vdhurk.nl\/volkswagen-bedrijfswagens\/crafter\/automaat\/","name":"\u00bfBusca una transmisi\u00f3n autom\u00e1tica Volkswagen Crafter?","isPartOf":{"@id":"https:\/\/www.vdhurk.nl\/#website"},"datePublished":"2025-02-06T14:47:26+00:00","dateModified":"2025-02-06T16:22:38+00:00","description":"El Volkswagen Crafter autom\u00e1tico: potente, espacioso y vers\u00e1til. Explora la gama y consulta las opciones.","breadcrumb":{"@id":"https:\/\/www.vdhurk.nl\/volkswagen-bedrijfswagens\/crafter\/automaat\/#breadcrumb"},"inLanguage":"es","potentialAction":[{"@type":"ReadAction","target":["https:\/\/www.vdhurk.nl\/volkswagen-bedrijfswagens\/crafter\/automaat\/"]}]},{"@type":"BreadcrumbList","@id":"https:\/\/www.vdhurk.nl\/volkswagen-bedrijfswagens\/crafter\/automaat\/#breadcrumb","itemListElement":[{"@type":"ListItem","position":1,"name":"Home","item":"https:\/\/www.vdhurk.nl\/home\/"},{"@type":"ListItem","position":2,"name":"Volkswagen Bedrijfswagens","item":"https:\/\/www.vdhurk.nl\/volkswagen-bedrijfswagens\/"},{"@type":"ListItem","position":3,"name":"Volkswagen Crafter","item":"https:\/\/www.vdhurk.nl\/volkswagen-bedrijfswagens\/crafter\/"},{"@type":"ListItem","position":4,"name":"Volkswagen Crafter Automaat"}]},{"@type":"WebSite","@id":"https:\/\/www.vdhurk.nl\/#website","url":"https:\/\/www.vdhurk.nl\/","name":"Veh\u00edculos comerciales Van den Hurk","description":"Van den Hurk veh\u00edculos comerciales Helmond","potentialAction":[{"@type":"SearchAction","target":{"@type":"EntryPoint","urlTemplate":"https:\/\/www.vdhurk.nl\/?s={search_term_string}"},"query-input":{"@type":"PropertyValueSpecification","valueRequired":true,"valueName":"search_term_string"}}],"inLanguage":"es"}]}},"_links":{"self":[{"href":"https:\/\/www.vdhurk.nl\/es\/wp-json\/wp\/v2\/pages\/442858","targetHints":{"allow":["GET"]}}],"collection":[{"href":"https:\/\/www.vdhurk.nl\/es\/wp-json\/wp\/v2\/pages"}],"about":[{"href":"https:\/\/www.vdhurk.nl\/es\/wp-json\/wp\/v2\/types\/page"}],"author":[{"embeddable":true,"href":"https:\/\/www.vdhurk.nl\/es\/wp-json\/wp\/v2\/users\/3"}],"replies":[{"embeddable":true,"href":"https:\/\/www.vdhurk.nl\/es\/wp-json\/wp\/v2\/comments?post=442858"}],"version-history":[{"count":6,"href":"https:\/\/www.vdhurk.nl\/es\/wp-json\/wp\/v2\/pages\/442858\/revisions"}],"predecessor-version":[{"id":442894,"href":"https:\/\/www.vdhurk.nl\/es\/wp-json\/wp\/v2\/pages\/442858\/revisions\/442894"}],"up":[{"embeddable":true,"href":"https:\/\/www.vdhurk.nl\/es\/wp-json\/wp\/v2\/pages\/397527"}],"wp:attachment":[{"href":"https:\/\/www.vdhurk.nl\/es\/wp-json\/wp\/v2\/media?parent=442858"}],"curies":[{"name":"wp","href":"https:\/\/api.w.org\/{rel}","templated":true}]}}