{"id":442821,"date":"2025-02-06T14:55:32","date_gmt":"2025-02-06T13:55:32","guid":{"rendered":"https:\/\/www.vdhurk.nl\/?page_id=442821"},"modified":"2025-02-06T17:22:18","modified_gmt":"2025-02-06T16:22:18","slug":"maquina","status":"publish","type":"page","link":"https:\/\/www.vdhurk.nl\/es\/renault-bedrijfswagens\/trafic\/automaat\/","title":{"rendered":"Renault Trafic Autom\u00e1tico"},"content":{"rendered":"<section  class='av_textblock_section av-lu8gnh7d-4ac895489941e586c1d7c8cb72318135'  itemscope=\"itemscope\" itemtype=\"https:\/\/schema.org\/CreativeWork\" ><div class='avia_textblock'  itemprop=\"text\" ><h1>\u00bfComprar Renault Trafic autom\u00e1tico?<\/h1>\n<p>Un veh\u00edculo comercial vers\u00e1til y fiable es indispensable para cualquier empresa. El Renault Trafic autom\u00e1tico le ofrece exactamente lo que necesita: una combinaci\u00f3n de prestaciones, confort y eficacia. Renault es conocido desde hace muchos a\u00f1os por sus veh\u00edculos comerciales s\u00f3lidos e innovadores. Explore la amplia gama y encuentre el veh\u00edculo comercial ideal que se adapte perfectamente a las necesidades de su negocio.<\/p>\n<\/div><\/section>\n\n<style type=\"text\/css\" data-created_by=\"avia_inline_auto\" id=\"style-css-av-lujjddpd-afa3d7a9eabd61123e643ed1228e781e\">\n#top .hr.hr-invisible.av-lujjddpd-afa3d7a9eabd61123e643ed1228e781e{\nheight:50px;\n}\n<\/style>\n<div  class='hr av-lujjddpd-afa3d7a9eabd61123e643ed1228e781e hr-invisible  avia-builder-el-1  el_after_av_textblock  el_before_av_codeblock'><span class='hr-inner'><span class=\"hr-inner-style\"><\/span><\/span><\/div>\n\n\n<style type=\"text\/css\" data-created_by=\"avia_inline_auto\" id=\"style-css-av-ah0xd-63338d9dc6b40410e22a712829c369d6\">\n#top .hr.hr-invisible.av-ah0xd-63338d9dc6b40410e22a712829c369d6{\nheight:50px;\n}\n<\/style>\n<div  class='hr av-ah0xd-63338d9dc6b40410e22a712829c369d6 hr-invisible  avia-builder-el-3  el_after_av_codeblock  el_before_av_textblock'><span class='hr-inner'><span class=\"hr-inner-style\"><\/span><\/span><\/div>\n<section  class='av_textblock_section av-lu8gow1e-300853e458ed741bd87d6cb78e55cc7a'  itemscope=\"itemscope\" itemtype=\"https:\/\/schema.org\/CreativeWork\" ><div class='avia_textblock'  itemprop=\"text\" ><h2>\u00bfPor qu\u00e9 elegir una versi\u00f3n autom\u00e1tica?<\/h2>\n<p>Como empresario, quieres un coche de empresa que no s\u00f3lo rinda con eficacia, sino que tambi\u00e9n te facilite la conducci\u00f3n diaria. En este sentido, el autom\u00e1tico ofrece claras ventajas sobre los modelos manuales de Renault Trafic. Con un autom\u00e1tico, s\u00f3lo utilizas un pie, lo que hace que la conducci\u00f3n sea m\u00e1s c\u00f3moda, especialmente en viajes largos o al parar y acelerar constantemente en tr\u00e1fico denso. Adem\u00e1s, una transmisi\u00f3n autom\u00e1tica proporciona una experiencia de conducci\u00f3n suave sin el riesgo de que el motor se cale. Con un cambio autom\u00e1tico, usted elige comodidad, durabilidad y ahorro. Exactamente la combinaci\u00f3n que busca para su negocio.<\/p>\n<\/div><\/section>\n<div class='flex_column av-f64w1-da126f42b61613402309283c14245a25 av_one_half  avia-builder-el-5  el_after_av_textblock  el_before_av_one_third  first flex_column_div column-top-margin'   ><section  class='av_textblock_section av-lu8gpqre-73cc2c17e6a6497ba6e1b58af22bd9e8'  itemscope=\"itemscope\" itemtype=\"https:\/\/schema.org\/CreativeWork\" ><div class='avia_textblock'  itemprop=\"text\" ><h2>Las ventajas del Renault Trafic<\/h2>\n<p>El Renault Trafic usado es una elecci\u00f3n inteligente para los empresarios que buscan un veh\u00edculo comercial que ofrezca confort, espacio y fiabilidad. Gracias a su dise\u00f1o ergon\u00f3mico, todos los trayectos son c\u00f3modos, incluso durante largas jornadas de trabajo. Tambi\u00e9n te beneficiar\u00e1s de una gran capacidad de carga con pr\u00e1cticas opciones de almacenamiento, ideales para transportar mercanc\u00edas y materiales de forma eficiente. En materia de seguridad, el Trafic tampoco defrauda: con modernos sistemas de asistencia a la conducci\u00f3n como el ABS, el ESP y el asistente de frenado de emergencia, siempre conducir\u00e1s con tranquilidad. As\u00ed que con el Renault Trafic, tienes la seguridad de contar con un veh\u00edculo comercial que se adapta perfectamente a las necesidades de tu negocio.<\/p>\n<\/div><\/section><\/div>\n<div class='flex_column av-aldk9-ee694297f5c4032981677a02caab84d6 av_one_third  avia-builder-el-7  el_after_av_one_half  el_before_av_hr  flex_column_div column-top-margin'   ><style type=\"text\/css\" data-created_by=\"avia_inline_auto\" id=\"style-css-av-l1w9kpsf-4ec3fab772ec7a9adaa33cfc64ff0475\">\n.avia-image-container.av-l1w9kpsf-4ec3fab772ec7a9adaa33cfc64ff0475 .av-image-caption-overlay-center{\ncolor:#ffffff;\n}\n<\/style>\n<div  class='avia-image-container av-l1w9kpsf-4ec3fab772ec7a9adaa33cfc64ff0475 av-styling- avia-align-center  avia-builder-el-8  avia-builder-el-no-sibling'  itemprop=\"image\" itemscope=\"itemscope\" itemtype=\"https:\/\/schema.org\/ImageObject\" ><div class=\"avia-image-container-inner\"><div class=\"avia-image-overlay-wrap\"><img decoding=\"async\" class='wp-image-187 avia-img-lazy-loading-not-187 avia_image' src=\"https:\/\/www.vdhurk.nl\/wp-content\/uploads\/2022\/03\/Voorrad.png\" alt='' title='Stock'  height=\"758\" width=\"1135\"  itemprop=\"thumbnailUrl\" srcset=\"https:\/\/www.vdhurk.nl\/wp-content\/uploads\/2022\/03\/Voorrad.png 1135w, https:\/\/www.vdhurk.nl\/wp-content\/uploads\/2022\/03\/Voorrad-300x200.png 300w, https:\/\/www.vdhurk.nl\/wp-content\/uploads\/2022\/03\/Voorrad-1030x688.png 1030w, https:\/\/www.vdhurk.nl\/wp-content\/uploads\/2022\/03\/Voorrad-768x513.png 768w, https:\/\/www.vdhurk.nl\/wp-content\/uploads\/2022\/03\/Voorrad-18x12.png 18w, https:\/\/www.vdhurk.nl\/wp-content\/uploads\/2022\/03\/Voorrad-705x471.png 705w\" sizes=\"(max-width: 1135px) 100vw, 1135px\" \/><\/div><\/div><\/div><\/div>\n\n<style type=\"text\/css\" data-created_by=\"avia_inline_auto\" id=\"style-css-av-luqrjpjc-5a23a1fb5f94718ca85316a9df963e2f\">\n#top .hr.hr-invisible.av-luqrjpjc-5a23a1fb5f94718ca85316a9df963e2f{\nheight:50px;\n}\n<\/style>\n<div  class='hr av-luqrjpjc-5a23a1fb5f94718ca85316a9df963e2f hr-invisible  avia-builder-el-9  el_after_av_one_third  el_before_av_textblock'><span class='hr-inner'><span class=\"hr-inner-style\"><\/span><\/span><\/div>\n<section  class='av_textblock_section av-lu8gtjw7-4f3cee9304909518d86d2860d9d582dd'  itemscope=\"itemscope\" itemtype=\"https:\/\/schema.org\/CreativeWork\" ><div class='avia_textblock'  itemprop=\"text\" ><h2>\u00bfComprar o alquilar un Renault Trafic?<\/h2>\n<p>\u00bfSab\u00edas que puedes elegir entre varias opciones de pago para tu coche de empresa en Van den Hurk? Puedes elegir pagar el importe total de una sola vez, pero <a href=\"https:\/\/www.vdhurk.nl\/es\/arrendamiento-financiero\/\">arrendamiento financiero<\/a> es una alternativa atractiva si prefieres pagar al mes. \u00bfCu\u00e1l es la gran ventaja de alquilar un Renault Trafic? Al final del periodo de leasing, usted es el propietario absoluto del Renault Trafic. As\u00ed dispondr\u00e1 inmediatamente de un coche de empresa fiable, sin tener que hacer una gran inversi\u00f3n de inmediato.<\/p>\n<h2>\u00bfEn qu\u00e9 gama de precios se sit\u00faan estos veh\u00edculos comerciales de Renault?<\/h2>\n<p>Los precios de un Renault Trafic autom\u00e1tico var\u00edan, y con raz\u00f3n. En nuestra oferta actual, encontrar\u00e1 diversas versiones, a\u00f1os de fabricaci\u00f3n y kilometraje, lo que da lugar a diferentes rangos de precios. Esto hace dif\u00edcil dar una indicaci\u00f3n de precio fijo, pero te da la oportunidad de encontrar un veh\u00edculo comercial que se ajuste a tu presupuesto. \u00bfQuiere saber m\u00e1s sobre precios o asesoramiento a medida? No dude en ponerse en contacto con nosotros, estaremos encantados de reflexionar con usted.<\/p>\n<h2>Encuentra un Renault Trafic adecuado<\/h2>\n<p>\u00bfHa encontrado un Renault Trafic autom\u00e1tico que se adapte a las necesidades de su empresa? Muy bien. \u00bfA\u00fan no has encontrado lo que buscas? No te preocupes. Reg\u00edstrate en nuestro <a href=\"https:\/\/www.vdhurk.nl\/es\/alerta-de-valores\/\">alerta de valores<\/a> y mant\u00e9ngase f\u00e1cilmente al d\u00eda de las versiones autom\u00e1ticas que vayan llegando. Juntos encontraremos tu veh\u00edculo comercial perfecto.<\/p>\n<\/div><\/section>","protected":false},"excerpt":{"rendered":"","protected":false},"author":3,"featured_media":0,"parent":409484,"menu_order":0,"comment_status":"closed","ping_status":"closed","template":"","meta":{"_acf_changed":false,"_improvement_type_select":"improve_an_existing","_thumb_yes_seoaic":false,"_frame_yes_seoaic":false,"seoaic_generate_description":"","seoaic_improve_instructions_prompt":"","seoaic_rollback_content_improvement":"","seoaic_idea_thumbnail_generator":"","thumbnail_generated":false,"thumbnail_generate_prompt":"","seoaic_article_description":"","footnotes":""},"class_list":["post-442821","page","type-page","status-publish","hentry"],"acf":[],"yoast_head":"<!-- This site is optimized with the Yoast SEO plugin v27.3 - https:\/\/yoast.com\/product\/yoast-seo-wordpress\/ -->\n<title>Vind de Renault Trafic automaat die bij jou past<\/title>\n<meta name=\"description\" content=\"Ben je op zoek naar een veelzijdige Renault Trafic automaat voor jouw onderneming? Bekijk ons aanbod en vind de bedrijfswagen die bij jou past.\" \/>\n<meta name=\"robots\" content=\"index, follow, max-snippet:-1, max-image-preview:large, max-video-preview:-1\" \/>\n<link rel=\"canonical\" href=\"https:\/\/www.vdhurk.nl\/es\/vehiculos-comerciales-renault\/mercedes-7\/maquina\/\" \/>\n<meta property=\"og:locale\" content=\"es_ES\" \/>\n<meta property=\"og:type\" content=\"article\" \/>\n<meta property=\"og:title\" content=\"Vind de Renault Trafic automaat die bij jou past\" \/>\n<meta property=\"og:description\" content=\"Ben je op zoek naar een veelzijdige Renault Trafic automaat voor jouw onderneming? Bekijk ons aanbod en vind de bedrijfswagen die bij jou past.\" \/>\n<meta property=\"og:url\" content=\"https:\/\/www.vdhurk.nl\/es\/vehiculos-comerciales-renault\/mercedes-7\/maquina\/\" \/>\n<meta property=\"og:site_name\" content=\"Van den Hurk Bedrijfswagens\" \/>\n<meta property=\"article:modified_time\" content=\"2025-02-06T16:22:18+00:00\" \/>\n<meta name=\"twitter:card\" content=\"summary_large_image\" \/>\n<meta name=\"twitter:label1\" content=\"Tiempo de lectura\" \/>\n\t<meta name=\"twitter:data1\" content=\"4 minutos\" \/>\n<script type=\"application\/ld+json\" class=\"yoast-schema-graph\">{\"@context\":\"https:\\\/\\\/schema.org\",\"@graph\":[{\"@type\":\"WebPage\",\"@id\":\"https:\\\/\\\/www.vdhurk.nl\\\/renault-bedrijfswagens\\\/trafic\\\/automaat\\\/\",\"url\":\"https:\\\/\\\/www.vdhurk.nl\\\/renault-bedrijfswagens\\\/trafic\\\/automaat\\\/\",\"name\":\"Vind de Renault Trafic automaat die bij jou past\",\"isPartOf\":{\"@id\":\"https:\\\/\\\/www.vdhurk.nl\\\/#website\"},\"datePublished\":\"2025-02-06T13:55:32+00:00\",\"dateModified\":\"2025-02-06T16:22:18+00:00\",\"description\":\"Ben je op zoek naar een veelzijdige Renault Trafic automaat voor jouw onderneming? Bekijk ons aanbod en vind de bedrijfswagen die bij jou past.\",\"breadcrumb\":{\"@id\":\"https:\\\/\\\/www.vdhurk.nl\\\/renault-bedrijfswagens\\\/trafic\\\/automaat\\\/#breadcrumb\"},\"inLanguage\":\"es\",\"potentialAction\":[{\"@type\":\"ReadAction\",\"target\":[\"https:\\\/\\\/www.vdhurk.nl\\\/renault-bedrijfswagens\\\/trafic\\\/automaat\\\/\"]}]},{\"@type\":\"BreadcrumbList\",\"@id\":\"https:\\\/\\\/www.vdhurk.nl\\\/renault-bedrijfswagens\\\/trafic\\\/automaat\\\/#breadcrumb\",\"itemListElement\":[{\"@type\":\"ListItem\",\"position\":1,\"name\":\"Home\",\"item\":\"https:\\\/\\\/www.vdhurk.nl\\\/home\\\/\"},{\"@type\":\"ListItem\",\"position\":2,\"name\":\"Renault Bedrijfswagens\",\"item\":\"https:\\\/\\\/www.vdhurk.nl\\\/renault-bedrijfswagens\\\/\"},{\"@type\":\"ListItem\",\"position\":3,\"name\":\"Renault Trafic\",\"item\":\"https:\\\/\\\/www.vdhurk.nl\\\/renault-bedrijfswagens\\\/trafic\\\/\"},{\"@type\":\"ListItem\",\"position\":4,\"name\":\"Renault Trafic Automaat\"}]},{\"@type\":\"WebSite\",\"@id\":\"https:\\\/\\\/www.vdhurk.nl\\\/#website\",\"url\":\"https:\\\/\\\/www.vdhurk.nl\\\/\",\"name\":\"Van den Hurk Bedrijfswagens\",\"description\":\"Van den Hurk bedrijfswagens Helmond\",\"potentialAction\":[{\"@type\":\"SearchAction\",\"target\":{\"@type\":\"EntryPoint\",\"urlTemplate\":\"https:\\\/\\\/www.vdhurk.nl\\\/?s={search_term_string}\"},\"query-input\":{\"@type\":\"PropertyValueSpecification\",\"valueRequired\":true,\"valueName\":\"search_term_string\"}}],\"inLanguage\":\"es\"}]}<\/script>\n<!-- \/ Yoast SEO plugin. -->","yoast_head_json":{"title":"Encuentra el Renault Trafic autom\u00e1tico que se adapta a ti","description":"\u00bfBuscas un Renault Trafic autom\u00e1tico polivalente para tu empresa? Consulta nuestra gama y encuentra el veh\u00edculo comercial que se adapta a ti.","robots":{"index":"index","follow":"follow","max-snippet":"max-snippet:-1","max-image-preview":"max-image-preview:large","max-video-preview":"max-video-preview:-1"},"canonical":"https:\/\/www.vdhurk.nl\/es\/vehiculos-comerciales-renault\/mercedes-7\/maquina\/","og_locale":"es_ES","og_type":"article","og_title":"Vind de Renault Trafic automaat die bij jou past","og_description":"Ben je op zoek naar een veelzijdige Renault Trafic automaat voor jouw onderneming? Bekijk ons aanbod en vind de bedrijfswagen die bij jou past.","og_url":"https:\/\/www.vdhurk.nl\/es\/vehiculos-comerciales-renault\/mercedes-7\/maquina\/","og_site_name":"Van den Hurk Bedrijfswagens","article_modified_time":"2025-02-06T16:22:18+00:00","twitter_card":"summary_large_image","twitter_misc":{"Tiempo de lectura":"4 minutos"},"schema":{"@context":"https:\/\/schema.org","@graph":[{"@type":"WebPage","@id":"https:\/\/www.vdhurk.nl\/renault-bedrijfswagens\/trafic\/automaat\/","url":"https:\/\/www.vdhurk.nl\/renault-bedrijfswagens\/trafic\/automaat\/","name":"Encuentra el Renault Trafic autom\u00e1tico que se adapta a ti","isPartOf":{"@id":"https:\/\/www.vdhurk.nl\/#website"},"datePublished":"2025-02-06T13:55:32+00:00","dateModified":"2025-02-06T16:22:18+00:00","description":"\u00bfBuscas un Renault Trafic autom\u00e1tico polivalente para tu empresa? Consulta nuestra gama y encuentra el veh\u00edculo comercial que se adapta a ti.","breadcrumb":{"@id":"https:\/\/www.vdhurk.nl\/renault-bedrijfswagens\/trafic\/automaat\/#breadcrumb"},"inLanguage":"es","potentialAction":[{"@type":"ReadAction","target":["https:\/\/www.vdhurk.nl\/renault-bedrijfswagens\/trafic\/automaat\/"]}]},{"@type":"BreadcrumbList","@id":"https:\/\/www.vdhurk.nl\/renault-bedrijfswagens\/trafic\/automaat\/#breadcrumb","itemListElement":[{"@type":"ListItem","position":1,"name":"Home","item":"https:\/\/www.vdhurk.nl\/home\/"},{"@type":"ListItem","position":2,"name":"Renault Bedrijfswagens","item":"https:\/\/www.vdhurk.nl\/renault-bedrijfswagens\/"},{"@type":"ListItem","position":3,"name":"Renault Trafic","item":"https:\/\/www.vdhurk.nl\/renault-bedrijfswagens\/trafic\/"},{"@type":"ListItem","position":4,"name":"Renault Trafic Automaat"}]},{"@type":"WebSite","@id":"https:\/\/www.vdhurk.nl\/#website","url":"https:\/\/www.vdhurk.nl\/","name":"Veh\u00edculos comerciales Van den Hurk","description":"Van den Hurk veh\u00edculos comerciales Helmond","potentialAction":[{"@type":"SearchAction","target":{"@type":"EntryPoint","urlTemplate":"https:\/\/www.vdhurk.nl\/?s={search_term_string}"},"query-input":{"@type":"PropertyValueSpecification","valueRequired":true,"valueName":"search_term_string"}}],"inLanguage":"es"}]}},"_links":{"self":[{"href":"https:\/\/www.vdhurk.nl\/es\/wp-json\/wp\/v2\/pages\/442821","targetHints":{"allow":["GET"]}}],"collection":[{"href":"https:\/\/www.vdhurk.nl\/es\/wp-json\/wp\/v2\/pages"}],"about":[{"href":"https:\/\/www.vdhurk.nl\/es\/wp-json\/wp\/v2\/types\/page"}],"author":[{"embeddable":true,"href":"https:\/\/www.vdhurk.nl\/es\/wp-json\/wp\/v2\/users\/3"}],"replies":[{"embeddable":true,"href":"https:\/\/www.vdhurk.nl\/es\/wp-json\/wp\/v2\/comments?post=442821"}],"version-history":[{"count":5,"href":"https:\/\/www.vdhurk.nl\/es\/wp-json\/wp\/v2\/pages\/442821\/revisions"}],"predecessor-version":[{"id":442892,"href":"https:\/\/www.vdhurk.nl\/es\/wp-json\/wp\/v2\/pages\/442821\/revisions\/442892"}],"up":[{"embeddable":true,"href":"https:\/\/www.vdhurk.nl\/es\/wp-json\/wp\/v2\/pages\/409484"}],"wp:attachment":[{"href":"https:\/\/www.vdhurk.nl\/es\/wp-json\/wp\/v2\/media?parent=442821"}],"curies":[{"name":"wp","href":"https:\/\/api.w.org\/{rel}","templated":true}]}}