{"id":442819,"date":"2025-02-06T14:39:02","date_gmt":"2025-02-06T13:39:02","guid":{"rendered":"https:\/\/www.vdhurk.nl\/?page_id=442819"},"modified":"2025-02-06T17:20:59","modified_gmt":"2025-02-06T16:20:59","slug":"maquina","status":"publish","type":"page","link":"https:\/\/www.vdhurk.nl\/es\/peugeot-bedrijfswagens\/boxer\/automaat\/","title":{"rendered":"Peugeot Boxer Autom\u00e1tico"},"content":{"rendered":"<section  class='av_textblock_section av-lu8gnh7d-4ac895489941e586c1d7c8cb72318135'  itemscope=\"itemscope\" itemtype=\"https:\/\/schema.org\/CreativeWork\" ><div class='avia_textblock'  itemprop=\"text\" ><h1>\u00bfBusca un Peugeot Boxer autom\u00e1tico?<\/h1>\n<p>\u00bfBuscas un coche de empresa fiable para tu negocio? Entonces el Peugeot Boxer autom\u00e1tico merece su atenci\u00f3n. Este modelo es popular entre los usuarios de negocios y por una buena raz\u00f3n. Con su confortable experiencia de conducci\u00f3n y su amplia capacidad de carga, el Peugeot Boxer es una excelente opci\u00f3n para los empresarios que valoran la calidad y la eficiencia. Sigue leyendo y descubre si este veh\u00edculo comercial se adapta perfectamente a las necesidades de tu negocio.<\/p>\n<\/div><\/section>\n\n<style type=\"text\/css\" data-created_by=\"avia_inline_auto\" id=\"style-css-av-lujjddpd-afa3d7a9eabd61123e643ed1228e781e\">\n#top .hr.hr-invisible.av-lujjddpd-afa3d7a9eabd61123e643ed1228e781e{\nheight:50px;\n}\n<\/style>\n<div  class='hr av-lujjddpd-afa3d7a9eabd61123e643ed1228e781e hr-invisible  avia-builder-el-1  el_after_av_textblock  el_before_av_codeblock'><span class='hr-inner'><span class=\"hr-inner-style\"><\/span><\/span><\/div>\n\n\n<style type=\"text\/css\" data-created_by=\"avia_inline_auto\" id=\"style-css-av-ah0xd-63338d9dc6b40410e22a712829c369d6\">\n#top .hr.hr-invisible.av-ah0xd-63338d9dc6b40410e22a712829c369d6{\nheight:50px;\n}\n<\/style>\n<div  class='hr av-ah0xd-63338d9dc6b40410e22a712829c369d6 hr-invisible  avia-builder-el-3  el_after_av_codeblock  el_before_av_textblock'><span class='hr-inner'><span class=\"hr-inner-style\"><\/span><\/span><\/div>\n<section  class='av_textblock_section av-lu8gow1e-300853e458ed741bd87d6cb78e55cc7a'  itemscope=\"itemscope\" itemtype=\"https:\/\/schema.org\/CreativeWork\" ><div class='avia_textblock'  itemprop=\"text\" ><h2>Las ventajas de una versi\u00f3n autom\u00e1tica<\/h2>\n<p>Como empresario, naturalmente quieres un coche de empresa que no s\u00f3lo funcione eficientemente, sino que tambi\u00e9n facilite al m\u00e1ximo la conducci\u00f3n. Un autom\u00e1tico ofrece exactamente esas ventajas y se distingue claramente de los Peugeot Boxer manuales. Como s\u00f3lo utilizas un pie, te beneficias de un mayor confort de conducci\u00f3n. Esto es especialmente ventajoso durante los viajes largos o cuando necesitas regularmente parar y acelerar en el tr\u00e1fico pesado de la ciudad. Con un Renault Trafic autom\u00e1tico, inviertes en confort y fiabilidad.<\/p>\n<\/div><\/section>\n<div class='flex_column av-f64w1-da126f42b61613402309283c14245a25 av_one_half  avia-builder-el-5  el_after_av_textblock  el_before_av_one_third  first flex_column_div column-top-margin'   ><section  class='av_textblock_section av-lu8gpqre-73cc2c17e6a6497ba6e1b58af22bd9e8'  itemscope=\"itemscope\" itemtype=\"https:\/\/schema.org\/CreativeWork\" ><div class='avia_textblock'  itemprop=\"text\" ><h2>\u00bfPor qu\u00e9 elegir un Peugeot Boxer usado o nuevo?<\/h2>\n<p>\u00bfEst\u00e1 pensando en un Peugeot Boxer? Entonces est\u00e1s eligiendo un veh\u00edculo comercial que ofrece varias ventajas. El habit\u00e1culo ha sido dise\u00f1ado para ofrecer un confort \u00f3ptimo, para que las largas jornadas de trabajo al volante no te supongan ning\u00fan esfuerzo. Gracias a sus amplios espacios portaobjetos y a sus pr\u00e1cticos equipamientos, disfrutar\u00e1s de una conducci\u00f3n confortable todos los d\u00edas. El Peugeot Boxer es tambi\u00e9n muy polivalente, con varias versiones que se adaptan a las diferentes necesidades de las empresas. Tanto si buscas un modelo para el transporte de mercanc\u00edas como para fines empresariales espec\u00edficos, siempre hay una variante que se adapta a ti. En resumen, el Peugeot Boxer ofrece una combinaci\u00f3n de confort, versatilidad y posibilidades de elecci\u00f3n. Esto hace que este veh\u00edculo comercial sea ideal para cualquier negocio.<\/p>\n<\/div><\/section><\/div>\n<div class='flex_column av-aldk9-ee694297f5c4032981677a02caab84d6 av_one_third  avia-builder-el-7  el_after_av_one_half  el_before_av_hr  flex_column_div column-top-margin'   ><style type=\"text\/css\" data-created_by=\"avia_inline_auto\" id=\"style-css-av-l1w9kpsf-4ec3fab772ec7a9adaa33cfc64ff0475\">\n.avia-image-container.av-l1w9kpsf-4ec3fab772ec7a9adaa33cfc64ff0475 .av-image-caption-overlay-center{\ncolor:#ffffff;\n}\n<\/style>\n<div  class='avia-image-container av-l1w9kpsf-4ec3fab772ec7a9adaa33cfc64ff0475 av-styling- avia-align-center  avia-builder-el-8  avia-builder-el-no-sibling'  itemprop=\"image\" itemscope=\"itemscope\" itemtype=\"https:\/\/schema.org\/ImageObject\" ><div class=\"avia-image-container-inner\"><div class=\"avia-image-overlay-wrap\"><img decoding=\"async\" class='wp-image-187 avia-img-lazy-loading-not-187 avia_image' src=\"https:\/\/www.vdhurk.nl\/wp-content\/uploads\/2022\/03\/Voorrad.png\" alt='' title='Stock'  height=\"758\" width=\"1135\"  itemprop=\"thumbnailUrl\" srcset=\"https:\/\/www.vdhurk.nl\/wp-content\/uploads\/2022\/03\/Voorrad.png 1135w, https:\/\/www.vdhurk.nl\/wp-content\/uploads\/2022\/03\/Voorrad-300x200.png 300w, https:\/\/www.vdhurk.nl\/wp-content\/uploads\/2022\/03\/Voorrad-1030x688.png 1030w, https:\/\/www.vdhurk.nl\/wp-content\/uploads\/2022\/03\/Voorrad-768x513.png 768w, https:\/\/www.vdhurk.nl\/wp-content\/uploads\/2022\/03\/Voorrad-18x12.png 18w, https:\/\/www.vdhurk.nl\/wp-content\/uploads\/2022\/03\/Voorrad-705x471.png 705w\" sizes=\"(max-width: 1135px) 100vw, 1135px\" \/><\/div><\/div><\/div><\/div>\n\n<style type=\"text\/css\" data-created_by=\"avia_inline_auto\" id=\"style-css-av-luqrjpjc-5a23a1fb5f94718ca85316a9df963e2f\">\n#top .hr.hr-invisible.av-luqrjpjc-5a23a1fb5f94718ca85316a9df963e2f{\nheight:50px;\n}\n<\/style>\n<div  class='hr av-luqrjpjc-5a23a1fb5f94718ca85316a9df963e2f hr-invisible  avia-builder-el-9  el_after_av_one_third  el_before_av_textblock'><span class='hr-inner'><span class=\"hr-inner-style\"><\/span><\/span><\/div>\n<section  class='av_textblock_section av-lu8gtjw7-4f3cee9304909518d86d2860d9d582dd'  itemscope=\"itemscope\" itemtype=\"https:\/\/schema.org\/CreativeWork\" ><div class='avia_textblock'  itemprop=\"text\" ><h2>Una indicaci\u00f3n de precio<\/h2>\n<p>Los precios de un Peugeot Boxer autom\u00e1tico var\u00edan, y eso se debe a las diferentes versiones y especificaciones que ofrecemos. Tanto si buscas un Peugeot Boxer sencillo como una versi\u00f3n totalmente equipada, en nuestra gama siempre encontrar\u00e1s un modelo que se adapte a tus necesidades. Como nuestra oferta cambia constantemente, no podemos ofrecer un presupuesto a precio fijo. Por lo tanto, le rogamos que mantenga nuestra <a href=\"https:\/\/www.vdhurk.nl\/es\/vehiculos-comerciales\/\">oferta actual<\/a> con cuidado.<\/p>\n<h2>\u00bfComprar o alquilar un Peugeot Boxer?<\/h2>\n<p>En Van den Hurk, no s\u00f3lo tiene la opci\u00f3n de adquirir directamente un veh\u00edculo comercial, sino que tambi\u00e9n puede optar por <a href=\"https:\/\/www.vdhurk.nl\/es\/arrendamiento-financiero\/\">arrendamiento financiero<\/a>. Alquilar un Peugeot Boxer significa pagar una cantidad fija al mes. Durante el periodo de leasing, vas acumulando m\u00e1s y m\u00e1s propiedad, y al final del contrato eres el propietario total del veh\u00edculo, sin tener que hacer un gran desembolso inicial.<\/p>\n<h2>Encuentre su coche de empresa perfecto<\/h2>\n<p>\u00bfEst\u00e1s convencido y listo para comprar un Peugeot Boxer autom\u00e1tico? \u00bfO a\u00fan necesitas m\u00e1s informaci\u00f3n para tomar la decisi\u00f3n correcta? Como concesionario Peugeot Boxer, estamos preparados para responder a todas tus preguntas. Contacta con nosotros para m\u00e1s detalles o consulta nuestra gama actual para encontrar tu veh\u00edculo comercial ideal.<\/p>\n<\/div><\/section>","protected":false},"excerpt":{"rendered":"","protected":false},"author":3,"featured_media":0,"parent":405923,"menu_order":0,"comment_status":"closed","ping_status":"closed","template":"","meta":{"_acf_changed":false,"_improvement_type_select":"improve_an_existing","_thumb_yes_seoaic":false,"_frame_yes_seoaic":false,"seoaic_generate_description":"","seoaic_improve_instructions_prompt":"","seoaic_rollback_content_improvement":"","seoaic_idea_thumbnail_generator":"","thumbnail_generated":false,"thumbnail_generate_prompt":"","seoaic_article_description":"","footnotes":""},"class_list":["post-442819","page","type-page","status-publish","hentry"],"acf":[],"yoast_head":"<!-- This site is optimized with the Yoast SEO plugin v27.5 - https:\/\/yoast.com\/product\/yoast-seo-wordpress\/ -->\n<title>Vind jouw Peugeot Boxer automaat | Bekijk ons aanbod<\/title>\n<meta name=\"description\" content=\"Zoek je een Peugeot Boxer automaat? Ontdek de mogelijkheden en vind de bedrijfswagen die perfect aansluit bij jouw zakelijke behoeften.\" \/>\n<meta name=\"robots\" content=\"index, follow, max-snippet:-1, max-image-preview:large, max-video-preview:-1\" \/>\n<link rel=\"canonical\" href=\"https:\/\/www.vdhurk.nl\/es\/vehiculos-comerciales-peugeot\/mercedes-11\/maquina\/\" \/>\n<meta property=\"og:locale\" content=\"es_ES\" \/>\n<meta property=\"og:type\" content=\"article\" \/>\n<meta property=\"og:title\" content=\"Vind jouw Peugeot Boxer automaat | Bekijk ons aanbod\" \/>\n<meta property=\"og:description\" content=\"Zoek je een Peugeot Boxer automaat? Ontdek de mogelijkheden en vind de bedrijfswagen die perfect aansluit bij jouw zakelijke behoeften.\" \/>\n<meta property=\"og:url\" content=\"https:\/\/www.vdhurk.nl\/es\/vehiculos-comerciales-peugeot\/mercedes-11\/maquina\/\" \/>\n<meta property=\"og:site_name\" content=\"Van den Hurk Bedrijfswagens\" \/>\n<meta property=\"article:modified_time\" content=\"2025-02-06T16:20:59+00:00\" \/>\n<meta name=\"twitter:card\" content=\"summary_large_image\" \/>\n<meta name=\"twitter:label1\" content=\"Tiempo de lectura\" \/>\n\t<meta name=\"twitter:data1\" content=\"4 minutos\" \/>\n<script type=\"application\/ld+json\" class=\"yoast-schema-graph\">{\"@context\":\"https:\\\/\\\/schema.org\",\"@graph\":[{\"@type\":\"WebPage\",\"@id\":\"https:\\\/\\\/www.vdhurk.nl\\\/peugeot-bedrijfswagens\\\/boxer\\\/automaat\\\/\",\"url\":\"https:\\\/\\\/www.vdhurk.nl\\\/peugeot-bedrijfswagens\\\/boxer\\\/automaat\\\/\",\"name\":\"Vind jouw Peugeot Boxer automaat | Bekijk ons aanbod\",\"isPartOf\":{\"@id\":\"https:\\\/\\\/www.vdhurk.nl\\\/#website\"},\"datePublished\":\"2025-02-06T13:39:02+00:00\",\"dateModified\":\"2025-02-06T16:20:59+00:00\",\"description\":\"Zoek je een Peugeot Boxer automaat? Ontdek de mogelijkheden en vind de bedrijfswagen die perfect aansluit bij jouw zakelijke behoeften.\",\"breadcrumb\":{\"@id\":\"https:\\\/\\\/www.vdhurk.nl\\\/peugeot-bedrijfswagens\\\/boxer\\\/automaat\\\/#breadcrumb\"},\"inLanguage\":\"es\",\"potentialAction\":[{\"@type\":\"ReadAction\",\"target\":[\"https:\\\/\\\/www.vdhurk.nl\\\/peugeot-bedrijfswagens\\\/boxer\\\/automaat\\\/\"]}]},{\"@type\":\"BreadcrumbList\",\"@id\":\"https:\\\/\\\/www.vdhurk.nl\\\/peugeot-bedrijfswagens\\\/boxer\\\/automaat\\\/#breadcrumb\",\"itemListElement\":[{\"@type\":\"ListItem\",\"position\":1,\"name\":\"Home\",\"item\":\"https:\\\/\\\/www.vdhurk.nl\\\/home\\\/\"},{\"@type\":\"ListItem\",\"position\":2,\"name\":\"Peugeot Bedrijfswagens\",\"item\":\"https:\\\/\\\/www.vdhurk.nl\\\/peugeot-bedrijfswagens\\\/\"},{\"@type\":\"ListItem\",\"position\":3,\"name\":\"Peugeot Boxer\",\"item\":\"https:\\\/\\\/www.vdhurk.nl\\\/peugeot-bedrijfswagens\\\/boxer\\\/\"},{\"@type\":\"ListItem\",\"position\":4,\"name\":\"Peugeot Boxer Automaat\"}]},{\"@type\":\"WebSite\",\"@id\":\"https:\\\/\\\/www.vdhurk.nl\\\/#website\",\"url\":\"https:\\\/\\\/www.vdhurk.nl\\\/\",\"name\":\"Van den Hurk Bedrijfswagens\",\"description\":\"Van den Hurk bedrijfswagens Helmond\",\"potentialAction\":[{\"@type\":\"SearchAction\",\"target\":{\"@type\":\"EntryPoint\",\"urlTemplate\":\"https:\\\/\\\/www.vdhurk.nl\\\/?s={search_term_string}\"},\"query-input\":{\"@type\":\"PropertyValueSpecification\",\"valueRequired\":true,\"valueName\":\"search_term_string\"}}],\"inLanguage\":\"es\"}]}<\/script>\n<!-- \/ Yoast SEO plugin. -->","yoast_head_json":{"title":"Encuentre su Peugeot Boxer autom\u00e1tico | Ver nuestra oferta","description":"\u00bfBuscas un Peugeot Boxer autom\u00e1tico? Explora las opciones y encuentra el veh\u00edculo comercial que se adapta perfectamente a las necesidades de tu empresa.","robots":{"index":"index","follow":"follow","max-snippet":"max-snippet:-1","max-image-preview":"max-image-preview:large","max-video-preview":"max-video-preview:-1"},"canonical":"https:\/\/www.vdhurk.nl\/es\/vehiculos-comerciales-peugeot\/mercedes-11\/maquina\/","og_locale":"es_ES","og_type":"article","og_title":"Vind jouw Peugeot Boxer automaat | Bekijk ons aanbod","og_description":"Zoek je een Peugeot Boxer automaat? Ontdek de mogelijkheden en vind de bedrijfswagen die perfect aansluit bij jouw zakelijke behoeften.","og_url":"https:\/\/www.vdhurk.nl\/es\/vehiculos-comerciales-peugeot\/mercedes-11\/maquina\/","og_site_name":"Van den Hurk Bedrijfswagens","article_modified_time":"2025-02-06T16:20:59+00:00","twitter_card":"summary_large_image","twitter_misc":{"Tiempo de lectura":"4 minutos"},"schema":{"@context":"https:\/\/schema.org","@graph":[{"@type":"WebPage","@id":"https:\/\/www.vdhurk.nl\/peugeot-bedrijfswagens\/boxer\/automaat\/","url":"https:\/\/www.vdhurk.nl\/peugeot-bedrijfswagens\/boxer\/automaat\/","name":"Encuentre su Peugeot Boxer autom\u00e1tico | Ver nuestra oferta","isPartOf":{"@id":"https:\/\/www.vdhurk.nl\/#website"},"datePublished":"2025-02-06T13:39:02+00:00","dateModified":"2025-02-06T16:20:59+00:00","description":"\u00bfBuscas un Peugeot Boxer autom\u00e1tico? Explora las opciones y encuentra el veh\u00edculo comercial que se adapta perfectamente a las necesidades de tu empresa.","breadcrumb":{"@id":"https:\/\/www.vdhurk.nl\/peugeot-bedrijfswagens\/boxer\/automaat\/#breadcrumb"},"inLanguage":"es","potentialAction":[{"@type":"ReadAction","target":["https:\/\/www.vdhurk.nl\/peugeot-bedrijfswagens\/boxer\/automaat\/"]}]},{"@type":"BreadcrumbList","@id":"https:\/\/www.vdhurk.nl\/peugeot-bedrijfswagens\/boxer\/automaat\/#breadcrumb","itemListElement":[{"@type":"ListItem","position":1,"name":"Home","item":"https:\/\/www.vdhurk.nl\/home\/"},{"@type":"ListItem","position":2,"name":"Peugeot Bedrijfswagens","item":"https:\/\/www.vdhurk.nl\/peugeot-bedrijfswagens\/"},{"@type":"ListItem","position":3,"name":"Peugeot Boxer","item":"https:\/\/www.vdhurk.nl\/peugeot-bedrijfswagens\/boxer\/"},{"@type":"ListItem","position":4,"name":"Peugeot Boxer Automaat"}]},{"@type":"WebSite","@id":"https:\/\/www.vdhurk.nl\/#website","url":"https:\/\/www.vdhurk.nl\/","name":"Veh\u00edculos comerciales Van den Hurk","description":"Van den Hurk veh\u00edculos comerciales Helmond","potentialAction":[{"@type":"SearchAction","target":{"@type":"EntryPoint","urlTemplate":"https:\/\/www.vdhurk.nl\/?s={search_term_string}"},"query-input":{"@type":"PropertyValueSpecification","valueRequired":true,"valueName":"search_term_string"}}],"inLanguage":"es"}]}},"_links":{"self":[{"href":"https:\/\/www.vdhurk.nl\/es\/wp-json\/wp\/v2\/pages\/442819","targetHints":{"allow":["GET"]}}],"collection":[{"href":"https:\/\/www.vdhurk.nl\/es\/wp-json\/wp\/v2\/pages"}],"about":[{"href":"https:\/\/www.vdhurk.nl\/es\/wp-json\/wp\/v2\/types\/page"}],"author":[{"embeddable":true,"href":"https:\/\/www.vdhurk.nl\/es\/wp-json\/wp\/v2\/users\/3"}],"replies":[{"embeddable":true,"href":"https:\/\/www.vdhurk.nl\/es\/wp-json\/wp\/v2\/comments?post=442819"}],"version-history":[{"count":3,"href":"https:\/\/www.vdhurk.nl\/es\/wp-json\/wp\/v2\/pages\/442819\/revisions"}],"predecessor-version":[{"id":442890,"href":"https:\/\/www.vdhurk.nl\/es\/wp-json\/wp\/v2\/pages\/442819\/revisions\/442890"}],"up":[{"embeddable":true,"href":"https:\/\/www.vdhurk.nl\/es\/wp-json\/wp\/v2\/pages\/405923"}],"wp:attachment":[{"href":"https:\/\/www.vdhurk.nl\/es\/wp-json\/wp\/v2\/media?parent=442819"}],"curies":[{"name":"wp","href":"https:\/\/api.w.org\/{rel}","templated":true}]}}