{"id":442817,"date":"2025-02-06T14:04:20","date_gmt":"2025-02-06T13:04:20","guid":{"rendered":"https:\/\/www.vdhurk.nl\/?page_id=442817"},"modified":"2025-02-06T17:20:38","modified_gmt":"2025-02-06T16:20:38","slug":"maquina","status":"publish","type":"page","link":"https:\/\/www.vdhurk.nl\/es\/peugeot-bedrijfswagens\/partner\/automaat\/","title":{"rendered":"Peugeot Partner Autom\u00e1tico"},"content":{"rendered":"<section  class='av_textblock_section av-lu8gnh7d-4ac895489941e586c1d7c8cb72318135'  itemscope=\"itemscope\" itemtype=\"https:\/\/schema.org\/CreativeWork\" ><div class='avia_textblock'  itemprop=\"text\" ><h1>Encuentre su transmisi\u00f3n autom\u00e1tica Peugeot Partner<\/h1>\n<p>\u00bfVa a cambiar su veh\u00edculo comercial? \u00bfBuscas tu primera furgoneta o quieres cambiar a una transmisi\u00f3n autom\u00e1tica? Entonces el Peugeot Partner autom\u00e1tico es una excelente elecci\u00f3n. Gracias a su polivalencia y a sus caracter\u00edsticas pr\u00e1cticas, esta furgoneta es el socio ideal para tu empresa. \u00bfPor qu\u00e9? Sigue leyendo y descubre si la Peugeot Partner es la mejor opci\u00f3n para ti.<\/p>\n<\/div><\/section>\n\n<style type=\"text\/css\" data-created_by=\"avia_inline_auto\" id=\"style-css-av-lujjddpd-afa3d7a9eabd61123e643ed1228e781e\">\n#top .hr.hr-invisible.av-lujjddpd-afa3d7a9eabd61123e643ed1228e781e{\nheight:50px;\n}\n<\/style>\n<div  class='hr av-lujjddpd-afa3d7a9eabd61123e643ed1228e781e hr-invisible  avia-builder-el-1  el_after_av_textblock  el_before_av_codeblock'><span class='hr-inner'><span class=\"hr-inner-style\"><\/span><\/span><\/div>\n\n\n<style type=\"text\/css\" data-created_by=\"avia_inline_auto\" id=\"style-css-av-ah0xd-63338d9dc6b40410e22a712829c369d6\">\n#top .hr.hr-invisible.av-ah0xd-63338d9dc6b40410e22a712829c369d6{\nheight:50px;\n}\n<\/style>\n<div  class='hr av-ah0xd-63338d9dc6b40410e22a712829c369d6 hr-invisible  avia-builder-el-3  el_after_av_codeblock  el_before_av_textblock'><span class='hr-inner'><span class=\"hr-inner-style\"><\/span><\/span><\/div>\n<section  class='av_textblock_section av-lu8gow1e-300853e458ed741bd87d6cb78e55cc7a'  itemscope=\"itemscope\" itemtype=\"https:\/\/schema.org\/CreativeWork\" ><div class='avia_textblock'  itemprop=\"text\" ><h2>\u00bfCu\u00e1les son las ventajas de un autom\u00e1tico?<\/h2>\n<p>Como empresario, buscas un coche de empresa que no s\u00f3lo sea eficiente, sino que tambi\u00e9n lleve el confort de conducci\u00f3n al siguiente nivel. Un Peugeot Partner autom\u00e1tico ofrece precisamente eso y tiene claras ventajas sobre los modelos Peugeot Partner manuales. Al utilizar un solo pie, siempre conducir\u00e1s con comodidad, incluso en viajes largos. Con un Peugeot Partner autom\u00e1tico, inviertes en confort y durabilidad.<\/p>\n<\/div><\/section>\n<div class='flex_column av-f64w1-da126f42b61613402309283c14245a25 av_one_half  avia-builder-el-5  el_after_av_textblock  el_before_av_one_third  first flex_column_div column-top-margin'   ><section  class='av_textblock_section av-lu8gpqre-73cc2c17e6a6497ba6e1b58af22bd9e8'  itemscope=\"itemscope\" itemtype=\"https:\/\/schema.org\/CreativeWork\" ><div class='avia_textblock'  itemprop=\"text\" ><h2>\u00bfPor qu\u00e9 elegir un Peugeot Partner?<\/h2>\n<p>El Peugeot Partner es un veh\u00edculo comercial fiable y vers\u00e1til, y esto se refleja en las numerosas ventajas que ofrece este modelo. Gracias a su tama\u00f1o compacto, el Partner se mueve sin esfuerzo por la ciudad y el tr\u00e1fico denso, por lo que siempre llegar\u00e1s r\u00e1pidamente a tu destino. El espacioso maletero es ideal para transportar todos tus materiales y equipos, por lo que nunca te faltar\u00e1 de nada. El interior es flexible y ergon\u00f3mico, garantizando una conducci\u00f3n confortable incluso en viajes largos. \u00bfY la seguridad? Est\u00e1 garantizada. El Peugeot Partner est\u00e1 equipado con varios sistemas de seguridad avanzados, para que siempre puedas salir a la carretera con confianza. En definitiva, el Peugeot Partner es un veh\u00edculo de empresa fiable y eficaz que te acompa\u00f1a en tu trabajo diario.<\/p>\n<\/div><\/section><\/div>\n<div class='flex_column av-aldk9-ee694297f5c4032981677a02caab84d6 av_one_third  avia-builder-el-7  el_after_av_one_half  el_before_av_hr  flex_column_div column-top-margin'   ><style type=\"text\/css\" data-created_by=\"avia_inline_auto\" id=\"style-css-av-l1w9kpsf-4ec3fab772ec7a9adaa33cfc64ff0475\">\n.avia-image-container.av-l1w9kpsf-4ec3fab772ec7a9adaa33cfc64ff0475 .av-image-caption-overlay-center{\ncolor:#ffffff;\n}\n<\/style>\n<div  class='avia-image-container av-l1w9kpsf-4ec3fab772ec7a9adaa33cfc64ff0475 av-styling- avia-align-center  avia-builder-el-8  avia-builder-el-no-sibling'  itemprop=\"image\" itemscope=\"itemscope\" itemtype=\"https:\/\/schema.org\/ImageObject\" ><div class=\"avia-image-container-inner\"><div class=\"avia-image-overlay-wrap\"><img decoding=\"async\" class='wp-image-187 avia-img-lazy-loading-not-187 avia_image' src=\"https:\/\/www.vdhurk.nl\/wp-content\/uploads\/2022\/03\/Voorrad.png\" alt='' title='Stock'  height=\"758\" width=\"1135\"  itemprop=\"thumbnailUrl\" srcset=\"https:\/\/www.vdhurk.nl\/wp-content\/uploads\/2022\/03\/Voorrad.png 1135w, https:\/\/www.vdhurk.nl\/wp-content\/uploads\/2022\/03\/Voorrad-300x200.png 300w, https:\/\/www.vdhurk.nl\/wp-content\/uploads\/2022\/03\/Voorrad-1030x688.png 1030w, https:\/\/www.vdhurk.nl\/wp-content\/uploads\/2022\/03\/Voorrad-768x513.png 768w, https:\/\/www.vdhurk.nl\/wp-content\/uploads\/2022\/03\/Voorrad-18x12.png 18w, https:\/\/www.vdhurk.nl\/wp-content\/uploads\/2022\/03\/Voorrad-705x471.png 705w\" sizes=\"(max-width: 1135px) 100vw, 1135px\" \/><\/div><\/div><\/div><\/div>\n\n<style type=\"text\/css\" data-created_by=\"avia_inline_auto\" id=\"style-css-av-luqrjpjc-5a23a1fb5f94718ca85316a9df963e2f\">\n#top .hr.hr-invisible.av-luqrjpjc-5a23a1fb5f94718ca85316a9df963e2f{\nheight:50px;\n}\n<\/style>\n<div  class='hr av-luqrjpjc-5a23a1fb5f94718ca85316a9df963e2f hr-invisible  avia-builder-el-9  el_after_av_one_third  el_before_av_textblock'><span class='hr-inner'><span class=\"hr-inner-style\"><\/span><\/span><\/div>\n<section  class='av_textblock_section av-lu8gtjw7-4f3cee9304909518d86d2860d9d582dd'  itemscope=\"itemscope\" itemtype=\"https:\/\/schema.org\/CreativeWork\" ><div class='avia_textblock'  itemprop=\"text\" ><h2>\u00bfCu\u00e1les son los precios?<\/h2>\n<p>Los precios de un Peugeot Partner autom\u00e1tico var\u00edan, lo cual no es sorprendente. En nuestra oferta encontrar\u00e1 tanto modelos sencillos de Peugeot Partner como versiones totalmente equipadas. Debido a que nuestra oferta actual cambia constantemente, no podemos dar una indicaci\u00f3n exacta del precio. Debido a que la oferta cambia constantemente, siempre hay algo dentro de su rango de precios.<\/p>\n<h2>\u00bfComprar o alquilar un Peugeot Partner?<\/h2>\n<p>En Van den Hurk, puedes elegir entre varias opciones de pago para tu Peugeot Partner. \u00bfQuieres comprar un Peugeot Partner ahora mismo? Claro que s\u00ed. Pero, \u00bfhas pensado tambi\u00e9n en <a href=\"https:\/\/www.vdhurk.nl\/es\/arrendamiento-financiero\/\">arrendamiento financiero<\/a>? Alquilar un Peugeot Partner significa pagar mensualmente una cantidad fija, en lugar de una suma importante de una sola vez. El veh\u00edculo se convierte gradualmente en tu propiedad durante la vigencia del contrato de leasing. Y cuando finaliza el contrato de leasing, eres el orgulloso propietario sin una fuerte inversi\u00f3n inicial. En resumen, el leasing financiero le ofrece las ventajas de un coche de empresa nuevo y una forma de pago asequible.<\/p>\n<h2>Consulte nuestra oferta actual<\/h2>\n<p>\u00bfLe entusiasma la transmisi\u00f3n autom\u00e1tica del Peugeot Partner? \u00bfO necesitas m\u00e1s informaci\u00f3n? Como concesionario Peugeot Partner, siempre estamos dispuestos a responder a tus preguntas. Ayudarle a tomar la decisi\u00f3n correcta es nuestra prioridad. Tanto si optas por un Peugeot Partner usado como nuevo, siempre tendr\u00e1s la garant\u00eda de un veh\u00edculo que funciona bien. Consulta nuestra oferta actual o contacta con nosotros para m\u00e1s informaci\u00f3n.<\/p>\n<\/div><\/section>","protected":false},"excerpt":{"rendered":"","protected":false},"author":3,"featured_media":0,"parent":405925,"menu_order":0,"comment_status":"closed","ping_status":"closed","template":"","meta":{"_acf_changed":false,"_improvement_type_select":"improve_an_existing","_thumb_yes_seoaic":false,"_frame_yes_seoaic":false,"seoaic_generate_description":"","seoaic_improve_instructions_prompt":"","seoaic_rollback_content_improvement":"","seoaic_idea_thumbnail_generator":"","thumbnail_generated":false,"thumbnail_generate_prompt":"","seoaic_article_description":"","footnotes":""},"class_list":["post-442817","page","type-page","status-publish","hentry"],"acf":[],"yoast_head":"<!-- This site is optimized with the Yoast SEO plugin v27.5 - https:\/\/yoast.com\/product\/yoast-seo-wordpress\/ -->\n<title>Kies jouw Peugeot Partner automaat | Ontdek de opties<\/title>\n<meta name=\"description\" content=\"Denk je aan een Peugeot automaat? Ontdek ons volledige aanbod en vind de auto die perfect bij jou past.\" \/>\n<meta name=\"robots\" content=\"index, follow, max-snippet:-1, max-image-preview:large, max-video-preview:-1\" \/>\n<link rel=\"canonical\" href=\"https:\/\/www.vdhurk.nl\/es\/vehiculos-comerciales-peugeot\/mercedes-6\/maquina\/\" \/>\n<meta property=\"og:locale\" content=\"es_ES\" \/>\n<meta property=\"og:type\" content=\"article\" \/>\n<meta property=\"og:title\" content=\"Kies jouw Peugeot Partner automaat | Ontdek de opties\" \/>\n<meta property=\"og:description\" content=\"Denk je aan een Peugeot automaat? Ontdek ons volledige aanbod en vind de auto die perfect bij jou past.\" \/>\n<meta property=\"og:url\" content=\"https:\/\/www.vdhurk.nl\/es\/vehiculos-comerciales-peugeot\/mercedes-6\/maquina\/\" \/>\n<meta property=\"og:site_name\" content=\"Van den Hurk Bedrijfswagens\" \/>\n<meta property=\"article:modified_time\" content=\"2025-02-06T16:20:38+00:00\" \/>\n<meta name=\"twitter:card\" content=\"summary_large_image\" \/>\n<meta name=\"twitter:label1\" content=\"Tiempo de lectura\" \/>\n\t<meta name=\"twitter:data1\" content=\"5 minutos\" \/>\n<script type=\"application\/ld+json\" class=\"yoast-schema-graph\">{\"@context\":\"https:\\\/\\\/schema.org\",\"@graph\":[{\"@type\":\"WebPage\",\"@id\":\"https:\\\/\\\/www.vdhurk.nl\\\/peugeot-bedrijfswagens\\\/partner\\\/automaat\\\/\",\"url\":\"https:\\\/\\\/www.vdhurk.nl\\\/peugeot-bedrijfswagens\\\/partner\\\/automaat\\\/\",\"name\":\"Kies jouw Peugeot Partner automaat | Ontdek de opties\",\"isPartOf\":{\"@id\":\"https:\\\/\\\/www.vdhurk.nl\\\/#website\"},\"datePublished\":\"2025-02-06T13:04:20+00:00\",\"dateModified\":\"2025-02-06T16:20:38+00:00\",\"description\":\"Denk je aan een Peugeot automaat? Ontdek ons volledige aanbod en vind de auto die perfect bij jou past.\",\"breadcrumb\":{\"@id\":\"https:\\\/\\\/www.vdhurk.nl\\\/peugeot-bedrijfswagens\\\/partner\\\/automaat\\\/#breadcrumb\"},\"inLanguage\":\"es\",\"potentialAction\":[{\"@type\":\"ReadAction\",\"target\":[\"https:\\\/\\\/www.vdhurk.nl\\\/peugeot-bedrijfswagens\\\/partner\\\/automaat\\\/\"]}]},{\"@type\":\"BreadcrumbList\",\"@id\":\"https:\\\/\\\/www.vdhurk.nl\\\/peugeot-bedrijfswagens\\\/partner\\\/automaat\\\/#breadcrumb\",\"itemListElement\":[{\"@type\":\"ListItem\",\"position\":1,\"name\":\"Home\",\"item\":\"https:\\\/\\\/www.vdhurk.nl\\\/home\\\/\"},{\"@type\":\"ListItem\",\"position\":2,\"name\":\"Peugeot Bedrijfswagens\",\"item\":\"https:\\\/\\\/www.vdhurk.nl\\\/peugeot-bedrijfswagens\\\/\"},{\"@type\":\"ListItem\",\"position\":3,\"name\":\"Peugeot Partner\",\"item\":\"https:\\\/\\\/www.vdhurk.nl\\\/peugeot-bedrijfswagens\\\/partner\\\/\"},{\"@type\":\"ListItem\",\"position\":4,\"name\":\"Peugeot Partner Automaat\"}]},{\"@type\":\"WebSite\",\"@id\":\"https:\\\/\\\/www.vdhurk.nl\\\/#website\",\"url\":\"https:\\\/\\\/www.vdhurk.nl\\\/\",\"name\":\"Van den Hurk Bedrijfswagens\",\"description\":\"Van den Hurk bedrijfswagens Helmond\",\"potentialAction\":[{\"@type\":\"SearchAction\",\"target\":{\"@type\":\"EntryPoint\",\"urlTemplate\":\"https:\\\/\\\/www.vdhurk.nl\\\/?s={search_term_string}\"},\"query-input\":{\"@type\":\"PropertyValueSpecification\",\"valueRequired\":true,\"valueName\":\"search_term_string\"}}],\"inLanguage\":\"es\"}]}<\/script>\n<!-- \/ Yoast SEO plugin. -->","yoast_head_json":{"title":"Elige tu cambio autom\u00e1tico Peugeot Partner | Descubre las opciones","description":"\u00bfEst\u00e1s pensando en un Peugeot autom\u00e1tico? Explora toda nuestra gama y encuentra el coche que se adapta perfectamente a ti.","robots":{"index":"index","follow":"follow","max-snippet":"max-snippet:-1","max-image-preview":"max-image-preview:large","max-video-preview":"max-video-preview:-1"},"canonical":"https:\/\/www.vdhurk.nl\/es\/vehiculos-comerciales-peugeot\/mercedes-6\/maquina\/","og_locale":"es_ES","og_type":"article","og_title":"Kies jouw Peugeot Partner automaat | Ontdek de opties","og_description":"Denk je aan een Peugeot automaat? Ontdek ons volledige aanbod en vind de auto die perfect bij jou past.","og_url":"https:\/\/www.vdhurk.nl\/es\/vehiculos-comerciales-peugeot\/mercedes-6\/maquina\/","og_site_name":"Van den Hurk Bedrijfswagens","article_modified_time":"2025-02-06T16:20:38+00:00","twitter_card":"summary_large_image","twitter_misc":{"Tiempo de lectura":"5 minutos"},"schema":{"@context":"https:\/\/schema.org","@graph":[{"@type":"WebPage","@id":"https:\/\/www.vdhurk.nl\/peugeot-bedrijfswagens\/partner\/automaat\/","url":"https:\/\/www.vdhurk.nl\/peugeot-bedrijfswagens\/partner\/automaat\/","name":"Elige tu cambio autom\u00e1tico Peugeot Partner | Descubre las opciones","isPartOf":{"@id":"https:\/\/www.vdhurk.nl\/#website"},"datePublished":"2025-02-06T13:04:20+00:00","dateModified":"2025-02-06T16:20:38+00:00","description":"\u00bfEst\u00e1s pensando en un Peugeot autom\u00e1tico? Explora toda nuestra gama y encuentra el coche que se adapta perfectamente a ti.","breadcrumb":{"@id":"https:\/\/www.vdhurk.nl\/peugeot-bedrijfswagens\/partner\/automaat\/#breadcrumb"},"inLanguage":"es","potentialAction":[{"@type":"ReadAction","target":["https:\/\/www.vdhurk.nl\/peugeot-bedrijfswagens\/partner\/automaat\/"]}]},{"@type":"BreadcrumbList","@id":"https:\/\/www.vdhurk.nl\/peugeot-bedrijfswagens\/partner\/automaat\/#breadcrumb","itemListElement":[{"@type":"ListItem","position":1,"name":"Home","item":"https:\/\/www.vdhurk.nl\/home\/"},{"@type":"ListItem","position":2,"name":"Peugeot Bedrijfswagens","item":"https:\/\/www.vdhurk.nl\/peugeot-bedrijfswagens\/"},{"@type":"ListItem","position":3,"name":"Peugeot Partner","item":"https:\/\/www.vdhurk.nl\/peugeot-bedrijfswagens\/partner\/"},{"@type":"ListItem","position":4,"name":"Peugeot Partner Automaat"}]},{"@type":"WebSite","@id":"https:\/\/www.vdhurk.nl\/#website","url":"https:\/\/www.vdhurk.nl\/","name":"Veh\u00edculos comerciales Van den Hurk","description":"Van den Hurk veh\u00edculos comerciales Helmond","potentialAction":[{"@type":"SearchAction","target":{"@type":"EntryPoint","urlTemplate":"https:\/\/www.vdhurk.nl\/?s={search_term_string}"},"query-input":{"@type":"PropertyValueSpecification","valueRequired":true,"valueName":"search_term_string"}}],"inLanguage":"es"}]}},"_links":{"self":[{"href":"https:\/\/www.vdhurk.nl\/es\/wp-json\/wp\/v2\/pages\/442817","targetHints":{"allow":["GET"]}}],"collection":[{"href":"https:\/\/www.vdhurk.nl\/es\/wp-json\/wp\/v2\/pages"}],"about":[{"href":"https:\/\/www.vdhurk.nl\/es\/wp-json\/wp\/v2\/types\/page"}],"author":[{"embeddable":true,"href":"https:\/\/www.vdhurk.nl\/es\/wp-json\/wp\/v2\/users\/3"}],"replies":[{"embeddable":true,"href":"https:\/\/www.vdhurk.nl\/es\/wp-json\/wp\/v2\/comments?post=442817"}],"version-history":[{"count":3,"href":"https:\/\/www.vdhurk.nl\/es\/wp-json\/wp\/v2\/pages\/442817\/revisions"}],"predecessor-version":[{"id":442888,"href":"https:\/\/www.vdhurk.nl\/es\/wp-json\/wp\/v2\/pages\/442817\/revisions\/442888"}],"up":[{"embeddable":true,"href":"https:\/\/www.vdhurk.nl\/es\/wp-json\/wp\/v2\/pages\/405925"}],"wp:attachment":[{"href":"https:\/\/www.vdhurk.nl\/es\/wp-json\/wp\/v2\/media?parent=442817"}],"curies":[{"name":"wp","href":"https:\/\/api.w.org\/{rel}","templated":true}]}}