{"id":442811,"date":"2025-02-06T13:45:45","date_gmt":"2025-02-06T12:45:45","guid":{"rendered":"https:\/\/www.vdhurk.nl\/?page_id=442811"},"modified":"2025-02-06T17:20:09","modified_gmt":"2025-02-06T16:20:09","slug":"maquina","status":"publish","type":"page","link":"https:\/\/www.vdhurk.nl\/es\/opel-bedrijfswagens\/combo\/automaat\/","title":{"rendered":"Opel Combo Autom\u00e1tico"},"content":{"rendered":"<section  class='av_textblock_section av-lu8gnh7d-4ac895489941e586c1d7c8cb72318135'  itemscope=\"itemscope\" itemtype=\"https:\/\/schema.org\/CreativeWork\" ><div class='avia_textblock'  itemprop=\"text\" ><h1><b>\u00bfBusca un Opel Combo autom\u00e1tico?<\/b><\/h1>\n<p>\u00bfBuscas un coche de empresa que te facilite la jornada laboral? Conoce el Opel Combo autom\u00e1tico, la elecci\u00f3n de los empresarios que buscan comodidad y eficiencia. Se acabaron las complicaciones con el cambio de marchas y disfrutar\u00e1s de una conducci\u00f3n suave gracias a la transmisi\u00f3n autom\u00e1tica. Con sus vers\u00e1tiles especificaciones, este veh\u00edculo comercial ha sido uno de los favoritos entre los conductores de negocios durante a\u00f1os. Descubre por qu\u00e9.<\/p>\n<\/div><\/section>\n\n<style type=\"text\/css\" data-created_by=\"avia_inline_auto\" id=\"style-css-av-lujjddpd-afa3d7a9eabd61123e643ed1228e781e\">\n#top .hr.hr-invisible.av-lujjddpd-afa3d7a9eabd61123e643ed1228e781e{\nheight:50px;\n}\n<\/style>\n<div  class='hr av-lujjddpd-afa3d7a9eabd61123e643ed1228e781e hr-invisible  avia-builder-el-1  el_after_av_textblock  el_before_av_codeblock'><span class='hr-inner'><span class=\"hr-inner-style\"><\/span><\/span><\/div>\n\n\n<style type=\"text\/css\" data-created_by=\"avia_inline_auto\" id=\"style-css-av-ah0xd-63338d9dc6b40410e22a712829c369d6\">\n#top .hr.hr-invisible.av-ah0xd-63338d9dc6b40410e22a712829c369d6{\nheight:50px;\n}\n<\/style>\n<div  class='hr av-ah0xd-63338d9dc6b40410e22a712829c369d6 hr-invisible  avia-builder-el-3  el_after_av_codeblock  el_before_av_textblock'><span class='hr-inner'><span class=\"hr-inner-style\"><\/span><\/span><\/div>\n<section  class='av_textblock_section av-lu8gow1e-300853e458ed741bd87d6cb78e55cc7a'  itemscope=\"itemscope\" itemtype=\"https:\/\/schema.org\/CreativeWork\" ><div class='avia_textblock'  itemprop=\"text\" ><h2>\u00bfPor qu\u00e9 elegir un cambio autom\u00e1tico?<\/h2>\n<p>Cada vez son m\u00e1s las empresas que optan por un veh\u00edculo comercial con transmisi\u00f3n autom\u00e1tica, y con raz\u00f3n. De hecho, las transmisiones autom\u00e1ticas ofrecen muchas ventajas que se adaptan perfectamente a las necesidades de las empresas. Por ejemplo, los conductores experimentan m\u00e1s comodidad y conveniencia porque el cambio de marchas es cosa del pasado. Esto resulta especialmente \u00fatil en el ajetreado tr\u00e1fico de la ciudad o durante largos atascos, donde un cambio autom\u00e1tico garantiza una conducci\u00f3n suave y menos fatiga. Con todas estas ventajas, un Opel Combo es una elecci\u00f3n inteligente y de futuro para tu negocio.<\/p>\n<\/div><\/section>\n<div class='flex_column av-f64w1-da126f42b61613402309283c14245a25 av_one_half  avia-builder-el-5  el_after_av_textblock  el_before_av_one_third  first flex_column_div column-top-margin'   ><section  class='av_textblock_section av-lu8gpqre-73cc2c17e6a6497ba6e1b58af22bd9e8'  itemscope=\"itemscope\" itemtype=\"https:\/\/schema.org\/CreativeWork\" ><div class='avia_textblock'  itemprop=\"text\" ><h2>Especificaciones del Opel Combo<\/h2>\n<p>El Vauxhall Combo ofrece el equilibrio perfecto entre dise\u00f1o compacto y funcionalidad espaciosa, con innovaciones inteligentes que hacen que tu jornada laboral sea m\u00e1s eficiente. El interior ergon\u00f3mico garantiza el m\u00e1ximo confort, mientras que el generoso espacio de carga ofrece espacio de sobra para todos tus objetos de trabajo. Los sistemas de seguridad, como el asistente de frenada de emergencia y el asistente de mantenimiento de carril, aportan una mayor tranquilidad en la carretera. Gracias a una amplia gama de modelos, opciones de motor y versiones, siempre encontrar\u00e1s un Opel Combo que se adapte perfectamente a las necesidades de tu negocio.<\/p>\n<\/div><\/section><\/div>\n<div class='flex_column av-aldk9-ee694297f5c4032981677a02caab84d6 av_one_third  avia-builder-el-7  el_after_av_one_half  el_before_av_hr  flex_column_div column-top-margin'   ><style type=\"text\/css\" data-created_by=\"avia_inline_auto\" id=\"style-css-av-l1w9kpsf-4ec3fab772ec7a9adaa33cfc64ff0475\">\n.avia-image-container.av-l1w9kpsf-4ec3fab772ec7a9adaa33cfc64ff0475 .av-image-caption-overlay-center{\ncolor:#ffffff;\n}\n<\/style>\n<div  class='avia-image-container av-l1w9kpsf-4ec3fab772ec7a9adaa33cfc64ff0475 av-styling- avia-align-center  avia-builder-el-8  avia-builder-el-no-sibling'  itemprop=\"image\" itemscope=\"itemscope\" itemtype=\"https:\/\/schema.org\/ImageObject\" ><div class=\"avia-image-container-inner\"><div class=\"avia-image-overlay-wrap\"><img decoding=\"async\" class='wp-image-187 avia-img-lazy-loading-not-187 avia_image' src=\"https:\/\/www.vdhurk.nl\/wp-content\/uploads\/2022\/03\/Voorrad.png\" alt='' title='Stock'  height=\"758\" width=\"1135\"  itemprop=\"thumbnailUrl\" srcset=\"https:\/\/www.vdhurk.nl\/wp-content\/uploads\/2022\/03\/Voorrad.png 1135w, https:\/\/www.vdhurk.nl\/wp-content\/uploads\/2022\/03\/Voorrad-300x200.png 300w, https:\/\/www.vdhurk.nl\/wp-content\/uploads\/2022\/03\/Voorrad-1030x688.png 1030w, https:\/\/www.vdhurk.nl\/wp-content\/uploads\/2022\/03\/Voorrad-768x513.png 768w, https:\/\/www.vdhurk.nl\/wp-content\/uploads\/2022\/03\/Voorrad-18x12.png 18w, https:\/\/www.vdhurk.nl\/wp-content\/uploads\/2022\/03\/Voorrad-705x471.png 705w\" sizes=\"(max-width: 1135px) 100vw, 1135px\" \/><\/div><\/div><\/div><\/div>\n\n<style type=\"text\/css\" data-created_by=\"avia_inline_auto\" id=\"style-css-av-luqrjpjc-5a23a1fb5f94718ca85316a9df963e2f\">\n#top .hr.hr-invisible.av-luqrjpjc-5a23a1fb5f94718ca85316a9df963e2f{\nheight:50px;\n}\n<\/style>\n<div  class='hr av-luqrjpjc-5a23a1fb5f94718ca85316a9df963e2f hr-invisible  avia-builder-el-9  el_after_av_one_third  el_before_av_textblock'><span class='hr-inner'><span class=\"hr-inner-style\"><\/span><\/span><\/div>\n<section  class='av_textblock_section av-lu8gtjw7-4f3cee9304909518d86d2860d9d582dd'  itemscope=\"itemscope\" itemtype=\"https:\/\/schema.org\/CreativeWork\" ><div class='avia_textblock'  itemprop=\"text\" ><h2>Precio Opel Combo<\/h2>\n<p>\u00bfEst\u00e1 pensando en comprar un Opel Combo autom\u00e1tico? Entonces, por supuesto, querr\u00e1 saber qu\u00e9 esperar en t\u00e9rminos de precio. Los costes var\u00edan en funci\u00f3n del modelo, el a\u00f1o de fabricaci\u00f3n y el kilometraje. \u00bfVas a elegir un modelo con instalaciones b\u00e1sicas o te vas a decantar por el lujo extra? Sean cuales sean sus necesidades, tenemos diferentes versiones que se ajustan a su presupuesto. \u00bfDesea una indicaci\u00f3n de precio a medida? No dude en ponerse en contacto con nosotros, estaremos encantados de ayudarle a encontrar el coche de empresa perfecto.<\/p>\n<h2>\u00bfHa pensado en el arrendamiento financiero?<\/h2>\n<p>Comprar un Opel Combo puede hacerse, por supuesto, pag\u00e1ndolo de una sola vez, pero tambi\u00e9n hay otra opci\u00f3n inteligente, <a href=\"https:\/\/www.vdhurk.nl\/es\/arrendamiento-financiero\/\">arrendamiento financiero<\/a>. Alquilar un Opel Combo significa pagar una cantidad fija al mes. Con un contrato de leasing, acumulas la propiedad del coche de empresa paso a paso. \u00bfCu\u00e1l es la ventaja? Conservas margen financiero para otras inversiones importantes dentro de tu empresa, al tiempo que te beneficias de un coche de empresa fiable y eficiente. \u00bfLe interesan las posibilidades? Estamos a su disposici\u00f3n.<\/p>\n<h2>Encuentre un coche de empresa que se adapte a sus necesidades<\/h2>\n<p>Nuestra gama cambia constantemente. \u00bfA\u00fan no has encontrado tu coche de empresa ideal? No hay problema, ma\u00f1ana podr\u00eda ser diferente. \u00bfQuieres estar al d\u00eda de nuestra oferta? Entonces suscr\u00edbase a nuestro <a href=\"https:\/\/www.vdhurk.nl\/es\/alerta-de-valores\/\">alerta de valores<\/a>. As\u00ed ser\u00e1s el primero en saber cu\u00e1ndo hay disponible un Opel Combo usado o nuevo que se adapte completamente a tus necesidades. Y no olvides echar un vistazo a nuestras ofertas actuales. Qui\u00e9n sabe, \u00a1quiz\u00e1s tu Opel Combo autom\u00e1tico ideal est\u00e9 pronto entre ellas!<\/p>\n<\/div><\/section>","protected":false},"excerpt":{"rendered":"","protected":false},"author":3,"featured_media":0,"parent":409581,"menu_order":0,"comment_status":"closed","ping_status":"closed","template":"","meta":{"_acf_changed":false,"_improvement_type_select":"improve_an_existing","_thumb_yes_seoaic":false,"_frame_yes_seoaic":false,"seoaic_generate_description":"","seoaic_improve_instructions_prompt":"","seoaic_rollback_content_improvement":"","seoaic_idea_thumbnail_generator":"","thumbnail_generated":false,"thumbnail_generate_prompt":"","seoaic_article_description":"","footnotes":""},"class_list":["post-442811","page","type-page","status-publish","hentry"],"acf":[],"yoast_head":"<!-- This site is optimized with the Yoast SEO plugin v27.5 - https:\/\/yoast.com\/product\/yoast-seo-wordpress\/ -->\n<title>Een Opel Combo automaat kopen? Ontdek het aanbod!<\/title>\n<meta name=\"description\" content=\"Op zoek naar een Opel Combo automaat? Ontdek de verschillende specificaties en uitvoeringen en vind jouw ideale bedrijfswagen.\" \/>\n<meta name=\"robots\" content=\"index, follow, max-snippet:-1, max-image-preview:large, max-video-preview:-1\" \/>\n<link rel=\"canonical\" href=\"https:\/\/www.vdhurk.nl\/es\/vehiculos-comerciales-vauxhall\/mercedes-12\/maquina\/\" \/>\n<meta property=\"og:locale\" content=\"es_ES\" \/>\n<meta property=\"og:type\" content=\"article\" \/>\n<meta property=\"og:title\" content=\"Een Opel Combo automaat kopen? Ontdek het aanbod!\" \/>\n<meta property=\"og:description\" content=\"Op zoek naar een Opel Combo automaat? Ontdek de verschillende specificaties en uitvoeringen en vind jouw ideale bedrijfswagen.\" \/>\n<meta property=\"og:url\" content=\"https:\/\/www.vdhurk.nl\/es\/vehiculos-comerciales-vauxhall\/mercedes-12\/maquina\/\" \/>\n<meta property=\"og:site_name\" content=\"Van den Hurk Bedrijfswagens\" \/>\n<meta property=\"article:modified_time\" content=\"2025-02-06T16:20:09+00:00\" \/>\n<meta name=\"twitter:card\" content=\"summary_large_image\" \/>\n<meta name=\"twitter:label1\" content=\"Tiempo de lectura\" \/>\n\t<meta name=\"twitter:data1\" content=\"4 minutos\" \/>\n<script type=\"application\/ld+json\" class=\"yoast-schema-graph\">{\"@context\":\"https:\\\/\\\/schema.org\",\"@graph\":[{\"@type\":\"WebPage\",\"@id\":\"https:\\\/\\\/www.vdhurk.nl\\\/opel-bedrijfswagens\\\/combo\\\/automaat\\\/\",\"url\":\"https:\\\/\\\/www.vdhurk.nl\\\/opel-bedrijfswagens\\\/combo\\\/automaat\\\/\",\"name\":\"Een Opel Combo automaat kopen? Ontdek het aanbod!\",\"isPartOf\":{\"@id\":\"https:\\\/\\\/www.vdhurk.nl\\\/#website\"},\"datePublished\":\"2025-02-06T12:45:45+00:00\",\"dateModified\":\"2025-02-06T16:20:09+00:00\",\"description\":\"Op zoek naar een Opel Combo automaat? Ontdek de verschillende specificaties en uitvoeringen en vind jouw ideale bedrijfswagen.\",\"breadcrumb\":{\"@id\":\"https:\\\/\\\/www.vdhurk.nl\\\/opel-bedrijfswagens\\\/combo\\\/automaat\\\/#breadcrumb\"},\"inLanguage\":\"es\",\"potentialAction\":[{\"@type\":\"ReadAction\",\"target\":[\"https:\\\/\\\/www.vdhurk.nl\\\/opel-bedrijfswagens\\\/combo\\\/automaat\\\/\"]}]},{\"@type\":\"BreadcrumbList\",\"@id\":\"https:\\\/\\\/www.vdhurk.nl\\\/opel-bedrijfswagens\\\/combo\\\/automaat\\\/#breadcrumb\",\"itemListElement\":[{\"@type\":\"ListItem\",\"position\":1,\"name\":\"Home\",\"item\":\"https:\\\/\\\/www.vdhurk.nl\\\/home\\\/\"},{\"@type\":\"ListItem\",\"position\":2,\"name\":\"Opel Bedrijfswagens\",\"item\":\"https:\\\/\\\/www.vdhurk.nl\\\/opel-bedrijfswagens\\\/\"},{\"@type\":\"ListItem\",\"position\":3,\"name\":\"Opel Combo\",\"item\":\"https:\\\/\\\/www.vdhurk.nl\\\/opel-bedrijfswagens\\\/combo\\\/\"},{\"@type\":\"ListItem\",\"position\":4,\"name\":\"Opel Combo Automaat\"}]},{\"@type\":\"WebSite\",\"@id\":\"https:\\\/\\\/www.vdhurk.nl\\\/#website\",\"url\":\"https:\\\/\\\/www.vdhurk.nl\\\/\",\"name\":\"Van den Hurk Bedrijfswagens\",\"description\":\"Van den Hurk bedrijfswagens Helmond\",\"potentialAction\":[{\"@type\":\"SearchAction\",\"target\":{\"@type\":\"EntryPoint\",\"urlTemplate\":\"https:\\\/\\\/www.vdhurk.nl\\\/?s={search_term_string}\"},\"query-input\":{\"@type\":\"PropertyValueSpecification\",\"valueRequired\":true,\"valueName\":\"search_term_string\"}}],\"inLanguage\":\"es\"}]}<\/script>\n<!-- \/ Yoast SEO plugin. -->","yoast_head_json":{"title":"\u00bfComprar un Opel Combo autom\u00e1tico? \u00a1Descubre la oferta!","description":"\u00bfBuscas un Opel Combo autom\u00e1tico? Explora las diferentes especificaciones y versiones y encuentra tu veh\u00edculo comercial ideal.","robots":{"index":"index","follow":"follow","max-snippet":"max-snippet:-1","max-image-preview":"max-image-preview:large","max-video-preview":"max-video-preview:-1"},"canonical":"https:\/\/www.vdhurk.nl\/es\/vehiculos-comerciales-vauxhall\/mercedes-12\/maquina\/","og_locale":"es_ES","og_type":"article","og_title":"Een Opel Combo automaat kopen? Ontdek het aanbod!","og_description":"Op zoek naar een Opel Combo automaat? Ontdek de verschillende specificaties en uitvoeringen en vind jouw ideale bedrijfswagen.","og_url":"https:\/\/www.vdhurk.nl\/es\/vehiculos-comerciales-vauxhall\/mercedes-12\/maquina\/","og_site_name":"Van den Hurk Bedrijfswagens","article_modified_time":"2025-02-06T16:20:09+00:00","twitter_card":"summary_large_image","twitter_misc":{"Tiempo de lectura":"4 minutos"},"schema":{"@context":"https:\/\/schema.org","@graph":[{"@type":"WebPage","@id":"https:\/\/www.vdhurk.nl\/opel-bedrijfswagens\/combo\/automaat\/","url":"https:\/\/www.vdhurk.nl\/opel-bedrijfswagens\/combo\/automaat\/","name":"\u00bfComprar un Opel Combo autom\u00e1tico? \u00a1Descubre la oferta!","isPartOf":{"@id":"https:\/\/www.vdhurk.nl\/#website"},"datePublished":"2025-02-06T12:45:45+00:00","dateModified":"2025-02-06T16:20:09+00:00","description":"\u00bfBuscas un Opel Combo autom\u00e1tico? Explora las diferentes especificaciones y versiones y encuentra tu veh\u00edculo comercial ideal.","breadcrumb":{"@id":"https:\/\/www.vdhurk.nl\/opel-bedrijfswagens\/combo\/automaat\/#breadcrumb"},"inLanguage":"es","potentialAction":[{"@type":"ReadAction","target":["https:\/\/www.vdhurk.nl\/opel-bedrijfswagens\/combo\/automaat\/"]}]},{"@type":"BreadcrumbList","@id":"https:\/\/www.vdhurk.nl\/opel-bedrijfswagens\/combo\/automaat\/#breadcrumb","itemListElement":[{"@type":"ListItem","position":1,"name":"Home","item":"https:\/\/www.vdhurk.nl\/home\/"},{"@type":"ListItem","position":2,"name":"Opel Bedrijfswagens","item":"https:\/\/www.vdhurk.nl\/opel-bedrijfswagens\/"},{"@type":"ListItem","position":3,"name":"Opel Combo","item":"https:\/\/www.vdhurk.nl\/opel-bedrijfswagens\/combo\/"},{"@type":"ListItem","position":4,"name":"Opel Combo Automaat"}]},{"@type":"WebSite","@id":"https:\/\/www.vdhurk.nl\/#website","url":"https:\/\/www.vdhurk.nl\/","name":"Veh\u00edculos comerciales Van den Hurk","description":"Van den Hurk veh\u00edculos comerciales Helmond","potentialAction":[{"@type":"SearchAction","target":{"@type":"EntryPoint","urlTemplate":"https:\/\/www.vdhurk.nl\/?s={search_term_string}"},"query-input":{"@type":"PropertyValueSpecification","valueRequired":true,"valueName":"search_term_string"}}],"inLanguage":"es"}]}},"_links":{"self":[{"href":"https:\/\/www.vdhurk.nl\/es\/wp-json\/wp\/v2\/pages\/442811","targetHints":{"allow":["GET"]}}],"collection":[{"href":"https:\/\/www.vdhurk.nl\/es\/wp-json\/wp\/v2\/pages"}],"about":[{"href":"https:\/\/www.vdhurk.nl\/es\/wp-json\/wp\/v2\/types\/page"}],"author":[{"embeddable":true,"href":"https:\/\/www.vdhurk.nl\/es\/wp-json\/wp\/v2\/users\/3"}],"replies":[{"embeddable":true,"href":"https:\/\/www.vdhurk.nl\/es\/wp-json\/wp\/v2\/comments?post=442811"}],"version-history":[{"count":4,"href":"https:\/\/www.vdhurk.nl\/es\/wp-json\/wp\/v2\/pages\/442811\/revisions"}],"predecessor-version":[{"id":442884,"href":"https:\/\/www.vdhurk.nl\/es\/wp-json\/wp\/v2\/pages\/442811\/revisions\/442884"}],"up":[{"embeddable":true,"href":"https:\/\/www.vdhurk.nl\/es\/wp-json\/wp\/v2\/pages\/409581"}],"wp:attachment":[{"href":"https:\/\/www.vdhurk.nl\/es\/wp-json\/wp\/v2\/media?parent=442811"}],"curies":[{"name":"wp","href":"https:\/\/api.w.org\/{rel}","templated":true}]}}