{"id":434872,"date":"2025-02-06T15:48:28","date_gmt":"2025-02-06T14:48:28","guid":{"rendered":"https:\/\/www.vdhurk.nl\/?page_id=434872"},"modified":"2025-02-06T17:22:53","modified_gmt":"2025-02-06T16:22:53","slug":"puente","status":"publish","type":"page","link":"https:\/\/www.vdhurk.nl\/es\/citroen-bedrijfswagens\/jumper\/","title":{"rendered":"Citro\u00ebn Jumper"},"content":{"rendered":"<section  class='av_textblock_section av-lu8gnh7d-4ac895489941e586c1d7c8cb72318135'  itemscope=\"itemscope\" itemtype=\"https:\/\/schema.org\/CreativeWork\" ><div class='avia_textblock'  itemprop=\"text\" ><h1>\u00bfComprando un Citro\u00ebn Jumper de ocasi\u00f3n?<\/h1>\n<p>\u00bfBuscas un veh\u00edculo comercial fiable que satisfaga todas las necesidades de tu negocio? El Citro\u00ebn Jumper ocasi\u00f3n es uno de los favoritos entre los empresarios, y por una buena raz\u00f3n. Descubre por qu\u00e9 este veh\u00edculo comercial es perfecto para tu negocio.<\/p>\n<\/div><\/section>\n\n<style type=\"text\/css\" data-created_by=\"avia_inline_auto\" id=\"style-css-av-lujjddpd-afa3d7a9eabd61123e643ed1228e781e\">\n#top .hr.hr-invisible.av-lujjddpd-afa3d7a9eabd61123e643ed1228e781e{\nheight:50px;\n}\n<\/style>\n<div  class='hr av-lujjddpd-afa3d7a9eabd61123e643ed1228e781e hr-invisible  avia-builder-el-1  el_after_av_textblock  el_before_av_codeblock'><span class='hr-inner'><span class=\"hr-inner-style\"><\/span><\/span><\/div>\n\n\n<style type=\"text\/css\" data-created_by=\"avia_inline_auto\" id=\"style-css-av-ah0xd-63338d9dc6b40410e22a712829c369d6\">\n#top .hr.hr-invisible.av-ah0xd-63338d9dc6b40410e22a712829c369d6{\nheight:50px;\n}\n<\/style>\n<div  class='hr av-ah0xd-63338d9dc6b40410e22a712829c369d6 hr-invisible  avia-builder-el-3  el_after_av_codeblock  el_before_av_textblock'><span class='hr-inner'><span class=\"hr-inner-style\"><\/span><\/span><\/div>\n<section  class='av_textblock_section av-lu8gow1e-300853e458ed741bd87d6cb78e55cc7a'  itemscope=\"itemscope\" itemtype=\"https:\/\/schema.org\/CreativeWork\" ><div class='avia_textblock'  itemprop=\"text\" ><h2>Especificaciones y equipamiento del Citro\u00ebn Jumper de ocasi\u00f3n<\/h2>\n<p>Este veh\u00edculo comercial ofrece numerosas versiones que se adaptan a tus necesidades espec\u00edficas. Si necesitas una caja de carga abierta, muchos asientos o espacio de carga adicional, el Citro\u00ebn Jumper lo tiene todo. Adem\u00e1s, puedes elegir entre una transmisi\u00f3n manual o una c\u00f3moda autom\u00e1tica. Elijas lo que elijas, el Citro\u00ebn Jumper es conocido por su amplia carga \u00fatil y sus pr\u00e1cticas especificaciones. Tambi\u00e9n est\u00e1 equipado con modernas caracter\u00edsticas t\u00e9cnicas y amplios dispositivos de seguridad. Para que no s\u00f3lo salgas a la carretera con eficacia, sino tambi\u00e9n con tranquilidad. Con el Citro\u00ebn Jumper, siempre estar\u00e1s preparado para cualquier trabajo.<\/p>\n<\/div><\/section>\n<div class='flex_column av-f64w1-da126f42b61613402309283c14245a25 av_one_half  avia-builder-el-5  el_after_av_textblock  el_before_av_one_third  first flex_column_div column-top-margin'   ><section  class='av_textblock_section av-lu8gpqre-73cc2c17e6a6497ba6e1b58af22bd9e8'  itemscope=\"itemscope\" itemtype=\"https:\/\/schema.org\/CreativeWork\" ><div class='avia_textblock'  itemprop=\"text\" ><h2>\u00bfQu\u00e9 ventajas aporta esta furgoneta?<\/h2>\n<p>Este Citro\u00ebn Jumper destaca por su dise\u00f1o inteligente, c\u00f3modo a la vez que seguro y econ\u00f3mico. Como todos los <a href=\"https:\/\/www.vdhurk.nl\/es\/vehiculos-comerciales-citroen\/\">Veh\u00edculos comerciales Citro\u00ebn<\/a> el Jumper irradia fiabilidad y calidad. Con su dise\u00f1o robusto y su orientaci\u00f3n al uso intensivo, es una opci\u00f3n ideal para quienes buscan una inversi\u00f3n sostenible a largo plazo. El amplio habit\u00e1culo, con asientos regulables y mucho espacio para las piernas, hace que cada trayecto sea sumamente agradable. Tanto para los desplazamientos diarios como para las largas distancias, el Citro\u00ebn Jumper ofrece confort y comodidad al mismo tiempo.<\/p>\n<\/div><\/section><\/div><div class='flex_column av-aldk9-ee694297f5c4032981677a02caab84d6 av_one_third  avia-builder-el-7  el_after_av_one_half  el_before_av_hr  flex_column_div column-top-margin'   ><style type=\"text\/css\" data-created_by=\"avia_inline_auto\" id=\"style-css-av-l1w9kpsf-4ec3fab772ec7a9adaa33cfc64ff0475\">\n.avia-image-container.av-l1w9kpsf-4ec3fab772ec7a9adaa33cfc64ff0475 .av-image-caption-overlay-center{\ncolor:#ffffff;\n}\n<\/style>\n<div  class='avia-image-container av-l1w9kpsf-4ec3fab772ec7a9adaa33cfc64ff0475 av-styling- avia-align-center  avia-builder-el-8  avia-builder-el-no-sibling'  itemprop=\"image\" itemscope=\"itemscope\" itemtype=\"https:\/\/schema.org\/ImageObject\" ><div class=\"avia-image-container-inner\"><div class=\"avia-image-overlay-wrap\"><img decoding=\"async\" class='wp-image-187 avia-img-lazy-loading-not-187 avia_image' src=\"https:\/\/www.vdhurk.nl\/wp-content\/uploads\/2022\/03\/Voorrad.png\" alt='' title='Stock'  height=\"758\" width=\"1135\"  itemprop=\"thumbnailUrl\" srcset=\"https:\/\/www.vdhurk.nl\/wp-content\/uploads\/2022\/03\/Voorrad.png 1135w, https:\/\/www.vdhurk.nl\/wp-content\/uploads\/2022\/03\/Voorrad-300x200.png 300w, https:\/\/www.vdhurk.nl\/wp-content\/uploads\/2022\/03\/Voorrad-1030x688.png 1030w, https:\/\/www.vdhurk.nl\/wp-content\/uploads\/2022\/03\/Voorrad-768x513.png 768w, https:\/\/www.vdhurk.nl\/wp-content\/uploads\/2022\/03\/Voorrad-18x12.png 18w, https:\/\/www.vdhurk.nl\/wp-content\/uploads\/2022\/03\/Voorrad-705x471.png 705w\" sizes=\"(max-width: 1135px) 100vw, 1135px\" \/><\/div><\/div><\/div><\/div><\/p>\n\n<style type=\"text\/css\" data-created_by=\"avia_inline_auto\" id=\"style-css-av-luqrjpjc-5a23a1fb5f94718ca85316a9df963e2f\">\n#top .hr.hr-invisible.av-luqrjpjc-5a23a1fb5f94718ca85316a9df963e2f{\nheight:50px;\n}\n<\/style>\n<div  class='hr av-luqrjpjc-5a23a1fb5f94718ca85316a9df963e2f hr-invisible  avia-builder-el-9  el_after_av_one_third  el_before_av_textblock'><span class='hr-inner'><span class=\"hr-inner-style\"><\/span><\/span><\/div>\n<section  class='av_textblock_section av-lu8gtjw7-4f3cee9304909518d86d2860d9d582dd'  itemscope=\"itemscope\" itemtype=\"https:\/\/schema.org\/CreativeWork\" ><div class='avia_textblock'  itemprop=\"text\" ><h2>Encuentre un Jumper que se ajuste a su presupuesto<\/h2>\n<p>Comprar un veh\u00edculo comercial es una inversi\u00f3n importante, y el precio del Citro\u00ebn Jumper juega un papel importante en ella. Los costes var\u00edan en funci\u00f3n de la versi\u00f3n y de si optas por un modelo nuevo o de segunda mano. Los modelos de ocasi\u00f3n suelen ofrecer una excelente relaci\u00f3n calidad-precio, mientras que los nuevos te dan acceso a las \u00faltimas tecnolog\u00edas y prestaciones. Aunque suelen tener un precio de compra m\u00e1s elevado, son ideales para quienes buscan las \u00faltimas innovaciones y una garant\u00eda ampliada. Sean cuales sean tus necesidades o tu presupuesto, siempre hay un Citro\u00ebn Jumper que se adapta perfectamente a los requisitos de tu negocio. \u00a1Pregunta por las opciones y descubre cu\u00e1l es la versi\u00f3n que m\u00e1s te conviene!<\/p>\n<h2>\u00bfOpta por un arrendamiento financiero?<\/h2>\n<p>Adem\u00e1s de comprar directamente un veh\u00edculo industrial, tambi\u00e9n puede beneficiarse de <a href=\"https:\/\/www.vdhurk.nl\/es\/arrendamiento-financiero\/\">arrendamiento financiero<\/a>. Con esta opci\u00f3n, usted reparte el coste en varios plazos, por lo que no tiene que pagar una gran cantidad de una sola vez. Pagas una cantidad fija cada mes, lo que garantiza previsibilidad financiera y flexibilidad en tu presupuesto. Al final del periodo de leasing, ser\u00e1s el propietario total del veh\u00edculo, sin tener que hacer grandes inversiones por adelantado. El leasing de un Citroen Jumper es una forma inteligente y accesible de invertir en su veh\u00edculo de empresa.<\/p>\n<h2>Encuentre la furgoneta que mejor se adapte a su negocio<\/h2>\n<p>\u00bfComprar un Citro\u00ebn Jumper usado o nuevo? \u00bfO saber m\u00e1s sobre lo que se adapta a las necesidades de su empresa? Estaremos encantados de ayudarle a tomar la decisi\u00f3n correcta. Echa un vistazo a nuestro <a href=\"https:\/\/www.vdhurk.nl\/es\/vehiculos-comerciales\/\">oferta actual<\/a> o simplemente p\u00f3ngase en contacto con nosotros.<\/p>\n<\/div><\/section>","protected":false},"excerpt":{"rendered":"","protected":false},"author":3,"featured_media":0,"parent":372085,"menu_order":0,"comment_status":"closed","ping_status":"closed","template":"","meta":{"_acf_changed":false,"_improvement_type_select":"improve_an_existing","_thumb_yes_seoaic":false,"_frame_yes_seoaic":false,"seoaic_generate_description":"","seoaic_improve_instructions_prompt":"","seoaic_rollback_content_improvement":"","seoaic_idea_thumbnail_generator":"","thumbnail_generated":false,"thumbnail_generate_prompt":"","seoaic_article_description":"","footnotes":""},"class_list":["post-434872","page","type-page","status-publish","hentry"],"acf":[],"yoast_head":"<!-- This site is optimized with the Yoast SEO plugin v27.5 - https:\/\/yoast.com\/product\/yoast-seo-wordpress\/ -->\n<title>Betrouwbare Citro\u00ebn Jumper occasion kopen?<\/title>\n<meta name=\"description\" content=\"Op zoek naar een veelzijdige bedrijfswagen? De Citro\u00ebn Jumper occasion biedt alles wat je nodig hebt. Ontdek alle voordelen.\" \/>\n<meta name=\"robots\" content=\"index, follow, max-snippet:-1, max-image-preview:large, max-video-preview:-1\" \/>\n<link rel=\"canonical\" href=\"https:\/\/www.vdhurk.nl\/es\/vehiculos-comerciales-citroen\/puente\/\" \/>\n<meta property=\"og:locale\" content=\"es_ES\" \/>\n<meta property=\"og:type\" content=\"article\" \/>\n<meta property=\"og:title\" content=\"Betrouwbare Citro\u00ebn Jumper occasion kopen?\" \/>\n<meta property=\"og:description\" content=\"Op zoek naar een veelzijdige bedrijfswagen? De Citro\u00ebn Jumper occasion biedt alles wat je nodig hebt. Ontdek alle voordelen.\" \/>\n<meta property=\"og:url\" content=\"https:\/\/www.vdhurk.nl\/es\/vehiculos-comerciales-citroen\/puente\/\" \/>\n<meta property=\"og:site_name\" content=\"Van den Hurk Bedrijfswagens\" \/>\n<meta property=\"article:modified_time\" content=\"2025-02-06T16:22:53+00:00\" \/>\n<meta name=\"twitter:card\" content=\"summary_large_image\" \/>\n<meta name=\"twitter:label1\" content=\"Tiempo de lectura\" \/>\n\t<meta name=\"twitter:data1\" content=\"4 minutos\" \/>\n<script type=\"application\/ld+json\" class=\"yoast-schema-graph\">{\"@context\":\"https:\\\/\\\/schema.org\",\"@graph\":[{\"@type\":\"WebPage\",\"@id\":\"https:\\\/\\\/www.vdhurk.nl\\\/citroen-bedrijfswagens\\\/jumper\\\/\",\"url\":\"https:\\\/\\\/www.vdhurk.nl\\\/citroen-bedrijfswagens\\\/jumper\\\/\",\"name\":\"Betrouwbare Citro\u00ebn Jumper occasion kopen?\",\"isPartOf\":{\"@id\":\"https:\\\/\\\/www.vdhurk.nl\\\/#website\"},\"datePublished\":\"2025-02-06T14:48:28+00:00\",\"dateModified\":\"2025-02-06T16:22:53+00:00\",\"description\":\"Op zoek naar een veelzijdige bedrijfswagen? De Citro\u00ebn Jumper occasion biedt alles wat je nodig hebt. Ontdek alle voordelen.\",\"breadcrumb\":{\"@id\":\"https:\\\/\\\/www.vdhurk.nl\\\/citroen-bedrijfswagens\\\/jumper\\\/#breadcrumb\"},\"inLanguage\":\"es\",\"potentialAction\":[{\"@type\":\"ReadAction\",\"target\":[\"https:\\\/\\\/www.vdhurk.nl\\\/citroen-bedrijfswagens\\\/jumper\\\/\"]}]},{\"@type\":\"BreadcrumbList\",\"@id\":\"https:\\\/\\\/www.vdhurk.nl\\\/citroen-bedrijfswagens\\\/jumper\\\/#breadcrumb\",\"itemListElement\":[{\"@type\":\"ListItem\",\"position\":1,\"name\":\"Home\",\"item\":\"https:\\\/\\\/www.vdhurk.nl\\\/home\\\/\"},{\"@type\":\"ListItem\",\"position\":2,\"name\":\"Citro\u00ebn Bedrijfswagens\",\"item\":\"https:\\\/\\\/www.vdhurk.nl\\\/citroen-bedrijfswagens\\\/\"},{\"@type\":\"ListItem\",\"position\":3,\"name\":\"Citro\u00ebn Jumper\"}]},{\"@type\":\"WebSite\",\"@id\":\"https:\\\/\\\/www.vdhurk.nl\\\/#website\",\"url\":\"https:\\\/\\\/www.vdhurk.nl\\\/\",\"name\":\"Van den Hurk Bedrijfswagens\",\"description\":\"Van den Hurk bedrijfswagens Helmond\",\"potentialAction\":[{\"@type\":\"SearchAction\",\"target\":{\"@type\":\"EntryPoint\",\"urlTemplate\":\"https:\\\/\\\/www.vdhurk.nl\\\/?s={search_term_string}\"},\"query-input\":{\"@type\":\"PropertyValueSpecification\",\"valueRequired\":true,\"valueName\":\"search_term_string\"}}],\"inLanguage\":\"es\"}]}<\/script>\n<!-- \/ Yoast SEO plugin. -->","yoast_head_json":{"title":"\u00bfComprar un Citro\u00ebn Jumper de ocasi\u00f3n fiable?","description":"\u00bfBuscas un veh\u00edculo comercial polivalente? El Citro\u00ebn Jumper ocasi\u00f3n te ofrece todo lo que necesitas. Descubre todas sus ventajas.","robots":{"index":"index","follow":"follow","max-snippet":"max-snippet:-1","max-image-preview":"max-image-preview:large","max-video-preview":"max-video-preview:-1"},"canonical":"https:\/\/www.vdhurk.nl\/es\/vehiculos-comerciales-citroen\/puente\/","og_locale":"es_ES","og_type":"article","og_title":"Betrouwbare Citro\u00ebn Jumper occasion kopen?","og_description":"Op zoek naar een veelzijdige bedrijfswagen? De Citro\u00ebn Jumper occasion biedt alles wat je nodig hebt. Ontdek alle voordelen.","og_url":"https:\/\/www.vdhurk.nl\/es\/vehiculos-comerciales-citroen\/puente\/","og_site_name":"Van den Hurk Bedrijfswagens","article_modified_time":"2025-02-06T16:22:53+00:00","twitter_card":"summary_large_image","twitter_misc":{"Tiempo de lectura":"4 minutos"},"schema":{"@context":"https:\/\/schema.org","@graph":[{"@type":"WebPage","@id":"https:\/\/www.vdhurk.nl\/citroen-bedrijfswagens\/jumper\/","url":"https:\/\/www.vdhurk.nl\/citroen-bedrijfswagens\/jumper\/","name":"\u00bfComprar un Citro\u00ebn Jumper de ocasi\u00f3n fiable?","isPartOf":{"@id":"https:\/\/www.vdhurk.nl\/#website"},"datePublished":"2025-02-06T14:48:28+00:00","dateModified":"2025-02-06T16:22:53+00:00","description":"\u00bfBuscas un veh\u00edculo comercial polivalente? El Citro\u00ebn Jumper ocasi\u00f3n te ofrece todo lo que necesitas. Descubre todas sus ventajas.","breadcrumb":{"@id":"https:\/\/www.vdhurk.nl\/citroen-bedrijfswagens\/jumper\/#breadcrumb"},"inLanguage":"es","potentialAction":[{"@type":"ReadAction","target":["https:\/\/www.vdhurk.nl\/citroen-bedrijfswagens\/jumper\/"]}]},{"@type":"BreadcrumbList","@id":"https:\/\/www.vdhurk.nl\/citroen-bedrijfswagens\/jumper\/#breadcrumb","itemListElement":[{"@type":"ListItem","position":1,"name":"Home","item":"https:\/\/www.vdhurk.nl\/home\/"},{"@type":"ListItem","position":2,"name":"Citro\u00ebn Bedrijfswagens","item":"https:\/\/www.vdhurk.nl\/citroen-bedrijfswagens\/"},{"@type":"ListItem","position":3,"name":"Citro\u00ebn Jumper"}]},{"@type":"WebSite","@id":"https:\/\/www.vdhurk.nl\/#website","url":"https:\/\/www.vdhurk.nl\/","name":"Veh\u00edculos comerciales Van den Hurk","description":"Van den Hurk veh\u00edculos comerciales Helmond","potentialAction":[{"@type":"SearchAction","target":{"@type":"EntryPoint","urlTemplate":"https:\/\/www.vdhurk.nl\/?s={search_term_string}"},"query-input":{"@type":"PropertyValueSpecification","valueRequired":true,"valueName":"search_term_string"}}],"inLanguage":"es"}]}},"_links":{"self":[{"href":"https:\/\/www.vdhurk.nl\/es\/wp-json\/wp\/v2\/pages\/434872","targetHints":{"allow":["GET"]}}],"collection":[{"href":"https:\/\/www.vdhurk.nl\/es\/wp-json\/wp\/v2\/pages"}],"about":[{"href":"https:\/\/www.vdhurk.nl\/es\/wp-json\/wp\/v2\/types\/page"}],"author":[{"embeddable":true,"href":"https:\/\/www.vdhurk.nl\/es\/wp-json\/wp\/v2\/users\/3"}],"replies":[{"embeddable":true,"href":"https:\/\/www.vdhurk.nl\/es\/wp-json\/wp\/v2\/comments?post=434872"}],"version-history":[{"count":5,"href":"https:\/\/www.vdhurk.nl\/es\/wp-json\/wp\/v2\/pages\/434872\/revisions"}],"predecessor-version":[{"id":442895,"href":"https:\/\/www.vdhurk.nl\/es\/wp-json\/wp\/v2\/pages\/434872\/revisions\/442895"}],"up":[{"embeddable":true,"href":"https:\/\/www.vdhurk.nl\/es\/wp-json\/wp\/v2\/pages\/372085"}],"wp:attachment":[{"href":"https:\/\/www.vdhurk.nl\/es\/wp-json\/wp\/v2\/media?parent=434872"}],"curies":[{"name":"wp","href":"https:\/\/api.w.org\/{rel}","templated":true}]}}