{"id":422133,"date":"2024-12-05T13:37:02","date_gmt":"2024-12-05T12:37:02","guid":{"rendered":"https:\/\/www.vdhurk.nl\/?page_id=422133"},"modified":"2024-12-05T13:37:02","modified_gmt":"2024-12-05T12:37:02","slug":"proace","status":"publish","type":"page","link":"https:\/\/www.vdhurk.nl\/es\/toyota-bedrijfswagens\/proace\/","title":{"rendered":"Toyota Proace"},"content":{"rendered":"<section  class='av_textblock_section av-lu8gnh7d-4ac895489941e586c1d7c8cb72318135'  itemscope=\"itemscope\" itemtype=\"https:\/\/schema.org\/CreativeWork\" ><div class='avia_textblock'  itemprop=\"text\" ><h1>Descubre todo lo que quieres saber sobre el coche de ocasi\u00f3n Toyota Proace<\/h1>\n<p>\u00bfBuscas un veh\u00edculo comercial fiable y vers\u00e1til que ayude a tu empresa a avanzar? El Toyota Proace de ocasi\u00f3n lleva a\u00f1os siendo el favorito de los empresarios, y con raz\u00f3n. Con su flexibilidad y fiabilidad, es el veh\u00edculo de empresa que puede hacer frente a cualquier trabajo. \u00bfPor qu\u00e9? Siga leyendo y descubra lo que el Toyota Proace puede hacer por su empresa.<\/p>\n<\/div><\/section>\n\n<style type=\"text\/css\" data-created_by=\"avia_inline_auto\" id=\"style-css-av-lujjddpd-afa3d7a9eabd61123e643ed1228e781e\">\n#top .hr.hr-invisible.av-lujjddpd-afa3d7a9eabd61123e643ed1228e781e{\nheight:50px;\n}\n<\/style>\n<div  class='hr av-lujjddpd-afa3d7a9eabd61123e643ed1228e781e hr-invisible  avia-builder-el-1  el_after_av_textblock  el_before_av_codeblock'><span class='hr-inner'><span class=\"hr-inner-style\"><\/span><\/span><\/div>\n\n\n<style type=\"text\/css\" data-created_by=\"avia_inline_auto\" id=\"style-css-av-ah0xd-63338d9dc6b40410e22a712829c369d6\">\n#top .hr.hr-invisible.av-ah0xd-63338d9dc6b40410e22a712829c369d6{\nheight:50px;\n}\n<\/style>\n<div  class='hr av-ah0xd-63338d9dc6b40410e22a712829c369d6 hr-invisible  avia-builder-el-3  el_after_av_codeblock  el_before_av_textblock'><span class='hr-inner'><span class=\"hr-inner-style\"><\/span><\/span><\/div>\n<section  class='av_textblock_section av-lu8gow1e-300853e458ed741bd87d6cb78e55cc7a'  itemscope=\"itemscope\" itemtype=\"https:\/\/schema.org\/CreativeWork\" ><div class='avia_textblock'  itemprop=\"text\" ><h2>Especificaciones y caracter\u00edsticas<\/h2>\n<p>El Toyota Proace es un veh\u00edculo comercial vers\u00e1til que responde bien a las necesidades de los empresarios. Con un maletero espacioso y una gran capacidad de carga \u00fatil, este modelo es adecuado para todo tipo de trabajos. Bajo el cap\u00f3 se encuentra un potente y eficiente motor di\u00e9sel de 4 cilindros, que no s\u00f3lo garantiza un rendimiento fiable, sino que tambi\u00e9n contribuye a reducir el consumo de combustible. Esto convierte a la Proace en una opci\u00f3n rentable a largo plazo. \u00bfTe dedicas habitualmente al transporte de pasajeros? Entonces tambi\u00e9n, el Toyota Proace es una excelente elecci\u00f3n Con espacio para hasta 9 pasajeros, este modelo es ideal para el transporte de grupos, El nivel de confort es alto, por lo que tanto el conductor como los pasajeros viajan siempre relajados y c\u00f3modos.<\/p>\n<\/div><\/section>\n<div class='flex_column av-f64w1-da126f42b61613402309283c14245a25 av_one_half  avia-builder-el-5  el_after_av_textblock  el_before_av_one_third  first flex_column_div column-top-margin'   ><section  class='av_textblock_section av-lu8gpqre-73cc2c17e6a6497ba6e1b58af22bd9e8'  itemscope=\"itemscope\" itemtype=\"https:\/\/schema.org\/CreativeWork\" ><div class='avia_textblock'  itemprop=\"text\" ><h2>Diferentes versiones<\/h2>\n<p>El Toyota Proace ofrece todo lo que busca en un veh\u00edculo comercial: versatilidad, fiabilidad y adaptabilidad. Con una selecci\u00f3n de diferentes longitudes y configuraciones, siempre hay un modelo que se adapta perfectamente a las necesidades de su negocio. \u00bfNecesita una versi\u00f3n compacta y \u00e1gil para la conducci\u00f3n urbana diaria? \u00bfO busca una variante espaciosa para transportar grandes cargas de forma eficiente? Sean cuales sean sus necesidades, el Toyota Proace se adapta sin esfuerzo a su negocio. Con la Proace, eliges un veh\u00edculo de empresa que no s\u00f3lo est\u00e1 preparado para cualquier reto, sino que tambi\u00e9n es un socio fiable para el \u00e9xito de tu negocio.<\/p>\n<\/div><\/section><\/div><div class='flex_column av-aldk9-ee694297f5c4032981677a02caab84d6 av_one_third  avia-builder-el-7  el_after_av_one_half  el_before_av_hr  flex_column_div column-top-margin'   ><style type=\"text\/css\" data-created_by=\"avia_inline_auto\" id=\"style-css-av-l1w9kpsf-4ec3fab772ec7a9adaa33cfc64ff0475\">\n.avia-image-container.av-l1w9kpsf-4ec3fab772ec7a9adaa33cfc64ff0475 .av-image-caption-overlay-center{\ncolor:#ffffff;\n}\n<\/style>\n<div  class='avia-image-container av-l1w9kpsf-4ec3fab772ec7a9adaa33cfc64ff0475 av-styling- avia-align-center  avia-builder-el-8  avia-builder-el-no-sibling'  itemprop=\"image\" itemscope=\"itemscope\" itemtype=\"https:\/\/schema.org\/ImageObject\" ><div class=\"avia-image-container-inner\"><div class=\"avia-image-overlay-wrap\"><img decoding=\"async\" class='wp-image-187 avia-img-lazy-loading-not-187 avia_image' src=\"https:\/\/www.vdhurk.nl\/wp-content\/uploads\/2022\/03\/Voorrad.png\" alt='' title='Stock'  height=\"758\" width=\"1135\"  itemprop=\"thumbnailUrl\" srcset=\"https:\/\/www.vdhurk.nl\/wp-content\/uploads\/2022\/03\/Voorrad.png 1135w, https:\/\/www.vdhurk.nl\/wp-content\/uploads\/2022\/03\/Voorrad-300x200.png 300w, https:\/\/www.vdhurk.nl\/wp-content\/uploads\/2022\/03\/Voorrad-1030x688.png 1030w, https:\/\/www.vdhurk.nl\/wp-content\/uploads\/2022\/03\/Voorrad-768x513.png 768w, https:\/\/www.vdhurk.nl\/wp-content\/uploads\/2022\/03\/Voorrad-18x12.png 18w, https:\/\/www.vdhurk.nl\/wp-content\/uploads\/2022\/03\/Voorrad-705x471.png 705w\" sizes=\"(max-width: 1135px) 100vw, 1135px\" \/><\/div><\/div><\/div><\/div><\/p>\n\n<style type=\"text\/css\" data-created_by=\"avia_inline_auto\" id=\"style-css-av-luqrjpjc-5a23a1fb5f94718ca85316a9df963e2f\">\n#top .hr.hr-invisible.av-luqrjpjc-5a23a1fb5f94718ca85316a9df963e2f{\nheight:50px;\n}\n<\/style>\n<div  class='hr av-luqrjpjc-5a23a1fb5f94718ca85316a9df963e2f hr-invisible  avia-builder-el-9  el_after_av_one_third  el_before_av_textblock'><span class='hr-inner'><span class=\"hr-inner-style\"><\/span><\/span><\/div>\n<section  class='av_textblock_section av-lu8gtjw7-4f3cee9304909518d86d2860d9d582dd'  itemscope=\"itemscope\" itemtype=\"https:\/\/schema.org\/CreativeWork\" ><div class='avia_textblock'  itemprop=\"text\" ><h2>\u00bfCu\u00e1nto pagas por un Toyota Proace?<\/h2>\n<p>Los precios de los veh\u00edculos comerciales Toyota Proace var\u00edan ya que nuestra gama incluye tanto modelos Toyota Proace sencillos como versiones totalmente equipadas. Esta variaci\u00f3n en las opciones significa que siempre hay un veh\u00edculo disponible para satisfacer sus necesidades espec\u00edficas y su presupuesto. Busque lo que busque, siempre encontrar\u00e1 una soluci\u00f3n adecuada con nosotros.<\/p>\n<h2>\u00bfComprar o alquilar un Toyota Proace?<\/h2>\n<p>Adem\u00e1s de la opci\u00f3n de comprar un veh\u00edculo comercial directamente, el leasing de un Toyota Proace es tambi\u00e9n una de las opciones. Con el leasing financiero, se convierte gradualmente en propietario del veh\u00edculo comercial. Pagas una cantidad fija al mes. Al final del contrato de leasing, ser\u00e1 el propietario del veh\u00edculo.<\/p>\n<h2>Encuentre su coche de empresa perfecto<\/h2>\n<p>\u00bfHa encontrado un Toyota Proace usado o nuevo que se adapte completamente a las necesidades de su empresa? \u00bfO desea m\u00e1s informaci\u00f3n para tomar la decisi\u00f3n correcta? Como concesionario Toyota Proace, estaremos encantados de ayudarle en su camino. Eche un vistazo a nuestro <a href=\"https:\/\/www.vdhurk.nl\/es\/vehiculos-comerciales\/\">oferta actual<\/a> O p\u00f3ngase en contacto con nosotros.<\/p>\n<\/div><\/section>","protected":false},"excerpt":{"rendered":"","protected":false},"author":3,"featured_media":0,"parent":398333,"menu_order":0,"comment_status":"closed","ping_status":"closed","template":"","meta":{"_acf_changed":false,"_improvement_type_select":"improve_an_existing","_thumb_yes_seoaic":false,"_frame_yes_seoaic":false,"seoaic_generate_description":"","seoaic_improve_instructions_prompt":"","seoaic_rollback_content_improvement":"","seoaic_idea_thumbnail_generator":"","thumbnail_generated":false,"thumbnail_generate_prompt":"","seoaic_article_description":"","footnotes":""},"class_list":["post-422133","page","type-page","status-publish","hentry"],"acf":[],"yoast_head":"<!-- This site is optimized with the Yoast SEO plugin v27.5 - https:\/\/yoast.com\/product\/yoast-seo-wordpress\/ -->\n<title>Op zoek naar een Toyota Proace occasion?<\/title>\n<meta name=\"description\" content=\"Ontdek de Toyota Proace occasion: een veelzijdige, betrouwbare bedrijfswagen die elke klus klaart. Perfect voor jouw onderneming. Bekijk ons aanbod!\" \/>\n<meta name=\"robots\" content=\"index, follow, max-snippet:-1, max-image-preview:large, max-video-preview:-1\" \/>\n<link rel=\"canonical\" href=\"https:\/\/www.vdhurk.nl\/es\/vehiculos-comerciales-toyota\/proace\/\" \/>\n<meta property=\"og:locale\" content=\"es_ES\" \/>\n<meta property=\"og:type\" content=\"article\" \/>\n<meta property=\"og:title\" content=\"Op zoek naar een Toyota Proace occasion?\" \/>\n<meta property=\"og:description\" content=\"Ontdek de Toyota Proace occasion: een veelzijdige, betrouwbare bedrijfswagen die elke klus klaart. Perfect voor jouw onderneming. Bekijk ons aanbod!\" \/>\n<meta property=\"og:url\" content=\"https:\/\/www.vdhurk.nl\/es\/vehiculos-comerciales-toyota\/proace\/\" \/>\n<meta property=\"og:site_name\" content=\"Van den Hurk Bedrijfswagens\" \/>\n<meta name=\"twitter:card\" content=\"summary_large_image\" \/>\n<meta name=\"twitter:label1\" content=\"Tiempo de lectura\" \/>\n\t<meta name=\"twitter:data1\" content=\"4 minutos\" \/>\n<script type=\"application\/ld+json\" class=\"yoast-schema-graph\">{\"@context\":\"https:\\\/\\\/schema.org\",\"@graph\":[{\"@type\":\"WebPage\",\"@id\":\"https:\\\/\\\/www.vdhurk.nl\\\/toyota-bedrijfswagens\\\/proace\\\/\",\"url\":\"https:\\\/\\\/www.vdhurk.nl\\\/toyota-bedrijfswagens\\\/proace\\\/\",\"name\":\"Op zoek naar een Toyota Proace occasion?\",\"isPartOf\":{\"@id\":\"https:\\\/\\\/www.vdhurk.nl\\\/#website\"},\"datePublished\":\"2024-12-05T12:37:02+00:00\",\"description\":\"Ontdek de Toyota Proace occasion: een veelzijdige, betrouwbare bedrijfswagen die elke klus klaart. Perfect voor jouw onderneming. Bekijk ons aanbod!\",\"breadcrumb\":{\"@id\":\"https:\\\/\\\/www.vdhurk.nl\\\/toyota-bedrijfswagens\\\/proace\\\/#breadcrumb\"},\"inLanguage\":\"es\",\"potentialAction\":[{\"@type\":\"ReadAction\",\"target\":[\"https:\\\/\\\/www.vdhurk.nl\\\/toyota-bedrijfswagens\\\/proace\\\/\"]}]},{\"@type\":\"BreadcrumbList\",\"@id\":\"https:\\\/\\\/www.vdhurk.nl\\\/toyota-bedrijfswagens\\\/proace\\\/#breadcrumb\",\"itemListElement\":[{\"@type\":\"ListItem\",\"position\":1,\"name\":\"Home\",\"item\":\"https:\\\/\\\/www.vdhurk.nl\\\/home\\\/\"},{\"@type\":\"ListItem\",\"position\":2,\"name\":\"Toyota Bedrijfswagens\",\"item\":\"https:\\\/\\\/www.vdhurk.nl\\\/toyota-bedrijfswagens\\\/\"},{\"@type\":\"ListItem\",\"position\":3,\"name\":\"Toyota Proace\"}]},{\"@type\":\"WebSite\",\"@id\":\"https:\\\/\\\/www.vdhurk.nl\\\/#website\",\"url\":\"https:\\\/\\\/www.vdhurk.nl\\\/\",\"name\":\"Van den Hurk Bedrijfswagens\",\"description\":\"Van den Hurk bedrijfswagens Helmond\",\"potentialAction\":[{\"@type\":\"SearchAction\",\"target\":{\"@type\":\"EntryPoint\",\"urlTemplate\":\"https:\\\/\\\/www.vdhurk.nl\\\/?s={search_term_string}\"},\"query-input\":{\"@type\":\"PropertyValueSpecification\",\"valueRequired\":true,\"valueName\":\"search_term_string\"}}],\"inLanguage\":\"es\"}]}<\/script>\n<!-- \/ Yoast SEO plugin. -->","yoast_head_json":{"title":"\u00bfBuscas un Toyota Proace de segunda mano?","description":"Descubre el Toyota Proace occasion: un veh\u00edculo comercial vers\u00e1til y fiable que realiza cualquier trabajo. Perfecto para tu negocio. \u00a1Consulta nuestra oferta!","robots":{"index":"index","follow":"follow","max-snippet":"max-snippet:-1","max-image-preview":"max-image-preview:large","max-video-preview":"max-video-preview:-1"},"canonical":"https:\/\/www.vdhurk.nl\/es\/vehiculos-comerciales-toyota\/proace\/","og_locale":"es_ES","og_type":"article","og_title":"Op zoek naar een Toyota Proace occasion?","og_description":"Ontdek de Toyota Proace occasion: een veelzijdige, betrouwbare bedrijfswagen die elke klus klaart. Perfect voor jouw onderneming. Bekijk ons aanbod!","og_url":"https:\/\/www.vdhurk.nl\/es\/vehiculos-comerciales-toyota\/proace\/","og_site_name":"Van den Hurk Bedrijfswagens","twitter_card":"summary_large_image","twitter_misc":{"Tiempo de lectura":"4 minutos"},"schema":{"@context":"https:\/\/schema.org","@graph":[{"@type":"WebPage","@id":"https:\/\/www.vdhurk.nl\/toyota-bedrijfswagens\/proace\/","url":"https:\/\/www.vdhurk.nl\/toyota-bedrijfswagens\/proace\/","name":"\u00bfBuscas un Toyota Proace de segunda mano?","isPartOf":{"@id":"https:\/\/www.vdhurk.nl\/#website"},"datePublished":"2024-12-05T12:37:02+00:00","description":"Descubre el Toyota Proace occasion: un veh\u00edculo comercial vers\u00e1til y fiable que realiza cualquier trabajo. Perfecto para tu negocio. \u00a1Consulta nuestra oferta!","breadcrumb":{"@id":"https:\/\/www.vdhurk.nl\/toyota-bedrijfswagens\/proace\/#breadcrumb"},"inLanguage":"es","potentialAction":[{"@type":"ReadAction","target":["https:\/\/www.vdhurk.nl\/toyota-bedrijfswagens\/proace\/"]}]},{"@type":"BreadcrumbList","@id":"https:\/\/www.vdhurk.nl\/toyota-bedrijfswagens\/proace\/#breadcrumb","itemListElement":[{"@type":"ListItem","position":1,"name":"Home","item":"https:\/\/www.vdhurk.nl\/home\/"},{"@type":"ListItem","position":2,"name":"Toyota Bedrijfswagens","item":"https:\/\/www.vdhurk.nl\/toyota-bedrijfswagens\/"},{"@type":"ListItem","position":3,"name":"Toyota Proace"}]},{"@type":"WebSite","@id":"https:\/\/www.vdhurk.nl\/#website","url":"https:\/\/www.vdhurk.nl\/","name":"Veh\u00edculos comerciales Van den Hurk","description":"Van den Hurk veh\u00edculos comerciales Helmond","potentialAction":[{"@type":"SearchAction","target":{"@type":"EntryPoint","urlTemplate":"https:\/\/www.vdhurk.nl\/?s={search_term_string}"},"query-input":{"@type":"PropertyValueSpecification","valueRequired":true,"valueName":"search_term_string"}}],"inLanguage":"es"}]}},"_links":{"self":[{"href":"https:\/\/www.vdhurk.nl\/es\/wp-json\/wp\/v2\/pages\/422133","targetHints":{"allow":["GET"]}}],"collection":[{"href":"https:\/\/www.vdhurk.nl\/es\/wp-json\/wp\/v2\/pages"}],"about":[{"href":"https:\/\/www.vdhurk.nl\/es\/wp-json\/wp\/v2\/types\/page"}],"author":[{"embeddable":true,"href":"https:\/\/www.vdhurk.nl\/es\/wp-json\/wp\/v2\/users\/3"}],"replies":[{"embeddable":true,"href":"https:\/\/www.vdhurk.nl\/es\/wp-json\/wp\/v2\/comments?post=422133"}],"version-history":[{"count":1,"href":"https:\/\/www.vdhurk.nl\/es\/wp-json\/wp\/v2\/pages\/422133\/revisions"}],"predecessor-version":[{"id":422181,"href":"https:\/\/www.vdhurk.nl\/es\/wp-json\/wp\/v2\/pages\/422133\/revisions\/422181"}],"up":[{"embeddable":true,"href":"https:\/\/www.vdhurk.nl\/es\/wp-json\/wp\/v2\/pages\/398333"}],"wp:attachment":[{"href":"https:\/\/www.vdhurk.nl\/es\/wp-json\/wp\/v2\/media?parent=422133"}],"curies":[{"name":"wp","href":"https:\/\/api.w.org\/{rel}","templated":true}]}}