{"id":422100,"date":"2024-12-05T12:17:00","date_gmt":"2024-12-05T11:17:00","guid":{"rendered":"https:\/\/www.vdhurk.nl\/?page_id=422100"},"modified":"2024-12-05T12:17:00","modified_gmt":"2024-12-05T11:17:00","slug":"vivaro","status":"publish","type":"page","link":"https:\/\/www.vdhurk.nl\/es\/opel-bedrijfswagens\/vivaro\/","title":{"rendered":"Abrir Vivaro"},"content":{"rendered":"<section  class='av_textblock_section av-lu8gnh7d-4ac895489941e586c1d7c8cb72318135'  itemscope=\"itemscope\" itemtype=\"https:\/\/schema.org\/CreativeWork\" ><div class='avia_textblock'  itemprop=\"text\" ><h1>\u00bfComprar Vauxhall Vivaro de ocasi\u00f3n?<\/h1>\n<p>\u00bfNecesitas un veh\u00edculo fiable? Entonces considere un Opel Vivaro de ocasi\u00f3n. Este veh\u00edculo comercial es fiable, vers\u00e1til y muy popular entre los usuarios de negocios. Este veh\u00edculo comercial es la elecci\u00f3n adecuada para aquellos que buscan un veh\u00edculo comercial eficiente y duradero. Lea todo sobre este popular modelo y descubra si se adapta a las necesidades de su negocio.<\/p>\n<\/div><\/section>\n\n<style type=\"text\/css\" data-created_by=\"avia_inline_auto\" id=\"style-css-av-lujjddpd-afa3d7a9eabd61123e643ed1228e781e\">\n#top .hr.hr-invisible.av-lujjddpd-afa3d7a9eabd61123e643ed1228e781e{\nheight:50px;\n}\n<\/style>\n<div  class='hr av-lujjddpd-afa3d7a9eabd61123e643ed1228e781e hr-invisible  avia-builder-el-1  el_after_av_textblock  el_before_av_codeblock'><span class='hr-inner'><span class=\"hr-inner-style\"><\/span><\/span><\/div>\n\n\n<style type=\"text\/css\" data-created_by=\"avia_inline_auto\" id=\"style-css-av-ah0xd-63338d9dc6b40410e22a712829c369d6\">\n#top .hr.hr-invisible.av-ah0xd-63338d9dc6b40410e22a712829c369d6{\nheight:50px;\n}\n<\/style>\n<div  class='hr av-ah0xd-63338d9dc6b40410e22a712829c369d6 hr-invisible  avia-builder-el-3  el_after_av_codeblock  el_before_av_textblock'><span class='hr-inner'><span class=\"hr-inner-style\"><\/span><\/span><\/div>\n<section  class='av_textblock_section av-lu8gow1e-300853e458ed741bd87d6cb78e55cc7a'  itemscope=\"itemscope\" itemtype=\"https:\/\/schema.org\/CreativeWork\" ><div class='avia_textblock'  itemprop=\"text\" ><h2>Opel Vivaro de segunda mano: descubre las ventajas de este modelo<\/h2>\n<p>Como otros <a href=\"https:\/\/www.vdhurk.nl\/es\/vehiculos-comerciales-vauxhall\/\">Veh\u00edculos comerciales Opel<\/a> en varias \u00e1reas, lo que la convierte en una opci\u00f3n popular entre los usuarios empresariales:<\/p>\n<ul>\n<li><strong>Caracter\u00edsticas de seguridad:<\/strong> con este modelo, tu seguridad es lo primero. Con sistemas avanzados como el asistente de carril, el sistema de frenado de emergencia y los sensores de aparcamiento, tienes garantizada una conducci\u00f3n segura.<\/li>\n<li><strong>Interior espacioso<\/strong>El interior de la Vivaro no s\u00f3lo ofrece confort para ti y los pasajeros, sino que tambi\u00e9n es muy pr\u00e1ctico. Gracias a sus ingeniosas opciones de almacenamiento, podr\u00e1s organizar f\u00e1cilmente tus herramientas u otras necesidades.<\/li>\n<li><strong>Diferentes longitudes de carga:<\/strong> este modelo se adapta sin esfuerzo a sus necesidades de transporte. Elija entre diferentes longitudes de carga, adecuadas para paquetes peque\u00f1os o cargas grandes. As\u00ed siempre tendr\u00e1 la soluci\u00f3n adecuada al alcance de la mano.<\/li>\n<li><strong>Rendimiento eficiente del motor:<\/strong> Con la Opel Vivaro, eliges eficiencia y sostenibilidad. Los motores de bajo consumo reducen el consumo de combustible y las emisiones, algo positivo para el medio ambiente y para tu bolsillo.<\/li>\n<\/ul>\n<p>En resumen, muchas ventajas para elegir un Opel Vivaro.<\/p>\n<\/div><\/section>\n<div class='flex_column av-f64w1-da126f42b61613402309283c14245a25 av_one_half  avia-builder-el-5  el_after_av_textblock  el_before_av_one_third  first flex_column_div column-top-margin'   ><section  class='av_textblock_section av-lu8gpqre-73cc2c17e6a6497ba6e1b58af22bd9e8'  itemscope=\"itemscope\" itemtype=\"https:\/\/schema.org\/CreativeWork\" ><div class='avia_textblock'  itemprop=\"text\" ><h2>\u00bfPor qu\u00e9 es conocida la Opel Vivaro?<\/h2>\n<p>La Opel Vivaro es una vers\u00e1til furgoneta de tama\u00f1o medio que est\u00e1 disponible en una gran variedad de versiones. Tanto si necesitas encargarte de grandes transportes como si realizas viajes de negocios diarios, la Vivaro se adapta sin esfuerzo a tus necesidades. Una de sus mayores ventajas es su dise\u00f1o de f\u00e1cil manejo: las puertas traseras se abren extra anchas, lo que facilita la carga y descarga. El interior tambi\u00e9n se ha dise\u00f1ado pensando en la practicidad. Gracias a sus materiales resistentes, la Vivaro puede soportar un uso intensivo, garantiz\u00e1ndote un compa\u00f1ero duradero y fiable para tu trabajo.<\/p>\n<\/div><\/section><\/div><div class='flex_column av-aldk9-ee694297f5c4032981677a02caab84d6 av_one_third  avia-builder-el-7  el_after_av_one_half  el_before_av_hr  flex_column_div column-top-margin'   ><style type=\"text\/css\" data-created_by=\"avia_inline_auto\" id=\"style-css-av-l1w9kpsf-4ec3fab772ec7a9adaa33cfc64ff0475\">\n.avia-image-container.av-l1w9kpsf-4ec3fab772ec7a9adaa33cfc64ff0475 .av-image-caption-overlay-center{\ncolor:#ffffff;\n}\n<\/style>\n<div  class='avia-image-container av-l1w9kpsf-4ec3fab772ec7a9adaa33cfc64ff0475 av-styling- avia-align-center  avia-builder-el-8  avia-builder-el-no-sibling'  itemprop=\"image\" itemscope=\"itemscope\" itemtype=\"https:\/\/schema.org\/ImageObject\" ><div class=\"avia-image-container-inner\"><div class=\"avia-image-overlay-wrap\"><img decoding=\"async\" class='wp-image-187 avia-img-lazy-loading-not-187 avia_image' src=\"https:\/\/www.vdhurk.nl\/wp-content\/uploads\/2022\/03\/Voorrad.png\" alt='' title='Stock'  height=\"758\" width=\"1135\"  itemprop=\"thumbnailUrl\" srcset=\"https:\/\/www.vdhurk.nl\/wp-content\/uploads\/2022\/03\/Voorrad.png 1135w, https:\/\/www.vdhurk.nl\/wp-content\/uploads\/2022\/03\/Voorrad-300x200.png 300w, https:\/\/www.vdhurk.nl\/wp-content\/uploads\/2022\/03\/Voorrad-1030x688.png 1030w, https:\/\/www.vdhurk.nl\/wp-content\/uploads\/2022\/03\/Voorrad-768x513.png 768w, https:\/\/www.vdhurk.nl\/wp-content\/uploads\/2022\/03\/Voorrad-18x12.png 18w, https:\/\/www.vdhurk.nl\/wp-content\/uploads\/2022\/03\/Voorrad-705x471.png 705w\" sizes=\"(max-width: 1135px) 100vw, 1135px\" \/><\/div><\/div><\/div><\/div><\/p>\n\n<style type=\"text\/css\" data-created_by=\"avia_inline_auto\" id=\"style-css-av-luqrjpjc-5a23a1fb5f94718ca85316a9df963e2f\">\n#top .hr.hr-invisible.av-luqrjpjc-5a23a1fb5f94718ca85316a9df963e2f{\nheight:50px;\n}\n<\/style>\n<div  class='hr av-luqrjpjc-5a23a1fb5f94718ca85316a9df963e2f hr-invisible  avia-builder-el-9  el_after_av_one_third  el_before_av_textblock'><span class='hr-inner'><span class=\"hr-inner-style\"><\/span><\/span><\/div>\n<section  class='av_textblock_section av-lu8gtjw7-4f3cee9304909518d86d2860d9d582dd'  itemscope=\"itemscope\" itemtype=\"https:\/\/schema.org\/CreativeWork\" ><div class='avia_textblock'  itemprop=\"text\" ><h2>\u00bfCu\u00e1nto cuesta un Opel Vivaro?<\/h2>\n<p>El precio de una Opel Vivaro depende de lo que est\u00e9s buscando. En nuestra gama encontrar\u00e1s desde versiones b\u00e1sicas sencillas hasta modelos totalmente equipados con lujo y funcionalidad extra. Dado que nuestra gama cambia regularmente, es dif\u00edcil dar una indicaci\u00f3n de precio fija. Tanto si buscas un modelo de segunda mano como una Vivaro nueva, siempre hay una opci\u00f3n que se adapta a tus necesidades y presupuesto.<\/p>\n<h2>Opel Vivaro leasing o compra o leasing<\/h2>\n<p>\u00bfSab\u00edas que en Van den Hurk no s\u00f3lo puedes comprar un veh\u00edculo industrial, sino tambi\u00e9n alquilarlo? En <a href=\"https:\/\/www.vdhurk.nl\/es\/arrendamiento-financiero\/\">arrendamiento financiero<\/a> pagas una cantidad fija al mes, por lo que no tienes que invertir una gran suma de una sola vez. Durante el periodo de leasing, te conviertes gradualmente en propietario del veh\u00edculo. \u00bfTermina el contrato de leasing? Entonces ya eres propietario de pleno derecho.<\/p>\n<h2>Encuentre su veh\u00edculo perfecto<\/h2>\n<p>\u00bfDesea comprar un Opel Vivaro? \u00bfO tienes alg\u00fan distribuidor de informaci\u00f3n adicional? Estaremos encantados de contarte m\u00e1s sobre los modelos Vauxhall Vivaro, para que siempre tomes la decisi\u00f3n correcta. <a href=\"https:\/\/www.vdhurk.nl\/es\/pongase-en-contacto-con\/\">P\u00f3ngase en contacto con nosotros<\/a> para m\u00e1s informaci\u00f3n o consulta la oferta actual para encontrar tu veh\u00edculo perfecto.<\/p>\n<\/div><\/section>","protected":false},"excerpt":{"rendered":"","protected":false},"author":3,"featured_media":0,"parent":372050,"menu_order":0,"comment_status":"closed","ping_status":"closed","template":"","meta":{"_acf_changed":false,"_improvement_type_select":"improve_an_existing","_thumb_yes_seoaic":false,"_frame_yes_seoaic":false,"seoaic_generate_description":"","seoaic_improve_instructions_prompt":"","seoaic_rollback_content_improvement":"","seoaic_idea_thumbnail_generator":"","thumbnail_generated":false,"thumbnail_generate_prompt":"","seoaic_article_description":"","footnotes":""},"class_list":["post-422100","page","type-page","status-publish","hentry"],"acf":[],"yoast_head":"<!-- This site is optimized with the Yoast SEO plugin v27.2 - https:\/\/yoast.com\/product\/yoast-seo-wordpress\/ -->\n<title>Op zoek naar een Opel Vivaro occasion? Bekijk het aanbod!<\/title>\n<meta name=\"description\" content=\"Zoek je een betrouwbare Opel Vivaro occasion? Ontdek waarom dit model perfect bij jou past en verken de specificaties en voordelen van dit model.\" \/>\n<meta name=\"robots\" content=\"index, follow, max-snippet:-1, max-image-preview:large, max-video-preview:-1\" \/>\n<link rel=\"canonical\" href=\"https:\/\/www.vdhurk.nl\/es\/vehiculos-comerciales-vauxhall\/vivaro\/\" \/>\n<meta property=\"og:locale\" content=\"es_ES\" \/>\n<meta property=\"og:type\" content=\"article\" \/>\n<meta property=\"og:title\" content=\"Op zoek naar een Opel Vivaro occasion? Bekijk het aanbod!\" \/>\n<meta property=\"og:description\" content=\"Zoek je een betrouwbare Opel Vivaro occasion? Ontdek waarom dit model perfect bij jou past en verken de specificaties en voordelen van dit model.\" \/>\n<meta property=\"og:url\" content=\"https:\/\/www.vdhurk.nl\/es\/vehiculos-comerciales-vauxhall\/vivaro\/\" \/>\n<meta property=\"og:site_name\" content=\"Van den Hurk Bedrijfswagens\" \/>\n<meta name=\"twitter:card\" content=\"summary_large_image\" \/>\n<meta name=\"twitter:label1\" content=\"Tiempo de lectura\" \/>\n\t<meta name=\"twitter:data1\" content=\"4 minutos\" \/>\n<script type=\"application\/ld+json\" class=\"yoast-schema-graph\">{\"@context\":\"https:\/\/schema.org\",\"@graph\":[{\"@type\":\"WebPage\",\"@id\":\"https:\/\/www.vdhurk.nl\/opel-bedrijfswagens\/vivaro\/\",\"url\":\"https:\/\/www.vdhurk.nl\/opel-bedrijfswagens\/vivaro\/\",\"name\":\"Op zoek naar een Opel Vivaro occasion? Bekijk het aanbod!\",\"isPartOf\":{\"@id\":\"https:\/\/www.vdhurk.nl\/#website\"},\"datePublished\":\"2024-12-05T11:17:00+00:00\",\"description\":\"Zoek je een betrouwbare Opel Vivaro occasion? Ontdek waarom dit model perfect bij jou past en verken de specificaties en voordelen van dit model.\",\"breadcrumb\":{\"@id\":\"https:\/\/www.vdhurk.nl\/opel-bedrijfswagens\/vivaro\/#breadcrumb\"},\"inLanguage\":\"es\",\"potentialAction\":[{\"@type\":\"ReadAction\",\"target\":[\"https:\/\/www.vdhurk.nl\/opel-bedrijfswagens\/vivaro\/\"]}]},{\"@type\":\"BreadcrumbList\",\"@id\":\"https:\/\/www.vdhurk.nl\/opel-bedrijfswagens\/vivaro\/#breadcrumb\",\"itemListElement\":[{\"@type\":\"ListItem\",\"position\":1,\"name\":\"Home\",\"item\":\"https:\/\/www.vdhurk.nl\/home\/\"},{\"@type\":\"ListItem\",\"position\":2,\"name\":\"Opel Bedrijfswagens\",\"item\":\"https:\/\/www.vdhurk.nl\/opel-bedrijfswagens\/\"},{\"@type\":\"ListItem\",\"position\":3,\"name\":\"Open Vivaro\"}]},{\"@type\":\"WebSite\",\"@id\":\"https:\/\/www.vdhurk.nl\/#website\",\"url\":\"https:\/\/www.vdhurk.nl\/\",\"name\":\"Van den Hurk Bedrijfswagens\",\"description\":\"Van den Hurk bedrijfswagens Helmond\",\"potentialAction\":[{\"@type\":\"SearchAction\",\"target\":{\"@type\":\"EntryPoint\",\"urlTemplate\":\"https:\/\/www.vdhurk.nl\/?s={search_term_string}\"},\"query-input\":{\"@type\":\"PropertyValueSpecification\",\"valueRequired\":true,\"valueName\":\"search_term_string\"}}],\"inLanguage\":\"es\"}]}<\/script>\n<!-- \/ Yoast SEO plugin. -->","yoast_head_json":{"title":"\u00bfBuscas un Opel Vivaro de segunda mano? \u00a1Consulta la oferta!","description":"\u00bfBuscas un Vauxhall Vivaro de ocasi\u00f3n fiable? Descubre por qu\u00e9 este modelo es perfecto para ti y explora sus especificaciones y ventajas.","robots":{"index":"index","follow":"follow","max-snippet":"max-snippet:-1","max-image-preview":"max-image-preview:large","max-video-preview":"max-video-preview:-1"},"canonical":"https:\/\/www.vdhurk.nl\/es\/vehiculos-comerciales-vauxhall\/vivaro\/","og_locale":"es_ES","og_type":"article","og_title":"Op zoek naar een Opel Vivaro occasion? Bekijk het aanbod!","og_description":"Zoek je een betrouwbare Opel Vivaro occasion? Ontdek waarom dit model perfect bij jou past en verken de specificaties en voordelen van dit model.","og_url":"https:\/\/www.vdhurk.nl\/es\/vehiculos-comerciales-vauxhall\/vivaro\/","og_site_name":"Van den Hurk Bedrijfswagens","twitter_card":"summary_large_image","twitter_misc":{"Tiempo de lectura":"4 minutos"},"schema":{"@context":"https:\/\/schema.org","@graph":[{"@type":"WebPage","@id":"https:\/\/www.vdhurk.nl\/opel-bedrijfswagens\/vivaro\/","url":"https:\/\/www.vdhurk.nl\/opel-bedrijfswagens\/vivaro\/","name":"\u00bfBuscas un Opel Vivaro de segunda mano? \u00a1Consulta la oferta!","isPartOf":{"@id":"https:\/\/www.vdhurk.nl\/#website"},"datePublished":"2024-12-05T11:17:00+00:00","description":"\u00bfBuscas un Vauxhall Vivaro de ocasi\u00f3n fiable? Descubre por qu\u00e9 este modelo es perfecto para ti y explora sus especificaciones y ventajas.","breadcrumb":{"@id":"https:\/\/www.vdhurk.nl\/opel-bedrijfswagens\/vivaro\/#breadcrumb"},"inLanguage":"es","potentialAction":[{"@type":"ReadAction","target":["https:\/\/www.vdhurk.nl\/opel-bedrijfswagens\/vivaro\/"]}]},{"@type":"BreadcrumbList","@id":"https:\/\/www.vdhurk.nl\/opel-bedrijfswagens\/vivaro\/#breadcrumb","itemListElement":[{"@type":"ListItem","position":1,"name":"Home","item":"https:\/\/www.vdhurk.nl\/home\/"},{"@type":"ListItem","position":2,"name":"Opel Bedrijfswagens","item":"https:\/\/www.vdhurk.nl\/opel-bedrijfswagens\/"},{"@type":"ListItem","position":3,"name":"Open Vivaro"}]},{"@type":"WebSite","@id":"https:\/\/www.vdhurk.nl\/#website","url":"https:\/\/www.vdhurk.nl\/","name":"Veh\u00edculos comerciales Van den Hurk","description":"Van den Hurk veh\u00edculos comerciales Helmond","potentialAction":[{"@type":"SearchAction","target":{"@type":"EntryPoint","urlTemplate":"https:\/\/www.vdhurk.nl\/?s={search_term_string}"},"query-input":{"@type":"PropertyValueSpecification","valueRequired":true,"valueName":"search_term_string"}}],"inLanguage":"es"}]}},"_links":{"self":[{"href":"https:\/\/www.vdhurk.nl\/es\/wp-json\/wp\/v2\/pages\/422100","targetHints":{"allow":["GET"]}}],"collection":[{"href":"https:\/\/www.vdhurk.nl\/es\/wp-json\/wp\/v2\/pages"}],"about":[{"href":"https:\/\/www.vdhurk.nl\/es\/wp-json\/wp\/v2\/types\/page"}],"author":[{"embeddable":true,"href":"https:\/\/www.vdhurk.nl\/es\/wp-json\/wp\/v2\/users\/3"}],"replies":[{"embeddable":true,"href":"https:\/\/www.vdhurk.nl\/es\/wp-json\/wp\/v2\/comments?post=422100"}],"version-history":[{"count":3,"href":"https:\/\/www.vdhurk.nl\/es\/wp-json\/wp\/v2\/pages\/422100\/revisions"}],"predecessor-version":[{"id":422103,"href":"https:\/\/www.vdhurk.nl\/es\/wp-json\/wp\/v2\/pages\/422100\/revisions\/422103"}],"up":[{"embeddable":true,"href":"https:\/\/www.vdhurk.nl\/es\/wp-json\/wp\/v2\/pages\/372050"}],"wp:attachment":[{"href":"https:\/\/www.vdhurk.nl\/es\/wp-json\/wp\/v2\/media?parent=422100"}],"curies":[{"name":"wp","href":"https:\/\/api.w.org\/{rel}","templated":true}]}}